{"id":46116,"date":"2025-09-30T09:32:36","date_gmt":"2025-09-30T09:32:36","guid":{"rendered":"https:\/\/lovme.pt\/?post_type=product&#038;p=46116"},"modified":"2026-02-19T20:23:15","modified_gmt":"2026-02-19T20:23:15","slug":"satisfyer-dildo-de-silicone-dupla-ball-r-garnet","status":"publish","type":"product","link":"https:\/\/lovme.pt\/index.php\/produto\/satisfyer-dildo-de-silicone-dupla-ball-r-garnet\/","title":{"rendered":"SATISFYER &#8211; DOUBLE BALL-R DILDO SILICONA GRANATE"},"content":{"rendered":"<p>D\u00ea-se uma estimula\u00e7\u00e3o extraordin\u00e1ria com o <strong>Satisfyer Double Ball-R<\/strong> : sem vibra\u00e7\u00e3o, mas com duas bolas pesadas que fazem este vibrador anal e vaginal se mover; Cada pequeno movimento cria uma sensa\u00e7\u00e3o incomparavelmente excitante, atormentando os seus sentidos. Para maior flexibilidade, o <strong>Double Ball-R<\/strong> est\u00e1 equipado com uma ampla ventosa que pode ser fixada em todas as superf\u00edcies lisas.<\/p>\n<p> Com o <strong>Satisfyer Double Ball-R<\/strong> voc\u00ea ter\u00e1 mais que o dobro da divers\u00e3o, j\u00e1 que este vibrador \u00e9 incrivelmente vers\u00e1til, sem nenhum programa de vibra\u00e7\u00e3o. n. Gra\u00e7as \u00e0 sua base larga, voc\u00ea pode us\u00e1-lo facilmente como vibrador anal e vaginal. Com sua superf\u00edcie de silicone macia e amiga da pele, desliza suavemente sobre voc\u00ea, enquanto a estrutura da superf\u00edcie do cabelo levemente ondulado proporciona uma sensa\u00e7\u00e3o ainda mais intensa.<\/p>\n<p> Falando em intensidade: O que diferencia esse brinquedo do amor s\u00e3o as duas bolas pesadas que se movem livremente dentro do <strong>Double Ball-R<\/strong> , proporcionando sensa\u00e7\u00f5es indescrit\u00edveis a cada movimento que consegue acompanhar. ;a com as vibra\u00e7\u00f5es de outros brinquedos. Ao contr\u00e1rio dos vibradores, o ritmo \u00e9 completamente aleat\u00f3rio, dependendo da posi\u00e7\u00e3o em que voc\u00ea usa o <strong>Double Ball-R<\/strong> , portanto voc\u00ea certamente n\u00e3o ficar\u00e1 entediado!<\/p>\n<p> Al\u00e9m disso, voc\u00ea pode optar por inserir a bola na ponta ou em ambas as bolas deste vibrador de silicone de 7 polegadas, proporcionando varia\u00e7\u00e3o adicional. E voc\u00ea pode combin\u00e1-lo com outros brinquedos de amor: o que voc\u00ea n\u00e3o segura seu vibrador favorito contra o <strong>Double Ball-R<\/strong> para aumentar as vibra\u00e7\u00f5es ou, al\u00e9m disso, estimular seu clit\u00f3ris com um brinquedo Air Pulse para uma experi\u00eancia inesquec\u00edvel? As possibilidades s\u00e3o quase infinitas!<\/p>\n<p> Gra\u00e7as \u00e0 base, que n\u00e3o s\u00f3 garante seguran\u00e7a, mas tamb\u00e9m serve como ventosa, voc\u00ea tamb\u00e9m pode fixar o <strong>Satisfyer Double Ball-R<\/strong> em superf\u00edcies lisas e planas como o ch\u00e3o, deixando as m\u00e3os livres para estimula\u00e7\u00e3o adicional durante o tempo sozinho. E este vibrador com peso tamb\u00e9m pode ser usado durante o sexo com um parceiro: gra\u00e7as \u00e0 base, voc\u00ea pode inseri-lo em um arn\u00eas e entreg\u00e1-lo. Voc\u00ea dar\u00e1 ao seu parceiro uma sensa\u00e7\u00e3o que ele nunca esquecer\u00e1.<\/p>\n<p> Com acabamento \u00e0 prova d\u00e1gua, o <strong>Double Ball-R<\/strong> adora te acompanhar no chuveiro ou no banho. Ap\u00f3s o uso, o vibrador pode ser facilmente limpo. Facilmente com \u00e1gua, sab\u00e3o neutro e um pouco de limpador de brinquedos. Eleve o seu prazer a novas dimens\u00f5es com este dispositivo de bem-estar sexual lindamente projetado!<\/p>\n<\/p>\n<p> <u><strong>CARACTER\u00cdSTICAS<\/strong><\/u> :<\/p>\n<ul>\n<li> Estimula\u00e7\u00e3o vaginal ou anal usando bolas pesadas<\/li>\n<li> Base de ventosa para uso confort\u00e1vel<\/li>\n<li> Silicone amigo do corpo<\/li>\n<li> Unissex: o aparelho pode ser usado por todos os g\u00eaneros<\/li>\n<li> F\u00e1cil de limpar<\/li>\n<\/ul>\n","protected":false},"excerpt":{"rendered":"<p>SATISFYER &#8211; DILDO DE SILICONE DUPLA BALL-R GARNET<\/p>\n","protected":false},"featured_media":49543,"template":"","meta":{"_acf_changed":false},"product_brand":[],"product_cat":[17,56],"product_tag":[],"class_list":{"0":"post-46116","1":"product","2":"type-product","3":"status-publish","4":"has-post-thumbnail","6":"product_cat-brinquedos-de-bem-estar-sexual","7":"product_cat-dildos-e-arneses","8":"yith_product_brand-satisfyer","9":"yith_product_brand-satisfyer-satisfyer-plugs","11":"first","12":"instock","13":"taxable","14":"shipping-taxable","15":"purchasable","16":"product-type-variable","17":"has-default-attributes"},"acf":[],"yoast_head":"<!-- This site is optimized with the Yoast SEO plugin v27.4 - https:\/\/yoast.com\/product\/yoast-seo-wordpress\/ -->\n<title>SATISFYER - DOUBLE BALL-R DILDO SILICONA GRANATE - Lovme<\/title>\n<meta name=\"robots\" content=\"index, follow, max-snippet:-1, max-image-preview:large, max-video-preview:-1\" \/>\n<link rel=\"canonical\" href=\"https:\/\/lovme.pt\/index.php\/produto\/satisfyer-dildo-de-silicone-dupla-ball-r-garnet\/\" \/>\n<meta property=\"og:locale\" content=\"pt_PT\" \/>\n<meta property=\"og:type\" content=\"article\" \/>\n<meta property=\"og:title\" content=\"SATISFYER - DOUBLE BALL-R DILDO SILICONA GRANATE - Lovme\" \/>\n<meta property=\"og:description\" content=\"SATISFYER - DILDO DE SILICONE DUPLA BALL-R GARNET\" \/>\n<meta property=\"og:url\" content=\"https:\/\/lovme.pt\/index.php\/produto\/satisfyer-dildo-de-silicone-dupla-ball-r-garnet\/\" \/>\n<meta property=\"og:site_name\" content=\"Lovme\" \/>\n<meta property=\"article:modified_time\" content=\"2026-02-19T20:23:15+00:00\" \/>\n<meta property=\"og:image\" content=\"https:\/\/erki24nd3ub.exactdn.com\/wp-content\/uploads\/dream\/img\/img_161200_8ef73b94b359a1aee4201ac01636879a_1.jpg?strip=all\" \/>\n\t<meta property=\"og:image:width\" content=\"900\" \/>\n\t<meta property=\"og:image:height\" content=\"900\" \/>\n\t<meta property=\"og:image:type\" content=\"image\/jpeg\" \/>\n<meta name=\"twitter:card\" content=\"summary_large_image\" \/>\n<meta name=\"twitter:label1\" content=\"Tempo estimado de leitura\" \/>\n\t<meta name=\"twitter:data1\" content=\"2 minutos\" \/>\n<script type=\"application\/ld+json\" class=\"yoast-schema-graph\">{\"@context\":\"https:\\\/\\\/schema.org\",\"@graph\":[{\"@type\":\"WebPage\",\"@id\":\"https:\\\/\\\/lovme.pt\\\/index.php\\\/produto\\\/satisfyer-dildo-de-silicone-dupla-ball-r-garnet\\\/\",\"url\":\"https:\\\/\\\/lovme.pt\\\/index.php\\\/produto\\\/satisfyer-dildo-de-silicone-dupla-ball-r-garnet\\\/\",\"name\":\"SATISFYER - DOUBLE BALL-R DILDO SILICONA GRANATE - Lovme\",\"isPartOf\":{\"@id\":\"https:\\\/\\\/lovme.pt\\\/#website\"},\"primaryImageOfPage\":{\"@id\":\"https:\\\/\\\/lovme.pt\\\/index.php\\\/produto\\\/satisfyer-dildo-de-silicone-dupla-ball-r-garnet\\\/#primaryimage\"},\"image\":{\"@id\":\"https:\\\/\\\/lovme.pt\\\/index.php\\\/produto\\\/satisfyer-dildo-de-silicone-dupla-ball-r-garnet\\\/#primaryimage\"},\"thumbnailUrl\":\"https:\\\/\\\/erki24nd3ub.exactdn.com\\\/wp-content\\\/uploads\\\/dream\\\/img\\\/img_161200_8ef73b94b359a1aee4201ac01636879a_1.jpg?strip=all\",\"datePublished\":\"2025-09-30T09:32:36+00:00\",\"dateModified\":\"2026-02-19T20:23:15+00:00\",\"breadcrumb\":{\"@id\":\"https:\\\/\\\/lovme.pt\\\/index.php\\\/produto\\\/satisfyer-dildo-de-silicone-dupla-ball-r-garnet\\\/#breadcrumb\"},\"inLanguage\":\"pt-PT\",\"potentialAction\":[{\"@type\":\"ReadAction\",\"target\":[\"https:\\\/\\\/lovme.pt\\\/index.php\\\/produto\\\/satisfyer-dildo-de-silicone-dupla-ball-r-garnet\\\/\"]}]},{\"@type\":\"ImageObject\",\"inLanguage\":\"pt-PT\",\"@id\":\"https:\\\/\\\/lovme.pt\\\/index.php\\\/produto\\\/satisfyer-dildo-de-silicone-dupla-ball-r-garnet\\\/#primaryimage\",\"url\":\"https:\\\/\\\/erki24nd3ub.exactdn.com\\\/wp-content\\\/uploads\\\/dream\\\/img\\\/img_161200_8ef73b94b359a1aee4201ac01636879a_1.jpg?strip=all\",\"contentUrl\":\"https:\\\/\\\/erki24nd3ub.exactdn.com\\\/wp-content\\\/uploads\\\/dream\\\/img\\\/img_161200_8ef73b94b359a1aee4201ac01636879a_1.jpg?strip=all\",\"width\":900,\"height\":900},{\"@type\":\"BreadcrumbList\",\"@id\":\"https:\\\/\\\/lovme.pt\\\/index.php\\\/produto\\\/satisfyer-dildo-de-silicone-dupla-ball-r-garnet\\\/#breadcrumb\",\"itemListElement\":[{\"@type\":\"ListItem\",\"position\":1,\"name\":\"In\u00edcio\",\"item\":\"https:\\\/\\\/lovme.pt\\\/\"},{\"@type\":\"ListItem\",\"position\":2,\"name\":\"Loja\",\"item\":\"https:\\\/\\\/lovme.pt\\\/index.php\\\/loja\\\/\"},{\"@type\":\"ListItem\",\"position\":3,\"name\":\"SATISFYER &#8211; DOUBLE BALL-R DILDO SILICONA GRANATE\"}]},{\"@type\":\"WebSite\",\"@id\":\"https:\\\/\\\/lovme.pt\\\/#website\",\"url\":\"https:\\\/\\\/lovme.pt\\\/\",\"name\":\"Lovme Loja Er\u00f3tica N\u00ba1 em Portugal\",\"description\":\"A melhor loja er\u00f3tica de Portugal.\",\"alternateName\":\"Loja Er\u00f3tica Lovme\",\"potentialAction\":[{\"@type\":\"SearchAction\",\"target\":{\"@type\":\"EntryPoint\",\"urlTemplate\":\"https:\\\/\\\/lovme.pt\\\/?s={search_term_string}\"},\"query-input\":{\"@type\":\"PropertyValueSpecification\",\"valueRequired\":true,\"valueName\":\"search_term_string\"}}],\"inLanguage\":\"pt-PT\"}]}<\/script>\n<!-- \/ Yoast SEO plugin. -->","yoast_head_json":{"title":"SATISFYER - DOUBLE BALL-R DILDO SILICONA GRANATE - Lovme","robots":{"index":"index","follow":"follow","max-snippet":"max-snippet:-1","max-image-preview":"max-image-preview:large","max-video-preview":"max-video-preview:-1"},"canonical":"https:\/\/lovme.pt\/index.php\/produto\/satisfyer-dildo-de-silicone-dupla-ball-r-garnet\/","og_locale":"pt_PT","og_type":"article","og_title":"SATISFYER - DOUBLE BALL-R DILDO SILICONA GRANATE - Lovme","og_description":"SATISFYER - DILDO DE SILICONE DUPLA BALL-R GARNET","og_url":"https:\/\/lovme.pt\/index.php\/produto\/satisfyer-dildo-de-silicone-dupla-ball-r-garnet\/","og_site_name":"Lovme","article_modified_time":"2026-02-19T20:23:15+00:00","og_image":[{"width":900,"height":900,"url":"https:\/\/erki24nd3ub.exactdn.com\/wp-content\/uploads\/dream\/img\/img_161200_8ef73b94b359a1aee4201ac01636879a_1.jpg?strip=all","type":"image\/jpeg"}],"twitter_card":"summary_large_image","twitter_misc":{"Tempo estimado de leitura":"2 minutos"},"schema":{"@context":"https:\/\/schema.org","@graph":[{"@type":"WebPage","@id":"https:\/\/lovme.pt\/index.php\/produto\/satisfyer-dildo-de-silicone-dupla-ball-r-garnet\/","url":"https:\/\/lovme.pt\/index.php\/produto\/satisfyer-dildo-de-silicone-dupla-ball-r-garnet\/","name":"SATISFYER - DOUBLE BALL-R DILDO SILICONA GRANATE - Lovme","isPartOf":{"@id":"https:\/\/lovme.pt\/#website"},"primaryImageOfPage":{"@id":"https:\/\/lovme.pt\/index.php\/produto\/satisfyer-dildo-de-silicone-dupla-ball-r-garnet\/#primaryimage"},"image":{"@id":"https:\/\/lovme.pt\/index.php\/produto\/satisfyer-dildo-de-silicone-dupla-ball-r-garnet\/#primaryimage"},"thumbnailUrl":"https:\/\/erki24nd3ub.exactdn.com\/wp-content\/uploads\/dream\/img\/img_161200_8ef73b94b359a1aee4201ac01636879a_1.jpg?strip=all","datePublished":"2025-09-30T09:32:36+00:00","dateModified":"2026-02-19T20:23:15+00:00","breadcrumb":{"@id":"https:\/\/lovme.pt\/index.php\/produto\/satisfyer-dildo-de-silicone-dupla-ball-r-garnet\/#breadcrumb"},"inLanguage":"pt-PT","potentialAction":[{"@type":"ReadAction","target":["https:\/\/lovme.pt\/index.php\/produto\/satisfyer-dildo-de-silicone-dupla-ball-r-garnet\/"]}]},{"@type":"ImageObject","inLanguage":"pt-PT","@id":"https:\/\/lovme.pt\/index.php\/produto\/satisfyer-dildo-de-silicone-dupla-ball-r-garnet\/#primaryimage","url":"https:\/\/erki24nd3ub.exactdn.com\/wp-content\/uploads\/dream\/img\/img_161200_8ef73b94b359a1aee4201ac01636879a_1.jpg?strip=all","contentUrl":"https:\/\/erki24nd3ub.exactdn.com\/wp-content\/uploads\/dream\/img\/img_161200_8ef73b94b359a1aee4201ac01636879a_1.jpg?strip=all","width":900,"height":900},{"@type":"BreadcrumbList","@id":"https:\/\/lovme.pt\/index.php\/produto\/satisfyer-dildo-de-silicone-dupla-ball-r-garnet\/#breadcrumb","itemListElement":[{"@type":"ListItem","position":1,"name":"In\u00edcio","item":"https:\/\/lovme.pt\/"},{"@type":"ListItem","position":2,"name":"Loja","item":"https:\/\/lovme.pt\/index.php\/loja\/"},{"@type":"ListItem","position":3,"name":"SATISFYER &#8211; DOUBLE BALL-R DILDO SILICONA GRANATE"}]},{"@type":"WebSite","@id":"https:\/\/lovme.pt\/#website","url":"https:\/\/lovme.pt\/","name":"Lovme Loja Er\u00f3tica N\u00ba1 em Portugal","description":"A melhor loja er\u00f3tica de Portugal.","alternateName":"Loja Er\u00f3tica Lovme","potentialAction":[{"@type":"SearchAction","target":{"@type":"EntryPoint","urlTemplate":"https:\/\/lovme.pt\/?s={search_term_string}"},"query-input":{"@type":"PropertyValueSpecification","valueRequired":true,"valueName":"search_term_string"}}],"inLanguage":"pt-PT"}]}},"_links":{"self":[{"href":"https:\/\/lovme.pt\/index.php\/wp-json\/wp\/v2\/product\/46116","targetHints":{"allow":["GET"]}}],"collection":[{"href":"https:\/\/lovme.pt\/index.php\/wp-json\/wp\/v2\/product"}],"about":[{"href":"https:\/\/lovme.pt\/index.php\/wp-json\/wp\/v2\/types\/product"}],"wp:featuredmedia":[{"embeddable":true,"href":"https:\/\/lovme.pt\/index.php\/wp-json\/wp\/v2\/media\/49543"}],"wp:attachment":[{"href":"https:\/\/lovme.pt\/index.php\/wp-json\/wp\/v2\/media?parent=46116"}],"wp:term":[{"taxonomy":"product_brand","embeddable":true,"href":"https:\/\/lovme.pt\/index.php\/wp-json\/wp\/v2\/product_brand?post=46116"},{"taxonomy":"product_cat","embeddable":true,"href":"https:\/\/lovme.pt\/index.php\/wp-json\/wp\/v2\/product_cat?post=46116"},{"taxonomy":"product_tag","embeddable":true,"href":"https:\/\/lovme.pt\/index.php\/wp-json\/wp\/v2\/product_tag?post=46116"}],"curies":[{"name":"wp","href":"https:\/\/api.w.org\/{rel}","templated":true}]}}