{"id":46114,"date":"2025-09-30T22:10:56","date_gmt":"2025-09-30T22:10:56","guid":{"rendered":"https:\/\/lovme.pt\/?post_type=product&#038;p=46114"},"modified":"2026-02-19T20:23:19","modified_gmt":"2026-02-19T20:23:19","slug":"satisfyer-cristal-transparente-deslumbrante","status":"publish","type":"product","link":"https:\/\/lovme.pt\/index.php\/produto\/satisfyer-cristal-transparente-deslumbrante\/","title":{"rendered":"SATISFYER &#8211; DAZZLING CRYSTAL TRANSPARENTE"},"content":{"rendered":"<p>Desfrute do puro luxo e do m\u00e1ximo prazer com o <strong>Satisfyer Dazzling Crystal 1<\/strong> , um vibrador de cristal de alta qualidade que ir\u00e1 cativ\u00e1-lo. Ele ir\u00e1 agradar a voc\u00ea e aos seus pontos quentes com seu design e recursos extraordin\u00e1rios. Com suas duas texturas de superf\u00edcie emocionantes, certamente ir\u00e1 impression\u00e1-lo. aqui para lhe proporcionar intenso prazer vaginal e estimula\u00e7\u00e3o quente do ponto G: uma linda joia que vai deixar voc\u00ea excitada. completamente deslumbrado!<\/p>\n<p>Seu design e material fazem deste vibrador de vidro n\u00e3o apenas um atrativo deslumbrante, mas tamb\u00e9m um brinquedo de amor muito vers\u00e1til. Feito de vidro borossilicato s\u00f3lido de alta qualidade, o Satisfyer Dazzling Crystal 1 \u00e9 inquebr\u00e1vel e desliza suavemente sobre seu corpo e dentro de voc\u00ea.<\/p>\n<p>Voc\u00ea prefere quente ou frio? Com este vibrador de vidro da Satisfyer voc\u00ea n\u00e3o ter\u00e1 mais que escolher! Coloque-o em \u00e1gua morna antes de usar para uma experi\u00eancia agrad\u00e1vel e relaxante ou leve \u00e0 geladeira para sentir um formigamento refrescante na pele. Cada momento deste jogo de temperatura ser\u00e1 emocionante. uma experi\u00eancia emocionante para os seus sentidos!<\/p>\n<p>Al\u00e9m disso, o <strong>Satisfyer Dazzling Crystal 1<\/strong> tem dois lados concebidos para um prazer verdadeiramente deslumbrante. O eixo estimula voc\u00ea e seus pontos quentes com uma ampla estrutura estriada de um lado e uma excitante estrutura com n\u00f3s do outro.<\/p>\n<p>Quer pretenda utiliz\u00e1-lo como vibrador de ponto G ou para massagens sensuais de corpo inteiro, o <strong>Satisfyer Dazzling Crystal 1<\/strong> sabe sempre como agradar-lhe! E mais, este vibrador de vidro \u00e9 higi\u00eanico e f\u00e1cil de limpar gra\u00e7as ao material macio: um pouco de \u00e1gua, sab\u00e3o neutro e limpador de brinquedos e esta joia brilhante estar\u00e1 pronta para voc\u00ea. pronto para o pr\u00f3ximo uso m\u00e1gico!<\/p>\n<p>\u00a0<\/p>\n<p><u><strong>CARACTER\u00cdSTICAS<\/strong><\/u> :<\/p>\n<ul>\n<li>Vidro borossilicato s\u00f3lido<\/li>\n<li>Aproveite o jogo em temperaturas quentes e frias<\/li>\n<li>Desfrute da estimula\u00e7\u00e3o vaginal e do clit\u00f3ris, bem como de massagens de corpo inteiro.<\/li>\n<li>Pode ser usado em ambas as dire\u00e7\u00f5es.<\/li>\n<li>Estimula\u00e7\u00e3o sensual do ponto G<\/li>\n<li>F\u00e1cil de limpar<\/li>\n<\/ul>\n","protected":false},"excerpt":{"rendered":"<p>SATISFYER &#8211; CRISTAL TRANSPARENTE DESLUMBRANTE<\/p>\n","protected":false},"featured_media":74776,"template":"","meta":{"_acf_changed":false},"product_brand":[],"product_cat":[17,56],"product_tag":[],"class_list":{"0":"post-46114","1":"product","2":"type-product","3":"status-publish","4":"has-post-thumbnail","6":"product_cat-brinquedos-de-bem-estar-sexual","7":"product_cat-dildos-e-arneses","8":"yith_product_brand-satisfyer","9":"yith_product_brand-satisfyer-satisfyer-crystal","11":"first","12":"instock","13":"taxable","14":"shipping-taxable","15":"purchasable","16":"product-type-variable","17":"has-default-attributes"},"acf":[],"yoast_head":"<!-- This site is optimized with the Yoast SEO plugin v27.4 - https:\/\/yoast.com\/product\/yoast-seo-wordpress\/ -->\n<title>SATISFYER - DAZZLING CRYSTAL TRANSPARENTE - Lovme<\/title>\n<meta name=\"robots\" content=\"index, follow, max-snippet:-1, max-image-preview:large, max-video-preview:-1\" \/>\n<link rel=\"canonical\" href=\"https:\/\/lovme.pt\/index.php\/produto\/satisfyer-cristal-transparente-deslumbrante\/\" \/>\n<meta property=\"og:locale\" content=\"pt_PT\" \/>\n<meta property=\"og:type\" content=\"article\" \/>\n<meta property=\"og:title\" content=\"SATISFYER - DAZZLING CRYSTAL TRANSPARENTE - Lovme\" \/>\n<meta property=\"og:description\" content=\"SATISFYER - CRISTAL TRANSPARENTE DESLUMBRANTE\" \/>\n<meta property=\"og:url\" content=\"https:\/\/lovme.pt\/index.php\/produto\/satisfyer-cristal-transparente-deslumbrante\/\" \/>\n<meta property=\"og:site_name\" content=\"Lovme\" \/>\n<meta property=\"article:modified_time\" content=\"2026-02-19T20:23:19+00:00\" \/>\n<meta property=\"og:image\" content=\"https:\/\/erki24nd3ub.exactdn.com\/wp-content\/uploads\/dream\/img\/img_161193_86ce86f55198848e36266d8a8a3b606c_1.jpg?strip=all\" \/>\n\t<meta property=\"og:image:width\" content=\"900\" \/>\n\t<meta property=\"og:image:height\" content=\"900\" \/>\n\t<meta property=\"og:image:type\" content=\"image\/jpeg\" \/>\n<meta name=\"twitter:card\" content=\"summary_large_image\" \/>\n<meta name=\"twitter:label1\" content=\"Tempo estimado de leitura\" \/>\n\t<meta name=\"twitter:data1\" content=\"2 minutos\" \/>\n<script type=\"application\/ld+json\" class=\"yoast-schema-graph\">{\"@context\":\"https:\\\/\\\/schema.org\",\"@graph\":[{\"@type\":\"WebPage\",\"@id\":\"https:\\\/\\\/lovme.pt\\\/index.php\\\/produto\\\/satisfyer-cristal-transparente-deslumbrante\\\/\",\"url\":\"https:\\\/\\\/lovme.pt\\\/index.php\\\/produto\\\/satisfyer-cristal-transparente-deslumbrante\\\/\",\"name\":\"SATISFYER - DAZZLING CRYSTAL TRANSPARENTE - Lovme\",\"isPartOf\":{\"@id\":\"https:\\\/\\\/lovme.pt\\\/#website\"},\"primaryImageOfPage\":{\"@id\":\"https:\\\/\\\/lovme.pt\\\/index.php\\\/produto\\\/satisfyer-cristal-transparente-deslumbrante\\\/#primaryimage\"},\"image\":{\"@id\":\"https:\\\/\\\/lovme.pt\\\/index.php\\\/produto\\\/satisfyer-cristal-transparente-deslumbrante\\\/#primaryimage\"},\"thumbnailUrl\":\"https:\\\/\\\/erki24nd3ub.exactdn.com\\\/wp-content\\\/uploads\\\/dream\\\/img\\\/img_161193_86ce86f55198848e36266d8a8a3b606c_1.jpg?strip=all\",\"datePublished\":\"2025-09-30T22:10:56+00:00\",\"dateModified\":\"2026-02-19T20:23:19+00:00\",\"breadcrumb\":{\"@id\":\"https:\\\/\\\/lovme.pt\\\/index.php\\\/produto\\\/satisfyer-cristal-transparente-deslumbrante\\\/#breadcrumb\"},\"inLanguage\":\"pt-PT\",\"potentialAction\":[{\"@type\":\"ReadAction\",\"target\":[\"https:\\\/\\\/lovme.pt\\\/index.php\\\/produto\\\/satisfyer-cristal-transparente-deslumbrante\\\/\"]}]},{\"@type\":\"ImageObject\",\"inLanguage\":\"pt-PT\",\"@id\":\"https:\\\/\\\/lovme.pt\\\/index.php\\\/produto\\\/satisfyer-cristal-transparente-deslumbrante\\\/#primaryimage\",\"url\":\"https:\\\/\\\/erki24nd3ub.exactdn.com\\\/wp-content\\\/uploads\\\/dream\\\/img\\\/img_161193_86ce86f55198848e36266d8a8a3b606c_1.jpg?strip=all\",\"contentUrl\":\"https:\\\/\\\/erki24nd3ub.exactdn.com\\\/wp-content\\\/uploads\\\/dream\\\/img\\\/img_161193_86ce86f55198848e36266d8a8a3b606c_1.jpg?strip=all\",\"width\":900,\"height\":900},{\"@type\":\"BreadcrumbList\",\"@id\":\"https:\\\/\\\/lovme.pt\\\/index.php\\\/produto\\\/satisfyer-cristal-transparente-deslumbrante\\\/#breadcrumb\",\"itemListElement\":[{\"@type\":\"ListItem\",\"position\":1,\"name\":\"In\u00edcio\",\"item\":\"https:\\\/\\\/lovme.pt\\\/\"},{\"@type\":\"ListItem\",\"position\":2,\"name\":\"Loja\",\"item\":\"https:\\\/\\\/lovme.pt\\\/index.php\\\/loja\\\/\"},{\"@type\":\"ListItem\",\"position\":3,\"name\":\"SATISFYER &#8211; DAZZLING CRYSTAL TRANSPARENTE\"}]},{\"@type\":\"WebSite\",\"@id\":\"https:\\\/\\\/lovme.pt\\\/#website\",\"url\":\"https:\\\/\\\/lovme.pt\\\/\",\"name\":\"Lovme Loja Er\u00f3tica N\u00ba1 em Portugal\",\"description\":\"A melhor loja er\u00f3tica de Portugal.\",\"alternateName\":\"Loja Er\u00f3tica Lovme\",\"potentialAction\":[{\"@type\":\"SearchAction\",\"target\":{\"@type\":\"EntryPoint\",\"urlTemplate\":\"https:\\\/\\\/lovme.pt\\\/?s={search_term_string}\"},\"query-input\":{\"@type\":\"PropertyValueSpecification\",\"valueRequired\":true,\"valueName\":\"search_term_string\"}}],\"inLanguage\":\"pt-PT\"}]}<\/script>\n<!-- \/ Yoast SEO plugin. -->","yoast_head_json":{"title":"SATISFYER - DAZZLING CRYSTAL TRANSPARENTE - Lovme","robots":{"index":"index","follow":"follow","max-snippet":"max-snippet:-1","max-image-preview":"max-image-preview:large","max-video-preview":"max-video-preview:-1"},"canonical":"https:\/\/lovme.pt\/index.php\/produto\/satisfyer-cristal-transparente-deslumbrante\/","og_locale":"pt_PT","og_type":"article","og_title":"SATISFYER - DAZZLING CRYSTAL TRANSPARENTE - Lovme","og_description":"SATISFYER - CRISTAL TRANSPARENTE DESLUMBRANTE","og_url":"https:\/\/lovme.pt\/index.php\/produto\/satisfyer-cristal-transparente-deslumbrante\/","og_site_name":"Lovme","article_modified_time":"2026-02-19T20:23:19+00:00","og_image":[{"width":900,"height":900,"url":"https:\/\/erki24nd3ub.exactdn.com\/wp-content\/uploads\/dream\/img\/img_161193_86ce86f55198848e36266d8a8a3b606c_1.jpg?strip=all","type":"image\/jpeg"}],"twitter_card":"summary_large_image","twitter_misc":{"Tempo estimado de leitura":"2 minutos"},"schema":{"@context":"https:\/\/schema.org","@graph":[{"@type":"WebPage","@id":"https:\/\/lovme.pt\/index.php\/produto\/satisfyer-cristal-transparente-deslumbrante\/","url":"https:\/\/lovme.pt\/index.php\/produto\/satisfyer-cristal-transparente-deslumbrante\/","name":"SATISFYER - DAZZLING CRYSTAL TRANSPARENTE - Lovme","isPartOf":{"@id":"https:\/\/lovme.pt\/#website"},"primaryImageOfPage":{"@id":"https:\/\/lovme.pt\/index.php\/produto\/satisfyer-cristal-transparente-deslumbrante\/#primaryimage"},"image":{"@id":"https:\/\/lovme.pt\/index.php\/produto\/satisfyer-cristal-transparente-deslumbrante\/#primaryimage"},"thumbnailUrl":"https:\/\/erki24nd3ub.exactdn.com\/wp-content\/uploads\/dream\/img\/img_161193_86ce86f55198848e36266d8a8a3b606c_1.jpg?strip=all","datePublished":"2025-09-30T22:10:56+00:00","dateModified":"2026-02-19T20:23:19+00:00","breadcrumb":{"@id":"https:\/\/lovme.pt\/index.php\/produto\/satisfyer-cristal-transparente-deslumbrante\/#breadcrumb"},"inLanguage":"pt-PT","potentialAction":[{"@type":"ReadAction","target":["https:\/\/lovme.pt\/index.php\/produto\/satisfyer-cristal-transparente-deslumbrante\/"]}]},{"@type":"ImageObject","inLanguage":"pt-PT","@id":"https:\/\/lovme.pt\/index.php\/produto\/satisfyer-cristal-transparente-deslumbrante\/#primaryimage","url":"https:\/\/erki24nd3ub.exactdn.com\/wp-content\/uploads\/dream\/img\/img_161193_86ce86f55198848e36266d8a8a3b606c_1.jpg?strip=all","contentUrl":"https:\/\/erki24nd3ub.exactdn.com\/wp-content\/uploads\/dream\/img\/img_161193_86ce86f55198848e36266d8a8a3b606c_1.jpg?strip=all","width":900,"height":900},{"@type":"BreadcrumbList","@id":"https:\/\/lovme.pt\/index.php\/produto\/satisfyer-cristal-transparente-deslumbrante\/#breadcrumb","itemListElement":[{"@type":"ListItem","position":1,"name":"In\u00edcio","item":"https:\/\/lovme.pt\/"},{"@type":"ListItem","position":2,"name":"Loja","item":"https:\/\/lovme.pt\/index.php\/loja\/"},{"@type":"ListItem","position":3,"name":"SATISFYER &#8211; DAZZLING CRYSTAL TRANSPARENTE"}]},{"@type":"WebSite","@id":"https:\/\/lovme.pt\/#website","url":"https:\/\/lovme.pt\/","name":"Lovme Loja Er\u00f3tica N\u00ba1 em Portugal","description":"A melhor loja er\u00f3tica de Portugal.","alternateName":"Loja Er\u00f3tica Lovme","potentialAction":[{"@type":"SearchAction","target":{"@type":"EntryPoint","urlTemplate":"https:\/\/lovme.pt\/?s={search_term_string}"},"query-input":{"@type":"PropertyValueSpecification","valueRequired":true,"valueName":"search_term_string"}}],"inLanguage":"pt-PT"}]}},"_links":{"self":[{"href":"https:\/\/lovme.pt\/index.php\/wp-json\/wp\/v2\/product\/46114","targetHints":{"allow":["GET"]}}],"collection":[{"href":"https:\/\/lovme.pt\/index.php\/wp-json\/wp\/v2\/product"}],"about":[{"href":"https:\/\/lovme.pt\/index.php\/wp-json\/wp\/v2\/types\/product"}],"wp:featuredmedia":[{"embeddable":true,"href":"https:\/\/lovme.pt\/index.php\/wp-json\/wp\/v2\/media\/74776"}],"wp:attachment":[{"href":"https:\/\/lovme.pt\/index.php\/wp-json\/wp\/v2\/media?parent=46114"}],"wp:term":[{"taxonomy":"product_brand","embeddable":true,"href":"https:\/\/lovme.pt\/index.php\/wp-json\/wp\/v2\/product_brand?post=46114"},{"taxonomy":"product_cat","embeddable":true,"href":"https:\/\/lovme.pt\/index.php\/wp-json\/wp\/v2\/product_cat?post=46114"},{"taxonomy":"product_tag","embeddable":true,"href":"https:\/\/lovme.pt\/index.php\/wp-json\/wp\/v2\/product_tag?post=46114"}],"curies":[{"name":"wp","href":"https:\/\/api.w.org\/{rel}","templated":true}]}}