{"id":46112,"date":"2025-09-30T09:32:38","date_gmt":"2025-09-30T09:32:38","guid":{"rendered":"https:\/\/lovme.pt\/?post_type=product&#038;p=46112"},"modified":"2026-02-19T20:23:15","modified_gmt":"2026-02-19T20:23:15","slug":"satisfyer-dildo-de-cristal-duplo-transparente","status":"publish","type":"product","link":"https:\/\/lovme.pt\/index.php\/produto\/satisfyer-dildo-de-cristal-duplo-transparente\/","title":{"rendered":"SATISFYER &#8211; DOUBLE CRYSTAL DILDO TRANSPARENTE"},"content":{"rendered":"<p>Design \u00fanico e material de alta qualidade: Experimente puro luxo e prazer sensual incompar\u00e1vel com <strong>Satisfyer Double Crystal<\/strong> . Feito de vidro borossilicato de alta qualidade, este vibrador \u00e9 leve, seguro e extremamente vers\u00e1til. Prepare-se para a estimula\u00e7\u00e3o final!<\/p>\n<p> N\u00e3o existem vibra\u00e7\u00f5es fortes, mas as sensa\u00e7\u00f5es ainda s\u00e3o intensas: com a s\u00e9rie Satisfyer Crystal voc\u00ea pode experimentar a estimula\u00e7\u00e3o em um n\u00edvel totalmente novo. Feito de vidro borossilicato de alta qualidade, <strong>o Satisfyer Double Crystal<\/strong> \u00e9 um dispositivo sexual atraente e \u00fanico.<\/p>\n<p> O vidro borossilicato tem muitas propriedades que o tornam o material perfeito: O vidro \u00e9 especialmente est\u00e1vel e inquebr\u00e1vel, por isso tamb\u00e9m \u00e9 seguro de usar. \u00c9 tamb\u00e9m muito resistente \u00e0s influ\u00eancias externas: \u00e1cidos, produtos qu\u00edmicos, calor e frio: quase nada pode danificar o Satisfyer Double Crystal, raz\u00e3o pela qual tamb\u00e9m \u00e9 particularmente dur\u00e1vel. Calor e frio: <strong>Satisfyer Double Cristal<\/strong> \u00e9 perfeito para jogar em temperaturas frias ou quentes gra\u00e7as ao material resistente ao frio e ao calor com que \u00e9 feito. feito. Basta coloc\u00e1-lo em \u00e1gua quente antes de us\u00e1-lo para desfrutar de um calor relaxante, ou coloc\u00e1-lo na geladeira para sentir c\u00f3cegas frias e excitantes. A sensa\u00e7\u00e3o do vidro quente ou frio vai animar o seu humor. seus sentidos e lhe proporcionar\u00e1 sensa\u00e7\u00f5es ainda mais intensas.<\/p>\n<p> <strong>Satisfyer Double Crystal<\/strong> oferece o dobro do prazer j\u00e1 que cada lado tem uma textura diferente. Escolha entre a superf\u00edcie lisa de um lado para massagens suaves ou a superf\u00edcie estriada do outro para um prazer ainda mais intenso. Gra\u00e7as \u00e0 sua forma e superf\u00edcie, desliza sem esfor\u00e7o dentro de voc\u00ea e atinge todos os pontos quentes. A base larga no centro do aparelho garante uma boa ader\u00eancia na utiliza\u00e7\u00e3o e seguran\u00e7a absoluta durante o uso anal para que voc\u00ea possa se perder na lux\u00faria sem preocupa\u00e7\u00f5es. A prop\u00f3sito: al\u00e9m da estimula\u00e7\u00e3o anal e vaginal, <strong>o Satisfyer Double Crystal<\/strong> tamb\u00e9m \u00e9 adequado para massagens agrad\u00e1veis e quentes.<\/p>\n<p> Gra\u00e7as ao seu material, o vibrador de vidro \u00e9 particularmente higi\u00eanico e pode ser facilmente limpo ap\u00f3s o uso. Um pouco de \u00e1gua e sab\u00e3o ou limpador de brinquedos e o <strong>Satisfyer Double Crystal<\/strong> estar\u00e1 pronto. pronto para o pr\u00f3ximo uso. Mergulhe no mundo da dupla estimula\u00e7\u00e3o sensual!<\/p>\n<\/p>\n<p> <strong><u>CARACTER\u00cdSTICAS<\/u><\/strong> :<\/p>\n<ul>\n<li> Vidro borossilicato s\u00f3lido<\/li>\n<li> Desfrute de jogos em temperaturas quentes e frias<\/li>\n<li> Desfrute de estimula\u00e7\u00e3o vaginal, clitoriana e anal, bem como massagens de corpo inteiro<\/li>\n<li> Pode ser usado em ambos os lados<\/li>\n<li> Unissex: O dispositivo pode ser usado por pessoas de todos os sexos<\/li>\n<li> Utiliza\u00e7\u00e3o segura gra\u00e7as \u00e0 sua ampla base<\/li>\n<li> F\u00e1cil de limpar<\/li>\n<\/ul>\n","protected":false},"excerpt":{"rendered":"<p>SATISFYER &#8211; DILDO DE CRISTAL DUPLO TRANSPARENTE<\/p>\n","protected":false},"featured_media":49551,"template":"","meta":{"_acf_changed":false},"product_brand":[],"product_cat":[17,56,115],"product_tag":[],"class_list":{"0":"post-46112","1":"product","2":"type-product","3":"status-publish","4":"has-post-thumbnail","6":"product_cat-brinquedos-de-bem-estar-sexual","7":"product_cat-dildos-e-arneses","8":"product_cat-ofertas","9":"yith_product_brand-satisfyer","10":"yith_product_brand-satisfyer-satisfyer-crystal","12":"first","13":"instock","14":"taxable","15":"shipping-taxable","16":"purchasable","17":"product-type-variable","18":"has-default-attributes"},"acf":[],"yoast_head":"<!-- This site is optimized with the Yoast SEO plugin v27.4 - https:\/\/yoast.com\/product\/yoast-seo-wordpress\/ -->\n<title>SATISFYER - DOUBLE CRYSTAL DILDO TRANSPARENTE - Lovme<\/title>\n<meta name=\"robots\" content=\"index, follow, max-snippet:-1, max-image-preview:large, max-video-preview:-1\" \/>\n<link rel=\"canonical\" href=\"https:\/\/lovme.pt\/index.php\/produto\/satisfyer-dildo-de-cristal-duplo-transparente\/\" \/>\n<meta property=\"og:locale\" content=\"pt_PT\" \/>\n<meta property=\"og:type\" content=\"article\" \/>\n<meta property=\"og:title\" content=\"SATISFYER - DOUBLE CRYSTAL DILDO TRANSPARENTE - Lovme\" \/>\n<meta property=\"og:description\" content=\"SATISFYER - DILDO DE CRISTAL DUPLO TRANSPARENTE\" \/>\n<meta property=\"og:url\" content=\"https:\/\/lovme.pt\/index.php\/produto\/satisfyer-dildo-de-cristal-duplo-transparente\/\" \/>\n<meta property=\"og:site_name\" content=\"Lovme\" \/>\n<meta property=\"article:modified_time\" content=\"2026-02-19T20:23:15+00:00\" \/>\n<meta property=\"og:image\" content=\"https:\/\/erki24nd3ub.exactdn.com\/wp-content\/uploads\/dream\/img\/img_161096_725470a094ac274d43561b59e4597f6b_1.jpg?strip=all\" \/>\n\t<meta property=\"og:image:width\" content=\"900\" \/>\n\t<meta property=\"og:image:height\" content=\"900\" \/>\n\t<meta property=\"og:image:type\" content=\"image\/jpeg\" \/>\n<meta name=\"twitter:card\" content=\"summary_large_image\" \/>\n<meta name=\"twitter:label1\" content=\"Tempo estimado de leitura\" \/>\n\t<meta name=\"twitter:data1\" content=\"2 minutos\" \/>\n<script type=\"application\/ld+json\" class=\"yoast-schema-graph\">{\"@context\":\"https:\\\/\\\/schema.org\",\"@graph\":[{\"@type\":\"WebPage\",\"@id\":\"https:\\\/\\\/lovme.pt\\\/index.php\\\/produto\\\/satisfyer-dildo-de-cristal-duplo-transparente\\\/\",\"url\":\"https:\\\/\\\/lovme.pt\\\/index.php\\\/produto\\\/satisfyer-dildo-de-cristal-duplo-transparente\\\/\",\"name\":\"SATISFYER - DOUBLE CRYSTAL DILDO TRANSPARENTE - Lovme\",\"isPartOf\":{\"@id\":\"https:\\\/\\\/lovme.pt\\\/#website\"},\"primaryImageOfPage\":{\"@id\":\"https:\\\/\\\/lovme.pt\\\/index.php\\\/produto\\\/satisfyer-dildo-de-cristal-duplo-transparente\\\/#primaryimage\"},\"image\":{\"@id\":\"https:\\\/\\\/lovme.pt\\\/index.php\\\/produto\\\/satisfyer-dildo-de-cristal-duplo-transparente\\\/#primaryimage\"},\"thumbnailUrl\":\"https:\\\/\\\/erki24nd3ub.exactdn.com\\\/wp-content\\\/uploads\\\/dream\\\/img\\\/img_161096_725470a094ac274d43561b59e4597f6b_1.jpg?strip=all\",\"datePublished\":\"2025-09-30T09:32:38+00:00\",\"dateModified\":\"2026-02-19T20:23:15+00:00\",\"breadcrumb\":{\"@id\":\"https:\\\/\\\/lovme.pt\\\/index.php\\\/produto\\\/satisfyer-dildo-de-cristal-duplo-transparente\\\/#breadcrumb\"},\"inLanguage\":\"pt-PT\",\"potentialAction\":[{\"@type\":\"ReadAction\",\"target\":[\"https:\\\/\\\/lovme.pt\\\/index.php\\\/produto\\\/satisfyer-dildo-de-cristal-duplo-transparente\\\/\"]}]},{\"@type\":\"ImageObject\",\"inLanguage\":\"pt-PT\",\"@id\":\"https:\\\/\\\/lovme.pt\\\/index.php\\\/produto\\\/satisfyer-dildo-de-cristal-duplo-transparente\\\/#primaryimage\",\"url\":\"https:\\\/\\\/erki24nd3ub.exactdn.com\\\/wp-content\\\/uploads\\\/dream\\\/img\\\/img_161096_725470a094ac274d43561b59e4597f6b_1.jpg?strip=all\",\"contentUrl\":\"https:\\\/\\\/erki24nd3ub.exactdn.com\\\/wp-content\\\/uploads\\\/dream\\\/img\\\/img_161096_725470a094ac274d43561b59e4597f6b_1.jpg?strip=all\",\"width\":900,\"height\":900},{\"@type\":\"BreadcrumbList\",\"@id\":\"https:\\\/\\\/lovme.pt\\\/index.php\\\/produto\\\/satisfyer-dildo-de-cristal-duplo-transparente\\\/#breadcrumb\",\"itemListElement\":[{\"@type\":\"ListItem\",\"position\":1,\"name\":\"In\u00edcio\",\"item\":\"https:\\\/\\\/lovme.pt\\\/\"},{\"@type\":\"ListItem\",\"position\":2,\"name\":\"Loja\",\"item\":\"https:\\\/\\\/lovme.pt\\\/index.php\\\/loja\\\/\"},{\"@type\":\"ListItem\",\"position\":3,\"name\":\"SATISFYER &#8211; DOUBLE CRYSTAL DILDO TRANSPARENTE\"}]},{\"@type\":\"WebSite\",\"@id\":\"https:\\\/\\\/lovme.pt\\\/#website\",\"url\":\"https:\\\/\\\/lovme.pt\\\/\",\"name\":\"Lovme Loja Er\u00f3tica N\u00ba1 em Portugal\",\"description\":\"A melhor loja er\u00f3tica de Portugal.\",\"alternateName\":\"Loja Er\u00f3tica Lovme\",\"potentialAction\":[{\"@type\":\"SearchAction\",\"target\":{\"@type\":\"EntryPoint\",\"urlTemplate\":\"https:\\\/\\\/lovme.pt\\\/?s={search_term_string}\"},\"query-input\":{\"@type\":\"PropertyValueSpecification\",\"valueRequired\":true,\"valueName\":\"search_term_string\"}}],\"inLanguage\":\"pt-PT\"}]}<\/script>\n<!-- \/ Yoast SEO plugin. -->","yoast_head_json":{"title":"SATISFYER - DOUBLE CRYSTAL DILDO TRANSPARENTE - Lovme","robots":{"index":"index","follow":"follow","max-snippet":"max-snippet:-1","max-image-preview":"max-image-preview:large","max-video-preview":"max-video-preview:-1"},"canonical":"https:\/\/lovme.pt\/index.php\/produto\/satisfyer-dildo-de-cristal-duplo-transparente\/","og_locale":"pt_PT","og_type":"article","og_title":"SATISFYER - DOUBLE CRYSTAL DILDO TRANSPARENTE - Lovme","og_description":"SATISFYER - DILDO DE CRISTAL DUPLO TRANSPARENTE","og_url":"https:\/\/lovme.pt\/index.php\/produto\/satisfyer-dildo-de-cristal-duplo-transparente\/","og_site_name":"Lovme","article_modified_time":"2026-02-19T20:23:15+00:00","og_image":[{"width":900,"height":900,"url":"https:\/\/erki24nd3ub.exactdn.com\/wp-content\/uploads\/dream\/img\/img_161096_725470a094ac274d43561b59e4597f6b_1.jpg?strip=all","type":"image\/jpeg"}],"twitter_card":"summary_large_image","twitter_misc":{"Tempo estimado de leitura":"2 minutos"},"schema":{"@context":"https:\/\/schema.org","@graph":[{"@type":"WebPage","@id":"https:\/\/lovme.pt\/index.php\/produto\/satisfyer-dildo-de-cristal-duplo-transparente\/","url":"https:\/\/lovme.pt\/index.php\/produto\/satisfyer-dildo-de-cristal-duplo-transparente\/","name":"SATISFYER - DOUBLE CRYSTAL DILDO TRANSPARENTE - Lovme","isPartOf":{"@id":"https:\/\/lovme.pt\/#website"},"primaryImageOfPage":{"@id":"https:\/\/lovme.pt\/index.php\/produto\/satisfyer-dildo-de-cristal-duplo-transparente\/#primaryimage"},"image":{"@id":"https:\/\/lovme.pt\/index.php\/produto\/satisfyer-dildo-de-cristal-duplo-transparente\/#primaryimage"},"thumbnailUrl":"https:\/\/erki24nd3ub.exactdn.com\/wp-content\/uploads\/dream\/img\/img_161096_725470a094ac274d43561b59e4597f6b_1.jpg?strip=all","datePublished":"2025-09-30T09:32:38+00:00","dateModified":"2026-02-19T20:23:15+00:00","breadcrumb":{"@id":"https:\/\/lovme.pt\/index.php\/produto\/satisfyer-dildo-de-cristal-duplo-transparente\/#breadcrumb"},"inLanguage":"pt-PT","potentialAction":[{"@type":"ReadAction","target":["https:\/\/lovme.pt\/index.php\/produto\/satisfyer-dildo-de-cristal-duplo-transparente\/"]}]},{"@type":"ImageObject","inLanguage":"pt-PT","@id":"https:\/\/lovme.pt\/index.php\/produto\/satisfyer-dildo-de-cristal-duplo-transparente\/#primaryimage","url":"https:\/\/erki24nd3ub.exactdn.com\/wp-content\/uploads\/dream\/img\/img_161096_725470a094ac274d43561b59e4597f6b_1.jpg?strip=all","contentUrl":"https:\/\/erki24nd3ub.exactdn.com\/wp-content\/uploads\/dream\/img\/img_161096_725470a094ac274d43561b59e4597f6b_1.jpg?strip=all","width":900,"height":900},{"@type":"BreadcrumbList","@id":"https:\/\/lovme.pt\/index.php\/produto\/satisfyer-dildo-de-cristal-duplo-transparente\/#breadcrumb","itemListElement":[{"@type":"ListItem","position":1,"name":"In\u00edcio","item":"https:\/\/lovme.pt\/"},{"@type":"ListItem","position":2,"name":"Loja","item":"https:\/\/lovme.pt\/index.php\/loja\/"},{"@type":"ListItem","position":3,"name":"SATISFYER &#8211; DOUBLE CRYSTAL DILDO TRANSPARENTE"}]},{"@type":"WebSite","@id":"https:\/\/lovme.pt\/#website","url":"https:\/\/lovme.pt\/","name":"Lovme Loja Er\u00f3tica N\u00ba1 em Portugal","description":"A melhor loja er\u00f3tica de Portugal.","alternateName":"Loja Er\u00f3tica Lovme","potentialAction":[{"@type":"SearchAction","target":{"@type":"EntryPoint","urlTemplate":"https:\/\/lovme.pt\/?s={search_term_string}"},"query-input":{"@type":"PropertyValueSpecification","valueRequired":true,"valueName":"search_term_string"}}],"inLanguage":"pt-PT"}]}},"_links":{"self":[{"href":"https:\/\/lovme.pt\/index.php\/wp-json\/wp\/v2\/product\/46112","targetHints":{"allow":["GET"]}}],"collection":[{"href":"https:\/\/lovme.pt\/index.php\/wp-json\/wp\/v2\/product"}],"about":[{"href":"https:\/\/lovme.pt\/index.php\/wp-json\/wp\/v2\/types\/product"}],"wp:featuredmedia":[{"embeddable":true,"href":"https:\/\/lovme.pt\/index.php\/wp-json\/wp\/v2\/media\/49551"}],"wp:attachment":[{"href":"https:\/\/lovme.pt\/index.php\/wp-json\/wp\/v2\/media?parent=46112"}],"wp:term":[{"taxonomy":"product_brand","embeddable":true,"href":"https:\/\/lovme.pt\/index.php\/wp-json\/wp\/v2\/product_brand?post=46112"},{"taxonomy":"product_cat","embeddable":true,"href":"https:\/\/lovme.pt\/index.php\/wp-json\/wp\/v2\/product_cat?post=46112"},{"taxonomy":"product_tag","embeddable":true,"href":"https:\/\/lovme.pt\/index.php\/wp-json\/wp\/v2\/product_tag?post=46112"}],"curies":[{"name":"wp","href":"https:\/\/api.w.org\/{rel}","templated":true}]}}