{"id":46103,"date":"2025-09-30T20:47:07","date_gmt":"2025-09-30T20:47:07","guid":{"rendered":"https:\/\/lovme.pt\/?post_type=product&#038;p=46103"},"modified":"2026-02-19T20:23:18","modified_gmt":"2026-02-19T20:23:18","slug":"satisfyer-vibrador-de-pulso-de-ar-verde-cloud-dancer","status":"publish","type":"product","link":"https:\/\/lovme.pt\/index.php\/produto\/satisfyer-vibrador-de-pulso-de-ar-verde-cloud-dancer\/","title":{"rendered":"SATISFYER &#8211; CLOUD DANCER VERDE VIBRADOR AIR"},"content":{"rendered":"<p>Voce \u00e9 romantico? Voc\u00ea precisa de luz de velas e m\u00fasica suave? Ent\u00e3o o Satisfyer Cloud Dancer \u00e9 o brinquedo de prazer perfeito para voc\u00ea! Este ador\u00e1vel vibrador de ondas de press\u00e3o com a inovadora tecnologia Air Pulse da Satisfyer tem um visual \u00fanico e sonhador: a camada externa transparente feita de silicone macio, as curvas hapticamente atraentes e o encantador design de nuvem s\u00e3o simplesmente lindos para se apaixonar. . Isto torna-o n\u00e3o s\u00f3 a escolha perfeita para todos os rom\u00e2nticos desesperados, mas tamb\u00e9m o presente ideal para apresentar a algu\u00e9m a gama Satisfyer de vibradores Double Air Pulse.<br \/>O Cloud Dancer foi lindamente projetado porque, como todos sabemos, a apresenta\u00e7\u00e3o \u00e9 importante. Mas o que ir\u00e1 satisfaz\u00ea-lo s\u00e3o as vantagens internas do vibrador: 11 intensidades de ondas de press\u00e3o e 12 programas de vibra\u00e7\u00e3o podem ser combinados como desejar. A estimula\u00e7\u00e3o do clit\u00f3ris sem contato combinada com vibra\u00e7\u00f5es emocionantes \u00e9 um prazer n\u00e3o apenas para brincar sozinho. Gra\u00e7as ao seu tamanho compacto e design encantador, o Cloud Dancer tamb\u00e9m \u00e9 absolutamente adequado para momentos \u00edntimos a dois, mesmo na banheira ou no duche, gra\u00e7as ao seu acabamento \u00e0 prova de \u00e1gua (IPX7). O ador\u00e1vel vibrador Air Pulse \u00e9 feito de silicone higi\u00eanico e adequado para a pele e pode ser facilmente limpo com limpador de brinquedos ou \u00e1gua morna e sab\u00e3o neutro. O cabo de carregamento USB inclu\u00eddo d\u00e1 ao seu amigo rom\u00e2ntico energia total repetidas vezes. Deixe-se seduzir e desfrute de momentos prazerosos e sensuais com o ador\u00e1vel Satisfyer Cloud Dancer!<\/p>\n<p><u><strong>Caracter\u00edsticas:<\/strong><\/u><\/p>\n<ul>\n<li>15 anos de garantia<\/li>\n<li>Estimula\u00e7\u00e3o do clit\u00f3ris por meio de ondas de press\u00e3o e vibra\u00e7\u00e3o.<\/li>\n<li>Silicone amigo do corpo<\/li>\n<li>Resistente \u00e0 \u00e1gua (IPX7)<\/li>\n<li>11 intensidades de ondas de press\u00e3o + 12 configura\u00e7\u00f5es de vibra\u00e7\u00e3o<\/li>\n<li>2 motores controlados de forma independente<\/li>\n<li>modo sussurro<\/li>\n<li>F\u00e1cil de limpar<\/li>\n<li>Bateria recarreg\u00e1vel de \u00edon de l\u00edtio.<\/li>\n<li>Cabo de carregamento USB magn\u00e9tico inclu\u00eddo<\/li>\n<\/ul>\n<p>\u00a0<\/p>\n","protected":false},"excerpt":{"rendered":"<p>SATISFYER &#8211; VIBRADOR DE PULSO DE AR VERDE CLOUD DANCER<\/p>\n","protected":false},"featured_media":72648,"template":"","meta":{"_acf_changed":false},"product_brand":[],"product_cat":[17,115,61,76],"product_tag":[],"class_list":{"0":"post-46103","1":"product","2":"type-product","3":"status-publish","4":"has-post-thumbnail","6":"product_cat-brinquedos-de-bem-estar-sexual","7":"product_cat-ofertas","8":"product_cat-para-elas","9":"product_cat-vibradores","10":"yith_product_brand-satisfyer","11":"yith_product_brand-satisfyer-satisfyer-air-pulse","13":"first","14":"instock","15":"taxable","16":"shipping-taxable","17":"purchasable","18":"product-type-variable","19":"has-default-attributes"},"acf":[],"yoast_head":"<!-- This site is optimized with the Yoast SEO plugin v27.4 - https:\/\/yoast.com\/product\/yoast-seo-wordpress\/ -->\n<title>SATISFYER - CLOUD DANCER VERDE VIBRADOR AIR - Lovme<\/title>\n<meta name=\"robots\" content=\"index, follow, max-snippet:-1, max-image-preview:large, max-video-preview:-1\" \/>\n<link rel=\"canonical\" href=\"https:\/\/lovme.pt\/index.php\/produto\/satisfyer-vibrador-de-pulso-de-ar-verde-cloud-dancer\/\" \/>\n<meta property=\"og:locale\" content=\"pt_PT\" \/>\n<meta property=\"og:type\" content=\"article\" \/>\n<meta property=\"og:title\" content=\"SATISFYER - CLOUD DANCER VERDE VIBRADOR AIR - Lovme\" \/>\n<meta property=\"og:description\" content=\"SATISFYER - VIBRADOR DE PULSO DE AR VERDE CLOUD DANCER\" \/>\n<meta property=\"og:url\" content=\"https:\/\/lovme.pt\/index.php\/produto\/satisfyer-vibrador-de-pulso-de-ar-verde-cloud-dancer\/\" \/>\n<meta property=\"og:site_name\" content=\"Lovme\" \/>\n<meta property=\"article:modified_time\" content=\"2026-02-19T20:23:18+00:00\" \/>\n<meta property=\"og:image\" content=\"https:\/\/erki24nd3ub.exactdn.com\/wp-content\/uploads\/dream\/img\/img_161082_f2eeb06c7fe1801d153dfb5b470add91_1.jpg?strip=all\" \/>\n\t<meta property=\"og:image:width\" content=\"800\" \/>\n\t<meta property=\"og:image:height\" content=\"800\" \/>\n\t<meta property=\"og:image:type\" content=\"image\/jpeg\" \/>\n<meta name=\"twitter:card\" content=\"summary_large_image\" \/>\n<meta name=\"twitter:label1\" content=\"Tempo estimado de leitura\" \/>\n\t<meta name=\"twitter:data1\" content=\"2 minutos\" \/>\n<script type=\"application\/ld+json\" class=\"yoast-schema-graph\">{\"@context\":\"https:\\\/\\\/schema.org\",\"@graph\":[{\"@type\":\"WebPage\",\"@id\":\"https:\\\/\\\/lovme.pt\\\/index.php\\\/produto\\\/satisfyer-vibrador-de-pulso-de-ar-verde-cloud-dancer\\\/\",\"url\":\"https:\\\/\\\/lovme.pt\\\/index.php\\\/produto\\\/satisfyer-vibrador-de-pulso-de-ar-verde-cloud-dancer\\\/\",\"name\":\"SATISFYER - CLOUD DANCER VERDE VIBRADOR AIR - Lovme\",\"isPartOf\":{\"@id\":\"https:\\\/\\\/lovme.pt\\\/#website\"},\"primaryImageOfPage\":{\"@id\":\"https:\\\/\\\/lovme.pt\\\/index.php\\\/produto\\\/satisfyer-vibrador-de-pulso-de-ar-verde-cloud-dancer\\\/#primaryimage\"},\"image\":{\"@id\":\"https:\\\/\\\/lovme.pt\\\/index.php\\\/produto\\\/satisfyer-vibrador-de-pulso-de-ar-verde-cloud-dancer\\\/#primaryimage\"},\"thumbnailUrl\":\"https:\\\/\\\/erki24nd3ub.exactdn.com\\\/wp-content\\\/uploads\\\/dream\\\/img\\\/img_161082_f2eeb06c7fe1801d153dfb5b470add91_1.jpg?strip=all\",\"datePublished\":\"2025-09-30T20:47:07+00:00\",\"dateModified\":\"2026-02-19T20:23:18+00:00\",\"breadcrumb\":{\"@id\":\"https:\\\/\\\/lovme.pt\\\/index.php\\\/produto\\\/satisfyer-vibrador-de-pulso-de-ar-verde-cloud-dancer\\\/#breadcrumb\"},\"inLanguage\":\"pt-PT\",\"potentialAction\":[{\"@type\":\"ReadAction\",\"target\":[\"https:\\\/\\\/lovme.pt\\\/index.php\\\/produto\\\/satisfyer-vibrador-de-pulso-de-ar-verde-cloud-dancer\\\/\"]}]},{\"@type\":\"ImageObject\",\"inLanguage\":\"pt-PT\",\"@id\":\"https:\\\/\\\/lovme.pt\\\/index.php\\\/produto\\\/satisfyer-vibrador-de-pulso-de-ar-verde-cloud-dancer\\\/#primaryimage\",\"url\":\"https:\\\/\\\/erki24nd3ub.exactdn.com\\\/wp-content\\\/uploads\\\/dream\\\/img\\\/img_161082_f2eeb06c7fe1801d153dfb5b470add91_1.jpg?strip=all\",\"contentUrl\":\"https:\\\/\\\/erki24nd3ub.exactdn.com\\\/wp-content\\\/uploads\\\/dream\\\/img\\\/img_161082_f2eeb06c7fe1801d153dfb5b470add91_1.jpg?strip=all\",\"width\":800,\"height\":800},{\"@type\":\"BreadcrumbList\",\"@id\":\"https:\\\/\\\/lovme.pt\\\/index.php\\\/produto\\\/satisfyer-vibrador-de-pulso-de-ar-verde-cloud-dancer\\\/#breadcrumb\",\"itemListElement\":[{\"@type\":\"ListItem\",\"position\":1,\"name\":\"In\u00edcio\",\"item\":\"https:\\\/\\\/lovme.pt\\\/\"},{\"@type\":\"ListItem\",\"position\":2,\"name\":\"Loja\",\"item\":\"https:\\\/\\\/lovme.pt\\\/index.php\\\/loja\\\/\"},{\"@type\":\"ListItem\",\"position\":3,\"name\":\"SATISFYER &#8211; CLOUD DANCER VERDE VIBRADOR AIR\"}]},{\"@type\":\"WebSite\",\"@id\":\"https:\\\/\\\/lovme.pt\\\/#website\",\"url\":\"https:\\\/\\\/lovme.pt\\\/\",\"name\":\"Lovme Loja Er\u00f3tica N\u00ba1 em Portugal\",\"description\":\"A melhor loja er\u00f3tica de Portugal.\",\"alternateName\":\"Loja Er\u00f3tica Lovme\",\"potentialAction\":[{\"@type\":\"SearchAction\",\"target\":{\"@type\":\"EntryPoint\",\"urlTemplate\":\"https:\\\/\\\/lovme.pt\\\/?s={search_term_string}\"},\"query-input\":{\"@type\":\"PropertyValueSpecification\",\"valueRequired\":true,\"valueName\":\"search_term_string\"}}],\"inLanguage\":\"pt-PT\"}]}<\/script>\n<!-- \/ Yoast SEO plugin. -->","yoast_head_json":{"title":"SATISFYER - CLOUD DANCER VERDE VIBRADOR AIR - Lovme","robots":{"index":"index","follow":"follow","max-snippet":"max-snippet:-1","max-image-preview":"max-image-preview:large","max-video-preview":"max-video-preview:-1"},"canonical":"https:\/\/lovme.pt\/index.php\/produto\/satisfyer-vibrador-de-pulso-de-ar-verde-cloud-dancer\/","og_locale":"pt_PT","og_type":"article","og_title":"SATISFYER - CLOUD DANCER VERDE VIBRADOR AIR - Lovme","og_description":"SATISFYER - VIBRADOR DE PULSO DE AR VERDE CLOUD DANCER","og_url":"https:\/\/lovme.pt\/index.php\/produto\/satisfyer-vibrador-de-pulso-de-ar-verde-cloud-dancer\/","og_site_name":"Lovme","article_modified_time":"2026-02-19T20:23:18+00:00","og_image":[{"width":800,"height":800,"url":"https:\/\/erki24nd3ub.exactdn.com\/wp-content\/uploads\/dream\/img\/img_161082_f2eeb06c7fe1801d153dfb5b470add91_1.jpg?strip=all","type":"image\/jpeg"}],"twitter_card":"summary_large_image","twitter_misc":{"Tempo estimado de leitura":"2 minutos"},"schema":{"@context":"https:\/\/schema.org","@graph":[{"@type":"WebPage","@id":"https:\/\/lovme.pt\/index.php\/produto\/satisfyer-vibrador-de-pulso-de-ar-verde-cloud-dancer\/","url":"https:\/\/lovme.pt\/index.php\/produto\/satisfyer-vibrador-de-pulso-de-ar-verde-cloud-dancer\/","name":"SATISFYER - CLOUD DANCER VERDE VIBRADOR AIR - Lovme","isPartOf":{"@id":"https:\/\/lovme.pt\/#website"},"primaryImageOfPage":{"@id":"https:\/\/lovme.pt\/index.php\/produto\/satisfyer-vibrador-de-pulso-de-ar-verde-cloud-dancer\/#primaryimage"},"image":{"@id":"https:\/\/lovme.pt\/index.php\/produto\/satisfyer-vibrador-de-pulso-de-ar-verde-cloud-dancer\/#primaryimage"},"thumbnailUrl":"https:\/\/erki24nd3ub.exactdn.com\/wp-content\/uploads\/dream\/img\/img_161082_f2eeb06c7fe1801d153dfb5b470add91_1.jpg?strip=all","datePublished":"2025-09-30T20:47:07+00:00","dateModified":"2026-02-19T20:23:18+00:00","breadcrumb":{"@id":"https:\/\/lovme.pt\/index.php\/produto\/satisfyer-vibrador-de-pulso-de-ar-verde-cloud-dancer\/#breadcrumb"},"inLanguage":"pt-PT","potentialAction":[{"@type":"ReadAction","target":["https:\/\/lovme.pt\/index.php\/produto\/satisfyer-vibrador-de-pulso-de-ar-verde-cloud-dancer\/"]}]},{"@type":"ImageObject","inLanguage":"pt-PT","@id":"https:\/\/lovme.pt\/index.php\/produto\/satisfyer-vibrador-de-pulso-de-ar-verde-cloud-dancer\/#primaryimage","url":"https:\/\/erki24nd3ub.exactdn.com\/wp-content\/uploads\/dream\/img\/img_161082_f2eeb06c7fe1801d153dfb5b470add91_1.jpg?strip=all","contentUrl":"https:\/\/erki24nd3ub.exactdn.com\/wp-content\/uploads\/dream\/img\/img_161082_f2eeb06c7fe1801d153dfb5b470add91_1.jpg?strip=all","width":800,"height":800},{"@type":"BreadcrumbList","@id":"https:\/\/lovme.pt\/index.php\/produto\/satisfyer-vibrador-de-pulso-de-ar-verde-cloud-dancer\/#breadcrumb","itemListElement":[{"@type":"ListItem","position":1,"name":"In\u00edcio","item":"https:\/\/lovme.pt\/"},{"@type":"ListItem","position":2,"name":"Loja","item":"https:\/\/lovme.pt\/index.php\/loja\/"},{"@type":"ListItem","position":3,"name":"SATISFYER &#8211; CLOUD DANCER VERDE VIBRADOR AIR"}]},{"@type":"WebSite","@id":"https:\/\/lovme.pt\/#website","url":"https:\/\/lovme.pt\/","name":"Lovme Loja Er\u00f3tica N\u00ba1 em Portugal","description":"A melhor loja er\u00f3tica de Portugal.","alternateName":"Loja Er\u00f3tica Lovme","potentialAction":[{"@type":"SearchAction","target":{"@type":"EntryPoint","urlTemplate":"https:\/\/lovme.pt\/?s={search_term_string}"},"query-input":{"@type":"PropertyValueSpecification","valueRequired":true,"valueName":"search_term_string"}}],"inLanguage":"pt-PT"}]}},"_links":{"self":[{"href":"https:\/\/lovme.pt\/index.php\/wp-json\/wp\/v2\/product\/46103","targetHints":{"allow":["GET"]}}],"collection":[{"href":"https:\/\/lovme.pt\/index.php\/wp-json\/wp\/v2\/product"}],"about":[{"href":"https:\/\/lovme.pt\/index.php\/wp-json\/wp\/v2\/types\/product"}],"wp:featuredmedia":[{"embeddable":true,"href":"https:\/\/lovme.pt\/index.php\/wp-json\/wp\/v2\/media\/72648"}],"wp:attachment":[{"href":"https:\/\/lovme.pt\/index.php\/wp-json\/wp\/v2\/media?parent=46103"}],"wp:term":[{"taxonomy":"product_brand","embeddable":true,"href":"https:\/\/lovme.pt\/index.php\/wp-json\/wp\/v2\/product_brand?post=46103"},{"taxonomy":"product_cat","embeddable":true,"href":"https:\/\/lovme.pt\/index.php\/wp-json\/wp\/v2\/product_cat?post=46103"},{"taxonomy":"product_tag","embeddable":true,"href":"https:\/\/lovme.pt\/index.php\/wp-json\/wp\/v2\/product_tag?post=46103"}],"curies":[{"name":"wp","href":"https:\/\/api.w.org\/{rel}","templated":true}]}}