{"id":46100,"date":"2025-10-01T02:31:52","date_gmt":"2025-10-01T02:31:52","guid":{"rendered":"https:\/\/lovme.pt\/?post_type=product&#038;p=46100"},"modified":"2026-02-19T20:23:29","modified_gmt":"2026-02-19T20:23:29","slug":"satisfyer-triple-lover-rabbit-vibrador-massager-rosa","status":"publish","type":"product","link":"https:\/\/lovme.pt\/index.php\/produto\/satisfyer-triple-lover-rabbit-vibrador-massager-rosa\/","title":{"rendered":"SATISFYER &#8211; TRIPLE LOVER MASAJEADOR VIBRADOR RABBIT ROSA"},"content":{"rendered":"<p>Tr\u00eas motores alimentam as duas fun\u00e7\u00f5es do <strong>Satisfyer Triple Lover<\/strong> de silicone com muita pot\u00eancia. O vibrador pode ser usado como tipo coelho para estimula\u00e7\u00e3o sincronizada do ponto G e clit\u00f3ris ou como massageador para massagens de corpo inteiro.<\/p>\n<p> Tr\u00eas vezes mais amor? Sim por favor! Gra\u00e7as aos seus 3 motores potentes, o vers\u00e1til <strong>Triple Lover<\/strong> pode ser usado como um vibrador tipo coelho para excitar o ponto G e o clit\u00f3ris ou usar a extremidade oposta como varinha de massagem. p><\/p>\n<p> A varinha de massagem \u00e9 ideal para massagear todo o corpo ou explorar qualquer zona er\u00f3gena. <strong>Triple Lover<\/strong> , um produto mais para os mais experientes, levar\u00e1 sua experi\u00eancia de prazer a novos n\u00edveis. Tanto a al\u00e7a quanto a cabe\u00e7a de massagem s\u00e3o ligeiramente flex\u00edveis, mas permanecem firmemente no lugar para facilitar o manuseio.<\/p>\n<p> O formato redondo e a cabe\u00e7a de massagem cl\u00e1ssica proporcionam um prazer exemplar com um toque especial. A cabe\u00e7a de massagem inclui um estojo de silicone, perfeito para viagens e armazenamento higi\u00eanico. Remova a tampa antes de usar o Triple Lover internamente.<\/p>\n<p> Com 3 motores potentes, voc\u00ea pode controlar separadamente os motores do vibrador coelho e o motor da varinha de massagem. Use os bot\u00f5es +\/- para controlar os 12 programas de vibra\u00e7\u00e3o do coelho e o bot\u00e3o  para controlar os 12 programas de vibra\u00e7\u00e3o adicionais da varinha de massagem. Triple Lover \u00e9 feito de silicone seguro para o corpo, \u00e9 recarreg\u00e1vel e \u00e0 prova d\u00e1gua (IPX7). Receba um pouco de amor!<\/p>\n<\/p>\n<p> <strong><u>CARACTER\u00cdSTICAS<\/u><\/strong> :<\/p>\n<ul>\n<li> 2 em 1: massageador e vibrador de coelho<\/li>\n<li> Estimula\u00e7\u00e3o do clit\u00f3ris e do ponto G<\/li>\n<li> Massagem estimulante de corpo inteiro<\/li>\n<li> Silicone amigo do corpo<\/li>\n<li> 3 motores com controle independente<\/li>\n<li> \u00c0 prova d\u00e1gua (IPX7)<\/li>\n<li> Modo sussurro<\/li>\n<li> Bateria de \u00edon de l\u00edtio<\/li>\n<li> F\u00e1cil de limpar<\/li>\n<li> Cabo de carregamento magn\u00e9tico USB inclu\u00eddo<\/li>\n<\/ul>\n","protected":false},"excerpt":{"rendered":"<p>SATISFYER &#8211; TRIPLE LOVER RABBIT VIBRADOR MASSAGER ROSA<\/p>\n","protected":false},"featured_media":97473,"template":"","meta":{"_acf_changed":false},"product_brand":[],"product_cat":[17,76],"product_tag":[],"class_list":{"0":"post-46100","1":"product","2":"type-product","3":"status-publish","4":"has-post-thumbnail","6":"product_cat-brinquedos-de-bem-estar-sexual","7":"product_cat-vibradores","8":"yith_product_brand-satisfyer","9":"yith_product_brand-satisfyer-satisfyer-vibrator","11":"first","12":"instock","13":"taxable","14":"shipping-taxable","15":"purchasable","16":"product-type-variable","17":"has-default-attributes"},"acf":[],"yoast_head":"<!-- This site is optimized with the Yoast SEO plugin v27.4 - https:\/\/yoast.com\/product\/yoast-seo-wordpress\/ -->\n<title>SATISFYER - TRIPLE LOVER MASAJEADOR VIBRADOR RABBIT ROSA - Lovme<\/title>\n<meta name=\"robots\" content=\"index, follow, max-snippet:-1, max-image-preview:large, max-video-preview:-1\" \/>\n<link rel=\"canonical\" href=\"https:\/\/lovme.pt\/index.php\/produto\/satisfyer-triple-lover-rabbit-vibrador-massager-rosa\/\" \/>\n<meta property=\"og:locale\" content=\"pt_PT\" \/>\n<meta property=\"og:type\" content=\"article\" \/>\n<meta property=\"og:title\" content=\"SATISFYER - TRIPLE LOVER MASAJEADOR VIBRADOR RABBIT ROSA - Lovme\" \/>\n<meta property=\"og:description\" content=\"SATISFYER - TRIPLE LOVER RABBIT VIBRADOR MASSAGER ROSA\" \/>\n<meta property=\"og:url\" content=\"https:\/\/lovme.pt\/index.php\/produto\/satisfyer-triple-lover-rabbit-vibrador-massager-rosa\/\" \/>\n<meta property=\"og:site_name\" content=\"Lovme\" \/>\n<meta property=\"article:modified_time\" content=\"2026-02-19T20:23:29+00:00\" \/>\n<meta property=\"og:image\" content=\"https:\/\/erki24nd3ub.exactdn.com\/wp-content\/uploads\/dream\/img\/img_161025_828c5402bff1b768b4fbe3dff850a6c7_1.jpg?strip=all\" \/>\n\t<meta property=\"og:image:width\" content=\"900\" \/>\n\t<meta property=\"og:image:height\" content=\"900\" \/>\n\t<meta property=\"og:image:type\" content=\"image\/jpeg\" \/>\n<meta name=\"twitter:card\" content=\"summary_large_image\" \/>\n<meta name=\"twitter:label1\" content=\"Tempo estimado de leitura\" \/>\n\t<meta name=\"twitter:data1\" content=\"2 minutos\" \/>\n<script type=\"application\/ld+json\" class=\"yoast-schema-graph\">{\"@context\":\"https:\\\/\\\/schema.org\",\"@graph\":[{\"@type\":\"WebPage\",\"@id\":\"https:\\\/\\\/lovme.pt\\\/index.php\\\/produto\\\/satisfyer-triple-lover-rabbit-vibrador-massager-rosa\\\/\",\"url\":\"https:\\\/\\\/lovme.pt\\\/index.php\\\/produto\\\/satisfyer-triple-lover-rabbit-vibrador-massager-rosa\\\/\",\"name\":\"SATISFYER - TRIPLE LOVER MASAJEADOR VIBRADOR RABBIT ROSA - Lovme\",\"isPartOf\":{\"@id\":\"https:\\\/\\\/lovme.pt\\\/#website\"},\"primaryImageOfPage\":{\"@id\":\"https:\\\/\\\/lovme.pt\\\/index.php\\\/produto\\\/satisfyer-triple-lover-rabbit-vibrador-massager-rosa\\\/#primaryimage\"},\"image\":{\"@id\":\"https:\\\/\\\/lovme.pt\\\/index.php\\\/produto\\\/satisfyer-triple-lover-rabbit-vibrador-massager-rosa\\\/#primaryimage\"},\"thumbnailUrl\":\"https:\\\/\\\/erki24nd3ub.exactdn.com\\\/wp-content\\\/uploads\\\/dream\\\/img\\\/img_161025_828c5402bff1b768b4fbe3dff850a6c7_1.jpg?strip=all\",\"datePublished\":\"2025-10-01T02:31:52+00:00\",\"dateModified\":\"2026-02-19T20:23:29+00:00\",\"breadcrumb\":{\"@id\":\"https:\\\/\\\/lovme.pt\\\/index.php\\\/produto\\\/satisfyer-triple-lover-rabbit-vibrador-massager-rosa\\\/#breadcrumb\"},\"inLanguage\":\"pt-PT\",\"potentialAction\":[{\"@type\":\"ReadAction\",\"target\":[\"https:\\\/\\\/lovme.pt\\\/index.php\\\/produto\\\/satisfyer-triple-lover-rabbit-vibrador-massager-rosa\\\/\"]}]},{\"@type\":\"ImageObject\",\"inLanguage\":\"pt-PT\",\"@id\":\"https:\\\/\\\/lovme.pt\\\/index.php\\\/produto\\\/satisfyer-triple-lover-rabbit-vibrador-massager-rosa\\\/#primaryimage\",\"url\":\"https:\\\/\\\/erki24nd3ub.exactdn.com\\\/wp-content\\\/uploads\\\/dream\\\/img\\\/img_161025_828c5402bff1b768b4fbe3dff850a6c7_1.jpg?strip=all\",\"contentUrl\":\"https:\\\/\\\/erki24nd3ub.exactdn.com\\\/wp-content\\\/uploads\\\/dream\\\/img\\\/img_161025_828c5402bff1b768b4fbe3dff850a6c7_1.jpg?strip=all\",\"width\":900,\"height\":900},{\"@type\":\"BreadcrumbList\",\"@id\":\"https:\\\/\\\/lovme.pt\\\/index.php\\\/produto\\\/satisfyer-triple-lover-rabbit-vibrador-massager-rosa\\\/#breadcrumb\",\"itemListElement\":[{\"@type\":\"ListItem\",\"position\":1,\"name\":\"In\u00edcio\",\"item\":\"https:\\\/\\\/lovme.pt\\\/\"},{\"@type\":\"ListItem\",\"position\":2,\"name\":\"Loja\",\"item\":\"https:\\\/\\\/lovme.pt\\\/index.php\\\/loja\\\/\"},{\"@type\":\"ListItem\",\"position\":3,\"name\":\"SATISFYER &#8211; TRIPLE LOVER MASAJEADOR VIBRADOR RABBIT ROSA\"}]},{\"@type\":\"WebSite\",\"@id\":\"https:\\\/\\\/lovme.pt\\\/#website\",\"url\":\"https:\\\/\\\/lovme.pt\\\/\",\"name\":\"Lovme Loja Er\u00f3tica N\u00ba1 em Portugal\",\"description\":\"A melhor loja er\u00f3tica de Portugal.\",\"alternateName\":\"Loja Er\u00f3tica Lovme\",\"potentialAction\":[{\"@type\":\"SearchAction\",\"target\":{\"@type\":\"EntryPoint\",\"urlTemplate\":\"https:\\\/\\\/lovme.pt\\\/?s={search_term_string}\"},\"query-input\":{\"@type\":\"PropertyValueSpecification\",\"valueRequired\":true,\"valueName\":\"search_term_string\"}}],\"inLanguage\":\"pt-PT\"}]}<\/script>\n<!-- \/ Yoast SEO plugin. -->","yoast_head_json":{"title":"SATISFYER - TRIPLE LOVER MASAJEADOR VIBRADOR RABBIT ROSA - Lovme","robots":{"index":"index","follow":"follow","max-snippet":"max-snippet:-1","max-image-preview":"max-image-preview:large","max-video-preview":"max-video-preview:-1"},"canonical":"https:\/\/lovme.pt\/index.php\/produto\/satisfyer-triple-lover-rabbit-vibrador-massager-rosa\/","og_locale":"pt_PT","og_type":"article","og_title":"SATISFYER - TRIPLE LOVER MASAJEADOR VIBRADOR RABBIT ROSA - Lovme","og_description":"SATISFYER - TRIPLE LOVER RABBIT VIBRADOR MASSAGER ROSA","og_url":"https:\/\/lovme.pt\/index.php\/produto\/satisfyer-triple-lover-rabbit-vibrador-massager-rosa\/","og_site_name":"Lovme","article_modified_time":"2026-02-19T20:23:29+00:00","og_image":[{"width":900,"height":900,"url":"https:\/\/erki24nd3ub.exactdn.com\/wp-content\/uploads\/dream\/img\/img_161025_828c5402bff1b768b4fbe3dff850a6c7_1.jpg?strip=all","type":"image\/jpeg"}],"twitter_card":"summary_large_image","twitter_misc":{"Tempo estimado de leitura":"2 minutos"},"schema":{"@context":"https:\/\/schema.org","@graph":[{"@type":"WebPage","@id":"https:\/\/lovme.pt\/index.php\/produto\/satisfyer-triple-lover-rabbit-vibrador-massager-rosa\/","url":"https:\/\/lovme.pt\/index.php\/produto\/satisfyer-triple-lover-rabbit-vibrador-massager-rosa\/","name":"SATISFYER - TRIPLE LOVER MASAJEADOR VIBRADOR RABBIT ROSA - Lovme","isPartOf":{"@id":"https:\/\/lovme.pt\/#website"},"primaryImageOfPage":{"@id":"https:\/\/lovme.pt\/index.php\/produto\/satisfyer-triple-lover-rabbit-vibrador-massager-rosa\/#primaryimage"},"image":{"@id":"https:\/\/lovme.pt\/index.php\/produto\/satisfyer-triple-lover-rabbit-vibrador-massager-rosa\/#primaryimage"},"thumbnailUrl":"https:\/\/erki24nd3ub.exactdn.com\/wp-content\/uploads\/dream\/img\/img_161025_828c5402bff1b768b4fbe3dff850a6c7_1.jpg?strip=all","datePublished":"2025-10-01T02:31:52+00:00","dateModified":"2026-02-19T20:23:29+00:00","breadcrumb":{"@id":"https:\/\/lovme.pt\/index.php\/produto\/satisfyer-triple-lover-rabbit-vibrador-massager-rosa\/#breadcrumb"},"inLanguage":"pt-PT","potentialAction":[{"@type":"ReadAction","target":["https:\/\/lovme.pt\/index.php\/produto\/satisfyer-triple-lover-rabbit-vibrador-massager-rosa\/"]}]},{"@type":"ImageObject","inLanguage":"pt-PT","@id":"https:\/\/lovme.pt\/index.php\/produto\/satisfyer-triple-lover-rabbit-vibrador-massager-rosa\/#primaryimage","url":"https:\/\/erki24nd3ub.exactdn.com\/wp-content\/uploads\/dream\/img\/img_161025_828c5402bff1b768b4fbe3dff850a6c7_1.jpg?strip=all","contentUrl":"https:\/\/erki24nd3ub.exactdn.com\/wp-content\/uploads\/dream\/img\/img_161025_828c5402bff1b768b4fbe3dff850a6c7_1.jpg?strip=all","width":900,"height":900},{"@type":"BreadcrumbList","@id":"https:\/\/lovme.pt\/index.php\/produto\/satisfyer-triple-lover-rabbit-vibrador-massager-rosa\/#breadcrumb","itemListElement":[{"@type":"ListItem","position":1,"name":"In\u00edcio","item":"https:\/\/lovme.pt\/"},{"@type":"ListItem","position":2,"name":"Loja","item":"https:\/\/lovme.pt\/index.php\/loja\/"},{"@type":"ListItem","position":3,"name":"SATISFYER &#8211; TRIPLE LOVER MASAJEADOR VIBRADOR RABBIT ROSA"}]},{"@type":"WebSite","@id":"https:\/\/lovme.pt\/#website","url":"https:\/\/lovme.pt\/","name":"Lovme Loja Er\u00f3tica N\u00ba1 em Portugal","description":"A melhor loja er\u00f3tica de Portugal.","alternateName":"Loja Er\u00f3tica Lovme","potentialAction":[{"@type":"SearchAction","target":{"@type":"EntryPoint","urlTemplate":"https:\/\/lovme.pt\/?s={search_term_string}"},"query-input":{"@type":"PropertyValueSpecification","valueRequired":true,"valueName":"search_term_string"}}],"inLanguage":"pt-PT"}]}},"_links":{"self":[{"href":"https:\/\/lovme.pt\/index.php\/wp-json\/wp\/v2\/product\/46100","targetHints":{"allow":["GET"]}}],"collection":[{"href":"https:\/\/lovme.pt\/index.php\/wp-json\/wp\/v2\/product"}],"about":[{"href":"https:\/\/lovme.pt\/index.php\/wp-json\/wp\/v2\/types\/product"}],"wp:featuredmedia":[{"embeddable":true,"href":"https:\/\/lovme.pt\/index.php\/wp-json\/wp\/v2\/media\/97473"}],"wp:attachment":[{"href":"https:\/\/lovme.pt\/index.php\/wp-json\/wp\/v2\/media?parent=46100"}],"wp:term":[{"taxonomy":"product_brand","embeddable":true,"href":"https:\/\/lovme.pt\/index.php\/wp-json\/wp\/v2\/product_brand?post=46100"},{"taxonomy":"product_cat","embeddable":true,"href":"https:\/\/lovme.pt\/index.php\/wp-json\/wp\/v2\/product_cat?post=46100"},{"taxonomy":"product_tag","embeddable":true,"href":"https:\/\/lovme.pt\/index.php\/wp-json\/wp\/v2\/product_tag?post=46100"}],"curies":[{"name":"wp","href":"https:\/\/api.w.org\/{rel}","templated":true}]}}