{"id":46095,"date":"2025-10-01T02:31:56","date_gmt":"2025-10-01T02:31:56","guid":{"rendered":"https:\/\/lovme.pt\/?post_type=product&#038;p=46095"},"modified":"2026-02-19T20:23:29","modified_gmt":"2026-02-19T20:23:29","slug":"satisfyer-planeta-wand-er-vibrador-massager-berry","status":"publish","type":"product","link":"https:\/\/lovme.pt\/index.php\/produto\/satisfyer-planeta-wand-er-vibrador-massager-berry\/","title":{"rendered":"SATISFYER &#8211; PLANET WAND-ER MASAJEADOR VIBRADOR BERRY"},"content":{"rendered":"<p>O <strong>Satisfyer Planet Wand-er<\/strong> \u00e9 um massageador impressionante que tem tudo que voc\u00ea precisa para realizar massagens prazerosas em todo o corpo. Voc\u00ea est\u00e1 pronto para explorar seu corpo como se fosse um planeta alien\u00edgena?<\/p>\n<p> O <strong>Satisfyer Planet Wand-er<\/strong> \u00e9 um massageador e vibrador extraordin\u00e1rio, equipado com um motor ultrapotente que oferece tudo o que voc\u00ea precisa para desfrutar de agrad\u00e1veis massagens em todo o corpo.<\/p>\n<p> Possui 10 programas de vibra\u00e7\u00e3o e 6 intensidades, o que oferece uma grande variedade de op\u00e7\u00f5es para se adaptar \u00e0s suas prefer\u00eancias. A cabe\u00e7a de massagem redonda, feita de silicone higi\u00e9nico e amigo da pele, desliza facilmente sobre o corpo e concentra-se em todos os pontos tensos.<\/p>\n<p> Se quiser estimular o clit\u00f3ris, este poderoso massageador proporciona vibra\u00e7\u00f5es intensas gra\u00e7as ao seu motor robusto. O Satisfyer Planet Wand-er tem um design impressionante com detalhes em ouro rosa brilhante em sua haste que adiciona um toque de eleg\u00e2ncia. Tamb\u00e9m \u00e9 \u00e0 prova d\u00e1gua (IPX7), por isso funciona perfeitamente neste elemento.<\/p>\n<p> Eleve a sua experi\u00eancia de massagem relaxando na banheira ou no chuveiro quente. Terminada a sess\u00e3o, basta limpar o massageador com \u00e1gua morna e sab\u00e3o neutro. O cabo de carregamento USB inclu\u00eddo garante que seu vibrador esteja ligado. sempre pronto para novas aventuras sensuais.<\/p>\n<\/p>\n<p> <u><strong>CARACTER\u00cdSTICAS<\/strong><\/u> <strong>:<\/strong><\/p>\n<ul>\n<li> Massagem estimulante de corpo inteiro<\/li>\n<li> Tamanho XXL impressionante<\/li>\n<li> 60 combina\u00e7\u00f5es de vibra\u00e7\u00e3o<\/li>\n<li> Silicone amigo do corpo<\/li>\n<li> \u00c0 prova d\u00e1gua (IPX7)<\/li>\n<li> Modo sussurro<\/li>\n<li> Bateria de \u00edon de l\u00edtio<\/li>\n<li> F\u00e1cil de limpar<\/li>\n<li> Cabo de carregamento magn\u00e9tico USB inclu\u00eddo<\/li>\n<\/ul>\n","protected":false},"excerpt":{"rendered":"<p>SATISFYER &#8211; PLANETA WAND-ER VIBRADOR MASSAGER BERRY<\/p>\n","protected":false},"featured_media":97482,"template":"","meta":{"_acf_changed":false},"product_brand":[],"product_cat":[17,76],"product_tag":[],"class_list":{"0":"post-46095","1":"product","2":"type-product","3":"status-publish","4":"has-post-thumbnail","6":"product_cat-brinquedos-de-bem-estar-sexual","7":"product_cat-vibradores","8":"yith_product_brand-satisfyer","9":"yith_product_brand-satisfyer-satisfyer-wand","11":"first","12":"instock","13":"taxable","14":"shipping-taxable","15":"purchasable","16":"product-type-variable","17":"has-default-attributes"},"acf":[],"yoast_head":"<!-- This site is optimized with the Yoast SEO plugin v27.4 - https:\/\/yoast.com\/product\/yoast-seo-wordpress\/ -->\n<title>SATISFYER - PLANET WAND-ER MASAJEADOR VIBRADOR BERRY - Lovme<\/title>\n<meta name=\"robots\" content=\"index, follow, max-snippet:-1, max-image-preview:large, max-video-preview:-1\" \/>\n<link rel=\"canonical\" href=\"https:\/\/lovme.pt\/index.php\/produto\/satisfyer-planeta-wand-er-vibrador-massager-berry\/\" \/>\n<meta property=\"og:locale\" content=\"pt_PT\" \/>\n<meta property=\"og:type\" content=\"article\" \/>\n<meta property=\"og:title\" content=\"SATISFYER - PLANET WAND-ER MASAJEADOR VIBRADOR BERRY - Lovme\" \/>\n<meta property=\"og:description\" content=\"SATISFYER - PLANETA WAND-ER VIBRADOR MASSAGER BERRY\" \/>\n<meta property=\"og:url\" content=\"https:\/\/lovme.pt\/index.php\/produto\/satisfyer-planeta-wand-er-vibrador-massager-berry\/\" \/>\n<meta property=\"og:site_name\" content=\"Lovme\" \/>\n<meta property=\"article:modified_time\" content=\"2026-02-19T20:23:29+00:00\" \/>\n<meta property=\"og:image\" content=\"https:\/\/erki24nd3ub.exactdn.com\/wp-content\/uploads\/dream\/img\/img_161002_bf97354b7672ff4b35891221053170cd_1.jpg?strip=all\" \/>\n\t<meta property=\"og:image:width\" content=\"900\" \/>\n\t<meta property=\"og:image:height\" content=\"900\" \/>\n\t<meta property=\"og:image:type\" content=\"image\/jpeg\" \/>\n<meta name=\"twitter:card\" content=\"summary_large_image\" \/>\n<meta name=\"twitter:label1\" content=\"Tempo estimado de leitura\" \/>\n\t<meta name=\"twitter:data1\" content=\"1 minuto\" \/>\n<script type=\"application\/ld+json\" class=\"yoast-schema-graph\">{\"@context\":\"https:\\\/\\\/schema.org\",\"@graph\":[{\"@type\":\"WebPage\",\"@id\":\"https:\\\/\\\/lovme.pt\\\/index.php\\\/produto\\\/satisfyer-planeta-wand-er-vibrador-massager-berry\\\/\",\"url\":\"https:\\\/\\\/lovme.pt\\\/index.php\\\/produto\\\/satisfyer-planeta-wand-er-vibrador-massager-berry\\\/\",\"name\":\"SATISFYER - PLANET WAND-ER MASAJEADOR VIBRADOR BERRY - Lovme\",\"isPartOf\":{\"@id\":\"https:\\\/\\\/lovme.pt\\\/#website\"},\"primaryImageOfPage\":{\"@id\":\"https:\\\/\\\/lovme.pt\\\/index.php\\\/produto\\\/satisfyer-planeta-wand-er-vibrador-massager-berry\\\/#primaryimage\"},\"image\":{\"@id\":\"https:\\\/\\\/lovme.pt\\\/index.php\\\/produto\\\/satisfyer-planeta-wand-er-vibrador-massager-berry\\\/#primaryimage\"},\"thumbnailUrl\":\"https:\\\/\\\/erki24nd3ub.exactdn.com\\\/wp-content\\\/uploads\\\/dream\\\/img\\\/img_161002_bf97354b7672ff4b35891221053170cd_1.jpg?strip=all\",\"datePublished\":\"2025-10-01T02:31:56+00:00\",\"dateModified\":\"2026-02-19T20:23:29+00:00\",\"breadcrumb\":{\"@id\":\"https:\\\/\\\/lovme.pt\\\/index.php\\\/produto\\\/satisfyer-planeta-wand-er-vibrador-massager-berry\\\/#breadcrumb\"},\"inLanguage\":\"pt-PT\",\"potentialAction\":[{\"@type\":\"ReadAction\",\"target\":[\"https:\\\/\\\/lovme.pt\\\/index.php\\\/produto\\\/satisfyer-planeta-wand-er-vibrador-massager-berry\\\/\"]}]},{\"@type\":\"ImageObject\",\"inLanguage\":\"pt-PT\",\"@id\":\"https:\\\/\\\/lovme.pt\\\/index.php\\\/produto\\\/satisfyer-planeta-wand-er-vibrador-massager-berry\\\/#primaryimage\",\"url\":\"https:\\\/\\\/erki24nd3ub.exactdn.com\\\/wp-content\\\/uploads\\\/dream\\\/img\\\/img_161002_bf97354b7672ff4b35891221053170cd_1.jpg?strip=all\",\"contentUrl\":\"https:\\\/\\\/erki24nd3ub.exactdn.com\\\/wp-content\\\/uploads\\\/dream\\\/img\\\/img_161002_bf97354b7672ff4b35891221053170cd_1.jpg?strip=all\",\"width\":900,\"height\":900},{\"@type\":\"BreadcrumbList\",\"@id\":\"https:\\\/\\\/lovme.pt\\\/index.php\\\/produto\\\/satisfyer-planeta-wand-er-vibrador-massager-berry\\\/#breadcrumb\",\"itemListElement\":[{\"@type\":\"ListItem\",\"position\":1,\"name\":\"In\u00edcio\",\"item\":\"https:\\\/\\\/lovme.pt\\\/\"},{\"@type\":\"ListItem\",\"position\":2,\"name\":\"Loja\",\"item\":\"https:\\\/\\\/lovme.pt\\\/index.php\\\/loja\\\/\"},{\"@type\":\"ListItem\",\"position\":3,\"name\":\"SATISFYER &#8211; PLANET WAND-ER MASAJEADOR VIBRADOR BERRY\"}]},{\"@type\":\"WebSite\",\"@id\":\"https:\\\/\\\/lovme.pt\\\/#website\",\"url\":\"https:\\\/\\\/lovme.pt\\\/\",\"name\":\"Lovme Loja Er\u00f3tica N\u00ba1 em Portugal\",\"description\":\"A melhor loja er\u00f3tica de Portugal.\",\"alternateName\":\"Loja Er\u00f3tica Lovme\",\"potentialAction\":[{\"@type\":\"SearchAction\",\"target\":{\"@type\":\"EntryPoint\",\"urlTemplate\":\"https:\\\/\\\/lovme.pt\\\/?s={search_term_string}\"},\"query-input\":{\"@type\":\"PropertyValueSpecification\",\"valueRequired\":true,\"valueName\":\"search_term_string\"}}],\"inLanguage\":\"pt-PT\"}]}<\/script>\n<!-- \/ Yoast SEO plugin. -->","yoast_head_json":{"title":"SATISFYER - PLANET WAND-ER MASAJEADOR VIBRADOR BERRY - Lovme","robots":{"index":"index","follow":"follow","max-snippet":"max-snippet:-1","max-image-preview":"max-image-preview:large","max-video-preview":"max-video-preview:-1"},"canonical":"https:\/\/lovme.pt\/index.php\/produto\/satisfyer-planeta-wand-er-vibrador-massager-berry\/","og_locale":"pt_PT","og_type":"article","og_title":"SATISFYER - PLANET WAND-ER MASAJEADOR VIBRADOR BERRY - Lovme","og_description":"SATISFYER - PLANETA WAND-ER VIBRADOR MASSAGER BERRY","og_url":"https:\/\/lovme.pt\/index.php\/produto\/satisfyer-planeta-wand-er-vibrador-massager-berry\/","og_site_name":"Lovme","article_modified_time":"2026-02-19T20:23:29+00:00","og_image":[{"width":900,"height":900,"url":"https:\/\/erki24nd3ub.exactdn.com\/wp-content\/uploads\/dream\/img\/img_161002_bf97354b7672ff4b35891221053170cd_1.jpg?strip=all","type":"image\/jpeg"}],"twitter_card":"summary_large_image","twitter_misc":{"Tempo estimado de leitura":"1 minuto"},"schema":{"@context":"https:\/\/schema.org","@graph":[{"@type":"WebPage","@id":"https:\/\/lovme.pt\/index.php\/produto\/satisfyer-planeta-wand-er-vibrador-massager-berry\/","url":"https:\/\/lovme.pt\/index.php\/produto\/satisfyer-planeta-wand-er-vibrador-massager-berry\/","name":"SATISFYER - PLANET WAND-ER MASAJEADOR VIBRADOR BERRY - Lovme","isPartOf":{"@id":"https:\/\/lovme.pt\/#website"},"primaryImageOfPage":{"@id":"https:\/\/lovme.pt\/index.php\/produto\/satisfyer-planeta-wand-er-vibrador-massager-berry\/#primaryimage"},"image":{"@id":"https:\/\/lovme.pt\/index.php\/produto\/satisfyer-planeta-wand-er-vibrador-massager-berry\/#primaryimage"},"thumbnailUrl":"https:\/\/erki24nd3ub.exactdn.com\/wp-content\/uploads\/dream\/img\/img_161002_bf97354b7672ff4b35891221053170cd_1.jpg?strip=all","datePublished":"2025-10-01T02:31:56+00:00","dateModified":"2026-02-19T20:23:29+00:00","breadcrumb":{"@id":"https:\/\/lovme.pt\/index.php\/produto\/satisfyer-planeta-wand-er-vibrador-massager-berry\/#breadcrumb"},"inLanguage":"pt-PT","potentialAction":[{"@type":"ReadAction","target":["https:\/\/lovme.pt\/index.php\/produto\/satisfyer-planeta-wand-er-vibrador-massager-berry\/"]}]},{"@type":"ImageObject","inLanguage":"pt-PT","@id":"https:\/\/lovme.pt\/index.php\/produto\/satisfyer-planeta-wand-er-vibrador-massager-berry\/#primaryimage","url":"https:\/\/erki24nd3ub.exactdn.com\/wp-content\/uploads\/dream\/img\/img_161002_bf97354b7672ff4b35891221053170cd_1.jpg?strip=all","contentUrl":"https:\/\/erki24nd3ub.exactdn.com\/wp-content\/uploads\/dream\/img\/img_161002_bf97354b7672ff4b35891221053170cd_1.jpg?strip=all","width":900,"height":900},{"@type":"BreadcrumbList","@id":"https:\/\/lovme.pt\/index.php\/produto\/satisfyer-planeta-wand-er-vibrador-massager-berry\/#breadcrumb","itemListElement":[{"@type":"ListItem","position":1,"name":"In\u00edcio","item":"https:\/\/lovme.pt\/"},{"@type":"ListItem","position":2,"name":"Loja","item":"https:\/\/lovme.pt\/index.php\/loja\/"},{"@type":"ListItem","position":3,"name":"SATISFYER &#8211; PLANET WAND-ER MASAJEADOR VIBRADOR BERRY"}]},{"@type":"WebSite","@id":"https:\/\/lovme.pt\/#website","url":"https:\/\/lovme.pt\/","name":"Lovme Loja Er\u00f3tica N\u00ba1 em Portugal","description":"A melhor loja er\u00f3tica de Portugal.","alternateName":"Loja Er\u00f3tica Lovme","potentialAction":[{"@type":"SearchAction","target":{"@type":"EntryPoint","urlTemplate":"https:\/\/lovme.pt\/?s={search_term_string}"},"query-input":{"@type":"PropertyValueSpecification","valueRequired":true,"valueName":"search_term_string"}}],"inLanguage":"pt-PT"}]}},"_links":{"self":[{"href":"https:\/\/lovme.pt\/index.php\/wp-json\/wp\/v2\/product\/46095","targetHints":{"allow":["GET"]}}],"collection":[{"href":"https:\/\/lovme.pt\/index.php\/wp-json\/wp\/v2\/product"}],"about":[{"href":"https:\/\/lovme.pt\/index.php\/wp-json\/wp\/v2\/types\/product"}],"wp:featuredmedia":[{"embeddable":true,"href":"https:\/\/lovme.pt\/index.php\/wp-json\/wp\/v2\/media\/97482"}],"wp:attachment":[{"href":"https:\/\/lovme.pt\/index.php\/wp-json\/wp\/v2\/media?parent=46095"}],"wp:term":[{"taxonomy":"product_brand","embeddable":true,"href":"https:\/\/lovme.pt\/index.php\/wp-json\/wp\/v2\/product_brand?post=46095"},{"taxonomy":"product_cat","embeddable":true,"href":"https:\/\/lovme.pt\/index.php\/wp-json\/wp\/v2\/product_cat?post=46095"},{"taxonomy":"product_tag","embeddable":true,"href":"https:\/\/lovme.pt\/index.php\/wp-json\/wp\/v2\/product_tag?post=46095"}],"curies":[{"name":"wp","href":"https:\/\/api.w.org\/{rel}","templated":true}]}}