{"id":45987,"date":"2025-09-30T20:46:59","date_gmt":"2025-09-30T20:46:59","guid":{"rendered":"https:\/\/lovme.pt\/?post_type=product&p=45987"},"modified":"2026-02-19T20:08:55","modified_gmt":"2026-02-19T20:08:55","slug":"pretty-love-vibrador-bala-recarregvel-dourado","status":"publish","type":"product","link":"https:\/\/lovme.pt\/index.php\/produto\/pretty-love-vibrador-bala-recarregvel-dourado\/","title":{"rendered":"PRETTY LOVE &#8211; VIBRADOR BALA RECARREGVEL DOURADO"},"content":{"rendered":"<p>Aproveite este maravilhoso ovo de cor dourada que vibra com 12 fun\u00e7\u00f5es e delicie-se com uma estimula\u00e7\u00e3o maravilhosa. Este brinquedo pode ser usado para estimular todos os seus pontos mais doces e manter aquele sorriso de satisfa\u00e7\u00e3o no rosto o dia todo.<\/p>\n<p>A mini bala massageadora dourada e preta \u00e9 uma joia da tecnologia projetada para proporcionar uma experi\u00eancia de massagem \u00fanica e personalizada. A sua elegante combina\u00e7\u00e3o de cores dourada e preta n\u00e3o s\u00f3 lhe confere um aspecto luxuoso, como tamb\u00e9m reflecte a sua qualidade e estilo. Esta pequena maravilha de relaxamento est\u00e1 equipada com caracter\u00edsticas inovadoras que a tornam num dispositivo excepcional.<\/p>\n<p>Com 12 configura\u00e7\u00f5es de vibra\u00e7\u00e3o diferentes, este mini massageador bala oferece uma ampla variedade de intensidades e padr\u00f5es para atender \u00e0s prefer\u00eancias individuais de cada usu\u00e1rio. Desde pulsa\u00e7\u00f5es suaves at\u00e9 vibra\u00e7\u00f5es mais intensas, a versatilidade deste dispositivo garante que se adapta a qualquer necessidade de relaxamento ou estimula\u00e7\u00e3o.<\/p>\n<p>A bala massageadora \u00e9 totalmente recarreg\u00e1vel, tornando-a ecologicamente correta e conveniente para o usu\u00e1rio. Esque\u00e7a as preocupa\u00e7\u00f5es com baterias descart\u00e1veis; Basta conectar o dispositivo \u00e0 porta de carregamento e preparar-se para desfrutar de sess\u00f5es de massagem ininterruptas e descomplicadas.<\/p>\n<p>Seu design compacto e ergon\u00f4mico permite um manuseio f\u00e1cil e confort\u00e1vel, garantindo que voc\u00ea possa se concentrar em desfrutar da massagem sem distra\u00e7\u00f5es. Al\u00e9m disso, o material de toque macio utilizado em sua fabrica\u00e7\u00e3o garante uma experi\u00eancia agrad\u00e1vel em contato com a pele.<\/p>\n<p>\u00a0<\/p>\n<p><u><strong>CARACTER\u00cdSTICAS:<\/strong><\/u><\/p>\n<ul>\n<li>Fun\u00e7\u00e3o: 12 fun\u00e7\u00f5es de vibra\u00e7\u00e3o<\/li>\n<li>Carregamento: USB recarreg\u00e1vel<\/li>\n<li>Material: liga de zinco de silicone ABS<\/li>\n<li>Cor dourada<\/li>\n<\/ul>\n","protected":false},"excerpt":{"rendered":"<p>PRETTY LOVE &#8211; VIBRADOR BALA RECARREGVEL DOURADO<\/p>\n","protected":false},"featured_media":72616,"template":"","meta":{"_acf_changed":false},"product_brand":[],"product_cat":[17,61],"product_tag":[],"class_list":{"0":"post-45987","1":"product","2":"type-product","3":"status-publish","4":"has-post-thumbnail","6":"product_cat-brinquedos-de-bem-estar-sexual","7":"product_cat-para-elas","8":"yith_product_brand-pretty-love","9":"yith_product_brand-pretty-lovepretty-love-bottom","11":"first","12":"instock","13":"taxable","14":"shipping-taxable","15":"purchasable","16":"product-type-simple"},"acf":[],"yoast_head":"<!-- This site is optimized with the Yoast SEO plugin v27.3 - https:\/\/yoast.com\/product\/yoast-seo-wordpress\/ -->\n<title>PRETTY LOVE - VIBRADOR BALA RECARREGVEL DOURADO - Lovme<\/title>\n<meta name=\"robots\" content=\"index, follow, max-snippet:-1, max-image-preview:large, max-video-preview:-1\" \/>\n<link rel=\"canonical\" href=\"https:\/\/lovme.pt\/index.php\/produto\/pretty-love-vibrador-bala-recarregvel-dourado\/\" \/>\n<meta property=\"og:locale\" content=\"pt_PT\" \/>\n<meta property=\"og:type\" content=\"article\" \/>\n<meta property=\"og:title\" content=\"PRETTY LOVE - VIBRADOR BALA RECARREGVEL DOURADO - Lovme\" \/>\n<meta property=\"og:description\" content=\"PRETTY LOVE - VIBRADOR BALA RECARREGVEL DOURADO\" \/>\n<meta property=\"og:url\" content=\"https:\/\/lovme.pt\/index.php\/produto\/pretty-love-vibrador-bala-recarregvel-dourado\/\" \/>\n<meta property=\"og:site_name\" content=\"Lovme\" \/>\n<meta property=\"article:modified_time\" content=\"2026-02-19T20:08:55+00:00\" \/>\n<meta property=\"og:image\" content=\"https:\/\/erki24nd3ub.exactdn.com\/wp-content\/uploads\/dream\/img\/img_160770_ab0c1185e6bd42cc486c0ab6bb906145_1.jpg?strip=all\" \/>\n\t<meta property=\"og:image:width\" content=\"800\" \/>\n\t<meta property=\"og:image:height\" content=\"800\" \/>\n\t<meta property=\"og:image:type\" content=\"image\/jpeg\" \/>\n<meta name=\"twitter:card\" content=\"summary_large_image\" \/>\n<meta name=\"twitter:label1\" content=\"Tempo estimado de leitura\" \/>\n\t<meta name=\"twitter:data1\" content=\"1 minuto\" \/>\n<script type=\"application\/ld+json\" class=\"yoast-schema-graph\">{\"@context\":\"https:\\\/\\\/schema.org\",\"@graph\":[{\"@type\":\"WebPage\",\"@id\":\"https:\\\/\\\/lovme.pt\\\/index.php\\\/produto\\\/pretty-love-vibrador-bala-recarregvel-dourado\\\/\",\"url\":\"https:\\\/\\\/lovme.pt\\\/index.php\\\/produto\\\/pretty-love-vibrador-bala-recarregvel-dourado\\\/\",\"name\":\"PRETTY LOVE - VIBRADOR BALA RECARREGVEL DOURADO - Lovme\",\"isPartOf\":{\"@id\":\"https:\\\/\\\/lovme.pt\\\/#website\"},\"primaryImageOfPage\":{\"@id\":\"https:\\\/\\\/lovme.pt\\\/index.php\\\/produto\\\/pretty-love-vibrador-bala-recarregvel-dourado\\\/#primaryimage\"},\"image\":{\"@id\":\"https:\\\/\\\/lovme.pt\\\/index.php\\\/produto\\\/pretty-love-vibrador-bala-recarregvel-dourado\\\/#primaryimage\"},\"thumbnailUrl\":\"https:\\\/\\\/erki24nd3ub.exactdn.com\\\/wp-content\\\/uploads\\\/dream\\\/img\\\/img_160770_ab0c1185e6bd42cc486c0ab6bb906145_1.jpg?strip=all\",\"datePublished\":\"2025-09-30T20:46:59+00:00\",\"dateModified\":\"2026-02-19T20:08:55+00:00\",\"breadcrumb\":{\"@id\":\"https:\\\/\\\/lovme.pt\\\/index.php\\\/produto\\\/pretty-love-vibrador-bala-recarregvel-dourado\\\/#breadcrumb\"},\"inLanguage\":\"pt-PT\",\"potentialAction\":[{\"@type\":\"ReadAction\",\"target\":[\"https:\\\/\\\/lovme.pt\\\/index.php\\\/produto\\\/pretty-love-vibrador-bala-recarregvel-dourado\\\/\"]}]},{\"@type\":\"ImageObject\",\"inLanguage\":\"pt-PT\",\"@id\":\"https:\\\/\\\/lovme.pt\\\/index.php\\\/produto\\\/pretty-love-vibrador-bala-recarregvel-dourado\\\/#primaryimage\",\"url\":\"https:\\\/\\\/erki24nd3ub.exactdn.com\\\/wp-content\\\/uploads\\\/dream\\\/img\\\/img_160770_ab0c1185e6bd42cc486c0ab6bb906145_1.jpg?strip=all\",\"contentUrl\":\"https:\\\/\\\/erki24nd3ub.exactdn.com\\\/wp-content\\\/uploads\\\/dream\\\/img\\\/img_160770_ab0c1185e6bd42cc486c0ab6bb906145_1.jpg?strip=all\",\"width\":800,\"height\":800},{\"@type\":\"BreadcrumbList\",\"@id\":\"https:\\\/\\\/lovme.pt\\\/index.php\\\/produto\\\/pretty-love-vibrador-bala-recarregvel-dourado\\\/#breadcrumb\",\"itemListElement\":[{\"@type\":\"ListItem\",\"position\":1,\"name\":\"In\u00edcio\",\"item\":\"https:\\\/\\\/lovme.pt\\\/\"},{\"@type\":\"ListItem\",\"position\":2,\"name\":\"Loja\",\"item\":\"https:\\\/\\\/lovme.pt\\\/index.php\\\/loja\\\/\"},{\"@type\":\"ListItem\",\"position\":3,\"name\":\"PRETTY LOVE &#8211; VIBRADOR BALA RECARREGVEL DOURADO\"}]},{\"@type\":\"WebSite\",\"@id\":\"https:\\\/\\\/lovme.pt\\\/#website\",\"url\":\"https:\\\/\\\/lovme.pt\\\/\",\"name\":\"Lovme Loja Er\u00f3tica N\u00ba1 em Portugal\",\"description\":\"A melhor loja er\u00f3tica de Portugal.\",\"alternateName\":\"Loja Er\u00f3tica Lovme\",\"potentialAction\":[{\"@type\":\"SearchAction\",\"target\":{\"@type\":\"EntryPoint\",\"urlTemplate\":\"https:\\\/\\\/lovme.pt\\\/?s={search_term_string}\"},\"query-input\":{\"@type\":\"PropertyValueSpecification\",\"valueRequired\":true,\"valueName\":\"search_term_string\"}}],\"inLanguage\":\"pt-PT\"}]}<\/script>\n<!-- \/ Yoast SEO plugin. -->","yoast_head_json":{"title":"PRETTY LOVE - VIBRADOR BALA RECARREGVEL DOURADO - Lovme","robots":{"index":"index","follow":"follow","max-snippet":"max-snippet:-1","max-image-preview":"max-image-preview:large","max-video-preview":"max-video-preview:-1"},"canonical":"https:\/\/lovme.pt\/index.php\/produto\/pretty-love-vibrador-bala-recarregvel-dourado\/","og_locale":"pt_PT","og_type":"article","og_title":"PRETTY LOVE - VIBRADOR BALA RECARREGVEL DOURADO - Lovme","og_description":"PRETTY LOVE - VIBRADOR BALA RECARREGVEL DOURADO","og_url":"https:\/\/lovme.pt\/index.php\/produto\/pretty-love-vibrador-bala-recarregvel-dourado\/","og_site_name":"Lovme","article_modified_time":"2026-02-19T20:08:55+00:00","og_image":[{"width":800,"height":800,"url":"https:\/\/erki24nd3ub.exactdn.com\/wp-content\/uploads\/dream\/img\/img_160770_ab0c1185e6bd42cc486c0ab6bb906145_1.jpg?strip=all","type":"image\/jpeg"}],"twitter_card":"summary_large_image","twitter_misc":{"Tempo estimado de leitura":"1 minuto"},"schema":{"@context":"https:\/\/schema.org","@graph":[{"@type":"WebPage","@id":"https:\/\/lovme.pt\/index.php\/produto\/pretty-love-vibrador-bala-recarregvel-dourado\/","url":"https:\/\/lovme.pt\/index.php\/produto\/pretty-love-vibrador-bala-recarregvel-dourado\/","name":"PRETTY LOVE - VIBRADOR BALA RECARREGVEL DOURADO - Lovme","isPartOf":{"@id":"https:\/\/lovme.pt\/#website"},"primaryImageOfPage":{"@id":"https:\/\/lovme.pt\/index.php\/produto\/pretty-love-vibrador-bala-recarregvel-dourado\/#primaryimage"},"image":{"@id":"https:\/\/lovme.pt\/index.php\/produto\/pretty-love-vibrador-bala-recarregvel-dourado\/#primaryimage"},"thumbnailUrl":"https:\/\/erki24nd3ub.exactdn.com\/wp-content\/uploads\/dream\/img\/img_160770_ab0c1185e6bd42cc486c0ab6bb906145_1.jpg?strip=all","datePublished":"2025-09-30T20:46:59+00:00","dateModified":"2026-02-19T20:08:55+00:00","breadcrumb":{"@id":"https:\/\/lovme.pt\/index.php\/produto\/pretty-love-vibrador-bala-recarregvel-dourado\/#breadcrumb"},"inLanguage":"pt-PT","potentialAction":[{"@type":"ReadAction","target":["https:\/\/lovme.pt\/index.php\/produto\/pretty-love-vibrador-bala-recarregvel-dourado\/"]}]},{"@type":"ImageObject","inLanguage":"pt-PT","@id":"https:\/\/lovme.pt\/index.php\/produto\/pretty-love-vibrador-bala-recarregvel-dourado\/#primaryimage","url":"https:\/\/erki24nd3ub.exactdn.com\/wp-content\/uploads\/dream\/img\/img_160770_ab0c1185e6bd42cc486c0ab6bb906145_1.jpg?strip=all","contentUrl":"https:\/\/erki24nd3ub.exactdn.com\/wp-content\/uploads\/dream\/img\/img_160770_ab0c1185e6bd42cc486c0ab6bb906145_1.jpg?strip=all","width":800,"height":800},{"@type":"BreadcrumbList","@id":"https:\/\/lovme.pt\/index.php\/produto\/pretty-love-vibrador-bala-recarregvel-dourado\/#breadcrumb","itemListElement":[{"@type":"ListItem","position":1,"name":"In\u00edcio","item":"https:\/\/lovme.pt\/"},{"@type":"ListItem","position":2,"name":"Loja","item":"https:\/\/lovme.pt\/index.php\/loja\/"},{"@type":"ListItem","position":3,"name":"PRETTY LOVE &#8211; VIBRADOR BALA RECARREGVEL DOURADO"}]},{"@type":"WebSite","@id":"https:\/\/lovme.pt\/#website","url":"https:\/\/lovme.pt\/","name":"Lovme Loja Er\u00f3tica N\u00ba1 em Portugal","description":"A melhor loja er\u00f3tica de Portugal.","alternateName":"Loja Er\u00f3tica Lovme","potentialAction":[{"@type":"SearchAction","target":{"@type":"EntryPoint","urlTemplate":"https:\/\/lovme.pt\/?s={search_term_string}"},"query-input":{"@type":"PropertyValueSpecification","valueRequired":true,"valueName":"search_term_string"}}],"inLanguage":"pt-PT"}]}},"_links":{"self":[{"href":"https:\/\/lovme.pt\/index.php\/wp-json\/wp\/v2\/product\/45987","targetHints":{"allow":["GET"]}}],"collection":[{"href":"https:\/\/lovme.pt\/index.php\/wp-json\/wp\/v2\/product"}],"about":[{"href":"https:\/\/lovme.pt\/index.php\/wp-json\/wp\/v2\/types\/product"}],"wp:featuredmedia":[{"embeddable":true,"href":"https:\/\/lovme.pt\/index.php\/wp-json\/wp\/v2\/media\/72616"}],"wp:attachment":[{"href":"https:\/\/lovme.pt\/index.php\/wp-json\/wp\/v2\/media?parent=45987"}],"wp:term":[{"taxonomy":"product_brand","embeddable":true,"href":"https:\/\/lovme.pt\/index.php\/wp-json\/wp\/v2\/product_brand?post=45987"},{"taxonomy":"product_cat","embeddable":true,"href":"https:\/\/lovme.pt\/index.php\/wp-json\/wp\/v2\/product_cat?post=45987"},{"taxonomy":"product_tag","embeddable":true,"href":"https:\/\/lovme.pt\/index.php\/wp-json\/wp\/v2\/product_tag?post=45987"}],"curies":[{"name":"wp","href":"https:\/\/api.w.org\/{rel}","templated":true}]}}