{"id":45958,"date":"2025-09-30T09:51:35","date_gmt":"2025-09-30T09:51:35","guid":{"rendered":"https:\/\/lovme.pt\/?post_type=product&#038;p=45958"},"modified":"2026-02-19T20:23:16","modified_gmt":"2026-02-19T20:23:16","slug":"anais-men-aegis-t-shirt-s","status":"publish","type":"product","link":"https:\/\/lovme.pt\/index.php\/produto\/anais-men-aegis-t-shirt-s\/","title":{"rendered":"ANAIS MEN &#8211; AEGIS CAMISETA S"},"content":{"rendered":"<p><b>AEGIS<\/b><br \/>Camiseta con estampado de cuadros en tonos grises<\/p>\n<p><strong>CARACTERISTICAS<\/strong><\/p>\n<div>\n<div>\n<ul>\n<li>Camiseta<\/li>\n<li>Hecho de material de alta calidad<\/li>\n<li>Ajuste perfecto al cuerpo<\/li>\n<\/ul>\n<p><strong>COMPOSICION:<\/strong><\/p>\n<\/div>\n<div>\n<ul>\n<li>95% poliamida<\/li>\n<li>5% elastico<\/li>\n<\/ul>\n<p>\u00a0<\/p>\n<p><strong>Anais Apparel<\/strong> la lencer\u00eda m\u00e1s sexy del mundo desde 2003.<\/p>\n<\/div>\n<div>\n<table border=\"0\" cellpadding=\"0\" cellspacing=\"0\" width=\"832\" width:=\"\">\n<tbody>\n<tr height=\"23\">\n<td class=\"xl72\" colspan=\"8\" height=\"23\" style=\"text-align: center;\" width=\"832\" width:=\"\"><strong>GU\u00cdA DE TALLAS<\/strong><\/td>\n<\/tr>\n<tr height=\"23\">\n<td class=\"xl73\" colspan=\"2\" height=\"23\" style=\"text-align: center;\">Talla<\/td>\n<td border-left:=\"class=xl71\" style=\"text-align: center;\" width=\"104\" width:=\"\">S<\/td>\n<td border-left:=\"class=xl71\" style=\"text-align: center;\" width=\"104\" width:=\"\">M<\/td>\n<td border-left:=\"class=xl71\" style=\"text-align: center;\" width=\"104\" width:=\"\">L<\/td>\n<td border-left:=\"class=xl71\" style=\"text-align: center;\" width=\"104\" width:=\"\">XL<\/td>\n<td border-left:=\"class=xl71\" style=\"text-align: center;\" width=\"104\" width:=\"\">2XL<\/td>\n<td border-left:=\"class=xl71\" style=\"text-align: center;\" width=\"104\" width:=\"\">3XL<\/td>\n<\/tr>\n<tr height=\"23\">\n<td class=\"xl74\" colspan=\"2\" height=\"23\" style=\"text-align: center;\" width=\"208\" width:=\"\">Cintura en cm<\/td>\n<td border-left:=\"class=xl72\" style=\"text-align: center;\" width=\"104\" width:=\"\">75-80<\/td>\n<td border-left:=\"class=xl72\" style=\"text-align: center;\" width=\"104\" width:=\"\">81-88<\/td>\n<td border-left:=\"class=xl71\" style=\"text-align: center;\" width=\"104\" width:=\"\">89-97<\/td>\n<td border-left:=\"class=xl71\" style=\"text-align: center;\" width=\"104\" width:=\"\">98-106<\/td>\n<td border-left:=\"class=xl71\" style=\"text-align: center;\" width=\"104\" width:=\"\">107-116<\/td>\n<td border-left:=\"class=xl71\" style=\"text-align: center;\" width=\"104\" width:=\"\">117-125<\/td>\n<\/tr>\n<\/tbody>\n<\/table>\n<\/div>\n<\/div>\n<div>\n<p>\u00a0<\/p>\n<p><strong>ANAIS, UNA LENCER\u00cdA PARA TODOS LOS GUSTOS SEXUALES.<\/strong><\/p>\n<\/div>\n<p>Tras el lanzamiento de ANAIS lencer\u00eda para mujeres en 2016, varios a\u00f1os despu\u00e9s, en 2021, se invent\u00f3 la marca ANAIS FOR MEN para atender a un nicho de mercado diferente. Los propietarios de la empresa familiar decidieron lanzar ANAIS, convirti\u00e9ndola en una marca m\u00e1s abierta a p\u00fablicos de diferentes edades y gustos sexuales.<\/p>\n<p>Con el inicio de esta marca, ANAIS realmente despeg\u00f3, cada a\u00f1o duplicando su popularidad.<\/p>\n<p>La fuerza aqu\u00ed tambi\u00e9n es que la marca est\u00e1 creada y hecha en Europa, utilizando los mejores textiles europeos, pero hechos de manera diferente.<\/p>\n<p>\u00a1Esta marca se hizo m\u00e1s atrevida, m\u00e1s sexy, m\u00e1s salvaje y, por lo tanto, se convirti\u00f3 no solo en una marca para un grupo de edad generalmente m\u00e1s joven, sino tambi\u00e9n en una marca referente en las principales fiestas, vistiendo a hombres y mujeres de toda Europa.<\/p>\n<p>Pero todo sigue creado y fabricado en Polonia, de gran calidad comprobando la calidad de cada producto antes de su envi\u00f3 a trav\u00e9s de un departamento de calidad. \u00a0<\/p>\n<p>Como consecuencia del \u00e9xito de ANAIS, la marca sigue creciendo, creando nuevas colecciones para hombres, desarrollando una gran variedad. Con un estilo picante y sexy, ANAIS FOR MEN ha sido recibida por la comunidad con los brazos abiertos y hoy es una marca de referencia en moda principalmente para hombres heterosexuales que cuidan su imagen y hombres gays de todo el mundo.<\/p>\n","protected":false},"excerpt":{"rendered":"<p>ANAIS MEN &#8211; AEGIS T-SHIRT S<\/p>\n","protected":false},"featured_media":58181,"template":"","meta":{"_acf_changed":false},"product_brand":[],"product_cat":[47,67,115],"product_tag":[],"class_list":{"0":"post-45958","1":"product","2":"type-product","3":"status-publish","4":"has-post-thumbnail","6":"product_cat-lingerie","7":"product_cat-lingerie-masculina","8":"product_cat-ofertas","9":"yith_product_brand-anais-luxury-lingerie","10":"yith_product_brand-anais-luxury-lingerie-anais-men","11":"yith_product_brand-anais-luxury-lingerie-anais-men-anais-men-accesories","13":"first","14":"instock","15":"taxable","16":"shipping-taxable","17":"purchasable","18":"product-type-variable","19":"has-default-attributes"},"acf":[],"yoast_head":"<!-- This site is optimized with the Yoast SEO plugin v27.4 - https:\/\/yoast.com\/product\/yoast-seo-wordpress\/ -->\n<title>ANAIS MEN - AEGIS CAMISETA S - Lovme<\/title>\n<meta name=\"robots\" content=\"index, follow, max-snippet:-1, max-image-preview:large, max-video-preview:-1\" \/>\n<link rel=\"canonical\" href=\"https:\/\/lovme.pt\/index.php\/produto\/anais-men-aegis-t-shirt-s\/\" \/>\n<meta property=\"og:locale\" content=\"pt_PT\" \/>\n<meta property=\"og:type\" content=\"article\" \/>\n<meta property=\"og:title\" content=\"ANAIS MEN - AEGIS CAMISETA S - Lovme\" \/>\n<meta property=\"og:description\" content=\"ANAIS MEN - AEGIS T-SHIRT S\" \/>\n<meta property=\"og:url\" content=\"https:\/\/lovme.pt\/index.php\/produto\/anais-men-aegis-t-shirt-s\/\" \/>\n<meta property=\"og:site_name\" content=\"Lovme\" \/>\n<meta property=\"article:modified_time\" content=\"2026-02-19T20:23:16+00:00\" \/>\n<meta property=\"og:image\" content=\"https:\/\/erki24nd3ub.exactdn.com\/wp-content\/uploads\/dream\/img\/img_160498_9f4d2f18bc5b5f96b5acb5a2d726c2d9_1.jpg?strip=all\" \/>\n\t<meta property=\"og:image:width\" content=\"800\" \/>\n\t<meta property=\"og:image:height\" content=\"800\" \/>\n\t<meta property=\"og:image:type\" content=\"image\/jpeg\" \/>\n<meta name=\"twitter:card\" content=\"summary_large_image\" \/>\n<meta name=\"twitter:label1\" content=\"Tempo estimado de leitura\" \/>\n\t<meta name=\"twitter:data1\" content=\"1 minuto\" \/>\n<script type=\"application\/ld+json\" class=\"yoast-schema-graph\">{\"@context\":\"https:\\\/\\\/schema.org\",\"@graph\":[{\"@type\":\"WebPage\",\"@id\":\"https:\\\/\\\/lovme.pt\\\/index.php\\\/produto\\\/anais-men-aegis-t-shirt-s\\\/\",\"url\":\"https:\\\/\\\/lovme.pt\\\/index.php\\\/produto\\\/anais-men-aegis-t-shirt-s\\\/\",\"name\":\"ANAIS MEN - AEGIS CAMISETA S - Lovme\",\"isPartOf\":{\"@id\":\"https:\\\/\\\/lovme.pt\\\/#website\"},\"primaryImageOfPage\":{\"@id\":\"https:\\\/\\\/lovme.pt\\\/index.php\\\/produto\\\/anais-men-aegis-t-shirt-s\\\/#primaryimage\"},\"image\":{\"@id\":\"https:\\\/\\\/lovme.pt\\\/index.php\\\/produto\\\/anais-men-aegis-t-shirt-s\\\/#primaryimage\"},\"thumbnailUrl\":\"https:\\\/\\\/erki24nd3ub.exactdn.com\\\/wp-content\\\/uploads\\\/dream\\\/img\\\/img_160498_9f4d2f18bc5b5f96b5acb5a2d726c2d9_1.jpg?strip=all\",\"datePublished\":\"2025-09-30T09:51:35+00:00\",\"dateModified\":\"2026-02-19T20:23:16+00:00\",\"breadcrumb\":{\"@id\":\"https:\\\/\\\/lovme.pt\\\/index.php\\\/produto\\\/anais-men-aegis-t-shirt-s\\\/#breadcrumb\"},\"inLanguage\":\"pt-PT\",\"potentialAction\":[{\"@type\":\"ReadAction\",\"target\":[\"https:\\\/\\\/lovme.pt\\\/index.php\\\/produto\\\/anais-men-aegis-t-shirt-s\\\/\"]}]},{\"@type\":\"ImageObject\",\"inLanguage\":\"pt-PT\",\"@id\":\"https:\\\/\\\/lovme.pt\\\/index.php\\\/produto\\\/anais-men-aegis-t-shirt-s\\\/#primaryimage\",\"url\":\"https:\\\/\\\/erki24nd3ub.exactdn.com\\\/wp-content\\\/uploads\\\/dream\\\/img\\\/img_160498_9f4d2f18bc5b5f96b5acb5a2d726c2d9_1.jpg?strip=all\",\"contentUrl\":\"https:\\\/\\\/erki24nd3ub.exactdn.com\\\/wp-content\\\/uploads\\\/dream\\\/img\\\/img_160498_9f4d2f18bc5b5f96b5acb5a2d726c2d9_1.jpg?strip=all\",\"width\":800,\"height\":800},{\"@type\":\"BreadcrumbList\",\"@id\":\"https:\\\/\\\/lovme.pt\\\/index.php\\\/produto\\\/anais-men-aegis-t-shirt-s\\\/#breadcrumb\",\"itemListElement\":[{\"@type\":\"ListItem\",\"position\":1,\"name\":\"In\u00edcio\",\"item\":\"https:\\\/\\\/lovme.pt\\\/\"},{\"@type\":\"ListItem\",\"position\":2,\"name\":\"Loja\",\"item\":\"https:\\\/\\\/lovme.pt\\\/index.php\\\/loja\\\/\"},{\"@type\":\"ListItem\",\"position\":3,\"name\":\"ANAIS MEN &#8211; AEGIS CAMISETA S\"}]},{\"@type\":\"WebSite\",\"@id\":\"https:\\\/\\\/lovme.pt\\\/#website\",\"url\":\"https:\\\/\\\/lovme.pt\\\/\",\"name\":\"Lovme Loja Er\u00f3tica N\u00ba1 em Portugal\",\"description\":\"A melhor loja er\u00f3tica de Portugal.\",\"alternateName\":\"Loja Er\u00f3tica Lovme\",\"potentialAction\":[{\"@type\":\"SearchAction\",\"target\":{\"@type\":\"EntryPoint\",\"urlTemplate\":\"https:\\\/\\\/lovme.pt\\\/?s={search_term_string}\"},\"query-input\":{\"@type\":\"PropertyValueSpecification\",\"valueRequired\":true,\"valueName\":\"search_term_string\"}}],\"inLanguage\":\"pt-PT\"}]}<\/script>\n<!-- \/ Yoast SEO plugin. -->","yoast_head_json":{"title":"ANAIS MEN - AEGIS CAMISETA S - Lovme","robots":{"index":"index","follow":"follow","max-snippet":"max-snippet:-1","max-image-preview":"max-image-preview:large","max-video-preview":"max-video-preview:-1"},"canonical":"https:\/\/lovme.pt\/index.php\/produto\/anais-men-aegis-t-shirt-s\/","og_locale":"pt_PT","og_type":"article","og_title":"ANAIS MEN - AEGIS CAMISETA S - Lovme","og_description":"ANAIS MEN - AEGIS T-SHIRT S","og_url":"https:\/\/lovme.pt\/index.php\/produto\/anais-men-aegis-t-shirt-s\/","og_site_name":"Lovme","article_modified_time":"2026-02-19T20:23:16+00:00","og_image":[{"width":800,"height":800,"url":"https:\/\/erki24nd3ub.exactdn.com\/wp-content\/uploads\/dream\/img\/img_160498_9f4d2f18bc5b5f96b5acb5a2d726c2d9_1.jpg?strip=all","type":"image\/jpeg"}],"twitter_card":"summary_large_image","twitter_misc":{"Tempo estimado de leitura":"1 minuto"},"schema":{"@context":"https:\/\/schema.org","@graph":[{"@type":"WebPage","@id":"https:\/\/lovme.pt\/index.php\/produto\/anais-men-aegis-t-shirt-s\/","url":"https:\/\/lovme.pt\/index.php\/produto\/anais-men-aegis-t-shirt-s\/","name":"ANAIS MEN - AEGIS CAMISETA S - Lovme","isPartOf":{"@id":"https:\/\/lovme.pt\/#website"},"primaryImageOfPage":{"@id":"https:\/\/lovme.pt\/index.php\/produto\/anais-men-aegis-t-shirt-s\/#primaryimage"},"image":{"@id":"https:\/\/lovme.pt\/index.php\/produto\/anais-men-aegis-t-shirt-s\/#primaryimage"},"thumbnailUrl":"https:\/\/erki24nd3ub.exactdn.com\/wp-content\/uploads\/dream\/img\/img_160498_9f4d2f18bc5b5f96b5acb5a2d726c2d9_1.jpg?strip=all","datePublished":"2025-09-30T09:51:35+00:00","dateModified":"2026-02-19T20:23:16+00:00","breadcrumb":{"@id":"https:\/\/lovme.pt\/index.php\/produto\/anais-men-aegis-t-shirt-s\/#breadcrumb"},"inLanguage":"pt-PT","potentialAction":[{"@type":"ReadAction","target":["https:\/\/lovme.pt\/index.php\/produto\/anais-men-aegis-t-shirt-s\/"]}]},{"@type":"ImageObject","inLanguage":"pt-PT","@id":"https:\/\/lovme.pt\/index.php\/produto\/anais-men-aegis-t-shirt-s\/#primaryimage","url":"https:\/\/erki24nd3ub.exactdn.com\/wp-content\/uploads\/dream\/img\/img_160498_9f4d2f18bc5b5f96b5acb5a2d726c2d9_1.jpg?strip=all","contentUrl":"https:\/\/erki24nd3ub.exactdn.com\/wp-content\/uploads\/dream\/img\/img_160498_9f4d2f18bc5b5f96b5acb5a2d726c2d9_1.jpg?strip=all","width":800,"height":800},{"@type":"BreadcrumbList","@id":"https:\/\/lovme.pt\/index.php\/produto\/anais-men-aegis-t-shirt-s\/#breadcrumb","itemListElement":[{"@type":"ListItem","position":1,"name":"In\u00edcio","item":"https:\/\/lovme.pt\/"},{"@type":"ListItem","position":2,"name":"Loja","item":"https:\/\/lovme.pt\/index.php\/loja\/"},{"@type":"ListItem","position":3,"name":"ANAIS MEN &#8211; AEGIS CAMISETA S"}]},{"@type":"WebSite","@id":"https:\/\/lovme.pt\/#website","url":"https:\/\/lovme.pt\/","name":"Lovme Loja Er\u00f3tica N\u00ba1 em Portugal","description":"A melhor loja er\u00f3tica de Portugal.","alternateName":"Loja Er\u00f3tica Lovme","potentialAction":[{"@type":"SearchAction","target":{"@type":"EntryPoint","urlTemplate":"https:\/\/lovme.pt\/?s={search_term_string}"},"query-input":{"@type":"PropertyValueSpecification","valueRequired":true,"valueName":"search_term_string"}}],"inLanguage":"pt-PT"}]}},"_links":{"self":[{"href":"https:\/\/lovme.pt\/index.php\/wp-json\/wp\/v2\/product\/45958","targetHints":{"allow":["GET"]}}],"collection":[{"href":"https:\/\/lovme.pt\/index.php\/wp-json\/wp\/v2\/product"}],"about":[{"href":"https:\/\/lovme.pt\/index.php\/wp-json\/wp\/v2\/types\/product"}],"wp:featuredmedia":[{"embeddable":true,"href":"https:\/\/lovme.pt\/index.php\/wp-json\/wp\/v2\/media\/58181"}],"wp:attachment":[{"href":"https:\/\/lovme.pt\/index.php\/wp-json\/wp\/v2\/media?parent=45958"}],"wp:term":[{"taxonomy":"product_brand","embeddable":true,"href":"https:\/\/lovme.pt\/index.php\/wp-json\/wp\/v2\/product_brand?post=45958"},{"taxonomy":"product_cat","embeddable":true,"href":"https:\/\/lovme.pt\/index.php\/wp-json\/wp\/v2\/product_cat?post=45958"},{"taxonomy":"product_tag","embeddable":true,"href":"https:\/\/lovme.pt\/index.php\/wp-json\/wp\/v2\/product_tag?post=45958"}],"curies":[{"name":"wp","href":"https:\/\/api.w.org\/{rel}","templated":true}]}}