{"id":45935,"date":"2025-09-30T20:46:50","date_gmt":"2025-09-30T20:46:50","guid":{"rendered":"https:\/\/lovme.pt\/?post_type=product&p=45935"},"modified":"2026-02-19T20:08:55","modified_gmt":"2026-02-19T20:08:55","slug":"pretty-love-estimulador-e-ovo-porttil","status":"publish","type":"product","link":"https:\/\/lovme.pt\/index.php\/produto\/pretty-love-estimulador-e-ovo-porttil\/","title":{"rendered":"PRETTY LOVE &#8211; ESTIMULADOR E OVO PORTTIL"},"content":{"rendered":"<p>Este ovo vibrat\u00f3rio recarreg\u00e1vel e estimulador de batidas s\u00e3o um \u00f3timo complemento para sua brincadeira solo, mas tamb\u00e9m t\u00eam o tamanho port\u00e1til perfeito para brincadeiras em casal. Feito de silicone roxo macio com cord\u00e3o flex\u00edvel, o ovo \u00e9 ideal para estimula\u00e7\u00e3o externa, mas tamb\u00e9m \u00e9 adequado para uso interno. Por que n\u00e3o experimentar usar este ovo estimulante nas preliminares com seu parceiro ou at\u00e9 mesmo inseri-lo para uma ousada ida \u00e0s compras? As 12 velocidades s\u00e3o controladas por bot\u00f5es no corpo do brinquedo e cada uma oferece um padr\u00e3o diferente que por sua vez lhe enviar\u00e1 uma variedade de sensa\u00e7\u00f5es. Totalmente recarreg\u00e1vel, esse ovo vem com um cabo de carregamento USB que precisa ser inserido firmemente na base do brinquedo para carregar. O estimulador de toque de 4 modos tamb\u00e9m \u00e9 uma op\u00e7\u00e3o perfeita para sensa\u00e7\u00f5es de intensidade vari\u00e1vel.<\/p>\n<p> <u><strong>Caracter\u00edsticas:<\/strong><\/u><\/p>\n<ul>\n<li> Fun\u00e7\u00e3o: 12 fun\u00e7\u00f5es de vibra\u00e7\u00e3o, 4 modos de toque<\/li>\n<li> Alimenta\u00e7\u00e3o: USB recarreg\u00e1vel<\/li>\n<li> Material: silicone ABS<\/li>\n<\/ul>\n<p> A Pretty Love fabrica produtos de alta qualidade. T\u00eam garantia de 1 ano para defeitos t\u00e9cnicos.<\/p>\n","protected":false},"excerpt":{"rendered":"<p>PRETTY LOVE &#8211; ESTIMULADOR E OVO PORTTIL<\/p>\n","protected":false},"featured_media":72586,"template":"","meta":{"_acf_changed":false},"product_brand":[],"product_cat":[17,61],"product_tag":[],"class_list":{"0":"post-45935","1":"product","2":"type-product","3":"status-publish","4":"has-post-thumbnail","6":"product_cat-brinquedos-de-bem-estar-sexual","7":"product_cat-para-elas","8":"yith_product_brand-pretty-love","9":"yith_product_brand-pretty-lovepretty-love-youth","11":"first","12":"instock","13":"taxable","14":"shipping-taxable","15":"purchasable","16":"product-type-simple"},"acf":[],"yoast_head":"<!-- This site is optimized with the Yoast SEO plugin v27.4 - https:\/\/yoast.com\/product\/yoast-seo-wordpress\/ -->\n<title>PRETTY LOVE - ESTIMULADOR E OVO PORTTIL - Lovme<\/title>\n<meta name=\"robots\" content=\"index, follow, max-snippet:-1, max-image-preview:large, max-video-preview:-1\" \/>\n<link rel=\"canonical\" href=\"https:\/\/lovme.pt\/index.php\/produto\/pretty-love-estimulador-e-ovo-porttil\/\" \/>\n<meta property=\"og:locale\" content=\"pt_PT\" \/>\n<meta property=\"og:type\" content=\"article\" \/>\n<meta property=\"og:title\" content=\"PRETTY LOVE - ESTIMULADOR E OVO PORTTIL - Lovme\" \/>\n<meta property=\"og:description\" content=\"PRETTY LOVE - ESTIMULADOR E OVO PORTTIL\" \/>\n<meta property=\"og:url\" content=\"https:\/\/lovme.pt\/index.php\/produto\/pretty-love-estimulador-e-ovo-porttil\/\" \/>\n<meta property=\"og:site_name\" content=\"Lovme\" \/>\n<meta property=\"article:modified_time\" content=\"2026-02-19T20:08:55+00:00\" \/>\n<meta property=\"og:image\" content=\"https:\/\/erki24nd3ub.exactdn.com\/wp-content\/uploads\/dream\/img\/img_160137_d6effe33373083b62c105ec98433fd77_1.jpg?strip=all\" \/>\n\t<meta property=\"og:image:width\" content=\"800\" \/>\n\t<meta property=\"og:image:height\" content=\"800\" \/>\n\t<meta property=\"og:image:type\" content=\"image\/jpeg\" \/>\n<meta name=\"twitter:card\" content=\"summary_large_image\" \/>\n<meta name=\"twitter:label1\" content=\"Tempo estimado de leitura\" \/>\n\t<meta name=\"twitter:data1\" content=\"1 minuto\" \/>\n<script type=\"application\/ld+json\" class=\"yoast-schema-graph\">{\"@context\":\"https:\\\/\\\/schema.org\",\"@graph\":[{\"@type\":\"WebPage\",\"@id\":\"https:\\\/\\\/lovme.pt\\\/index.php\\\/produto\\\/pretty-love-estimulador-e-ovo-porttil\\\/\",\"url\":\"https:\\\/\\\/lovme.pt\\\/index.php\\\/produto\\\/pretty-love-estimulador-e-ovo-porttil\\\/\",\"name\":\"PRETTY LOVE - ESTIMULADOR E OVO PORTTIL - Lovme\",\"isPartOf\":{\"@id\":\"https:\\\/\\\/lovme.pt\\\/#website\"},\"primaryImageOfPage\":{\"@id\":\"https:\\\/\\\/lovme.pt\\\/index.php\\\/produto\\\/pretty-love-estimulador-e-ovo-porttil\\\/#primaryimage\"},\"image\":{\"@id\":\"https:\\\/\\\/lovme.pt\\\/index.php\\\/produto\\\/pretty-love-estimulador-e-ovo-porttil\\\/#primaryimage\"},\"thumbnailUrl\":\"https:\\\/\\\/erki24nd3ub.exactdn.com\\\/wp-content\\\/uploads\\\/dream\\\/img\\\/img_160137_d6effe33373083b62c105ec98433fd77_1.jpg?strip=all\",\"datePublished\":\"2025-09-30T20:46:50+00:00\",\"dateModified\":\"2026-02-19T20:08:55+00:00\",\"breadcrumb\":{\"@id\":\"https:\\\/\\\/lovme.pt\\\/index.php\\\/produto\\\/pretty-love-estimulador-e-ovo-porttil\\\/#breadcrumb\"},\"inLanguage\":\"pt-PT\",\"potentialAction\":[{\"@type\":\"ReadAction\",\"target\":[\"https:\\\/\\\/lovme.pt\\\/index.php\\\/produto\\\/pretty-love-estimulador-e-ovo-porttil\\\/\"]}]},{\"@type\":\"ImageObject\",\"inLanguage\":\"pt-PT\",\"@id\":\"https:\\\/\\\/lovme.pt\\\/index.php\\\/produto\\\/pretty-love-estimulador-e-ovo-porttil\\\/#primaryimage\",\"url\":\"https:\\\/\\\/erki24nd3ub.exactdn.com\\\/wp-content\\\/uploads\\\/dream\\\/img\\\/img_160137_d6effe33373083b62c105ec98433fd77_1.jpg?strip=all\",\"contentUrl\":\"https:\\\/\\\/erki24nd3ub.exactdn.com\\\/wp-content\\\/uploads\\\/dream\\\/img\\\/img_160137_d6effe33373083b62c105ec98433fd77_1.jpg?strip=all\",\"width\":800,\"height\":800},{\"@type\":\"BreadcrumbList\",\"@id\":\"https:\\\/\\\/lovme.pt\\\/index.php\\\/produto\\\/pretty-love-estimulador-e-ovo-porttil\\\/#breadcrumb\",\"itemListElement\":[{\"@type\":\"ListItem\",\"position\":1,\"name\":\"In\u00edcio\",\"item\":\"https:\\\/\\\/lovme.pt\\\/\"},{\"@type\":\"ListItem\",\"position\":2,\"name\":\"Loja\",\"item\":\"https:\\\/\\\/lovme.pt\\\/index.php\\\/loja\\\/\"},{\"@type\":\"ListItem\",\"position\":3,\"name\":\"PRETTY LOVE &#8211; ESTIMULADOR E OVO PORTTIL\"}]},{\"@type\":\"WebSite\",\"@id\":\"https:\\\/\\\/lovme.pt\\\/#website\",\"url\":\"https:\\\/\\\/lovme.pt\\\/\",\"name\":\"Lovme Loja Er\u00f3tica N\u00ba1 em Portugal\",\"description\":\"A melhor loja er\u00f3tica de Portugal.\",\"alternateName\":\"Loja Er\u00f3tica Lovme\",\"potentialAction\":[{\"@type\":\"SearchAction\",\"target\":{\"@type\":\"EntryPoint\",\"urlTemplate\":\"https:\\\/\\\/lovme.pt\\\/?s={search_term_string}\"},\"query-input\":{\"@type\":\"PropertyValueSpecification\",\"valueRequired\":true,\"valueName\":\"search_term_string\"}}],\"inLanguage\":\"pt-PT\"}]}<\/script>\n<!-- \/ Yoast SEO plugin. -->","yoast_head_json":{"title":"PRETTY LOVE - ESTIMULADOR E OVO PORTTIL - Lovme","robots":{"index":"index","follow":"follow","max-snippet":"max-snippet:-1","max-image-preview":"max-image-preview:large","max-video-preview":"max-video-preview:-1"},"canonical":"https:\/\/lovme.pt\/index.php\/produto\/pretty-love-estimulador-e-ovo-porttil\/","og_locale":"pt_PT","og_type":"article","og_title":"PRETTY LOVE - ESTIMULADOR E OVO PORTTIL - Lovme","og_description":"PRETTY LOVE - ESTIMULADOR E OVO PORTTIL","og_url":"https:\/\/lovme.pt\/index.php\/produto\/pretty-love-estimulador-e-ovo-porttil\/","og_site_name":"Lovme","article_modified_time":"2026-02-19T20:08:55+00:00","og_image":[{"width":800,"height":800,"url":"https:\/\/erki24nd3ub.exactdn.com\/wp-content\/uploads\/dream\/img\/img_160137_d6effe33373083b62c105ec98433fd77_1.jpg?strip=all","type":"image\/jpeg"}],"twitter_card":"summary_large_image","twitter_misc":{"Tempo estimado de leitura":"1 minuto"},"schema":{"@context":"https:\/\/schema.org","@graph":[{"@type":"WebPage","@id":"https:\/\/lovme.pt\/index.php\/produto\/pretty-love-estimulador-e-ovo-porttil\/","url":"https:\/\/lovme.pt\/index.php\/produto\/pretty-love-estimulador-e-ovo-porttil\/","name":"PRETTY LOVE - ESTIMULADOR E OVO PORTTIL - Lovme","isPartOf":{"@id":"https:\/\/lovme.pt\/#website"},"primaryImageOfPage":{"@id":"https:\/\/lovme.pt\/index.php\/produto\/pretty-love-estimulador-e-ovo-porttil\/#primaryimage"},"image":{"@id":"https:\/\/lovme.pt\/index.php\/produto\/pretty-love-estimulador-e-ovo-porttil\/#primaryimage"},"thumbnailUrl":"https:\/\/erki24nd3ub.exactdn.com\/wp-content\/uploads\/dream\/img\/img_160137_d6effe33373083b62c105ec98433fd77_1.jpg?strip=all","datePublished":"2025-09-30T20:46:50+00:00","dateModified":"2026-02-19T20:08:55+00:00","breadcrumb":{"@id":"https:\/\/lovme.pt\/index.php\/produto\/pretty-love-estimulador-e-ovo-porttil\/#breadcrumb"},"inLanguage":"pt-PT","potentialAction":[{"@type":"ReadAction","target":["https:\/\/lovme.pt\/index.php\/produto\/pretty-love-estimulador-e-ovo-porttil\/"]}]},{"@type":"ImageObject","inLanguage":"pt-PT","@id":"https:\/\/lovme.pt\/index.php\/produto\/pretty-love-estimulador-e-ovo-porttil\/#primaryimage","url":"https:\/\/erki24nd3ub.exactdn.com\/wp-content\/uploads\/dream\/img\/img_160137_d6effe33373083b62c105ec98433fd77_1.jpg?strip=all","contentUrl":"https:\/\/erki24nd3ub.exactdn.com\/wp-content\/uploads\/dream\/img\/img_160137_d6effe33373083b62c105ec98433fd77_1.jpg?strip=all","width":800,"height":800},{"@type":"BreadcrumbList","@id":"https:\/\/lovme.pt\/index.php\/produto\/pretty-love-estimulador-e-ovo-porttil\/#breadcrumb","itemListElement":[{"@type":"ListItem","position":1,"name":"In\u00edcio","item":"https:\/\/lovme.pt\/"},{"@type":"ListItem","position":2,"name":"Loja","item":"https:\/\/lovme.pt\/index.php\/loja\/"},{"@type":"ListItem","position":3,"name":"PRETTY LOVE &#8211; ESTIMULADOR E OVO PORTTIL"}]},{"@type":"WebSite","@id":"https:\/\/lovme.pt\/#website","url":"https:\/\/lovme.pt\/","name":"Lovme Loja Er\u00f3tica N\u00ba1 em Portugal","description":"A melhor loja er\u00f3tica de Portugal.","alternateName":"Loja Er\u00f3tica Lovme","potentialAction":[{"@type":"SearchAction","target":{"@type":"EntryPoint","urlTemplate":"https:\/\/lovme.pt\/?s={search_term_string}"},"query-input":{"@type":"PropertyValueSpecification","valueRequired":true,"valueName":"search_term_string"}}],"inLanguage":"pt-PT"}]}},"_links":{"self":[{"href":"https:\/\/lovme.pt\/index.php\/wp-json\/wp\/v2\/product\/45935","targetHints":{"allow":["GET"]}}],"collection":[{"href":"https:\/\/lovme.pt\/index.php\/wp-json\/wp\/v2\/product"}],"about":[{"href":"https:\/\/lovme.pt\/index.php\/wp-json\/wp\/v2\/types\/product"}],"wp:featuredmedia":[{"embeddable":true,"href":"https:\/\/lovme.pt\/index.php\/wp-json\/wp\/v2\/media\/72586"}],"wp:attachment":[{"href":"https:\/\/lovme.pt\/index.php\/wp-json\/wp\/v2\/media?parent=45935"}],"wp:term":[{"taxonomy":"product_brand","embeddable":true,"href":"https:\/\/lovme.pt\/index.php\/wp-json\/wp\/v2\/product_brand?post=45935"},{"taxonomy":"product_cat","embeddable":true,"href":"https:\/\/lovme.pt\/index.php\/wp-json\/wp\/v2\/product_cat?post=45935"},{"taxonomy":"product_tag","embeddable":true,"href":"https:\/\/lovme.pt\/index.php\/wp-json\/wp\/v2\/product_tag?post=45935"}],"curies":[{"name":"wp","href":"https:\/\/api.w.org\/{rel}","templated":true}]}}