{"id":45934,"date":"2025-09-30T20:46:49","date_gmt":"2025-09-30T20:46:49","guid":{"rendered":"https:\/\/lovme.pt\/?post_type=product&p=45934"},"modified":"2026-02-19T20:08:55","modified_gmt":"2026-02-19T20:08:55","slug":"pretty-love-estimulador-vibrador-recarregvel-daisy-youth-violet","status":"publish","type":"product","link":"https:\/\/lovme.pt\/index.php\/produto\/pretty-love-estimulador-vibrador-recarregvel-daisy-youth-violet\/","title":{"rendered":"PRETTY LOVE &#8211; ESTIMULADOR VIBRADOR RECARREGVEL DAISY YOUTH VIOLET"},"content":{"rendered":"<p>Projetado para oferecer estimula\u00e7\u00e3o dupla com 12 fun\u00e7\u00f5es de vibra\u00e7\u00e3o e 3 fun\u00e7\u00f5es de lambida, este ovo vibrat\u00f3rio \u00e9 uma for\u00e7a a ser reconhecida. Desfrute do dobro do prazer simultaneamente para m\u00e1xima satisfa\u00e7\u00e3o. A fun\u00e7\u00e3o de mem\u00f3ria registrar\u00e1 suas configura\u00e7\u00f5es favoritas e, com 12 fun\u00e7\u00f5es de vibra\u00e7\u00e3o, voc\u00ea n\u00e3o ter\u00e1 problemas para encontrar aquela que o leva ao limite. Feito de silicone lindo, este brinquedo \u00e9 t\u00e3o incr\u00edvel em suas m\u00e3os quanto dentro de voc\u00ea.<\/p>\n<p> O Ovo Vibrat\u00f3rio Estimulante com Fun\u00e7\u00e3o de Vibra\u00e7\u00e3o e Lambida \u00e9 um dispositivo inovador projetado para elevar a experi\u00eancia \u00edntima a novos patamares de prazer e excita\u00e7\u00e3o. Feito com materiais seguros para o corpo, este brinquedo \u00edntimo apresenta um design elegante e ergon\u00f4mico que se adapta perfeitamente \u00e0 anatomia feminina, proporcionando conforto e satisfa\u00e7\u00e3o.<\/p>\n<p> Este dispositivo compacto, que lembra um ovo, abriga potentes motores vibrat\u00f3rios que oferecem uma ampla gama de intensidades e padr\u00f5es para atender \u00e0s prefer\u00eancias individuais. Al\u00e9m disso, incorpora uma fun\u00e7\u00e3o \u00fanica de lamber, que simula a sensa\u00e7\u00e3o de estimula\u00e7\u00e3o oral, acrescentando um elemento sensual e realista \u00e0 experi\u00eancia.<\/p>\n<p> O controle remoto sem fio permite que o usu\u00e1rio ou seu parceiro personalize e ajuste as vibra\u00e7\u00f5es e a fun\u00e7\u00e3o de lambida, proporcionando controle total sobre a intensidade e velocidade das sensa\u00e7\u00f5es. Esse recurso n\u00e3o apenas acrescenta excita\u00e7\u00e3o \u00e0s preliminares, mas tamb\u00e9m incentiva a explora\u00e7\u00e3o de novas formas de prazer \u00edntimo.<\/p>\n<p> A versatilidade deste ovo vibrat\u00f3rio \u00e9 destacada pela sua capacidade de ser utilizado em v\u00e1rios ambientes, seja na privacidade da casa ou em locais mais p\u00fablicos, gra\u00e7as ao seu tamanho discreto e funcionamento silencioso. Esta discri\u00e7\u00e3o permite ao casal partilhar momentos \u00edntimos e emocionantes, levando a cumplicidade e a liga\u00e7\u00e3o a um n\u00edvel mais profundo.<\/p>\n<p> Al\u00e9m de proporcionar prazer sensual, esse brinquedo er\u00f3tico tamb\u00e9m pode trazer benef\u00edcios \u00e0 sa\u00fade sexual. A estimula\u00e7\u00e3o vibrat\u00f3ria e lambida pode aumentar a circula\u00e7\u00e3o sangu\u00ednea, melhorar a sensibilidade e contribuir para o bem-estar geral.<\/p>\n<\/p>\n<p> <u><strong>CARACTER\u00cdSTICAS:<\/strong><\/u><\/p>\n<ul>\n<li> Fun\u00e7\u00e3o: 12 fun\u00e7\u00f5es de vibra\u00e7\u00e3o + 3 fun\u00e7\u00f5es de lamber + fun\u00e7\u00e3o de mem\u00f3ria<\/li>\n<li> Carregamento: USB recarreg\u00e1vel<\/li>\n<li> Material: silicone ABS<\/li>\n<li> Cor: Violeta<\/li>\n<\/ul>\n","protected":false},"excerpt":{"rendered":"<p>PRETTY LOVE &#8211; ESTIMULADOR VIBRADOR RECARREGVEL DAISY YOUTH VIOLET<\/p>\n","protected":false},"featured_media":72581,"template":"","meta":{"_acf_changed":false},"product_brand":[],"product_cat":[17,61,76],"product_tag":[],"class_list":{"0":"post-45934","1":"product","2":"type-product","3":"status-publish","4":"has-post-thumbnail","6":"product_cat-brinquedos-de-bem-estar-sexual","7":"product_cat-para-elas","8":"product_cat-vibradores","9":"yith_product_brand-pretty-love","10":"yith_product_brand-pretty-lovepretty-love-youth","12":"first","13":"instock","14":"taxable","15":"shipping-taxable","16":"purchasable","17":"product-type-simple"},"acf":[],"yoast_head":"<!-- This site is optimized with the Yoast SEO plugin v27.4 - https:\/\/yoast.com\/product\/yoast-seo-wordpress\/ -->\n<title>PRETTY LOVE - ESTIMULADOR VIBRADOR RECARREGVEL DAISY YOUTH VIOLET - Lovme<\/title>\n<meta name=\"robots\" content=\"index, follow, max-snippet:-1, max-image-preview:large, max-video-preview:-1\" \/>\n<link rel=\"canonical\" href=\"https:\/\/lovme.pt\/index.php\/produto\/pretty-love-estimulador-vibrador-recarregvel-daisy-youth-violet\/\" \/>\n<meta property=\"og:locale\" content=\"pt_PT\" \/>\n<meta property=\"og:type\" content=\"article\" \/>\n<meta property=\"og:title\" content=\"PRETTY LOVE - ESTIMULADOR VIBRADOR RECARREGVEL DAISY YOUTH VIOLET - Lovme\" \/>\n<meta property=\"og:description\" content=\"PRETTY LOVE - ESTIMULADOR VIBRADOR RECARREGVEL DAISY YOUTH VIOLET\" \/>\n<meta property=\"og:url\" content=\"https:\/\/lovme.pt\/index.php\/produto\/pretty-love-estimulador-vibrador-recarregvel-daisy-youth-violet\/\" \/>\n<meta property=\"og:site_name\" content=\"Lovme\" \/>\n<meta property=\"article:modified_time\" content=\"2026-02-19T20:08:55+00:00\" \/>\n<meta property=\"og:image\" content=\"https:\/\/erki24nd3ub.exactdn.com\/wp-content\/uploads\/dream\/img\/img_160122_8137ef0ffcde6b836a74493f6c0f9795_1.jpg?strip=all\" \/>\n\t<meta property=\"og:image:width\" content=\"800\" \/>\n\t<meta property=\"og:image:height\" content=\"800\" \/>\n\t<meta property=\"og:image:type\" content=\"image\/jpeg\" \/>\n<meta name=\"twitter:card\" content=\"summary_large_image\" \/>\n<meta name=\"twitter:label1\" content=\"Tempo estimado de leitura\" \/>\n\t<meta name=\"twitter:data1\" content=\"2 minutos\" \/>\n<script type=\"application\/ld+json\" class=\"yoast-schema-graph\">{\"@context\":\"https:\\\/\\\/schema.org\",\"@graph\":[{\"@type\":\"WebPage\",\"@id\":\"https:\\\/\\\/lovme.pt\\\/index.php\\\/produto\\\/pretty-love-estimulador-vibrador-recarregvel-daisy-youth-violet\\\/\",\"url\":\"https:\\\/\\\/lovme.pt\\\/index.php\\\/produto\\\/pretty-love-estimulador-vibrador-recarregvel-daisy-youth-violet\\\/\",\"name\":\"PRETTY LOVE - ESTIMULADOR VIBRADOR RECARREGVEL DAISY YOUTH VIOLET - Lovme\",\"isPartOf\":{\"@id\":\"https:\\\/\\\/lovme.pt\\\/#website\"},\"primaryImageOfPage\":{\"@id\":\"https:\\\/\\\/lovme.pt\\\/index.php\\\/produto\\\/pretty-love-estimulador-vibrador-recarregvel-daisy-youth-violet\\\/#primaryimage\"},\"image\":{\"@id\":\"https:\\\/\\\/lovme.pt\\\/index.php\\\/produto\\\/pretty-love-estimulador-vibrador-recarregvel-daisy-youth-violet\\\/#primaryimage\"},\"thumbnailUrl\":\"https:\\\/\\\/erki24nd3ub.exactdn.com\\\/wp-content\\\/uploads\\\/dream\\\/img\\\/img_160122_8137ef0ffcde6b836a74493f6c0f9795_1.jpg?strip=all\",\"datePublished\":\"2025-09-30T20:46:49+00:00\",\"dateModified\":\"2026-02-19T20:08:55+00:00\",\"breadcrumb\":{\"@id\":\"https:\\\/\\\/lovme.pt\\\/index.php\\\/produto\\\/pretty-love-estimulador-vibrador-recarregvel-daisy-youth-violet\\\/#breadcrumb\"},\"inLanguage\":\"pt-PT\",\"potentialAction\":[{\"@type\":\"ReadAction\",\"target\":[\"https:\\\/\\\/lovme.pt\\\/index.php\\\/produto\\\/pretty-love-estimulador-vibrador-recarregvel-daisy-youth-violet\\\/\"]}]},{\"@type\":\"ImageObject\",\"inLanguage\":\"pt-PT\",\"@id\":\"https:\\\/\\\/lovme.pt\\\/index.php\\\/produto\\\/pretty-love-estimulador-vibrador-recarregvel-daisy-youth-violet\\\/#primaryimage\",\"url\":\"https:\\\/\\\/erki24nd3ub.exactdn.com\\\/wp-content\\\/uploads\\\/dream\\\/img\\\/img_160122_8137ef0ffcde6b836a74493f6c0f9795_1.jpg?strip=all\",\"contentUrl\":\"https:\\\/\\\/erki24nd3ub.exactdn.com\\\/wp-content\\\/uploads\\\/dream\\\/img\\\/img_160122_8137ef0ffcde6b836a74493f6c0f9795_1.jpg?strip=all\",\"width\":800,\"height\":800},{\"@type\":\"BreadcrumbList\",\"@id\":\"https:\\\/\\\/lovme.pt\\\/index.php\\\/produto\\\/pretty-love-estimulador-vibrador-recarregvel-daisy-youth-violet\\\/#breadcrumb\",\"itemListElement\":[{\"@type\":\"ListItem\",\"position\":1,\"name\":\"In\u00edcio\",\"item\":\"https:\\\/\\\/lovme.pt\\\/\"},{\"@type\":\"ListItem\",\"position\":2,\"name\":\"Loja\",\"item\":\"https:\\\/\\\/lovme.pt\\\/index.php\\\/loja\\\/\"},{\"@type\":\"ListItem\",\"position\":3,\"name\":\"PRETTY LOVE &#8211; ESTIMULADOR VIBRADOR RECARREGVEL DAISY YOUTH VIOLET\"}]},{\"@type\":\"WebSite\",\"@id\":\"https:\\\/\\\/lovme.pt\\\/#website\",\"url\":\"https:\\\/\\\/lovme.pt\\\/\",\"name\":\"Lovme Loja Er\u00f3tica N\u00ba1 em Portugal\",\"description\":\"A melhor loja er\u00f3tica de Portugal.\",\"alternateName\":\"Loja Er\u00f3tica Lovme\",\"potentialAction\":[{\"@type\":\"SearchAction\",\"target\":{\"@type\":\"EntryPoint\",\"urlTemplate\":\"https:\\\/\\\/lovme.pt\\\/?s={search_term_string}\"},\"query-input\":{\"@type\":\"PropertyValueSpecification\",\"valueRequired\":true,\"valueName\":\"search_term_string\"}}],\"inLanguage\":\"pt-PT\"}]}<\/script>\n<!-- \/ Yoast SEO plugin. -->","yoast_head_json":{"title":"PRETTY LOVE - ESTIMULADOR VIBRADOR RECARREGVEL DAISY YOUTH VIOLET - Lovme","robots":{"index":"index","follow":"follow","max-snippet":"max-snippet:-1","max-image-preview":"max-image-preview:large","max-video-preview":"max-video-preview:-1"},"canonical":"https:\/\/lovme.pt\/index.php\/produto\/pretty-love-estimulador-vibrador-recarregvel-daisy-youth-violet\/","og_locale":"pt_PT","og_type":"article","og_title":"PRETTY LOVE - ESTIMULADOR VIBRADOR RECARREGVEL DAISY YOUTH VIOLET - Lovme","og_description":"PRETTY LOVE - ESTIMULADOR VIBRADOR RECARREGVEL DAISY YOUTH VIOLET","og_url":"https:\/\/lovme.pt\/index.php\/produto\/pretty-love-estimulador-vibrador-recarregvel-daisy-youth-violet\/","og_site_name":"Lovme","article_modified_time":"2026-02-19T20:08:55+00:00","og_image":[{"width":800,"height":800,"url":"https:\/\/erki24nd3ub.exactdn.com\/wp-content\/uploads\/dream\/img\/img_160122_8137ef0ffcde6b836a74493f6c0f9795_1.jpg?strip=all","type":"image\/jpeg"}],"twitter_card":"summary_large_image","twitter_misc":{"Tempo estimado de leitura":"2 minutos"},"schema":{"@context":"https:\/\/schema.org","@graph":[{"@type":"WebPage","@id":"https:\/\/lovme.pt\/index.php\/produto\/pretty-love-estimulador-vibrador-recarregvel-daisy-youth-violet\/","url":"https:\/\/lovme.pt\/index.php\/produto\/pretty-love-estimulador-vibrador-recarregvel-daisy-youth-violet\/","name":"PRETTY LOVE - ESTIMULADOR VIBRADOR RECARREGVEL DAISY YOUTH VIOLET - Lovme","isPartOf":{"@id":"https:\/\/lovme.pt\/#website"},"primaryImageOfPage":{"@id":"https:\/\/lovme.pt\/index.php\/produto\/pretty-love-estimulador-vibrador-recarregvel-daisy-youth-violet\/#primaryimage"},"image":{"@id":"https:\/\/lovme.pt\/index.php\/produto\/pretty-love-estimulador-vibrador-recarregvel-daisy-youth-violet\/#primaryimage"},"thumbnailUrl":"https:\/\/erki24nd3ub.exactdn.com\/wp-content\/uploads\/dream\/img\/img_160122_8137ef0ffcde6b836a74493f6c0f9795_1.jpg?strip=all","datePublished":"2025-09-30T20:46:49+00:00","dateModified":"2026-02-19T20:08:55+00:00","breadcrumb":{"@id":"https:\/\/lovme.pt\/index.php\/produto\/pretty-love-estimulador-vibrador-recarregvel-daisy-youth-violet\/#breadcrumb"},"inLanguage":"pt-PT","potentialAction":[{"@type":"ReadAction","target":["https:\/\/lovme.pt\/index.php\/produto\/pretty-love-estimulador-vibrador-recarregvel-daisy-youth-violet\/"]}]},{"@type":"ImageObject","inLanguage":"pt-PT","@id":"https:\/\/lovme.pt\/index.php\/produto\/pretty-love-estimulador-vibrador-recarregvel-daisy-youth-violet\/#primaryimage","url":"https:\/\/erki24nd3ub.exactdn.com\/wp-content\/uploads\/dream\/img\/img_160122_8137ef0ffcde6b836a74493f6c0f9795_1.jpg?strip=all","contentUrl":"https:\/\/erki24nd3ub.exactdn.com\/wp-content\/uploads\/dream\/img\/img_160122_8137ef0ffcde6b836a74493f6c0f9795_1.jpg?strip=all","width":800,"height":800},{"@type":"BreadcrumbList","@id":"https:\/\/lovme.pt\/index.php\/produto\/pretty-love-estimulador-vibrador-recarregvel-daisy-youth-violet\/#breadcrumb","itemListElement":[{"@type":"ListItem","position":1,"name":"In\u00edcio","item":"https:\/\/lovme.pt\/"},{"@type":"ListItem","position":2,"name":"Loja","item":"https:\/\/lovme.pt\/index.php\/loja\/"},{"@type":"ListItem","position":3,"name":"PRETTY LOVE &#8211; ESTIMULADOR VIBRADOR RECARREGVEL DAISY YOUTH VIOLET"}]},{"@type":"WebSite","@id":"https:\/\/lovme.pt\/#website","url":"https:\/\/lovme.pt\/","name":"Lovme Loja Er\u00f3tica N\u00ba1 em Portugal","description":"A melhor loja er\u00f3tica de Portugal.","alternateName":"Loja Er\u00f3tica Lovme","potentialAction":[{"@type":"SearchAction","target":{"@type":"EntryPoint","urlTemplate":"https:\/\/lovme.pt\/?s={search_term_string}"},"query-input":{"@type":"PropertyValueSpecification","valueRequired":true,"valueName":"search_term_string"}}],"inLanguage":"pt-PT"}]}},"_links":{"self":[{"href":"https:\/\/lovme.pt\/index.php\/wp-json\/wp\/v2\/product\/45934","targetHints":{"allow":["GET"]}}],"collection":[{"href":"https:\/\/lovme.pt\/index.php\/wp-json\/wp\/v2\/product"}],"about":[{"href":"https:\/\/lovme.pt\/index.php\/wp-json\/wp\/v2\/types\/product"}],"wp:featuredmedia":[{"embeddable":true,"href":"https:\/\/lovme.pt\/index.php\/wp-json\/wp\/v2\/media\/72581"}],"wp:attachment":[{"href":"https:\/\/lovme.pt\/index.php\/wp-json\/wp\/v2\/media?parent=45934"}],"wp:term":[{"taxonomy":"product_brand","embeddable":true,"href":"https:\/\/lovme.pt\/index.php\/wp-json\/wp\/v2\/product_brand?post=45934"},{"taxonomy":"product_cat","embeddable":true,"href":"https:\/\/lovme.pt\/index.php\/wp-json\/wp\/v2\/product_cat?post=45934"},{"taxonomy":"product_tag","embeddable":true,"href":"https:\/\/lovme.pt\/index.php\/wp-json\/wp\/v2\/product_tag?post=45934"}],"curies":[{"name":"wp","href":"https:\/\/api.w.org\/{rel}","templated":true}]}}