{"id":45932,"date":"2025-09-30T20:46:46","date_gmt":"2025-09-30T20:46:46","guid":{"rendered":"https:\/\/lovme.pt\/?post_type=product&p=45932"},"modified":"2026-02-19T20:08:55","modified_gmt":"2026-02-19T20:08:55","slug":"pretty-love-bala-vibrante-darlene-youth-violet-mini","status":"publish","type":"product","link":"https:\/\/lovme.pt\/index.php\/produto\/pretty-love-bala-vibrante-darlene-youth-violet-mini\/","title":{"rendered":"PRETTY LOVE &#8211; BALA VIBRANTE DARLENE YOUTH VIOLET MINI"},"content":{"rendered":"<p>Esta mini bala vibrat\u00f3ria vem com 12 fun\u00e7\u00f5es. Especialmente quando uma garota precisa de um pouco mais de estimula\u00e7\u00e3o do clit\u00f3ris para entrar em puro \u00eaxtase e esta bala multivelocidade, mais silenciosa do que a maioria no mercado, tem o poder de fazer o truque apenas com a facilidade do dial! Seja brincando com o mamilo ou clit\u00f3ris ou compartilhando essas sensa\u00e7\u00f5es com seu amante, deixe esta bala ajud\u00e1-lo a avan\u00e7ar em dire\u00e7\u00e3o \u00e0 sua pr\u00f3xima experi\u00eancia clim\u00e1tica!<\/p>\n<p> O Mini Vibrador Bullet com Controle Remoto \u00e9 um estimulador compacto e vers\u00e1til projetado para proporcionar prazer personalizado e discreto. Com tamanho compacto e formato ergon\u00f4mico, essa pequena maravilha foi projetada para caber confortavelmente na palma da sua m\u00e3o, permitindo que seja usada sozinha ou em casal.<\/p>\n<p> Confeccionada com materiais de alta qualidade e textura de toque suave, a mini bala oferece uma agrad\u00e1vel experi\u00eancia sensual em contato com a pele. Seu design discreto e elegante o torna um brinquedo discreto e port\u00e1til que pode ser facilmente transportado na bolsa ou no bolso, permitindo levar a divers\u00e3o para qualquer lugar.<\/p>\n<p> O destaque desta mini bala \u00e9 o controle remoto sem fio, que adiciona um elemento emocionante \u00e0 experi\u00eancia. O controle remoto permite ao usu\u00e1rio explorar v\u00e1rias intensidades e padr\u00f5es de vibra\u00e7\u00e3o com facilidade, dando controle total tanto para quem o utiliza quanto para seu parceiro. Este atributo abre portas para preliminares emocionantes e aventuras \u00edntimas, j\u00e1 que o controle remoto pode ser usado de perto ou at\u00e9 mesmo de outro local, adicionando uma camada extra de antecipa\u00e7\u00e3o e mist\u00e9rio.<\/p>\n<p> Al\u00e9m disso, o mini vibrador bullet costuma possuir diversos modos de vibra\u00e7\u00e3o, desde pulsa\u00e7\u00f5es suaves at\u00e9 vibra\u00e7\u00f5es intensas, para se adaptar \u00e0s prefer\u00eancias individuais de cada usu\u00e1rio. Seu motor silencioso garante discri\u00e7\u00e3o durante o uso, permitindo que voc\u00ea aproveite a experi\u00eancia sem preocupa\u00e7\u00f5es<\/p>\n<\/p>\n<p> <b><u>CARACTER\u00cdSTICAS:<\/u><\/b><\/p>\n<ul>\n<li> Fun\u00e7\u00e3o: 12 fun\u00e7\u00f5es de vibra\u00e7\u00e3o + Controle Remoto<\/li>\n<li> Carregamento: 2 pilhas AAA<\/li>\n<li> Material: silicone ABS<\/li>\n<li> Cor: Violeta<\/li>\n<\/ul>\n","protected":false},"excerpt":{"rendered":"<p>PRETTY LOVE &#8211; BALA VIBRANTE DARLENE YOUTH VIOLET MINI<\/p>\n","protected":false},"featured_media":72571,"template":"","meta":{"_acf_changed":false},"product_brand":[],"product_cat":[17,61],"product_tag":[],"class_list":{"0":"post-45932","1":"product","2":"type-product","3":"status-publish","4":"has-post-thumbnail","6":"product_cat-brinquedos-de-bem-estar-sexual","7":"product_cat-para-elas","8":"yith_product_brand-pretty-love","9":"yith_product_brand-pretty-lovepretty-love-youth","11":"first","12":"instock","13":"taxable","14":"shipping-taxable","15":"purchasable","16":"product-type-simple"},"acf":[],"yoast_head":"<!-- This site is optimized with the Yoast SEO plugin v27.4 - https:\/\/yoast.com\/product\/yoast-seo-wordpress\/ -->\n<title>PRETTY LOVE - BALA VIBRANTE DARLENE YOUTH VIOLET MINI - Lovme<\/title>\n<meta name=\"robots\" content=\"index, follow, max-snippet:-1, max-image-preview:large, max-video-preview:-1\" \/>\n<link rel=\"canonical\" href=\"https:\/\/lovme.pt\/index.php\/produto\/pretty-love-bala-vibrante-darlene-youth-violet-mini\/\" \/>\n<meta property=\"og:locale\" content=\"pt_PT\" \/>\n<meta property=\"og:type\" content=\"article\" \/>\n<meta property=\"og:title\" content=\"PRETTY LOVE - BALA VIBRANTE DARLENE YOUTH VIOLET MINI - Lovme\" \/>\n<meta property=\"og:description\" content=\"PRETTY LOVE - BALA VIBRANTE DARLENE YOUTH VIOLET MINI\" \/>\n<meta property=\"og:url\" content=\"https:\/\/lovme.pt\/index.php\/produto\/pretty-love-bala-vibrante-darlene-youth-violet-mini\/\" \/>\n<meta property=\"og:site_name\" content=\"Lovme\" \/>\n<meta property=\"article:modified_time\" content=\"2026-02-19T20:08:55+00:00\" \/>\n<meta property=\"og:image\" content=\"https:\/\/erki24nd3ub.exactdn.com\/wp-content\/uploads\/dream\/img\/img_160397_1ae7ddbac7ae90b03fa001c44200502f_1.jpg?strip=all\" \/>\n\t<meta property=\"og:image:width\" content=\"800\" \/>\n\t<meta property=\"og:image:height\" content=\"800\" \/>\n\t<meta property=\"og:image:type\" content=\"image\/jpeg\" \/>\n<meta name=\"twitter:card\" content=\"summary_large_image\" \/>\n<meta name=\"twitter:label1\" content=\"Tempo estimado de leitura\" \/>\n\t<meta name=\"twitter:data1\" content=\"2 minutos\" \/>\n<script type=\"application\/ld+json\" class=\"yoast-schema-graph\">{\"@context\":\"https:\\\/\\\/schema.org\",\"@graph\":[{\"@type\":\"WebPage\",\"@id\":\"https:\\\/\\\/lovme.pt\\\/index.php\\\/produto\\\/pretty-love-bala-vibrante-darlene-youth-violet-mini\\\/\",\"url\":\"https:\\\/\\\/lovme.pt\\\/index.php\\\/produto\\\/pretty-love-bala-vibrante-darlene-youth-violet-mini\\\/\",\"name\":\"PRETTY LOVE - BALA VIBRANTE DARLENE YOUTH VIOLET MINI - Lovme\",\"isPartOf\":{\"@id\":\"https:\\\/\\\/lovme.pt\\\/#website\"},\"primaryImageOfPage\":{\"@id\":\"https:\\\/\\\/lovme.pt\\\/index.php\\\/produto\\\/pretty-love-bala-vibrante-darlene-youth-violet-mini\\\/#primaryimage\"},\"image\":{\"@id\":\"https:\\\/\\\/lovme.pt\\\/index.php\\\/produto\\\/pretty-love-bala-vibrante-darlene-youth-violet-mini\\\/#primaryimage\"},\"thumbnailUrl\":\"https:\\\/\\\/erki24nd3ub.exactdn.com\\\/wp-content\\\/uploads\\\/dream\\\/img\\\/img_160397_1ae7ddbac7ae90b03fa001c44200502f_1.jpg?strip=all\",\"datePublished\":\"2025-09-30T20:46:46+00:00\",\"dateModified\":\"2026-02-19T20:08:55+00:00\",\"breadcrumb\":{\"@id\":\"https:\\\/\\\/lovme.pt\\\/index.php\\\/produto\\\/pretty-love-bala-vibrante-darlene-youth-violet-mini\\\/#breadcrumb\"},\"inLanguage\":\"pt-PT\",\"potentialAction\":[{\"@type\":\"ReadAction\",\"target\":[\"https:\\\/\\\/lovme.pt\\\/index.php\\\/produto\\\/pretty-love-bala-vibrante-darlene-youth-violet-mini\\\/\"]}]},{\"@type\":\"ImageObject\",\"inLanguage\":\"pt-PT\",\"@id\":\"https:\\\/\\\/lovme.pt\\\/index.php\\\/produto\\\/pretty-love-bala-vibrante-darlene-youth-violet-mini\\\/#primaryimage\",\"url\":\"https:\\\/\\\/erki24nd3ub.exactdn.com\\\/wp-content\\\/uploads\\\/dream\\\/img\\\/img_160397_1ae7ddbac7ae90b03fa001c44200502f_1.jpg?strip=all\",\"contentUrl\":\"https:\\\/\\\/erki24nd3ub.exactdn.com\\\/wp-content\\\/uploads\\\/dream\\\/img\\\/img_160397_1ae7ddbac7ae90b03fa001c44200502f_1.jpg?strip=all\",\"width\":800,\"height\":800},{\"@type\":\"BreadcrumbList\",\"@id\":\"https:\\\/\\\/lovme.pt\\\/index.php\\\/produto\\\/pretty-love-bala-vibrante-darlene-youth-violet-mini\\\/#breadcrumb\",\"itemListElement\":[{\"@type\":\"ListItem\",\"position\":1,\"name\":\"In\u00edcio\",\"item\":\"https:\\\/\\\/lovme.pt\\\/\"},{\"@type\":\"ListItem\",\"position\":2,\"name\":\"Loja\",\"item\":\"https:\\\/\\\/lovme.pt\\\/index.php\\\/loja\\\/\"},{\"@type\":\"ListItem\",\"position\":3,\"name\":\"PRETTY LOVE &#8211; BALA VIBRANTE DARLENE YOUTH VIOLET MINI\"}]},{\"@type\":\"WebSite\",\"@id\":\"https:\\\/\\\/lovme.pt\\\/#website\",\"url\":\"https:\\\/\\\/lovme.pt\\\/\",\"name\":\"Lovme Loja Er\u00f3tica N\u00ba1 em Portugal\",\"description\":\"A melhor loja er\u00f3tica de Portugal.\",\"alternateName\":\"Loja Er\u00f3tica Lovme\",\"potentialAction\":[{\"@type\":\"SearchAction\",\"target\":{\"@type\":\"EntryPoint\",\"urlTemplate\":\"https:\\\/\\\/lovme.pt\\\/?s={search_term_string}\"},\"query-input\":{\"@type\":\"PropertyValueSpecification\",\"valueRequired\":true,\"valueName\":\"search_term_string\"}}],\"inLanguage\":\"pt-PT\"}]}<\/script>\n<!-- \/ Yoast SEO plugin. -->","yoast_head_json":{"title":"PRETTY LOVE - BALA VIBRANTE DARLENE YOUTH VIOLET MINI - Lovme","robots":{"index":"index","follow":"follow","max-snippet":"max-snippet:-1","max-image-preview":"max-image-preview:large","max-video-preview":"max-video-preview:-1"},"canonical":"https:\/\/lovme.pt\/index.php\/produto\/pretty-love-bala-vibrante-darlene-youth-violet-mini\/","og_locale":"pt_PT","og_type":"article","og_title":"PRETTY LOVE - BALA VIBRANTE DARLENE YOUTH VIOLET MINI - Lovme","og_description":"PRETTY LOVE - BALA VIBRANTE DARLENE YOUTH VIOLET MINI","og_url":"https:\/\/lovme.pt\/index.php\/produto\/pretty-love-bala-vibrante-darlene-youth-violet-mini\/","og_site_name":"Lovme","article_modified_time":"2026-02-19T20:08:55+00:00","og_image":[{"width":800,"height":800,"url":"https:\/\/erki24nd3ub.exactdn.com\/wp-content\/uploads\/dream\/img\/img_160397_1ae7ddbac7ae90b03fa001c44200502f_1.jpg?strip=all","type":"image\/jpeg"}],"twitter_card":"summary_large_image","twitter_misc":{"Tempo estimado de leitura":"2 minutos"},"schema":{"@context":"https:\/\/schema.org","@graph":[{"@type":"WebPage","@id":"https:\/\/lovme.pt\/index.php\/produto\/pretty-love-bala-vibrante-darlene-youth-violet-mini\/","url":"https:\/\/lovme.pt\/index.php\/produto\/pretty-love-bala-vibrante-darlene-youth-violet-mini\/","name":"PRETTY LOVE - BALA VIBRANTE DARLENE YOUTH VIOLET MINI - Lovme","isPartOf":{"@id":"https:\/\/lovme.pt\/#website"},"primaryImageOfPage":{"@id":"https:\/\/lovme.pt\/index.php\/produto\/pretty-love-bala-vibrante-darlene-youth-violet-mini\/#primaryimage"},"image":{"@id":"https:\/\/lovme.pt\/index.php\/produto\/pretty-love-bala-vibrante-darlene-youth-violet-mini\/#primaryimage"},"thumbnailUrl":"https:\/\/erki24nd3ub.exactdn.com\/wp-content\/uploads\/dream\/img\/img_160397_1ae7ddbac7ae90b03fa001c44200502f_1.jpg?strip=all","datePublished":"2025-09-30T20:46:46+00:00","dateModified":"2026-02-19T20:08:55+00:00","breadcrumb":{"@id":"https:\/\/lovme.pt\/index.php\/produto\/pretty-love-bala-vibrante-darlene-youth-violet-mini\/#breadcrumb"},"inLanguage":"pt-PT","potentialAction":[{"@type":"ReadAction","target":["https:\/\/lovme.pt\/index.php\/produto\/pretty-love-bala-vibrante-darlene-youth-violet-mini\/"]}]},{"@type":"ImageObject","inLanguage":"pt-PT","@id":"https:\/\/lovme.pt\/index.php\/produto\/pretty-love-bala-vibrante-darlene-youth-violet-mini\/#primaryimage","url":"https:\/\/erki24nd3ub.exactdn.com\/wp-content\/uploads\/dream\/img\/img_160397_1ae7ddbac7ae90b03fa001c44200502f_1.jpg?strip=all","contentUrl":"https:\/\/erki24nd3ub.exactdn.com\/wp-content\/uploads\/dream\/img\/img_160397_1ae7ddbac7ae90b03fa001c44200502f_1.jpg?strip=all","width":800,"height":800},{"@type":"BreadcrumbList","@id":"https:\/\/lovme.pt\/index.php\/produto\/pretty-love-bala-vibrante-darlene-youth-violet-mini\/#breadcrumb","itemListElement":[{"@type":"ListItem","position":1,"name":"In\u00edcio","item":"https:\/\/lovme.pt\/"},{"@type":"ListItem","position":2,"name":"Loja","item":"https:\/\/lovme.pt\/index.php\/loja\/"},{"@type":"ListItem","position":3,"name":"PRETTY LOVE &#8211; BALA VIBRANTE DARLENE YOUTH VIOLET MINI"}]},{"@type":"WebSite","@id":"https:\/\/lovme.pt\/#website","url":"https:\/\/lovme.pt\/","name":"Lovme Loja Er\u00f3tica N\u00ba1 em Portugal","description":"A melhor loja er\u00f3tica de Portugal.","alternateName":"Loja Er\u00f3tica Lovme","potentialAction":[{"@type":"SearchAction","target":{"@type":"EntryPoint","urlTemplate":"https:\/\/lovme.pt\/?s={search_term_string}"},"query-input":{"@type":"PropertyValueSpecification","valueRequired":true,"valueName":"search_term_string"}}],"inLanguage":"pt-PT"}]}},"_links":{"self":[{"href":"https:\/\/lovme.pt\/index.php\/wp-json\/wp\/v2\/product\/45932","targetHints":{"allow":["GET"]}}],"collection":[{"href":"https:\/\/lovme.pt\/index.php\/wp-json\/wp\/v2\/product"}],"about":[{"href":"https:\/\/lovme.pt\/index.php\/wp-json\/wp\/v2\/types\/product"}],"wp:featuredmedia":[{"embeddable":true,"href":"https:\/\/lovme.pt\/index.php\/wp-json\/wp\/v2\/media\/72571"}],"wp:attachment":[{"href":"https:\/\/lovme.pt\/index.php\/wp-json\/wp\/v2\/media?parent=45932"}],"wp:term":[{"taxonomy":"product_brand","embeddable":true,"href":"https:\/\/lovme.pt\/index.php\/wp-json\/wp\/v2\/product_brand?post=45932"},{"taxonomy":"product_cat","embeddable":true,"href":"https:\/\/lovme.pt\/index.php\/wp-json\/wp\/v2\/product_cat?post=45932"},{"taxonomy":"product_tag","embeddable":true,"href":"https:\/\/lovme.pt\/index.php\/wp-json\/wp\/v2\/product_tag?post=45932"}],"curies":[{"name":"wp","href":"https:\/\/api.w.org\/{rel}","templated":true}]}}