{"id":45926,"date":"2025-10-01T02:31:44","date_gmt":"2025-10-01T02:31:44","guid":{"rendered":"https:\/\/lovme.pt\/?post_type=product&p=45926"},"modified":"2026-02-19T20:19:13","modified_gmt":"2026-02-19T20:19:13","slug":"pretty-love-varinha-vibradora-skyler-preta","status":"publish","type":"product","link":"https:\/\/lovme.pt\/index.php\/produto\/pretty-love-varinha-vibradora-skyler-preta\/","title":{"rendered":"PRETTY LOVE &#8211; VARINHA VIBRADORA SKYLER PRETA"},"content":{"rendered":"<p>Esta sofisticada varinha vibrat\u00f3ria possui um motor excepcionalmente potente em sua cabe\u00e7a larga, que possui um pesco\u00e7o flex\u00edvel para ajud\u00e1-lo a selecionar 10 modos de vibra\u00e7\u00e3o e 9 n\u00edveis de velocidade onde voc\u00ea mais desejar. O corpo bulboso \u00e9 compacto para uma pegada confort\u00e1vel e leve o suficiente. Possui uma tela LCD digital f\u00e1cil de usar que mostra as configura\u00e7\u00f5es e o n\u00edvel da bateria. \u00c9 o complemento perfeito para o quarto de casais que gostam de um contato intenso, sensual e cheio de vibra\u00e7\u00e3o.<\/p>\n<\/p>\n<p> Descubra um mundo de sensa\u00e7\u00f5es intensas com nossa varinha vibrat\u00f3ria projetada para levar o prazer a um n\u00edvel superior. Esta varinha combina pot\u00eancia, versatilidade e design elegante para satisfazer todos os seus desejos er\u00f3ticos.<\/p>\n<ul>\n<li> <strong>Cabe\u00e7a Flex\u00edvel e Macia<\/strong> : A cabe\u00e7a de silicone macia e flex\u00edvel adapta-se confortavelmente aos contornos do seu corpo, permitindo uma estimula\u00e7\u00e3o precisa nas \u00e1reas mais sens\u00edveis. Al\u00e9m disso, o silicone hipoalerg\u00eanico proporciona uma experi\u00eancia de toque suave.<\/li>\n<li> <strong>Design ergon\u00f4mico<\/strong> : A varinha foi projetada para ser f\u00e1cil de manusear, com uma al\u00e7a ergon\u00f4mica que cabe confortavelmente na sua m\u00e3o. Isso permite que voc\u00ea explore facilmente diferentes \u00e2ngulos e \u00e1reas do seu corpo.<\/li>\n<li> <strong>Fun\u00e7\u00e3o de Massagem e Relaxamento<\/strong> : Al\u00e9m de ser um poderoso brinquedo sexual, esta varinha pode funcionar como massageador corporal para aliviar tens\u00e3o e estresse. \u00c9 perfeito para desfrutar de momentos de relaxamento total.<\/li>\n<li> <strong>V\u00e1rios modos de vibra\u00e7\u00e3o:<\/strong> Explore uma variedade de sensa\u00e7\u00f5es com seus v\u00e1rios modos de vibra\u00e7\u00e3o ajust\u00e1veis. De pulsa\u00e7\u00f5es suaves a vibra\u00e7\u00f5es intensas, voc\u00ea pode personalizar a experi\u00eancia de acordo com suas prefer\u00eancias.<\/li>\n<li> <strong>Silicone m\u00e9dico de toque suave<\/strong> : Feito com silicone m\u00e9dico hipoalerg\u00eanico, nosso vibrador \u00e9 macio e luxuoso contra a pele, garantindo uma experi\u00eancia confort\u00e1vel e segura.<\/li>\n<li> <strong>Recarreg\u00e1vel e \u00e0 prova d\u00e1gua:<\/strong> esque\u00e7a de se preocupar com baterias. Este vibrador \u00e9 recarreg\u00e1vel para que voc\u00ea nunca fique sem energia no momento crucial. Al\u00e9m disso, \u00e9 \u00e0 prova d\u2019\u00e1gua, permitindo que voc\u00ea aproveite no chuveiro ou na banheira.<\/li>\n<li> <strong>Controle f\u00e1cil e intuitivo:<\/strong> com controles f\u00e1ceis de usar, alternar entre modos e ajustar a intensidade \u00e9 simples e descomplicado.<\/li>\n<\/ul>\n<p> <u><strong>CARACTER\u00cdSTICAS:<\/strong><\/u><\/p>\n<ul>\n<li> Fun\u00e7\u00e3o: 10 fun\u00e7\u00f5es de vibra\u00e7\u00e3o + 9 n\u00edveis de controle de velocidade<\/li>\n<li> Carregamento USB tipo C<\/li>\n<li> Material: silicone ABS<\/li>\n<li> Cor preta<\/li>\n<\/ul>\n","protected":false},"excerpt":{"rendered":"<p>PRETTY LOVE &#8211; VARINHA VIBRADORA SKYLER PRETA<\/p>\n","protected":false},"featured_media":97456,"template":"","meta":{"_acf_changed":false},"product_brand":[],"product_cat":[17,76],"product_tag":[],"class_list":{"0":"post-45926","1":"product","2":"type-product","3":"status-publish","4":"has-post-thumbnail","6":"product_cat-brinquedos-de-bem-estar-sexual","7":"product_cat-vibradores","8":"yith_product_brand-pretty-love","9":"yith_product_brand-pretty-lovepretty-love-led","11":"first","12":"instock","13":"taxable","14":"shipping-taxable","15":"purchasable","16":"product-type-simple"},"acf":[],"yoast_head":"<!-- This site is optimized with the Yoast SEO plugin v27.4 - https:\/\/yoast.com\/product\/yoast-seo-wordpress\/ -->\n<title>PRETTY LOVE - VARINHA VIBRADORA SKYLER PRETA - Lovme<\/title>\n<meta name=\"robots\" content=\"index, follow, max-snippet:-1, max-image-preview:large, max-video-preview:-1\" \/>\n<link rel=\"canonical\" href=\"https:\/\/lovme.pt\/index.php\/produto\/pretty-love-varinha-vibradora-skyler-preta\/\" \/>\n<meta property=\"og:locale\" content=\"pt_PT\" \/>\n<meta property=\"og:type\" content=\"article\" \/>\n<meta property=\"og:title\" content=\"PRETTY LOVE - VARINHA VIBRADORA SKYLER PRETA - Lovme\" \/>\n<meta property=\"og:description\" content=\"PRETTY LOVE - VARINHA VIBRADORA SKYLER PRETA\" \/>\n<meta property=\"og:url\" content=\"https:\/\/lovme.pt\/index.php\/produto\/pretty-love-varinha-vibradora-skyler-preta\/\" \/>\n<meta property=\"og:site_name\" content=\"Lovme\" \/>\n<meta property=\"article:modified_time\" content=\"2026-02-19T20:19:13+00:00\" \/>\n<meta property=\"og:image\" content=\"https:\/\/erki24nd3ub.exactdn.com\/wp-content\/uploads\/dream\/img\/img_162264_a6101430f7263d6f4cefc181f6980f2e_1.jpg?strip=all\" \/>\n\t<meta property=\"og:image:width\" content=\"800\" \/>\n\t<meta property=\"og:image:height\" content=\"800\" \/>\n\t<meta property=\"og:image:type\" content=\"image\/jpeg\" \/>\n<meta name=\"twitter:card\" content=\"summary_large_image\" \/>\n<meta name=\"twitter:label1\" content=\"Tempo estimado de leitura\" \/>\n\t<meta name=\"twitter:data1\" content=\"2 minutos\" \/>\n<script type=\"application\/ld+json\" class=\"yoast-schema-graph\">{\"@context\":\"https:\\\/\\\/schema.org\",\"@graph\":[{\"@type\":\"WebPage\",\"@id\":\"https:\\\/\\\/lovme.pt\\\/index.php\\\/produto\\\/pretty-love-varinha-vibradora-skyler-preta\\\/\",\"url\":\"https:\\\/\\\/lovme.pt\\\/index.php\\\/produto\\\/pretty-love-varinha-vibradora-skyler-preta\\\/\",\"name\":\"PRETTY LOVE - VARINHA VIBRADORA SKYLER PRETA - Lovme\",\"isPartOf\":{\"@id\":\"https:\\\/\\\/lovme.pt\\\/#website\"},\"primaryImageOfPage\":{\"@id\":\"https:\\\/\\\/lovme.pt\\\/index.php\\\/produto\\\/pretty-love-varinha-vibradora-skyler-preta\\\/#primaryimage\"},\"image\":{\"@id\":\"https:\\\/\\\/lovme.pt\\\/index.php\\\/produto\\\/pretty-love-varinha-vibradora-skyler-preta\\\/#primaryimage\"},\"thumbnailUrl\":\"https:\\\/\\\/erki24nd3ub.exactdn.com\\\/wp-content\\\/uploads\\\/dream\\\/img\\\/img_162264_a6101430f7263d6f4cefc181f6980f2e_1.jpg?strip=all\",\"datePublished\":\"2025-10-01T02:31:44+00:00\",\"dateModified\":\"2026-02-19T20:19:13+00:00\",\"breadcrumb\":{\"@id\":\"https:\\\/\\\/lovme.pt\\\/index.php\\\/produto\\\/pretty-love-varinha-vibradora-skyler-preta\\\/#breadcrumb\"},\"inLanguage\":\"pt-PT\",\"potentialAction\":[{\"@type\":\"ReadAction\",\"target\":[\"https:\\\/\\\/lovme.pt\\\/index.php\\\/produto\\\/pretty-love-varinha-vibradora-skyler-preta\\\/\"]}]},{\"@type\":\"ImageObject\",\"inLanguage\":\"pt-PT\",\"@id\":\"https:\\\/\\\/lovme.pt\\\/index.php\\\/produto\\\/pretty-love-varinha-vibradora-skyler-preta\\\/#primaryimage\",\"url\":\"https:\\\/\\\/erki24nd3ub.exactdn.com\\\/wp-content\\\/uploads\\\/dream\\\/img\\\/img_162264_a6101430f7263d6f4cefc181f6980f2e_1.jpg?strip=all\",\"contentUrl\":\"https:\\\/\\\/erki24nd3ub.exactdn.com\\\/wp-content\\\/uploads\\\/dream\\\/img\\\/img_162264_a6101430f7263d6f4cefc181f6980f2e_1.jpg?strip=all\",\"width\":800,\"height\":800},{\"@type\":\"BreadcrumbList\",\"@id\":\"https:\\\/\\\/lovme.pt\\\/index.php\\\/produto\\\/pretty-love-varinha-vibradora-skyler-preta\\\/#breadcrumb\",\"itemListElement\":[{\"@type\":\"ListItem\",\"position\":1,\"name\":\"In\u00edcio\",\"item\":\"https:\\\/\\\/lovme.pt\\\/\"},{\"@type\":\"ListItem\",\"position\":2,\"name\":\"Loja\",\"item\":\"https:\\\/\\\/lovme.pt\\\/index.php\\\/loja\\\/\"},{\"@type\":\"ListItem\",\"position\":3,\"name\":\"PRETTY LOVE &#8211; VARINHA VIBRADORA SKYLER PRETA\"}]},{\"@type\":\"WebSite\",\"@id\":\"https:\\\/\\\/lovme.pt\\\/#website\",\"url\":\"https:\\\/\\\/lovme.pt\\\/\",\"name\":\"Lovme Loja Er\u00f3tica N\u00ba1 em Portugal\",\"description\":\"A melhor loja er\u00f3tica de Portugal.\",\"alternateName\":\"Loja Er\u00f3tica Lovme\",\"potentialAction\":[{\"@type\":\"SearchAction\",\"target\":{\"@type\":\"EntryPoint\",\"urlTemplate\":\"https:\\\/\\\/lovme.pt\\\/?s={search_term_string}\"},\"query-input\":{\"@type\":\"PropertyValueSpecification\",\"valueRequired\":true,\"valueName\":\"search_term_string\"}}],\"inLanguage\":\"pt-PT\"}]}<\/script>\n<!-- \/ Yoast SEO plugin. -->","yoast_head_json":{"title":"PRETTY LOVE - VARINHA VIBRADORA SKYLER PRETA - Lovme","robots":{"index":"index","follow":"follow","max-snippet":"max-snippet:-1","max-image-preview":"max-image-preview:large","max-video-preview":"max-video-preview:-1"},"canonical":"https:\/\/lovme.pt\/index.php\/produto\/pretty-love-varinha-vibradora-skyler-preta\/","og_locale":"pt_PT","og_type":"article","og_title":"PRETTY LOVE - VARINHA VIBRADORA SKYLER PRETA - Lovme","og_description":"PRETTY LOVE - VARINHA VIBRADORA SKYLER PRETA","og_url":"https:\/\/lovme.pt\/index.php\/produto\/pretty-love-varinha-vibradora-skyler-preta\/","og_site_name":"Lovme","article_modified_time":"2026-02-19T20:19:13+00:00","og_image":[{"width":800,"height":800,"url":"https:\/\/erki24nd3ub.exactdn.com\/wp-content\/uploads\/dream\/img\/img_162264_a6101430f7263d6f4cefc181f6980f2e_1.jpg?strip=all","type":"image\/jpeg"}],"twitter_card":"summary_large_image","twitter_misc":{"Tempo estimado de leitura":"2 minutos"},"schema":{"@context":"https:\/\/schema.org","@graph":[{"@type":"WebPage","@id":"https:\/\/lovme.pt\/index.php\/produto\/pretty-love-varinha-vibradora-skyler-preta\/","url":"https:\/\/lovme.pt\/index.php\/produto\/pretty-love-varinha-vibradora-skyler-preta\/","name":"PRETTY LOVE - VARINHA VIBRADORA SKYLER PRETA - Lovme","isPartOf":{"@id":"https:\/\/lovme.pt\/#website"},"primaryImageOfPage":{"@id":"https:\/\/lovme.pt\/index.php\/produto\/pretty-love-varinha-vibradora-skyler-preta\/#primaryimage"},"image":{"@id":"https:\/\/lovme.pt\/index.php\/produto\/pretty-love-varinha-vibradora-skyler-preta\/#primaryimage"},"thumbnailUrl":"https:\/\/erki24nd3ub.exactdn.com\/wp-content\/uploads\/dream\/img\/img_162264_a6101430f7263d6f4cefc181f6980f2e_1.jpg?strip=all","datePublished":"2025-10-01T02:31:44+00:00","dateModified":"2026-02-19T20:19:13+00:00","breadcrumb":{"@id":"https:\/\/lovme.pt\/index.php\/produto\/pretty-love-varinha-vibradora-skyler-preta\/#breadcrumb"},"inLanguage":"pt-PT","potentialAction":[{"@type":"ReadAction","target":["https:\/\/lovme.pt\/index.php\/produto\/pretty-love-varinha-vibradora-skyler-preta\/"]}]},{"@type":"ImageObject","inLanguage":"pt-PT","@id":"https:\/\/lovme.pt\/index.php\/produto\/pretty-love-varinha-vibradora-skyler-preta\/#primaryimage","url":"https:\/\/erki24nd3ub.exactdn.com\/wp-content\/uploads\/dream\/img\/img_162264_a6101430f7263d6f4cefc181f6980f2e_1.jpg?strip=all","contentUrl":"https:\/\/erki24nd3ub.exactdn.com\/wp-content\/uploads\/dream\/img\/img_162264_a6101430f7263d6f4cefc181f6980f2e_1.jpg?strip=all","width":800,"height":800},{"@type":"BreadcrumbList","@id":"https:\/\/lovme.pt\/index.php\/produto\/pretty-love-varinha-vibradora-skyler-preta\/#breadcrumb","itemListElement":[{"@type":"ListItem","position":1,"name":"In\u00edcio","item":"https:\/\/lovme.pt\/"},{"@type":"ListItem","position":2,"name":"Loja","item":"https:\/\/lovme.pt\/index.php\/loja\/"},{"@type":"ListItem","position":3,"name":"PRETTY LOVE &#8211; VARINHA VIBRADORA SKYLER PRETA"}]},{"@type":"WebSite","@id":"https:\/\/lovme.pt\/#website","url":"https:\/\/lovme.pt\/","name":"Lovme Loja Er\u00f3tica N\u00ba1 em Portugal","description":"A melhor loja er\u00f3tica de Portugal.","alternateName":"Loja Er\u00f3tica Lovme","potentialAction":[{"@type":"SearchAction","target":{"@type":"EntryPoint","urlTemplate":"https:\/\/lovme.pt\/?s={search_term_string}"},"query-input":{"@type":"PropertyValueSpecification","valueRequired":true,"valueName":"search_term_string"}}],"inLanguage":"pt-PT"}]}},"_links":{"self":[{"href":"https:\/\/lovme.pt\/index.php\/wp-json\/wp\/v2\/product\/45926","targetHints":{"allow":["GET"]}}],"collection":[{"href":"https:\/\/lovme.pt\/index.php\/wp-json\/wp\/v2\/product"}],"about":[{"href":"https:\/\/lovme.pt\/index.php\/wp-json\/wp\/v2\/types\/product"}],"wp:featuredmedia":[{"embeddable":true,"href":"https:\/\/lovme.pt\/index.php\/wp-json\/wp\/v2\/media\/97456"}],"wp:attachment":[{"href":"https:\/\/lovme.pt\/index.php\/wp-json\/wp\/v2\/media?parent=45926"}],"wp:term":[{"taxonomy":"product_brand","embeddable":true,"href":"https:\/\/lovme.pt\/index.php\/wp-json\/wp\/v2\/product_brand?post=45926"},{"taxonomy":"product_cat","embeddable":true,"href":"https:\/\/lovme.pt\/index.php\/wp-json\/wp\/v2\/product_cat?post=45926"},{"taxonomy":"product_tag","embeddable":true,"href":"https:\/\/lovme.pt\/index.php\/wp-json\/wp\/v2\/product_tag?post=45926"}],"curies":[{"name":"wp","href":"https:\/\/api.w.org\/{rel}","templated":true}]}}