{"id":45888,"date":"2025-09-30T10:12:26","date_gmt":"2025-09-30T10:12:26","guid":{"rendered":"https:\/\/lovme.pt\/?post_type=product&p=45888"},"modified":"2026-02-19T20:06:55","modified_gmt":"2026-02-19T20:06:55","slug":"pretty-love-capa-de-dedo-eletroestimulador-preta-marico","status":"publish","type":"product","link":"https:\/\/lovme.pt\/index.php\/produto\/pretty-love-capa-de-dedo-eletroestimulador-preta-marico\/","title":{"rendered":"PRETTY LOVE &#8211; CAPA DE DEDO ELETROESTIMULADOR PRETA MARICO"},"content":{"rendered":"<p>Mergulhe no mundo da eletroestimula\u00e7\u00e3o com esta capa de silicone para dedos da Pretty Love. Os sete eletroestimulantes podem ser controlados pressionando o bot\u00e3o na borda. Existem duas circula\u00e7\u00f5es el\u00e9tricas dentro do brinquedo, portanto a estimula\u00e7\u00e3o eletr\u00f4nica funcionar\u00e1 tanto com o dedo inserido quanto com a parte folheada a ouro onde voc\u00ea massageia suas \u00e1reas sens\u00edveis. Feito com silicone macio aveludado de alta qualidade, livre de ftalatos. Para uso interno, os brinquedos el\u00e9tricos s\u00f3 devem ser utilizados com lubrificante est\u00e9ril \u00e0 base de \u00e1gua.<\/p>\n<p> <u><strong>Caracter\u00edsticas<\/strong><\/u><\/p>\n<ul>\n<li> Fun\u00e7\u00e3o: 7 fun\u00e7\u00f5es de vibra\u00e7\u00e3o 1 fun\u00e7\u00e3o de choque el\u00e9trico<\/li>\n<li> Alimenta\u00e7\u00e3o: USB recarreg\u00e1vel<\/li>\n<li> Material: liga de silicone-zinco<\/li>\n<li> Cor preta<\/li>\n<\/ul>\n<p> A Pretty Love fabrica produtos de alta qualidade. T\u00eam garantia de 1 ano para defeitos t\u00e9cnicos.<\/p>\n","protected":false},"excerpt":{"rendered":"<p>PRETTY LOVE &#8211; CAPA DE DEDO ELETROESTIMULADOR PRETA MARICO<\/p>\n","protected":false},"featured_media":64031,"template":"","meta":{"_acf_changed":false},"product_brand":[],"product_cat":[17,60],"product_tag":[],"class_list":{"0":"post-45888","1":"product","2":"type-product","3":"status-publish","4":"has-post-thumbnail","6":"product_cat-brinquedos-de-bem-estar-sexual","7":"product_cat-para-eles","8":"yith_product_brand-pretty-love","9":"yith_product_brand-pretty-lovepretty-love-male","11":"first","12":"instock","13":"taxable","14":"shipping-taxable","15":"purchasable","16":"product-type-simple"},"acf":[],"yoast_head":"<!-- This site is optimized with the Yoast SEO plugin v27.4 - https:\/\/yoast.com\/product\/yoast-seo-wordpress\/ -->\n<title>PRETTY LOVE - CAPA DE DEDO ELETROESTIMULADOR PRETA MARICO - Lovme<\/title>\n<meta name=\"robots\" content=\"index, follow, max-snippet:-1, max-image-preview:large, max-video-preview:-1\" \/>\n<link rel=\"canonical\" href=\"https:\/\/lovme.pt\/index.php\/produto\/pretty-love-capa-de-dedo-eletroestimulador-preta-marico\/\" \/>\n<meta property=\"og:locale\" content=\"pt_PT\" \/>\n<meta property=\"og:type\" content=\"article\" \/>\n<meta property=\"og:title\" content=\"PRETTY LOVE - CAPA DE DEDO ELETROESTIMULADOR PRETA MARICO - Lovme\" \/>\n<meta property=\"og:description\" content=\"PRETTY LOVE - CAPA DE DEDO ELETROESTIMULADOR PRETA MARICO\" \/>\n<meta property=\"og:url\" content=\"https:\/\/lovme.pt\/index.php\/produto\/pretty-love-capa-de-dedo-eletroestimulador-preta-marico\/\" \/>\n<meta property=\"og:site_name\" content=\"Lovme\" \/>\n<meta property=\"article:modified_time\" content=\"2026-02-19T20:06:55+00:00\" \/>\n<meta property=\"og:image\" content=\"https:\/\/erki24nd3ub.exactdn.com\/wp-content\/uploads\/dream\/img\/img_160319_d7943a3769b738fb5815581395e88a56_1.jpg?strip=all\" \/>\n\t<meta property=\"og:image:width\" content=\"800\" \/>\n\t<meta property=\"og:image:height\" content=\"800\" \/>\n\t<meta property=\"og:image:type\" content=\"image\/jpeg\" \/>\n<meta name=\"twitter:card\" content=\"summary_large_image\" \/>\n<meta name=\"twitter:label1\" content=\"Tempo estimado de leitura\" \/>\n\t<meta name=\"twitter:data1\" content=\"1 minuto\" \/>\n<script type=\"application\/ld+json\" class=\"yoast-schema-graph\">{\"@context\":\"https:\\\/\\\/schema.org\",\"@graph\":[{\"@type\":\"WebPage\",\"@id\":\"https:\\\/\\\/lovme.pt\\\/index.php\\\/produto\\\/pretty-love-capa-de-dedo-eletroestimulador-preta-marico\\\/\",\"url\":\"https:\\\/\\\/lovme.pt\\\/index.php\\\/produto\\\/pretty-love-capa-de-dedo-eletroestimulador-preta-marico\\\/\",\"name\":\"PRETTY LOVE - CAPA DE DEDO ELETROESTIMULADOR PRETA MARICO - Lovme\",\"isPartOf\":{\"@id\":\"https:\\\/\\\/lovme.pt\\\/#website\"},\"primaryImageOfPage\":{\"@id\":\"https:\\\/\\\/lovme.pt\\\/index.php\\\/produto\\\/pretty-love-capa-de-dedo-eletroestimulador-preta-marico\\\/#primaryimage\"},\"image\":{\"@id\":\"https:\\\/\\\/lovme.pt\\\/index.php\\\/produto\\\/pretty-love-capa-de-dedo-eletroestimulador-preta-marico\\\/#primaryimage\"},\"thumbnailUrl\":\"https:\\\/\\\/erki24nd3ub.exactdn.com\\\/wp-content\\\/uploads\\\/dream\\\/img\\\/img_160319_d7943a3769b738fb5815581395e88a56_1.jpg?strip=all\",\"datePublished\":\"2025-09-30T10:12:26+00:00\",\"dateModified\":\"2026-02-19T20:06:55+00:00\",\"breadcrumb\":{\"@id\":\"https:\\\/\\\/lovme.pt\\\/index.php\\\/produto\\\/pretty-love-capa-de-dedo-eletroestimulador-preta-marico\\\/#breadcrumb\"},\"inLanguage\":\"pt-PT\",\"potentialAction\":[{\"@type\":\"ReadAction\",\"target\":[\"https:\\\/\\\/lovme.pt\\\/index.php\\\/produto\\\/pretty-love-capa-de-dedo-eletroestimulador-preta-marico\\\/\"]}]},{\"@type\":\"ImageObject\",\"inLanguage\":\"pt-PT\",\"@id\":\"https:\\\/\\\/lovme.pt\\\/index.php\\\/produto\\\/pretty-love-capa-de-dedo-eletroestimulador-preta-marico\\\/#primaryimage\",\"url\":\"https:\\\/\\\/erki24nd3ub.exactdn.com\\\/wp-content\\\/uploads\\\/dream\\\/img\\\/img_160319_d7943a3769b738fb5815581395e88a56_1.jpg?strip=all\",\"contentUrl\":\"https:\\\/\\\/erki24nd3ub.exactdn.com\\\/wp-content\\\/uploads\\\/dream\\\/img\\\/img_160319_d7943a3769b738fb5815581395e88a56_1.jpg?strip=all\",\"width\":800,\"height\":800},{\"@type\":\"BreadcrumbList\",\"@id\":\"https:\\\/\\\/lovme.pt\\\/index.php\\\/produto\\\/pretty-love-capa-de-dedo-eletroestimulador-preta-marico\\\/#breadcrumb\",\"itemListElement\":[{\"@type\":\"ListItem\",\"position\":1,\"name\":\"In\u00edcio\",\"item\":\"https:\\\/\\\/lovme.pt\\\/\"},{\"@type\":\"ListItem\",\"position\":2,\"name\":\"Loja\",\"item\":\"https:\\\/\\\/lovme.pt\\\/index.php\\\/loja\\\/\"},{\"@type\":\"ListItem\",\"position\":3,\"name\":\"PRETTY LOVE &#8211; CAPA DE DEDO ELETROESTIMULADOR PRETA MARICO\"}]},{\"@type\":\"WebSite\",\"@id\":\"https:\\\/\\\/lovme.pt\\\/#website\",\"url\":\"https:\\\/\\\/lovme.pt\\\/\",\"name\":\"Lovme Loja Er\u00f3tica N\u00ba1 em Portugal\",\"description\":\"A melhor loja er\u00f3tica de Portugal.\",\"alternateName\":\"Loja Er\u00f3tica Lovme\",\"potentialAction\":[{\"@type\":\"SearchAction\",\"target\":{\"@type\":\"EntryPoint\",\"urlTemplate\":\"https:\\\/\\\/lovme.pt\\\/?s={search_term_string}\"},\"query-input\":{\"@type\":\"PropertyValueSpecification\",\"valueRequired\":true,\"valueName\":\"search_term_string\"}}],\"inLanguage\":\"pt-PT\"}]}<\/script>\n<!-- \/ Yoast SEO plugin. -->","yoast_head_json":{"title":"PRETTY LOVE - CAPA DE DEDO ELETROESTIMULADOR PRETA MARICO - Lovme","robots":{"index":"index","follow":"follow","max-snippet":"max-snippet:-1","max-image-preview":"max-image-preview:large","max-video-preview":"max-video-preview:-1"},"canonical":"https:\/\/lovme.pt\/index.php\/produto\/pretty-love-capa-de-dedo-eletroestimulador-preta-marico\/","og_locale":"pt_PT","og_type":"article","og_title":"PRETTY LOVE - CAPA DE DEDO ELETROESTIMULADOR PRETA MARICO - Lovme","og_description":"PRETTY LOVE - CAPA DE DEDO ELETROESTIMULADOR PRETA MARICO","og_url":"https:\/\/lovme.pt\/index.php\/produto\/pretty-love-capa-de-dedo-eletroestimulador-preta-marico\/","og_site_name":"Lovme","article_modified_time":"2026-02-19T20:06:55+00:00","og_image":[{"width":800,"height":800,"url":"https:\/\/erki24nd3ub.exactdn.com\/wp-content\/uploads\/dream\/img\/img_160319_d7943a3769b738fb5815581395e88a56_1.jpg?strip=all","type":"image\/jpeg"}],"twitter_card":"summary_large_image","twitter_misc":{"Tempo estimado de leitura":"1 minuto"},"schema":{"@context":"https:\/\/schema.org","@graph":[{"@type":"WebPage","@id":"https:\/\/lovme.pt\/index.php\/produto\/pretty-love-capa-de-dedo-eletroestimulador-preta-marico\/","url":"https:\/\/lovme.pt\/index.php\/produto\/pretty-love-capa-de-dedo-eletroestimulador-preta-marico\/","name":"PRETTY LOVE - CAPA DE DEDO ELETROESTIMULADOR PRETA MARICO - Lovme","isPartOf":{"@id":"https:\/\/lovme.pt\/#website"},"primaryImageOfPage":{"@id":"https:\/\/lovme.pt\/index.php\/produto\/pretty-love-capa-de-dedo-eletroestimulador-preta-marico\/#primaryimage"},"image":{"@id":"https:\/\/lovme.pt\/index.php\/produto\/pretty-love-capa-de-dedo-eletroestimulador-preta-marico\/#primaryimage"},"thumbnailUrl":"https:\/\/erki24nd3ub.exactdn.com\/wp-content\/uploads\/dream\/img\/img_160319_d7943a3769b738fb5815581395e88a56_1.jpg?strip=all","datePublished":"2025-09-30T10:12:26+00:00","dateModified":"2026-02-19T20:06:55+00:00","breadcrumb":{"@id":"https:\/\/lovme.pt\/index.php\/produto\/pretty-love-capa-de-dedo-eletroestimulador-preta-marico\/#breadcrumb"},"inLanguage":"pt-PT","potentialAction":[{"@type":"ReadAction","target":["https:\/\/lovme.pt\/index.php\/produto\/pretty-love-capa-de-dedo-eletroestimulador-preta-marico\/"]}]},{"@type":"ImageObject","inLanguage":"pt-PT","@id":"https:\/\/lovme.pt\/index.php\/produto\/pretty-love-capa-de-dedo-eletroestimulador-preta-marico\/#primaryimage","url":"https:\/\/erki24nd3ub.exactdn.com\/wp-content\/uploads\/dream\/img\/img_160319_d7943a3769b738fb5815581395e88a56_1.jpg?strip=all","contentUrl":"https:\/\/erki24nd3ub.exactdn.com\/wp-content\/uploads\/dream\/img\/img_160319_d7943a3769b738fb5815581395e88a56_1.jpg?strip=all","width":800,"height":800},{"@type":"BreadcrumbList","@id":"https:\/\/lovme.pt\/index.php\/produto\/pretty-love-capa-de-dedo-eletroestimulador-preta-marico\/#breadcrumb","itemListElement":[{"@type":"ListItem","position":1,"name":"In\u00edcio","item":"https:\/\/lovme.pt\/"},{"@type":"ListItem","position":2,"name":"Loja","item":"https:\/\/lovme.pt\/index.php\/loja\/"},{"@type":"ListItem","position":3,"name":"PRETTY LOVE &#8211; CAPA DE DEDO ELETROESTIMULADOR PRETA MARICO"}]},{"@type":"WebSite","@id":"https:\/\/lovme.pt\/#website","url":"https:\/\/lovme.pt\/","name":"Lovme Loja Er\u00f3tica N\u00ba1 em Portugal","description":"A melhor loja er\u00f3tica de Portugal.","alternateName":"Loja Er\u00f3tica Lovme","potentialAction":[{"@type":"SearchAction","target":{"@type":"EntryPoint","urlTemplate":"https:\/\/lovme.pt\/?s={search_term_string}"},"query-input":{"@type":"PropertyValueSpecification","valueRequired":true,"valueName":"search_term_string"}}],"inLanguage":"pt-PT"}]}},"_links":{"self":[{"href":"https:\/\/lovme.pt\/index.php\/wp-json\/wp\/v2\/product\/45888","targetHints":{"allow":["GET"]}}],"collection":[{"href":"https:\/\/lovme.pt\/index.php\/wp-json\/wp\/v2\/product"}],"about":[{"href":"https:\/\/lovme.pt\/index.php\/wp-json\/wp\/v2\/types\/product"}],"wp:featuredmedia":[{"embeddable":true,"href":"https:\/\/lovme.pt\/index.php\/wp-json\/wp\/v2\/media\/64031"}],"wp:attachment":[{"href":"https:\/\/lovme.pt\/index.php\/wp-json\/wp\/v2\/media?parent=45888"}],"wp:term":[{"taxonomy":"product_brand","embeddable":true,"href":"https:\/\/lovme.pt\/index.php\/wp-json\/wp\/v2\/product_brand?post=45888"},{"taxonomy":"product_cat","embeddable":true,"href":"https:\/\/lovme.pt\/index.php\/wp-json\/wp\/v2\/product_cat?post=45888"},{"taxonomy":"product_tag","embeddable":true,"href":"https:\/\/lovme.pt\/index.php\/wp-json\/wp\/v2\/product_tag?post=45888"}],"curies":[{"name":"wp","href":"https:\/\/api.w.org\/{rel}","templated":true}]}}