{"id":45860,"date":"2025-10-01T03:16:25","date_gmt":"2025-10-01T03:16:25","guid":{"rendered":"https:\/\/lovme.pt\/?post_type=product&p=45860"},"modified":"2026-02-19T20:22:46","modified_gmt":"2026-02-19T20:22:46","slug":"moonlight-modelo-7-vestido-manga-comprida-preto-plus-size","status":"publish","type":"product","link":"https:\/\/lovme.pt\/index.php\/produto\/moonlight-modelo-7-vestido-manga-comprida-preto-plus-size\/","title":{"rendered":"MOONLIGHT &#8211; MODELO 7 VESTIDO MANGA COMPRIDA PRETO PLUS SIZE"},"content":{"rendered":"<p><strong>Plus Modelo 7.<\/strong> Lindo vestido preto. Com motivos florais nas meias, na zona do busto e nas costas.<\/p>\n<p>Ser\u00e1 imposs\u00edvel n\u00e3o se apaixonar por voc\u00ea. O <strong>modelo 07 plus<\/strong> \u00e9 confeccionado em tecido transl\u00facido que vai destacar sua apar\u00eancia. sua imagem. Al\u00e9m disso, seus ombros nus far\u00e3o voc\u00ea parecer mais sexy. Voc\u00ea est\u00e1 pronto para lan\u00e7ar seu feiti\u00e7o sobre sua amada?<\/p>\n<p>\u00a0<\/p>\n<p><u><strong>CARACTER\u00cdSTICAS:<\/strong><\/u><\/p>\n<ul>\n<li>Camisola com um design excepcionalmente bonito.<\/li>\n<li>Padr\u00f5es sensuais no busto, barriga, coxas e costas.<\/li>\n<li>88% n\u00e1ilon, 12% elastano<\/li>\n<li>Aproximadamente. Altura da mulher 150 &#8211; 190 cm, peso 75 &#8211; 170 kg<\/li>\n<li>Cor preta<\/li>\n<\/ul>\n","protected":false},"excerpt":{"rendered":"<p>MOONLIGHT &#8211; MODELO 7 VESTIDO MANGA COMPRIDA PRETO PLUS SIZE<\/p>\n","protected":false},"featured_media":102414,"template":"","meta":{"_acf_changed":false},"product_brand":[],"product_cat":[47,66,115],"product_tag":[],"class_list":{"0":"post-45860","1":"product","2":"type-product","3":"status-publish","4":"has-post-thumbnail","6":"product_cat-lingerie","7":"product_cat-lingerie-feminina","8":"product_cat-ofertas","9":"yith_product_brand-moonlight","11":"first","12":"instock","13":"taxable","14":"shipping-taxable","15":"purchasable","16":"product-type-simple"},"acf":[],"yoast_head":"<!-- This site is optimized with the Yoast SEO plugin v27.4 - https:\/\/yoast.com\/product\/yoast-seo-wordpress\/ -->\n<title>MOONLIGHT - MODELO 7 VESTIDO MANGA COMPRIDA PRETO PLUS SIZE - Lovme<\/title>\n<meta name=\"robots\" content=\"index, follow, max-snippet:-1, max-image-preview:large, max-video-preview:-1\" \/>\n<link rel=\"canonical\" href=\"https:\/\/lovme.pt\/index.php\/produto\/moonlight-modelo-7-vestido-manga-comprida-preto-plus-size\/\" \/>\n<meta property=\"og:locale\" content=\"pt_PT\" \/>\n<meta property=\"og:type\" content=\"article\" \/>\n<meta property=\"og:title\" content=\"MOONLIGHT - MODELO 7 VESTIDO MANGA COMPRIDA PRETO PLUS SIZE - Lovme\" \/>\n<meta property=\"og:description\" content=\"MOONLIGHT - MODELO 7 VESTIDO MANGA COMPRIDA PRETO PLUS SIZE\" \/>\n<meta property=\"og:url\" content=\"https:\/\/lovme.pt\/index.php\/produto\/moonlight-modelo-7-vestido-manga-comprida-preto-plus-size\/\" \/>\n<meta property=\"og:site_name\" content=\"Lovme\" \/>\n<meta property=\"article:modified_time\" content=\"2026-02-19T20:22:46+00:00\" \/>\n<meta property=\"og:image\" content=\"https:\/\/erki24nd3ub.exactdn.com\/wp-content\/uploads\/dream\/img\/img_159651_557381867828325aaeffa92bfdfdbbdb_1.jpg?strip=all\" \/>\n\t<meta property=\"og:image:width\" content=\"800\" \/>\n\t<meta property=\"og:image:height\" content=\"800\" \/>\n\t<meta property=\"og:image:type\" content=\"image\/jpeg\" \/>\n<meta name=\"twitter:card\" content=\"summary_large_image\" \/>\n<script type=\"application\/ld+json\" class=\"yoast-schema-graph\">{\"@context\":\"https:\\\/\\\/schema.org\",\"@graph\":[{\"@type\":\"WebPage\",\"@id\":\"https:\\\/\\\/lovme.pt\\\/index.php\\\/produto\\\/moonlight-modelo-7-vestido-manga-comprida-preto-plus-size\\\/\",\"url\":\"https:\\\/\\\/lovme.pt\\\/index.php\\\/produto\\\/moonlight-modelo-7-vestido-manga-comprida-preto-plus-size\\\/\",\"name\":\"MOONLIGHT - MODELO 7 VESTIDO MANGA COMPRIDA PRETO PLUS SIZE - Lovme\",\"isPartOf\":{\"@id\":\"https:\\\/\\\/lovme.pt\\\/#website\"},\"primaryImageOfPage\":{\"@id\":\"https:\\\/\\\/lovme.pt\\\/index.php\\\/produto\\\/moonlight-modelo-7-vestido-manga-comprida-preto-plus-size\\\/#primaryimage\"},\"image\":{\"@id\":\"https:\\\/\\\/lovme.pt\\\/index.php\\\/produto\\\/moonlight-modelo-7-vestido-manga-comprida-preto-plus-size\\\/#primaryimage\"},\"thumbnailUrl\":\"https:\\\/\\\/erki24nd3ub.exactdn.com\\\/wp-content\\\/uploads\\\/dream\\\/img\\\/img_159651_557381867828325aaeffa92bfdfdbbdb_1.jpg?strip=all\",\"datePublished\":\"2025-10-01T03:16:25+00:00\",\"dateModified\":\"2026-02-19T20:22:46+00:00\",\"breadcrumb\":{\"@id\":\"https:\\\/\\\/lovme.pt\\\/index.php\\\/produto\\\/moonlight-modelo-7-vestido-manga-comprida-preto-plus-size\\\/#breadcrumb\"},\"inLanguage\":\"pt-PT\",\"potentialAction\":[{\"@type\":\"ReadAction\",\"target\":[\"https:\\\/\\\/lovme.pt\\\/index.php\\\/produto\\\/moonlight-modelo-7-vestido-manga-comprida-preto-plus-size\\\/\"]}]},{\"@type\":\"ImageObject\",\"inLanguage\":\"pt-PT\",\"@id\":\"https:\\\/\\\/lovme.pt\\\/index.php\\\/produto\\\/moonlight-modelo-7-vestido-manga-comprida-preto-plus-size\\\/#primaryimage\",\"url\":\"https:\\\/\\\/erki24nd3ub.exactdn.com\\\/wp-content\\\/uploads\\\/dream\\\/img\\\/img_159651_557381867828325aaeffa92bfdfdbbdb_1.jpg?strip=all\",\"contentUrl\":\"https:\\\/\\\/erki24nd3ub.exactdn.com\\\/wp-content\\\/uploads\\\/dream\\\/img\\\/img_159651_557381867828325aaeffa92bfdfdbbdb_1.jpg?strip=all\",\"width\":800,\"height\":800},{\"@type\":\"BreadcrumbList\",\"@id\":\"https:\\\/\\\/lovme.pt\\\/index.php\\\/produto\\\/moonlight-modelo-7-vestido-manga-comprida-preto-plus-size\\\/#breadcrumb\",\"itemListElement\":[{\"@type\":\"ListItem\",\"position\":1,\"name\":\"In\u00edcio\",\"item\":\"https:\\\/\\\/lovme.pt\\\/\"},{\"@type\":\"ListItem\",\"position\":2,\"name\":\"Loja\",\"item\":\"https:\\\/\\\/lovme.pt\\\/index.php\\\/loja\\\/\"},{\"@type\":\"ListItem\",\"position\":3,\"name\":\"MOONLIGHT &#8211; MODELO 7 VESTIDO MANGA COMPRIDA PRETO PLUS SIZE\"}]},{\"@type\":\"WebSite\",\"@id\":\"https:\\\/\\\/lovme.pt\\\/#website\",\"url\":\"https:\\\/\\\/lovme.pt\\\/\",\"name\":\"Lovme Loja Er\u00f3tica N\u00ba1 em Portugal\",\"description\":\"A melhor loja er\u00f3tica de Portugal.\",\"alternateName\":\"Loja Er\u00f3tica Lovme\",\"potentialAction\":[{\"@type\":\"SearchAction\",\"target\":{\"@type\":\"EntryPoint\",\"urlTemplate\":\"https:\\\/\\\/lovme.pt\\\/?s={search_term_string}\"},\"query-input\":{\"@type\":\"PropertyValueSpecification\",\"valueRequired\":true,\"valueName\":\"search_term_string\"}}],\"inLanguage\":\"pt-PT\"}]}<\/script>\n<!-- \/ Yoast SEO plugin. -->","yoast_head_json":{"title":"MOONLIGHT - MODELO 7 VESTIDO MANGA COMPRIDA PRETO PLUS SIZE - Lovme","robots":{"index":"index","follow":"follow","max-snippet":"max-snippet:-1","max-image-preview":"max-image-preview:large","max-video-preview":"max-video-preview:-1"},"canonical":"https:\/\/lovme.pt\/index.php\/produto\/moonlight-modelo-7-vestido-manga-comprida-preto-plus-size\/","og_locale":"pt_PT","og_type":"article","og_title":"MOONLIGHT - MODELO 7 VESTIDO MANGA COMPRIDA PRETO PLUS SIZE - Lovme","og_description":"MOONLIGHT - MODELO 7 VESTIDO MANGA COMPRIDA PRETO PLUS SIZE","og_url":"https:\/\/lovme.pt\/index.php\/produto\/moonlight-modelo-7-vestido-manga-comprida-preto-plus-size\/","og_site_name":"Lovme","article_modified_time":"2026-02-19T20:22:46+00:00","og_image":[{"width":800,"height":800,"url":"https:\/\/erki24nd3ub.exactdn.com\/wp-content\/uploads\/dream\/img\/img_159651_557381867828325aaeffa92bfdfdbbdb_1.jpg?strip=all","type":"image\/jpeg"}],"twitter_card":"summary_large_image","schema":{"@context":"https:\/\/schema.org","@graph":[{"@type":"WebPage","@id":"https:\/\/lovme.pt\/index.php\/produto\/moonlight-modelo-7-vestido-manga-comprida-preto-plus-size\/","url":"https:\/\/lovme.pt\/index.php\/produto\/moonlight-modelo-7-vestido-manga-comprida-preto-plus-size\/","name":"MOONLIGHT - MODELO 7 VESTIDO MANGA COMPRIDA PRETO PLUS SIZE - Lovme","isPartOf":{"@id":"https:\/\/lovme.pt\/#website"},"primaryImageOfPage":{"@id":"https:\/\/lovme.pt\/index.php\/produto\/moonlight-modelo-7-vestido-manga-comprida-preto-plus-size\/#primaryimage"},"image":{"@id":"https:\/\/lovme.pt\/index.php\/produto\/moonlight-modelo-7-vestido-manga-comprida-preto-plus-size\/#primaryimage"},"thumbnailUrl":"https:\/\/erki24nd3ub.exactdn.com\/wp-content\/uploads\/dream\/img\/img_159651_557381867828325aaeffa92bfdfdbbdb_1.jpg?strip=all","datePublished":"2025-10-01T03:16:25+00:00","dateModified":"2026-02-19T20:22:46+00:00","breadcrumb":{"@id":"https:\/\/lovme.pt\/index.php\/produto\/moonlight-modelo-7-vestido-manga-comprida-preto-plus-size\/#breadcrumb"},"inLanguage":"pt-PT","potentialAction":[{"@type":"ReadAction","target":["https:\/\/lovme.pt\/index.php\/produto\/moonlight-modelo-7-vestido-manga-comprida-preto-plus-size\/"]}]},{"@type":"ImageObject","inLanguage":"pt-PT","@id":"https:\/\/lovme.pt\/index.php\/produto\/moonlight-modelo-7-vestido-manga-comprida-preto-plus-size\/#primaryimage","url":"https:\/\/erki24nd3ub.exactdn.com\/wp-content\/uploads\/dream\/img\/img_159651_557381867828325aaeffa92bfdfdbbdb_1.jpg?strip=all","contentUrl":"https:\/\/erki24nd3ub.exactdn.com\/wp-content\/uploads\/dream\/img\/img_159651_557381867828325aaeffa92bfdfdbbdb_1.jpg?strip=all","width":800,"height":800},{"@type":"BreadcrumbList","@id":"https:\/\/lovme.pt\/index.php\/produto\/moonlight-modelo-7-vestido-manga-comprida-preto-plus-size\/#breadcrumb","itemListElement":[{"@type":"ListItem","position":1,"name":"In\u00edcio","item":"https:\/\/lovme.pt\/"},{"@type":"ListItem","position":2,"name":"Loja","item":"https:\/\/lovme.pt\/index.php\/loja\/"},{"@type":"ListItem","position":3,"name":"MOONLIGHT &#8211; MODELO 7 VESTIDO MANGA COMPRIDA PRETO PLUS SIZE"}]},{"@type":"WebSite","@id":"https:\/\/lovme.pt\/#website","url":"https:\/\/lovme.pt\/","name":"Lovme Loja Er\u00f3tica N\u00ba1 em Portugal","description":"A melhor loja er\u00f3tica de Portugal.","alternateName":"Loja Er\u00f3tica Lovme","potentialAction":[{"@type":"SearchAction","target":{"@type":"EntryPoint","urlTemplate":"https:\/\/lovme.pt\/?s={search_term_string}"},"query-input":{"@type":"PropertyValueSpecification","valueRequired":true,"valueName":"search_term_string"}}],"inLanguage":"pt-PT"}]}},"_links":{"self":[{"href":"https:\/\/lovme.pt\/index.php\/wp-json\/wp\/v2\/product\/45860","targetHints":{"allow":["GET"]}}],"collection":[{"href":"https:\/\/lovme.pt\/index.php\/wp-json\/wp\/v2\/product"}],"about":[{"href":"https:\/\/lovme.pt\/index.php\/wp-json\/wp\/v2\/types\/product"}],"wp:featuredmedia":[{"embeddable":true,"href":"https:\/\/lovme.pt\/index.php\/wp-json\/wp\/v2\/media\/102414"}],"wp:attachment":[{"href":"https:\/\/lovme.pt\/index.php\/wp-json\/wp\/v2\/media?parent=45860"}],"wp:term":[{"taxonomy":"product_brand","embeddable":true,"href":"https:\/\/lovme.pt\/index.php\/wp-json\/wp\/v2\/product_brand?post=45860"},{"taxonomy":"product_cat","embeddable":true,"href":"https:\/\/lovme.pt\/index.php\/wp-json\/wp\/v2\/product_cat?post=45860"},{"taxonomy":"product_tag","embeddable":true,"href":"https:\/\/lovme.pt\/index.php\/wp-json\/wp\/v2\/product_tag?post=45860"}],"curies":[{"name":"wp","href":"https:\/\/api.w.org\/{rel}","templated":true}]}}