{"id":45833,"date":"2025-10-01T03:09:37","date_gmt":"2025-10-01T03:09:37","guid":{"rendered":"https:\/\/lovme.pt\/?post_type=product&p=45833"},"modified":"2026-02-19T20:22:28","modified_gmt":"2026-02-19T20:22:28","slug":"amoreane-vela-de-massagem-tentacao-tropical-30-ml","status":"publish","type":"product","link":"https:\/\/lovme.pt\/index.php\/produto\/amoreane-vela-de-massagem-tentacao-tropical-30-ml\/","title":{"rendered":"AMOREANE &#8211; VELA DE MASSAGEM TENTA\u00c7\u00c3O TROPICAL 30 ML"},"content":{"rendered":"<p><strong>Vela de massagem de tenta\u00e7\u00e3o tropical.<\/strong> Nossa vela de massagem artesanal oferece uma atmosfera calorosa e sensual para seus momentos \u00edntimos.<\/p>\n<p>Comece acendendo a vela 10 minutos antes da massagem at\u00e9 que a cera fique l\u00edquida em toda a superf\u00edcie. Em seguida, apague a vela e despeje lentamente o \u00f3leo na palma da m\u00e3o para n\u00e3o queimar. ;Aplique no corpo e inicie a massagem.<\/p>\n<p>Eleve os seus momentos de autocuidado a uma experi\u00eancia indulgente com as nossas requintadas velas de massagem, cada uma infundida com uma variedade de aromas cativantes que despertam os seus sentidos e oferecem uma indulg\u00eancia sensorial \u00fanica. Estas velas, al\u00e9m de simplesmente iluminarem o seu espa\u00e7o, transformam-se numa fonte de bem-estar que funde a suavidade da luz com a riqueza dos \u00f3leos essenciais cuidadosamente selecionados para oferecer uma experi\u00eancia de massagem inesquec\u00edvel.<\/p>\n<p>Cada vela foi projetada para fornecer uma fragr\u00e2ncia \u00fanica que se adapta ao seu humor e prefer\u00eancias. Desde as notas florais e relaxantes que o transportam para um jardim em plena primavera at\u00e9 \u00e0s fragr\u00e2ncias quentes e envolventes que criam uma sensa\u00e7\u00e3o acolhedora, cada vela oferece uma viagem olfativa que complementa a experi\u00eancia de massagem.<\/p>\n<p>As velas de massagem s\u00e3o formuladas com misturas especiais de ceras e \u00f3leos essenciais que derretem em uma temperatura quente e segura para a pele. Depois de acesa, a vela se transforma em um \u00f3leo quente e sedoso, pronto para ser aplicado na pele. Este \u00f3leo de massagem, enriquecido com os aromas irresist\u00edveis da vela, cria uma experi\u00eancia de massagem sensual e relaxante que revitaliza o corpo e a mente.<\/p>\n<p>Experimente a suavidade do \u00f3leo quente enquanto as fragr\u00e2ncias envolvem o seu corpo, criando uma atmosfera de relaxamento e bem-estar. Cada vela foi pensada com aten\u00e7\u00e3o aos detalhes, desde a escolha dos \u00f3leos essenciais at\u00e9 a dura\u00e7\u00e3o da queima, para garantir uma experi\u00eancia de massagem adequada \u00e0s suas necessidades e desejos.<\/p>\n<p>\u00a0<\/p>\n<p><u><strong>CARACTER\u00cdSTICAS:<\/strong><\/u><\/p>\n<ul>\n<li><u>Peso<\/u> : 30 gr<\/li>\n<li><u>Conte\u00fado<\/u> : 30ml<\/li>\n<li><u>Horas de uso<\/u> : 5\/6 horas<\/li>\n<li>Feito na Espanha<\/li>\n<\/ul>\n","protected":false},"excerpt":{"rendered":"<p>AMOREANE &#8211; VELA DE MASSAGEM TENTA\u00c7\u00c3O TROPICAL 30 ML<\/p>\n","protected":false},"featured_media":101887,"template":"","meta":{"_acf_changed":false},"product_brand":[],"product_cat":[49,51],"product_tag":[],"class_list":{"0":"post-45833","1":"product","2":"type-product","3":"status-publish","4":"has-post-thumbnail","6":"product_cat-cosmeticos","7":"product_cat-oleos-de-massagem","8":"yith_product_brand-amoreane","10":"first","11":"instock","12":"taxable","13":"shipping-taxable","14":"purchasable","15":"product-type-simple"},"acf":[],"yoast_head":"<!-- This site is optimized with the Yoast SEO plugin v27.4 - https:\/\/yoast.com\/product\/yoast-seo-wordpress\/ -->\n<title>AMOREANE - VELA DE MASSAGEM TENTA\u00c7\u00c3O TROPICAL 30 ML - Lovme<\/title>\n<meta name=\"robots\" content=\"index, follow, max-snippet:-1, max-image-preview:large, max-video-preview:-1\" \/>\n<link rel=\"canonical\" href=\"https:\/\/lovme.pt\/index.php\/produto\/amoreane-vela-de-massagem-tentacao-tropical-30-ml\/\" \/>\n<meta property=\"og:locale\" content=\"pt_PT\" \/>\n<meta property=\"og:type\" content=\"article\" \/>\n<meta property=\"og:title\" content=\"AMOREANE - VELA DE MASSAGEM TENTA\u00c7\u00c3O TROPICAL 30 ML - Lovme\" \/>\n<meta property=\"og:description\" content=\"AMOREANE - VELA DE MASSAGEM TENTA\u00c7\u00c3O TROPICAL 30 ML\" \/>\n<meta property=\"og:url\" content=\"https:\/\/lovme.pt\/index.php\/produto\/amoreane-vela-de-massagem-tentacao-tropical-30-ml\/\" \/>\n<meta property=\"og:site_name\" content=\"Lovme\" \/>\n<meta property=\"article:modified_time\" content=\"2026-02-19T20:22:28+00:00\" \/>\n<meta property=\"og:image\" content=\"https:\/\/erki24nd3ub.exactdn.com\/wp-content\/uploads\/dream\/img\/img_159502_84cc1df87e40d70482c3ceb8d230a827_1.jpg?strip=all\" \/>\n\t<meta property=\"og:image:width\" content=\"800\" \/>\n\t<meta property=\"og:image:height\" content=\"800\" \/>\n\t<meta property=\"og:image:type\" content=\"image\/jpeg\" \/>\n<meta name=\"twitter:card\" content=\"summary_large_image\" \/>\n<meta name=\"twitter:label1\" content=\"Tempo estimado de leitura\" \/>\n\t<meta name=\"twitter:data1\" content=\"2 minutos\" \/>\n<script type=\"application\/ld+json\" class=\"yoast-schema-graph\">{\"@context\":\"https:\\\/\\\/schema.org\",\"@graph\":[{\"@type\":\"WebPage\",\"@id\":\"https:\\\/\\\/lovme.pt\\\/index.php\\\/produto\\\/amoreane-vela-de-massagem-tentacao-tropical-30-ml\\\/\",\"url\":\"https:\\\/\\\/lovme.pt\\\/index.php\\\/produto\\\/amoreane-vela-de-massagem-tentacao-tropical-30-ml\\\/\",\"name\":\"AMOREANE - VELA DE MASSAGEM TENTA\u00c7\u00c3O TROPICAL 30 ML - Lovme\",\"isPartOf\":{\"@id\":\"https:\\\/\\\/lovme.pt\\\/#website\"},\"primaryImageOfPage\":{\"@id\":\"https:\\\/\\\/lovme.pt\\\/index.php\\\/produto\\\/amoreane-vela-de-massagem-tentacao-tropical-30-ml\\\/#primaryimage\"},\"image\":{\"@id\":\"https:\\\/\\\/lovme.pt\\\/index.php\\\/produto\\\/amoreane-vela-de-massagem-tentacao-tropical-30-ml\\\/#primaryimage\"},\"thumbnailUrl\":\"https:\\\/\\\/erki24nd3ub.exactdn.com\\\/wp-content\\\/uploads\\\/dream\\\/img\\\/img_159502_84cc1df87e40d70482c3ceb8d230a827_1.jpg?strip=all\",\"datePublished\":\"2025-10-01T03:09:37+00:00\",\"dateModified\":\"2026-02-19T20:22:28+00:00\",\"breadcrumb\":{\"@id\":\"https:\\\/\\\/lovme.pt\\\/index.php\\\/produto\\\/amoreane-vela-de-massagem-tentacao-tropical-30-ml\\\/#breadcrumb\"},\"inLanguage\":\"pt-PT\",\"potentialAction\":[{\"@type\":\"ReadAction\",\"target\":[\"https:\\\/\\\/lovme.pt\\\/index.php\\\/produto\\\/amoreane-vela-de-massagem-tentacao-tropical-30-ml\\\/\"]}]},{\"@type\":\"ImageObject\",\"inLanguage\":\"pt-PT\",\"@id\":\"https:\\\/\\\/lovme.pt\\\/index.php\\\/produto\\\/amoreane-vela-de-massagem-tentacao-tropical-30-ml\\\/#primaryimage\",\"url\":\"https:\\\/\\\/erki24nd3ub.exactdn.com\\\/wp-content\\\/uploads\\\/dream\\\/img\\\/img_159502_84cc1df87e40d70482c3ceb8d230a827_1.jpg?strip=all\",\"contentUrl\":\"https:\\\/\\\/erki24nd3ub.exactdn.com\\\/wp-content\\\/uploads\\\/dream\\\/img\\\/img_159502_84cc1df87e40d70482c3ceb8d230a827_1.jpg?strip=all\",\"width\":800,\"height\":800},{\"@type\":\"BreadcrumbList\",\"@id\":\"https:\\\/\\\/lovme.pt\\\/index.php\\\/produto\\\/amoreane-vela-de-massagem-tentacao-tropical-30-ml\\\/#breadcrumb\",\"itemListElement\":[{\"@type\":\"ListItem\",\"position\":1,\"name\":\"In\u00edcio\",\"item\":\"https:\\\/\\\/lovme.pt\\\/\"},{\"@type\":\"ListItem\",\"position\":2,\"name\":\"Loja\",\"item\":\"https:\\\/\\\/lovme.pt\\\/index.php\\\/loja\\\/\"},{\"@type\":\"ListItem\",\"position\":3,\"name\":\"AMOREANE &#8211; VELA DE MASSAGEM TENTA\u00c7\u00c3O TROPICAL 30 ML\"}]},{\"@type\":\"WebSite\",\"@id\":\"https:\\\/\\\/lovme.pt\\\/#website\",\"url\":\"https:\\\/\\\/lovme.pt\\\/\",\"name\":\"Lovme Loja Er\u00f3tica N\u00ba1 em Portugal\",\"description\":\"A melhor loja er\u00f3tica de Portugal.\",\"alternateName\":\"Loja Er\u00f3tica Lovme\",\"potentialAction\":[{\"@type\":\"SearchAction\",\"target\":{\"@type\":\"EntryPoint\",\"urlTemplate\":\"https:\\\/\\\/lovme.pt\\\/?s={search_term_string}\"},\"query-input\":{\"@type\":\"PropertyValueSpecification\",\"valueRequired\":true,\"valueName\":\"search_term_string\"}}],\"inLanguage\":\"pt-PT\"}]}<\/script>\n<!-- \/ Yoast SEO plugin. -->","yoast_head_json":{"title":"AMOREANE - VELA DE MASSAGEM TENTA\u00c7\u00c3O TROPICAL 30 ML - Lovme","robots":{"index":"index","follow":"follow","max-snippet":"max-snippet:-1","max-image-preview":"max-image-preview:large","max-video-preview":"max-video-preview:-1"},"canonical":"https:\/\/lovme.pt\/index.php\/produto\/amoreane-vela-de-massagem-tentacao-tropical-30-ml\/","og_locale":"pt_PT","og_type":"article","og_title":"AMOREANE - VELA DE MASSAGEM TENTA\u00c7\u00c3O TROPICAL 30 ML - Lovme","og_description":"AMOREANE - VELA DE MASSAGEM TENTA\u00c7\u00c3O TROPICAL 30 ML","og_url":"https:\/\/lovme.pt\/index.php\/produto\/amoreane-vela-de-massagem-tentacao-tropical-30-ml\/","og_site_name":"Lovme","article_modified_time":"2026-02-19T20:22:28+00:00","og_image":[{"width":800,"height":800,"url":"https:\/\/erki24nd3ub.exactdn.com\/wp-content\/uploads\/dream\/img\/img_159502_84cc1df87e40d70482c3ceb8d230a827_1.jpg?strip=all","type":"image\/jpeg"}],"twitter_card":"summary_large_image","twitter_misc":{"Tempo estimado de leitura":"2 minutos"},"schema":{"@context":"https:\/\/schema.org","@graph":[{"@type":"WebPage","@id":"https:\/\/lovme.pt\/index.php\/produto\/amoreane-vela-de-massagem-tentacao-tropical-30-ml\/","url":"https:\/\/lovme.pt\/index.php\/produto\/amoreane-vela-de-massagem-tentacao-tropical-30-ml\/","name":"AMOREANE - VELA DE MASSAGEM TENTA\u00c7\u00c3O TROPICAL 30 ML - Lovme","isPartOf":{"@id":"https:\/\/lovme.pt\/#website"},"primaryImageOfPage":{"@id":"https:\/\/lovme.pt\/index.php\/produto\/amoreane-vela-de-massagem-tentacao-tropical-30-ml\/#primaryimage"},"image":{"@id":"https:\/\/lovme.pt\/index.php\/produto\/amoreane-vela-de-massagem-tentacao-tropical-30-ml\/#primaryimage"},"thumbnailUrl":"https:\/\/erki24nd3ub.exactdn.com\/wp-content\/uploads\/dream\/img\/img_159502_84cc1df87e40d70482c3ceb8d230a827_1.jpg?strip=all","datePublished":"2025-10-01T03:09:37+00:00","dateModified":"2026-02-19T20:22:28+00:00","breadcrumb":{"@id":"https:\/\/lovme.pt\/index.php\/produto\/amoreane-vela-de-massagem-tentacao-tropical-30-ml\/#breadcrumb"},"inLanguage":"pt-PT","potentialAction":[{"@type":"ReadAction","target":["https:\/\/lovme.pt\/index.php\/produto\/amoreane-vela-de-massagem-tentacao-tropical-30-ml\/"]}]},{"@type":"ImageObject","inLanguage":"pt-PT","@id":"https:\/\/lovme.pt\/index.php\/produto\/amoreane-vela-de-massagem-tentacao-tropical-30-ml\/#primaryimage","url":"https:\/\/erki24nd3ub.exactdn.com\/wp-content\/uploads\/dream\/img\/img_159502_84cc1df87e40d70482c3ceb8d230a827_1.jpg?strip=all","contentUrl":"https:\/\/erki24nd3ub.exactdn.com\/wp-content\/uploads\/dream\/img\/img_159502_84cc1df87e40d70482c3ceb8d230a827_1.jpg?strip=all","width":800,"height":800},{"@type":"BreadcrumbList","@id":"https:\/\/lovme.pt\/index.php\/produto\/amoreane-vela-de-massagem-tentacao-tropical-30-ml\/#breadcrumb","itemListElement":[{"@type":"ListItem","position":1,"name":"In\u00edcio","item":"https:\/\/lovme.pt\/"},{"@type":"ListItem","position":2,"name":"Loja","item":"https:\/\/lovme.pt\/index.php\/loja\/"},{"@type":"ListItem","position":3,"name":"AMOREANE &#8211; VELA DE MASSAGEM TENTA\u00c7\u00c3O TROPICAL 30 ML"}]},{"@type":"WebSite","@id":"https:\/\/lovme.pt\/#website","url":"https:\/\/lovme.pt\/","name":"Lovme Loja Er\u00f3tica N\u00ba1 em Portugal","description":"A melhor loja er\u00f3tica de Portugal.","alternateName":"Loja Er\u00f3tica Lovme","potentialAction":[{"@type":"SearchAction","target":{"@type":"EntryPoint","urlTemplate":"https:\/\/lovme.pt\/?s={search_term_string}"},"query-input":{"@type":"PropertyValueSpecification","valueRequired":true,"valueName":"search_term_string"}}],"inLanguage":"pt-PT"}]}},"_links":{"self":[{"href":"https:\/\/lovme.pt\/index.php\/wp-json\/wp\/v2\/product\/45833","targetHints":{"allow":["GET"]}}],"collection":[{"href":"https:\/\/lovme.pt\/index.php\/wp-json\/wp\/v2\/product"}],"about":[{"href":"https:\/\/lovme.pt\/index.php\/wp-json\/wp\/v2\/types\/product"}],"wp:featuredmedia":[{"embeddable":true,"href":"https:\/\/lovme.pt\/index.php\/wp-json\/wp\/v2\/media\/101887"}],"wp:attachment":[{"href":"https:\/\/lovme.pt\/index.php\/wp-json\/wp\/v2\/media?parent=45833"}],"wp:term":[{"taxonomy":"product_brand","embeddable":true,"href":"https:\/\/lovme.pt\/index.php\/wp-json\/wp\/v2\/product_brand?post=45833"},{"taxonomy":"product_cat","embeddable":true,"href":"https:\/\/lovme.pt\/index.php\/wp-json\/wp\/v2\/product_cat?post=45833"},{"taxonomy":"product_tag","embeddable":true,"href":"https:\/\/lovme.pt\/index.php\/wp-json\/wp\/v2\/product_tag?post=45833"}],"curies":[{"name":"wp","href":"https:\/\/api.w.org\/{rel}","templated":true}]}}