{"id":45825,"date":"2025-10-01T02:51:18","date_gmt":"2025-10-01T02:51:18","guid":{"rendered":"https:\/\/lovme.pt\/?post_type=product&p=45825"},"modified":"2026-03-31T15:28:29","modified_gmt":"2026-03-31T15:28:29","slug":"amoreane-incenso-de-por-do-sol-tahitiano-com-feromonas-aroma-floral","status":"publish","type":"product","link":"https:\/\/lovme.pt\/index.php\/produto\/amoreane-incenso-de-por-do-sol-tahitiano-com-feromonas-aroma-floral\/","title":{"rendered":"AMOREANE &#8211; INCENSO DE P\u00d4R DO SOL TAHITIANO COM FEROMONAS AROMA FLORAL"},"content":{"rendered":"<p>Nossos bast\u00f5es de incenso com ferom\u00f4nios <strong>Tahitian Sunset<\/strong> , com um suave aroma floral com um toque de a\u00e7afr\u00e3o, v\u00e3o definir o clima e intensificar sua excita\u00e7\u00e3o nos momentos mais intensos. \u00edntimo.<\/p>\n<p>Quando queimado, o aroma lhe dar\u00e1. Saborear\u00e1 seu terno momento \u00edntimo e o transformar\u00e1 em amor. numa explos\u00e3o irresist\u00edvel de excita\u00e7\u00e3o e paix\u00e3o m\u00fatua. O ferom\u00f4nio estimular\u00e1 mentalmente o desejo de prazer para voc\u00ea e seu parceiro.<\/p>\n<p>Transforme o seu espa\u00e7o num santu\u00e1rio de sensualidade com os nossos incensos enriquecidos com feromonas, uma experi\u00eancia arom\u00e1tica que vai al\u00e9m da beleza. de fragr\u00e2ncia para despertar atra\u00e7\u00e3o e conex\u00e3o. Estes incensos s\u00e3o muito mais do que apenas fragr\u00e2ncias; S\u00e3o um convite a um mundo de paix\u00e3o, enriquecido com o poder sutil dos ferom\u00f4nios, destinado a intensificar a atra\u00e7\u00e3o entre voc\u00ea e seu parceiro. e seu parceiro.<\/p>\n<p>Cada bast\u00e3o de incenso \u00e9 infundido com uma mistura requintada de \u00f3leos essenciais cuidadosamente selecionados, criando uma sinfonia olfativa que cativa os sentidos. As notas sedutoras se entrela\u00e7am com toques quentes e envolventes, proporcionando uma experi\u00eancia arom\u00e1tica \u00fanica que transporta para um estado de relaxamento e sensualidade.<\/p>\n<p>A adi\u00e7\u00e3o de ferom\u00f4nios a esta mistura arom\u00e1tica acrescenta um elemento intrigante e misterioso. Os ferom\u00f4nios, ess\u00eancias qu\u00edmicas naturais que influenciam o comportamento sexual, combinam-se com a fragr\u00e2ncia para criar um ambiente \u00edntimo que estimula a atra\u00e7\u00e3o e fortalece a conex\u00e3o entre os casais. A presen\u00e7a sutil, mas poderosa, dos ferom\u00f4nios na fuma\u00e7a do incenso acrescenta um toque intrigante \u00e0 atmosfera, despertando desejo e gerando uma sensa\u00e7\u00e3o de cumplicidade e magnetismo.<\/p>\n<p>Acender um destes incensos de ferom\u00f4nios \u00e9 mais do que apenas adicionar uma fragr\u00e2ncia agrad\u00e1vel ao seu espa\u00e7o; \u00e9 criar um ambiente envolvente que convide ao romance e \u00e0 conex\u00e3o profunda. Seja para uma noite rom\u00e2ntica, um momento \u00edntimo ou simplesmente para relaxar ap\u00f3s um dia agitado, estes incensos de feromonas ir\u00e3o proporcionar-lhe uma experi\u00eancia sensorial \u00fanica e emocionante.<\/p>\n<p>\u00a0<\/p>\n","protected":false},"excerpt":{"rendered":"<p>AMOREANE &#8211; INCENSO DE P\u00d4R DO SOL TAHITIANO COM FEROMONAS AROMA FLORAL<\/p>\n","protected":false},"featured_media":99448,"template":"","meta":{"_acf_changed":false},"product_brand":[],"product_cat":[49,51],"product_tag":[],"class_list":{"0":"post-45825","1":"product","2":"type-product","3":"status-publish","4":"has-post-thumbnail","6":"product_cat-cosmeticos","7":"product_cat-oleos-de-massagem","8":"yith_product_brand-amoreane","10":"first","11":"instock","12":"taxable","13":"shipping-taxable","14":"purchasable","15":"product-type-simple"},"acf":[],"yoast_head":"<!-- This site is optimized with the Yoast SEO plugin v27.4 - https:\/\/yoast.com\/product\/yoast-seo-wordpress\/ -->\n<title>AMOREANE - INCENSO DE P\u00d4R DO SOL TAHITIANO COM FEROMONAS AROMA FLORAL - Lovme<\/title>\n<meta name=\"robots\" content=\"index, follow, max-snippet:-1, max-image-preview:large, max-video-preview:-1\" \/>\n<link rel=\"canonical\" href=\"https:\/\/lovme.pt\/index.php\/produto\/amoreane-incenso-de-por-do-sol-tahitiano-com-feromonas-aroma-floral\/\" \/>\n<meta property=\"og:locale\" content=\"pt_PT\" \/>\n<meta property=\"og:type\" content=\"article\" \/>\n<meta property=\"og:title\" content=\"AMOREANE - INCENSO DE P\u00d4R DO SOL TAHITIANO COM FEROMONAS AROMA FLORAL - Lovme\" \/>\n<meta property=\"og:description\" content=\"AMOREANE - INCENSO DE P\u00d4R DO SOL TAHITIANO COM FEROMONAS AROMA FLORAL\" \/>\n<meta property=\"og:url\" content=\"https:\/\/lovme.pt\/index.php\/produto\/amoreane-incenso-de-por-do-sol-tahitiano-com-feromonas-aroma-floral\/\" \/>\n<meta property=\"og:site_name\" content=\"Lovme\" \/>\n<meta property=\"article:modified_time\" content=\"2026-03-31T15:28:29+00:00\" \/>\n<meta property=\"og:image\" content=\"https:\/\/erki24nd3ub.exactdn.com\/wp-content\/uploads\/dream\/img\/img_159555_2fe9797f02751a37fd8b8d702e5d367c_1.jpg?strip=all\" \/>\n\t<meta property=\"og:image:width\" content=\"800\" \/>\n\t<meta property=\"og:image:height\" content=\"800\" \/>\n\t<meta property=\"og:image:type\" content=\"image\/jpeg\" \/>\n<meta name=\"twitter:card\" content=\"summary_large_image\" \/>\n<meta name=\"twitter:label1\" content=\"Tempo estimado de leitura\" \/>\n\t<meta name=\"twitter:data1\" content=\"2 minutos\" \/>\n<script type=\"application\/ld+json\" class=\"yoast-schema-graph\">{\"@context\":\"https:\\\/\\\/schema.org\",\"@graph\":[{\"@type\":\"WebPage\",\"@id\":\"https:\\\/\\\/lovme.pt\\\/index.php\\\/produto\\\/amoreane-incenso-de-por-do-sol-tahitiano-com-feromonas-aroma-floral\\\/\",\"url\":\"https:\\\/\\\/lovme.pt\\\/index.php\\\/produto\\\/amoreane-incenso-de-por-do-sol-tahitiano-com-feromonas-aroma-floral\\\/\",\"name\":\"AMOREANE - INCENSO DE P\u00d4R DO SOL TAHITIANO COM FEROMONAS AROMA FLORAL - Lovme\",\"isPartOf\":{\"@id\":\"https:\\\/\\\/lovme.pt\\\/#website\"},\"primaryImageOfPage\":{\"@id\":\"https:\\\/\\\/lovme.pt\\\/index.php\\\/produto\\\/amoreane-incenso-de-por-do-sol-tahitiano-com-feromonas-aroma-floral\\\/#primaryimage\"},\"image\":{\"@id\":\"https:\\\/\\\/lovme.pt\\\/index.php\\\/produto\\\/amoreane-incenso-de-por-do-sol-tahitiano-com-feromonas-aroma-floral\\\/#primaryimage\"},\"thumbnailUrl\":\"https:\\\/\\\/erki24nd3ub.exactdn.com\\\/wp-content\\\/uploads\\\/dream\\\/img\\\/img_159555_2fe9797f02751a37fd8b8d702e5d367c_1.jpg?strip=all\",\"datePublished\":\"2025-10-01T02:51:18+00:00\",\"dateModified\":\"2026-03-31T15:28:29+00:00\",\"breadcrumb\":{\"@id\":\"https:\\\/\\\/lovme.pt\\\/index.php\\\/produto\\\/amoreane-incenso-de-por-do-sol-tahitiano-com-feromonas-aroma-floral\\\/#breadcrumb\"},\"inLanguage\":\"pt-PT\",\"potentialAction\":[{\"@type\":\"ReadAction\",\"target\":[\"https:\\\/\\\/lovme.pt\\\/index.php\\\/produto\\\/amoreane-incenso-de-por-do-sol-tahitiano-com-feromonas-aroma-floral\\\/\"]}]},{\"@type\":\"ImageObject\",\"inLanguage\":\"pt-PT\",\"@id\":\"https:\\\/\\\/lovme.pt\\\/index.php\\\/produto\\\/amoreane-incenso-de-por-do-sol-tahitiano-com-feromonas-aroma-floral\\\/#primaryimage\",\"url\":\"https:\\\/\\\/erki24nd3ub.exactdn.com\\\/wp-content\\\/uploads\\\/dream\\\/img\\\/img_159555_2fe9797f02751a37fd8b8d702e5d367c_1.jpg?strip=all\",\"contentUrl\":\"https:\\\/\\\/erki24nd3ub.exactdn.com\\\/wp-content\\\/uploads\\\/dream\\\/img\\\/img_159555_2fe9797f02751a37fd8b8d702e5d367c_1.jpg?strip=all\",\"width\":800,\"height\":800},{\"@type\":\"BreadcrumbList\",\"@id\":\"https:\\\/\\\/lovme.pt\\\/index.php\\\/produto\\\/amoreane-incenso-de-por-do-sol-tahitiano-com-feromonas-aroma-floral\\\/#breadcrumb\",\"itemListElement\":[{\"@type\":\"ListItem\",\"position\":1,\"name\":\"In\u00edcio\",\"item\":\"https:\\\/\\\/lovme.pt\\\/\"},{\"@type\":\"ListItem\",\"position\":2,\"name\":\"Loja\",\"item\":\"https:\\\/\\\/lovme.pt\\\/index.php\\\/loja\\\/\"},{\"@type\":\"ListItem\",\"position\":3,\"name\":\"AMOREANE &#8211; INCENSO DE P\u00d4R DO SOL TAHITIANO COM FEROMONAS AROMA FLORAL\"}]},{\"@type\":\"WebSite\",\"@id\":\"https:\\\/\\\/lovme.pt\\\/#website\",\"url\":\"https:\\\/\\\/lovme.pt\\\/\",\"name\":\"Lovme Loja Er\u00f3tica N\u00ba1 em Portugal\",\"description\":\"A melhor loja er\u00f3tica de Portugal.\",\"alternateName\":\"Loja Er\u00f3tica Lovme\",\"potentialAction\":[{\"@type\":\"SearchAction\",\"target\":{\"@type\":\"EntryPoint\",\"urlTemplate\":\"https:\\\/\\\/lovme.pt\\\/?s={search_term_string}\"},\"query-input\":{\"@type\":\"PropertyValueSpecification\",\"valueRequired\":true,\"valueName\":\"search_term_string\"}}],\"inLanguage\":\"pt-PT\"}]}<\/script>\n<!-- \/ Yoast SEO plugin. -->","yoast_head_json":{"title":"AMOREANE - INCENSO DE P\u00d4R DO SOL TAHITIANO COM FEROMONAS AROMA FLORAL - Lovme","robots":{"index":"index","follow":"follow","max-snippet":"max-snippet:-1","max-image-preview":"max-image-preview:large","max-video-preview":"max-video-preview:-1"},"canonical":"https:\/\/lovme.pt\/index.php\/produto\/amoreane-incenso-de-por-do-sol-tahitiano-com-feromonas-aroma-floral\/","og_locale":"pt_PT","og_type":"article","og_title":"AMOREANE - INCENSO DE P\u00d4R DO SOL TAHITIANO COM FEROMONAS AROMA FLORAL - Lovme","og_description":"AMOREANE - INCENSO DE P\u00d4R DO SOL TAHITIANO COM FEROMONAS AROMA FLORAL","og_url":"https:\/\/lovme.pt\/index.php\/produto\/amoreane-incenso-de-por-do-sol-tahitiano-com-feromonas-aroma-floral\/","og_site_name":"Lovme","article_modified_time":"2026-03-31T15:28:29+00:00","og_image":[{"width":800,"height":800,"url":"https:\/\/erki24nd3ub.exactdn.com\/wp-content\/uploads\/dream\/img\/img_159555_2fe9797f02751a37fd8b8d702e5d367c_1.jpg?strip=all","type":"image\/jpeg"}],"twitter_card":"summary_large_image","twitter_misc":{"Tempo estimado de leitura":"2 minutos"},"schema":{"@context":"https:\/\/schema.org","@graph":[{"@type":"WebPage","@id":"https:\/\/lovme.pt\/index.php\/produto\/amoreane-incenso-de-por-do-sol-tahitiano-com-feromonas-aroma-floral\/","url":"https:\/\/lovme.pt\/index.php\/produto\/amoreane-incenso-de-por-do-sol-tahitiano-com-feromonas-aroma-floral\/","name":"AMOREANE - INCENSO DE P\u00d4R DO SOL TAHITIANO COM FEROMONAS AROMA FLORAL - Lovme","isPartOf":{"@id":"https:\/\/lovme.pt\/#website"},"primaryImageOfPage":{"@id":"https:\/\/lovme.pt\/index.php\/produto\/amoreane-incenso-de-por-do-sol-tahitiano-com-feromonas-aroma-floral\/#primaryimage"},"image":{"@id":"https:\/\/lovme.pt\/index.php\/produto\/amoreane-incenso-de-por-do-sol-tahitiano-com-feromonas-aroma-floral\/#primaryimage"},"thumbnailUrl":"https:\/\/erki24nd3ub.exactdn.com\/wp-content\/uploads\/dream\/img\/img_159555_2fe9797f02751a37fd8b8d702e5d367c_1.jpg?strip=all","datePublished":"2025-10-01T02:51:18+00:00","dateModified":"2026-03-31T15:28:29+00:00","breadcrumb":{"@id":"https:\/\/lovme.pt\/index.php\/produto\/amoreane-incenso-de-por-do-sol-tahitiano-com-feromonas-aroma-floral\/#breadcrumb"},"inLanguage":"pt-PT","potentialAction":[{"@type":"ReadAction","target":["https:\/\/lovme.pt\/index.php\/produto\/amoreane-incenso-de-por-do-sol-tahitiano-com-feromonas-aroma-floral\/"]}]},{"@type":"ImageObject","inLanguage":"pt-PT","@id":"https:\/\/lovme.pt\/index.php\/produto\/amoreane-incenso-de-por-do-sol-tahitiano-com-feromonas-aroma-floral\/#primaryimage","url":"https:\/\/erki24nd3ub.exactdn.com\/wp-content\/uploads\/dream\/img\/img_159555_2fe9797f02751a37fd8b8d702e5d367c_1.jpg?strip=all","contentUrl":"https:\/\/erki24nd3ub.exactdn.com\/wp-content\/uploads\/dream\/img\/img_159555_2fe9797f02751a37fd8b8d702e5d367c_1.jpg?strip=all","width":800,"height":800},{"@type":"BreadcrumbList","@id":"https:\/\/lovme.pt\/index.php\/produto\/amoreane-incenso-de-por-do-sol-tahitiano-com-feromonas-aroma-floral\/#breadcrumb","itemListElement":[{"@type":"ListItem","position":1,"name":"In\u00edcio","item":"https:\/\/lovme.pt\/"},{"@type":"ListItem","position":2,"name":"Loja","item":"https:\/\/lovme.pt\/index.php\/loja\/"},{"@type":"ListItem","position":3,"name":"AMOREANE &#8211; INCENSO DE P\u00d4R DO SOL TAHITIANO COM FEROMONAS AROMA FLORAL"}]},{"@type":"WebSite","@id":"https:\/\/lovme.pt\/#website","url":"https:\/\/lovme.pt\/","name":"Lovme Loja Er\u00f3tica N\u00ba1 em Portugal","description":"A melhor loja er\u00f3tica de Portugal.","alternateName":"Loja Er\u00f3tica Lovme","potentialAction":[{"@type":"SearchAction","target":{"@type":"EntryPoint","urlTemplate":"https:\/\/lovme.pt\/?s={search_term_string}"},"query-input":{"@type":"PropertyValueSpecification","valueRequired":true,"valueName":"search_term_string"}}],"inLanguage":"pt-PT"}]}},"_links":{"self":[{"href":"https:\/\/lovme.pt\/index.php\/wp-json\/wp\/v2\/product\/45825","targetHints":{"allow":["GET"]}}],"collection":[{"href":"https:\/\/lovme.pt\/index.php\/wp-json\/wp\/v2\/product"}],"about":[{"href":"https:\/\/lovme.pt\/index.php\/wp-json\/wp\/v2\/types\/product"}],"wp:featuredmedia":[{"embeddable":true,"href":"https:\/\/lovme.pt\/index.php\/wp-json\/wp\/v2\/media\/99448"}],"wp:attachment":[{"href":"https:\/\/lovme.pt\/index.php\/wp-json\/wp\/v2\/media?parent=45825"}],"wp:term":[{"taxonomy":"product_brand","embeddable":true,"href":"https:\/\/lovme.pt\/index.php\/wp-json\/wp\/v2\/product_brand?post=45825"},{"taxonomy":"product_cat","embeddable":true,"href":"https:\/\/lovme.pt\/index.php\/wp-json\/wp\/v2\/product_cat?post=45825"},{"taxonomy":"product_tag","embeddable":true,"href":"https:\/\/lovme.pt\/index.php\/wp-json\/wp\/v2\/product_tag?post=45825"}],"curies":[{"name":"wp","href":"https:\/\/api.w.org\/{rel}","templated":true}]}}