{"id":45816,"date":"2025-10-01T02:51:10","date_gmt":"2025-10-01T02:51:10","guid":{"rendered":"https:\/\/lovme.pt\/?post_type=product&p=45816"},"modified":"2026-02-19T20:21:51","modified_gmt":"2026-02-19T20:21:51","slug":"amoreane-lubrificante-anal-a-base-de-silicone-30-ml-es-it-fr","status":"publish","type":"product","link":"https:\/\/lovme.pt\/index.php\/produto\/amoreane-lubrificante-anal-a-base-de-silicone-30-ml-es-it-fr\/","title":{"rendered":"AMOREANE &#8211; LUBRIFICANTE ANAL \u00c0 BASE DE SILICONE 30 ML ES\/IT\/FR"},"content":{"rendered":"<p><strong>Lubrificante de relaxamento anal.<\/strong> Voc\u00ea est\u00e1 procurando o melhor aliado para a penetra\u00e7\u00e3o anal? Apresentamos o nosso <strong>Amoreane Anal Relax<\/strong> , um LUBRIFICANTE DILATANTE RELAXANTE especialmente desenvolvido para uma penetra\u00e7\u00e3o anal prazerosa.<\/p>\n<p>Al\u00e9m do conhecido \u00d3leo de Jojoba, nosso produto se destaca por incluir \u00d3leo de Cal\u00eandula, \u00d3leo de Abacate e Vitamina C, que potencializam as propriedades relaxantes, hidratantes, revitalizantes e afrodis\u00edacas do produto. Fornecem alto teor de vitaminas que conferem poder nutritivo e protetor \u00e0 pele.<\/p>\n<p>Tamb\u00e9m permite uma lubrifica\u00e7\u00e3o prolongada compat\u00edvel com o uso de preservativos.<\/p>\n<p>\u00a0<\/p>\n<p><u><strong>CARACTER\u00cdSTICAS:<\/strong><\/u><\/p>\n<ul>\n<li>Lubrificante \u00e0 base de silicone<\/li>\n<li>Unissex<\/li>\n<li>A\u00e7\u00e3o relaxante e relaxante<\/li>\n<li>Ingredientes ativos naturais<\/li>\n<li>Barco sem ar<\/li>\n<li>N\u00e3o cont\u00e9m aromas ou sabores espec\u00edficos<\/li>\n<li>Adequado para o uso de preservativos.<\/li>\n<\/ul>\n<p>\u00a0<\/p>\n<p><u><strong>PESO \/ MEDIDAS:<\/strong><\/u><\/p>\n<ul>\n<li><u>Conte\u00fado<\/u> : 30ml<\/li>\n<li><u>Garrafa<\/u> : Altura 12 cm \/ Di\u00e2metro 3,3 cm<\/li>\n<li><u>Peso<\/u> : 70 gr<\/li>\n<\/ul>\n","protected":false},"excerpt":{"rendered":"<p>AMOREANE &#8211; LUBRIFICANTE ANAL \u00c0 BASE DE SILICONE ES\/IT\/FR 30 ML<\/p>\n","protected":false},"featured_media":99438,"template":"","meta":{"_acf_changed":false},"product_brand":[],"product_cat":[49,53],"product_tag":[],"class_list":{"0":"post-45816","1":"product","2":"type-product","3":"status-publish","4":"has-post-thumbnail","6":"product_cat-cosmeticos","7":"product_cat-lubrificantes-intimos","8":"yith_product_brand-amoreane","10":"first","11":"instock","12":"taxable","13":"shipping-taxable","14":"purchasable","15":"product-type-simple"},"acf":[],"yoast_head":"<!-- This site is optimized with the Yoast SEO plugin v27.4 - https:\/\/yoast.com\/product\/yoast-seo-wordpress\/ -->\n<title>AMOREANE - LUBRIFICANTE ANAL \u00c0 BASE DE SILICONE 30 ML ES\/IT\/FR - Lovme<\/title>\n<meta name=\"robots\" content=\"index, follow, max-snippet:-1, max-image-preview:large, max-video-preview:-1\" \/>\n<link rel=\"canonical\" href=\"https:\/\/lovme.pt\/index.php\/produto\/amoreane-lubrificante-anal-a-base-de-silicone-30-ml-es-it-fr\/\" \/>\n<meta property=\"og:locale\" content=\"pt_PT\" \/>\n<meta property=\"og:type\" content=\"article\" \/>\n<meta property=\"og:title\" content=\"AMOREANE - LUBRIFICANTE ANAL \u00c0 BASE DE SILICONE 30 ML ES\/IT\/FR - Lovme\" \/>\n<meta property=\"og:description\" content=\"AMOREANE - LUBRIFICANTE ANAL \u00c0 BASE DE SILICONE ES\/IT\/FR 30 ML\" \/>\n<meta property=\"og:url\" content=\"https:\/\/lovme.pt\/index.php\/produto\/amoreane-lubrificante-anal-a-base-de-silicone-30-ml-es-it-fr\/\" \/>\n<meta property=\"og:site_name\" content=\"Lovme\" \/>\n<meta property=\"article:modified_time\" content=\"2026-02-19T20:21:51+00:00\" \/>\n<meta property=\"og:image\" content=\"https:\/\/erki24nd3ub.exactdn.com\/wp-content\/uploads\/dream\/img\/img_159523_f3bf97416c3de0c4cf43ff757ebb0f56_1.jpg?strip=all\" \/>\n\t<meta property=\"og:image:width\" content=\"800\" \/>\n\t<meta property=\"og:image:height\" content=\"800\" \/>\n\t<meta property=\"og:image:type\" content=\"image\/jpeg\" \/>\n<meta name=\"twitter:card\" content=\"summary_large_image\" \/>\n<meta name=\"twitter:label1\" content=\"Tempo estimado de leitura\" \/>\n\t<meta name=\"twitter:data1\" content=\"1 minuto\" \/>\n<script type=\"application\/ld+json\" class=\"yoast-schema-graph\">{\"@context\":\"https:\\\/\\\/schema.org\",\"@graph\":[{\"@type\":\"WebPage\",\"@id\":\"https:\\\/\\\/lovme.pt\\\/index.php\\\/produto\\\/amoreane-lubrificante-anal-a-base-de-silicone-30-ml-es-it-fr\\\/\",\"url\":\"https:\\\/\\\/lovme.pt\\\/index.php\\\/produto\\\/amoreane-lubrificante-anal-a-base-de-silicone-30-ml-es-it-fr\\\/\",\"name\":\"AMOREANE - LUBRIFICANTE ANAL \u00c0 BASE DE SILICONE 30 ML ES\\\/IT\\\/FR - Lovme\",\"isPartOf\":{\"@id\":\"https:\\\/\\\/lovme.pt\\\/#website\"},\"primaryImageOfPage\":{\"@id\":\"https:\\\/\\\/lovme.pt\\\/index.php\\\/produto\\\/amoreane-lubrificante-anal-a-base-de-silicone-30-ml-es-it-fr\\\/#primaryimage\"},\"image\":{\"@id\":\"https:\\\/\\\/lovme.pt\\\/index.php\\\/produto\\\/amoreane-lubrificante-anal-a-base-de-silicone-30-ml-es-it-fr\\\/#primaryimage\"},\"thumbnailUrl\":\"https:\\\/\\\/erki24nd3ub.exactdn.com\\\/wp-content\\\/uploads\\\/dream\\\/img\\\/img_159523_f3bf97416c3de0c4cf43ff757ebb0f56_1.jpg?strip=all\",\"datePublished\":\"2025-10-01T02:51:10+00:00\",\"dateModified\":\"2026-02-19T20:21:51+00:00\",\"breadcrumb\":{\"@id\":\"https:\\\/\\\/lovme.pt\\\/index.php\\\/produto\\\/amoreane-lubrificante-anal-a-base-de-silicone-30-ml-es-it-fr\\\/#breadcrumb\"},\"inLanguage\":\"pt-PT\",\"potentialAction\":[{\"@type\":\"ReadAction\",\"target\":[\"https:\\\/\\\/lovme.pt\\\/index.php\\\/produto\\\/amoreane-lubrificante-anal-a-base-de-silicone-30-ml-es-it-fr\\\/\"]}]},{\"@type\":\"ImageObject\",\"inLanguage\":\"pt-PT\",\"@id\":\"https:\\\/\\\/lovme.pt\\\/index.php\\\/produto\\\/amoreane-lubrificante-anal-a-base-de-silicone-30-ml-es-it-fr\\\/#primaryimage\",\"url\":\"https:\\\/\\\/erki24nd3ub.exactdn.com\\\/wp-content\\\/uploads\\\/dream\\\/img\\\/img_159523_f3bf97416c3de0c4cf43ff757ebb0f56_1.jpg?strip=all\",\"contentUrl\":\"https:\\\/\\\/erki24nd3ub.exactdn.com\\\/wp-content\\\/uploads\\\/dream\\\/img\\\/img_159523_f3bf97416c3de0c4cf43ff757ebb0f56_1.jpg?strip=all\",\"width\":800,\"height\":800},{\"@type\":\"BreadcrumbList\",\"@id\":\"https:\\\/\\\/lovme.pt\\\/index.php\\\/produto\\\/amoreane-lubrificante-anal-a-base-de-silicone-30-ml-es-it-fr\\\/#breadcrumb\",\"itemListElement\":[{\"@type\":\"ListItem\",\"position\":1,\"name\":\"In\u00edcio\",\"item\":\"https:\\\/\\\/lovme.pt\\\/\"},{\"@type\":\"ListItem\",\"position\":2,\"name\":\"Loja\",\"item\":\"https:\\\/\\\/lovme.pt\\\/index.php\\\/loja\\\/\"},{\"@type\":\"ListItem\",\"position\":3,\"name\":\"AMOREANE &#8211; LUBRIFICANTE ANAL \u00c0 BASE DE SILICONE 30 ML ES\\\/IT\\\/FR\"}]},{\"@type\":\"WebSite\",\"@id\":\"https:\\\/\\\/lovme.pt\\\/#website\",\"url\":\"https:\\\/\\\/lovme.pt\\\/\",\"name\":\"Lovme Loja Er\u00f3tica N\u00ba1 em Portugal\",\"description\":\"A melhor loja er\u00f3tica de Portugal.\",\"alternateName\":\"Loja Er\u00f3tica Lovme\",\"potentialAction\":[{\"@type\":\"SearchAction\",\"target\":{\"@type\":\"EntryPoint\",\"urlTemplate\":\"https:\\\/\\\/lovme.pt\\\/?s={search_term_string}\"},\"query-input\":{\"@type\":\"PropertyValueSpecification\",\"valueRequired\":true,\"valueName\":\"search_term_string\"}}],\"inLanguage\":\"pt-PT\"}]}<\/script>\n<!-- \/ Yoast SEO plugin. -->","yoast_head_json":{"title":"AMOREANE - LUBRIFICANTE ANAL \u00c0 BASE DE SILICONE 30 ML ES\/IT\/FR - Lovme","robots":{"index":"index","follow":"follow","max-snippet":"max-snippet:-1","max-image-preview":"max-image-preview:large","max-video-preview":"max-video-preview:-1"},"canonical":"https:\/\/lovme.pt\/index.php\/produto\/amoreane-lubrificante-anal-a-base-de-silicone-30-ml-es-it-fr\/","og_locale":"pt_PT","og_type":"article","og_title":"AMOREANE - LUBRIFICANTE ANAL \u00c0 BASE DE SILICONE 30 ML ES\/IT\/FR - Lovme","og_description":"AMOREANE - LUBRIFICANTE ANAL \u00c0 BASE DE SILICONE ES\/IT\/FR 30 ML","og_url":"https:\/\/lovme.pt\/index.php\/produto\/amoreane-lubrificante-anal-a-base-de-silicone-30-ml-es-it-fr\/","og_site_name":"Lovme","article_modified_time":"2026-02-19T20:21:51+00:00","og_image":[{"width":800,"height":800,"url":"https:\/\/erki24nd3ub.exactdn.com\/wp-content\/uploads\/dream\/img\/img_159523_f3bf97416c3de0c4cf43ff757ebb0f56_1.jpg?strip=all","type":"image\/jpeg"}],"twitter_card":"summary_large_image","twitter_misc":{"Tempo estimado de leitura":"1 minuto"},"schema":{"@context":"https:\/\/schema.org","@graph":[{"@type":"WebPage","@id":"https:\/\/lovme.pt\/index.php\/produto\/amoreane-lubrificante-anal-a-base-de-silicone-30-ml-es-it-fr\/","url":"https:\/\/lovme.pt\/index.php\/produto\/amoreane-lubrificante-anal-a-base-de-silicone-30-ml-es-it-fr\/","name":"AMOREANE - LUBRIFICANTE ANAL \u00c0 BASE DE SILICONE 30 ML ES\/IT\/FR - Lovme","isPartOf":{"@id":"https:\/\/lovme.pt\/#website"},"primaryImageOfPage":{"@id":"https:\/\/lovme.pt\/index.php\/produto\/amoreane-lubrificante-anal-a-base-de-silicone-30-ml-es-it-fr\/#primaryimage"},"image":{"@id":"https:\/\/lovme.pt\/index.php\/produto\/amoreane-lubrificante-anal-a-base-de-silicone-30-ml-es-it-fr\/#primaryimage"},"thumbnailUrl":"https:\/\/erki24nd3ub.exactdn.com\/wp-content\/uploads\/dream\/img\/img_159523_f3bf97416c3de0c4cf43ff757ebb0f56_1.jpg?strip=all","datePublished":"2025-10-01T02:51:10+00:00","dateModified":"2026-02-19T20:21:51+00:00","breadcrumb":{"@id":"https:\/\/lovme.pt\/index.php\/produto\/amoreane-lubrificante-anal-a-base-de-silicone-30-ml-es-it-fr\/#breadcrumb"},"inLanguage":"pt-PT","potentialAction":[{"@type":"ReadAction","target":["https:\/\/lovme.pt\/index.php\/produto\/amoreane-lubrificante-anal-a-base-de-silicone-30-ml-es-it-fr\/"]}]},{"@type":"ImageObject","inLanguage":"pt-PT","@id":"https:\/\/lovme.pt\/index.php\/produto\/amoreane-lubrificante-anal-a-base-de-silicone-30-ml-es-it-fr\/#primaryimage","url":"https:\/\/erki24nd3ub.exactdn.com\/wp-content\/uploads\/dream\/img\/img_159523_f3bf97416c3de0c4cf43ff757ebb0f56_1.jpg?strip=all","contentUrl":"https:\/\/erki24nd3ub.exactdn.com\/wp-content\/uploads\/dream\/img\/img_159523_f3bf97416c3de0c4cf43ff757ebb0f56_1.jpg?strip=all","width":800,"height":800},{"@type":"BreadcrumbList","@id":"https:\/\/lovme.pt\/index.php\/produto\/amoreane-lubrificante-anal-a-base-de-silicone-30-ml-es-it-fr\/#breadcrumb","itemListElement":[{"@type":"ListItem","position":1,"name":"In\u00edcio","item":"https:\/\/lovme.pt\/"},{"@type":"ListItem","position":2,"name":"Loja","item":"https:\/\/lovme.pt\/index.php\/loja\/"},{"@type":"ListItem","position":3,"name":"AMOREANE &#8211; LUBRIFICANTE ANAL \u00c0 BASE DE SILICONE 30 ML ES\/IT\/FR"}]},{"@type":"WebSite","@id":"https:\/\/lovme.pt\/#website","url":"https:\/\/lovme.pt\/","name":"Lovme Loja Er\u00f3tica N\u00ba1 em Portugal","description":"A melhor loja er\u00f3tica de Portugal.","alternateName":"Loja Er\u00f3tica Lovme","potentialAction":[{"@type":"SearchAction","target":{"@type":"EntryPoint","urlTemplate":"https:\/\/lovme.pt\/?s={search_term_string}"},"query-input":{"@type":"PropertyValueSpecification","valueRequired":true,"valueName":"search_term_string"}}],"inLanguage":"pt-PT"}]}},"_links":{"self":[{"href":"https:\/\/lovme.pt\/index.php\/wp-json\/wp\/v2\/product\/45816","targetHints":{"allow":["GET"]}}],"collection":[{"href":"https:\/\/lovme.pt\/index.php\/wp-json\/wp\/v2\/product"}],"about":[{"href":"https:\/\/lovme.pt\/index.php\/wp-json\/wp\/v2\/types\/product"}],"wp:featuredmedia":[{"embeddable":true,"href":"https:\/\/lovme.pt\/index.php\/wp-json\/wp\/v2\/media\/99438"}],"wp:attachment":[{"href":"https:\/\/lovme.pt\/index.php\/wp-json\/wp\/v2\/media?parent=45816"}],"wp:term":[{"taxonomy":"product_brand","embeddable":true,"href":"https:\/\/lovme.pt\/index.php\/wp-json\/wp\/v2\/product_brand?post=45816"},{"taxonomy":"product_cat","embeddable":true,"href":"https:\/\/lovme.pt\/index.php\/wp-json\/wp\/v2\/product_cat?post=45816"},{"taxonomy":"product_tag","embeddable":true,"href":"https:\/\/lovme.pt\/index.php\/wp-json\/wp\/v2\/product_tag?post=45816"}],"curies":[{"name":"wp","href":"https:\/\/api.w.org\/{rel}","templated":true}]}}