{"id":45799,"date":"2025-10-01T03:15:32","date_gmt":"2025-10-01T03:15:32","guid":{"rendered":"https:\/\/lovme.pt\/?post_type=product&p=45799"},"modified":"2026-02-19T20:22:44","modified_gmt":"2026-02-19T20:22:44","slug":"silexd-modelo-1-plug-anal-premium-silexpan-silicone-premium-termoreativo-tamanho-xs","status":"publish","type":"product","link":"https:\/\/lovme.pt\/index.php\/produto\/silexd-modelo-1-plug-anal-premium-silexpan-silicone-premium-termoreativo-tamanho-xs\/","title":{"rendered":"SILEXD &#8211; MODELO 1 PLUG ANAL PREMIUM SILEXPAN SILICONE PREMIUM TERMOREATIVO TAMANHO XS"},"content":{"rendered":"<p><strong>Modelo 1<\/strong> \u00c9 um plug anal termorreativo com diversos tamanhos e formato suave projetado para a explora\u00e7\u00e3o anal, oferecendo uma experi\u00eancia sensual e prazerosa.<\/p>\n<p>Este produto inovador combina as propriedades de um plug anal convencional com caracter\u00edsticas termorreativas que respondem ao calor corporal, proporcionando sensa\u00e7\u00f5es adicionais e aumentando o conforto durante o uso.<\/p>\n<p>O plugue \u00e9 feito de materiais de alta qualidade e seguros para o corpo, garantindo uma experi\u00eancia agrad\u00e1vel e sem riscos. Seu design ergon\u00f4mico facilita a inser\u00e7\u00e3o e garante um ajuste confort\u00e1vel dentro do canal anal. Al\u00e9m disso, a base do plugue foi projetada com seguran\u00e7a para evitar a inser\u00e7\u00e3o total e garantir uma remo\u00e7\u00e3o suave.<\/p>\n<p>A caracter\u00edstica termorreativa do tamp\u00e3o implica que o material utilizado tem a capacidade de alterar sua temperatura em resposta ao calor corporal. Isto n\u00e3o s\u00f3 melhora o conforto durante a utiliza\u00e7\u00e3o, mas tamb\u00e9m acrescenta uma dimens\u00e3o extra de sensa\u00e7\u00e3o \u00e0 medida que o plug se adapta \u00e0 temperatura corporal.<\/p>\n<p>O processo de termorreatividade n\u00e3o se limita apenas \u00e0 adapta\u00e7\u00e3o \u00e0 temperatura, mas tamb\u00e9m pode melhorar a sensa\u00e7\u00e3o t\u00e1til e a flexibilidade do plug, criando uma experi\u00eancia mais personalizada e sensual. A capacidade dos plugues de se ajustarem \u00e0s varia\u00e7\u00f5es individuais da temperatura corporal garante uma experi\u00eancia \u00fanica para cada usu\u00e1rio.<\/p>\n<p>Tal como acontece com todos os brinquedos sexuais, recomenda-se o uso de lubrificantes \u00e0 base de \u00e1gua para facilitar a inser\u00e7\u00e3o e melhorar o conforto. A limpeza adequada antes e depois de cada utiliza\u00e7\u00e3o \u00e9 fundamental para manter a higiene do brinquedo e prevenir poss\u00edveis irrita\u00e7\u00f5es ou infec\u00e7\u00f5es.<\/p>\n<p>\u00a0<\/p>\n<p><u><strong>SILEXD\u00ae<\/strong><\/u><\/p>\n<p><strong>SilexD\u00ae<\/strong> oferece uma gama de dildos com pele de silicone extramacia de alta qualidade preenchida com dupla densidade SILEXPAN\u00ae e n\u00facleo interno duro, para uma sensa\u00e7\u00e3o extremamente realista e uma experi\u00eancia de prazer incompar\u00e1vel.<\/p>\n<p>A f\u00f3rmula revolucion\u00e1ria patenteada do material <strong>SILEXPAN<\/strong> utilizado para preencher os nossos produtos permite uma melhor densidade e maior flexibilidade do vibrador. Dando-lhe uma sensa\u00e7\u00e3o magn\u00edfica e maior elasticidade. ;<\/p>\n<p><strong>SilexD\u00ae<\/strong> oferece a pele de silicone da mais alta qualidade do mercado. Este silicone de grau platina n\u00e3o cont\u00e9m ftalatos nem l\u00e1tex, \u00e9 seguro para o corpo, \u00e9 hipoalerg\u00eanico e n\u00e3o t\u00f3xico. poroso, o que o torna f\u00e1cil de limpar e mais dur\u00e1vel.<\/p>\n<p>\u00a0<\/p>\n<p><u><strong>CARACTER\u00cdSTICAS:<\/strong><\/u><\/p>\n<ul>\n<li>Cor preta<\/li>\n<li>Dimens\u00f5es:\n<ul>\n<li>TAMANHO XS: Comprimento 8 cm \/ Di\u00e2metro 4,5 cm<\/li>\n<li>TAMANHO S: Comprimento 9 cm \/ Di\u00e2metro 5,2 cm<\/li>\n<li>TAMANHO M: Comprimento 11 cm \/ Di\u00e2metro 6,2 cm<\/li>\n<li>TAMANHO L: Comprimento 13 cm \/ Di\u00e2metro 7,2 cm<\/li>\n<\/ul>\n<\/li>\n<li>Material: Silexpan\/Silicone<\/li>\n<li>Impermeabiliza\u00e7\u00e3o: Imperme\u00e1vel-IPX8<\/li>\n<li>Zona de estimula\u00e7\u00e3o: Anal<\/li>\n<\/ul>\n","protected":false},"excerpt":{"rendered":"<p>SILEXD &#8211; MODELO 1 PLUG ANAL PREMIUM SILEXPAN SILICONE PREMIUM TERMOREATIVO TAMANHO XS<\/p>\n","protected":false},"featured_media":102331,"template":"","meta":{"_acf_changed":false},"product_brand":[],"product_cat":[48,17,62,63],"product_tag":[],"class_list":{"0":"post-45799","1":"product","2":"type-product","3":"status-publish","4":"has-post-thumbnail","6":"product_cat-bdsm","7":"product_cat-brinquedos-de-bem-estar-sexual","8":"product_cat-plugues-e-correntes-anais","9":"product_cat-sexo-anal","10":"yith_product_brand-silexd","12":"first","13":"instock","14":"taxable","15":"shipping-taxable","16":"purchasable","17":"product-type-simple"},"acf":[],"yoast_head":"<!-- This site is optimized with the Yoast SEO plugin v27.4 - https:\/\/yoast.com\/product\/yoast-seo-wordpress\/ -->\n<title>SILEXD - MODELO 1 PLUG ANAL PREMIUM SILEXPAN SILICONE PREMIUM TERMOREATIVO TAMANHO XS - Lovme<\/title>\n<meta name=\"robots\" content=\"index, follow, max-snippet:-1, max-image-preview:large, max-video-preview:-1\" \/>\n<link rel=\"canonical\" href=\"https:\/\/lovme.pt\/index.php\/produto\/silexd-modelo-1-plug-anal-premium-silexpan-silicone-premium-termoreativo-tamanho-xs\/\" \/>\n<meta property=\"og:locale\" content=\"pt_PT\" \/>\n<meta property=\"og:type\" content=\"article\" \/>\n<meta property=\"og:title\" content=\"SILEXD - MODELO 1 PLUG ANAL PREMIUM SILEXPAN SILICONE PREMIUM TERMOREATIVO TAMANHO XS - Lovme\" \/>\n<meta property=\"og:description\" content=\"SILEXD - MODELO 1 PLUG ANAL PREMIUM SILEXPAN SILICONE PREMIUM TERMOREATIVO TAMANHO XS\" \/>\n<meta property=\"og:url\" content=\"https:\/\/lovme.pt\/index.php\/produto\/silexd-modelo-1-plug-anal-premium-silexpan-silicone-premium-termoreativo-tamanho-xs\/\" \/>\n<meta property=\"og:site_name\" content=\"Lovme\" \/>\n<meta property=\"article:modified_time\" content=\"2026-02-19T20:22:44+00:00\" \/>\n<meta property=\"og:image\" content=\"https:\/\/erki24nd3ub.exactdn.com\/wp-content\/uploads\/dream\/img\/img_159438_0be2432bad6b4a0c434b89bc3841a151_1.jpg?strip=all\" \/>\n\t<meta property=\"og:image:width\" content=\"800\" \/>\n\t<meta property=\"og:image:height\" content=\"800\" \/>\n\t<meta property=\"og:image:type\" content=\"image\/jpeg\" \/>\n<meta name=\"twitter:card\" content=\"summary_large_image\" \/>\n<meta name=\"twitter:label1\" content=\"Tempo estimado de leitura\" \/>\n\t<meta name=\"twitter:data1\" content=\"2 minutos\" \/>\n<script type=\"application\/ld+json\" class=\"yoast-schema-graph\">{\"@context\":\"https:\\\/\\\/schema.org\",\"@graph\":[{\"@type\":\"WebPage\",\"@id\":\"https:\\\/\\\/lovme.pt\\\/index.php\\\/produto\\\/silexd-modelo-1-plug-anal-premium-silexpan-silicone-premium-termoreativo-tamanho-xs\\\/\",\"url\":\"https:\\\/\\\/lovme.pt\\\/index.php\\\/produto\\\/silexd-modelo-1-plug-anal-premium-silexpan-silicone-premium-termoreativo-tamanho-xs\\\/\",\"name\":\"SILEXD - MODELO 1 PLUG ANAL PREMIUM SILEXPAN SILICONE PREMIUM TERMOREATIVO TAMANHO XS - Lovme\",\"isPartOf\":{\"@id\":\"https:\\\/\\\/lovme.pt\\\/#website\"},\"primaryImageOfPage\":{\"@id\":\"https:\\\/\\\/lovme.pt\\\/index.php\\\/produto\\\/silexd-modelo-1-plug-anal-premium-silexpan-silicone-premium-termoreativo-tamanho-xs\\\/#primaryimage\"},\"image\":{\"@id\":\"https:\\\/\\\/lovme.pt\\\/index.php\\\/produto\\\/silexd-modelo-1-plug-anal-premium-silexpan-silicone-premium-termoreativo-tamanho-xs\\\/#primaryimage\"},\"thumbnailUrl\":\"https:\\\/\\\/erki24nd3ub.exactdn.com\\\/wp-content\\\/uploads\\\/dream\\\/img\\\/img_159438_0be2432bad6b4a0c434b89bc3841a151_1.jpg?strip=all\",\"datePublished\":\"2025-10-01T03:15:32+00:00\",\"dateModified\":\"2026-02-19T20:22:44+00:00\",\"breadcrumb\":{\"@id\":\"https:\\\/\\\/lovme.pt\\\/index.php\\\/produto\\\/silexd-modelo-1-plug-anal-premium-silexpan-silicone-premium-termoreativo-tamanho-xs\\\/#breadcrumb\"},\"inLanguage\":\"pt-PT\",\"potentialAction\":[{\"@type\":\"ReadAction\",\"target\":[\"https:\\\/\\\/lovme.pt\\\/index.php\\\/produto\\\/silexd-modelo-1-plug-anal-premium-silexpan-silicone-premium-termoreativo-tamanho-xs\\\/\"]}]},{\"@type\":\"ImageObject\",\"inLanguage\":\"pt-PT\",\"@id\":\"https:\\\/\\\/lovme.pt\\\/index.php\\\/produto\\\/silexd-modelo-1-plug-anal-premium-silexpan-silicone-premium-termoreativo-tamanho-xs\\\/#primaryimage\",\"url\":\"https:\\\/\\\/erki24nd3ub.exactdn.com\\\/wp-content\\\/uploads\\\/dream\\\/img\\\/img_159438_0be2432bad6b4a0c434b89bc3841a151_1.jpg?strip=all\",\"contentUrl\":\"https:\\\/\\\/erki24nd3ub.exactdn.com\\\/wp-content\\\/uploads\\\/dream\\\/img\\\/img_159438_0be2432bad6b4a0c434b89bc3841a151_1.jpg?strip=all\",\"width\":800,\"height\":800},{\"@type\":\"BreadcrumbList\",\"@id\":\"https:\\\/\\\/lovme.pt\\\/index.php\\\/produto\\\/silexd-modelo-1-plug-anal-premium-silexpan-silicone-premium-termoreativo-tamanho-xs\\\/#breadcrumb\",\"itemListElement\":[{\"@type\":\"ListItem\",\"position\":1,\"name\":\"In\u00edcio\",\"item\":\"https:\\\/\\\/lovme.pt\\\/\"},{\"@type\":\"ListItem\",\"position\":2,\"name\":\"Loja\",\"item\":\"https:\\\/\\\/lovme.pt\\\/index.php\\\/loja\\\/\"},{\"@type\":\"ListItem\",\"position\":3,\"name\":\"SILEXD &#8211; MODELO 1 PLUG ANAL PREMIUM SILEXPAN SILICONE PREMIUM TERMOREATIVO TAMANHO XS\"}]},{\"@type\":\"WebSite\",\"@id\":\"https:\\\/\\\/lovme.pt\\\/#website\",\"url\":\"https:\\\/\\\/lovme.pt\\\/\",\"name\":\"Lovme Loja Er\u00f3tica N\u00ba1 em Portugal\",\"description\":\"A melhor loja er\u00f3tica de Portugal.\",\"alternateName\":\"Loja Er\u00f3tica Lovme\",\"potentialAction\":[{\"@type\":\"SearchAction\",\"target\":{\"@type\":\"EntryPoint\",\"urlTemplate\":\"https:\\\/\\\/lovme.pt\\\/?s={search_term_string}\"},\"query-input\":{\"@type\":\"PropertyValueSpecification\",\"valueRequired\":true,\"valueName\":\"search_term_string\"}}],\"inLanguage\":\"pt-PT\"}]}<\/script>\n<!-- \/ Yoast SEO plugin. -->","yoast_head_json":{"title":"SILEXD - MODELO 1 PLUG ANAL PREMIUM SILEXPAN SILICONE PREMIUM TERMOREATIVO TAMANHO XS - Lovme","robots":{"index":"index","follow":"follow","max-snippet":"max-snippet:-1","max-image-preview":"max-image-preview:large","max-video-preview":"max-video-preview:-1"},"canonical":"https:\/\/lovme.pt\/index.php\/produto\/silexd-modelo-1-plug-anal-premium-silexpan-silicone-premium-termoreativo-tamanho-xs\/","og_locale":"pt_PT","og_type":"article","og_title":"SILEXD - MODELO 1 PLUG ANAL PREMIUM SILEXPAN SILICONE PREMIUM TERMOREATIVO TAMANHO XS - Lovme","og_description":"SILEXD - MODELO 1 PLUG ANAL PREMIUM SILEXPAN SILICONE PREMIUM TERMOREATIVO TAMANHO XS","og_url":"https:\/\/lovme.pt\/index.php\/produto\/silexd-modelo-1-plug-anal-premium-silexpan-silicone-premium-termoreativo-tamanho-xs\/","og_site_name":"Lovme","article_modified_time":"2026-02-19T20:22:44+00:00","og_image":[{"width":800,"height":800,"url":"https:\/\/erki24nd3ub.exactdn.com\/wp-content\/uploads\/dream\/img\/img_159438_0be2432bad6b4a0c434b89bc3841a151_1.jpg?strip=all","type":"image\/jpeg"}],"twitter_card":"summary_large_image","twitter_misc":{"Tempo estimado de leitura":"2 minutos"},"schema":{"@context":"https:\/\/schema.org","@graph":[{"@type":"WebPage","@id":"https:\/\/lovme.pt\/index.php\/produto\/silexd-modelo-1-plug-anal-premium-silexpan-silicone-premium-termoreativo-tamanho-xs\/","url":"https:\/\/lovme.pt\/index.php\/produto\/silexd-modelo-1-plug-anal-premium-silexpan-silicone-premium-termoreativo-tamanho-xs\/","name":"SILEXD - MODELO 1 PLUG ANAL PREMIUM SILEXPAN SILICONE PREMIUM TERMOREATIVO TAMANHO XS - Lovme","isPartOf":{"@id":"https:\/\/lovme.pt\/#website"},"primaryImageOfPage":{"@id":"https:\/\/lovme.pt\/index.php\/produto\/silexd-modelo-1-plug-anal-premium-silexpan-silicone-premium-termoreativo-tamanho-xs\/#primaryimage"},"image":{"@id":"https:\/\/lovme.pt\/index.php\/produto\/silexd-modelo-1-plug-anal-premium-silexpan-silicone-premium-termoreativo-tamanho-xs\/#primaryimage"},"thumbnailUrl":"https:\/\/erki24nd3ub.exactdn.com\/wp-content\/uploads\/dream\/img\/img_159438_0be2432bad6b4a0c434b89bc3841a151_1.jpg?strip=all","datePublished":"2025-10-01T03:15:32+00:00","dateModified":"2026-02-19T20:22:44+00:00","breadcrumb":{"@id":"https:\/\/lovme.pt\/index.php\/produto\/silexd-modelo-1-plug-anal-premium-silexpan-silicone-premium-termoreativo-tamanho-xs\/#breadcrumb"},"inLanguage":"pt-PT","potentialAction":[{"@type":"ReadAction","target":["https:\/\/lovme.pt\/index.php\/produto\/silexd-modelo-1-plug-anal-premium-silexpan-silicone-premium-termoreativo-tamanho-xs\/"]}]},{"@type":"ImageObject","inLanguage":"pt-PT","@id":"https:\/\/lovme.pt\/index.php\/produto\/silexd-modelo-1-plug-anal-premium-silexpan-silicone-premium-termoreativo-tamanho-xs\/#primaryimage","url":"https:\/\/erki24nd3ub.exactdn.com\/wp-content\/uploads\/dream\/img\/img_159438_0be2432bad6b4a0c434b89bc3841a151_1.jpg?strip=all","contentUrl":"https:\/\/erki24nd3ub.exactdn.com\/wp-content\/uploads\/dream\/img\/img_159438_0be2432bad6b4a0c434b89bc3841a151_1.jpg?strip=all","width":800,"height":800},{"@type":"BreadcrumbList","@id":"https:\/\/lovme.pt\/index.php\/produto\/silexd-modelo-1-plug-anal-premium-silexpan-silicone-premium-termoreativo-tamanho-xs\/#breadcrumb","itemListElement":[{"@type":"ListItem","position":1,"name":"In\u00edcio","item":"https:\/\/lovme.pt\/"},{"@type":"ListItem","position":2,"name":"Loja","item":"https:\/\/lovme.pt\/index.php\/loja\/"},{"@type":"ListItem","position":3,"name":"SILEXD &#8211; MODELO 1 PLUG ANAL PREMIUM SILEXPAN SILICONE PREMIUM TERMOREATIVO TAMANHO XS"}]},{"@type":"WebSite","@id":"https:\/\/lovme.pt\/#website","url":"https:\/\/lovme.pt\/","name":"Lovme Loja Er\u00f3tica N\u00ba1 em Portugal","description":"A melhor loja er\u00f3tica de Portugal.","alternateName":"Loja Er\u00f3tica Lovme","potentialAction":[{"@type":"SearchAction","target":{"@type":"EntryPoint","urlTemplate":"https:\/\/lovme.pt\/?s={search_term_string}"},"query-input":{"@type":"PropertyValueSpecification","valueRequired":true,"valueName":"search_term_string"}}],"inLanguage":"pt-PT"}]}},"_links":{"self":[{"href":"https:\/\/lovme.pt\/index.php\/wp-json\/wp\/v2\/product\/45799","targetHints":{"allow":["GET"]}}],"collection":[{"href":"https:\/\/lovme.pt\/index.php\/wp-json\/wp\/v2\/product"}],"about":[{"href":"https:\/\/lovme.pt\/index.php\/wp-json\/wp\/v2\/types\/product"}],"wp:featuredmedia":[{"embeddable":true,"href":"https:\/\/lovme.pt\/index.php\/wp-json\/wp\/v2\/media\/102331"}],"wp:attachment":[{"href":"https:\/\/lovme.pt\/index.php\/wp-json\/wp\/v2\/media?parent=45799"}],"wp:term":[{"taxonomy":"product_brand","embeddable":true,"href":"https:\/\/lovme.pt\/index.php\/wp-json\/wp\/v2\/product_brand?post=45799"},{"taxonomy":"product_cat","embeddable":true,"href":"https:\/\/lovme.pt\/index.php\/wp-json\/wp\/v2\/product_cat?post=45799"},{"taxonomy":"product_tag","embeddable":true,"href":"https:\/\/lovme.pt\/index.php\/wp-json\/wp\/v2\/product_tag?post=45799"}],"curies":[{"name":"wp","href":"https:\/\/api.w.org\/{rel}","templated":true}]}}