{"id":45777,"date":"2025-10-01T02:48:04","date_gmt":"2025-10-01T02:48:04","guid":{"rendered":"https:\/\/lovme.pt\/?post_type=product&p=45777"},"modified":"2026-02-19T20:21:44","modified_gmt":"2026-02-19T20:21:44","slug":"silexd-modelo-2-penis-realista-premium-silexpan-silicone-fluorescente-rosa-15-cm","status":"publish","type":"product","link":"https:\/\/lovme.pt\/index.php\/produto\/silexd-modelo-2-penis-realista-premium-silexpan-silicone-fluorescente-rosa-15-cm\/","title":{"rendered":"SILEXD &#8211; MODELO 2 P\u00caNIS REALISTA PREMIUM SILEXPAN SILICONE FLUORESCENTE ROSA 15 CM"},"content":{"rendered":"<p><strong>O modelo 2 6<\/strong> parece uma verdadeira pechincha para satisfa\u00e7\u00e3o anal ou vaginal. Toque sedoso com base em ventosa para prazeres com as m\u00e3os livres.<\/p>\n<p><u><strong>SILEXD\u00ae<\/strong><\/u><\/p>\n<p><strong>SilexD\u00ae<\/strong> oferece uma gama de dildos com pele de silicone extramacia de alta qualidade preenchida com dupla densidade SILEXPAN\u00ae e n\u00facleo interno duro, para uma sensa\u00e7\u00e3o extremamente realista e uma experi\u00eancia de prazer incompar\u00e1vel.<\/p>\n<p>A f\u00f3rmula revolucion\u00e1ria patenteada do material <strong>SILEXPAN<\/strong> utilizado para preencher os nossos produtos permite uma melhor densidade e maior flexibilidade do vibrador. Dando-lhe uma sensa\u00e7\u00e3o magn\u00edfica e maior elasticidade. ;<\/p>\n<p><strong>SilexD\u00ae<\/strong> oferece a pele de silicone da mais alta qualidade do mercado. Este silicone de grau platina n\u00e3o cont\u00e9m ftalatos nem l\u00e1tex, \u00e9 seguro para o corpo, \u00e9 hipoalerg\u00eanico e n\u00e3o t\u00f3xico. poroso, o que o torna f\u00e1cil de limpar e mais dur\u00e1vel.<\/p>\n<p>\u00a0<\/p>\n<p>Um vibrador realista \u00e9 um brinquedo sexual projetado para imitar a apar\u00eancia e, em muitos casos, a sensa\u00e7\u00e3o de um p\u00eanis humano. Esses brinquedos est\u00e3o dispon\u00edveis em v\u00e1rios formatos e tamanhos e s\u00e3o comumente usados para estimula\u00e7\u00e3o sexual, sozinho ou com um parceiro.<\/p>\n<p><strong>1.<\/strong> <u><strong>Forma e Design:<\/strong><\/u> Os consolos realistas s\u00e3o caracterizados por seu design que imita a anatomia masculina. Eles t\u00eam formato f\u00e1lico com detalhes que incluem veias, glande e \u00e0s vezes at\u00e9 test\u00edculos. Este design realista busca proporcionar uma experi\u00eancia visual e t\u00e1til que se assemelhe \u00e0 intimidade humana.<\/p>\n<p><strong>2. <u>Materiais<\/u> :<\/strong> Esses brinquedos s\u00e3o feitos com materiais seguros para o corpo. A escolha do material pode afetar a textura, flexibilidade e temperatura do brinquedo.<\/p>\n<p><strong>3.<\/strong> <u><strong>Tamanhos e dimens\u00f5es:<\/strong><\/u> Os consolos realistas est\u00e3o dispon\u00edveis em uma ampla variedade de tamanhos e comprimentos para atender \u00e0s prefer\u00eancias individuais. Eles podem variar desde tamanhos discretos e compactos at\u00e9 modelos maiores e mais realistas.<\/p>\n<p><strong>4. <u>Uso em casal ou sozinho:<\/u><\/strong> Embora os consolos realistas sejam comumente usados para masturba\u00e7\u00e3o, eles tamb\u00e9m s\u00e3o populares nas preliminares e nas atividades sexuais em casal. Alguns modelos s\u00e3o projetados com base mais larga ou com ventosas para permitir o uso em arneses ou para fixa\u00e7\u00e3o em superf\u00edcies lisas.<\/p>\n<p><strong>5. <u>Cuidados e Limpeza<\/u><\/strong> : \u00c9 imprescind\u00edvel seguir as instru\u00e7\u00f5es de cuidados do fabricante para garantir a durabilidade e higiene do vibrador realista. A maioria desses brinquedos \u00e9 f\u00e1cil de limpar com \u00e1gua morna e sab\u00e3o neutro, sendo recomendado o uso de lubrificantes \u00e0 base de \u00e1gua para n\u00e3o danificar o material.<\/p>\n<p>\u00a0<\/p>\n<p><u><strong>CARACTER\u00cdSTICAS:<\/strong><\/u><\/p>\n<ul>\n<li>Cores dispon\u00edveis: Carne \/ Caramelo \/ Marrom \/ F\u00facsia \/ Preto \/ Rosa brilha no escuro<\/li>\n<li>Dimens\u00f5es: Comprimento 15,4 cm \/ Di\u00e2metro 3,5 cm<\/li>\n<li>Material: Silexpan\/Silicone<\/li>\n<li>Impermeabiliza\u00e7\u00e3o: Imperme\u00e1vel-IPX8<\/li>\n<li>\u00c1rea de estimula\u00e7\u00e3o: Vagina\/Anal<\/li>\n<\/ul>\n","protected":false},"excerpt":{"rendered":"<p>SILEXD &#8211; MODELO 2 P\u00caNIS REALISTA PREMIUM SILEXPAN SILICONE FLUORESCENTE ROSA 15 CM<\/p>\n","protected":false},"featured_media":99066,"template":"","meta":{"_acf_changed":false},"product_brand":[],"product_cat":[17,56],"product_tag":[],"class_list":{"0":"post-45777","1":"product","2":"type-product","3":"status-publish","4":"has-post-thumbnail","6":"product_cat-brinquedos-de-bem-estar-sexual","7":"product_cat-dildos-e-arneses","8":"yith_product_brand-silexd","10":"first","11":"instock","12":"taxable","13":"shipping-taxable","14":"purchasable","15":"product-type-simple"},"acf":[],"yoast_head":"<!-- This site is optimized with the Yoast SEO plugin v27.4 - https:\/\/yoast.com\/product\/yoast-seo-wordpress\/ -->\n<title>SILEXD - MODELO 2 P\u00caNIS REALISTA PREMIUM SILEXPAN SILICONE FLUORESCENTE ROSA 15 CM - Lovme<\/title>\n<meta name=\"robots\" content=\"index, follow, max-snippet:-1, max-image-preview:large, max-video-preview:-1\" \/>\n<link rel=\"canonical\" href=\"https:\/\/lovme.pt\/index.php\/produto\/silexd-modelo-2-penis-realista-premium-silexpan-silicone-fluorescente-rosa-15-cm\/\" \/>\n<meta property=\"og:locale\" content=\"pt_PT\" \/>\n<meta property=\"og:type\" content=\"article\" \/>\n<meta property=\"og:title\" content=\"SILEXD - MODELO 2 P\u00caNIS REALISTA PREMIUM SILEXPAN SILICONE FLUORESCENTE ROSA 15 CM - Lovme\" \/>\n<meta property=\"og:description\" content=\"SILEXD - MODELO 2 P\u00caNIS REALISTA PREMIUM SILEXPAN SILICONE FLUORESCENTE ROSA 15 CM\" \/>\n<meta property=\"og:url\" content=\"https:\/\/lovme.pt\/index.php\/produto\/silexd-modelo-2-penis-realista-premium-silexpan-silicone-fluorescente-rosa-15-cm\/\" \/>\n<meta property=\"og:site_name\" content=\"Lovme\" \/>\n<meta property=\"article:modified_time\" content=\"2026-02-19T20:21:44+00:00\" \/>\n<meta property=\"og:image\" content=\"https:\/\/erki24nd3ub.exactdn.com\/wp-content\/uploads\/dream\/img\/img_159470_553df06785416e4059b6061d52d4b574_1.jpg?strip=all\" \/>\n\t<meta property=\"og:image:width\" content=\"800\" \/>\n\t<meta property=\"og:image:height\" content=\"800\" \/>\n\t<meta property=\"og:image:type\" content=\"image\/jpeg\" \/>\n<meta name=\"twitter:card\" content=\"summary_large_image\" \/>\n<meta name=\"twitter:label1\" content=\"Tempo estimado de leitura\" \/>\n\t<meta name=\"twitter:data1\" content=\"2 minutos\" \/>\n<script type=\"application\/ld+json\" class=\"yoast-schema-graph\">{\"@context\":\"https:\\\/\\\/schema.org\",\"@graph\":[{\"@type\":\"WebPage\",\"@id\":\"https:\\\/\\\/lovme.pt\\\/index.php\\\/produto\\\/silexd-modelo-2-penis-realista-premium-silexpan-silicone-fluorescente-rosa-15-cm\\\/\",\"url\":\"https:\\\/\\\/lovme.pt\\\/index.php\\\/produto\\\/silexd-modelo-2-penis-realista-premium-silexpan-silicone-fluorescente-rosa-15-cm\\\/\",\"name\":\"SILEXD - MODELO 2 P\u00caNIS REALISTA PREMIUM SILEXPAN SILICONE FLUORESCENTE ROSA 15 CM - Lovme\",\"isPartOf\":{\"@id\":\"https:\\\/\\\/lovme.pt\\\/#website\"},\"primaryImageOfPage\":{\"@id\":\"https:\\\/\\\/lovme.pt\\\/index.php\\\/produto\\\/silexd-modelo-2-penis-realista-premium-silexpan-silicone-fluorescente-rosa-15-cm\\\/#primaryimage\"},\"image\":{\"@id\":\"https:\\\/\\\/lovme.pt\\\/index.php\\\/produto\\\/silexd-modelo-2-penis-realista-premium-silexpan-silicone-fluorescente-rosa-15-cm\\\/#primaryimage\"},\"thumbnailUrl\":\"https:\\\/\\\/erki24nd3ub.exactdn.com\\\/wp-content\\\/uploads\\\/dream\\\/img\\\/img_159470_553df06785416e4059b6061d52d4b574_1.jpg?strip=all\",\"datePublished\":\"2025-10-01T02:48:04+00:00\",\"dateModified\":\"2026-02-19T20:21:44+00:00\",\"breadcrumb\":{\"@id\":\"https:\\\/\\\/lovme.pt\\\/index.php\\\/produto\\\/silexd-modelo-2-penis-realista-premium-silexpan-silicone-fluorescente-rosa-15-cm\\\/#breadcrumb\"},\"inLanguage\":\"pt-PT\",\"potentialAction\":[{\"@type\":\"ReadAction\",\"target\":[\"https:\\\/\\\/lovme.pt\\\/index.php\\\/produto\\\/silexd-modelo-2-penis-realista-premium-silexpan-silicone-fluorescente-rosa-15-cm\\\/\"]}]},{\"@type\":\"ImageObject\",\"inLanguage\":\"pt-PT\",\"@id\":\"https:\\\/\\\/lovme.pt\\\/index.php\\\/produto\\\/silexd-modelo-2-penis-realista-premium-silexpan-silicone-fluorescente-rosa-15-cm\\\/#primaryimage\",\"url\":\"https:\\\/\\\/erki24nd3ub.exactdn.com\\\/wp-content\\\/uploads\\\/dream\\\/img\\\/img_159470_553df06785416e4059b6061d52d4b574_1.jpg?strip=all\",\"contentUrl\":\"https:\\\/\\\/erki24nd3ub.exactdn.com\\\/wp-content\\\/uploads\\\/dream\\\/img\\\/img_159470_553df06785416e4059b6061d52d4b574_1.jpg?strip=all\",\"width\":800,\"height\":800},{\"@type\":\"BreadcrumbList\",\"@id\":\"https:\\\/\\\/lovme.pt\\\/index.php\\\/produto\\\/silexd-modelo-2-penis-realista-premium-silexpan-silicone-fluorescente-rosa-15-cm\\\/#breadcrumb\",\"itemListElement\":[{\"@type\":\"ListItem\",\"position\":1,\"name\":\"In\u00edcio\",\"item\":\"https:\\\/\\\/lovme.pt\\\/\"},{\"@type\":\"ListItem\",\"position\":2,\"name\":\"Loja\",\"item\":\"https:\\\/\\\/lovme.pt\\\/index.php\\\/loja\\\/\"},{\"@type\":\"ListItem\",\"position\":3,\"name\":\"SILEXD &#8211; MODELO 2 P\u00caNIS REALISTA PREMIUM SILEXPAN SILICONE FLUORESCENTE ROSA 15 CM\"}]},{\"@type\":\"WebSite\",\"@id\":\"https:\\\/\\\/lovme.pt\\\/#website\",\"url\":\"https:\\\/\\\/lovme.pt\\\/\",\"name\":\"Lovme Loja Er\u00f3tica N\u00ba1 em Portugal\",\"description\":\"A melhor loja er\u00f3tica de Portugal.\",\"alternateName\":\"Loja Er\u00f3tica Lovme\",\"potentialAction\":[{\"@type\":\"SearchAction\",\"target\":{\"@type\":\"EntryPoint\",\"urlTemplate\":\"https:\\\/\\\/lovme.pt\\\/?s={search_term_string}\"},\"query-input\":{\"@type\":\"PropertyValueSpecification\",\"valueRequired\":true,\"valueName\":\"search_term_string\"}}],\"inLanguage\":\"pt-PT\"}]}<\/script>\n<!-- \/ Yoast SEO plugin. -->","yoast_head_json":{"title":"SILEXD - MODELO 2 P\u00caNIS REALISTA PREMIUM SILEXPAN SILICONE FLUORESCENTE ROSA 15 CM - Lovme","robots":{"index":"index","follow":"follow","max-snippet":"max-snippet:-1","max-image-preview":"max-image-preview:large","max-video-preview":"max-video-preview:-1"},"canonical":"https:\/\/lovme.pt\/index.php\/produto\/silexd-modelo-2-penis-realista-premium-silexpan-silicone-fluorescente-rosa-15-cm\/","og_locale":"pt_PT","og_type":"article","og_title":"SILEXD - MODELO 2 P\u00caNIS REALISTA PREMIUM SILEXPAN SILICONE FLUORESCENTE ROSA 15 CM - Lovme","og_description":"SILEXD - MODELO 2 P\u00caNIS REALISTA PREMIUM SILEXPAN SILICONE FLUORESCENTE ROSA 15 CM","og_url":"https:\/\/lovme.pt\/index.php\/produto\/silexd-modelo-2-penis-realista-premium-silexpan-silicone-fluorescente-rosa-15-cm\/","og_site_name":"Lovme","article_modified_time":"2026-02-19T20:21:44+00:00","og_image":[{"width":800,"height":800,"url":"https:\/\/erki24nd3ub.exactdn.com\/wp-content\/uploads\/dream\/img\/img_159470_553df06785416e4059b6061d52d4b574_1.jpg?strip=all","type":"image\/jpeg"}],"twitter_card":"summary_large_image","twitter_misc":{"Tempo estimado de leitura":"2 minutos"},"schema":{"@context":"https:\/\/schema.org","@graph":[{"@type":"WebPage","@id":"https:\/\/lovme.pt\/index.php\/produto\/silexd-modelo-2-penis-realista-premium-silexpan-silicone-fluorescente-rosa-15-cm\/","url":"https:\/\/lovme.pt\/index.php\/produto\/silexd-modelo-2-penis-realista-premium-silexpan-silicone-fluorescente-rosa-15-cm\/","name":"SILEXD - MODELO 2 P\u00caNIS REALISTA PREMIUM SILEXPAN SILICONE FLUORESCENTE ROSA 15 CM - Lovme","isPartOf":{"@id":"https:\/\/lovme.pt\/#website"},"primaryImageOfPage":{"@id":"https:\/\/lovme.pt\/index.php\/produto\/silexd-modelo-2-penis-realista-premium-silexpan-silicone-fluorescente-rosa-15-cm\/#primaryimage"},"image":{"@id":"https:\/\/lovme.pt\/index.php\/produto\/silexd-modelo-2-penis-realista-premium-silexpan-silicone-fluorescente-rosa-15-cm\/#primaryimage"},"thumbnailUrl":"https:\/\/erki24nd3ub.exactdn.com\/wp-content\/uploads\/dream\/img\/img_159470_553df06785416e4059b6061d52d4b574_1.jpg?strip=all","datePublished":"2025-10-01T02:48:04+00:00","dateModified":"2026-02-19T20:21:44+00:00","breadcrumb":{"@id":"https:\/\/lovme.pt\/index.php\/produto\/silexd-modelo-2-penis-realista-premium-silexpan-silicone-fluorescente-rosa-15-cm\/#breadcrumb"},"inLanguage":"pt-PT","potentialAction":[{"@type":"ReadAction","target":["https:\/\/lovme.pt\/index.php\/produto\/silexd-modelo-2-penis-realista-premium-silexpan-silicone-fluorescente-rosa-15-cm\/"]}]},{"@type":"ImageObject","inLanguage":"pt-PT","@id":"https:\/\/lovme.pt\/index.php\/produto\/silexd-modelo-2-penis-realista-premium-silexpan-silicone-fluorescente-rosa-15-cm\/#primaryimage","url":"https:\/\/erki24nd3ub.exactdn.com\/wp-content\/uploads\/dream\/img\/img_159470_553df06785416e4059b6061d52d4b574_1.jpg?strip=all","contentUrl":"https:\/\/erki24nd3ub.exactdn.com\/wp-content\/uploads\/dream\/img\/img_159470_553df06785416e4059b6061d52d4b574_1.jpg?strip=all","width":800,"height":800},{"@type":"BreadcrumbList","@id":"https:\/\/lovme.pt\/index.php\/produto\/silexd-modelo-2-penis-realista-premium-silexpan-silicone-fluorescente-rosa-15-cm\/#breadcrumb","itemListElement":[{"@type":"ListItem","position":1,"name":"In\u00edcio","item":"https:\/\/lovme.pt\/"},{"@type":"ListItem","position":2,"name":"Loja","item":"https:\/\/lovme.pt\/index.php\/loja\/"},{"@type":"ListItem","position":3,"name":"SILEXD &#8211; MODELO 2 P\u00caNIS REALISTA PREMIUM SILEXPAN SILICONE FLUORESCENTE ROSA 15 CM"}]},{"@type":"WebSite","@id":"https:\/\/lovme.pt\/#website","url":"https:\/\/lovme.pt\/","name":"Lovme Loja Er\u00f3tica N\u00ba1 em Portugal","description":"A melhor loja er\u00f3tica de Portugal.","alternateName":"Loja Er\u00f3tica Lovme","potentialAction":[{"@type":"SearchAction","target":{"@type":"EntryPoint","urlTemplate":"https:\/\/lovme.pt\/?s={search_term_string}"},"query-input":{"@type":"PropertyValueSpecification","valueRequired":true,"valueName":"search_term_string"}}],"inLanguage":"pt-PT"}]}},"_links":{"self":[{"href":"https:\/\/lovme.pt\/index.php\/wp-json\/wp\/v2\/product\/45777","targetHints":{"allow":["GET"]}}],"collection":[{"href":"https:\/\/lovme.pt\/index.php\/wp-json\/wp\/v2\/product"}],"about":[{"href":"https:\/\/lovme.pt\/index.php\/wp-json\/wp\/v2\/types\/product"}],"wp:featuredmedia":[{"embeddable":true,"href":"https:\/\/lovme.pt\/index.php\/wp-json\/wp\/v2\/media\/99066"}],"wp:attachment":[{"href":"https:\/\/lovme.pt\/index.php\/wp-json\/wp\/v2\/media?parent=45777"}],"wp:term":[{"taxonomy":"product_brand","embeddable":true,"href":"https:\/\/lovme.pt\/index.php\/wp-json\/wp\/v2\/product_brand?post=45777"},{"taxonomy":"product_cat","embeddable":true,"href":"https:\/\/lovme.pt\/index.php\/wp-json\/wp\/v2\/product_cat?post=45777"},{"taxonomy":"product_tag","embeddable":true,"href":"https:\/\/lovme.pt\/index.php\/wp-json\/wp\/v2\/product_tag?post=45777"}],"curies":[{"name":"wp","href":"https:\/\/api.w.org\/{rel}","templated":true}]}}