{"id":45724,"date":"2025-10-01T02:51:26","date_gmt":"2025-10-01T02:51:26","guid":{"rendered":"https:\/\/lovme.pt\/?post_type=product&p=45724"},"modified":"2026-04-01T02:04:34","modified_gmt":"2026-04-01T02:04:34","slug":"alive-ganhe-dados-de-sorte-6-posioes-unitrio","status":"publish","type":"product","link":"https:\/\/lovme.pt\/index.php\/produto\/alive-ganhe-dados-de-sorte-6-posioes-unitrio\/","title":{"rendered":"ALIVE &#8211; GANHE DADOS DE SORTE 6 POSI\u00d5ES UNITRIO"},"content":{"rendered":"<p><strong>Get Lucky<\/strong> \u00e9 um dado com seis posi\u00e7\u00f5es diferentes do Kamasutra e \u00e9 um acess\u00f3rio fascinante projetado para adicionar um elemento de surpresa e aventura \u00e0 intimidade do casal.<\/p>\n<p> Inspirado na antiga arte do Kamasutra, este dado oferece uma forma l\u00fadica e excitante de explorar diferentes posi\u00e7\u00f5es sexuais, incentivando a criatividade e a conex\u00e3o er\u00f3tica entre os participantes.<\/p>\n<p> Cada face do dado \u00e9 marcada com uma ilustra\u00e7\u00e3o representativa de uma posi\u00e7\u00e3o espec\u00edfica do Kamasutra. Estas posi\u00e7\u00f5es s\u00e3o conhecidas pela sua diversidade e sensualidade, variando desde as posi\u00e7\u00f5es mais suaves e rom\u00e2nticas at\u00e9 \u00e0s mais apaixonadas e ousadas. O lan\u00e7amento dos dados determina a posi\u00e7\u00e3o que o casal ir\u00e1 explorar, criando uma sensa\u00e7\u00e3o de expectativa e excita\u00e7\u00e3o.<\/p>\n<p> A variedade de posi\u00e7\u00f5es dispon\u00edveis nos dados permite aos casais experimentar diferentes n\u00edveis de intimidade e descobrir novas formas de conex\u00e3o f\u00edsica. Desde posi\u00e7\u00f5es que incentivam a intimidade visual e o contato pr\u00f3ximo at\u00e9 aquelas que exploram a paix\u00e3o e a energia f\u00edsica, o dado de posi\u00e7\u00e3o Kamasutra oferece uma gama diversificada de op\u00e7\u00f5es para atender aos gostos e prefer\u00eancias individuais.<\/p>\n<\/p>\n<p> <u><strong>CARACTER\u00cdSTICAS:<\/strong><\/u><\/p>\n<ul>\n<li> Cor: Madeira<\/li>\n<li> Dimens\u00f5es: Comprimento 15 cm \/ Largura 15 cm \/ Profundidade 6,3 cm<\/li>\n<li> Impermeabiliza\u00e7\u00e3o: Resistente \u00e0 \u00e1gua-IPX8<\/li>\n<\/ul>\n","protected":false},"excerpt":{"rendered":"<p>ALIVE &#8211; GANHE DADOS DE SORTE 6 POSI\u00d5ES UNITRIO<\/p>\n","protected":false},"featured_media":99462,"template":"","meta":{"_acf_changed":false},"product_brand":[],"product_cat":[69],"product_tag":[],"class_list":{"0":"post-45724","1":"product","2":"type-product","3":"status-publish","4":"has-post-thumbnail","6":"product_cat-jogos-eroticos","7":"yith_product_brand-alive","9":"first","10":"instock","11":"taxable","12":"shipping-taxable","13":"purchasable","14":"product-type-simple"},"acf":[],"yoast_head":"<!-- This site is optimized with the Yoast SEO plugin v27.3 - https:\/\/yoast.com\/product\/yoast-seo-wordpress\/ -->\n<title>ALIVE - GANHE DADOS DE SORTE 6 POSI\u00d5ES UNITRIO - Lovme<\/title>\n<meta name=\"robots\" content=\"index, follow, max-snippet:-1, max-image-preview:large, max-video-preview:-1\" \/>\n<link rel=\"canonical\" href=\"https:\/\/lovme.pt\/index.php\/produto\/alive-ganhe-dados-de-sorte-6-posioes-unitrio\/\" \/>\n<meta property=\"og:locale\" content=\"pt_PT\" \/>\n<meta property=\"og:type\" content=\"article\" \/>\n<meta property=\"og:title\" content=\"ALIVE - GANHE DADOS DE SORTE 6 POSI\u00d5ES UNITRIO - Lovme\" \/>\n<meta property=\"og:description\" content=\"ALIVE - GANHE DADOS DE SORTE 6 POSI\u00d5ES UNITRIO\" \/>\n<meta property=\"og:url\" content=\"https:\/\/lovme.pt\/index.php\/produto\/alive-ganhe-dados-de-sorte-6-posioes-unitrio\/\" \/>\n<meta property=\"og:site_name\" content=\"Lovme\" \/>\n<meta property=\"article:modified_time\" content=\"2026-04-01T02:04:34+00:00\" \/>\n<meta property=\"og:image\" content=\"https:\/\/erki24nd3ub.exactdn.com\/wp-content\/uploads\/dream\/img\/img_159307_23a4b46225b8f33ca9f13d56a6428d50_1.jpg?strip=all\" \/>\n\t<meta property=\"og:image:width\" content=\"800\" \/>\n\t<meta property=\"og:image:height\" content=\"800\" \/>\n\t<meta property=\"og:image:type\" content=\"image\/jpeg\" \/>\n<meta name=\"twitter:card\" content=\"summary_large_image\" \/>\n<meta name=\"twitter:label1\" content=\"Tempo estimado de leitura\" \/>\n\t<meta name=\"twitter:data1\" content=\"1 minuto\" \/>\n<script type=\"application\/ld+json\" class=\"yoast-schema-graph\">{\"@context\":\"https:\\\/\\\/schema.org\",\"@graph\":[{\"@type\":\"WebPage\",\"@id\":\"https:\\\/\\\/lovme.pt\\\/index.php\\\/produto\\\/alive-ganhe-dados-de-sorte-6-posioes-unitrio\\\/\",\"url\":\"https:\\\/\\\/lovme.pt\\\/index.php\\\/produto\\\/alive-ganhe-dados-de-sorte-6-posioes-unitrio\\\/\",\"name\":\"ALIVE - GANHE DADOS DE SORTE 6 POSI\u00d5ES UNITRIO - Lovme\",\"isPartOf\":{\"@id\":\"https:\\\/\\\/lovme.pt\\\/#website\"},\"primaryImageOfPage\":{\"@id\":\"https:\\\/\\\/lovme.pt\\\/index.php\\\/produto\\\/alive-ganhe-dados-de-sorte-6-posioes-unitrio\\\/#primaryimage\"},\"image\":{\"@id\":\"https:\\\/\\\/lovme.pt\\\/index.php\\\/produto\\\/alive-ganhe-dados-de-sorte-6-posioes-unitrio\\\/#primaryimage\"},\"thumbnailUrl\":\"https:\\\/\\\/erki24nd3ub.exactdn.com\\\/wp-content\\\/uploads\\\/dream\\\/img\\\/img_159307_23a4b46225b8f33ca9f13d56a6428d50_1.jpg?strip=all\",\"datePublished\":\"2025-10-01T02:51:26+00:00\",\"dateModified\":\"2026-04-01T02:04:34+00:00\",\"breadcrumb\":{\"@id\":\"https:\\\/\\\/lovme.pt\\\/index.php\\\/produto\\\/alive-ganhe-dados-de-sorte-6-posioes-unitrio\\\/#breadcrumb\"},\"inLanguage\":\"pt-PT\",\"potentialAction\":[{\"@type\":\"ReadAction\",\"target\":[\"https:\\\/\\\/lovme.pt\\\/index.php\\\/produto\\\/alive-ganhe-dados-de-sorte-6-posioes-unitrio\\\/\"]}]},{\"@type\":\"ImageObject\",\"inLanguage\":\"pt-PT\",\"@id\":\"https:\\\/\\\/lovme.pt\\\/index.php\\\/produto\\\/alive-ganhe-dados-de-sorte-6-posioes-unitrio\\\/#primaryimage\",\"url\":\"https:\\\/\\\/erki24nd3ub.exactdn.com\\\/wp-content\\\/uploads\\\/dream\\\/img\\\/img_159307_23a4b46225b8f33ca9f13d56a6428d50_1.jpg?strip=all\",\"contentUrl\":\"https:\\\/\\\/erki24nd3ub.exactdn.com\\\/wp-content\\\/uploads\\\/dream\\\/img\\\/img_159307_23a4b46225b8f33ca9f13d56a6428d50_1.jpg?strip=all\",\"width\":800,\"height\":800},{\"@type\":\"BreadcrumbList\",\"@id\":\"https:\\\/\\\/lovme.pt\\\/index.php\\\/produto\\\/alive-ganhe-dados-de-sorte-6-posioes-unitrio\\\/#breadcrumb\",\"itemListElement\":[{\"@type\":\"ListItem\",\"position\":1,\"name\":\"In\u00edcio\",\"item\":\"https:\\\/\\\/lovme.pt\\\/\"},{\"@type\":\"ListItem\",\"position\":2,\"name\":\"Loja\",\"item\":\"https:\\\/\\\/lovme.pt\\\/index.php\\\/loja\\\/\"},{\"@type\":\"ListItem\",\"position\":3,\"name\":\"ALIVE &#8211; GANHE DADOS DE SORTE 6 POSI\u00d5ES UNITRIO\"}]},{\"@type\":\"WebSite\",\"@id\":\"https:\\\/\\\/lovme.pt\\\/#website\",\"url\":\"https:\\\/\\\/lovme.pt\\\/\",\"name\":\"Lovme Loja Er\u00f3tica N\u00ba1 em Portugal\",\"description\":\"A melhor loja er\u00f3tica de Portugal.\",\"alternateName\":\"Loja Er\u00f3tica Lovme\",\"potentialAction\":[{\"@type\":\"SearchAction\",\"target\":{\"@type\":\"EntryPoint\",\"urlTemplate\":\"https:\\\/\\\/lovme.pt\\\/?s={search_term_string}\"},\"query-input\":{\"@type\":\"PropertyValueSpecification\",\"valueRequired\":true,\"valueName\":\"search_term_string\"}}],\"inLanguage\":\"pt-PT\"}]}<\/script>\n<!-- \/ Yoast SEO plugin. -->","yoast_head_json":{"title":"ALIVE - GANHE DADOS DE SORTE 6 POSI\u00d5ES UNITRIO - Lovme","robots":{"index":"index","follow":"follow","max-snippet":"max-snippet:-1","max-image-preview":"max-image-preview:large","max-video-preview":"max-video-preview:-1"},"canonical":"https:\/\/lovme.pt\/index.php\/produto\/alive-ganhe-dados-de-sorte-6-posioes-unitrio\/","og_locale":"pt_PT","og_type":"article","og_title":"ALIVE - GANHE DADOS DE SORTE 6 POSI\u00d5ES UNITRIO - Lovme","og_description":"ALIVE - GANHE DADOS DE SORTE 6 POSI\u00d5ES UNITRIO","og_url":"https:\/\/lovme.pt\/index.php\/produto\/alive-ganhe-dados-de-sorte-6-posioes-unitrio\/","og_site_name":"Lovme","article_modified_time":"2026-04-01T02:04:34+00:00","og_image":[{"width":800,"height":800,"url":"https:\/\/erki24nd3ub.exactdn.com\/wp-content\/uploads\/dream\/img\/img_159307_23a4b46225b8f33ca9f13d56a6428d50_1.jpg?strip=all","type":"image\/jpeg"}],"twitter_card":"summary_large_image","twitter_misc":{"Tempo estimado de leitura":"1 minuto"},"schema":{"@context":"https:\/\/schema.org","@graph":[{"@type":"WebPage","@id":"https:\/\/lovme.pt\/index.php\/produto\/alive-ganhe-dados-de-sorte-6-posioes-unitrio\/","url":"https:\/\/lovme.pt\/index.php\/produto\/alive-ganhe-dados-de-sorte-6-posioes-unitrio\/","name":"ALIVE - GANHE DADOS DE SORTE 6 POSI\u00d5ES UNITRIO - Lovme","isPartOf":{"@id":"https:\/\/lovme.pt\/#website"},"primaryImageOfPage":{"@id":"https:\/\/lovme.pt\/index.php\/produto\/alive-ganhe-dados-de-sorte-6-posioes-unitrio\/#primaryimage"},"image":{"@id":"https:\/\/lovme.pt\/index.php\/produto\/alive-ganhe-dados-de-sorte-6-posioes-unitrio\/#primaryimage"},"thumbnailUrl":"https:\/\/erki24nd3ub.exactdn.com\/wp-content\/uploads\/dream\/img\/img_159307_23a4b46225b8f33ca9f13d56a6428d50_1.jpg?strip=all","datePublished":"2025-10-01T02:51:26+00:00","dateModified":"2026-04-01T02:04:34+00:00","breadcrumb":{"@id":"https:\/\/lovme.pt\/index.php\/produto\/alive-ganhe-dados-de-sorte-6-posioes-unitrio\/#breadcrumb"},"inLanguage":"pt-PT","potentialAction":[{"@type":"ReadAction","target":["https:\/\/lovme.pt\/index.php\/produto\/alive-ganhe-dados-de-sorte-6-posioes-unitrio\/"]}]},{"@type":"ImageObject","inLanguage":"pt-PT","@id":"https:\/\/lovme.pt\/index.php\/produto\/alive-ganhe-dados-de-sorte-6-posioes-unitrio\/#primaryimage","url":"https:\/\/erki24nd3ub.exactdn.com\/wp-content\/uploads\/dream\/img\/img_159307_23a4b46225b8f33ca9f13d56a6428d50_1.jpg?strip=all","contentUrl":"https:\/\/erki24nd3ub.exactdn.com\/wp-content\/uploads\/dream\/img\/img_159307_23a4b46225b8f33ca9f13d56a6428d50_1.jpg?strip=all","width":800,"height":800},{"@type":"BreadcrumbList","@id":"https:\/\/lovme.pt\/index.php\/produto\/alive-ganhe-dados-de-sorte-6-posioes-unitrio\/#breadcrumb","itemListElement":[{"@type":"ListItem","position":1,"name":"In\u00edcio","item":"https:\/\/lovme.pt\/"},{"@type":"ListItem","position":2,"name":"Loja","item":"https:\/\/lovme.pt\/index.php\/loja\/"},{"@type":"ListItem","position":3,"name":"ALIVE &#8211; GANHE DADOS DE SORTE 6 POSI\u00d5ES UNITRIO"}]},{"@type":"WebSite","@id":"https:\/\/lovme.pt\/#website","url":"https:\/\/lovme.pt\/","name":"Lovme Loja Er\u00f3tica N\u00ba1 em Portugal","description":"A melhor loja er\u00f3tica de Portugal.","alternateName":"Loja Er\u00f3tica Lovme","potentialAction":[{"@type":"SearchAction","target":{"@type":"EntryPoint","urlTemplate":"https:\/\/lovme.pt\/?s={search_term_string}"},"query-input":{"@type":"PropertyValueSpecification","valueRequired":true,"valueName":"search_term_string"}}],"inLanguage":"pt-PT"}]}},"_links":{"self":[{"href":"https:\/\/lovme.pt\/index.php\/wp-json\/wp\/v2\/product\/45724","targetHints":{"allow":["GET"]}}],"collection":[{"href":"https:\/\/lovme.pt\/index.php\/wp-json\/wp\/v2\/product"}],"about":[{"href":"https:\/\/lovme.pt\/index.php\/wp-json\/wp\/v2\/types\/product"}],"wp:featuredmedia":[{"embeddable":true,"href":"https:\/\/lovme.pt\/index.php\/wp-json\/wp\/v2\/media\/99462"}],"wp:attachment":[{"href":"https:\/\/lovme.pt\/index.php\/wp-json\/wp\/v2\/media?parent=45724"}],"wp:term":[{"taxonomy":"product_brand","embeddable":true,"href":"https:\/\/lovme.pt\/index.php\/wp-json\/wp\/v2\/product_brand?post=45724"},{"taxonomy":"product_cat","embeddable":true,"href":"https:\/\/lovme.pt\/index.php\/wp-json\/wp\/v2\/product_cat?post=45724"},{"taxonomy":"product_tag","embeddable":true,"href":"https:\/\/lovme.pt\/index.php\/wp-json\/wp\/v2\/product_tag?post=45724"}],"curies":[{"name":"wp","href":"https:\/\/api.w.org\/{rel}","templated":true}]}}