{"id":45686,"date":"2025-10-01T03:14:45","date_gmt":"2025-10-01T03:14:45","guid":{"rendered":"https:\/\/lovme.pt\/?post_type=product&p=45686"},"modified":"2026-04-03T00:53:14","modified_gmt":"2026-04-03T00:53:14","slug":"alive-mini-plug-prazer-anal-metal-preto-tamanho-m","status":"publish","type":"product","link":"https:\/\/lovme.pt\/index.php\/produto\/alive-mini-plug-prazer-anal-metal-preto-tamanho-m\/","title":{"rendered":"ALIVE &#8211; MINI PLUG PRAZER ANAL METAL PRETO TAMANHO M"},"content":{"rendered":"<p><strong>Mini Plug Anal Met\u00e1lico<\/strong> macio e agrad\u00e1vel com um diamante brilhante em v\u00e1rias cores, com os plugs voc\u00ea poder\u00e1 desfrutar de novas sensa\u00e7\u00f5es ao iniciar no maravilhoso mundo anal, sentir\u00e1 o frescor do material que ir\u00e1 neutralizar a alta temperatura do seu corpo.<\/p>\n<\/p>\n<p> O <strong>plug anal met\u00e1lico<\/strong> de diversos tamanhos \u00e9 um brinquedo sexual pensado para a explora\u00e7\u00e3o anal e estimula\u00e7\u00e3o desta zona er\u00f3gena. Este tipo de brinquedo oferece uma experi\u00eancia \u00fanica gra\u00e7as \u00e0 sua constru\u00e7\u00e3o com materiais dur\u00e1veis e \u00e0 sua capacidade de adapta\u00e7\u00e3o a diferentes n\u00edveis de experi\u00eancia e prefer\u00eancias individuais.<\/p>\n<ul>\n<li> <strong>Material e Constru\u00e7\u00e3o<\/strong> : O plug anal de metal \u00e9 feito de metal. Geralmente fabricado em a\u00e7o inoxid\u00e1vel seguro para o corpo. Este material n\u00e3o s\u00f3 \u00e9 dur\u00e1vel e resistente, mas tamb\u00e9m permite experimentar diferentes temperaturas, pois pode ser resfriado ou aquecido antes do uso para adicionar uma dimens\u00e3o sensorial adicional.<\/li>\n<li> <strong>Formato ergon\u00f4mico<\/strong> : O formato do plug anal \u00e9 ergon\u00f4mico. Ergonomicamente projetado para se ajustar confortavelmente \u00e0 anatomia anal. Normalmente apresenta uma ponta c\u00f4nica para f\u00e1cil inser\u00e7\u00e3o e um corpo que se alarga gradativamente, terminando com uma base mais larga para evitar que o brinquedo seja totalmente inserido e garantir uma remo\u00e7\u00e3o segura.<\/li>\n<li> <strong>Tamanhos Diferentes<\/strong> : A variedade de tamanhos dispon\u00edveis neste kit permite aos usu\u00e1rios escolher o n\u00edvel de expans\u00e3o e estimula\u00e7\u00e3o anal que desejam experimentar. Os modelos menores s\u00e3o ideais para iniciantes, enquanto os tamanhos maiores s\u00e3o indicados para quem tem mais experi\u00eancia.<\/li>\n<li> <strong>Base Segura<\/strong> : A base do plug anal \u00e9 essencial para garantir a seguran\u00e7a durante o uso. Geralmente tem formato para evitar que o brinquedo seja inserido completamente, evitando qualquer risco de perda interna. Al\u00e9m disso, a base costuma ser larga e confort\u00e1vel para uso prolongado.<\/li>\n<li> <strong>Higiene e Manuten\u00e7\u00e3o<\/strong> : O metal \u00e9 um material f\u00e1cil de limpar e desinfetar. Pode ser lavado com \u00e1gua morna e sab\u00e3o neutro, sendo tamb\u00e9m compat\u00edvel com esteriliza\u00e7\u00e3o. Isso \u00e9 essencial para manter a higiene e prevenir poss\u00edveis infec\u00e7\u00f5es.<\/li>\n<li> <strong>Uso com Lubrificantes<\/strong> : Para facilitar a inser\u00e7\u00e3o e melhorar o conforto, recomenda-se o uso de lubrificantes \u00e0 base de \u00e1gua ou silicone com o tamp\u00e3o anal met\u00e1lico. Isso ajuda a minimizar o atrito e permite uma experi\u00eancia mais agrad\u00e1vel.<\/li>\n<\/ul>\n<p> <u><strong>CARACTER\u00cdSTICAS:<\/strong><\/u><\/p>\n<ul>\n<li> Cor: metal preto<\/li>\n<li> <u>Dimens\u00f5es<\/u> : Comprimento 8 cm \/ Di\u00e2metro 3,4 cm<\/li>\n<li> Impermeabiliza\u00e7\u00e3o: Resistente \u00e0 \u00e1gua-IPX8<\/li>\n<li> Zona de estimula\u00e7\u00e3o: Anal<\/li>\n<\/ul>\n","protected":false},"excerpt":{"rendered":"<p>ALIVE &#8211; MINI PLUG PRAZER ANAL METAL PRETO TAMANHO M<\/p>\n","protected":false},"featured_media":102256,"template":"","meta":{"_acf_changed":false},"product_brand":[],"product_cat":[48,17,62,63],"product_tag":[],"class_list":{"0":"post-45686","1":"product","2":"type-product","3":"status-publish","4":"has-post-thumbnail","6":"product_cat-bdsm","7":"product_cat-brinquedos-de-bem-estar-sexual","8":"product_cat-plugues-e-correntes-anais","9":"product_cat-sexo-anal","10":"yith_product_brand-alive","12":"first","13":"instock","14":"taxable","15":"shipping-taxable","16":"purchasable","17":"product-type-simple"},"acf":[],"yoast_head":"<!-- This site is optimized with the Yoast SEO plugin v27.4 - https:\/\/yoast.com\/product\/yoast-seo-wordpress\/ -->\n<title>ALIVE - MINI PLUG PRAZER ANAL METAL PRETO TAMANHO M - Lovme<\/title>\n<meta name=\"robots\" content=\"index, follow, max-snippet:-1, max-image-preview:large, max-video-preview:-1\" \/>\n<link rel=\"canonical\" href=\"https:\/\/lovme.pt\/index.php\/produto\/alive-mini-plug-prazer-anal-metal-preto-tamanho-m\/\" \/>\n<meta property=\"og:locale\" content=\"pt_PT\" \/>\n<meta property=\"og:type\" content=\"article\" \/>\n<meta property=\"og:title\" content=\"ALIVE - MINI PLUG PRAZER ANAL METAL PRETO TAMANHO M - Lovme\" \/>\n<meta property=\"og:description\" content=\"ALIVE - MINI PLUG PRAZER ANAL METAL PRETO TAMANHO M\" \/>\n<meta property=\"og:url\" content=\"https:\/\/lovme.pt\/index.php\/produto\/alive-mini-plug-prazer-anal-metal-preto-tamanho-m\/\" \/>\n<meta property=\"og:site_name\" content=\"Lovme\" \/>\n<meta property=\"article:modified_time\" content=\"2026-04-03T00:53:14+00:00\" \/>\n<meta property=\"og:image\" content=\"https:\/\/erki24nd3ub.exactdn.com\/wp-content\/uploads\/dream\/img\/img_158843_8a671631f9571275a8c255d9a8b9ae58_1.jpg?strip=all\" \/>\n\t<meta property=\"og:image:width\" content=\"800\" \/>\n\t<meta property=\"og:image:height\" content=\"800\" \/>\n\t<meta property=\"og:image:type\" content=\"image\/jpeg\" \/>\n<meta name=\"twitter:card\" content=\"summary_large_image\" \/>\n<meta name=\"twitter:label1\" content=\"Tempo estimado de leitura\" \/>\n\t<meta name=\"twitter:data1\" content=\"2 minutos\" \/>\n<script type=\"application\/ld+json\" class=\"yoast-schema-graph\">{\"@context\":\"https:\\\/\\\/schema.org\",\"@graph\":[{\"@type\":\"WebPage\",\"@id\":\"https:\\\/\\\/lovme.pt\\\/index.php\\\/produto\\\/alive-mini-plug-prazer-anal-metal-preto-tamanho-m\\\/\",\"url\":\"https:\\\/\\\/lovme.pt\\\/index.php\\\/produto\\\/alive-mini-plug-prazer-anal-metal-preto-tamanho-m\\\/\",\"name\":\"ALIVE - MINI PLUG PRAZER ANAL METAL PRETO TAMANHO M - Lovme\",\"isPartOf\":{\"@id\":\"https:\\\/\\\/lovme.pt\\\/#website\"},\"primaryImageOfPage\":{\"@id\":\"https:\\\/\\\/lovme.pt\\\/index.php\\\/produto\\\/alive-mini-plug-prazer-anal-metal-preto-tamanho-m\\\/#primaryimage\"},\"image\":{\"@id\":\"https:\\\/\\\/lovme.pt\\\/index.php\\\/produto\\\/alive-mini-plug-prazer-anal-metal-preto-tamanho-m\\\/#primaryimage\"},\"thumbnailUrl\":\"https:\\\/\\\/erki24nd3ub.exactdn.com\\\/wp-content\\\/uploads\\\/dream\\\/img\\\/img_158843_8a671631f9571275a8c255d9a8b9ae58_1.jpg?strip=all\",\"datePublished\":\"2025-10-01T03:14:45+00:00\",\"dateModified\":\"2026-04-03T00:53:14+00:00\",\"breadcrumb\":{\"@id\":\"https:\\\/\\\/lovme.pt\\\/index.php\\\/produto\\\/alive-mini-plug-prazer-anal-metal-preto-tamanho-m\\\/#breadcrumb\"},\"inLanguage\":\"pt-PT\",\"potentialAction\":[{\"@type\":\"ReadAction\",\"target\":[\"https:\\\/\\\/lovme.pt\\\/index.php\\\/produto\\\/alive-mini-plug-prazer-anal-metal-preto-tamanho-m\\\/\"]}]},{\"@type\":\"ImageObject\",\"inLanguage\":\"pt-PT\",\"@id\":\"https:\\\/\\\/lovme.pt\\\/index.php\\\/produto\\\/alive-mini-plug-prazer-anal-metal-preto-tamanho-m\\\/#primaryimage\",\"url\":\"https:\\\/\\\/erki24nd3ub.exactdn.com\\\/wp-content\\\/uploads\\\/dream\\\/img\\\/img_158843_8a671631f9571275a8c255d9a8b9ae58_1.jpg?strip=all\",\"contentUrl\":\"https:\\\/\\\/erki24nd3ub.exactdn.com\\\/wp-content\\\/uploads\\\/dream\\\/img\\\/img_158843_8a671631f9571275a8c255d9a8b9ae58_1.jpg?strip=all\",\"width\":800,\"height\":800},{\"@type\":\"BreadcrumbList\",\"@id\":\"https:\\\/\\\/lovme.pt\\\/index.php\\\/produto\\\/alive-mini-plug-prazer-anal-metal-preto-tamanho-m\\\/#breadcrumb\",\"itemListElement\":[{\"@type\":\"ListItem\",\"position\":1,\"name\":\"In\u00edcio\",\"item\":\"https:\\\/\\\/lovme.pt\\\/\"},{\"@type\":\"ListItem\",\"position\":2,\"name\":\"Loja\",\"item\":\"https:\\\/\\\/lovme.pt\\\/index.php\\\/loja\\\/\"},{\"@type\":\"ListItem\",\"position\":3,\"name\":\"ALIVE &#8211; MINI PLUG PRAZER ANAL METAL PRETO TAMANHO M\"}]},{\"@type\":\"WebSite\",\"@id\":\"https:\\\/\\\/lovme.pt\\\/#website\",\"url\":\"https:\\\/\\\/lovme.pt\\\/\",\"name\":\"Lovme Loja Er\u00f3tica N\u00ba1 em Portugal\",\"description\":\"A melhor loja er\u00f3tica de Portugal.\",\"alternateName\":\"Loja Er\u00f3tica Lovme\",\"potentialAction\":[{\"@type\":\"SearchAction\",\"target\":{\"@type\":\"EntryPoint\",\"urlTemplate\":\"https:\\\/\\\/lovme.pt\\\/?s={search_term_string}\"},\"query-input\":{\"@type\":\"PropertyValueSpecification\",\"valueRequired\":true,\"valueName\":\"search_term_string\"}}],\"inLanguage\":\"pt-PT\"}]}<\/script>\n<!-- \/ Yoast SEO plugin. -->","yoast_head_json":{"title":"ALIVE - MINI PLUG PRAZER ANAL METAL PRETO TAMANHO M - Lovme","robots":{"index":"index","follow":"follow","max-snippet":"max-snippet:-1","max-image-preview":"max-image-preview:large","max-video-preview":"max-video-preview:-1"},"canonical":"https:\/\/lovme.pt\/index.php\/produto\/alive-mini-plug-prazer-anal-metal-preto-tamanho-m\/","og_locale":"pt_PT","og_type":"article","og_title":"ALIVE - MINI PLUG PRAZER ANAL METAL PRETO TAMANHO M - Lovme","og_description":"ALIVE - MINI PLUG PRAZER ANAL METAL PRETO TAMANHO M","og_url":"https:\/\/lovme.pt\/index.php\/produto\/alive-mini-plug-prazer-anal-metal-preto-tamanho-m\/","og_site_name":"Lovme","article_modified_time":"2026-04-03T00:53:14+00:00","og_image":[{"width":800,"height":800,"url":"https:\/\/erki24nd3ub.exactdn.com\/wp-content\/uploads\/dream\/img\/img_158843_8a671631f9571275a8c255d9a8b9ae58_1.jpg?strip=all","type":"image\/jpeg"}],"twitter_card":"summary_large_image","twitter_misc":{"Tempo estimado de leitura":"2 minutos"},"schema":{"@context":"https:\/\/schema.org","@graph":[{"@type":"WebPage","@id":"https:\/\/lovme.pt\/index.php\/produto\/alive-mini-plug-prazer-anal-metal-preto-tamanho-m\/","url":"https:\/\/lovme.pt\/index.php\/produto\/alive-mini-plug-prazer-anal-metal-preto-tamanho-m\/","name":"ALIVE - MINI PLUG PRAZER ANAL METAL PRETO TAMANHO M - Lovme","isPartOf":{"@id":"https:\/\/lovme.pt\/#website"},"primaryImageOfPage":{"@id":"https:\/\/lovme.pt\/index.php\/produto\/alive-mini-plug-prazer-anal-metal-preto-tamanho-m\/#primaryimage"},"image":{"@id":"https:\/\/lovme.pt\/index.php\/produto\/alive-mini-plug-prazer-anal-metal-preto-tamanho-m\/#primaryimage"},"thumbnailUrl":"https:\/\/erki24nd3ub.exactdn.com\/wp-content\/uploads\/dream\/img\/img_158843_8a671631f9571275a8c255d9a8b9ae58_1.jpg?strip=all","datePublished":"2025-10-01T03:14:45+00:00","dateModified":"2026-04-03T00:53:14+00:00","breadcrumb":{"@id":"https:\/\/lovme.pt\/index.php\/produto\/alive-mini-plug-prazer-anal-metal-preto-tamanho-m\/#breadcrumb"},"inLanguage":"pt-PT","potentialAction":[{"@type":"ReadAction","target":["https:\/\/lovme.pt\/index.php\/produto\/alive-mini-plug-prazer-anal-metal-preto-tamanho-m\/"]}]},{"@type":"ImageObject","inLanguage":"pt-PT","@id":"https:\/\/lovme.pt\/index.php\/produto\/alive-mini-plug-prazer-anal-metal-preto-tamanho-m\/#primaryimage","url":"https:\/\/erki24nd3ub.exactdn.com\/wp-content\/uploads\/dream\/img\/img_158843_8a671631f9571275a8c255d9a8b9ae58_1.jpg?strip=all","contentUrl":"https:\/\/erki24nd3ub.exactdn.com\/wp-content\/uploads\/dream\/img\/img_158843_8a671631f9571275a8c255d9a8b9ae58_1.jpg?strip=all","width":800,"height":800},{"@type":"BreadcrumbList","@id":"https:\/\/lovme.pt\/index.php\/produto\/alive-mini-plug-prazer-anal-metal-preto-tamanho-m\/#breadcrumb","itemListElement":[{"@type":"ListItem","position":1,"name":"In\u00edcio","item":"https:\/\/lovme.pt\/"},{"@type":"ListItem","position":2,"name":"Loja","item":"https:\/\/lovme.pt\/index.php\/loja\/"},{"@type":"ListItem","position":3,"name":"ALIVE &#8211; MINI PLUG PRAZER ANAL METAL PRETO TAMANHO M"}]},{"@type":"WebSite","@id":"https:\/\/lovme.pt\/#website","url":"https:\/\/lovme.pt\/","name":"Lovme Loja Er\u00f3tica N\u00ba1 em Portugal","description":"A melhor loja er\u00f3tica de Portugal.","alternateName":"Loja Er\u00f3tica Lovme","potentialAction":[{"@type":"SearchAction","target":{"@type":"EntryPoint","urlTemplate":"https:\/\/lovme.pt\/?s={search_term_string}"},"query-input":{"@type":"PropertyValueSpecification","valueRequired":true,"valueName":"search_term_string"}}],"inLanguage":"pt-PT"}]}},"_links":{"self":[{"href":"https:\/\/lovme.pt\/index.php\/wp-json\/wp\/v2\/product\/45686","targetHints":{"allow":["GET"]}}],"collection":[{"href":"https:\/\/lovme.pt\/index.php\/wp-json\/wp\/v2\/product"}],"about":[{"href":"https:\/\/lovme.pt\/index.php\/wp-json\/wp\/v2\/types\/product"}],"wp:featuredmedia":[{"embeddable":true,"href":"https:\/\/lovme.pt\/index.php\/wp-json\/wp\/v2\/media\/102256"}],"wp:attachment":[{"href":"https:\/\/lovme.pt\/index.php\/wp-json\/wp\/v2\/media?parent=45686"}],"wp:term":[{"taxonomy":"product_brand","embeddable":true,"href":"https:\/\/lovme.pt\/index.php\/wp-json\/wp\/v2\/product_brand?post=45686"},{"taxonomy":"product_cat","embeddable":true,"href":"https:\/\/lovme.pt\/index.php\/wp-json\/wp\/v2\/product_cat?post=45686"},{"taxonomy":"product_tag","embeddable":true,"href":"https:\/\/lovme.pt\/index.php\/wp-json\/wp\/v2\/product_tag?post=45686"}],"curies":[{"name":"wp","href":"https:\/\/api.w.org\/{rel}","templated":true}]}}