{"id":45653,"date":"2025-10-01T02:46:41","date_gmt":"2025-10-01T02:46:41","guid":{"rendered":"https:\/\/lovme.pt\/?post_type=product&p=45653"},"modified":"2026-04-01T01:31:11","modified_gmt":"2026-04-01T01:31:11","slug":"alive-dildo-vibrador-bifun-pro-rosa-149-cm","status":"publish","type":"product","link":"https:\/\/lovme.pt\/index.php\/produto\/alive-dildo-vibrador-bifun-pro-rosa-149-cm\/","title":{"rendered":"ALIVE &#8211; DILDO VIBRADOR BIFUN PRO ROSA 14,9 CM"},"content":{"rendered":"<p><strong>Bifun Pro<\/strong> \u00e9 um vibrador recarreg\u00e1vel de formato curvo, ideal para estimular o ponto G e o clit\u00f3ris. Para brincar sozinho ou em casal e desfrutar de um prazer \u00edntimo e vers\u00e1til. \u00c9 macio e n\u00e3o cont\u00e9m ftalatos.<\/p>\n<p>Um vibrador vibrat\u00f3rio \u00e9 um brinquedo sexual concebido para proporcionar prazer atrav\u00e9s da penetra\u00e7\u00e3o, combinando a forma realista de um vibrador com a estimula\u00e7\u00e3o adicional de vibra\u00e7\u00f5es ajust\u00e1veis. Este dispositivo \u00e9 feito com materiais seguros para o corpo.<\/p>\n<p>A apar\u00eancia de um vibrador vibrat\u00f3rio costuma imitar a anatomia masculina, com detalhes realistas. Por\u00e9m, tamb\u00e9m existem op\u00e7\u00f5es mais estilizadas e abstratas para quem busca experi\u00eancias mais art\u00edsticas ou n\u00e3o realistas. O comprimento e a espessura do vibrador podem variar, oferecendo op\u00e7\u00f5es para todos os n\u00edveis de experi\u00eancia e prefer\u00eancias pessoais.<\/p>\n<p>A caracter\u00edstica distintiva de um vibrador vibrat\u00f3rio \u00e9 a inclus\u00e3o de um motor vibrat\u00f3rio em seu interior. Os n\u00edveis de intensidade e padr\u00f5es de vibra\u00e7\u00e3o s\u00e3o ajust\u00e1veis, permitindo aos usu\u00e1rios personalizar sua experi\u00eancia de acordo com suas prefer\u00eancias.<\/p>\n<p>Recomenda-se o uso de lubrificantes \u00e0 base de \u00e1gua ou silicone com vibradores para facilitar a inser\u00e7\u00e3o e melhorar o conforto. \u00c9 essencial seguir as instru\u00e7\u00f5es do fabricante para um uso seguro e duradouro.<\/p>\n<p><u><strong>Cuidado e limpeza<\/strong><\/u> : O cuidado e a limpeza adequados s\u00e3o essenciais para garantir durabilidade e higiene. A limpeza adequada antes e depois de cada uso \u00e9 essencial para manter a sa\u00fade sexual e prevenir poss\u00edveis infec\u00e7\u00f5es.<\/p>\n<p>\u00a0<\/p>\n<p><u><strong>CARACTER\u00cdSTICAS:<\/strong><\/u><\/p>\n<ul>\n<li>Cor: Rosa choque<\/li>\n<li><u>Dimens\u00f5es<\/u> : Comprimento 14,9 cm \/ Di\u00e2metro 2,9 cm<\/li>\n<li>N\u00famero de fun\u00e7\u00f5es: 10<\/li>\n<li>N\u00famero de motores: 1<\/li>\n<li>Impermeabiliza\u00e7\u00e3o: \u00c0 prova de respingos-IPX5<\/li>\n<li>\u00c1rea de estimula\u00e7\u00e3o: Vagina\/Clit\u00f3ris\/Ponto G<\/li>\n<\/ul>\n","protected":false},"excerpt":{"rendered":"<p>ALIVE &#8211; DILDO VIBRADOR BIFUN PRO ROSA 14,9 CM<\/p>\n","protected":false},"featured_media":98889,"template":"","meta":{"_acf_changed":false},"product_brand":[],"product_cat":[17],"product_tag":[],"class_list":{"0":"post-45653","1":"product","2":"type-product","3":"status-publish","4":"has-post-thumbnail","6":"product_cat-brinquedos-de-bem-estar-sexual","7":"yith_product_brand-alive","9":"first","10":"instock","11":"taxable","12":"shipping-taxable","13":"purchasable","14":"product-type-simple"},"acf":[],"yoast_head":"<!-- This site is optimized with the Yoast SEO plugin v27.4 - https:\/\/yoast.com\/product\/yoast-seo-wordpress\/ -->\n<title>ALIVE - DILDO VIBRADOR BIFUN PRO ROSA 14,9 CM - Lovme<\/title>\n<meta name=\"robots\" content=\"index, follow, max-snippet:-1, max-image-preview:large, max-video-preview:-1\" \/>\n<link rel=\"canonical\" href=\"https:\/\/lovme.pt\/index.php\/produto\/alive-dildo-vibrador-bifun-pro-rosa-149-cm\/\" \/>\n<meta property=\"og:locale\" content=\"pt_PT\" \/>\n<meta property=\"og:type\" content=\"article\" \/>\n<meta property=\"og:title\" content=\"ALIVE - DILDO VIBRADOR BIFUN PRO ROSA 14,9 CM - Lovme\" \/>\n<meta property=\"og:description\" content=\"ALIVE - DILDO VIBRADOR BIFUN PRO ROSA 14,9 CM\" \/>\n<meta property=\"og:url\" content=\"https:\/\/lovme.pt\/index.php\/produto\/alive-dildo-vibrador-bifun-pro-rosa-149-cm\/\" \/>\n<meta property=\"og:site_name\" content=\"Lovme\" \/>\n<meta property=\"article:modified_time\" content=\"2026-04-01T01:31:11+00:00\" \/>\n<meta property=\"og:image\" content=\"https:\/\/erki24nd3ub.exactdn.com\/wp-content\/uploads\/dream\/img\/img_158865_ed2bd4749c91f8a53f278f3964eda9c8_1.jpg?strip=all\" \/>\n\t<meta property=\"og:image:width\" content=\"800\" \/>\n\t<meta property=\"og:image:height\" content=\"800\" \/>\n\t<meta property=\"og:image:type\" content=\"image\/jpeg\" \/>\n<meta name=\"twitter:card\" content=\"summary_large_image\" \/>\n<meta name=\"twitter:label1\" content=\"Tempo estimado de leitura\" \/>\n\t<meta name=\"twitter:data1\" content=\"2 minutos\" \/>\n<script type=\"application\/ld+json\" class=\"yoast-schema-graph\">{\"@context\":\"https:\\\/\\\/schema.org\",\"@graph\":[{\"@type\":\"WebPage\",\"@id\":\"https:\\\/\\\/lovme.pt\\\/index.php\\\/produto\\\/alive-dildo-vibrador-bifun-pro-rosa-149-cm\\\/\",\"url\":\"https:\\\/\\\/lovme.pt\\\/index.php\\\/produto\\\/alive-dildo-vibrador-bifun-pro-rosa-149-cm\\\/\",\"name\":\"ALIVE - DILDO VIBRADOR BIFUN PRO ROSA 14,9 CM - Lovme\",\"isPartOf\":{\"@id\":\"https:\\\/\\\/lovme.pt\\\/#website\"},\"primaryImageOfPage\":{\"@id\":\"https:\\\/\\\/lovme.pt\\\/index.php\\\/produto\\\/alive-dildo-vibrador-bifun-pro-rosa-149-cm\\\/#primaryimage\"},\"image\":{\"@id\":\"https:\\\/\\\/lovme.pt\\\/index.php\\\/produto\\\/alive-dildo-vibrador-bifun-pro-rosa-149-cm\\\/#primaryimage\"},\"thumbnailUrl\":\"https:\\\/\\\/erki24nd3ub.exactdn.com\\\/wp-content\\\/uploads\\\/dream\\\/img\\\/img_158865_ed2bd4749c91f8a53f278f3964eda9c8_1.jpg?strip=all\",\"datePublished\":\"2025-10-01T02:46:41+00:00\",\"dateModified\":\"2026-04-01T01:31:11+00:00\",\"breadcrumb\":{\"@id\":\"https:\\\/\\\/lovme.pt\\\/index.php\\\/produto\\\/alive-dildo-vibrador-bifun-pro-rosa-149-cm\\\/#breadcrumb\"},\"inLanguage\":\"pt-PT\",\"potentialAction\":[{\"@type\":\"ReadAction\",\"target\":[\"https:\\\/\\\/lovme.pt\\\/index.php\\\/produto\\\/alive-dildo-vibrador-bifun-pro-rosa-149-cm\\\/\"]}]},{\"@type\":\"ImageObject\",\"inLanguage\":\"pt-PT\",\"@id\":\"https:\\\/\\\/lovme.pt\\\/index.php\\\/produto\\\/alive-dildo-vibrador-bifun-pro-rosa-149-cm\\\/#primaryimage\",\"url\":\"https:\\\/\\\/erki24nd3ub.exactdn.com\\\/wp-content\\\/uploads\\\/dream\\\/img\\\/img_158865_ed2bd4749c91f8a53f278f3964eda9c8_1.jpg?strip=all\",\"contentUrl\":\"https:\\\/\\\/erki24nd3ub.exactdn.com\\\/wp-content\\\/uploads\\\/dream\\\/img\\\/img_158865_ed2bd4749c91f8a53f278f3964eda9c8_1.jpg?strip=all\",\"width\":800,\"height\":800},{\"@type\":\"BreadcrumbList\",\"@id\":\"https:\\\/\\\/lovme.pt\\\/index.php\\\/produto\\\/alive-dildo-vibrador-bifun-pro-rosa-149-cm\\\/#breadcrumb\",\"itemListElement\":[{\"@type\":\"ListItem\",\"position\":1,\"name\":\"In\u00edcio\",\"item\":\"https:\\\/\\\/lovme.pt\\\/\"},{\"@type\":\"ListItem\",\"position\":2,\"name\":\"Loja\",\"item\":\"https:\\\/\\\/lovme.pt\\\/index.php\\\/loja\\\/\"},{\"@type\":\"ListItem\",\"position\":3,\"name\":\"ALIVE &#8211; DILDO VIBRADOR BIFUN PRO ROSA 14,9 CM\"}]},{\"@type\":\"WebSite\",\"@id\":\"https:\\\/\\\/lovme.pt\\\/#website\",\"url\":\"https:\\\/\\\/lovme.pt\\\/\",\"name\":\"Lovme Loja Er\u00f3tica N\u00ba1 em Portugal\",\"description\":\"A melhor loja er\u00f3tica de Portugal.\",\"alternateName\":\"Loja Er\u00f3tica Lovme\",\"potentialAction\":[{\"@type\":\"SearchAction\",\"target\":{\"@type\":\"EntryPoint\",\"urlTemplate\":\"https:\\\/\\\/lovme.pt\\\/?s={search_term_string}\"},\"query-input\":{\"@type\":\"PropertyValueSpecification\",\"valueRequired\":true,\"valueName\":\"search_term_string\"}}],\"inLanguage\":\"pt-PT\"}]}<\/script>\n<!-- \/ Yoast SEO plugin. -->","yoast_head_json":{"title":"ALIVE - DILDO VIBRADOR BIFUN PRO ROSA 14,9 CM - Lovme","robots":{"index":"index","follow":"follow","max-snippet":"max-snippet:-1","max-image-preview":"max-image-preview:large","max-video-preview":"max-video-preview:-1"},"canonical":"https:\/\/lovme.pt\/index.php\/produto\/alive-dildo-vibrador-bifun-pro-rosa-149-cm\/","og_locale":"pt_PT","og_type":"article","og_title":"ALIVE - DILDO VIBRADOR BIFUN PRO ROSA 14,9 CM - Lovme","og_description":"ALIVE - DILDO VIBRADOR BIFUN PRO ROSA 14,9 CM","og_url":"https:\/\/lovme.pt\/index.php\/produto\/alive-dildo-vibrador-bifun-pro-rosa-149-cm\/","og_site_name":"Lovme","article_modified_time":"2026-04-01T01:31:11+00:00","og_image":[{"width":800,"height":800,"url":"https:\/\/erki24nd3ub.exactdn.com\/wp-content\/uploads\/dream\/img\/img_158865_ed2bd4749c91f8a53f278f3964eda9c8_1.jpg?strip=all","type":"image\/jpeg"}],"twitter_card":"summary_large_image","twitter_misc":{"Tempo estimado de leitura":"2 minutos"},"schema":{"@context":"https:\/\/schema.org","@graph":[{"@type":"WebPage","@id":"https:\/\/lovme.pt\/index.php\/produto\/alive-dildo-vibrador-bifun-pro-rosa-149-cm\/","url":"https:\/\/lovme.pt\/index.php\/produto\/alive-dildo-vibrador-bifun-pro-rosa-149-cm\/","name":"ALIVE - DILDO VIBRADOR BIFUN PRO ROSA 14,9 CM - Lovme","isPartOf":{"@id":"https:\/\/lovme.pt\/#website"},"primaryImageOfPage":{"@id":"https:\/\/lovme.pt\/index.php\/produto\/alive-dildo-vibrador-bifun-pro-rosa-149-cm\/#primaryimage"},"image":{"@id":"https:\/\/lovme.pt\/index.php\/produto\/alive-dildo-vibrador-bifun-pro-rosa-149-cm\/#primaryimage"},"thumbnailUrl":"https:\/\/erki24nd3ub.exactdn.com\/wp-content\/uploads\/dream\/img\/img_158865_ed2bd4749c91f8a53f278f3964eda9c8_1.jpg?strip=all","datePublished":"2025-10-01T02:46:41+00:00","dateModified":"2026-04-01T01:31:11+00:00","breadcrumb":{"@id":"https:\/\/lovme.pt\/index.php\/produto\/alive-dildo-vibrador-bifun-pro-rosa-149-cm\/#breadcrumb"},"inLanguage":"pt-PT","potentialAction":[{"@type":"ReadAction","target":["https:\/\/lovme.pt\/index.php\/produto\/alive-dildo-vibrador-bifun-pro-rosa-149-cm\/"]}]},{"@type":"ImageObject","inLanguage":"pt-PT","@id":"https:\/\/lovme.pt\/index.php\/produto\/alive-dildo-vibrador-bifun-pro-rosa-149-cm\/#primaryimage","url":"https:\/\/erki24nd3ub.exactdn.com\/wp-content\/uploads\/dream\/img\/img_158865_ed2bd4749c91f8a53f278f3964eda9c8_1.jpg?strip=all","contentUrl":"https:\/\/erki24nd3ub.exactdn.com\/wp-content\/uploads\/dream\/img\/img_158865_ed2bd4749c91f8a53f278f3964eda9c8_1.jpg?strip=all","width":800,"height":800},{"@type":"BreadcrumbList","@id":"https:\/\/lovme.pt\/index.php\/produto\/alive-dildo-vibrador-bifun-pro-rosa-149-cm\/#breadcrumb","itemListElement":[{"@type":"ListItem","position":1,"name":"In\u00edcio","item":"https:\/\/lovme.pt\/"},{"@type":"ListItem","position":2,"name":"Loja","item":"https:\/\/lovme.pt\/index.php\/loja\/"},{"@type":"ListItem","position":3,"name":"ALIVE &#8211; DILDO VIBRADOR BIFUN PRO ROSA 14,9 CM"}]},{"@type":"WebSite","@id":"https:\/\/lovme.pt\/#website","url":"https:\/\/lovme.pt\/","name":"Lovme Loja Er\u00f3tica N\u00ba1 em Portugal","description":"A melhor loja er\u00f3tica de Portugal.","alternateName":"Loja Er\u00f3tica Lovme","potentialAction":[{"@type":"SearchAction","target":{"@type":"EntryPoint","urlTemplate":"https:\/\/lovme.pt\/?s={search_term_string}"},"query-input":{"@type":"PropertyValueSpecification","valueRequired":true,"valueName":"search_term_string"}}],"inLanguage":"pt-PT"}]}},"_links":{"self":[{"href":"https:\/\/lovme.pt\/index.php\/wp-json\/wp\/v2\/product\/45653","targetHints":{"allow":["GET"]}}],"collection":[{"href":"https:\/\/lovme.pt\/index.php\/wp-json\/wp\/v2\/product"}],"about":[{"href":"https:\/\/lovme.pt\/index.php\/wp-json\/wp\/v2\/types\/product"}],"wp:featuredmedia":[{"embeddable":true,"href":"https:\/\/lovme.pt\/index.php\/wp-json\/wp\/v2\/media\/98889"}],"wp:attachment":[{"href":"https:\/\/lovme.pt\/index.php\/wp-json\/wp\/v2\/media?parent=45653"}],"wp:term":[{"taxonomy":"product_brand","embeddable":true,"href":"https:\/\/lovme.pt\/index.php\/wp-json\/wp\/v2\/product_brand?post=45653"},{"taxonomy":"product_cat","embeddable":true,"href":"https:\/\/lovme.pt\/index.php\/wp-json\/wp\/v2\/product_cat?post=45653"},{"taxonomy":"product_tag","embeddable":true,"href":"https:\/\/lovme.pt\/index.php\/wp-json\/wp\/v2\/product_tag?post=45653"}],"curies":[{"name":"wp","href":"https:\/\/api.w.org\/{rel}","templated":true}]}}