{"id":45651,"date":"2025-10-01T02:56:20","date_gmt":"2025-10-01T02:56:20","guid":{"rendered":"https:\/\/lovme.pt\/?post_type=product&p=45651"},"modified":"2026-04-02T17:07:26","modified_gmt":"2026-04-02T17:07:26","slug":"alive-anel-de-galo-estelar-verde","status":"publish","type":"product","link":"https:\/\/lovme.pt\/index.php\/produto\/alive-anel-de-galo-estelar-verde\/","title":{"rendered":"ALIVE &#8211; ANEL DE GALO ESTELAR VERDE"},"content":{"rendered":"<p><strong>Stellar<\/strong> \u00e9 um anel peniano. Com seu anel el\u00e1stico circular perfeito, fortale\u00e7a sua ere\u00e7\u00e3o e alcance o cl\u00edmax. \u00c9 f\u00e1cil de limpar e muito resistente.<\/p>\n<p>\u00a0<\/p>\n<p>Um anel peniano \u00e9 um acess\u00f3rio sexual projetado para proporcionar prazer adicional tanto \u00e0 pessoa que o usa quanto ao seu parceiro. Feito de materiais seguros para o corpo, este dispositivo \u00e9 colocado ao redor da base do p\u00eanis ou do p\u00eanis e test\u00edculos.<\/p>\n<p>O principal objetivo do anel \u00e9 intensificar a experi\u00eancia sexual de ambas as partes. Quando colocado na base do p\u00eanis, ajuda a manter uma ere\u00e7\u00e3o mais firme e pode retardar a ejacula\u00e7\u00e3o ao restringir o fluxo sangu\u00edneo, o que pode ser ben\u00e9fico para quem busca melhorar sua resist\u00eancia sexual.<\/p>\n<p>\u00c9 importante ressaltar que, como acontece com qualquer brinquedo sexual, as instru\u00e7\u00f5es do fabricante devem ser seguidas para garantir um uso seguro e prazeroso. Al\u00e9m disso, a comunica\u00e7\u00e3o aberta com seu parceiro \u00e9 essencial para garantir que voc\u00ea se sinta confort\u00e1vel e aproveite a experi\u00eancia.<\/p>\n<p><u><strong>Cuidado e limpeza<\/strong><\/u> : O cuidado e a limpeza adequados s\u00e3o essenciais para garantir durabilidade e higiene. A maioria desses brinquedos \u00e9 f\u00e1cil de limpar com \u00e1gua morna e sab\u00e3o neutro, e alguns modelos s\u00e3o at\u00e9 \u00e0 prova d\u00e1gua, facilitando ainda mais a limpeza.<\/p>\n<p>\u00a0<\/p>\n<p><u><strong>CARACTER\u00cdSTICAS:<\/strong><\/u><\/p>\n<ul>\n<li>Cor: Azul-petr\u00f3leo<\/li>\n<li><u>Dimens\u00f5es<\/u> : Di\u00e2metro 5,3 cm \/ Di\u00e2metro do furo 3,3 cm<\/li>\n<li>Impermeabiliza\u00e7\u00e3o: \u00c0 prova de respingos-IPX8<\/li>\n<\/ul>\n","protected":false},"excerpt":{"rendered":"<p>ALIVE &#8211; ANEL DE GALO ESTELAR VERDE<\/p>\n","protected":false},"featured_media":100261,"template":"","meta":{"_acf_changed":false},"product_brand":[],"product_cat":[17,59,60],"product_tag":[],"class_list":{"0":"post-45651","1":"product","2":"type-product","3":"status-publish","4":"has-post-thumbnail","6":"product_cat-brinquedos-de-bem-estar-sexual","7":"product_cat-para-casais","8":"product_cat-para-eles","9":"yith_product_brand-alive","11":"first","12":"instock","13":"taxable","14":"shipping-taxable","15":"purchasable","16":"product-type-simple"},"acf":[],"yoast_head":"<!-- This site is optimized with the Yoast SEO plugin v27.4 - https:\/\/yoast.com\/product\/yoast-seo-wordpress\/ -->\n<title>ALIVE - ANEL DE GALO ESTELAR VERDE - Lovme<\/title>\n<meta name=\"robots\" content=\"index, follow, max-snippet:-1, max-image-preview:large, max-video-preview:-1\" \/>\n<link rel=\"canonical\" href=\"https:\/\/lovme.pt\/index.php\/produto\/alive-anel-de-galo-estelar-verde\/\" \/>\n<meta property=\"og:locale\" content=\"pt_PT\" \/>\n<meta property=\"og:type\" content=\"article\" \/>\n<meta property=\"og:title\" content=\"ALIVE - ANEL DE GALO ESTELAR VERDE - Lovme\" \/>\n<meta property=\"og:description\" content=\"ALIVE - ANEL DE GALO ESTELAR VERDE\" \/>\n<meta property=\"og:url\" content=\"https:\/\/lovme.pt\/index.php\/produto\/alive-anel-de-galo-estelar-verde\/\" \/>\n<meta property=\"og:site_name\" content=\"Lovme\" \/>\n<meta property=\"article:modified_time\" content=\"2026-04-02T17:07:26+00:00\" \/>\n<meta property=\"og:image\" content=\"https:\/\/erki24nd3ub.exactdn.com\/wp-content\/uploads\/dream\/img\/img_159008_9b5b4fd8366de52b710cda231f406508_1.jpg?strip=all\" \/>\n\t<meta property=\"og:image:width\" content=\"800\" \/>\n\t<meta property=\"og:image:height\" content=\"800\" \/>\n\t<meta property=\"og:image:type\" content=\"image\/jpeg\" \/>\n<meta name=\"twitter:card\" content=\"summary_large_image\" \/>\n<meta name=\"twitter:label1\" content=\"Tempo estimado de leitura\" \/>\n\t<meta name=\"twitter:data1\" content=\"1 minuto\" \/>\n<script type=\"application\/ld+json\" class=\"yoast-schema-graph\">{\"@context\":\"https:\\\/\\\/schema.org\",\"@graph\":[{\"@type\":\"WebPage\",\"@id\":\"https:\\\/\\\/lovme.pt\\\/index.php\\\/produto\\\/alive-anel-de-galo-estelar-verde\\\/\",\"url\":\"https:\\\/\\\/lovme.pt\\\/index.php\\\/produto\\\/alive-anel-de-galo-estelar-verde\\\/\",\"name\":\"ALIVE - ANEL DE GALO ESTELAR VERDE - Lovme\",\"isPartOf\":{\"@id\":\"https:\\\/\\\/lovme.pt\\\/#website\"},\"primaryImageOfPage\":{\"@id\":\"https:\\\/\\\/lovme.pt\\\/index.php\\\/produto\\\/alive-anel-de-galo-estelar-verde\\\/#primaryimage\"},\"image\":{\"@id\":\"https:\\\/\\\/lovme.pt\\\/index.php\\\/produto\\\/alive-anel-de-galo-estelar-verde\\\/#primaryimage\"},\"thumbnailUrl\":\"https:\\\/\\\/erki24nd3ub.exactdn.com\\\/wp-content\\\/uploads\\\/dream\\\/img\\\/img_159008_9b5b4fd8366de52b710cda231f406508_1.jpg?strip=all\",\"datePublished\":\"2025-10-01T02:56:20+00:00\",\"dateModified\":\"2026-04-02T17:07:26+00:00\",\"breadcrumb\":{\"@id\":\"https:\\\/\\\/lovme.pt\\\/index.php\\\/produto\\\/alive-anel-de-galo-estelar-verde\\\/#breadcrumb\"},\"inLanguage\":\"pt-PT\",\"potentialAction\":[{\"@type\":\"ReadAction\",\"target\":[\"https:\\\/\\\/lovme.pt\\\/index.php\\\/produto\\\/alive-anel-de-galo-estelar-verde\\\/\"]}]},{\"@type\":\"ImageObject\",\"inLanguage\":\"pt-PT\",\"@id\":\"https:\\\/\\\/lovme.pt\\\/index.php\\\/produto\\\/alive-anel-de-galo-estelar-verde\\\/#primaryimage\",\"url\":\"https:\\\/\\\/erki24nd3ub.exactdn.com\\\/wp-content\\\/uploads\\\/dream\\\/img\\\/img_159008_9b5b4fd8366de52b710cda231f406508_1.jpg?strip=all\",\"contentUrl\":\"https:\\\/\\\/erki24nd3ub.exactdn.com\\\/wp-content\\\/uploads\\\/dream\\\/img\\\/img_159008_9b5b4fd8366de52b710cda231f406508_1.jpg?strip=all\",\"width\":800,\"height\":800},{\"@type\":\"BreadcrumbList\",\"@id\":\"https:\\\/\\\/lovme.pt\\\/index.php\\\/produto\\\/alive-anel-de-galo-estelar-verde\\\/#breadcrumb\",\"itemListElement\":[{\"@type\":\"ListItem\",\"position\":1,\"name\":\"In\u00edcio\",\"item\":\"https:\\\/\\\/lovme.pt\\\/\"},{\"@type\":\"ListItem\",\"position\":2,\"name\":\"Loja\",\"item\":\"https:\\\/\\\/lovme.pt\\\/index.php\\\/loja\\\/\"},{\"@type\":\"ListItem\",\"position\":3,\"name\":\"ALIVE &#8211; ANEL DE GALO ESTELAR VERDE\"}]},{\"@type\":\"WebSite\",\"@id\":\"https:\\\/\\\/lovme.pt\\\/#website\",\"url\":\"https:\\\/\\\/lovme.pt\\\/\",\"name\":\"Lovme Loja Er\u00f3tica N\u00ba1 em Portugal\",\"description\":\"A melhor loja er\u00f3tica de Portugal.\",\"alternateName\":\"Loja Er\u00f3tica Lovme\",\"potentialAction\":[{\"@type\":\"SearchAction\",\"target\":{\"@type\":\"EntryPoint\",\"urlTemplate\":\"https:\\\/\\\/lovme.pt\\\/?s={search_term_string}\"},\"query-input\":{\"@type\":\"PropertyValueSpecification\",\"valueRequired\":true,\"valueName\":\"search_term_string\"}}],\"inLanguage\":\"pt-PT\"}]}<\/script>\n<!-- \/ Yoast SEO plugin. -->","yoast_head_json":{"title":"ALIVE - ANEL DE GALO ESTELAR VERDE - Lovme","robots":{"index":"index","follow":"follow","max-snippet":"max-snippet:-1","max-image-preview":"max-image-preview:large","max-video-preview":"max-video-preview:-1"},"canonical":"https:\/\/lovme.pt\/index.php\/produto\/alive-anel-de-galo-estelar-verde\/","og_locale":"pt_PT","og_type":"article","og_title":"ALIVE - ANEL DE GALO ESTELAR VERDE - Lovme","og_description":"ALIVE - ANEL DE GALO ESTELAR VERDE","og_url":"https:\/\/lovme.pt\/index.php\/produto\/alive-anel-de-galo-estelar-verde\/","og_site_name":"Lovme","article_modified_time":"2026-04-02T17:07:26+00:00","og_image":[{"width":800,"height":800,"url":"https:\/\/erki24nd3ub.exactdn.com\/wp-content\/uploads\/dream\/img\/img_159008_9b5b4fd8366de52b710cda231f406508_1.jpg?strip=all","type":"image\/jpeg"}],"twitter_card":"summary_large_image","twitter_misc":{"Tempo estimado de leitura":"1 minuto"},"schema":{"@context":"https:\/\/schema.org","@graph":[{"@type":"WebPage","@id":"https:\/\/lovme.pt\/index.php\/produto\/alive-anel-de-galo-estelar-verde\/","url":"https:\/\/lovme.pt\/index.php\/produto\/alive-anel-de-galo-estelar-verde\/","name":"ALIVE - ANEL DE GALO ESTELAR VERDE - Lovme","isPartOf":{"@id":"https:\/\/lovme.pt\/#website"},"primaryImageOfPage":{"@id":"https:\/\/lovme.pt\/index.php\/produto\/alive-anel-de-galo-estelar-verde\/#primaryimage"},"image":{"@id":"https:\/\/lovme.pt\/index.php\/produto\/alive-anel-de-galo-estelar-verde\/#primaryimage"},"thumbnailUrl":"https:\/\/erki24nd3ub.exactdn.com\/wp-content\/uploads\/dream\/img\/img_159008_9b5b4fd8366de52b710cda231f406508_1.jpg?strip=all","datePublished":"2025-10-01T02:56:20+00:00","dateModified":"2026-04-02T17:07:26+00:00","breadcrumb":{"@id":"https:\/\/lovme.pt\/index.php\/produto\/alive-anel-de-galo-estelar-verde\/#breadcrumb"},"inLanguage":"pt-PT","potentialAction":[{"@type":"ReadAction","target":["https:\/\/lovme.pt\/index.php\/produto\/alive-anel-de-galo-estelar-verde\/"]}]},{"@type":"ImageObject","inLanguage":"pt-PT","@id":"https:\/\/lovme.pt\/index.php\/produto\/alive-anel-de-galo-estelar-verde\/#primaryimage","url":"https:\/\/erki24nd3ub.exactdn.com\/wp-content\/uploads\/dream\/img\/img_159008_9b5b4fd8366de52b710cda231f406508_1.jpg?strip=all","contentUrl":"https:\/\/erki24nd3ub.exactdn.com\/wp-content\/uploads\/dream\/img\/img_159008_9b5b4fd8366de52b710cda231f406508_1.jpg?strip=all","width":800,"height":800},{"@type":"BreadcrumbList","@id":"https:\/\/lovme.pt\/index.php\/produto\/alive-anel-de-galo-estelar-verde\/#breadcrumb","itemListElement":[{"@type":"ListItem","position":1,"name":"In\u00edcio","item":"https:\/\/lovme.pt\/"},{"@type":"ListItem","position":2,"name":"Loja","item":"https:\/\/lovme.pt\/index.php\/loja\/"},{"@type":"ListItem","position":3,"name":"ALIVE &#8211; ANEL DE GALO ESTELAR VERDE"}]},{"@type":"WebSite","@id":"https:\/\/lovme.pt\/#website","url":"https:\/\/lovme.pt\/","name":"Lovme Loja Er\u00f3tica N\u00ba1 em Portugal","description":"A melhor loja er\u00f3tica de Portugal.","alternateName":"Loja Er\u00f3tica Lovme","potentialAction":[{"@type":"SearchAction","target":{"@type":"EntryPoint","urlTemplate":"https:\/\/lovme.pt\/?s={search_term_string}"},"query-input":{"@type":"PropertyValueSpecification","valueRequired":true,"valueName":"search_term_string"}}],"inLanguage":"pt-PT"}]}},"_links":{"self":[{"href":"https:\/\/lovme.pt\/index.php\/wp-json\/wp\/v2\/product\/45651","targetHints":{"allow":["GET"]}}],"collection":[{"href":"https:\/\/lovme.pt\/index.php\/wp-json\/wp\/v2\/product"}],"about":[{"href":"https:\/\/lovme.pt\/index.php\/wp-json\/wp\/v2\/types\/product"}],"wp:featuredmedia":[{"embeddable":true,"href":"https:\/\/lovme.pt\/index.php\/wp-json\/wp\/v2\/media\/100261"}],"wp:attachment":[{"href":"https:\/\/lovme.pt\/index.php\/wp-json\/wp\/v2\/media?parent=45651"}],"wp:term":[{"taxonomy":"product_brand","embeddable":true,"href":"https:\/\/lovme.pt\/index.php\/wp-json\/wp\/v2\/product_brand?post=45651"},{"taxonomy":"product_cat","embeddable":true,"href":"https:\/\/lovme.pt\/index.php\/wp-json\/wp\/v2\/product_cat?post=45651"},{"taxonomy":"product_tag","embeddable":true,"href":"https:\/\/lovme.pt\/index.php\/wp-json\/wp\/v2\/product_tag?post=45651"}],"curies":[{"name":"wp","href":"https:\/\/api.w.org\/{rel}","templated":true}]}}