{"id":45643,"date":"2025-10-01T03:16:34","date_gmt":"2025-10-01T03:16:34","guid":{"rendered":"https:\/\/lovme.pt\/?post_type=product&p=45643"},"modified":"2026-04-01T01:30:39","modified_gmt":"2026-04-01T01:30:39","slug":"alive-bolas-anais-de-silicone-triball-rosa-15-cm","status":"publish","type":"product","link":"https:\/\/lovme.pt\/index.php\/produto\/alive-bolas-anais-de-silicone-triball-rosa-15-cm\/","title":{"rendered":"ALIVE &#8211; BOLAS ANAIS DE SILICONE TRIBALL ROSA 15 CM"},"content":{"rendered":"<p><strong>Triball<\/strong> esta corrente de contas anais \u00e9 composta por elementos arredondados de diferentes tamanhos, que um por um podem ser inseridos e removidos para uma estimula\u00e7\u00e3o apaixonada. Com tr\u00eas fileiras de contas c\u00f4nicas de silicone, <strong>o Anal Triball<\/strong> vai sair. Este trio de contas curvas e enroladas \u00e9 uma \u00f3tima maneira de expandir seu repert\u00f3rio anal.<\/p>\n<p>As contas anais s\u00e3o brinquedos sexuais projetados para estimular o \u00e2nus e a regi\u00e3o anal. S\u00e3o compostos por uma s\u00e9rie de esferas ou bolas conectadas por uma corda ou haste, e s\u00e3o utilizadas tanto para o prazer individual quanto para o casal.<\/p>\n<p>\u00a0<\/p>\n<p><strong>1. <u>Design<\/u><\/strong> : As contas anais variam em design, mas em geral consistem em uma s\u00e9rie de bolas de tamanho progressivo que aumentam gradualmente de di\u00e2metro com o tempo. comprimento do cord\u00e3o. Essas bolas podem ser lisas ou texturizadas, e algumas s\u00e3o projetadas com formatos ergon\u00f4micos para f\u00e1cil inser\u00e7\u00e3o e remo\u00e7\u00e3o.<\/p>\n<p><strong>2. <u>Materiais<\/u> :<\/strong> As contas anais est\u00e3o dispon\u00edveis em uma variedade de materiais seguros para o corpo. A escolha do material afeta a textura, flexibilidade e temperatura do brinquedo, sendo importante selecionar um que seja compat\u00edvel com lubrificantes e seguro para uso anal.<\/p>\n<p><strong>3.<\/strong> <u><strong>Uso gradual<\/strong><\/u> : As bolas anais s\u00e3o ideais para estimula\u00e7\u00e3o anal gradual. A disposi\u00e7\u00e3o progressiva das bolas permite uma inser\u00e7\u00e3o suave, facilitando a adapta\u00e7\u00e3o do corpo \u00e0 penetra\u00e7\u00e3o anal e permitindo ao utilizador controlar o n\u00edvel de estimula\u00e7\u00e3o.<\/p>\n<p><strong>4. <u>Lubrifica\u00e7\u00e3o<\/u> :<\/strong> O uso de lubrificante adequado \u00e9 essencial na utiliza\u00e7\u00e3o de esferas anais para facilitar a inser\u00e7\u00e3o e reduzir o atrito. Recomenda-se o uso de lubrificantes \u00e0 base de \u00e1gua ou silicone, pois s\u00e3o compat\u00edveis com a maioria dos materiais de esferas anais e s\u00e3o seguros para uso anal.<\/p>\n<p><strong>5. <u>Cuidados e Limpeza:<\/u><\/strong> \u00c9 imprescind\u00edvel seguir as instru\u00e7\u00f5es do fabricante para o cuidado e limpeza das esferas anais. A maioria desses brinquedos \u00e9 f\u00e1cil de limpar com \u00e1gua morna e sab\u00e3o neutro, e alguns modelos podem at\u00e9 ser lavados na m\u00e1quina de lavar lou\u00e7a. Manter uma higiene adequada \u00e9 fundamental para prevenir infec\u00e7\u00f5es e garantir a seguran\u00e7a do brinquedo.<\/p>\n<p>\u00a0<\/p>\n<p><u><strong>CARACTER\u00cdSTICAS:<\/strong><\/u><\/p>\n<ul>\n<li>Cor: Rosa<\/li>\n<li>Material: Silicone<\/li>\n<li><u>Dimens\u00f5es<\/u> : Comprimento 15 cm \/ Di\u00e2metro 2 cm<\/li>\n<li>Impermeabiliza\u00e7\u00e3o: \u00c0 prova de respingos-IPX8<\/li>\n<li>Zona de estimula\u00e7\u00e3o: Anal<\/li>\n<\/ul>\n","protected":false},"excerpt":{"rendered":"<p>ALIVE &#8211; BOLAS ANAIS DE SILICONE TRIBALL ROSA 15 CM<\/p>\n","protected":false},"featured_media":102431,"template":"","meta":{"_acf_changed":false},"product_brand":[],"product_cat":[54,17,61,63],"product_tag":[],"class_list":{"0":"post-45643","1":"product","2":"type-product","3":"status-publish","4":"has-post-thumbnail","6":"product_cat-bolas-chinesas","7":"product_cat-brinquedos-de-bem-estar-sexual","8":"product_cat-para-elas","9":"product_cat-sexo-anal","10":"yith_product_brand-alive","12":"first","13":"instock","14":"taxable","15":"shipping-taxable","16":"purchasable","17":"product-type-simple"},"acf":[],"yoast_head":"<!-- This site is optimized with the Yoast SEO plugin v27.4 - https:\/\/yoast.com\/product\/yoast-seo-wordpress\/ -->\n<title>ALIVE - BOLAS ANAIS DE SILICONE TRIBALL ROSA 15 CM - Lovme<\/title>\n<meta name=\"robots\" content=\"index, follow, max-snippet:-1, max-image-preview:large, max-video-preview:-1\" \/>\n<link rel=\"canonical\" href=\"https:\/\/lovme.pt\/index.php\/produto\/alive-bolas-anais-de-silicone-triball-rosa-15-cm\/\" \/>\n<meta property=\"og:locale\" content=\"pt_PT\" \/>\n<meta property=\"og:type\" content=\"article\" \/>\n<meta property=\"og:title\" content=\"ALIVE - BOLAS ANAIS DE SILICONE TRIBALL ROSA 15 CM - Lovme\" \/>\n<meta property=\"og:description\" content=\"ALIVE - BOLAS ANAIS DE SILICONE TRIBALL ROSA 15 CM\" \/>\n<meta property=\"og:url\" content=\"https:\/\/lovme.pt\/index.php\/produto\/alive-bolas-anais-de-silicone-triball-rosa-15-cm\/\" \/>\n<meta property=\"og:site_name\" content=\"Lovme\" \/>\n<meta property=\"article:modified_time\" content=\"2026-04-01T01:30:39+00:00\" \/>\n<meta property=\"og:image\" content=\"https:\/\/erki24nd3ub.exactdn.com\/wp-content\/uploads\/dream\/img\/img_159019_67ef2b18d694210361b00392cf03d060_1.jpg?strip=all\" \/>\n\t<meta property=\"og:image:width\" content=\"800\" \/>\n\t<meta property=\"og:image:height\" content=\"800\" \/>\n\t<meta property=\"og:image:type\" content=\"image\/jpeg\" \/>\n<meta name=\"twitter:card\" content=\"summary_large_image\" \/>\n<meta name=\"twitter:label1\" content=\"Tempo estimado de leitura\" \/>\n\t<meta name=\"twitter:data1\" content=\"2 minutos\" \/>\n<script type=\"application\/ld+json\" class=\"yoast-schema-graph\">{\"@context\":\"https:\\\/\\\/schema.org\",\"@graph\":[{\"@type\":\"WebPage\",\"@id\":\"https:\\\/\\\/lovme.pt\\\/index.php\\\/produto\\\/alive-bolas-anais-de-silicone-triball-rosa-15-cm\\\/\",\"url\":\"https:\\\/\\\/lovme.pt\\\/index.php\\\/produto\\\/alive-bolas-anais-de-silicone-triball-rosa-15-cm\\\/\",\"name\":\"ALIVE - BOLAS ANAIS DE SILICONE TRIBALL ROSA 15 CM - Lovme\",\"isPartOf\":{\"@id\":\"https:\\\/\\\/lovme.pt\\\/#website\"},\"primaryImageOfPage\":{\"@id\":\"https:\\\/\\\/lovme.pt\\\/index.php\\\/produto\\\/alive-bolas-anais-de-silicone-triball-rosa-15-cm\\\/#primaryimage\"},\"image\":{\"@id\":\"https:\\\/\\\/lovme.pt\\\/index.php\\\/produto\\\/alive-bolas-anais-de-silicone-triball-rosa-15-cm\\\/#primaryimage\"},\"thumbnailUrl\":\"https:\\\/\\\/erki24nd3ub.exactdn.com\\\/wp-content\\\/uploads\\\/dream\\\/img\\\/img_159019_67ef2b18d694210361b00392cf03d060_1.jpg?strip=all\",\"datePublished\":\"2025-10-01T03:16:34+00:00\",\"dateModified\":\"2026-04-01T01:30:39+00:00\",\"breadcrumb\":{\"@id\":\"https:\\\/\\\/lovme.pt\\\/index.php\\\/produto\\\/alive-bolas-anais-de-silicone-triball-rosa-15-cm\\\/#breadcrumb\"},\"inLanguage\":\"pt-PT\",\"potentialAction\":[{\"@type\":\"ReadAction\",\"target\":[\"https:\\\/\\\/lovme.pt\\\/index.php\\\/produto\\\/alive-bolas-anais-de-silicone-triball-rosa-15-cm\\\/\"]}]},{\"@type\":\"ImageObject\",\"inLanguage\":\"pt-PT\",\"@id\":\"https:\\\/\\\/lovme.pt\\\/index.php\\\/produto\\\/alive-bolas-anais-de-silicone-triball-rosa-15-cm\\\/#primaryimage\",\"url\":\"https:\\\/\\\/erki24nd3ub.exactdn.com\\\/wp-content\\\/uploads\\\/dream\\\/img\\\/img_159019_67ef2b18d694210361b00392cf03d060_1.jpg?strip=all\",\"contentUrl\":\"https:\\\/\\\/erki24nd3ub.exactdn.com\\\/wp-content\\\/uploads\\\/dream\\\/img\\\/img_159019_67ef2b18d694210361b00392cf03d060_1.jpg?strip=all\",\"width\":800,\"height\":800},{\"@type\":\"BreadcrumbList\",\"@id\":\"https:\\\/\\\/lovme.pt\\\/index.php\\\/produto\\\/alive-bolas-anais-de-silicone-triball-rosa-15-cm\\\/#breadcrumb\",\"itemListElement\":[{\"@type\":\"ListItem\",\"position\":1,\"name\":\"In\u00edcio\",\"item\":\"https:\\\/\\\/lovme.pt\\\/\"},{\"@type\":\"ListItem\",\"position\":2,\"name\":\"Loja\",\"item\":\"https:\\\/\\\/lovme.pt\\\/index.php\\\/loja\\\/\"},{\"@type\":\"ListItem\",\"position\":3,\"name\":\"ALIVE &#8211; BOLAS ANAIS DE SILICONE TRIBALL ROSA 15 CM\"}]},{\"@type\":\"WebSite\",\"@id\":\"https:\\\/\\\/lovme.pt\\\/#website\",\"url\":\"https:\\\/\\\/lovme.pt\\\/\",\"name\":\"Lovme Loja Er\u00f3tica N\u00ba1 em Portugal\",\"description\":\"A melhor loja er\u00f3tica de Portugal.\",\"alternateName\":\"Loja Er\u00f3tica Lovme\",\"potentialAction\":[{\"@type\":\"SearchAction\",\"target\":{\"@type\":\"EntryPoint\",\"urlTemplate\":\"https:\\\/\\\/lovme.pt\\\/?s={search_term_string}\"},\"query-input\":{\"@type\":\"PropertyValueSpecification\",\"valueRequired\":true,\"valueName\":\"search_term_string\"}}],\"inLanguage\":\"pt-PT\"}]}<\/script>\n<!-- \/ Yoast SEO plugin. -->","yoast_head_json":{"title":"ALIVE - BOLAS ANAIS DE SILICONE TRIBALL ROSA 15 CM - Lovme","robots":{"index":"index","follow":"follow","max-snippet":"max-snippet:-1","max-image-preview":"max-image-preview:large","max-video-preview":"max-video-preview:-1"},"canonical":"https:\/\/lovme.pt\/index.php\/produto\/alive-bolas-anais-de-silicone-triball-rosa-15-cm\/","og_locale":"pt_PT","og_type":"article","og_title":"ALIVE - BOLAS ANAIS DE SILICONE TRIBALL ROSA 15 CM - Lovme","og_description":"ALIVE - BOLAS ANAIS DE SILICONE TRIBALL ROSA 15 CM","og_url":"https:\/\/lovme.pt\/index.php\/produto\/alive-bolas-anais-de-silicone-triball-rosa-15-cm\/","og_site_name":"Lovme","article_modified_time":"2026-04-01T01:30:39+00:00","og_image":[{"width":800,"height":800,"url":"https:\/\/erki24nd3ub.exactdn.com\/wp-content\/uploads\/dream\/img\/img_159019_67ef2b18d694210361b00392cf03d060_1.jpg?strip=all","type":"image\/jpeg"}],"twitter_card":"summary_large_image","twitter_misc":{"Tempo estimado de leitura":"2 minutos"},"schema":{"@context":"https:\/\/schema.org","@graph":[{"@type":"WebPage","@id":"https:\/\/lovme.pt\/index.php\/produto\/alive-bolas-anais-de-silicone-triball-rosa-15-cm\/","url":"https:\/\/lovme.pt\/index.php\/produto\/alive-bolas-anais-de-silicone-triball-rosa-15-cm\/","name":"ALIVE - BOLAS ANAIS DE SILICONE TRIBALL ROSA 15 CM - Lovme","isPartOf":{"@id":"https:\/\/lovme.pt\/#website"},"primaryImageOfPage":{"@id":"https:\/\/lovme.pt\/index.php\/produto\/alive-bolas-anais-de-silicone-triball-rosa-15-cm\/#primaryimage"},"image":{"@id":"https:\/\/lovme.pt\/index.php\/produto\/alive-bolas-anais-de-silicone-triball-rosa-15-cm\/#primaryimage"},"thumbnailUrl":"https:\/\/erki24nd3ub.exactdn.com\/wp-content\/uploads\/dream\/img\/img_159019_67ef2b18d694210361b00392cf03d060_1.jpg?strip=all","datePublished":"2025-10-01T03:16:34+00:00","dateModified":"2026-04-01T01:30:39+00:00","breadcrumb":{"@id":"https:\/\/lovme.pt\/index.php\/produto\/alive-bolas-anais-de-silicone-triball-rosa-15-cm\/#breadcrumb"},"inLanguage":"pt-PT","potentialAction":[{"@type":"ReadAction","target":["https:\/\/lovme.pt\/index.php\/produto\/alive-bolas-anais-de-silicone-triball-rosa-15-cm\/"]}]},{"@type":"ImageObject","inLanguage":"pt-PT","@id":"https:\/\/lovme.pt\/index.php\/produto\/alive-bolas-anais-de-silicone-triball-rosa-15-cm\/#primaryimage","url":"https:\/\/erki24nd3ub.exactdn.com\/wp-content\/uploads\/dream\/img\/img_159019_67ef2b18d694210361b00392cf03d060_1.jpg?strip=all","contentUrl":"https:\/\/erki24nd3ub.exactdn.com\/wp-content\/uploads\/dream\/img\/img_159019_67ef2b18d694210361b00392cf03d060_1.jpg?strip=all","width":800,"height":800},{"@type":"BreadcrumbList","@id":"https:\/\/lovme.pt\/index.php\/produto\/alive-bolas-anais-de-silicone-triball-rosa-15-cm\/#breadcrumb","itemListElement":[{"@type":"ListItem","position":1,"name":"In\u00edcio","item":"https:\/\/lovme.pt\/"},{"@type":"ListItem","position":2,"name":"Loja","item":"https:\/\/lovme.pt\/index.php\/loja\/"},{"@type":"ListItem","position":3,"name":"ALIVE &#8211; BOLAS ANAIS DE SILICONE TRIBALL ROSA 15 CM"}]},{"@type":"WebSite","@id":"https:\/\/lovme.pt\/#website","url":"https:\/\/lovme.pt\/","name":"Lovme Loja Er\u00f3tica N\u00ba1 em Portugal","description":"A melhor loja er\u00f3tica de Portugal.","alternateName":"Loja Er\u00f3tica Lovme","potentialAction":[{"@type":"SearchAction","target":{"@type":"EntryPoint","urlTemplate":"https:\/\/lovme.pt\/?s={search_term_string}"},"query-input":{"@type":"PropertyValueSpecification","valueRequired":true,"valueName":"search_term_string"}}],"inLanguage":"pt-PT"}]}},"_links":{"self":[{"href":"https:\/\/lovme.pt\/index.php\/wp-json\/wp\/v2\/product\/45643","targetHints":{"allow":["GET"]}}],"collection":[{"href":"https:\/\/lovme.pt\/index.php\/wp-json\/wp\/v2\/product"}],"about":[{"href":"https:\/\/lovme.pt\/index.php\/wp-json\/wp\/v2\/types\/product"}],"wp:featuredmedia":[{"embeddable":true,"href":"https:\/\/lovme.pt\/index.php\/wp-json\/wp\/v2\/media\/102431"}],"wp:attachment":[{"href":"https:\/\/lovme.pt\/index.php\/wp-json\/wp\/v2\/media?parent=45643"}],"wp:term":[{"taxonomy":"product_brand","embeddable":true,"href":"https:\/\/lovme.pt\/index.php\/wp-json\/wp\/v2\/product_brand?post=45643"},{"taxonomy":"product_cat","embeddable":true,"href":"https:\/\/lovme.pt\/index.php\/wp-json\/wp\/v2\/product_cat?post=45643"},{"taxonomy":"product_tag","embeddable":true,"href":"https:\/\/lovme.pt\/index.php\/wp-json\/wp\/v2\/product_tag?post=45643"}],"curies":[{"name":"wp","href":"https:\/\/api.w.org\/{rel}","templated":true}]}}