{"id":45633,"date":"2025-10-01T02:47:15","date_gmt":"2025-10-01T02:47:15","guid":{"rendered":"https:\/\/lovme.pt\/?post_type=product&p=45633"},"modified":"2026-04-02T18:58:37","modified_gmt":"2026-04-02T18:58:37","slug":"alive-penis-realistico-little-john-146-cm","status":"publish","type":"product","link":"https:\/\/lovme.pt\/index.php\/produto\/alive-penis-realistico-little-john-146-cm\/","title":{"rendered":"ALIVE &#8211; P\u00caNIS REAL\u00cdSTICO LITTLE JOHN 14,6 CM"},"content":{"rendered":"<p><strong>Little John<\/strong> parece uma verdadeira pechincha para satisfa\u00e7\u00e3o anal ou vaginal. Toque sedoso com base em ventosa para prazeres com as m\u00e3os livres.<\/p>\n<p> Um vibrador realista \u00e9 um brinquedo sexual projetado para imitar a apar\u00eancia e, em muitos casos, a sensa\u00e7\u00e3o de um p\u00eanis humano. Esses brinquedos est\u00e3o dispon\u00edveis em diversos formatos, tamanhos e materiais e s\u00e3o comumente usados para estimula\u00e7\u00e3o sexual, sozinho ou com um parceiro.<\/p>\n<\/p>\n<p> <strong>1.<\/strong> <u><strong>Forma e Design:<\/strong><\/u> Os consolos realistas s\u00e3o caracterizados por seu design que imita a anatomia masculina. Eles t\u00eam formato f\u00e1lico com detalhes que incluem veias, glande e \u00e0s vezes at\u00e9 test\u00edculos. Este design realista busca proporcionar uma experi\u00eancia visual e t\u00e1til que se assemelhe \u00e0 intimidade humana.<\/p>\n<p> <strong>2. <u>Materiais<\/u> :<\/strong> Esses brinquedos s\u00e3o feitos com materiais seguros para o corpo. A escolha do material pode afetar a textura, flexibilidade e temperatura do brinquedo.<\/p>\n<p> <strong>3.<\/strong> <u><strong>Tamanhos e dimens\u00f5es:<\/strong><\/u> Os consolos realistas est\u00e3o dispon\u00edveis em uma ampla variedade de tamanhos e comprimentos para atender \u00e0s prefer\u00eancias individuais. Eles podem variar desde tamanhos discretos e compactos at\u00e9 modelos maiores e mais realistas.<\/p>\n<p> <strong>4. <u>Uso em casal ou sozinho:<\/u><\/strong> Embora os consolos realistas sejam comumente usados para masturba\u00e7\u00e3o, eles tamb\u00e9m s\u00e3o populares nas preliminares e nas atividades sexuais em casal. Alguns modelos s\u00e3o projetados com base mais larga ou com ventosas para permitir o uso em arneses ou para fixa\u00e7\u00e3o em superf\u00edcies lisas.<\/p>\n<p> <strong>5. <u>Cuidados e Limpeza<\/u><\/strong> : \u00c9 imprescind\u00edvel seguir as instru\u00e7\u00f5es de cuidados do fabricante para garantir a durabilidade e higiene do vibrador realista. A maioria desses brinquedos \u00e9 f\u00e1cil de limpar com \u00e1gua morna e sab\u00e3o neutro, sendo recomendado o uso de lubrificantes \u00e0 base de \u00e1gua para n\u00e3o danificar o material.<\/p>\n<\/p>\n<p> <u><strong>CARACTER\u00cdSTICAS:<\/strong><\/u><\/p>\n<ul>\n<li> Cor: Carne<\/li>\n<li> Material: PVC<\/li>\n<li> <u>Dimens\u00f5es<\/u> : Comprimento 14,6 cm \/ Di\u00e2metro 3,5 cm<\/li>\n<li> Impermeabiliza\u00e7\u00e3o: Imperme\u00e1vel-IPX8<\/li>\n<li> \u00c1rea de estimula\u00e7\u00e3o: Vagina<\/li>\n<\/ul>\n","protected":false},"excerpt":{"rendered":"<p>ALIVE &#8211; P\u00caNIS REAL\u00cdSTICO LITTLE JOHN 14,6 CM<\/p>\n","protected":false},"featured_media":98970,"template":"","meta":{"_acf_changed":false},"product_brand":[],"product_cat":[17,56],"product_tag":[],"class_list":{"0":"post-45633","1":"product","2":"type-product","3":"status-publish","4":"has-post-thumbnail","6":"product_cat-brinquedos-de-bem-estar-sexual","7":"product_cat-dildos-e-arneses","8":"yith_product_brand-alive","10":"first","11":"instock","12":"taxable","13":"shipping-taxable","14":"purchasable","15":"product-type-simple"},"acf":[],"yoast_head":"<!-- This site is optimized with the Yoast SEO plugin v27.4 - https:\/\/yoast.com\/product\/yoast-seo-wordpress\/ -->\n<title>ALIVE - P\u00caNIS REAL\u00cdSTICO LITTLE JOHN 14,6 CM - Lovme<\/title>\n<meta name=\"robots\" content=\"index, follow, max-snippet:-1, max-image-preview:large, max-video-preview:-1\" \/>\n<link rel=\"canonical\" href=\"https:\/\/lovme.pt\/index.php\/produto\/alive-penis-realistico-little-john-146-cm\/\" \/>\n<meta property=\"og:locale\" content=\"pt_PT\" \/>\n<meta property=\"og:type\" content=\"article\" \/>\n<meta property=\"og:title\" content=\"ALIVE - P\u00caNIS REAL\u00cdSTICO LITTLE JOHN 14,6 CM - Lovme\" \/>\n<meta property=\"og:description\" content=\"ALIVE - P\u00caNIS REAL\u00cdSTICO LITTLE JOHN 14,6 CM\" \/>\n<meta property=\"og:url\" content=\"https:\/\/lovme.pt\/index.php\/produto\/alive-penis-realistico-little-john-146-cm\/\" \/>\n<meta property=\"og:site_name\" content=\"Lovme\" \/>\n<meta property=\"article:modified_time\" content=\"2026-04-02T18:58:37+00:00\" \/>\n<meta property=\"og:image\" content=\"https:\/\/erki24nd3ub.exactdn.com\/wp-content\/uploads\/dream\/img\/img_158924_f45dcd2781bbc9f9f71db88d44d715aa_1.jpg?strip=all\" \/>\n\t<meta property=\"og:image:width\" content=\"800\" \/>\n\t<meta property=\"og:image:height\" content=\"800\" \/>\n\t<meta property=\"og:image:type\" content=\"image\/jpeg\" \/>\n<meta name=\"twitter:card\" content=\"summary_large_image\" \/>\n<meta name=\"twitter:label1\" content=\"Tempo estimado de leitura\" \/>\n\t<meta name=\"twitter:data1\" content=\"2 minutos\" \/>\n<script type=\"application\/ld+json\" class=\"yoast-schema-graph\">{\"@context\":\"https:\\\/\\\/schema.org\",\"@graph\":[{\"@type\":\"WebPage\",\"@id\":\"https:\\\/\\\/lovme.pt\\\/index.php\\\/produto\\\/alive-penis-realistico-little-john-146-cm\\\/\",\"url\":\"https:\\\/\\\/lovme.pt\\\/index.php\\\/produto\\\/alive-penis-realistico-little-john-146-cm\\\/\",\"name\":\"ALIVE - P\u00caNIS REAL\u00cdSTICO LITTLE JOHN 14,6 CM - Lovme\",\"isPartOf\":{\"@id\":\"https:\\\/\\\/lovme.pt\\\/#website\"},\"primaryImageOfPage\":{\"@id\":\"https:\\\/\\\/lovme.pt\\\/index.php\\\/produto\\\/alive-penis-realistico-little-john-146-cm\\\/#primaryimage\"},\"image\":{\"@id\":\"https:\\\/\\\/lovme.pt\\\/index.php\\\/produto\\\/alive-penis-realistico-little-john-146-cm\\\/#primaryimage\"},\"thumbnailUrl\":\"https:\\\/\\\/erki24nd3ub.exactdn.com\\\/wp-content\\\/uploads\\\/dream\\\/img\\\/img_158924_f45dcd2781bbc9f9f71db88d44d715aa_1.jpg?strip=all\",\"datePublished\":\"2025-10-01T02:47:15+00:00\",\"dateModified\":\"2026-04-02T18:58:37+00:00\",\"breadcrumb\":{\"@id\":\"https:\\\/\\\/lovme.pt\\\/index.php\\\/produto\\\/alive-penis-realistico-little-john-146-cm\\\/#breadcrumb\"},\"inLanguage\":\"pt-PT\",\"potentialAction\":[{\"@type\":\"ReadAction\",\"target\":[\"https:\\\/\\\/lovme.pt\\\/index.php\\\/produto\\\/alive-penis-realistico-little-john-146-cm\\\/\"]}]},{\"@type\":\"ImageObject\",\"inLanguage\":\"pt-PT\",\"@id\":\"https:\\\/\\\/lovme.pt\\\/index.php\\\/produto\\\/alive-penis-realistico-little-john-146-cm\\\/#primaryimage\",\"url\":\"https:\\\/\\\/erki24nd3ub.exactdn.com\\\/wp-content\\\/uploads\\\/dream\\\/img\\\/img_158924_f45dcd2781bbc9f9f71db88d44d715aa_1.jpg?strip=all\",\"contentUrl\":\"https:\\\/\\\/erki24nd3ub.exactdn.com\\\/wp-content\\\/uploads\\\/dream\\\/img\\\/img_158924_f45dcd2781bbc9f9f71db88d44d715aa_1.jpg?strip=all\",\"width\":800,\"height\":800},{\"@type\":\"BreadcrumbList\",\"@id\":\"https:\\\/\\\/lovme.pt\\\/index.php\\\/produto\\\/alive-penis-realistico-little-john-146-cm\\\/#breadcrumb\",\"itemListElement\":[{\"@type\":\"ListItem\",\"position\":1,\"name\":\"In\u00edcio\",\"item\":\"https:\\\/\\\/lovme.pt\\\/\"},{\"@type\":\"ListItem\",\"position\":2,\"name\":\"Loja\",\"item\":\"https:\\\/\\\/lovme.pt\\\/index.php\\\/loja\\\/\"},{\"@type\":\"ListItem\",\"position\":3,\"name\":\"ALIVE &#8211; P\u00caNIS REAL\u00cdSTICO LITTLE JOHN 14,6 CM\"}]},{\"@type\":\"WebSite\",\"@id\":\"https:\\\/\\\/lovme.pt\\\/#website\",\"url\":\"https:\\\/\\\/lovme.pt\\\/\",\"name\":\"Lovme Loja Er\u00f3tica N\u00ba1 em Portugal\",\"description\":\"A melhor loja er\u00f3tica de Portugal.\",\"alternateName\":\"Loja Er\u00f3tica Lovme\",\"potentialAction\":[{\"@type\":\"SearchAction\",\"target\":{\"@type\":\"EntryPoint\",\"urlTemplate\":\"https:\\\/\\\/lovme.pt\\\/?s={search_term_string}\"},\"query-input\":{\"@type\":\"PropertyValueSpecification\",\"valueRequired\":true,\"valueName\":\"search_term_string\"}}],\"inLanguage\":\"pt-PT\"}]}<\/script>\n<!-- \/ Yoast SEO plugin. -->","yoast_head_json":{"title":"ALIVE - P\u00caNIS REAL\u00cdSTICO LITTLE JOHN 14,6 CM - Lovme","robots":{"index":"index","follow":"follow","max-snippet":"max-snippet:-1","max-image-preview":"max-image-preview:large","max-video-preview":"max-video-preview:-1"},"canonical":"https:\/\/lovme.pt\/index.php\/produto\/alive-penis-realistico-little-john-146-cm\/","og_locale":"pt_PT","og_type":"article","og_title":"ALIVE - P\u00caNIS REAL\u00cdSTICO LITTLE JOHN 14,6 CM - Lovme","og_description":"ALIVE - P\u00caNIS REAL\u00cdSTICO LITTLE JOHN 14,6 CM","og_url":"https:\/\/lovme.pt\/index.php\/produto\/alive-penis-realistico-little-john-146-cm\/","og_site_name":"Lovme","article_modified_time":"2026-04-02T18:58:37+00:00","og_image":[{"width":800,"height":800,"url":"https:\/\/erki24nd3ub.exactdn.com\/wp-content\/uploads\/dream\/img\/img_158924_f45dcd2781bbc9f9f71db88d44d715aa_1.jpg?strip=all","type":"image\/jpeg"}],"twitter_card":"summary_large_image","twitter_misc":{"Tempo estimado de leitura":"2 minutos"},"schema":{"@context":"https:\/\/schema.org","@graph":[{"@type":"WebPage","@id":"https:\/\/lovme.pt\/index.php\/produto\/alive-penis-realistico-little-john-146-cm\/","url":"https:\/\/lovme.pt\/index.php\/produto\/alive-penis-realistico-little-john-146-cm\/","name":"ALIVE - P\u00caNIS REAL\u00cdSTICO LITTLE JOHN 14,6 CM - Lovme","isPartOf":{"@id":"https:\/\/lovme.pt\/#website"},"primaryImageOfPage":{"@id":"https:\/\/lovme.pt\/index.php\/produto\/alive-penis-realistico-little-john-146-cm\/#primaryimage"},"image":{"@id":"https:\/\/lovme.pt\/index.php\/produto\/alive-penis-realistico-little-john-146-cm\/#primaryimage"},"thumbnailUrl":"https:\/\/erki24nd3ub.exactdn.com\/wp-content\/uploads\/dream\/img\/img_158924_f45dcd2781bbc9f9f71db88d44d715aa_1.jpg?strip=all","datePublished":"2025-10-01T02:47:15+00:00","dateModified":"2026-04-02T18:58:37+00:00","breadcrumb":{"@id":"https:\/\/lovme.pt\/index.php\/produto\/alive-penis-realistico-little-john-146-cm\/#breadcrumb"},"inLanguage":"pt-PT","potentialAction":[{"@type":"ReadAction","target":["https:\/\/lovme.pt\/index.php\/produto\/alive-penis-realistico-little-john-146-cm\/"]}]},{"@type":"ImageObject","inLanguage":"pt-PT","@id":"https:\/\/lovme.pt\/index.php\/produto\/alive-penis-realistico-little-john-146-cm\/#primaryimage","url":"https:\/\/erki24nd3ub.exactdn.com\/wp-content\/uploads\/dream\/img\/img_158924_f45dcd2781bbc9f9f71db88d44d715aa_1.jpg?strip=all","contentUrl":"https:\/\/erki24nd3ub.exactdn.com\/wp-content\/uploads\/dream\/img\/img_158924_f45dcd2781bbc9f9f71db88d44d715aa_1.jpg?strip=all","width":800,"height":800},{"@type":"BreadcrumbList","@id":"https:\/\/lovme.pt\/index.php\/produto\/alive-penis-realistico-little-john-146-cm\/#breadcrumb","itemListElement":[{"@type":"ListItem","position":1,"name":"In\u00edcio","item":"https:\/\/lovme.pt\/"},{"@type":"ListItem","position":2,"name":"Loja","item":"https:\/\/lovme.pt\/index.php\/loja\/"},{"@type":"ListItem","position":3,"name":"ALIVE &#8211; P\u00caNIS REAL\u00cdSTICO LITTLE JOHN 14,6 CM"}]},{"@type":"WebSite","@id":"https:\/\/lovme.pt\/#website","url":"https:\/\/lovme.pt\/","name":"Lovme Loja Er\u00f3tica N\u00ba1 em Portugal","description":"A melhor loja er\u00f3tica de Portugal.","alternateName":"Loja Er\u00f3tica Lovme","potentialAction":[{"@type":"SearchAction","target":{"@type":"EntryPoint","urlTemplate":"https:\/\/lovme.pt\/?s={search_term_string}"},"query-input":{"@type":"PropertyValueSpecification","valueRequired":true,"valueName":"search_term_string"}}],"inLanguage":"pt-PT"}]}},"_links":{"self":[{"href":"https:\/\/lovme.pt\/index.php\/wp-json\/wp\/v2\/product\/45633","targetHints":{"allow":["GET"]}}],"collection":[{"href":"https:\/\/lovme.pt\/index.php\/wp-json\/wp\/v2\/product"}],"about":[{"href":"https:\/\/lovme.pt\/index.php\/wp-json\/wp\/v2\/types\/product"}],"wp:featuredmedia":[{"embeddable":true,"href":"https:\/\/lovme.pt\/index.php\/wp-json\/wp\/v2\/media\/98970"}],"wp:attachment":[{"href":"https:\/\/lovme.pt\/index.php\/wp-json\/wp\/v2\/media?parent=45633"}],"wp:term":[{"taxonomy":"product_brand","embeddable":true,"href":"https:\/\/lovme.pt\/index.php\/wp-json\/wp\/v2\/product_brand?post=45633"},{"taxonomy":"product_cat","embeddable":true,"href":"https:\/\/lovme.pt\/index.php\/wp-json\/wp\/v2\/product_cat?post=45633"},{"taxonomy":"product_tag","embeddable":true,"href":"https:\/\/lovme.pt\/index.php\/wp-json\/wp\/v2\/product_tag?post=45633"}],"curies":[{"name":"wp","href":"https:\/\/api.w.org\/{rel}","templated":true}]}}