{"id":45618,"date":"2025-09-30T20:46:18","date_gmt":"2025-09-30T20:46:18","guid":{"rendered":"https:\/\/lovme.pt\/?post_type=product&p=45618"},"modified":"2026-02-19T20:08:53","modified_gmt":"2026-02-19T20:08:53","slug":"lelo-masturbador-yva-com-vibrao-de-ouro","status":"publish","type":"product","link":"https:\/\/lovme.pt\/index.php\/produto\/lelo-masturbador-yva-com-vibrao-de-ouro\/","title":{"rendered":"LELO &#8211; MASTURBADOR YVA COM VIBRAO DE OURO"},"content":{"rendered":"<p>YVA \u00e9 um objeto de prazer elegante e luxuoso, confeccionado em placa de ouro 18 quilates, com uma vibra\u00e7\u00e3o profunda e ressonante. Este \u00e9 um minivibrador poderoso e totalmente funcional, projetado para estimula\u00e7\u00e3o m\u00e1xima do clit\u00f3ris. O metal, sedutor e evocativo na pele nua, oferece perspectivas emocionantes para usu\u00e1rios inclinados ao uso sensual do frio ou do calor.<\/p>\n<p>Leve-a como convidada discreta nas reuni\u00f5es mais exclusivas; \u00c9 pequeno, extremamente silencioso e nunca corre o risco de perder as boas-vindas.<\/p>\n<p>YVA \u00e9 recarreg\u00e1vel e uma carga de 2 horas proporciona at\u00e9 7 horas de felicidade. Vem apresentado em uma elegante caixa de presente de madeira; Carregador e manual inclu\u00eddos.<br \/>\u00a0<\/p>\n","protected":false},"excerpt":{"rendered":"<p>LELO &#8211; MASTURBADOR YVA COM VIBRAO DE OURO<\/p>\n","protected":false},"featured_media":72479,"template":"","meta":{"_acf_changed":false},"product_brand":[],"product_cat":[17,61],"product_tag":[],"class_list":{"0":"post-45618","1":"product","2":"type-product","3":"status-publish","4":"has-post-thumbnail","6":"product_cat-brinquedos-de-bem-estar-sexual","7":"product_cat-para-elas","8":"yith_product_brand-lelo","10":"first","11":"instock","12":"taxable","13":"shipping-taxable","14":"purchasable","15":"product-type-simple"},"acf":[],"yoast_head":"<!-- This site is optimized with the Yoast SEO plugin v27.4 - https:\/\/yoast.com\/product\/yoast-seo-wordpress\/ -->\n<title>LELO - MASTURBADOR YVA COM VIBRAO DE OURO - Lovme<\/title>\n<meta name=\"robots\" content=\"index, follow, max-snippet:-1, max-image-preview:large, max-video-preview:-1\" \/>\n<link rel=\"canonical\" href=\"https:\/\/lovme.pt\/index.php\/produto\/lelo-masturbador-yva-com-vibrao-de-ouro\/\" \/>\n<meta property=\"og:locale\" content=\"pt_PT\" \/>\n<meta property=\"og:type\" content=\"article\" \/>\n<meta property=\"og:title\" content=\"LELO - MASTURBADOR YVA COM VIBRAO DE OURO - Lovme\" \/>\n<meta property=\"og:description\" content=\"LELO - MASTURBADOR YVA COM VIBRAO DE OURO\" \/>\n<meta property=\"og:url\" content=\"https:\/\/lovme.pt\/index.php\/produto\/lelo-masturbador-yva-com-vibrao-de-ouro\/\" \/>\n<meta property=\"og:site_name\" content=\"Lovme\" \/>\n<meta property=\"article:modified_time\" content=\"2026-02-19T20:08:53+00:00\" \/>\n<meta property=\"og:image\" content=\"https:\/\/erki24nd3ub.exactdn.com\/wp-content\/uploads\/dream\/img\/img_158798_f12ce0ffc2a245fc081ed14cb899b47b_1.jpg?strip=all\" \/>\n\t<meta property=\"og:image:width\" content=\"800\" \/>\n\t<meta property=\"og:image:height\" content=\"800\" \/>\n\t<meta property=\"og:image:type\" content=\"image\/jpeg\" \/>\n<meta name=\"twitter:card\" content=\"summary_large_image\" \/>\n<meta name=\"twitter:label1\" content=\"Tempo estimado de leitura\" \/>\n\t<meta name=\"twitter:data1\" content=\"1 minuto\" \/>\n<script type=\"application\/ld+json\" class=\"yoast-schema-graph\">{\"@context\":\"https:\\\/\\\/schema.org\",\"@graph\":[{\"@type\":\"WebPage\",\"@id\":\"https:\\\/\\\/lovme.pt\\\/index.php\\\/produto\\\/lelo-masturbador-yva-com-vibrao-de-ouro\\\/\",\"url\":\"https:\\\/\\\/lovme.pt\\\/index.php\\\/produto\\\/lelo-masturbador-yva-com-vibrao-de-ouro\\\/\",\"name\":\"LELO - MASTURBADOR YVA COM VIBRAO DE OURO - Lovme\",\"isPartOf\":{\"@id\":\"https:\\\/\\\/lovme.pt\\\/#website\"},\"primaryImageOfPage\":{\"@id\":\"https:\\\/\\\/lovme.pt\\\/index.php\\\/produto\\\/lelo-masturbador-yva-com-vibrao-de-ouro\\\/#primaryimage\"},\"image\":{\"@id\":\"https:\\\/\\\/lovme.pt\\\/index.php\\\/produto\\\/lelo-masturbador-yva-com-vibrao-de-ouro\\\/#primaryimage\"},\"thumbnailUrl\":\"https:\\\/\\\/erki24nd3ub.exactdn.com\\\/wp-content\\\/uploads\\\/dream\\\/img\\\/img_158798_f12ce0ffc2a245fc081ed14cb899b47b_1.jpg?strip=all\",\"datePublished\":\"2025-09-30T20:46:18+00:00\",\"dateModified\":\"2026-02-19T20:08:53+00:00\",\"breadcrumb\":{\"@id\":\"https:\\\/\\\/lovme.pt\\\/index.php\\\/produto\\\/lelo-masturbador-yva-com-vibrao-de-ouro\\\/#breadcrumb\"},\"inLanguage\":\"pt-PT\",\"potentialAction\":[{\"@type\":\"ReadAction\",\"target\":[\"https:\\\/\\\/lovme.pt\\\/index.php\\\/produto\\\/lelo-masturbador-yva-com-vibrao-de-ouro\\\/\"]}]},{\"@type\":\"ImageObject\",\"inLanguage\":\"pt-PT\",\"@id\":\"https:\\\/\\\/lovme.pt\\\/index.php\\\/produto\\\/lelo-masturbador-yva-com-vibrao-de-ouro\\\/#primaryimage\",\"url\":\"https:\\\/\\\/erki24nd3ub.exactdn.com\\\/wp-content\\\/uploads\\\/dream\\\/img\\\/img_158798_f12ce0ffc2a245fc081ed14cb899b47b_1.jpg?strip=all\",\"contentUrl\":\"https:\\\/\\\/erki24nd3ub.exactdn.com\\\/wp-content\\\/uploads\\\/dream\\\/img\\\/img_158798_f12ce0ffc2a245fc081ed14cb899b47b_1.jpg?strip=all\",\"width\":800,\"height\":800},{\"@type\":\"BreadcrumbList\",\"@id\":\"https:\\\/\\\/lovme.pt\\\/index.php\\\/produto\\\/lelo-masturbador-yva-com-vibrao-de-ouro\\\/#breadcrumb\",\"itemListElement\":[{\"@type\":\"ListItem\",\"position\":1,\"name\":\"In\u00edcio\",\"item\":\"https:\\\/\\\/lovme.pt\\\/\"},{\"@type\":\"ListItem\",\"position\":2,\"name\":\"Loja\",\"item\":\"https:\\\/\\\/lovme.pt\\\/index.php\\\/loja\\\/\"},{\"@type\":\"ListItem\",\"position\":3,\"name\":\"LELO &#8211; MASTURBADOR YVA COM VIBRAO DE OURO\"}]},{\"@type\":\"WebSite\",\"@id\":\"https:\\\/\\\/lovme.pt\\\/#website\",\"url\":\"https:\\\/\\\/lovme.pt\\\/\",\"name\":\"Lovme Loja Er\u00f3tica N\u00ba1 em Portugal\",\"description\":\"A melhor loja er\u00f3tica de Portugal.\",\"alternateName\":\"Loja Er\u00f3tica Lovme\",\"potentialAction\":[{\"@type\":\"SearchAction\",\"target\":{\"@type\":\"EntryPoint\",\"urlTemplate\":\"https:\\\/\\\/lovme.pt\\\/?s={search_term_string}\"},\"query-input\":{\"@type\":\"PropertyValueSpecification\",\"valueRequired\":true,\"valueName\":\"search_term_string\"}}],\"inLanguage\":\"pt-PT\"}]}<\/script>\n<!-- \/ Yoast SEO plugin. -->","yoast_head_json":{"title":"LELO - MASTURBADOR YVA COM VIBRAO DE OURO - Lovme","robots":{"index":"index","follow":"follow","max-snippet":"max-snippet:-1","max-image-preview":"max-image-preview:large","max-video-preview":"max-video-preview:-1"},"canonical":"https:\/\/lovme.pt\/index.php\/produto\/lelo-masturbador-yva-com-vibrao-de-ouro\/","og_locale":"pt_PT","og_type":"article","og_title":"LELO - MASTURBADOR YVA COM VIBRAO DE OURO - Lovme","og_description":"LELO - MASTURBADOR YVA COM VIBRAO DE OURO","og_url":"https:\/\/lovme.pt\/index.php\/produto\/lelo-masturbador-yva-com-vibrao-de-ouro\/","og_site_name":"Lovme","article_modified_time":"2026-02-19T20:08:53+00:00","og_image":[{"width":800,"height":800,"url":"https:\/\/erki24nd3ub.exactdn.com\/wp-content\/uploads\/dream\/img\/img_158798_f12ce0ffc2a245fc081ed14cb899b47b_1.jpg?strip=all","type":"image\/jpeg"}],"twitter_card":"summary_large_image","twitter_misc":{"Tempo estimado de leitura":"1 minuto"},"schema":{"@context":"https:\/\/schema.org","@graph":[{"@type":"WebPage","@id":"https:\/\/lovme.pt\/index.php\/produto\/lelo-masturbador-yva-com-vibrao-de-ouro\/","url":"https:\/\/lovme.pt\/index.php\/produto\/lelo-masturbador-yva-com-vibrao-de-ouro\/","name":"LELO - MASTURBADOR YVA COM VIBRAO DE OURO - Lovme","isPartOf":{"@id":"https:\/\/lovme.pt\/#website"},"primaryImageOfPage":{"@id":"https:\/\/lovme.pt\/index.php\/produto\/lelo-masturbador-yva-com-vibrao-de-ouro\/#primaryimage"},"image":{"@id":"https:\/\/lovme.pt\/index.php\/produto\/lelo-masturbador-yva-com-vibrao-de-ouro\/#primaryimage"},"thumbnailUrl":"https:\/\/erki24nd3ub.exactdn.com\/wp-content\/uploads\/dream\/img\/img_158798_f12ce0ffc2a245fc081ed14cb899b47b_1.jpg?strip=all","datePublished":"2025-09-30T20:46:18+00:00","dateModified":"2026-02-19T20:08:53+00:00","breadcrumb":{"@id":"https:\/\/lovme.pt\/index.php\/produto\/lelo-masturbador-yva-com-vibrao-de-ouro\/#breadcrumb"},"inLanguage":"pt-PT","potentialAction":[{"@type":"ReadAction","target":["https:\/\/lovme.pt\/index.php\/produto\/lelo-masturbador-yva-com-vibrao-de-ouro\/"]}]},{"@type":"ImageObject","inLanguage":"pt-PT","@id":"https:\/\/lovme.pt\/index.php\/produto\/lelo-masturbador-yva-com-vibrao-de-ouro\/#primaryimage","url":"https:\/\/erki24nd3ub.exactdn.com\/wp-content\/uploads\/dream\/img\/img_158798_f12ce0ffc2a245fc081ed14cb899b47b_1.jpg?strip=all","contentUrl":"https:\/\/erki24nd3ub.exactdn.com\/wp-content\/uploads\/dream\/img\/img_158798_f12ce0ffc2a245fc081ed14cb899b47b_1.jpg?strip=all","width":800,"height":800},{"@type":"BreadcrumbList","@id":"https:\/\/lovme.pt\/index.php\/produto\/lelo-masturbador-yva-com-vibrao-de-ouro\/#breadcrumb","itemListElement":[{"@type":"ListItem","position":1,"name":"In\u00edcio","item":"https:\/\/lovme.pt\/"},{"@type":"ListItem","position":2,"name":"Loja","item":"https:\/\/lovme.pt\/index.php\/loja\/"},{"@type":"ListItem","position":3,"name":"LELO &#8211; MASTURBADOR YVA COM VIBRAO DE OURO"}]},{"@type":"WebSite","@id":"https:\/\/lovme.pt\/#website","url":"https:\/\/lovme.pt\/","name":"Lovme Loja Er\u00f3tica N\u00ba1 em Portugal","description":"A melhor loja er\u00f3tica de Portugal.","alternateName":"Loja Er\u00f3tica Lovme","potentialAction":[{"@type":"SearchAction","target":{"@type":"EntryPoint","urlTemplate":"https:\/\/lovme.pt\/?s={search_term_string}"},"query-input":{"@type":"PropertyValueSpecification","valueRequired":true,"valueName":"search_term_string"}}],"inLanguage":"pt-PT"}]}},"_links":{"self":[{"href":"https:\/\/lovme.pt\/index.php\/wp-json\/wp\/v2\/product\/45618","targetHints":{"allow":["GET"]}}],"collection":[{"href":"https:\/\/lovme.pt\/index.php\/wp-json\/wp\/v2\/product"}],"about":[{"href":"https:\/\/lovme.pt\/index.php\/wp-json\/wp\/v2\/types\/product"}],"wp:featuredmedia":[{"embeddable":true,"href":"https:\/\/lovme.pt\/index.php\/wp-json\/wp\/v2\/media\/72479"}],"wp:attachment":[{"href":"https:\/\/lovme.pt\/index.php\/wp-json\/wp\/v2\/media?parent=45618"}],"wp:term":[{"taxonomy":"product_brand","embeddable":true,"href":"https:\/\/lovme.pt\/index.php\/wp-json\/wp\/v2\/product_brand?post=45618"},{"taxonomy":"product_cat","embeddable":true,"href":"https:\/\/lovme.pt\/index.php\/wp-json\/wp\/v2\/product_cat?post=45618"},{"taxonomy":"product_tag","embeddable":true,"href":"https:\/\/lovme.pt\/index.php\/wp-json\/wp\/v2\/product_tag?post=45618"}],"curies":[{"name":"wp","href":"https:\/\/api.w.org\/{rel}","templated":true}]}}