{"id":45612,"date":"2025-10-01T03:10:35","date_gmt":"2025-10-01T03:10:35","guid":{"rendered":"https:\/\/lovme.pt\/?post_type=product&p=45612"},"modified":"2026-02-19T20:22:32","modified_gmt":"2026-02-19T20:22:32","slug":"femintimate-lubrificante-bio-vaginal-vegano-100-ml","status":"publish","type":"product","link":"https:\/\/lovme.pt\/index.php\/produto\/femintimate-lubrificante-bio-vaginal-vegano-100-ml\/","title":{"rendered":"FEMINTIMATE &#8211; LUBRIFICANTE BIO VAGINAL VEGANO 100 ML"},"content":{"rendered":"<p>A marca Feminitimate, especialista em intimidade feminina, apresenta o seu gel \u00edntimo vaginal BIO. Aumente o seu prazer dez vezes com o lubrificante \u00edntimo Femintimate de alta qualidade, 100% org\u00e2nico e vegano.<\/p>\n<p>A marca Femintimate apresenta <strong>Bio Lubricant<\/strong> , um lubrificante \u00edntimo certificado org\u00e2nico, vegano e natural desenvolvido para melhorar a lubrifica\u00e7\u00e3o durante as rela\u00e7\u00f5es sexuais.<\/p>\n<p>Este lubrificante vaginal vem em embalagem de 100 ml, tornando-o pr\u00e1tico para o uso regular e f\u00e1cil de transportar na bolsa, oferecendo uma solu\u00e7\u00e3o pr\u00e1tica para manter o conforto e o bem-estar em qualquer momento. Sua aplica\u00e7\u00e3o \u00e9 simples e discreta, proporcionando uma experi\u00eancia de lubrifica\u00e7\u00e3o descomplicada.<\/p>\n<p>A textura macia e sedosa deste lubrificante vaginal proporciona uma sensa\u00e7\u00e3o agrad\u00e1vel e natural, melhorando a intimidade e a conex\u00e3o durante as rela\u00e7\u00f5es sexuais. Sua longa dura\u00e7\u00e3o garante lubrifica\u00e7\u00e3o cont\u00ednua, evitando desconforto e atrito.<\/p>\n<p><u>Modo de usar:<\/u> Aplicar na \u00e1rea que deseja lubrificar em pequenas doses repetidas.<\/p>\n<p>\u00a0<\/p>\n<p><u><strong>CARACTER\u00cdSTICAS:<\/strong><\/u><\/p>\n<ul>\n<li>Lubrificante \u00edntimo ORG\u00c2NICO<\/li>\n<li>100% vegano<\/li>\n<li>Transparente<\/li>\n<li>Capacidade: 100ml<\/li>\n<\/ul>\n<p><strong>Ingredientes<\/strong> : Aqua, Glicerina, Goma Xantana, \u00c1cido F\u00edtico C\u00edtrico, \u00c1cido Benz\u00edlico, \u00c1lcool, Sorbato de Pot\u00e1ssio, Benzoato de S\u00f3dio, Perfume.<\/p>\n","protected":false},"excerpt":{"rendered":"<p>FEMINTIMATE &#8211; LUBRIFICANTE BIO VAGINAL VEGANO 100 ML<\/p>\n","protected":false},"featured_media":101951,"template":"","meta":{"_acf_changed":false},"product_brand":[],"product_cat":[49,53],"product_tag":[],"class_list":{"0":"post-45612","1":"product","2":"type-product","3":"status-publish","4":"has-post-thumbnail","6":"product_cat-cosmeticos","7":"product_cat-lubrificantes-intimos","8":"yith_product_brand-femintimate","10":"first","11":"instock","12":"taxable","13":"shipping-taxable","14":"purchasable","15":"product-type-simple"},"acf":[],"yoast_head":"<!-- This site is optimized with the Yoast SEO plugin v27.4 - https:\/\/yoast.com\/product\/yoast-seo-wordpress\/ -->\n<title>FEMINTIMATE - LUBRIFICANTE BIO VAGINAL VEGANO 100 ML - Lovme<\/title>\n<meta name=\"robots\" content=\"index, follow, max-snippet:-1, max-image-preview:large, max-video-preview:-1\" \/>\n<link rel=\"canonical\" href=\"https:\/\/lovme.pt\/index.php\/produto\/femintimate-lubrificante-bio-vaginal-vegano-100-ml\/\" \/>\n<meta property=\"og:locale\" content=\"pt_PT\" \/>\n<meta property=\"og:type\" content=\"article\" \/>\n<meta property=\"og:title\" content=\"FEMINTIMATE - LUBRIFICANTE BIO VAGINAL VEGANO 100 ML - Lovme\" \/>\n<meta property=\"og:description\" content=\"FEMINTIMATE - LUBRIFICANTE BIO VAGINAL VEGANO 100 ML\" \/>\n<meta property=\"og:url\" content=\"https:\/\/lovme.pt\/index.php\/produto\/femintimate-lubrificante-bio-vaginal-vegano-100-ml\/\" \/>\n<meta property=\"og:site_name\" content=\"Lovme\" \/>\n<meta property=\"article:modified_time\" content=\"2026-02-19T20:22:32+00:00\" \/>\n<meta property=\"og:image\" content=\"https:\/\/erki24nd3ub.exactdn.com\/wp-content\/uploads\/dream\/img\/img_158748_7a9be96480c3acb133706b94ab80fc51_1.jpg?strip=all\" \/>\n\t<meta property=\"og:image:width\" content=\"800\" \/>\n\t<meta property=\"og:image:height\" content=\"800\" \/>\n\t<meta property=\"og:image:type\" content=\"image\/jpeg\" \/>\n<meta name=\"twitter:card\" content=\"summary_large_image\" \/>\n<meta name=\"twitter:label1\" content=\"Tempo estimado de leitura\" \/>\n\t<meta name=\"twitter:data1\" content=\"1 minuto\" \/>\n<script type=\"application\/ld+json\" class=\"yoast-schema-graph\">{\"@context\":\"https:\\\/\\\/schema.org\",\"@graph\":[{\"@type\":\"WebPage\",\"@id\":\"https:\\\/\\\/lovme.pt\\\/index.php\\\/produto\\\/femintimate-lubrificante-bio-vaginal-vegano-100-ml\\\/\",\"url\":\"https:\\\/\\\/lovme.pt\\\/index.php\\\/produto\\\/femintimate-lubrificante-bio-vaginal-vegano-100-ml\\\/\",\"name\":\"FEMINTIMATE - LUBRIFICANTE BIO VAGINAL VEGANO 100 ML - Lovme\",\"isPartOf\":{\"@id\":\"https:\\\/\\\/lovme.pt\\\/#website\"},\"primaryImageOfPage\":{\"@id\":\"https:\\\/\\\/lovme.pt\\\/index.php\\\/produto\\\/femintimate-lubrificante-bio-vaginal-vegano-100-ml\\\/#primaryimage\"},\"image\":{\"@id\":\"https:\\\/\\\/lovme.pt\\\/index.php\\\/produto\\\/femintimate-lubrificante-bio-vaginal-vegano-100-ml\\\/#primaryimage\"},\"thumbnailUrl\":\"https:\\\/\\\/erki24nd3ub.exactdn.com\\\/wp-content\\\/uploads\\\/dream\\\/img\\\/img_158748_7a9be96480c3acb133706b94ab80fc51_1.jpg?strip=all\",\"datePublished\":\"2025-10-01T03:10:35+00:00\",\"dateModified\":\"2026-02-19T20:22:32+00:00\",\"breadcrumb\":{\"@id\":\"https:\\\/\\\/lovme.pt\\\/index.php\\\/produto\\\/femintimate-lubrificante-bio-vaginal-vegano-100-ml\\\/#breadcrumb\"},\"inLanguage\":\"pt-PT\",\"potentialAction\":[{\"@type\":\"ReadAction\",\"target\":[\"https:\\\/\\\/lovme.pt\\\/index.php\\\/produto\\\/femintimate-lubrificante-bio-vaginal-vegano-100-ml\\\/\"]}]},{\"@type\":\"ImageObject\",\"inLanguage\":\"pt-PT\",\"@id\":\"https:\\\/\\\/lovme.pt\\\/index.php\\\/produto\\\/femintimate-lubrificante-bio-vaginal-vegano-100-ml\\\/#primaryimage\",\"url\":\"https:\\\/\\\/erki24nd3ub.exactdn.com\\\/wp-content\\\/uploads\\\/dream\\\/img\\\/img_158748_7a9be96480c3acb133706b94ab80fc51_1.jpg?strip=all\",\"contentUrl\":\"https:\\\/\\\/erki24nd3ub.exactdn.com\\\/wp-content\\\/uploads\\\/dream\\\/img\\\/img_158748_7a9be96480c3acb133706b94ab80fc51_1.jpg?strip=all\",\"width\":800,\"height\":800},{\"@type\":\"BreadcrumbList\",\"@id\":\"https:\\\/\\\/lovme.pt\\\/index.php\\\/produto\\\/femintimate-lubrificante-bio-vaginal-vegano-100-ml\\\/#breadcrumb\",\"itemListElement\":[{\"@type\":\"ListItem\",\"position\":1,\"name\":\"In\u00edcio\",\"item\":\"https:\\\/\\\/lovme.pt\\\/\"},{\"@type\":\"ListItem\",\"position\":2,\"name\":\"Loja\",\"item\":\"https:\\\/\\\/lovme.pt\\\/index.php\\\/loja\\\/\"},{\"@type\":\"ListItem\",\"position\":3,\"name\":\"FEMINTIMATE &#8211; LUBRIFICANTE BIO VAGINAL VEGANO 100 ML\"}]},{\"@type\":\"WebSite\",\"@id\":\"https:\\\/\\\/lovme.pt\\\/#website\",\"url\":\"https:\\\/\\\/lovme.pt\\\/\",\"name\":\"Lovme Loja Er\u00f3tica N\u00ba1 em Portugal\",\"description\":\"A melhor loja er\u00f3tica de Portugal.\",\"alternateName\":\"Loja Er\u00f3tica Lovme\",\"potentialAction\":[{\"@type\":\"SearchAction\",\"target\":{\"@type\":\"EntryPoint\",\"urlTemplate\":\"https:\\\/\\\/lovme.pt\\\/?s={search_term_string}\"},\"query-input\":{\"@type\":\"PropertyValueSpecification\",\"valueRequired\":true,\"valueName\":\"search_term_string\"}}],\"inLanguage\":\"pt-PT\"}]}<\/script>\n<!-- \/ Yoast SEO plugin. -->","yoast_head_json":{"title":"FEMINTIMATE - LUBRIFICANTE BIO VAGINAL VEGANO 100 ML - Lovme","robots":{"index":"index","follow":"follow","max-snippet":"max-snippet:-1","max-image-preview":"max-image-preview:large","max-video-preview":"max-video-preview:-1"},"canonical":"https:\/\/lovme.pt\/index.php\/produto\/femintimate-lubrificante-bio-vaginal-vegano-100-ml\/","og_locale":"pt_PT","og_type":"article","og_title":"FEMINTIMATE - LUBRIFICANTE BIO VAGINAL VEGANO 100 ML - Lovme","og_description":"FEMINTIMATE - LUBRIFICANTE BIO VAGINAL VEGANO 100 ML","og_url":"https:\/\/lovme.pt\/index.php\/produto\/femintimate-lubrificante-bio-vaginal-vegano-100-ml\/","og_site_name":"Lovme","article_modified_time":"2026-02-19T20:22:32+00:00","og_image":[{"width":800,"height":800,"url":"https:\/\/erki24nd3ub.exactdn.com\/wp-content\/uploads\/dream\/img\/img_158748_7a9be96480c3acb133706b94ab80fc51_1.jpg?strip=all","type":"image\/jpeg"}],"twitter_card":"summary_large_image","twitter_misc":{"Tempo estimado de leitura":"1 minuto"},"schema":{"@context":"https:\/\/schema.org","@graph":[{"@type":"WebPage","@id":"https:\/\/lovme.pt\/index.php\/produto\/femintimate-lubrificante-bio-vaginal-vegano-100-ml\/","url":"https:\/\/lovme.pt\/index.php\/produto\/femintimate-lubrificante-bio-vaginal-vegano-100-ml\/","name":"FEMINTIMATE - LUBRIFICANTE BIO VAGINAL VEGANO 100 ML - Lovme","isPartOf":{"@id":"https:\/\/lovme.pt\/#website"},"primaryImageOfPage":{"@id":"https:\/\/lovme.pt\/index.php\/produto\/femintimate-lubrificante-bio-vaginal-vegano-100-ml\/#primaryimage"},"image":{"@id":"https:\/\/lovme.pt\/index.php\/produto\/femintimate-lubrificante-bio-vaginal-vegano-100-ml\/#primaryimage"},"thumbnailUrl":"https:\/\/erki24nd3ub.exactdn.com\/wp-content\/uploads\/dream\/img\/img_158748_7a9be96480c3acb133706b94ab80fc51_1.jpg?strip=all","datePublished":"2025-10-01T03:10:35+00:00","dateModified":"2026-02-19T20:22:32+00:00","breadcrumb":{"@id":"https:\/\/lovme.pt\/index.php\/produto\/femintimate-lubrificante-bio-vaginal-vegano-100-ml\/#breadcrumb"},"inLanguage":"pt-PT","potentialAction":[{"@type":"ReadAction","target":["https:\/\/lovme.pt\/index.php\/produto\/femintimate-lubrificante-bio-vaginal-vegano-100-ml\/"]}]},{"@type":"ImageObject","inLanguage":"pt-PT","@id":"https:\/\/lovme.pt\/index.php\/produto\/femintimate-lubrificante-bio-vaginal-vegano-100-ml\/#primaryimage","url":"https:\/\/erki24nd3ub.exactdn.com\/wp-content\/uploads\/dream\/img\/img_158748_7a9be96480c3acb133706b94ab80fc51_1.jpg?strip=all","contentUrl":"https:\/\/erki24nd3ub.exactdn.com\/wp-content\/uploads\/dream\/img\/img_158748_7a9be96480c3acb133706b94ab80fc51_1.jpg?strip=all","width":800,"height":800},{"@type":"BreadcrumbList","@id":"https:\/\/lovme.pt\/index.php\/produto\/femintimate-lubrificante-bio-vaginal-vegano-100-ml\/#breadcrumb","itemListElement":[{"@type":"ListItem","position":1,"name":"In\u00edcio","item":"https:\/\/lovme.pt\/"},{"@type":"ListItem","position":2,"name":"Loja","item":"https:\/\/lovme.pt\/index.php\/loja\/"},{"@type":"ListItem","position":3,"name":"FEMINTIMATE &#8211; LUBRIFICANTE BIO VAGINAL VEGANO 100 ML"}]},{"@type":"WebSite","@id":"https:\/\/lovme.pt\/#website","url":"https:\/\/lovme.pt\/","name":"Lovme Loja Er\u00f3tica N\u00ba1 em Portugal","description":"A melhor loja er\u00f3tica de Portugal.","alternateName":"Loja Er\u00f3tica Lovme","potentialAction":[{"@type":"SearchAction","target":{"@type":"EntryPoint","urlTemplate":"https:\/\/lovme.pt\/?s={search_term_string}"},"query-input":{"@type":"PropertyValueSpecification","valueRequired":true,"valueName":"search_term_string"}}],"inLanguage":"pt-PT"}]}},"_links":{"self":[{"href":"https:\/\/lovme.pt\/index.php\/wp-json\/wp\/v2\/product\/45612","targetHints":{"allow":["GET"]}}],"collection":[{"href":"https:\/\/lovme.pt\/index.php\/wp-json\/wp\/v2\/product"}],"about":[{"href":"https:\/\/lovme.pt\/index.php\/wp-json\/wp\/v2\/types\/product"}],"wp:featuredmedia":[{"embeddable":true,"href":"https:\/\/lovme.pt\/index.php\/wp-json\/wp\/v2\/media\/101951"}],"wp:attachment":[{"href":"https:\/\/lovme.pt\/index.php\/wp-json\/wp\/v2\/media?parent=45612"}],"wp:term":[{"taxonomy":"product_brand","embeddable":true,"href":"https:\/\/lovme.pt\/index.php\/wp-json\/wp\/v2\/product_brand?post=45612"},{"taxonomy":"product_cat","embeddable":true,"href":"https:\/\/lovme.pt\/index.php\/wp-json\/wp\/v2\/product_cat?post=45612"},{"taxonomy":"product_tag","embeddable":true,"href":"https:\/\/lovme.pt\/index.php\/wp-json\/wp\/v2\/product_tag?post=45612"}],"curies":[{"name":"wp","href":"https:\/\/api.w.org\/{rel}","templated":true}]}}