{"id":45611,"date":"2025-10-01T02:50:36","date_gmt":"2025-10-01T02:50:36","guid":{"rendered":"https:\/\/lovme.pt\/?post_type=product&p=45611"},"modified":"2026-02-19T20:21:49","modified_gmt":"2026-02-19T20:21:49","slug":"femintimate-lubrificante-vaginal-100-ml","status":"publish","type":"product","link":"https:\/\/lovme.pt\/index.php\/produto\/femintimate-lubrificante-vaginal-100-ml\/","title":{"rendered":"FEMINTIMATE &#8211; LUBRIFICANTE VAGINAL 100 ML"},"content":{"rendered":"<p>A marca Feminitimate, especialista na intimidade feminina, apresenta o seu gel vaginal \u00edntimo \u00e0 base de \u00e1gua, fitopl\u00e2ncton e colag\u00e9nio marinho, com propriedades hidratantes, anti-inflamat\u00f3rias e cicatrizantes.<\/p>\n<p><strong>Lubrificante vaginal<\/strong> \u00e0 base de \u00e1gua, o gel \u00edntimo Femintimate \u00e9 especialmente desenvolvido para lubrificar e hidratar de forma sustent\u00e1vel as mucosas durante as rela\u00e7\u00f5es \u00edntimas. Melhora a lubrifica\u00e7\u00e3o vaginal, promove as rela\u00e7\u00f5es sexuais e alivia desconfortos. \u00c9 recomendado em casos de lubrifica\u00e7\u00e3o fisiol\u00f3gica reduzida ou ausente, ou simplesmente para aumentar o prazer.<\/p>\n<p>Este lubrificante vaginal vem em embalagem de 100 ml, tornando-o pr\u00e1tico para o uso regular e f\u00e1cil de transportar na bolsa, oferecendo uma solu\u00e7\u00e3o pr\u00e1tica para manter o conforto e o bem-estar em qualquer momento. Sua aplica\u00e7\u00e3o \u00e9 simples e discreta, proporcionando uma experi\u00eancia de lubrifica\u00e7\u00e3o descomplicada.<\/p>\n<p>A textura macia e sedosa deste lubrificante vaginal proporciona uma sensa\u00e7\u00e3o agrad\u00e1vel e natural, melhorando a intimidade e a conex\u00e3o durante as rela\u00e7\u00f5es sexuais. Sua longa dura\u00e7\u00e3o garante lubrifica\u00e7\u00e3o cont\u00ednua, evitando desconforto e atrito.<\/p>\n<p><u>Modo de usar:<\/u> Aplicar uma pequena quantidade na zona \u00edntima 1 ou 2 gotas e desfrutar de sensa\u00e7\u00f5es inesquec\u00edveis.<\/p>\n<p>\u00a0<\/p>\n<p><u><strong>CARACTER\u00cdSTICAS:<\/strong><\/u><\/p>\n<ul>\n<li>Lubrificante \u00edntimo \/ Gel lubrificante vaginal<\/li>\n<li>A base de \u00e1gua<\/li>\n<li>Com extratos de fitopl\u00e2ncton e col\u00e1geno marinho<\/li>\n<li>Incolor, inodoro<\/li>\n<li>Capacidade: 100ml<\/li>\n<\/ul>\n<p>\u00a0<\/p>\n","protected":false},"excerpt":{"rendered":"<p>FEMINTIMATE &#8211; LUBRIFICANTE VAGINAL 100 ML<\/p>\n","protected":false},"featured_media":99401,"template":"","meta":{"_acf_changed":false},"product_brand":[],"product_cat":[49,53],"product_tag":[],"class_list":{"0":"post-45611","1":"product","2":"type-product","3":"status-publish","4":"has-post-thumbnail","6":"product_cat-cosmeticos","7":"product_cat-lubrificantes-intimos","8":"yith_product_brand-femintimate","10":"first","11":"instock","12":"taxable","13":"shipping-taxable","14":"purchasable","15":"product-type-simple"},"acf":[],"yoast_head":"<!-- This site is optimized with the Yoast SEO plugin v27.4 - https:\/\/yoast.com\/product\/yoast-seo-wordpress\/ -->\n<title>FEMINTIMATE - LUBRIFICANTE VAGINAL 100 ML - Lovme<\/title>\n<meta name=\"robots\" content=\"index, follow, max-snippet:-1, max-image-preview:large, max-video-preview:-1\" \/>\n<link rel=\"canonical\" href=\"https:\/\/lovme.pt\/index.php\/produto\/femintimate-lubrificante-vaginal-100-ml\/\" \/>\n<meta property=\"og:locale\" content=\"pt_PT\" \/>\n<meta property=\"og:type\" content=\"article\" \/>\n<meta property=\"og:title\" content=\"FEMINTIMATE - LUBRIFICANTE VAGINAL 100 ML - Lovme\" \/>\n<meta property=\"og:description\" content=\"FEMINTIMATE - LUBRIFICANTE VAGINAL 100 ML\" \/>\n<meta property=\"og:url\" content=\"https:\/\/lovme.pt\/index.php\/produto\/femintimate-lubrificante-vaginal-100-ml\/\" \/>\n<meta property=\"og:site_name\" content=\"Lovme\" \/>\n<meta property=\"article:modified_time\" content=\"2026-02-19T20:21:49+00:00\" \/>\n<meta property=\"og:image\" content=\"https:\/\/erki24nd3ub.exactdn.com\/wp-content\/uploads\/dream\/img\/img_158747_d5ce6cb1e226f778e99f105443a789b8_1.jpg?strip=all\" \/>\n\t<meta property=\"og:image:width\" content=\"800\" \/>\n\t<meta property=\"og:image:height\" content=\"800\" \/>\n\t<meta property=\"og:image:type\" content=\"image\/jpeg\" \/>\n<meta name=\"twitter:card\" content=\"summary_large_image\" \/>\n<meta name=\"twitter:label1\" content=\"Tempo estimado de leitura\" \/>\n\t<meta name=\"twitter:data1\" content=\"1 minuto\" \/>\n<script type=\"application\/ld+json\" class=\"yoast-schema-graph\">{\"@context\":\"https:\\\/\\\/schema.org\",\"@graph\":[{\"@type\":\"WebPage\",\"@id\":\"https:\\\/\\\/lovme.pt\\\/index.php\\\/produto\\\/femintimate-lubrificante-vaginal-100-ml\\\/\",\"url\":\"https:\\\/\\\/lovme.pt\\\/index.php\\\/produto\\\/femintimate-lubrificante-vaginal-100-ml\\\/\",\"name\":\"FEMINTIMATE - LUBRIFICANTE VAGINAL 100 ML - Lovme\",\"isPartOf\":{\"@id\":\"https:\\\/\\\/lovme.pt\\\/#website\"},\"primaryImageOfPage\":{\"@id\":\"https:\\\/\\\/lovme.pt\\\/index.php\\\/produto\\\/femintimate-lubrificante-vaginal-100-ml\\\/#primaryimage\"},\"image\":{\"@id\":\"https:\\\/\\\/lovme.pt\\\/index.php\\\/produto\\\/femintimate-lubrificante-vaginal-100-ml\\\/#primaryimage\"},\"thumbnailUrl\":\"https:\\\/\\\/erki24nd3ub.exactdn.com\\\/wp-content\\\/uploads\\\/dream\\\/img\\\/img_158747_d5ce6cb1e226f778e99f105443a789b8_1.jpg?strip=all\",\"datePublished\":\"2025-10-01T02:50:36+00:00\",\"dateModified\":\"2026-02-19T20:21:49+00:00\",\"breadcrumb\":{\"@id\":\"https:\\\/\\\/lovme.pt\\\/index.php\\\/produto\\\/femintimate-lubrificante-vaginal-100-ml\\\/#breadcrumb\"},\"inLanguage\":\"pt-PT\",\"potentialAction\":[{\"@type\":\"ReadAction\",\"target\":[\"https:\\\/\\\/lovme.pt\\\/index.php\\\/produto\\\/femintimate-lubrificante-vaginal-100-ml\\\/\"]}]},{\"@type\":\"ImageObject\",\"inLanguage\":\"pt-PT\",\"@id\":\"https:\\\/\\\/lovme.pt\\\/index.php\\\/produto\\\/femintimate-lubrificante-vaginal-100-ml\\\/#primaryimage\",\"url\":\"https:\\\/\\\/erki24nd3ub.exactdn.com\\\/wp-content\\\/uploads\\\/dream\\\/img\\\/img_158747_d5ce6cb1e226f778e99f105443a789b8_1.jpg?strip=all\",\"contentUrl\":\"https:\\\/\\\/erki24nd3ub.exactdn.com\\\/wp-content\\\/uploads\\\/dream\\\/img\\\/img_158747_d5ce6cb1e226f778e99f105443a789b8_1.jpg?strip=all\",\"width\":800,\"height\":800},{\"@type\":\"BreadcrumbList\",\"@id\":\"https:\\\/\\\/lovme.pt\\\/index.php\\\/produto\\\/femintimate-lubrificante-vaginal-100-ml\\\/#breadcrumb\",\"itemListElement\":[{\"@type\":\"ListItem\",\"position\":1,\"name\":\"In\u00edcio\",\"item\":\"https:\\\/\\\/lovme.pt\\\/\"},{\"@type\":\"ListItem\",\"position\":2,\"name\":\"Loja\",\"item\":\"https:\\\/\\\/lovme.pt\\\/index.php\\\/loja\\\/\"},{\"@type\":\"ListItem\",\"position\":3,\"name\":\"FEMINTIMATE &#8211; LUBRIFICANTE VAGINAL 100 ML\"}]},{\"@type\":\"WebSite\",\"@id\":\"https:\\\/\\\/lovme.pt\\\/#website\",\"url\":\"https:\\\/\\\/lovme.pt\\\/\",\"name\":\"Lovme Loja Er\u00f3tica N\u00ba1 em Portugal\",\"description\":\"A melhor loja er\u00f3tica de Portugal.\",\"alternateName\":\"Loja Er\u00f3tica Lovme\",\"potentialAction\":[{\"@type\":\"SearchAction\",\"target\":{\"@type\":\"EntryPoint\",\"urlTemplate\":\"https:\\\/\\\/lovme.pt\\\/?s={search_term_string}\"},\"query-input\":{\"@type\":\"PropertyValueSpecification\",\"valueRequired\":true,\"valueName\":\"search_term_string\"}}],\"inLanguage\":\"pt-PT\"}]}<\/script>\n<!-- \/ Yoast SEO plugin. -->","yoast_head_json":{"title":"FEMINTIMATE - LUBRIFICANTE VAGINAL 100 ML - Lovme","robots":{"index":"index","follow":"follow","max-snippet":"max-snippet:-1","max-image-preview":"max-image-preview:large","max-video-preview":"max-video-preview:-1"},"canonical":"https:\/\/lovme.pt\/index.php\/produto\/femintimate-lubrificante-vaginal-100-ml\/","og_locale":"pt_PT","og_type":"article","og_title":"FEMINTIMATE - LUBRIFICANTE VAGINAL 100 ML - Lovme","og_description":"FEMINTIMATE - LUBRIFICANTE VAGINAL 100 ML","og_url":"https:\/\/lovme.pt\/index.php\/produto\/femintimate-lubrificante-vaginal-100-ml\/","og_site_name":"Lovme","article_modified_time":"2026-02-19T20:21:49+00:00","og_image":[{"width":800,"height":800,"url":"https:\/\/erki24nd3ub.exactdn.com\/wp-content\/uploads\/dream\/img\/img_158747_d5ce6cb1e226f778e99f105443a789b8_1.jpg?strip=all","type":"image\/jpeg"}],"twitter_card":"summary_large_image","twitter_misc":{"Tempo estimado de leitura":"1 minuto"},"schema":{"@context":"https:\/\/schema.org","@graph":[{"@type":"WebPage","@id":"https:\/\/lovme.pt\/index.php\/produto\/femintimate-lubrificante-vaginal-100-ml\/","url":"https:\/\/lovme.pt\/index.php\/produto\/femintimate-lubrificante-vaginal-100-ml\/","name":"FEMINTIMATE - LUBRIFICANTE VAGINAL 100 ML - Lovme","isPartOf":{"@id":"https:\/\/lovme.pt\/#website"},"primaryImageOfPage":{"@id":"https:\/\/lovme.pt\/index.php\/produto\/femintimate-lubrificante-vaginal-100-ml\/#primaryimage"},"image":{"@id":"https:\/\/lovme.pt\/index.php\/produto\/femintimate-lubrificante-vaginal-100-ml\/#primaryimage"},"thumbnailUrl":"https:\/\/erki24nd3ub.exactdn.com\/wp-content\/uploads\/dream\/img\/img_158747_d5ce6cb1e226f778e99f105443a789b8_1.jpg?strip=all","datePublished":"2025-10-01T02:50:36+00:00","dateModified":"2026-02-19T20:21:49+00:00","breadcrumb":{"@id":"https:\/\/lovme.pt\/index.php\/produto\/femintimate-lubrificante-vaginal-100-ml\/#breadcrumb"},"inLanguage":"pt-PT","potentialAction":[{"@type":"ReadAction","target":["https:\/\/lovme.pt\/index.php\/produto\/femintimate-lubrificante-vaginal-100-ml\/"]}]},{"@type":"ImageObject","inLanguage":"pt-PT","@id":"https:\/\/lovme.pt\/index.php\/produto\/femintimate-lubrificante-vaginal-100-ml\/#primaryimage","url":"https:\/\/erki24nd3ub.exactdn.com\/wp-content\/uploads\/dream\/img\/img_158747_d5ce6cb1e226f778e99f105443a789b8_1.jpg?strip=all","contentUrl":"https:\/\/erki24nd3ub.exactdn.com\/wp-content\/uploads\/dream\/img\/img_158747_d5ce6cb1e226f778e99f105443a789b8_1.jpg?strip=all","width":800,"height":800},{"@type":"BreadcrumbList","@id":"https:\/\/lovme.pt\/index.php\/produto\/femintimate-lubrificante-vaginal-100-ml\/#breadcrumb","itemListElement":[{"@type":"ListItem","position":1,"name":"In\u00edcio","item":"https:\/\/lovme.pt\/"},{"@type":"ListItem","position":2,"name":"Loja","item":"https:\/\/lovme.pt\/index.php\/loja\/"},{"@type":"ListItem","position":3,"name":"FEMINTIMATE &#8211; LUBRIFICANTE VAGINAL 100 ML"}]},{"@type":"WebSite","@id":"https:\/\/lovme.pt\/#website","url":"https:\/\/lovme.pt\/","name":"Lovme Loja Er\u00f3tica N\u00ba1 em Portugal","description":"A melhor loja er\u00f3tica de Portugal.","alternateName":"Loja Er\u00f3tica Lovme","potentialAction":[{"@type":"SearchAction","target":{"@type":"EntryPoint","urlTemplate":"https:\/\/lovme.pt\/?s={search_term_string}"},"query-input":{"@type":"PropertyValueSpecification","valueRequired":true,"valueName":"search_term_string"}}],"inLanguage":"pt-PT"}]}},"_links":{"self":[{"href":"https:\/\/lovme.pt\/index.php\/wp-json\/wp\/v2\/product\/45611","targetHints":{"allow":["GET"]}}],"collection":[{"href":"https:\/\/lovme.pt\/index.php\/wp-json\/wp\/v2\/product"}],"about":[{"href":"https:\/\/lovme.pt\/index.php\/wp-json\/wp\/v2\/types\/product"}],"wp:featuredmedia":[{"embeddable":true,"href":"https:\/\/lovme.pt\/index.php\/wp-json\/wp\/v2\/media\/99401"}],"wp:attachment":[{"href":"https:\/\/lovme.pt\/index.php\/wp-json\/wp\/v2\/media?parent=45611"}],"wp:term":[{"taxonomy":"product_brand","embeddable":true,"href":"https:\/\/lovme.pt\/index.php\/wp-json\/wp\/v2\/product_brand?post=45611"},{"taxonomy":"product_cat","embeddable":true,"href":"https:\/\/lovme.pt\/index.php\/wp-json\/wp\/v2\/product_cat?post=45611"},{"taxonomy":"product_tag","embeddable":true,"href":"https:\/\/lovme.pt\/index.php\/wp-json\/wp\/v2\/product_tag?post=45611"}],"curies":[{"name":"wp","href":"https:\/\/api.w.org\/{rel}","templated":true}]}}