{"id":45607,"date":"2025-10-01T02:54:05","date_gmt":"2025-10-01T02:54:05","guid":{"rendered":"https:\/\/lovme.pt\/?post_type=product&p=45607"},"modified":"2026-02-19T20:21:57","modified_gmt":"2026-02-19T20:21:57","slug":"femintimate-limpeza-mousse-intima-100-ml","status":"publish","type":"product","link":"https:\/\/lovme.pt\/index.php\/produto\/femintimate-limpeza-mousse-intima-100-ml\/","title":{"rendered":"FEMINTIMATE &#8211; LIMPEZA MOUSSE \u00cdNTIMA 100 ML"},"content":{"rendered":"<p><strong>Mousse de Higiene \u00cdntima<\/strong> da marca Femintimate \u00e9 uma espuma de cuidado \u00edntimo ideal para limpar, proteger e hidratar \u00e1reas \u00edntimas por um longo per\u00edodo.<\/p>\n<p><strong>Mousse de Higiene \u00cdntima<\/strong> 100 ml \u00e9 uma solu\u00e7\u00e3o inovadora e delicada desenvolvida especificamente para atender \u00e0s necessidades de higiene pessoal na \u00e1rea \u00edntima da mulher. Sua apresenta\u00e7\u00e3o em mousse proporciona uma experi\u00eancia \u00fanica e agrad\u00e1vel durante o uso, transformando a rotina di\u00e1ria de limpeza em um momento de cuidado pessoal e bem-estar.<\/p>\n<p>Este limpador \u00edntimo foi formulado com ingredientes suaves que respeitam a sensibilidade da regi\u00e3o genital feminina. A textura mousse permite uma aplica\u00e7\u00e3o suave e uniforme, criando uma espuma leve que facilita a limpeza sem causar irrita\u00e7\u00e3o ou desconforto. A sua f\u00f3rmula equilibrada ajuda a manter o pH natural da zona \u00edntima, ajudando a preservar a flora vaginal saud\u00e1vel.<\/p>\n<p>Com um aroma delicado, este limpador \u00edntimo n\u00e3o s\u00f3 proporciona uma limpeza eficaz, mas tamb\u00e9m deixa uma sensa\u00e7\u00e3o de frescor e conforto que dura o dia todo. A apresenta\u00e7\u00e3o em embalagem de 100 ml \u00e9 pr\u00e1tica e c\u00f3moda, ideal para levar na bolsa ou usar em casa.<\/p>\n<p>O seu uso regular contribui para manter uma higiene \u00edntima adequada, oferecendo sensa\u00e7\u00e3o de limpeza e bem-estar. Este limpador \u00edntimo em mousse de 100 ml \u00e9 a op\u00e7\u00e3o ideal para quem procura um produto de qualidade, pensado na delicadeza da \u00e1rea \u00edntima feminina e que valoriza conforto e frescor na rotina de cuidados pessoais.<\/p>\n<p>\u00a0<\/p>\n<p><u><strong>CARACTER\u00cdSTICAS:<\/strong><\/u><\/p>\n<ul>\n<li>Espuma de higiene \u00edntima<\/li>\n<li>Hidratante, previne irrita\u00e7\u00f5es<\/li>\n<li>Prote\u00e7\u00e3o e autorrepara\u00e7\u00e3o de \u00e1reas afetadas<\/li>\n<li>Capacidade: 100ml<\/li>\n<\/ul>\n<p><strong>Ingredientes:<\/strong> Aqua, Decil Glucos\u00eddeo, Cocamidopropil Beta\u00edna, Glicerina, Levulinato de S\u00f3dio, Alanto\u00edna, Perfume, \u00c1cido C\u00edtrico, Caproil\/Lauroil Lactilato de S\u00f3dio, Sorbato de Pot\u00e1ssio, isomerato de sacar\u00eddeo, citrato de trietila, \u00f3leo de s\u00e1lvia s\u00e1lvia officinalis, citrato de s\u00f3dio, fitato de s\u00f3dio.<\/p>\n","protected":false},"excerpt":{"rendered":"<p>FEMINTIMATE &#8211; LIMPEZA MOUSSE \u00cdNTIMA 100 ML<\/p>\n","protected":false},"featured_media":99961,"template":"","meta":{"_acf_changed":false},"product_brand":[],"product_cat":[49,55,72],"product_tag":[],"class_list":{"0":"post-45607","1":"product","2":"type-product","3":"status-publish","4":"has-post-thumbnail","6":"product_cat-cosmeticos","7":"product_cat-cuidado-de-brinquedos","8":"product_cat-higiene-intima","9":"yith_product_brand-femintimate","11":"first","12":"instock","13":"taxable","14":"shipping-taxable","15":"purchasable","16":"product-type-simple"},"acf":[],"yoast_head":"<!-- This site is optimized with the Yoast SEO plugin v27.3 - https:\/\/yoast.com\/product\/yoast-seo-wordpress\/ -->\n<title>FEMINTIMATE - LIMPEZA MOUSSE \u00cdNTIMA 100 ML - Lovme<\/title>\n<meta name=\"robots\" content=\"index, follow, max-snippet:-1, max-image-preview:large, max-video-preview:-1\" \/>\n<link rel=\"canonical\" href=\"https:\/\/lovme.pt\/index.php\/produto\/femintimate-limpeza-mousse-intima-100-ml\/\" \/>\n<meta property=\"og:locale\" content=\"pt_PT\" \/>\n<meta property=\"og:type\" content=\"article\" \/>\n<meta property=\"og:title\" content=\"FEMINTIMATE - LIMPEZA MOUSSE \u00cdNTIMA 100 ML - Lovme\" \/>\n<meta property=\"og:description\" content=\"FEMINTIMATE - LIMPEZA MOUSSE \u00cdNTIMA 100 ML\" \/>\n<meta property=\"og:url\" content=\"https:\/\/lovme.pt\/index.php\/produto\/femintimate-limpeza-mousse-intima-100-ml\/\" \/>\n<meta property=\"og:site_name\" content=\"Lovme\" \/>\n<meta property=\"article:modified_time\" content=\"2026-02-19T20:21:57+00:00\" \/>\n<meta property=\"og:image\" content=\"https:\/\/erki24nd3ub.exactdn.com\/wp-content\/uploads\/dream\/img\/img_158753_0e0bea6e20e13e1eda00a25318dba4d6_1.jpg?strip=all\" \/>\n\t<meta property=\"og:image:width\" content=\"800\" \/>\n\t<meta property=\"og:image:height\" content=\"800\" \/>\n\t<meta property=\"og:image:type\" content=\"image\/jpeg\" \/>\n<meta name=\"twitter:card\" content=\"summary_large_image\" \/>\n<meta name=\"twitter:label1\" content=\"Tempo estimado de leitura\" \/>\n\t<meta name=\"twitter:data1\" content=\"2 minutos\" \/>\n<script type=\"application\/ld+json\" class=\"yoast-schema-graph\">{\"@context\":\"https:\\\/\\\/schema.org\",\"@graph\":[{\"@type\":\"WebPage\",\"@id\":\"https:\\\/\\\/lovme.pt\\\/index.php\\\/produto\\\/femintimate-limpeza-mousse-intima-100-ml\\\/\",\"url\":\"https:\\\/\\\/lovme.pt\\\/index.php\\\/produto\\\/femintimate-limpeza-mousse-intima-100-ml\\\/\",\"name\":\"FEMINTIMATE - LIMPEZA MOUSSE \u00cdNTIMA 100 ML - Lovme\",\"isPartOf\":{\"@id\":\"https:\\\/\\\/lovme.pt\\\/#website\"},\"primaryImageOfPage\":{\"@id\":\"https:\\\/\\\/lovme.pt\\\/index.php\\\/produto\\\/femintimate-limpeza-mousse-intima-100-ml\\\/#primaryimage\"},\"image\":{\"@id\":\"https:\\\/\\\/lovme.pt\\\/index.php\\\/produto\\\/femintimate-limpeza-mousse-intima-100-ml\\\/#primaryimage\"},\"thumbnailUrl\":\"https:\\\/\\\/erki24nd3ub.exactdn.com\\\/wp-content\\\/uploads\\\/dream\\\/img\\\/img_158753_0e0bea6e20e13e1eda00a25318dba4d6_1.jpg?strip=all\",\"datePublished\":\"2025-10-01T02:54:05+00:00\",\"dateModified\":\"2026-02-19T20:21:57+00:00\",\"breadcrumb\":{\"@id\":\"https:\\\/\\\/lovme.pt\\\/index.php\\\/produto\\\/femintimate-limpeza-mousse-intima-100-ml\\\/#breadcrumb\"},\"inLanguage\":\"pt-PT\",\"potentialAction\":[{\"@type\":\"ReadAction\",\"target\":[\"https:\\\/\\\/lovme.pt\\\/index.php\\\/produto\\\/femintimate-limpeza-mousse-intima-100-ml\\\/\"]}]},{\"@type\":\"ImageObject\",\"inLanguage\":\"pt-PT\",\"@id\":\"https:\\\/\\\/lovme.pt\\\/index.php\\\/produto\\\/femintimate-limpeza-mousse-intima-100-ml\\\/#primaryimage\",\"url\":\"https:\\\/\\\/erki24nd3ub.exactdn.com\\\/wp-content\\\/uploads\\\/dream\\\/img\\\/img_158753_0e0bea6e20e13e1eda00a25318dba4d6_1.jpg?strip=all\",\"contentUrl\":\"https:\\\/\\\/erki24nd3ub.exactdn.com\\\/wp-content\\\/uploads\\\/dream\\\/img\\\/img_158753_0e0bea6e20e13e1eda00a25318dba4d6_1.jpg?strip=all\",\"width\":800,\"height\":800},{\"@type\":\"BreadcrumbList\",\"@id\":\"https:\\\/\\\/lovme.pt\\\/index.php\\\/produto\\\/femintimate-limpeza-mousse-intima-100-ml\\\/#breadcrumb\",\"itemListElement\":[{\"@type\":\"ListItem\",\"position\":1,\"name\":\"In\u00edcio\",\"item\":\"https:\\\/\\\/lovme.pt\\\/\"},{\"@type\":\"ListItem\",\"position\":2,\"name\":\"Loja\",\"item\":\"https:\\\/\\\/lovme.pt\\\/index.php\\\/loja\\\/\"},{\"@type\":\"ListItem\",\"position\":3,\"name\":\"FEMINTIMATE &#8211; LIMPEZA MOUSSE \u00cdNTIMA 100 ML\"}]},{\"@type\":\"WebSite\",\"@id\":\"https:\\\/\\\/lovme.pt\\\/#website\",\"url\":\"https:\\\/\\\/lovme.pt\\\/\",\"name\":\"Lovme Loja Er\u00f3tica N\u00ba1 em Portugal\",\"description\":\"A melhor loja er\u00f3tica de Portugal.\",\"alternateName\":\"Loja Er\u00f3tica Lovme\",\"potentialAction\":[{\"@type\":\"SearchAction\",\"target\":{\"@type\":\"EntryPoint\",\"urlTemplate\":\"https:\\\/\\\/lovme.pt\\\/?s={search_term_string}\"},\"query-input\":{\"@type\":\"PropertyValueSpecification\",\"valueRequired\":true,\"valueName\":\"search_term_string\"}}],\"inLanguage\":\"pt-PT\"}]}<\/script>\n<!-- \/ Yoast SEO plugin. -->","yoast_head_json":{"title":"FEMINTIMATE - LIMPEZA MOUSSE \u00cdNTIMA 100 ML - Lovme","robots":{"index":"index","follow":"follow","max-snippet":"max-snippet:-1","max-image-preview":"max-image-preview:large","max-video-preview":"max-video-preview:-1"},"canonical":"https:\/\/lovme.pt\/index.php\/produto\/femintimate-limpeza-mousse-intima-100-ml\/","og_locale":"pt_PT","og_type":"article","og_title":"FEMINTIMATE - LIMPEZA MOUSSE \u00cdNTIMA 100 ML - Lovme","og_description":"FEMINTIMATE - LIMPEZA MOUSSE \u00cdNTIMA 100 ML","og_url":"https:\/\/lovme.pt\/index.php\/produto\/femintimate-limpeza-mousse-intima-100-ml\/","og_site_name":"Lovme","article_modified_time":"2026-02-19T20:21:57+00:00","og_image":[{"width":800,"height":800,"url":"https:\/\/erki24nd3ub.exactdn.com\/wp-content\/uploads\/dream\/img\/img_158753_0e0bea6e20e13e1eda00a25318dba4d6_1.jpg?strip=all","type":"image\/jpeg"}],"twitter_card":"summary_large_image","twitter_misc":{"Tempo estimado de leitura":"2 minutos"},"schema":{"@context":"https:\/\/schema.org","@graph":[{"@type":"WebPage","@id":"https:\/\/lovme.pt\/index.php\/produto\/femintimate-limpeza-mousse-intima-100-ml\/","url":"https:\/\/lovme.pt\/index.php\/produto\/femintimate-limpeza-mousse-intima-100-ml\/","name":"FEMINTIMATE - LIMPEZA MOUSSE \u00cdNTIMA 100 ML - Lovme","isPartOf":{"@id":"https:\/\/lovme.pt\/#website"},"primaryImageOfPage":{"@id":"https:\/\/lovme.pt\/index.php\/produto\/femintimate-limpeza-mousse-intima-100-ml\/#primaryimage"},"image":{"@id":"https:\/\/lovme.pt\/index.php\/produto\/femintimate-limpeza-mousse-intima-100-ml\/#primaryimage"},"thumbnailUrl":"https:\/\/erki24nd3ub.exactdn.com\/wp-content\/uploads\/dream\/img\/img_158753_0e0bea6e20e13e1eda00a25318dba4d6_1.jpg?strip=all","datePublished":"2025-10-01T02:54:05+00:00","dateModified":"2026-02-19T20:21:57+00:00","breadcrumb":{"@id":"https:\/\/lovme.pt\/index.php\/produto\/femintimate-limpeza-mousse-intima-100-ml\/#breadcrumb"},"inLanguage":"pt-PT","potentialAction":[{"@type":"ReadAction","target":["https:\/\/lovme.pt\/index.php\/produto\/femintimate-limpeza-mousse-intima-100-ml\/"]}]},{"@type":"ImageObject","inLanguage":"pt-PT","@id":"https:\/\/lovme.pt\/index.php\/produto\/femintimate-limpeza-mousse-intima-100-ml\/#primaryimage","url":"https:\/\/erki24nd3ub.exactdn.com\/wp-content\/uploads\/dream\/img\/img_158753_0e0bea6e20e13e1eda00a25318dba4d6_1.jpg?strip=all","contentUrl":"https:\/\/erki24nd3ub.exactdn.com\/wp-content\/uploads\/dream\/img\/img_158753_0e0bea6e20e13e1eda00a25318dba4d6_1.jpg?strip=all","width":800,"height":800},{"@type":"BreadcrumbList","@id":"https:\/\/lovme.pt\/index.php\/produto\/femintimate-limpeza-mousse-intima-100-ml\/#breadcrumb","itemListElement":[{"@type":"ListItem","position":1,"name":"In\u00edcio","item":"https:\/\/lovme.pt\/"},{"@type":"ListItem","position":2,"name":"Loja","item":"https:\/\/lovme.pt\/index.php\/loja\/"},{"@type":"ListItem","position":3,"name":"FEMINTIMATE &#8211; LIMPEZA MOUSSE \u00cdNTIMA 100 ML"}]},{"@type":"WebSite","@id":"https:\/\/lovme.pt\/#website","url":"https:\/\/lovme.pt\/","name":"Lovme Loja Er\u00f3tica N\u00ba1 em Portugal","description":"A melhor loja er\u00f3tica de Portugal.","alternateName":"Loja Er\u00f3tica Lovme","potentialAction":[{"@type":"SearchAction","target":{"@type":"EntryPoint","urlTemplate":"https:\/\/lovme.pt\/?s={search_term_string}"},"query-input":{"@type":"PropertyValueSpecification","valueRequired":true,"valueName":"search_term_string"}}],"inLanguage":"pt-PT"}]}},"_links":{"self":[{"href":"https:\/\/lovme.pt\/index.php\/wp-json\/wp\/v2\/product\/45607","targetHints":{"allow":["GET"]}}],"collection":[{"href":"https:\/\/lovme.pt\/index.php\/wp-json\/wp\/v2\/product"}],"about":[{"href":"https:\/\/lovme.pt\/index.php\/wp-json\/wp\/v2\/types\/product"}],"wp:featuredmedia":[{"embeddable":true,"href":"https:\/\/lovme.pt\/index.php\/wp-json\/wp\/v2\/media\/99961"}],"wp:attachment":[{"href":"https:\/\/lovme.pt\/index.php\/wp-json\/wp\/v2\/media?parent=45607"}],"wp:term":[{"taxonomy":"product_brand","embeddable":true,"href":"https:\/\/lovme.pt\/index.php\/wp-json\/wp\/v2\/product_brand?post=45607"},{"taxonomy":"product_cat","embeddable":true,"href":"https:\/\/lovme.pt\/index.php\/wp-json\/wp\/v2\/product_cat?post=45607"},{"taxonomy":"product_tag","embeddable":true,"href":"https:\/\/lovme.pt\/index.php\/wp-json\/wp\/v2\/product_tag?post=45607"}],"curies":[{"name":"wp","href":"https:\/\/api.w.org\/{rel}","templated":true}]}}