{"id":45600,"date":"2025-10-01T02:51:38","date_gmt":"2025-10-01T02:51:38","guid":{"rendered":"https:\/\/lovme.pt\/?post_type=product&p=45600"},"modified":"2026-02-19T20:21:52","modified_gmt":"2026-02-19T20:21:52","slug":"femintimate-eve-novo-copo-menstrual-de-silicone-tamanho-m","status":"publish","type":"product","link":"https:\/\/lovme.pt\/index.php\/produto\/femintimate-eve-novo-copo-menstrual-de-silicone-tamanho-m\/","title":{"rendered":"FEMINTIMATE &#8211; EVE NOVO COPO MENSTRUAL DE SILICONE &#8211; TAMANHO M"},"content":{"rendered":"<p><strong>Eve cup<\/strong> seu copo menstrual \u00e9 inovador, confort\u00e1vel e ecol\u00f3gico. A solu\u00e7\u00e3o ideal para a sua higiene \u00edntima. Fabricado em silicone 100% Platinum, sua toler\u00e2ncia \u00e9 \u00f3tima, permitindo uso prolongado at\u00e9 12 horas.<\/p>\n<p><u><strong>POR QUE VE COPA?<\/strong><\/u><\/p>\n<p>N\u00e3o causa alergias, infec\u00e7\u00f5es f\u00fangicas ou uretrite. N\u00e3o altera negativamente o ambiente natural da vagina. Ideal para praticar esportes. Confort\u00e1vel durante o dia, \u00e0 noite ou em viagens.<\/p>\n<p><u><strong>COMO COLOCAR MEU COPO \u00c9VE?<\/strong><\/u><\/p>\n<p>Antes da primeira utiliza\u00e7\u00e3o, recomenda-se esteriliz\u00e1-lo fervendo-o em \u00e1gua durante alguns minutos ou numa solu\u00e7\u00e3o especial de esteriliza\u00e7\u00e3o. Coloque-o sempre com as m\u00e3os limpas. Recomendamos inserir o copo Eve enquanto estiver sentado, agachado, ajoelhado ou em p\u00e9. Escolha a posi\u00e7\u00e3o que for mais confort\u00e1vel para voc\u00ea e para facilitar sua inser\u00e7\u00e3o, molhe-a com \u00e1gua ou use lubrificante \u00e0 base de \u00e1gua e siga os seguintes passos. Aperte o copo na m\u00e3o, dobre-o ao meio no sentido do comprimento, insira-o obliquamente para o fundo, deixando-o preso na cavidade vaginal.<\/p>\n<p><u><strong>COMO OBTER MEU COPO VE?<\/strong><\/u><\/p>\n<p>Com as m\u00e3os limpas e na posi\u00e7\u00e3o mais confort\u00e1vel e relaxada, contraia os m\u00fasculos vaginais para fechar o copo \u00e0 entrada da vagina. Com a ajuda de um dedo, verifique se as bordas do copo est\u00e3o bem separadas da parede vaginal. Comprima a parte inferior, liberando a press\u00e3o at\u00e9 remov\u00ea-la e despeje seu conte\u00fado no vaso sanit\u00e1rio. Lave o copo com \u00e1gua quente e sab\u00e3o de pH neutro, guarde-o na bolsa inclu\u00edda<\/p>\n<p><u><strong>COMO POSSO USAR MEU COPO VE?<\/strong><\/u><\/p>\n<p>Retire e esvazie o copo a cada 12 horas no m\u00e1ximo. O punho da x\u00edcara <strong>Eve<\/strong> pode ser cortado para se ajustar ao comprimento. Permite uso prolongado de at\u00e9 12 horas sem esvazi\u00e1-lo.<\/p>\n<p>\u00a0<\/p>\n<p><u><strong>TAMANHO M:<\/strong><\/u><\/p>\n<ul>\n<li>Di\u00e2metro interno: 4,6 cm<\/li>\n<li>Altura do copo: 6,8 cm<\/li>\n<li>Capacidade: 17ml<\/li>\n<\/ul>\n<p>\u00a0<\/p>\n<p><u><strong>CARACTER\u00cdSTICAS:<\/strong><\/u><\/p>\n<ul>\n<li>Silicone 100% platina<\/li>\n<li>Dura\u00e7\u00e3o estendida at\u00e9 12 horas<\/li>\n<li>Hipoalerg\u00eanico<\/li>\n<li>Sem irrita\u00e7\u00e3o<\/li>\n<li>Ecol\u00f3gico<\/li>\n<li>F\u00e1cil aplica\u00e7\u00e3o<\/li>\n<\/ul>\n","protected":false},"excerpt":{"rendered":"<p>FEMINTIMATE &#8211; EVE NOVO COPO MENSTRUAL DE SILICONE &#8211; TAMANHO M<\/p>\n","protected":false},"featured_media":99483,"template":"","meta":{"_acf_changed":false},"product_brand":[],"product_cat":[49,74],"product_tag":[],"class_list":{"0":"post-45600","1":"product","2":"type-product","3":"status-publish","4":"has-post-thumbnail","6":"product_cat-cosmeticos","7":"product_cat-saude-menstrual","8":"yith_product_brand-femintimate","10":"first","11":"instock","12":"taxable","13":"shipping-taxable","14":"purchasable","15":"product-type-simple"},"acf":[],"yoast_head":"<!-- This site is optimized with the Yoast SEO plugin v27.4 - https:\/\/yoast.com\/product\/yoast-seo-wordpress\/ -->\n<title>FEMINTIMATE - EVE NOVO COPO MENSTRUAL DE SILICONE - TAMANHO M - Lovme<\/title>\n<meta name=\"robots\" content=\"index, follow, max-snippet:-1, max-image-preview:large, max-video-preview:-1\" \/>\n<link rel=\"canonical\" href=\"https:\/\/lovme.pt\/index.php\/produto\/femintimate-eve-novo-copo-menstrual-de-silicone-tamanho-m\/\" \/>\n<meta property=\"og:locale\" content=\"pt_PT\" \/>\n<meta property=\"og:type\" content=\"article\" \/>\n<meta property=\"og:title\" content=\"FEMINTIMATE - EVE NOVO COPO MENSTRUAL DE SILICONE - TAMANHO M - Lovme\" \/>\n<meta property=\"og:description\" content=\"FEMINTIMATE - EVE NOVO COPO MENSTRUAL DE SILICONE - TAMANHO M\" \/>\n<meta property=\"og:url\" content=\"https:\/\/lovme.pt\/index.php\/produto\/femintimate-eve-novo-copo-menstrual-de-silicone-tamanho-m\/\" \/>\n<meta property=\"og:site_name\" content=\"Lovme\" \/>\n<meta property=\"article:modified_time\" content=\"2026-02-19T20:21:52+00:00\" \/>\n<meta property=\"og:image\" content=\"https:\/\/erki24nd3ub.exactdn.com\/wp-content\/uploads\/dream\/img\/img_158760_0544de065bfa6c936b2e61f7a52caeb3_1.jpg?strip=all\" \/>\n\t<meta property=\"og:image:width\" content=\"800\" \/>\n\t<meta property=\"og:image:height\" content=\"800\" \/>\n\t<meta property=\"og:image:type\" content=\"image\/jpeg\" \/>\n<meta name=\"twitter:card\" content=\"summary_large_image\" \/>\n<meta name=\"twitter:label1\" content=\"Tempo estimado de leitura\" \/>\n\t<meta name=\"twitter:data1\" content=\"2 minutos\" \/>\n<script type=\"application\/ld+json\" class=\"yoast-schema-graph\">{\"@context\":\"https:\\\/\\\/schema.org\",\"@graph\":[{\"@type\":\"WebPage\",\"@id\":\"https:\\\/\\\/lovme.pt\\\/index.php\\\/produto\\\/femintimate-eve-novo-copo-menstrual-de-silicone-tamanho-m\\\/\",\"url\":\"https:\\\/\\\/lovme.pt\\\/index.php\\\/produto\\\/femintimate-eve-novo-copo-menstrual-de-silicone-tamanho-m\\\/\",\"name\":\"FEMINTIMATE - EVE NOVO COPO MENSTRUAL DE SILICONE - TAMANHO M - Lovme\",\"isPartOf\":{\"@id\":\"https:\\\/\\\/lovme.pt\\\/#website\"},\"primaryImageOfPage\":{\"@id\":\"https:\\\/\\\/lovme.pt\\\/index.php\\\/produto\\\/femintimate-eve-novo-copo-menstrual-de-silicone-tamanho-m\\\/#primaryimage\"},\"image\":{\"@id\":\"https:\\\/\\\/lovme.pt\\\/index.php\\\/produto\\\/femintimate-eve-novo-copo-menstrual-de-silicone-tamanho-m\\\/#primaryimage\"},\"thumbnailUrl\":\"https:\\\/\\\/erki24nd3ub.exactdn.com\\\/wp-content\\\/uploads\\\/dream\\\/img\\\/img_158760_0544de065bfa6c936b2e61f7a52caeb3_1.jpg?strip=all\",\"datePublished\":\"2025-10-01T02:51:38+00:00\",\"dateModified\":\"2026-02-19T20:21:52+00:00\",\"breadcrumb\":{\"@id\":\"https:\\\/\\\/lovme.pt\\\/index.php\\\/produto\\\/femintimate-eve-novo-copo-menstrual-de-silicone-tamanho-m\\\/#breadcrumb\"},\"inLanguage\":\"pt-PT\",\"potentialAction\":[{\"@type\":\"ReadAction\",\"target\":[\"https:\\\/\\\/lovme.pt\\\/index.php\\\/produto\\\/femintimate-eve-novo-copo-menstrual-de-silicone-tamanho-m\\\/\"]}]},{\"@type\":\"ImageObject\",\"inLanguage\":\"pt-PT\",\"@id\":\"https:\\\/\\\/lovme.pt\\\/index.php\\\/produto\\\/femintimate-eve-novo-copo-menstrual-de-silicone-tamanho-m\\\/#primaryimage\",\"url\":\"https:\\\/\\\/erki24nd3ub.exactdn.com\\\/wp-content\\\/uploads\\\/dream\\\/img\\\/img_158760_0544de065bfa6c936b2e61f7a52caeb3_1.jpg?strip=all\",\"contentUrl\":\"https:\\\/\\\/erki24nd3ub.exactdn.com\\\/wp-content\\\/uploads\\\/dream\\\/img\\\/img_158760_0544de065bfa6c936b2e61f7a52caeb3_1.jpg?strip=all\",\"width\":800,\"height\":800},{\"@type\":\"BreadcrumbList\",\"@id\":\"https:\\\/\\\/lovme.pt\\\/index.php\\\/produto\\\/femintimate-eve-novo-copo-menstrual-de-silicone-tamanho-m\\\/#breadcrumb\",\"itemListElement\":[{\"@type\":\"ListItem\",\"position\":1,\"name\":\"In\u00edcio\",\"item\":\"https:\\\/\\\/lovme.pt\\\/\"},{\"@type\":\"ListItem\",\"position\":2,\"name\":\"Loja\",\"item\":\"https:\\\/\\\/lovme.pt\\\/index.php\\\/loja\\\/\"},{\"@type\":\"ListItem\",\"position\":3,\"name\":\"FEMINTIMATE &#8211; EVE NOVO COPO MENSTRUAL DE SILICONE &#8211; TAMANHO M\"}]},{\"@type\":\"WebSite\",\"@id\":\"https:\\\/\\\/lovme.pt\\\/#website\",\"url\":\"https:\\\/\\\/lovme.pt\\\/\",\"name\":\"Lovme Loja Er\u00f3tica N\u00ba1 em Portugal\",\"description\":\"A melhor loja er\u00f3tica de Portugal.\",\"alternateName\":\"Loja Er\u00f3tica Lovme\",\"potentialAction\":[{\"@type\":\"SearchAction\",\"target\":{\"@type\":\"EntryPoint\",\"urlTemplate\":\"https:\\\/\\\/lovme.pt\\\/?s={search_term_string}\"},\"query-input\":{\"@type\":\"PropertyValueSpecification\",\"valueRequired\":true,\"valueName\":\"search_term_string\"}}],\"inLanguage\":\"pt-PT\"}]}<\/script>\n<!-- \/ Yoast SEO plugin. -->","yoast_head_json":{"title":"FEMINTIMATE - EVE NOVO COPO MENSTRUAL DE SILICONE - TAMANHO M - Lovme","robots":{"index":"index","follow":"follow","max-snippet":"max-snippet:-1","max-image-preview":"max-image-preview:large","max-video-preview":"max-video-preview:-1"},"canonical":"https:\/\/lovme.pt\/index.php\/produto\/femintimate-eve-novo-copo-menstrual-de-silicone-tamanho-m\/","og_locale":"pt_PT","og_type":"article","og_title":"FEMINTIMATE - EVE NOVO COPO MENSTRUAL DE SILICONE - TAMANHO M - Lovme","og_description":"FEMINTIMATE - EVE NOVO COPO MENSTRUAL DE SILICONE - TAMANHO M","og_url":"https:\/\/lovme.pt\/index.php\/produto\/femintimate-eve-novo-copo-menstrual-de-silicone-tamanho-m\/","og_site_name":"Lovme","article_modified_time":"2026-02-19T20:21:52+00:00","og_image":[{"width":800,"height":800,"url":"https:\/\/erki24nd3ub.exactdn.com\/wp-content\/uploads\/dream\/img\/img_158760_0544de065bfa6c936b2e61f7a52caeb3_1.jpg?strip=all","type":"image\/jpeg"}],"twitter_card":"summary_large_image","twitter_misc":{"Tempo estimado de leitura":"2 minutos"},"schema":{"@context":"https:\/\/schema.org","@graph":[{"@type":"WebPage","@id":"https:\/\/lovme.pt\/index.php\/produto\/femintimate-eve-novo-copo-menstrual-de-silicone-tamanho-m\/","url":"https:\/\/lovme.pt\/index.php\/produto\/femintimate-eve-novo-copo-menstrual-de-silicone-tamanho-m\/","name":"FEMINTIMATE - EVE NOVO COPO MENSTRUAL DE SILICONE - TAMANHO M - Lovme","isPartOf":{"@id":"https:\/\/lovme.pt\/#website"},"primaryImageOfPage":{"@id":"https:\/\/lovme.pt\/index.php\/produto\/femintimate-eve-novo-copo-menstrual-de-silicone-tamanho-m\/#primaryimage"},"image":{"@id":"https:\/\/lovme.pt\/index.php\/produto\/femintimate-eve-novo-copo-menstrual-de-silicone-tamanho-m\/#primaryimage"},"thumbnailUrl":"https:\/\/erki24nd3ub.exactdn.com\/wp-content\/uploads\/dream\/img\/img_158760_0544de065bfa6c936b2e61f7a52caeb3_1.jpg?strip=all","datePublished":"2025-10-01T02:51:38+00:00","dateModified":"2026-02-19T20:21:52+00:00","breadcrumb":{"@id":"https:\/\/lovme.pt\/index.php\/produto\/femintimate-eve-novo-copo-menstrual-de-silicone-tamanho-m\/#breadcrumb"},"inLanguage":"pt-PT","potentialAction":[{"@type":"ReadAction","target":["https:\/\/lovme.pt\/index.php\/produto\/femintimate-eve-novo-copo-menstrual-de-silicone-tamanho-m\/"]}]},{"@type":"ImageObject","inLanguage":"pt-PT","@id":"https:\/\/lovme.pt\/index.php\/produto\/femintimate-eve-novo-copo-menstrual-de-silicone-tamanho-m\/#primaryimage","url":"https:\/\/erki24nd3ub.exactdn.com\/wp-content\/uploads\/dream\/img\/img_158760_0544de065bfa6c936b2e61f7a52caeb3_1.jpg?strip=all","contentUrl":"https:\/\/erki24nd3ub.exactdn.com\/wp-content\/uploads\/dream\/img\/img_158760_0544de065bfa6c936b2e61f7a52caeb3_1.jpg?strip=all","width":800,"height":800},{"@type":"BreadcrumbList","@id":"https:\/\/lovme.pt\/index.php\/produto\/femintimate-eve-novo-copo-menstrual-de-silicone-tamanho-m\/#breadcrumb","itemListElement":[{"@type":"ListItem","position":1,"name":"In\u00edcio","item":"https:\/\/lovme.pt\/"},{"@type":"ListItem","position":2,"name":"Loja","item":"https:\/\/lovme.pt\/index.php\/loja\/"},{"@type":"ListItem","position":3,"name":"FEMINTIMATE &#8211; EVE NOVO COPO MENSTRUAL DE SILICONE &#8211; TAMANHO M"}]},{"@type":"WebSite","@id":"https:\/\/lovme.pt\/#website","url":"https:\/\/lovme.pt\/","name":"Lovme Loja Er\u00f3tica N\u00ba1 em Portugal","description":"A melhor loja er\u00f3tica de Portugal.","alternateName":"Loja Er\u00f3tica Lovme","potentialAction":[{"@type":"SearchAction","target":{"@type":"EntryPoint","urlTemplate":"https:\/\/lovme.pt\/?s={search_term_string}"},"query-input":{"@type":"PropertyValueSpecification","valueRequired":true,"valueName":"search_term_string"}}],"inLanguage":"pt-PT"}]}},"_links":{"self":[{"href":"https:\/\/lovme.pt\/index.php\/wp-json\/wp\/v2\/product\/45600","targetHints":{"allow":["GET"]}}],"collection":[{"href":"https:\/\/lovme.pt\/index.php\/wp-json\/wp\/v2\/product"}],"about":[{"href":"https:\/\/lovme.pt\/index.php\/wp-json\/wp\/v2\/types\/product"}],"wp:featuredmedia":[{"embeddable":true,"href":"https:\/\/lovme.pt\/index.php\/wp-json\/wp\/v2\/media\/99483"}],"wp:attachment":[{"href":"https:\/\/lovme.pt\/index.php\/wp-json\/wp\/v2\/media?parent=45600"}],"wp:term":[{"taxonomy":"product_brand","embeddable":true,"href":"https:\/\/lovme.pt\/index.php\/wp-json\/wp\/v2\/product_brand?post=45600"},{"taxonomy":"product_cat","embeddable":true,"href":"https:\/\/lovme.pt\/index.php\/wp-json\/wp\/v2\/product_cat?post=45600"},{"taxonomy":"product_tag","embeddable":true,"href":"https:\/\/lovme.pt\/index.php\/wp-json\/wp\/v2\/product_tag?post=45600"}],"curies":[{"name":"wp","href":"https:\/\/api.w.org\/{rel}","templated":true}]}}