{"id":45572,"date":"2025-10-01T03:14:28","date_gmt":"2025-10-01T03:14:28","guid":{"rendered":"https:\/\/lovme.pt\/?post_type=product&p=45572"},"modified":"2026-02-19T20:22:43","modified_gmt":"2026-02-19T20:22:43","slug":"adrien-lastic-bandagem-reversivel-rosa-preta-cetim","status":"publish","type":"product","link":"https:\/\/lovme.pt\/index.php\/produto\/adrien-lastic-bandagem-reversivel-rosa-preta-cetim\/","title":{"rendered":"ADRIEN LASTIC &#8211; BANDAGEM REVERS\u00cdVEL ROSA\/PRETA CETIM"},"content":{"rendered":"<p><u><strong>DESCUBRA A FAIXA DE CETIM<\/strong><\/u><\/p>\n<p>Liberte a sua imagina\u00e7\u00e3o e invente novas formas de ser \u00edntimo com a faixa de cetim Adrien Lastics.<\/p>\n<p>Perfeita para casais com um lado selvagem ou para quem quer explorar e liberar sua fera sexual escondida, a faixa de cetim \u00e9 vers\u00e1til para uma noite er\u00f3tica de ser emaranhado, torcido e amarrado ou surpreendido.<\/p>\n<p>Venda os olhos do seu amante rude e provoque cada cent\u00edmetro de seu corpo nu, passando as pontas dos dedos sobre sua pele, for\u00e7ando milhares de pequenos incha\u00e7os redondos a aparecerem em seus bra\u00e7os e pernas. pernas.<\/p>\n<p>Fa\u00e7a c\u00f3cegas em seu amante com a ponta tentadora de uma pena macia, enviando uma onda inebriante de c\u00f3cegas at\u00e9 os dedos dos p\u00e9s. Aumente seus sentidos e observe-a se contorcer de prazer enquanto seus l\u00e1bios pressionam sua pele, antecipando ansiosamente seu pr\u00f3ximo movimento.<\/p>\n<p>Segure lentamente os pulsos do seu parceiro, confiando-os um no outro. ou para a cabeceira da cama para brincadeiras \u00e9picas e org\u00e1sticas. Junte-se tamb\u00e9m aos tornozelos de seus amantes para viver uma aventura BDSM muito quente. Voc\u00ea est\u00e1 emparelhado com uma pessoa que geme? Al\u00e9m da venda e das restri\u00e7\u00f5es de pulso e tornozelo, esta fita vers\u00e1til tamb\u00e9m pode ser usada como morda\u00e7a ou focinheira.<\/p>\n<p>Feita de um material macio e sedoso, esta faixa elegante e dur\u00e1vel \u00e9 bem costurada e possui um tecido acetinado com toque aveludado. Segura e macia ao toque, a cinta de cetim Adrien Lastics \u00e9 suave para as peles mais sens\u00edveis. Adicionando um toque de eleg\u00e2ncia, este cinto de bondage multiuso para brincadeiras alucinantes apresenta rosa brilhante e preto profundo.<\/p>\n<p>Para uma experi\u00eancia mais ampla e emocionante, combine este estimulante cinto de cetim com a m\u00e1scara de lingerie Adrien Lastics, completando assim a experi\u00eancia. sua roupa BDSM.<\/p>\n<div>\n<p><u><strong>COMO US\u00c1-LO?<\/strong><\/u><\/p>\n<p>A fita <strong>Satin Sash<\/strong> pode ser usada para:<\/p>\n<ul>\n<li>Venda os olhos de seu amante ou parceiro.<\/li>\n<li>Amarre os pulsos e\/ou tornozelos do seu parceiro ou amarre-os na grade da cama.<\/li>\n<li>Use a fita de cetim como morda\u00e7a na boca.<\/li>\n<\/ul>\n<p>\u00a0<\/p>\n<p><u><strong>CARACTER\u00cdSTICAS<\/strong><\/u><\/p>\n<ul>\n<li>\u00c9 muito resistente.<\/li>\n<li>Tem muitos usos no mundo er\u00f3tico.<\/li>\n<li>Toque suave.<\/li>\n<li>Material: Cetim.<\/li>\n<li><u>Dimens\u00f5es<\/u> : Comprimento 135 cm \/\/ Di\u00e2metro 6,5 cm<\/li>\n<\/ul>\n<p>\u00a0<\/p>\n<p><u><strong>CONTE\u00daDO DA CAIXA<\/strong><\/u><\/p>\n<ul>\n<li>CETIM<\/li>\n<li>Bolsa de cetim.<\/li>\n<\/ul>\n<\/div>\n","protected":false},"excerpt":{"rendered":"<p>ADRIEN LASTIC &#8211; BANDAGEM REVERS\u00cdVEL ROSA\/PRETA CETIM<\/p>\n","protected":false},"featured_media":102227,"template":"","meta":{"_acf_changed":false},"product_brand":[],"product_cat":[48],"product_tag":[],"class_list":{"0":"post-45572","1":"product","2":"type-product","3":"status-publish","4":"has-post-thumbnail","6":"product_cat-bdsm","7":"yith_product_brand-adrien-lastic","9":"first","10":"instock","11":"taxable","12":"shipping-taxable","13":"purchasable","14":"product-type-simple"},"acf":[],"yoast_head":"<!-- This site is optimized with the Yoast SEO plugin v27.4 - https:\/\/yoast.com\/product\/yoast-seo-wordpress\/ -->\n<title>ADRIEN LASTIC - BANDAGEM REVERS\u00cdVEL ROSA\/PRETA CETIM - Lovme<\/title>\n<meta name=\"robots\" content=\"index, follow, max-snippet:-1, max-image-preview:large, max-video-preview:-1\" \/>\n<link rel=\"canonical\" href=\"https:\/\/lovme.pt\/index.php\/produto\/adrien-lastic-bandagem-reversivel-rosa-preta-cetim\/\" \/>\n<meta property=\"og:locale\" content=\"pt_PT\" \/>\n<meta property=\"og:type\" content=\"article\" \/>\n<meta property=\"og:title\" content=\"ADRIEN LASTIC - BANDAGEM REVERS\u00cdVEL ROSA\/PRETA CETIM - Lovme\" \/>\n<meta property=\"og:description\" content=\"ADRIEN LASTIC - BANDAGEM REVERS\u00cdVEL ROSA\/PRETA CETIM\" \/>\n<meta property=\"og:url\" content=\"https:\/\/lovme.pt\/index.php\/produto\/adrien-lastic-bandagem-reversivel-rosa-preta-cetim\/\" \/>\n<meta property=\"og:site_name\" content=\"Lovme\" \/>\n<meta property=\"article:modified_time\" content=\"2026-02-19T20:22:43+00:00\" \/>\n<meta property=\"og:image\" content=\"https:\/\/erki24nd3ub.exactdn.com\/wp-content\/uploads\/dream\/img\/img_158526_d052514aa523bff60ec51311c926d4c8_1.jpg?strip=all\" \/>\n\t<meta property=\"og:image:width\" content=\"800\" \/>\n\t<meta property=\"og:image:height\" content=\"800\" \/>\n\t<meta property=\"og:image:type\" content=\"image\/jpeg\" \/>\n<meta name=\"twitter:card\" content=\"summary_large_image\" \/>\n<meta name=\"twitter:label1\" content=\"Tempo estimado de leitura\" \/>\n\t<meta name=\"twitter:data1\" content=\"2 minutos\" \/>\n<script type=\"application\/ld+json\" class=\"yoast-schema-graph\">{\"@context\":\"https:\\\/\\\/schema.org\",\"@graph\":[{\"@type\":\"WebPage\",\"@id\":\"https:\\\/\\\/lovme.pt\\\/index.php\\\/produto\\\/adrien-lastic-bandagem-reversivel-rosa-preta-cetim\\\/\",\"url\":\"https:\\\/\\\/lovme.pt\\\/index.php\\\/produto\\\/adrien-lastic-bandagem-reversivel-rosa-preta-cetim\\\/\",\"name\":\"ADRIEN LASTIC - BANDAGEM REVERS\u00cdVEL ROSA\\\/PRETA CETIM - Lovme\",\"isPartOf\":{\"@id\":\"https:\\\/\\\/lovme.pt\\\/#website\"},\"primaryImageOfPage\":{\"@id\":\"https:\\\/\\\/lovme.pt\\\/index.php\\\/produto\\\/adrien-lastic-bandagem-reversivel-rosa-preta-cetim\\\/#primaryimage\"},\"image\":{\"@id\":\"https:\\\/\\\/lovme.pt\\\/index.php\\\/produto\\\/adrien-lastic-bandagem-reversivel-rosa-preta-cetim\\\/#primaryimage\"},\"thumbnailUrl\":\"https:\\\/\\\/erki24nd3ub.exactdn.com\\\/wp-content\\\/uploads\\\/dream\\\/img\\\/img_158526_d052514aa523bff60ec51311c926d4c8_1.jpg?strip=all\",\"datePublished\":\"2025-10-01T03:14:28+00:00\",\"dateModified\":\"2026-02-19T20:22:43+00:00\",\"breadcrumb\":{\"@id\":\"https:\\\/\\\/lovme.pt\\\/index.php\\\/produto\\\/adrien-lastic-bandagem-reversivel-rosa-preta-cetim\\\/#breadcrumb\"},\"inLanguage\":\"pt-PT\",\"potentialAction\":[{\"@type\":\"ReadAction\",\"target\":[\"https:\\\/\\\/lovme.pt\\\/index.php\\\/produto\\\/adrien-lastic-bandagem-reversivel-rosa-preta-cetim\\\/\"]}]},{\"@type\":\"ImageObject\",\"inLanguage\":\"pt-PT\",\"@id\":\"https:\\\/\\\/lovme.pt\\\/index.php\\\/produto\\\/adrien-lastic-bandagem-reversivel-rosa-preta-cetim\\\/#primaryimage\",\"url\":\"https:\\\/\\\/erki24nd3ub.exactdn.com\\\/wp-content\\\/uploads\\\/dream\\\/img\\\/img_158526_d052514aa523bff60ec51311c926d4c8_1.jpg?strip=all\",\"contentUrl\":\"https:\\\/\\\/erki24nd3ub.exactdn.com\\\/wp-content\\\/uploads\\\/dream\\\/img\\\/img_158526_d052514aa523bff60ec51311c926d4c8_1.jpg?strip=all\",\"width\":800,\"height\":800},{\"@type\":\"BreadcrumbList\",\"@id\":\"https:\\\/\\\/lovme.pt\\\/index.php\\\/produto\\\/adrien-lastic-bandagem-reversivel-rosa-preta-cetim\\\/#breadcrumb\",\"itemListElement\":[{\"@type\":\"ListItem\",\"position\":1,\"name\":\"In\u00edcio\",\"item\":\"https:\\\/\\\/lovme.pt\\\/\"},{\"@type\":\"ListItem\",\"position\":2,\"name\":\"Loja\",\"item\":\"https:\\\/\\\/lovme.pt\\\/index.php\\\/loja\\\/\"},{\"@type\":\"ListItem\",\"position\":3,\"name\":\"ADRIEN LASTIC &#8211; BANDAGEM REVERS\u00cdVEL ROSA\\\/PRETA CETIM\"}]},{\"@type\":\"WebSite\",\"@id\":\"https:\\\/\\\/lovme.pt\\\/#website\",\"url\":\"https:\\\/\\\/lovme.pt\\\/\",\"name\":\"Lovme Loja Er\u00f3tica N\u00ba1 em Portugal\",\"description\":\"A melhor loja er\u00f3tica de Portugal.\",\"alternateName\":\"Loja Er\u00f3tica Lovme\",\"potentialAction\":[{\"@type\":\"SearchAction\",\"target\":{\"@type\":\"EntryPoint\",\"urlTemplate\":\"https:\\\/\\\/lovme.pt\\\/?s={search_term_string}\"},\"query-input\":{\"@type\":\"PropertyValueSpecification\",\"valueRequired\":true,\"valueName\":\"search_term_string\"}}],\"inLanguage\":\"pt-PT\"}]}<\/script>\n<!-- \/ Yoast SEO plugin. -->","yoast_head_json":{"title":"ADRIEN LASTIC - BANDAGEM REVERS\u00cdVEL ROSA\/PRETA CETIM - Lovme","robots":{"index":"index","follow":"follow","max-snippet":"max-snippet:-1","max-image-preview":"max-image-preview:large","max-video-preview":"max-video-preview:-1"},"canonical":"https:\/\/lovme.pt\/index.php\/produto\/adrien-lastic-bandagem-reversivel-rosa-preta-cetim\/","og_locale":"pt_PT","og_type":"article","og_title":"ADRIEN LASTIC - BANDAGEM REVERS\u00cdVEL ROSA\/PRETA CETIM - Lovme","og_description":"ADRIEN LASTIC - BANDAGEM REVERS\u00cdVEL ROSA\/PRETA CETIM","og_url":"https:\/\/lovme.pt\/index.php\/produto\/adrien-lastic-bandagem-reversivel-rosa-preta-cetim\/","og_site_name":"Lovme","article_modified_time":"2026-02-19T20:22:43+00:00","og_image":[{"width":800,"height":800,"url":"https:\/\/erki24nd3ub.exactdn.com\/wp-content\/uploads\/dream\/img\/img_158526_d052514aa523bff60ec51311c926d4c8_1.jpg?strip=all","type":"image\/jpeg"}],"twitter_card":"summary_large_image","twitter_misc":{"Tempo estimado de leitura":"2 minutos"},"schema":{"@context":"https:\/\/schema.org","@graph":[{"@type":"WebPage","@id":"https:\/\/lovme.pt\/index.php\/produto\/adrien-lastic-bandagem-reversivel-rosa-preta-cetim\/","url":"https:\/\/lovme.pt\/index.php\/produto\/adrien-lastic-bandagem-reversivel-rosa-preta-cetim\/","name":"ADRIEN LASTIC - BANDAGEM REVERS\u00cdVEL ROSA\/PRETA CETIM - Lovme","isPartOf":{"@id":"https:\/\/lovme.pt\/#website"},"primaryImageOfPage":{"@id":"https:\/\/lovme.pt\/index.php\/produto\/adrien-lastic-bandagem-reversivel-rosa-preta-cetim\/#primaryimage"},"image":{"@id":"https:\/\/lovme.pt\/index.php\/produto\/adrien-lastic-bandagem-reversivel-rosa-preta-cetim\/#primaryimage"},"thumbnailUrl":"https:\/\/erki24nd3ub.exactdn.com\/wp-content\/uploads\/dream\/img\/img_158526_d052514aa523bff60ec51311c926d4c8_1.jpg?strip=all","datePublished":"2025-10-01T03:14:28+00:00","dateModified":"2026-02-19T20:22:43+00:00","breadcrumb":{"@id":"https:\/\/lovme.pt\/index.php\/produto\/adrien-lastic-bandagem-reversivel-rosa-preta-cetim\/#breadcrumb"},"inLanguage":"pt-PT","potentialAction":[{"@type":"ReadAction","target":["https:\/\/lovme.pt\/index.php\/produto\/adrien-lastic-bandagem-reversivel-rosa-preta-cetim\/"]}]},{"@type":"ImageObject","inLanguage":"pt-PT","@id":"https:\/\/lovme.pt\/index.php\/produto\/adrien-lastic-bandagem-reversivel-rosa-preta-cetim\/#primaryimage","url":"https:\/\/erki24nd3ub.exactdn.com\/wp-content\/uploads\/dream\/img\/img_158526_d052514aa523bff60ec51311c926d4c8_1.jpg?strip=all","contentUrl":"https:\/\/erki24nd3ub.exactdn.com\/wp-content\/uploads\/dream\/img\/img_158526_d052514aa523bff60ec51311c926d4c8_1.jpg?strip=all","width":800,"height":800},{"@type":"BreadcrumbList","@id":"https:\/\/lovme.pt\/index.php\/produto\/adrien-lastic-bandagem-reversivel-rosa-preta-cetim\/#breadcrumb","itemListElement":[{"@type":"ListItem","position":1,"name":"In\u00edcio","item":"https:\/\/lovme.pt\/"},{"@type":"ListItem","position":2,"name":"Loja","item":"https:\/\/lovme.pt\/index.php\/loja\/"},{"@type":"ListItem","position":3,"name":"ADRIEN LASTIC &#8211; BANDAGEM REVERS\u00cdVEL ROSA\/PRETA CETIM"}]},{"@type":"WebSite","@id":"https:\/\/lovme.pt\/#website","url":"https:\/\/lovme.pt\/","name":"Lovme Loja Er\u00f3tica N\u00ba1 em Portugal","description":"A melhor loja er\u00f3tica de Portugal.","alternateName":"Loja Er\u00f3tica Lovme","potentialAction":[{"@type":"SearchAction","target":{"@type":"EntryPoint","urlTemplate":"https:\/\/lovme.pt\/?s={search_term_string}"},"query-input":{"@type":"PropertyValueSpecification","valueRequired":true,"valueName":"search_term_string"}}],"inLanguage":"pt-PT"}]}},"_links":{"self":[{"href":"https:\/\/lovme.pt\/index.php\/wp-json\/wp\/v2\/product\/45572","targetHints":{"allow":["GET"]}}],"collection":[{"href":"https:\/\/lovme.pt\/index.php\/wp-json\/wp\/v2\/product"}],"about":[{"href":"https:\/\/lovme.pt\/index.php\/wp-json\/wp\/v2\/types\/product"}],"wp:featuredmedia":[{"embeddable":true,"href":"https:\/\/lovme.pt\/index.php\/wp-json\/wp\/v2\/media\/102227"}],"wp:attachment":[{"href":"https:\/\/lovme.pt\/index.php\/wp-json\/wp\/v2\/media?parent=45572"}],"wp:term":[{"taxonomy":"product_brand","embeddable":true,"href":"https:\/\/lovme.pt\/index.php\/wp-json\/wp\/v2\/product_brand?post=45572"},{"taxonomy":"product_cat","embeddable":true,"href":"https:\/\/lovme.pt\/index.php\/wp-json\/wp\/v2\/product_cat?post=45572"},{"taxonomy":"product_tag","embeddable":true,"href":"https:\/\/lovme.pt\/index.php\/wp-json\/wp\/v2\/product_tag?post=45572"}],"curies":[{"name":"wp","href":"https:\/\/api.w.org\/{rel}","templated":true}]}}