{"id":45565,"date":"2025-10-01T02:56:15","date_gmt":"2025-10-01T02:56:15","guid":{"rendered":"https:\/\/lovme.pt\/?post_type=product&p=45565"},"modified":"2026-04-02T11:56:15","modified_gmt":"2026-04-02T11:56:15","slug":"adrien-lastic-devol-cockring-anel-vibrador-vermelho","status":"publish","type":"product","link":"https:\/\/lovme.pt\/index.php\/produto\/adrien-lastic-devol-cockring-anel-vibrador-vermelho\/","title":{"rendered":"ADRIEN LASTIC &#8211; DEVOL COCKRING ANEL VIBRADOR VERMELHO"},"content":{"rendered":"<p><u><strong>DESCUBRA DEVOL COCKRING<\/strong><\/u><\/p>\n<p><strong>Devol Cockring<\/strong> \u00e9 um anel vibrat\u00f3rio perfeito para casais gra\u00e7as \u00e0 sua l\u00edngua habilidosa e flex\u00edvel, ao estimulador texturizado que cont\u00e9m e ao anel duplo. Perfeito para um trio.<\/p>\n<p><u>Casais:<\/u><br \/>Combinando an\u00e9is penianos e estimula\u00e7\u00e3o do clit\u00f3ris, este talentoso anel de bala faz com que voc\u00ea goste de compartilhar essa experi\u00eancia incr\u00edvel com seu parceiro. A ponta estilizada em forma de l\u00edngua curva-se elegantemente em dire\u00e7\u00e3o ao clit\u00f3ris para proporcionar maior estimula\u00e7\u00e3o e orgasmos mais intensos.<\/p>\n<p><u>Para ela:<\/u><br \/>Ondulando sobre o centro do corpo macio e texturizado, o BulletLastic Ring apresenta pequenas protuber\u00e2ncias redondas projetadas para satisfazer, perfeitamente posicionadas sob o estimulador clitoriano em forma de l\u00edngua.<\/p>\n<p><u>Para ele:<\/u><br \/>Projetados para uma estimula\u00e7\u00e3o mais duradoura e adicionando mais fervor, os an\u00e9is penianos de dupla a\u00e7\u00e3o levantam suavemente seu membro, melhorando sua ere\u00e7\u00e3o ao travarem firmemente no lugar e oferecerem suporte suave. ;lide para sua base.<\/p>\n<div>\n<p><u><strong>COMO US\u00c1-LO?<\/strong><\/u><\/p>\n<p>Para desfrutar deste par de an\u00e9is incr\u00edvel e chocante, basta usar as faixas flex\u00edveis e desliz\u00e1-lo sobre a ponta. Com o anel ainda expandido, deslize-o suavemente at\u00e9 a base do p\u00eanis e ajuste conforme necess\u00e1rio para maior conforto.<\/p>\n<p>Aumente instantaneamente a satisfa\u00e7\u00e3o com um simples clique. Pressione os bot\u00f5es duplos, habilmente colocados em cada lado do anel para ativar uma intensa onda de pulsa\u00e7\u00f5es para uma experi\u00eancia er\u00f3tica extrema.<\/p>\n<p>Colocado no centro deste anel criativo e vers\u00e1til est\u00e1 o motor \u00fanico e potente. A bala vibrat\u00f3ria remov\u00edvel tem for\u00e7a suficiente para estimular totalmente o seu membro enquanto acaricia o pequeno ponto sens\u00edvel dele, produzindo orgasmos m\u00faltiplos para os casais. Como cortesia, o pequeno mas potente motor sussurra sutilmente em seu ambiente silencioso.<\/p>\n<p>\u00a0<\/p>\n<p><u><strong>CARACTER\u00cdSTICAS<\/strong><\/u><\/p>\n<ul>\n<li>1 motor com 10 intensidades de vibra\u00e7\u00e3o silenciosas.<\/li>\n<li>Mini bala vibrat\u00f3ria remov\u00edvel com 3 intensidades diferentes para estimular a \u00e1rea que voc\u00ea mais gosta.<\/li>\n<li>Estimula\u00e7\u00e3o do clit\u00f3ris e do p\u00eanis.<\/li>\n<li>Material 100% silicone.<\/li>\n<li><u>Dimens\u00f5es<\/u> : Comprimento 11 cm \/\/ Di\u00e2metro 3,2 cm<\/li>\n<\/ul>\n<p>\u00a0<\/p>\n<p><u><strong>CONTE\u00daDO DA CAIXA<\/strong><\/u><\/p>\n<ul>\n<li>Anel Peniano Devol<\/li>\n<li>Bolsa de cetim<\/li>\n<li>Cart\u00e3o de garantia<\/li>\n<li>Manual de instru\u00e7\u00f5es<\/li>\n<\/ul>\n<\/div>\n","protected":false},"excerpt":{"rendered":"<p>ADRIEN LASTIC &#8211; DEVOL COCKRING ANEL VIBRADOR VERMELHO<\/p>\n","protected":false},"featured_media":100250,"template":"","meta":{"_acf_changed":false},"product_brand":[],"product_cat":[17,60],"product_tag":[],"class_list":{"0":"post-45565","1":"product","2":"type-product","3":"status-publish","4":"has-post-thumbnail","6":"product_cat-brinquedos-de-bem-estar-sexual","7":"product_cat-para-eles","8":"yith_product_brand-adrien-lastic","10":"first","11":"instock","12":"taxable","13":"shipping-taxable","14":"purchasable","15":"product-type-simple"},"acf":[],"yoast_head":"<!-- This site is optimized with the Yoast SEO plugin v27.3 - https:\/\/yoast.com\/product\/yoast-seo-wordpress\/ -->\n<title>ADRIEN LASTIC - DEVOL COCKRING ANEL VIBRADOR VERMELHO - Lovme<\/title>\n<meta name=\"robots\" content=\"index, follow, max-snippet:-1, max-image-preview:large, max-video-preview:-1\" \/>\n<link rel=\"canonical\" href=\"https:\/\/lovme.pt\/index.php\/produto\/adrien-lastic-devol-cockring-anel-vibrador-vermelho\/\" \/>\n<meta property=\"og:locale\" content=\"pt_PT\" \/>\n<meta property=\"og:type\" content=\"article\" \/>\n<meta property=\"og:title\" content=\"ADRIEN LASTIC - DEVOL COCKRING ANEL VIBRADOR VERMELHO - Lovme\" \/>\n<meta property=\"og:description\" content=\"ADRIEN LASTIC - DEVOL COCKRING ANEL VIBRADOR VERMELHO\" \/>\n<meta property=\"og:url\" content=\"https:\/\/lovme.pt\/index.php\/produto\/adrien-lastic-devol-cockring-anel-vibrador-vermelho\/\" \/>\n<meta property=\"og:site_name\" content=\"Lovme\" \/>\n<meta property=\"article:modified_time\" content=\"2026-04-02T11:56:15+00:00\" \/>\n<meta property=\"og:image\" content=\"https:\/\/erki24nd3ub.exactdn.com\/wp-content\/uploads\/dream\/img\/img_158492_1b5a4e1e78576b92f1c7b89d781f863b_1.jpg?strip=all\" \/>\n\t<meta property=\"og:image:width\" content=\"800\" \/>\n\t<meta property=\"og:image:height\" content=\"800\" \/>\n\t<meta property=\"og:image:type\" content=\"image\/jpeg\" \/>\n<meta name=\"twitter:card\" content=\"summary_large_image\" \/>\n<meta name=\"twitter:label1\" content=\"Tempo estimado de leitura\" \/>\n\t<meta name=\"twitter:data1\" content=\"2 minutos\" \/>\n<script type=\"application\/ld+json\" class=\"yoast-schema-graph\">{\"@context\":\"https:\\\/\\\/schema.org\",\"@graph\":[{\"@type\":\"WebPage\",\"@id\":\"https:\\\/\\\/lovme.pt\\\/index.php\\\/produto\\\/adrien-lastic-devol-cockring-anel-vibrador-vermelho\\\/\",\"url\":\"https:\\\/\\\/lovme.pt\\\/index.php\\\/produto\\\/adrien-lastic-devol-cockring-anel-vibrador-vermelho\\\/\",\"name\":\"ADRIEN LASTIC - DEVOL COCKRING ANEL VIBRADOR VERMELHO - Lovme\",\"isPartOf\":{\"@id\":\"https:\\\/\\\/lovme.pt\\\/#website\"},\"primaryImageOfPage\":{\"@id\":\"https:\\\/\\\/lovme.pt\\\/index.php\\\/produto\\\/adrien-lastic-devol-cockring-anel-vibrador-vermelho\\\/#primaryimage\"},\"image\":{\"@id\":\"https:\\\/\\\/lovme.pt\\\/index.php\\\/produto\\\/adrien-lastic-devol-cockring-anel-vibrador-vermelho\\\/#primaryimage\"},\"thumbnailUrl\":\"https:\\\/\\\/erki24nd3ub.exactdn.com\\\/wp-content\\\/uploads\\\/dream\\\/img\\\/img_158492_1b5a4e1e78576b92f1c7b89d781f863b_1.jpg?strip=all\",\"datePublished\":\"2025-10-01T02:56:15+00:00\",\"dateModified\":\"2026-04-02T11:56:15+00:00\",\"breadcrumb\":{\"@id\":\"https:\\\/\\\/lovme.pt\\\/index.php\\\/produto\\\/adrien-lastic-devol-cockring-anel-vibrador-vermelho\\\/#breadcrumb\"},\"inLanguage\":\"pt-PT\",\"potentialAction\":[{\"@type\":\"ReadAction\",\"target\":[\"https:\\\/\\\/lovme.pt\\\/index.php\\\/produto\\\/adrien-lastic-devol-cockring-anel-vibrador-vermelho\\\/\"]}]},{\"@type\":\"ImageObject\",\"inLanguage\":\"pt-PT\",\"@id\":\"https:\\\/\\\/lovme.pt\\\/index.php\\\/produto\\\/adrien-lastic-devol-cockring-anel-vibrador-vermelho\\\/#primaryimage\",\"url\":\"https:\\\/\\\/erki24nd3ub.exactdn.com\\\/wp-content\\\/uploads\\\/dream\\\/img\\\/img_158492_1b5a4e1e78576b92f1c7b89d781f863b_1.jpg?strip=all\",\"contentUrl\":\"https:\\\/\\\/erki24nd3ub.exactdn.com\\\/wp-content\\\/uploads\\\/dream\\\/img\\\/img_158492_1b5a4e1e78576b92f1c7b89d781f863b_1.jpg?strip=all\",\"width\":800,\"height\":800},{\"@type\":\"BreadcrumbList\",\"@id\":\"https:\\\/\\\/lovme.pt\\\/index.php\\\/produto\\\/adrien-lastic-devol-cockring-anel-vibrador-vermelho\\\/#breadcrumb\",\"itemListElement\":[{\"@type\":\"ListItem\",\"position\":1,\"name\":\"In\u00edcio\",\"item\":\"https:\\\/\\\/lovme.pt\\\/\"},{\"@type\":\"ListItem\",\"position\":2,\"name\":\"Loja\",\"item\":\"https:\\\/\\\/lovme.pt\\\/index.php\\\/loja\\\/\"},{\"@type\":\"ListItem\",\"position\":3,\"name\":\"ADRIEN LASTIC &#8211; DEVOL COCKRING ANEL VIBRADOR VERMELHO\"}]},{\"@type\":\"WebSite\",\"@id\":\"https:\\\/\\\/lovme.pt\\\/#website\",\"url\":\"https:\\\/\\\/lovme.pt\\\/\",\"name\":\"Lovme Loja Er\u00f3tica N\u00ba1 em Portugal\",\"description\":\"A melhor loja er\u00f3tica de Portugal.\",\"alternateName\":\"Loja Er\u00f3tica Lovme\",\"potentialAction\":[{\"@type\":\"SearchAction\",\"target\":{\"@type\":\"EntryPoint\",\"urlTemplate\":\"https:\\\/\\\/lovme.pt\\\/?s={search_term_string}\"},\"query-input\":{\"@type\":\"PropertyValueSpecification\",\"valueRequired\":true,\"valueName\":\"search_term_string\"}}],\"inLanguage\":\"pt-PT\"}]}<\/script>\n<!-- \/ Yoast SEO plugin. -->","yoast_head_json":{"title":"ADRIEN LASTIC - DEVOL COCKRING ANEL VIBRADOR VERMELHO - Lovme","robots":{"index":"index","follow":"follow","max-snippet":"max-snippet:-1","max-image-preview":"max-image-preview:large","max-video-preview":"max-video-preview:-1"},"canonical":"https:\/\/lovme.pt\/index.php\/produto\/adrien-lastic-devol-cockring-anel-vibrador-vermelho\/","og_locale":"pt_PT","og_type":"article","og_title":"ADRIEN LASTIC - DEVOL COCKRING ANEL VIBRADOR VERMELHO - Lovme","og_description":"ADRIEN LASTIC - DEVOL COCKRING ANEL VIBRADOR VERMELHO","og_url":"https:\/\/lovme.pt\/index.php\/produto\/adrien-lastic-devol-cockring-anel-vibrador-vermelho\/","og_site_name":"Lovme","article_modified_time":"2026-04-02T11:56:15+00:00","og_image":[{"width":800,"height":800,"url":"https:\/\/erki24nd3ub.exactdn.com\/wp-content\/uploads\/dream\/img\/img_158492_1b5a4e1e78576b92f1c7b89d781f863b_1.jpg?strip=all","type":"image\/jpeg"}],"twitter_card":"summary_large_image","twitter_misc":{"Tempo estimado de leitura":"2 minutos"},"schema":{"@context":"https:\/\/schema.org","@graph":[{"@type":"WebPage","@id":"https:\/\/lovme.pt\/index.php\/produto\/adrien-lastic-devol-cockring-anel-vibrador-vermelho\/","url":"https:\/\/lovme.pt\/index.php\/produto\/adrien-lastic-devol-cockring-anel-vibrador-vermelho\/","name":"ADRIEN LASTIC - DEVOL COCKRING ANEL VIBRADOR VERMELHO - Lovme","isPartOf":{"@id":"https:\/\/lovme.pt\/#website"},"primaryImageOfPage":{"@id":"https:\/\/lovme.pt\/index.php\/produto\/adrien-lastic-devol-cockring-anel-vibrador-vermelho\/#primaryimage"},"image":{"@id":"https:\/\/lovme.pt\/index.php\/produto\/adrien-lastic-devol-cockring-anel-vibrador-vermelho\/#primaryimage"},"thumbnailUrl":"https:\/\/erki24nd3ub.exactdn.com\/wp-content\/uploads\/dream\/img\/img_158492_1b5a4e1e78576b92f1c7b89d781f863b_1.jpg?strip=all","datePublished":"2025-10-01T02:56:15+00:00","dateModified":"2026-04-02T11:56:15+00:00","breadcrumb":{"@id":"https:\/\/lovme.pt\/index.php\/produto\/adrien-lastic-devol-cockring-anel-vibrador-vermelho\/#breadcrumb"},"inLanguage":"pt-PT","potentialAction":[{"@type":"ReadAction","target":["https:\/\/lovme.pt\/index.php\/produto\/adrien-lastic-devol-cockring-anel-vibrador-vermelho\/"]}]},{"@type":"ImageObject","inLanguage":"pt-PT","@id":"https:\/\/lovme.pt\/index.php\/produto\/adrien-lastic-devol-cockring-anel-vibrador-vermelho\/#primaryimage","url":"https:\/\/erki24nd3ub.exactdn.com\/wp-content\/uploads\/dream\/img\/img_158492_1b5a4e1e78576b92f1c7b89d781f863b_1.jpg?strip=all","contentUrl":"https:\/\/erki24nd3ub.exactdn.com\/wp-content\/uploads\/dream\/img\/img_158492_1b5a4e1e78576b92f1c7b89d781f863b_1.jpg?strip=all","width":800,"height":800},{"@type":"BreadcrumbList","@id":"https:\/\/lovme.pt\/index.php\/produto\/adrien-lastic-devol-cockring-anel-vibrador-vermelho\/#breadcrumb","itemListElement":[{"@type":"ListItem","position":1,"name":"In\u00edcio","item":"https:\/\/lovme.pt\/"},{"@type":"ListItem","position":2,"name":"Loja","item":"https:\/\/lovme.pt\/index.php\/loja\/"},{"@type":"ListItem","position":3,"name":"ADRIEN LASTIC &#8211; DEVOL COCKRING ANEL VIBRADOR VERMELHO"}]},{"@type":"WebSite","@id":"https:\/\/lovme.pt\/#website","url":"https:\/\/lovme.pt\/","name":"Lovme Loja Er\u00f3tica N\u00ba1 em Portugal","description":"A melhor loja er\u00f3tica de Portugal.","alternateName":"Loja Er\u00f3tica Lovme","potentialAction":[{"@type":"SearchAction","target":{"@type":"EntryPoint","urlTemplate":"https:\/\/lovme.pt\/?s={search_term_string}"},"query-input":{"@type":"PropertyValueSpecification","valueRequired":true,"valueName":"search_term_string"}}],"inLanguage":"pt-PT"}]}},"_links":{"self":[{"href":"https:\/\/lovme.pt\/index.php\/wp-json\/wp\/v2\/product\/45565","targetHints":{"allow":["GET"]}}],"collection":[{"href":"https:\/\/lovme.pt\/index.php\/wp-json\/wp\/v2\/product"}],"about":[{"href":"https:\/\/lovme.pt\/index.php\/wp-json\/wp\/v2\/types\/product"}],"wp:featuredmedia":[{"embeddable":true,"href":"https:\/\/lovme.pt\/index.php\/wp-json\/wp\/v2\/media\/100250"}],"wp:attachment":[{"href":"https:\/\/lovme.pt\/index.php\/wp-json\/wp\/v2\/media?parent=45565"}],"wp:term":[{"taxonomy":"product_brand","embeddable":true,"href":"https:\/\/lovme.pt\/index.php\/wp-json\/wp\/v2\/product_brand?post=45565"},{"taxonomy":"product_cat","embeddable":true,"href":"https:\/\/lovme.pt\/index.php\/wp-json\/wp\/v2\/product_cat?post=45565"},{"taxonomy":"product_tag","embeddable":true,"href":"https:\/\/lovme.pt\/index.php\/wp-json\/wp\/v2\/product_tag?post=45565"}],"curies":[{"name":"wp","href":"https:\/\/api.w.org\/{rel}","templated":true}]}}