{"id":45560,"date":"2025-10-01T03:00:59","date_gmt":"2025-10-01T03:00:59","guid":{"rendered":"https:\/\/lovme.pt\/?post_type=product&p=45560"},"modified":"2026-03-31T22:26:48","modified_gmt":"2026-03-31T22:26:48","slug":"adrien-lastic-bala-recarregavel-preta-rocket","status":"publish","type":"product","link":"https:\/\/lovme.pt\/index.php\/produto\/adrien-lastic-bala-recarregavel-preta-rocket\/","title":{"rendered":"ADRIEN LASTIC &#8211; BALA RECARREG\u00c1VEL PRETA ROCKET"},"content":{"rendered":"<p><u><strong>DESCUBRA O FOGUETE<\/strong><\/u><\/p>\n<p>A bala vibrat\u00f3ria ergon\u00f4mica <strong>Rocket<\/strong> \u00e9 a mais discreta e vers\u00e1til do mercado. Ele se adaptar\u00e1 ao que voc\u00ea deseja em todos os momentos. Voc\u00ea pode curtir sozinho, em casal, antes do sexo, depois da rela\u00e7\u00e3o sexual, r\u00e1pido, devagar&#8230; ao seu gosto.<\/p>\n<p>A bala vibrat\u00f3ria <strong>Rocket<\/strong> \u00e9 mais do que um brinquedo, voc\u00ea pode lev\u00e1-la com voc\u00ea. onde quer que voc\u00ea v\u00e1, porque o dela  nbsp; formato de batom  nbsp; vai  aacute; Torne-o super discreto. Este foi pensado para estimula\u00e7\u00e3o externa, e n\u00e3o estamos falando apenas do clit\u00f3ris, mas de qualquer zona er\u00f3gena que voc\u00ea possa imaginar.<\/p>\n<p>Descubra as 10 velocidades de vibra\u00e7\u00e3o da bala vibrat\u00f3ria e escolha a que melhor se adapta a voc\u00ea e ao momento. Embora seja uma mini bala vibrat\u00f3ria, possui um motor potente que o far\u00e1 vibrar. atingir o \u00eaxtase em poucos segundos.<\/p>\n<p><strong>O Rocket<\/strong> \u00e9 feito com silicone supermacio mais ABS, tamb\u00e9m tem carregador incluso e \u00e9 \u00e0 prova d\u00e1gua.<\/p>\n<div>\n<p><u><strong>COMO US\u00c1-LO?<\/strong><\/u><\/p>\n<p>A bala vibrat\u00f3ria tem muitos usos. Os seus 10 poderosos modos de vibra\u00e7\u00e3o conferem-lhe versatilidade e \u00e9 unissex, o \u00fanico limite \u00e9 a sua imagina\u00e7\u00e3o.<\/p>\n<p>Os usos mais comuns da bala vibrat\u00f3ria, sozinha ou em casal, s\u00e3o a estimula\u00e7\u00e3o dos seios, especificamente dos mamilos. Estimule a regi\u00e3o do per\u00edneo, o \u00e2nus ou a virilha. Vibrar o clit\u00f3ris ou test\u00edculos. Al\u00e9m disso, voc\u00ea tamb\u00e9m pode usar a bala vibrat\u00f3ria recarreg\u00e1vel para massagear outras \u00e1reas er\u00f3genas, como pesco\u00e7o e costas.<\/p>\n<p>Recomendamos o uso de lubrificante \u00e0 base de \u00e1gua para ter uma experi\u00eancia mais agrad\u00e1vel e estimulante.<\/p>\n<p>\u00a0<\/p>\n<p><u><strong>CARACTER\u00cdSTICAS<\/strong><\/u><\/p>\n<ul>\n<li>Bala vibrat\u00f3ria recarreg\u00e1vel.<\/li>\n<li>10 modos de vibra\u00e7\u00e3o.<\/li>\n<li>1 motor potente.<\/li>\n<li>Formato de batom, ergon\u00f4mico.<\/li>\n<li>F\u00e1cil de transportar.<\/li>\n<li>Estimula\u00e7\u00e3o do clit\u00f3ris, per\u00edneo, mamas e outras zonas er\u00f3genas.<\/li>\n<li>Silicone super macio e material ABS.<\/li>\n<li>Resistente \u00e0 \u00e1gua, IPX5.<\/li>\n<li>Livre de ftalatos.<\/li>\n<li><u>Dimens\u00f5es<\/u> : Comprimento 9 cm \/\/ Di\u00e2metro 1,8 cm<\/li>\n<\/ul>\n<p>\u00a0<\/p>\n<p><u><strong>CONTE\u00daDO DA CAIXA<\/strong><\/u><\/p>\n<ul>\n<li>Foguete<\/li>\n<li>Carregador de foguete<\/li>\n<li>Manual de instru\u00e7\u00f5es<\/li>\n<\/ul>\n<\/div>\n","protected":false},"excerpt":{"rendered":"<p>ADRIEN LASTIC &#8211; BALA RECARREG\u00c1VEL PRETA ROCKET<\/p>\n","protected":false},"featured_media":100837,"template":"","meta":{"_acf_changed":false},"product_brand":[],"product_cat":[17,61],"product_tag":[],"class_list":{"0":"post-45560","1":"product","2":"type-product","3":"status-publish","4":"has-post-thumbnail","6":"product_cat-brinquedos-de-bem-estar-sexual","7":"product_cat-para-elas","8":"yith_product_brand-adrien-lastic","10":"first","11":"instock","12":"taxable","13":"shipping-taxable","14":"purchasable","15":"product-type-simple"},"acf":[],"yoast_head":"<!-- This site is optimized with the Yoast SEO plugin v27.4 - https:\/\/yoast.com\/product\/yoast-seo-wordpress\/ -->\n<title>ADRIEN LASTIC - BALA RECARREG\u00c1VEL PRETA ROCKET - Lovme<\/title>\n<meta name=\"robots\" content=\"index, follow, max-snippet:-1, max-image-preview:large, max-video-preview:-1\" \/>\n<link rel=\"canonical\" href=\"https:\/\/lovme.pt\/index.php\/produto\/adrien-lastic-bala-recarregavel-preta-rocket\/\" \/>\n<meta property=\"og:locale\" content=\"pt_PT\" \/>\n<meta property=\"og:type\" content=\"article\" \/>\n<meta property=\"og:title\" content=\"ADRIEN LASTIC - BALA RECARREG\u00c1VEL PRETA ROCKET - Lovme\" \/>\n<meta property=\"og:description\" content=\"ADRIEN LASTIC - BALA RECARREG\u00c1VEL PRETA ROCKET\" \/>\n<meta property=\"og:url\" content=\"https:\/\/lovme.pt\/index.php\/produto\/adrien-lastic-bala-recarregavel-preta-rocket\/\" \/>\n<meta property=\"og:site_name\" content=\"Lovme\" \/>\n<meta property=\"article:modified_time\" content=\"2026-03-31T22:26:48+00:00\" \/>\n<meta property=\"og:image\" content=\"https:\/\/erki24nd3ub.exactdn.com\/wp-content\/uploads\/dream\/img\/img_158451_78fc2b582627615f83d8ec1785296bfe_1.jpg?strip=all\" \/>\n\t<meta property=\"og:image:width\" content=\"800\" \/>\n\t<meta property=\"og:image:height\" content=\"800\" \/>\n\t<meta property=\"og:image:type\" content=\"image\/jpeg\" \/>\n<meta name=\"twitter:card\" content=\"summary_large_image\" \/>\n<meta name=\"twitter:label1\" content=\"Tempo estimado de leitura\" \/>\n\t<meta name=\"twitter:data1\" content=\"2 minutos\" \/>\n<script type=\"application\/ld+json\" class=\"yoast-schema-graph\">{\"@context\":\"https:\\\/\\\/schema.org\",\"@graph\":[{\"@type\":\"WebPage\",\"@id\":\"https:\\\/\\\/lovme.pt\\\/index.php\\\/produto\\\/adrien-lastic-bala-recarregavel-preta-rocket\\\/\",\"url\":\"https:\\\/\\\/lovme.pt\\\/index.php\\\/produto\\\/adrien-lastic-bala-recarregavel-preta-rocket\\\/\",\"name\":\"ADRIEN LASTIC - BALA RECARREG\u00c1VEL PRETA ROCKET - Lovme\",\"isPartOf\":{\"@id\":\"https:\\\/\\\/lovme.pt\\\/#website\"},\"primaryImageOfPage\":{\"@id\":\"https:\\\/\\\/lovme.pt\\\/index.php\\\/produto\\\/adrien-lastic-bala-recarregavel-preta-rocket\\\/#primaryimage\"},\"image\":{\"@id\":\"https:\\\/\\\/lovme.pt\\\/index.php\\\/produto\\\/adrien-lastic-bala-recarregavel-preta-rocket\\\/#primaryimage\"},\"thumbnailUrl\":\"https:\\\/\\\/erki24nd3ub.exactdn.com\\\/wp-content\\\/uploads\\\/dream\\\/img\\\/img_158451_78fc2b582627615f83d8ec1785296bfe_1.jpg?strip=all\",\"datePublished\":\"2025-10-01T03:00:59+00:00\",\"dateModified\":\"2026-03-31T22:26:48+00:00\",\"breadcrumb\":{\"@id\":\"https:\\\/\\\/lovme.pt\\\/index.php\\\/produto\\\/adrien-lastic-bala-recarregavel-preta-rocket\\\/#breadcrumb\"},\"inLanguage\":\"pt-PT\",\"potentialAction\":[{\"@type\":\"ReadAction\",\"target\":[\"https:\\\/\\\/lovme.pt\\\/index.php\\\/produto\\\/adrien-lastic-bala-recarregavel-preta-rocket\\\/\"]}]},{\"@type\":\"ImageObject\",\"inLanguage\":\"pt-PT\",\"@id\":\"https:\\\/\\\/lovme.pt\\\/index.php\\\/produto\\\/adrien-lastic-bala-recarregavel-preta-rocket\\\/#primaryimage\",\"url\":\"https:\\\/\\\/erki24nd3ub.exactdn.com\\\/wp-content\\\/uploads\\\/dream\\\/img\\\/img_158451_78fc2b582627615f83d8ec1785296bfe_1.jpg?strip=all\",\"contentUrl\":\"https:\\\/\\\/erki24nd3ub.exactdn.com\\\/wp-content\\\/uploads\\\/dream\\\/img\\\/img_158451_78fc2b582627615f83d8ec1785296bfe_1.jpg?strip=all\",\"width\":800,\"height\":800},{\"@type\":\"BreadcrumbList\",\"@id\":\"https:\\\/\\\/lovme.pt\\\/index.php\\\/produto\\\/adrien-lastic-bala-recarregavel-preta-rocket\\\/#breadcrumb\",\"itemListElement\":[{\"@type\":\"ListItem\",\"position\":1,\"name\":\"In\u00edcio\",\"item\":\"https:\\\/\\\/lovme.pt\\\/\"},{\"@type\":\"ListItem\",\"position\":2,\"name\":\"Loja\",\"item\":\"https:\\\/\\\/lovme.pt\\\/index.php\\\/loja\\\/\"},{\"@type\":\"ListItem\",\"position\":3,\"name\":\"ADRIEN LASTIC &#8211; BALA RECARREG\u00c1VEL PRETA ROCKET\"}]},{\"@type\":\"WebSite\",\"@id\":\"https:\\\/\\\/lovme.pt\\\/#website\",\"url\":\"https:\\\/\\\/lovme.pt\\\/\",\"name\":\"Lovme Loja Er\u00f3tica N\u00ba1 em Portugal\",\"description\":\"A melhor loja er\u00f3tica de Portugal.\",\"alternateName\":\"Loja Er\u00f3tica Lovme\",\"potentialAction\":[{\"@type\":\"SearchAction\",\"target\":{\"@type\":\"EntryPoint\",\"urlTemplate\":\"https:\\\/\\\/lovme.pt\\\/?s={search_term_string}\"},\"query-input\":{\"@type\":\"PropertyValueSpecification\",\"valueRequired\":true,\"valueName\":\"search_term_string\"}}],\"inLanguage\":\"pt-PT\"}]}<\/script>\n<!-- \/ Yoast SEO plugin. -->","yoast_head_json":{"title":"ADRIEN LASTIC - BALA RECARREG\u00c1VEL PRETA ROCKET - Lovme","robots":{"index":"index","follow":"follow","max-snippet":"max-snippet:-1","max-image-preview":"max-image-preview:large","max-video-preview":"max-video-preview:-1"},"canonical":"https:\/\/lovme.pt\/index.php\/produto\/adrien-lastic-bala-recarregavel-preta-rocket\/","og_locale":"pt_PT","og_type":"article","og_title":"ADRIEN LASTIC - BALA RECARREG\u00c1VEL PRETA ROCKET - Lovme","og_description":"ADRIEN LASTIC - BALA RECARREG\u00c1VEL PRETA ROCKET","og_url":"https:\/\/lovme.pt\/index.php\/produto\/adrien-lastic-bala-recarregavel-preta-rocket\/","og_site_name":"Lovme","article_modified_time":"2026-03-31T22:26:48+00:00","og_image":[{"width":800,"height":800,"url":"https:\/\/erki24nd3ub.exactdn.com\/wp-content\/uploads\/dream\/img\/img_158451_78fc2b582627615f83d8ec1785296bfe_1.jpg?strip=all","type":"image\/jpeg"}],"twitter_card":"summary_large_image","twitter_misc":{"Tempo estimado de leitura":"2 minutos"},"schema":{"@context":"https:\/\/schema.org","@graph":[{"@type":"WebPage","@id":"https:\/\/lovme.pt\/index.php\/produto\/adrien-lastic-bala-recarregavel-preta-rocket\/","url":"https:\/\/lovme.pt\/index.php\/produto\/adrien-lastic-bala-recarregavel-preta-rocket\/","name":"ADRIEN LASTIC - BALA RECARREG\u00c1VEL PRETA ROCKET - Lovme","isPartOf":{"@id":"https:\/\/lovme.pt\/#website"},"primaryImageOfPage":{"@id":"https:\/\/lovme.pt\/index.php\/produto\/adrien-lastic-bala-recarregavel-preta-rocket\/#primaryimage"},"image":{"@id":"https:\/\/lovme.pt\/index.php\/produto\/adrien-lastic-bala-recarregavel-preta-rocket\/#primaryimage"},"thumbnailUrl":"https:\/\/erki24nd3ub.exactdn.com\/wp-content\/uploads\/dream\/img\/img_158451_78fc2b582627615f83d8ec1785296bfe_1.jpg?strip=all","datePublished":"2025-10-01T03:00:59+00:00","dateModified":"2026-03-31T22:26:48+00:00","breadcrumb":{"@id":"https:\/\/lovme.pt\/index.php\/produto\/adrien-lastic-bala-recarregavel-preta-rocket\/#breadcrumb"},"inLanguage":"pt-PT","potentialAction":[{"@type":"ReadAction","target":["https:\/\/lovme.pt\/index.php\/produto\/adrien-lastic-bala-recarregavel-preta-rocket\/"]}]},{"@type":"ImageObject","inLanguage":"pt-PT","@id":"https:\/\/lovme.pt\/index.php\/produto\/adrien-lastic-bala-recarregavel-preta-rocket\/#primaryimage","url":"https:\/\/erki24nd3ub.exactdn.com\/wp-content\/uploads\/dream\/img\/img_158451_78fc2b582627615f83d8ec1785296bfe_1.jpg?strip=all","contentUrl":"https:\/\/erki24nd3ub.exactdn.com\/wp-content\/uploads\/dream\/img\/img_158451_78fc2b582627615f83d8ec1785296bfe_1.jpg?strip=all","width":800,"height":800},{"@type":"BreadcrumbList","@id":"https:\/\/lovme.pt\/index.php\/produto\/adrien-lastic-bala-recarregavel-preta-rocket\/#breadcrumb","itemListElement":[{"@type":"ListItem","position":1,"name":"In\u00edcio","item":"https:\/\/lovme.pt\/"},{"@type":"ListItem","position":2,"name":"Loja","item":"https:\/\/lovme.pt\/index.php\/loja\/"},{"@type":"ListItem","position":3,"name":"ADRIEN LASTIC &#8211; BALA RECARREG\u00c1VEL PRETA ROCKET"}]},{"@type":"WebSite","@id":"https:\/\/lovme.pt\/#website","url":"https:\/\/lovme.pt\/","name":"Lovme Loja Er\u00f3tica N\u00ba1 em Portugal","description":"A melhor loja er\u00f3tica de Portugal.","alternateName":"Loja Er\u00f3tica Lovme","potentialAction":[{"@type":"SearchAction","target":{"@type":"EntryPoint","urlTemplate":"https:\/\/lovme.pt\/?s={search_term_string}"},"query-input":{"@type":"PropertyValueSpecification","valueRequired":true,"valueName":"search_term_string"}}],"inLanguage":"pt-PT"}]}},"_links":{"self":[{"href":"https:\/\/lovme.pt\/index.php\/wp-json\/wp\/v2\/product\/45560","targetHints":{"allow":["GET"]}}],"collection":[{"href":"https:\/\/lovme.pt\/index.php\/wp-json\/wp\/v2\/product"}],"about":[{"href":"https:\/\/lovme.pt\/index.php\/wp-json\/wp\/v2\/types\/product"}],"wp:featuredmedia":[{"embeddable":true,"href":"https:\/\/lovme.pt\/index.php\/wp-json\/wp\/v2\/media\/100837"}],"wp:attachment":[{"href":"https:\/\/lovme.pt\/index.php\/wp-json\/wp\/v2\/media?parent=45560"}],"wp:term":[{"taxonomy":"product_brand","embeddable":true,"href":"https:\/\/lovme.pt\/index.php\/wp-json\/wp\/v2\/product_brand?post=45560"},{"taxonomy":"product_cat","embeddable":true,"href":"https:\/\/lovme.pt\/index.php\/wp-json\/wp\/v2\/product_cat?post=45560"},{"taxonomy":"product_tag","embeddable":true,"href":"https:\/\/lovme.pt\/index.php\/wp-json\/wp\/v2\/product_tag?post=45560"}],"curies":[{"name":"wp","href":"https:\/\/api.w.org\/{rel}","templated":true}]}}