{"id":45559,"date":"2025-10-01T03:00:57","date_gmt":"2025-10-01T03:00:57","guid":{"rendered":"https:\/\/lovme.pt\/?post_type=product&p=45559"},"modified":"2026-04-01T16:04:34","modified_gmt":"2026-04-01T16:04:34","slug":"adrien-lastic-vibrador-coelho-preto-de-bolso-lastic","status":"publish","type":"product","link":"https:\/\/lovme.pt\/index.php\/produto\/adrien-lastic-vibrador-coelho-preto-de-bolso-lastic\/","title":{"rendered":"ADRIEN LASTIC &#8211; VIBRADOR COELHO PRETO DE BOLSO LASTIC"},"content":{"rendered":"<p><u><strong>DESCUBRA A VIBE DE BOLSO LASTIC<\/strong><\/u><\/p>\n<p>N\u00e3o hesite em trazer aquele mini companheiro para l\u00e1. onde o prazer se origina!<\/p>\n<p><strong>Lastic Pocket Vibe<\/strong> \u00e9 uma mini bala vibrat\u00f3ria ideal para carregar no bolso ou na bolsa, este simp\u00e1tico e pequeno coelhinho de silicone com toque aveludado apresenta duas orelhas para fazer c\u00f3cegas no clit\u00f3ris com uma vibra\u00e7\u00e3o deliciosa.<\/p>\n<p>\u00c9 facilmente ativado e desativado pressionando o bot\u00e3o localizado na parte inferior do brinquedo. Para trocar as baterias, basta desparafusar a base.<\/p>\n<p>Encontre <strong>Lastic Pocket Vibe<\/strong> em tr\u00eas cores diferentes:<\/p>\n<ul>\n<li>Rosa<\/li>\n<li>Preto<\/li>\n<li>Tolet<\/li>\n<\/ul>\n<div>\n<p><u><strong>COMO US\u00c1-LO?<\/strong><\/u><\/p>\n<p>Incrivelmente furtivo e sutil, <strong>Lastic Pocket Vibe<\/strong> possui uma configura\u00e7\u00e3o de vibra\u00e7\u00e3o silenciosa que voc\u00ea pode acessar facilmente na parte inferior do brinquedo.<\/p>\n<p>Modesto, mas poderoso, este minivibrador possui um motor potente perfeitamente posicionado no centro para proporcionar orgasmos \u00e9picos. Pressione o pequeno bot\u00e3o redondo na base do brinquedo para liberar uma onda r\u00e1pida de charme intenso diretamente em sua \u00e1rea \u00edntima.<\/p>\n<p>\u00a0<\/p>\n<p><u><strong>CARACTER\u00cdSTICAS<\/strong><\/u><\/p>\n<ul>\n<li>\u00c1rea de estimula\u00e7\u00e3o: Vagina\/Clit\u00f3ris.<\/li>\n<li>Material: Silicone + ABS.<\/li>\n<li>Submers\u00edvel para estimula\u00e7\u00e3o com mais possibilidades.<\/li>\n<li>Leve-o para onde quiser, seu pequeno tamanho e formato o tornam perfeito para ser seu amigo mais fiel.<\/li>\n<li>1 modo de vibra\u00e7\u00e3o<\/li>\n<li><u>Dimens\u00f5es<\/u> : Comprimento 8,5 cm \/\/ Di\u00e2metro 2,3 cm<\/li>\n<\/ul>\n<p>\u00a0<\/p>\n<p><u><strong>CONTE\u00daDO DA CAIXA<\/strong><\/u><\/p>\n<ul>\n<li>Vibra\u00e7\u00e3o de bolso Lastic<\/li>\n<li>Bolsa de cetim<\/li>\n<li>Cart\u00e3o de garantia<\/li>\n<\/ul>\n<\/div>\n","protected":false},"excerpt":{"rendered":"<p>ADRIEN LASTIC &#8211; VIBRADOR COELHO PRETO DE BOLSO LASTIC<\/p>\n","protected":false},"featured_media":100832,"template":"","meta":{"_acf_changed":false},"product_brand":[],"product_cat":[17,61,76],"product_tag":[],"class_list":{"0":"post-45559","1":"product","2":"type-product","3":"status-publish","4":"has-post-thumbnail","6":"product_cat-brinquedos-de-bem-estar-sexual","7":"product_cat-para-elas","8":"product_cat-vibradores","9":"yith_product_brand-adrien-lastic","11":"first","12":"instock","13":"taxable","14":"shipping-taxable","15":"purchasable","16":"product-type-simple"},"acf":[],"yoast_head":"<!-- This site is optimized with the Yoast SEO plugin v27.3 - https:\/\/yoast.com\/product\/yoast-seo-wordpress\/ -->\n<title>ADRIEN LASTIC - VIBRADOR COELHO PRETO DE BOLSO LASTIC - Lovme<\/title>\n<meta name=\"robots\" content=\"index, follow, max-snippet:-1, max-image-preview:large, max-video-preview:-1\" \/>\n<link rel=\"canonical\" href=\"https:\/\/lovme.pt\/index.php\/produto\/adrien-lastic-vibrador-coelho-preto-de-bolso-lastic\/\" \/>\n<meta property=\"og:locale\" content=\"pt_PT\" \/>\n<meta property=\"og:type\" content=\"article\" \/>\n<meta property=\"og:title\" content=\"ADRIEN LASTIC - VIBRADOR COELHO PRETO DE BOLSO LASTIC - Lovme\" \/>\n<meta property=\"og:description\" content=\"ADRIEN LASTIC - VIBRADOR COELHO PRETO DE BOLSO LASTIC\" \/>\n<meta property=\"og:url\" content=\"https:\/\/lovme.pt\/index.php\/produto\/adrien-lastic-vibrador-coelho-preto-de-bolso-lastic\/\" \/>\n<meta property=\"og:site_name\" content=\"Lovme\" \/>\n<meta property=\"article:modified_time\" content=\"2026-04-01T16:04:34+00:00\" \/>\n<meta property=\"og:image\" content=\"https:\/\/erki24nd3ub.exactdn.com\/wp-content\/uploads\/dream\/img\/img_158746_41154aec40a1e5b0830af49de3e113b2_1.jpg?strip=all\" \/>\n\t<meta property=\"og:image:width\" content=\"800\" \/>\n\t<meta property=\"og:image:height\" content=\"800\" \/>\n\t<meta property=\"og:image:type\" content=\"image\/jpeg\" \/>\n<meta name=\"twitter:card\" content=\"summary_large_image\" \/>\n<meta name=\"twitter:label1\" content=\"Tempo estimado de leitura\" \/>\n\t<meta name=\"twitter:data1\" content=\"1 minuto\" \/>\n<script type=\"application\/ld+json\" class=\"yoast-schema-graph\">{\"@context\":\"https:\\\/\\\/schema.org\",\"@graph\":[{\"@type\":\"WebPage\",\"@id\":\"https:\\\/\\\/lovme.pt\\\/index.php\\\/produto\\\/adrien-lastic-vibrador-coelho-preto-de-bolso-lastic\\\/\",\"url\":\"https:\\\/\\\/lovme.pt\\\/index.php\\\/produto\\\/adrien-lastic-vibrador-coelho-preto-de-bolso-lastic\\\/\",\"name\":\"ADRIEN LASTIC - VIBRADOR COELHO PRETO DE BOLSO LASTIC - Lovme\",\"isPartOf\":{\"@id\":\"https:\\\/\\\/lovme.pt\\\/#website\"},\"primaryImageOfPage\":{\"@id\":\"https:\\\/\\\/lovme.pt\\\/index.php\\\/produto\\\/adrien-lastic-vibrador-coelho-preto-de-bolso-lastic\\\/#primaryimage\"},\"image\":{\"@id\":\"https:\\\/\\\/lovme.pt\\\/index.php\\\/produto\\\/adrien-lastic-vibrador-coelho-preto-de-bolso-lastic\\\/#primaryimage\"},\"thumbnailUrl\":\"https:\\\/\\\/erki24nd3ub.exactdn.com\\\/wp-content\\\/uploads\\\/dream\\\/img\\\/img_158746_41154aec40a1e5b0830af49de3e113b2_1.jpg?strip=all\",\"datePublished\":\"2025-10-01T03:00:57+00:00\",\"dateModified\":\"2026-04-01T16:04:34+00:00\",\"breadcrumb\":{\"@id\":\"https:\\\/\\\/lovme.pt\\\/index.php\\\/produto\\\/adrien-lastic-vibrador-coelho-preto-de-bolso-lastic\\\/#breadcrumb\"},\"inLanguage\":\"pt-PT\",\"potentialAction\":[{\"@type\":\"ReadAction\",\"target\":[\"https:\\\/\\\/lovme.pt\\\/index.php\\\/produto\\\/adrien-lastic-vibrador-coelho-preto-de-bolso-lastic\\\/\"]}]},{\"@type\":\"ImageObject\",\"inLanguage\":\"pt-PT\",\"@id\":\"https:\\\/\\\/lovme.pt\\\/index.php\\\/produto\\\/adrien-lastic-vibrador-coelho-preto-de-bolso-lastic\\\/#primaryimage\",\"url\":\"https:\\\/\\\/erki24nd3ub.exactdn.com\\\/wp-content\\\/uploads\\\/dream\\\/img\\\/img_158746_41154aec40a1e5b0830af49de3e113b2_1.jpg?strip=all\",\"contentUrl\":\"https:\\\/\\\/erki24nd3ub.exactdn.com\\\/wp-content\\\/uploads\\\/dream\\\/img\\\/img_158746_41154aec40a1e5b0830af49de3e113b2_1.jpg?strip=all\",\"width\":800,\"height\":800},{\"@type\":\"BreadcrumbList\",\"@id\":\"https:\\\/\\\/lovme.pt\\\/index.php\\\/produto\\\/adrien-lastic-vibrador-coelho-preto-de-bolso-lastic\\\/#breadcrumb\",\"itemListElement\":[{\"@type\":\"ListItem\",\"position\":1,\"name\":\"In\u00edcio\",\"item\":\"https:\\\/\\\/lovme.pt\\\/\"},{\"@type\":\"ListItem\",\"position\":2,\"name\":\"Loja\",\"item\":\"https:\\\/\\\/lovme.pt\\\/index.php\\\/loja\\\/\"},{\"@type\":\"ListItem\",\"position\":3,\"name\":\"ADRIEN LASTIC &#8211; VIBRADOR COELHO PRETO DE BOLSO LASTIC\"}]},{\"@type\":\"WebSite\",\"@id\":\"https:\\\/\\\/lovme.pt\\\/#website\",\"url\":\"https:\\\/\\\/lovme.pt\\\/\",\"name\":\"Lovme Loja Er\u00f3tica N\u00ba1 em Portugal\",\"description\":\"A melhor loja er\u00f3tica de Portugal.\",\"alternateName\":\"Loja Er\u00f3tica Lovme\",\"potentialAction\":[{\"@type\":\"SearchAction\",\"target\":{\"@type\":\"EntryPoint\",\"urlTemplate\":\"https:\\\/\\\/lovme.pt\\\/?s={search_term_string}\"},\"query-input\":{\"@type\":\"PropertyValueSpecification\",\"valueRequired\":true,\"valueName\":\"search_term_string\"}}],\"inLanguage\":\"pt-PT\"}]}<\/script>\n<!-- \/ Yoast SEO plugin. -->","yoast_head_json":{"title":"ADRIEN LASTIC - VIBRADOR COELHO PRETO DE BOLSO LASTIC - Lovme","robots":{"index":"index","follow":"follow","max-snippet":"max-snippet:-1","max-image-preview":"max-image-preview:large","max-video-preview":"max-video-preview:-1"},"canonical":"https:\/\/lovme.pt\/index.php\/produto\/adrien-lastic-vibrador-coelho-preto-de-bolso-lastic\/","og_locale":"pt_PT","og_type":"article","og_title":"ADRIEN LASTIC - VIBRADOR COELHO PRETO DE BOLSO LASTIC - Lovme","og_description":"ADRIEN LASTIC - VIBRADOR COELHO PRETO DE BOLSO LASTIC","og_url":"https:\/\/lovme.pt\/index.php\/produto\/adrien-lastic-vibrador-coelho-preto-de-bolso-lastic\/","og_site_name":"Lovme","article_modified_time":"2026-04-01T16:04:34+00:00","og_image":[{"width":800,"height":800,"url":"https:\/\/erki24nd3ub.exactdn.com\/wp-content\/uploads\/dream\/img\/img_158746_41154aec40a1e5b0830af49de3e113b2_1.jpg?strip=all","type":"image\/jpeg"}],"twitter_card":"summary_large_image","twitter_misc":{"Tempo estimado de leitura":"1 minuto"},"schema":{"@context":"https:\/\/schema.org","@graph":[{"@type":"WebPage","@id":"https:\/\/lovme.pt\/index.php\/produto\/adrien-lastic-vibrador-coelho-preto-de-bolso-lastic\/","url":"https:\/\/lovme.pt\/index.php\/produto\/adrien-lastic-vibrador-coelho-preto-de-bolso-lastic\/","name":"ADRIEN LASTIC - VIBRADOR COELHO PRETO DE BOLSO LASTIC - Lovme","isPartOf":{"@id":"https:\/\/lovme.pt\/#website"},"primaryImageOfPage":{"@id":"https:\/\/lovme.pt\/index.php\/produto\/adrien-lastic-vibrador-coelho-preto-de-bolso-lastic\/#primaryimage"},"image":{"@id":"https:\/\/lovme.pt\/index.php\/produto\/adrien-lastic-vibrador-coelho-preto-de-bolso-lastic\/#primaryimage"},"thumbnailUrl":"https:\/\/erki24nd3ub.exactdn.com\/wp-content\/uploads\/dream\/img\/img_158746_41154aec40a1e5b0830af49de3e113b2_1.jpg?strip=all","datePublished":"2025-10-01T03:00:57+00:00","dateModified":"2026-04-01T16:04:34+00:00","breadcrumb":{"@id":"https:\/\/lovme.pt\/index.php\/produto\/adrien-lastic-vibrador-coelho-preto-de-bolso-lastic\/#breadcrumb"},"inLanguage":"pt-PT","potentialAction":[{"@type":"ReadAction","target":["https:\/\/lovme.pt\/index.php\/produto\/adrien-lastic-vibrador-coelho-preto-de-bolso-lastic\/"]}]},{"@type":"ImageObject","inLanguage":"pt-PT","@id":"https:\/\/lovme.pt\/index.php\/produto\/adrien-lastic-vibrador-coelho-preto-de-bolso-lastic\/#primaryimage","url":"https:\/\/erki24nd3ub.exactdn.com\/wp-content\/uploads\/dream\/img\/img_158746_41154aec40a1e5b0830af49de3e113b2_1.jpg?strip=all","contentUrl":"https:\/\/erki24nd3ub.exactdn.com\/wp-content\/uploads\/dream\/img\/img_158746_41154aec40a1e5b0830af49de3e113b2_1.jpg?strip=all","width":800,"height":800},{"@type":"BreadcrumbList","@id":"https:\/\/lovme.pt\/index.php\/produto\/adrien-lastic-vibrador-coelho-preto-de-bolso-lastic\/#breadcrumb","itemListElement":[{"@type":"ListItem","position":1,"name":"In\u00edcio","item":"https:\/\/lovme.pt\/"},{"@type":"ListItem","position":2,"name":"Loja","item":"https:\/\/lovme.pt\/index.php\/loja\/"},{"@type":"ListItem","position":3,"name":"ADRIEN LASTIC &#8211; VIBRADOR COELHO PRETO DE BOLSO LASTIC"}]},{"@type":"WebSite","@id":"https:\/\/lovme.pt\/#website","url":"https:\/\/lovme.pt\/","name":"Lovme Loja Er\u00f3tica N\u00ba1 em Portugal","description":"A melhor loja er\u00f3tica de Portugal.","alternateName":"Loja Er\u00f3tica Lovme","potentialAction":[{"@type":"SearchAction","target":{"@type":"EntryPoint","urlTemplate":"https:\/\/lovme.pt\/?s={search_term_string}"},"query-input":{"@type":"PropertyValueSpecification","valueRequired":true,"valueName":"search_term_string"}}],"inLanguage":"pt-PT"}]}},"_links":{"self":[{"href":"https:\/\/lovme.pt\/index.php\/wp-json\/wp\/v2\/product\/45559","targetHints":{"allow":["GET"]}}],"collection":[{"href":"https:\/\/lovme.pt\/index.php\/wp-json\/wp\/v2\/product"}],"about":[{"href":"https:\/\/lovme.pt\/index.php\/wp-json\/wp\/v2\/types\/product"}],"wp:featuredmedia":[{"embeddable":true,"href":"https:\/\/lovme.pt\/index.php\/wp-json\/wp\/v2\/media\/100832"}],"wp:attachment":[{"href":"https:\/\/lovme.pt\/index.php\/wp-json\/wp\/v2\/media?parent=45559"}],"wp:term":[{"taxonomy":"product_brand","embeddable":true,"href":"https:\/\/lovme.pt\/index.php\/wp-json\/wp\/v2\/product_brand?post=45559"},{"taxonomy":"product_cat","embeddable":true,"href":"https:\/\/lovme.pt\/index.php\/wp-json\/wp\/v2\/product_cat?post=45559"},{"taxonomy":"product_tag","embeddable":true,"href":"https:\/\/lovme.pt\/index.php\/wp-json\/wp\/v2\/product_tag?post=45559"}],"curies":[{"name":"wp","href":"https:\/\/api.w.org\/{rel}","templated":true}]}}