{"id":45554,"date":"2025-10-01T03:00:47","date_gmt":"2025-10-01T03:00:47","guid":{"rendered":"https:\/\/lovme.pt\/?post_type=product&p=45554"},"modified":"2026-03-31T21:19:40","modified_gmt":"2026-03-31T21:19:40","slug":"adrien-lastic-bala-vibrante-univibe-mini-preta","status":"publish","type":"product","link":"https:\/\/lovme.pt\/index.php\/produto\/adrien-lastic-bala-vibrante-univibe-mini-preta\/","title":{"rendered":"ADRIEN LASTIC &#8211; BALA VIBRANTE UNIVIBE MINI PRETA"},"content":{"rendered":"<p><u><strong>DESCUBRA O UNIVIBE<\/strong><\/u><\/p>\n<p>Mantenha seu cl\u00edmax elegante e cl\u00e1ssico com La Bala Univibe.<\/p>\n<p>Elegante, f\u00e1cil de usar e direto ao ponto, La Bala Univibe se destaca por proporcionar uma experi\u00eancia simples, mas muito er\u00f3tica. O corpo esguio desta bala foi especialmente projetado para inserir facilmente e compactar o prazer.<\/p>\n<p>Medindo cerca de 9cm de comprimento e 1,7cm de largura, esta pequena haste vibrat\u00f3ria cabe perfeitamente na palma da sua m\u00e3o. Um pacotinho cheio de brincadeira, este pequeno vibrador pulsante \u00e9 o companheiro perfeito para colocar na bolsa ou mala e levar consigo nas viagens, para uma aventura m\u00edstica.<\/p>\n<div>\n<p><u><strong>COMO US\u00c1-LO?<\/strong><\/u><\/p>\n<p>Incrivelmente furtivo e sutil, o <strong>Univibe<\/strong> possui uma configura\u00e7\u00e3o de vibra\u00e7\u00e3o silenciosa que voc\u00ea pode acessar facilmente na parte inferior do brinquedo. Modesto, mas poderoso, este mini vibrador bala possui um motor potente perfeitamente posicionado no centro para proporcionar orgasmos \u00e9picos.<\/p>\n<p>Pressione o pequeno bot\u00e3o redondo na base do brinquedo para liberar uma onda r\u00e1pida de charme intenso diretamente em sua \u00e1rea \u00edntima.<\/p>\n<p>\u00a0<\/p>\n<p><u><strong>CARACTER\u00cdSTICAS<\/strong><\/u><\/p>\n<ul>\n<li>\u00c1rea de estimula\u00e7\u00e3o: Vagina\/Clit\u00f3ris<\/li>\n<li>Material: Silicone + ABS<\/li>\n<li>10 modos de vibra\u00e7\u00e3o<\/li>\n<li>\u00c0 prova d\u00e1gua<\/li>\n<li><u>Dimens\u00f5es<\/u> : Comprimento 9 cm \/\/ Di\u00e2metro 1,7 cm<\/li>\n<\/ul>\n<p>\u00a0<\/p>\n<p><u><strong>CONTE\u00daDO DA CAIXA<\/strong><\/u><\/p>\n<ul>\n<li>Univibe<\/li>\n<li>Bolsa de cetim<\/li>\n<li>Cart\u00e3o de garantia<\/li>\n<li>Manual de instru\u00e7\u00f5es<\/li>\n<\/ul>\n<\/div>\n","protected":false},"excerpt":{"rendered":"<p>ADRIEN LASTIC &#8211; BALA VIBRANTE UNIVIBE MINI PRETA<\/p>\n","protected":false},"featured_media":100809,"template":"","meta":{"_acf_changed":false},"product_brand":[],"product_cat":[17,61],"product_tag":[],"class_list":{"0":"post-45554","1":"product","2":"type-product","3":"status-publish","4":"has-post-thumbnail","6":"product_cat-brinquedos-de-bem-estar-sexual","7":"product_cat-para-elas","8":"yith_product_brand-adrien-lastic","10":"first","11":"instock","12":"taxable","13":"shipping-taxable","14":"purchasable","15":"product-type-simple"},"acf":[],"yoast_head":"<!-- This site is optimized with the Yoast SEO plugin v27.4 - https:\/\/yoast.com\/product\/yoast-seo-wordpress\/ -->\n<title>ADRIEN LASTIC - BALA VIBRANTE UNIVIBE MINI PRETA - Lovme<\/title>\n<meta name=\"robots\" content=\"index, follow, max-snippet:-1, max-image-preview:large, max-video-preview:-1\" \/>\n<link rel=\"canonical\" href=\"https:\/\/lovme.pt\/index.php\/produto\/adrien-lastic-bala-vibrante-univibe-mini-preta\/\" \/>\n<meta property=\"og:locale\" content=\"pt_PT\" \/>\n<meta property=\"og:type\" content=\"article\" \/>\n<meta property=\"og:title\" content=\"ADRIEN LASTIC - BALA VIBRANTE UNIVIBE MINI PRETA - Lovme\" \/>\n<meta property=\"og:description\" content=\"ADRIEN LASTIC - BALA VIBRANTE UNIVIBE MINI PRETA\" \/>\n<meta property=\"og:url\" content=\"https:\/\/lovme.pt\/index.php\/produto\/adrien-lastic-bala-vibrante-univibe-mini-preta\/\" \/>\n<meta property=\"og:site_name\" content=\"Lovme\" \/>\n<meta property=\"article:modified_time\" content=\"2026-03-31T21:19:40+00:00\" \/>\n<meta property=\"og:image\" content=\"https:\/\/erki24nd3ub.exactdn.com\/wp-content\/uploads\/dream\/img\/img_158602_0a5f4b88fccd0d94221bfde1cf69300f_1.jpg?strip=all\" \/>\n\t<meta property=\"og:image:width\" content=\"800\" \/>\n\t<meta property=\"og:image:height\" content=\"800\" \/>\n\t<meta property=\"og:image:type\" content=\"image\/jpeg\" \/>\n<meta name=\"twitter:card\" content=\"summary_large_image\" \/>\n<meta name=\"twitter:label1\" content=\"Tempo estimado de leitura\" \/>\n\t<meta name=\"twitter:data1\" content=\"1 minuto\" \/>\n<script type=\"application\/ld+json\" class=\"yoast-schema-graph\">{\"@context\":\"https:\\\/\\\/schema.org\",\"@graph\":[{\"@type\":\"WebPage\",\"@id\":\"https:\\\/\\\/lovme.pt\\\/index.php\\\/produto\\\/adrien-lastic-bala-vibrante-univibe-mini-preta\\\/\",\"url\":\"https:\\\/\\\/lovme.pt\\\/index.php\\\/produto\\\/adrien-lastic-bala-vibrante-univibe-mini-preta\\\/\",\"name\":\"ADRIEN LASTIC - BALA VIBRANTE UNIVIBE MINI PRETA - Lovme\",\"isPartOf\":{\"@id\":\"https:\\\/\\\/lovme.pt\\\/#website\"},\"primaryImageOfPage\":{\"@id\":\"https:\\\/\\\/lovme.pt\\\/index.php\\\/produto\\\/adrien-lastic-bala-vibrante-univibe-mini-preta\\\/#primaryimage\"},\"image\":{\"@id\":\"https:\\\/\\\/lovme.pt\\\/index.php\\\/produto\\\/adrien-lastic-bala-vibrante-univibe-mini-preta\\\/#primaryimage\"},\"thumbnailUrl\":\"https:\\\/\\\/erki24nd3ub.exactdn.com\\\/wp-content\\\/uploads\\\/dream\\\/img\\\/img_158602_0a5f4b88fccd0d94221bfde1cf69300f_1.jpg?strip=all\",\"datePublished\":\"2025-10-01T03:00:47+00:00\",\"dateModified\":\"2026-03-31T21:19:40+00:00\",\"breadcrumb\":{\"@id\":\"https:\\\/\\\/lovme.pt\\\/index.php\\\/produto\\\/adrien-lastic-bala-vibrante-univibe-mini-preta\\\/#breadcrumb\"},\"inLanguage\":\"pt-PT\",\"potentialAction\":[{\"@type\":\"ReadAction\",\"target\":[\"https:\\\/\\\/lovme.pt\\\/index.php\\\/produto\\\/adrien-lastic-bala-vibrante-univibe-mini-preta\\\/\"]}]},{\"@type\":\"ImageObject\",\"inLanguage\":\"pt-PT\",\"@id\":\"https:\\\/\\\/lovme.pt\\\/index.php\\\/produto\\\/adrien-lastic-bala-vibrante-univibe-mini-preta\\\/#primaryimage\",\"url\":\"https:\\\/\\\/erki24nd3ub.exactdn.com\\\/wp-content\\\/uploads\\\/dream\\\/img\\\/img_158602_0a5f4b88fccd0d94221bfde1cf69300f_1.jpg?strip=all\",\"contentUrl\":\"https:\\\/\\\/erki24nd3ub.exactdn.com\\\/wp-content\\\/uploads\\\/dream\\\/img\\\/img_158602_0a5f4b88fccd0d94221bfde1cf69300f_1.jpg?strip=all\",\"width\":800,\"height\":800},{\"@type\":\"BreadcrumbList\",\"@id\":\"https:\\\/\\\/lovme.pt\\\/index.php\\\/produto\\\/adrien-lastic-bala-vibrante-univibe-mini-preta\\\/#breadcrumb\",\"itemListElement\":[{\"@type\":\"ListItem\",\"position\":1,\"name\":\"In\u00edcio\",\"item\":\"https:\\\/\\\/lovme.pt\\\/\"},{\"@type\":\"ListItem\",\"position\":2,\"name\":\"Loja\",\"item\":\"https:\\\/\\\/lovme.pt\\\/index.php\\\/loja\\\/\"},{\"@type\":\"ListItem\",\"position\":3,\"name\":\"ADRIEN LASTIC &#8211; BALA VIBRANTE UNIVIBE MINI PRETA\"}]},{\"@type\":\"WebSite\",\"@id\":\"https:\\\/\\\/lovme.pt\\\/#website\",\"url\":\"https:\\\/\\\/lovme.pt\\\/\",\"name\":\"Lovme Loja Er\u00f3tica N\u00ba1 em Portugal\",\"description\":\"A melhor loja er\u00f3tica de Portugal.\",\"alternateName\":\"Loja Er\u00f3tica Lovme\",\"potentialAction\":[{\"@type\":\"SearchAction\",\"target\":{\"@type\":\"EntryPoint\",\"urlTemplate\":\"https:\\\/\\\/lovme.pt\\\/?s={search_term_string}\"},\"query-input\":{\"@type\":\"PropertyValueSpecification\",\"valueRequired\":true,\"valueName\":\"search_term_string\"}}],\"inLanguage\":\"pt-PT\"}]}<\/script>\n<!-- \/ Yoast SEO plugin. -->","yoast_head_json":{"title":"ADRIEN LASTIC - BALA VIBRANTE UNIVIBE MINI PRETA - Lovme","robots":{"index":"index","follow":"follow","max-snippet":"max-snippet:-1","max-image-preview":"max-image-preview:large","max-video-preview":"max-video-preview:-1"},"canonical":"https:\/\/lovme.pt\/index.php\/produto\/adrien-lastic-bala-vibrante-univibe-mini-preta\/","og_locale":"pt_PT","og_type":"article","og_title":"ADRIEN LASTIC - BALA VIBRANTE UNIVIBE MINI PRETA - Lovme","og_description":"ADRIEN LASTIC - BALA VIBRANTE UNIVIBE MINI PRETA","og_url":"https:\/\/lovme.pt\/index.php\/produto\/adrien-lastic-bala-vibrante-univibe-mini-preta\/","og_site_name":"Lovme","article_modified_time":"2026-03-31T21:19:40+00:00","og_image":[{"width":800,"height":800,"url":"https:\/\/erki24nd3ub.exactdn.com\/wp-content\/uploads\/dream\/img\/img_158602_0a5f4b88fccd0d94221bfde1cf69300f_1.jpg?strip=all","type":"image\/jpeg"}],"twitter_card":"summary_large_image","twitter_misc":{"Tempo estimado de leitura":"1 minuto"},"schema":{"@context":"https:\/\/schema.org","@graph":[{"@type":"WebPage","@id":"https:\/\/lovme.pt\/index.php\/produto\/adrien-lastic-bala-vibrante-univibe-mini-preta\/","url":"https:\/\/lovme.pt\/index.php\/produto\/adrien-lastic-bala-vibrante-univibe-mini-preta\/","name":"ADRIEN LASTIC - BALA VIBRANTE UNIVIBE MINI PRETA - Lovme","isPartOf":{"@id":"https:\/\/lovme.pt\/#website"},"primaryImageOfPage":{"@id":"https:\/\/lovme.pt\/index.php\/produto\/adrien-lastic-bala-vibrante-univibe-mini-preta\/#primaryimage"},"image":{"@id":"https:\/\/lovme.pt\/index.php\/produto\/adrien-lastic-bala-vibrante-univibe-mini-preta\/#primaryimage"},"thumbnailUrl":"https:\/\/erki24nd3ub.exactdn.com\/wp-content\/uploads\/dream\/img\/img_158602_0a5f4b88fccd0d94221bfde1cf69300f_1.jpg?strip=all","datePublished":"2025-10-01T03:00:47+00:00","dateModified":"2026-03-31T21:19:40+00:00","breadcrumb":{"@id":"https:\/\/lovme.pt\/index.php\/produto\/adrien-lastic-bala-vibrante-univibe-mini-preta\/#breadcrumb"},"inLanguage":"pt-PT","potentialAction":[{"@type":"ReadAction","target":["https:\/\/lovme.pt\/index.php\/produto\/adrien-lastic-bala-vibrante-univibe-mini-preta\/"]}]},{"@type":"ImageObject","inLanguage":"pt-PT","@id":"https:\/\/lovme.pt\/index.php\/produto\/adrien-lastic-bala-vibrante-univibe-mini-preta\/#primaryimage","url":"https:\/\/erki24nd3ub.exactdn.com\/wp-content\/uploads\/dream\/img\/img_158602_0a5f4b88fccd0d94221bfde1cf69300f_1.jpg?strip=all","contentUrl":"https:\/\/erki24nd3ub.exactdn.com\/wp-content\/uploads\/dream\/img\/img_158602_0a5f4b88fccd0d94221bfde1cf69300f_1.jpg?strip=all","width":800,"height":800},{"@type":"BreadcrumbList","@id":"https:\/\/lovme.pt\/index.php\/produto\/adrien-lastic-bala-vibrante-univibe-mini-preta\/#breadcrumb","itemListElement":[{"@type":"ListItem","position":1,"name":"In\u00edcio","item":"https:\/\/lovme.pt\/"},{"@type":"ListItem","position":2,"name":"Loja","item":"https:\/\/lovme.pt\/index.php\/loja\/"},{"@type":"ListItem","position":3,"name":"ADRIEN LASTIC &#8211; BALA VIBRANTE UNIVIBE MINI PRETA"}]},{"@type":"WebSite","@id":"https:\/\/lovme.pt\/#website","url":"https:\/\/lovme.pt\/","name":"Lovme Loja Er\u00f3tica N\u00ba1 em Portugal","description":"A melhor loja er\u00f3tica de Portugal.","alternateName":"Loja Er\u00f3tica Lovme","potentialAction":[{"@type":"SearchAction","target":{"@type":"EntryPoint","urlTemplate":"https:\/\/lovme.pt\/?s={search_term_string}"},"query-input":{"@type":"PropertyValueSpecification","valueRequired":true,"valueName":"search_term_string"}}],"inLanguage":"pt-PT"}]}},"_links":{"self":[{"href":"https:\/\/lovme.pt\/index.php\/wp-json\/wp\/v2\/product\/45554","targetHints":{"allow":["GET"]}}],"collection":[{"href":"https:\/\/lovme.pt\/index.php\/wp-json\/wp\/v2\/product"}],"about":[{"href":"https:\/\/lovme.pt\/index.php\/wp-json\/wp\/v2\/types\/product"}],"wp:featuredmedia":[{"embeddable":true,"href":"https:\/\/lovme.pt\/index.php\/wp-json\/wp\/v2\/media\/100809"}],"wp:attachment":[{"href":"https:\/\/lovme.pt\/index.php\/wp-json\/wp\/v2\/media?parent=45554"}],"wp:term":[{"taxonomy":"product_brand","embeddable":true,"href":"https:\/\/lovme.pt\/index.php\/wp-json\/wp\/v2\/product_brand?post=45554"},{"taxonomy":"product_cat","embeddable":true,"href":"https:\/\/lovme.pt\/index.php\/wp-json\/wp\/v2\/product_cat?post=45554"},{"taxonomy":"product_tag","embeddable":true,"href":"https:\/\/lovme.pt\/index.php\/wp-json\/wp\/v2\/product_tag?post=45554"}],"curies":[{"name":"wp","href":"https:\/\/api.w.org\/{rel}","templated":true}]}}