{"id":45537,"date":"2025-10-01T02:54:33","date_gmt":"2025-10-01T02:54:33","guid":{"rendered":"https:\/\/lovme.pt\/?post_type=product&p=45537"},"modified":"2026-03-31T22:46:43","modified_gmt":"2026-03-31T22:46:43","slug":"adrien-lastic-queens-strap-on-flexivel-rosa-tamanho-s","status":"publish","type":"product","link":"https:\/\/lovme.pt\/index.php\/produto\/adrien-lastic-queens-strap-on-flexivel-rosa-tamanho-s\/","title":{"rendered":"ADRIEN LASTIC &#8211; QUEENS STRAP-ON FLEX\u00cdVEL ROSA TAMANHO S"},"content":{"rendered":"<p><u><strong>DESCUBRA O QUEENS<\/strong><\/u><\/p>\n<p>Novo vibrador sem al\u00e7as, feito de silicone super macio, flex\u00edvel, \u00e0 prova d\u00e1gua e com tr\u00eas tamanhos dispon\u00edveis. Ser\u00e1 o melhor aliado de muitos de voc\u00eas!<\/p>\n<p>O Strapless Double Peneration Dildo \u00e9 um vibrador sem arn\u00eas e sem as habituais al\u00e7as. Em vez disso, possui uma cabe\u00e7a curva inser\u00edvel projetada para penetra\u00e7\u00e3o vaginal, tornando este brinquedo ideal para casais somente mulheres ou homens e mulheres.<\/p>\n<p>O formato da ponta curta estimula o ponto G da mulher durante o uso. O vibrador \u00e9 feito de silicone, um material confort\u00e1vel, macio e imperme\u00e1vel. O tamanho realista \u00e9 especialmente bom para iniciantes. E o di\u00e2metro tamb\u00e9m n\u00e3o intimida muito, voc\u00ea pode escolher o tamanho de acordo com sua prefer\u00eancia.<\/p>\n<p>Queens pode ser usado com lubrificante \u00e0 base de \u00e1gua. Se voc\u00ea ainda est\u00e1 se perguntando qual \u00e9 a vantagem do Queens\u2026 Muito f\u00e1cil, \u00e9 um didlo de dupla estimula\u00e7\u00e3o que vai te dar prazer. prazer \u00e0 parte ativa e \u00e0 parte passiva ao mesmo tempo. Al\u00e9m disso, n\u00e3o haver\u00e1 nada que dificulte a pr\u00e1tica, por exemplo, um arn\u00eas no meio. Voc\u00ea est\u00e1 pronto para uma sess\u00e3o de prazer simult\u00e2neo?<\/p>\n<div>\n<p><u><strong>COMO US\u00c1-LO?<\/strong><\/u><\/p>\n<p>Antes de come\u00e7ar a brincar com o Queens, limpe-o com um limpador de brinquedos ou sab\u00e3o neutro e \u00e1gua morna. Depois de desinfetado, aplique lubrificante em ambas as extremidades do vibrador Queens.<\/p>\n<p>Com o lubrificante aplicado, um membro do casal com vulva deve inserir a cabe\u00e7a, fixando-a tocando o ponto G. Uma vez l\u00e1 dentro, com a outra extremidade, come\u00e7a a penetra\u00e7\u00e3o do outro membro do casal de forma suave e delicada.<\/p>\n<p>Al\u00e9m disso, ao n\u00e3o usar arn\u00eas ou al\u00e7as, se houver duas meninas que usam <strong>Queens<\/strong> , ao penetrar com o vibrador, os dois clit\u00f3ris entrar\u00e3o em contato enquanto s\u00e3o feitos movimentos suaves do quadril, criando uma explos\u00e3o de sensa\u00e7\u00f5es<\/p>\n<p>\u00a0<\/p>\n<p><u><strong>CARACTER\u00cdSTICAS<\/strong><\/u><\/p>\n<ul>\n<li>F\u00e1cil de usar.<\/li>\n<li>Material de silicone super macio.<\/li>\n<li>Flex\u00edvel.<\/li>\n<li>Ideal para casais, sejam eles compostos por mulheres ou homens e mulheres.<\/li>\n<li>Ponto G e estimula\u00e7\u00e3o vaginal.<\/li>\n<li><u>Dimens\u00f5es<\/u> : Comprimento 14,5 cm \/\/ Di\u00e2metro 4 cm<\/li>\n<\/ul>\n<p>\u00a0<\/p>\n<p><u><strong>CONTE\u00daDO DA CAIXA<\/strong><\/u><\/p>\n<ul>\n<li>Rainhas<\/li>\n<li>Bolsa de cetim<\/li>\n<li>Cart\u00e3o de garantia<\/li>\n<\/ul>\n<\/div>\n","protected":false},"excerpt":{"rendered":"<p>ADRIEN LASTIC &#8211; QUEENS STRAP-ON FLEX\u00cdVEL ROSA TAMANHO S<\/p>\n","protected":false},"featured_media":100015,"template":"","meta":{"_acf_changed":false},"product_brand":[],"product_cat":[17,56],"product_tag":[],"class_list":{"0":"post-45537","1":"product","2":"type-product","3":"status-publish","4":"has-post-thumbnail","6":"product_cat-brinquedos-de-bem-estar-sexual","7":"product_cat-dildos-e-arneses","8":"yith_product_brand-adrien-lastic","10":"first","11":"instock","12":"taxable","13":"shipping-taxable","14":"purchasable","15":"product-type-simple"},"acf":[],"yoast_head":"<!-- This site is optimized with the Yoast SEO plugin v27.3 - https:\/\/yoast.com\/product\/yoast-seo-wordpress\/ -->\n<title>ADRIEN LASTIC - QUEENS STRAP-ON FLEX\u00cdVEL ROSA TAMANHO S - Lovme<\/title>\n<meta name=\"robots\" content=\"index, follow, max-snippet:-1, max-image-preview:large, max-video-preview:-1\" \/>\n<link rel=\"canonical\" href=\"https:\/\/lovme.pt\/index.php\/produto\/adrien-lastic-queens-strap-on-flexivel-rosa-tamanho-s\/\" \/>\n<meta property=\"og:locale\" content=\"pt_PT\" \/>\n<meta property=\"og:type\" content=\"article\" \/>\n<meta property=\"og:title\" content=\"ADRIEN LASTIC - QUEENS STRAP-ON FLEX\u00cdVEL ROSA TAMANHO S - Lovme\" \/>\n<meta property=\"og:description\" content=\"ADRIEN LASTIC - QUEENS STRAP-ON FLEX\u00cdVEL ROSA TAMANHO S\" \/>\n<meta property=\"og:url\" content=\"https:\/\/lovme.pt\/index.php\/produto\/adrien-lastic-queens-strap-on-flexivel-rosa-tamanho-s\/\" \/>\n<meta property=\"og:site_name\" content=\"Lovme\" \/>\n<meta property=\"article:modified_time\" content=\"2026-03-31T22:46:43+00:00\" \/>\n<meta property=\"og:image\" content=\"https:\/\/erki24nd3ub.exactdn.com\/wp-content\/uploads\/dream\/img\/img_158634_e1eac3ba6ca710296c82f89af4756742_1.jpg?strip=all\" \/>\n\t<meta property=\"og:image:width\" content=\"800\" \/>\n\t<meta property=\"og:image:height\" content=\"800\" \/>\n\t<meta property=\"og:image:type\" content=\"image\/jpeg\" \/>\n<meta name=\"twitter:card\" content=\"summary_large_image\" \/>\n<meta name=\"twitter:label1\" content=\"Tempo estimado de leitura\" \/>\n\t<meta name=\"twitter:data1\" content=\"2 minutos\" \/>\n<script type=\"application\/ld+json\" class=\"yoast-schema-graph\">{\"@context\":\"https:\\\/\\\/schema.org\",\"@graph\":[{\"@type\":\"WebPage\",\"@id\":\"https:\\\/\\\/lovme.pt\\\/index.php\\\/produto\\\/adrien-lastic-queens-strap-on-flexivel-rosa-tamanho-s\\\/\",\"url\":\"https:\\\/\\\/lovme.pt\\\/index.php\\\/produto\\\/adrien-lastic-queens-strap-on-flexivel-rosa-tamanho-s\\\/\",\"name\":\"ADRIEN LASTIC - QUEENS STRAP-ON FLEX\u00cdVEL ROSA TAMANHO S - Lovme\",\"isPartOf\":{\"@id\":\"https:\\\/\\\/lovme.pt\\\/#website\"},\"primaryImageOfPage\":{\"@id\":\"https:\\\/\\\/lovme.pt\\\/index.php\\\/produto\\\/adrien-lastic-queens-strap-on-flexivel-rosa-tamanho-s\\\/#primaryimage\"},\"image\":{\"@id\":\"https:\\\/\\\/lovme.pt\\\/index.php\\\/produto\\\/adrien-lastic-queens-strap-on-flexivel-rosa-tamanho-s\\\/#primaryimage\"},\"thumbnailUrl\":\"https:\\\/\\\/erki24nd3ub.exactdn.com\\\/wp-content\\\/uploads\\\/dream\\\/img\\\/img_158634_e1eac3ba6ca710296c82f89af4756742_1.jpg?strip=all\",\"datePublished\":\"2025-10-01T02:54:33+00:00\",\"dateModified\":\"2026-03-31T22:46:43+00:00\",\"breadcrumb\":{\"@id\":\"https:\\\/\\\/lovme.pt\\\/index.php\\\/produto\\\/adrien-lastic-queens-strap-on-flexivel-rosa-tamanho-s\\\/#breadcrumb\"},\"inLanguage\":\"pt-PT\",\"potentialAction\":[{\"@type\":\"ReadAction\",\"target\":[\"https:\\\/\\\/lovme.pt\\\/index.php\\\/produto\\\/adrien-lastic-queens-strap-on-flexivel-rosa-tamanho-s\\\/\"]}]},{\"@type\":\"ImageObject\",\"inLanguage\":\"pt-PT\",\"@id\":\"https:\\\/\\\/lovme.pt\\\/index.php\\\/produto\\\/adrien-lastic-queens-strap-on-flexivel-rosa-tamanho-s\\\/#primaryimage\",\"url\":\"https:\\\/\\\/erki24nd3ub.exactdn.com\\\/wp-content\\\/uploads\\\/dream\\\/img\\\/img_158634_e1eac3ba6ca710296c82f89af4756742_1.jpg?strip=all\",\"contentUrl\":\"https:\\\/\\\/erki24nd3ub.exactdn.com\\\/wp-content\\\/uploads\\\/dream\\\/img\\\/img_158634_e1eac3ba6ca710296c82f89af4756742_1.jpg?strip=all\",\"width\":800,\"height\":800},{\"@type\":\"BreadcrumbList\",\"@id\":\"https:\\\/\\\/lovme.pt\\\/index.php\\\/produto\\\/adrien-lastic-queens-strap-on-flexivel-rosa-tamanho-s\\\/#breadcrumb\",\"itemListElement\":[{\"@type\":\"ListItem\",\"position\":1,\"name\":\"In\u00edcio\",\"item\":\"https:\\\/\\\/lovme.pt\\\/\"},{\"@type\":\"ListItem\",\"position\":2,\"name\":\"Loja\",\"item\":\"https:\\\/\\\/lovme.pt\\\/index.php\\\/loja\\\/\"},{\"@type\":\"ListItem\",\"position\":3,\"name\":\"ADRIEN LASTIC &#8211; QUEENS STRAP-ON FLEX\u00cdVEL ROSA TAMANHO S\"}]},{\"@type\":\"WebSite\",\"@id\":\"https:\\\/\\\/lovme.pt\\\/#website\",\"url\":\"https:\\\/\\\/lovme.pt\\\/\",\"name\":\"Lovme Loja Er\u00f3tica N\u00ba1 em Portugal\",\"description\":\"A melhor loja er\u00f3tica de Portugal.\",\"alternateName\":\"Loja Er\u00f3tica Lovme\",\"potentialAction\":[{\"@type\":\"SearchAction\",\"target\":{\"@type\":\"EntryPoint\",\"urlTemplate\":\"https:\\\/\\\/lovme.pt\\\/?s={search_term_string}\"},\"query-input\":{\"@type\":\"PropertyValueSpecification\",\"valueRequired\":true,\"valueName\":\"search_term_string\"}}],\"inLanguage\":\"pt-PT\"}]}<\/script>\n<!-- \/ Yoast SEO plugin. -->","yoast_head_json":{"title":"ADRIEN LASTIC - QUEENS STRAP-ON FLEX\u00cdVEL ROSA TAMANHO S - Lovme","robots":{"index":"index","follow":"follow","max-snippet":"max-snippet:-1","max-image-preview":"max-image-preview:large","max-video-preview":"max-video-preview:-1"},"canonical":"https:\/\/lovme.pt\/index.php\/produto\/adrien-lastic-queens-strap-on-flexivel-rosa-tamanho-s\/","og_locale":"pt_PT","og_type":"article","og_title":"ADRIEN LASTIC - QUEENS STRAP-ON FLEX\u00cdVEL ROSA TAMANHO S - Lovme","og_description":"ADRIEN LASTIC - QUEENS STRAP-ON FLEX\u00cdVEL ROSA TAMANHO S","og_url":"https:\/\/lovme.pt\/index.php\/produto\/adrien-lastic-queens-strap-on-flexivel-rosa-tamanho-s\/","og_site_name":"Lovme","article_modified_time":"2026-03-31T22:46:43+00:00","og_image":[{"width":800,"height":800,"url":"https:\/\/erki24nd3ub.exactdn.com\/wp-content\/uploads\/dream\/img\/img_158634_e1eac3ba6ca710296c82f89af4756742_1.jpg?strip=all","type":"image\/jpeg"}],"twitter_card":"summary_large_image","twitter_misc":{"Tempo estimado de leitura":"2 minutos"},"schema":{"@context":"https:\/\/schema.org","@graph":[{"@type":"WebPage","@id":"https:\/\/lovme.pt\/index.php\/produto\/adrien-lastic-queens-strap-on-flexivel-rosa-tamanho-s\/","url":"https:\/\/lovme.pt\/index.php\/produto\/adrien-lastic-queens-strap-on-flexivel-rosa-tamanho-s\/","name":"ADRIEN LASTIC - QUEENS STRAP-ON FLEX\u00cdVEL ROSA TAMANHO S - Lovme","isPartOf":{"@id":"https:\/\/lovme.pt\/#website"},"primaryImageOfPage":{"@id":"https:\/\/lovme.pt\/index.php\/produto\/adrien-lastic-queens-strap-on-flexivel-rosa-tamanho-s\/#primaryimage"},"image":{"@id":"https:\/\/lovme.pt\/index.php\/produto\/adrien-lastic-queens-strap-on-flexivel-rosa-tamanho-s\/#primaryimage"},"thumbnailUrl":"https:\/\/erki24nd3ub.exactdn.com\/wp-content\/uploads\/dream\/img\/img_158634_e1eac3ba6ca710296c82f89af4756742_1.jpg?strip=all","datePublished":"2025-10-01T02:54:33+00:00","dateModified":"2026-03-31T22:46:43+00:00","breadcrumb":{"@id":"https:\/\/lovme.pt\/index.php\/produto\/adrien-lastic-queens-strap-on-flexivel-rosa-tamanho-s\/#breadcrumb"},"inLanguage":"pt-PT","potentialAction":[{"@type":"ReadAction","target":["https:\/\/lovme.pt\/index.php\/produto\/adrien-lastic-queens-strap-on-flexivel-rosa-tamanho-s\/"]}]},{"@type":"ImageObject","inLanguage":"pt-PT","@id":"https:\/\/lovme.pt\/index.php\/produto\/adrien-lastic-queens-strap-on-flexivel-rosa-tamanho-s\/#primaryimage","url":"https:\/\/erki24nd3ub.exactdn.com\/wp-content\/uploads\/dream\/img\/img_158634_e1eac3ba6ca710296c82f89af4756742_1.jpg?strip=all","contentUrl":"https:\/\/erki24nd3ub.exactdn.com\/wp-content\/uploads\/dream\/img\/img_158634_e1eac3ba6ca710296c82f89af4756742_1.jpg?strip=all","width":800,"height":800},{"@type":"BreadcrumbList","@id":"https:\/\/lovme.pt\/index.php\/produto\/adrien-lastic-queens-strap-on-flexivel-rosa-tamanho-s\/#breadcrumb","itemListElement":[{"@type":"ListItem","position":1,"name":"In\u00edcio","item":"https:\/\/lovme.pt\/"},{"@type":"ListItem","position":2,"name":"Loja","item":"https:\/\/lovme.pt\/index.php\/loja\/"},{"@type":"ListItem","position":3,"name":"ADRIEN LASTIC &#8211; QUEENS STRAP-ON FLEX\u00cdVEL ROSA TAMANHO S"}]},{"@type":"WebSite","@id":"https:\/\/lovme.pt\/#website","url":"https:\/\/lovme.pt\/","name":"Lovme Loja Er\u00f3tica N\u00ba1 em Portugal","description":"A melhor loja er\u00f3tica de Portugal.","alternateName":"Loja Er\u00f3tica Lovme","potentialAction":[{"@type":"SearchAction","target":{"@type":"EntryPoint","urlTemplate":"https:\/\/lovme.pt\/?s={search_term_string}"},"query-input":{"@type":"PropertyValueSpecification","valueRequired":true,"valueName":"search_term_string"}}],"inLanguage":"pt-PT"}]}},"_links":{"self":[{"href":"https:\/\/lovme.pt\/index.php\/wp-json\/wp\/v2\/product\/45537","targetHints":{"allow":["GET"]}}],"collection":[{"href":"https:\/\/lovme.pt\/index.php\/wp-json\/wp\/v2\/product"}],"about":[{"href":"https:\/\/lovme.pt\/index.php\/wp-json\/wp\/v2\/types\/product"}],"wp:featuredmedia":[{"embeddable":true,"href":"https:\/\/lovme.pt\/index.php\/wp-json\/wp\/v2\/media\/100015"}],"wp:attachment":[{"href":"https:\/\/lovme.pt\/index.php\/wp-json\/wp\/v2\/media?parent=45537"}],"wp:term":[{"taxonomy":"product_brand","embeddable":true,"href":"https:\/\/lovme.pt\/index.php\/wp-json\/wp\/v2\/product_brand?post=45537"},{"taxonomy":"product_cat","embeddable":true,"href":"https:\/\/lovme.pt\/index.php\/wp-json\/wp\/v2\/product_cat?post=45537"},{"taxonomy":"product_tag","embeddable":true,"href":"https:\/\/lovme.pt\/index.php\/wp-json\/wp\/v2\/product_tag?post=45537"}],"curies":[{"name":"wp","href":"https:\/\/api.w.org\/{rel}","templated":true}]}}