{"id":45534,"date":"2025-10-01T20:16:14","date_gmt":"2025-10-01T20:16:14","guid":{"rendered":"https:\/\/lovme.pt\/?post_type=product&#038;p=45534"},"modified":"2026-03-31T21:54:32","modified_gmt":"2026-03-31T21:54:32","slug":"adrien-lastic-inspiracao-ondas-estimulantes-do-clitoris-ovo-vibrante-vermelho-aplicativo-gratuito","status":"publish","type":"product","link":"https:\/\/lovme.pt\/index.php\/produto\/adrien-lastic-inspiracao-ondas-estimulantes-do-clitoris-ovo-vibrante-vermelho-aplicativo-gratuito\/","title":{"rendered":"ADRIEN LASTIC &#8211; SUCKER DE CLIT\u00d3RIS DE INSPIRA\u00c7\u00c3O + OVO VIBRAT\u00d3RIO VERMELHO &#8211; APLICATIVO GRATUITO"},"content":{"rendered":"<p><u><strong>DESCUBRA A INSPIRA\u00c7\u00c3O<\/strong><\/u><\/p>\n<p> Combinando uma das suc\u00e7\u00f5es mais silenciosas e potentes do mercado com um ovo vibrat\u00f3rio macio, ergon\u00f4mico e f\u00e1cil de inserir, o Inspiration proporcionar\u00e1 orgasmos m\u00faltiplos. Sua caracter\u00edstica \u00fanica \u00e9 que ele proporcionar\u00e1 novas sensa\u00e7\u00f5es com a combina\u00e7\u00e3o de suc\u00e7\u00e3o e vibra\u00e7\u00e3o. O orgasmo dois em um.<\/p>\n<p> Gra\u00e7as ao modo virtual do Inspiration, voc\u00ea superar\u00e1 a dificuldade da dist\u00e2ncia. Enquanto controla o conjunto Inspiration do seu parceiro, voc\u00ea poder\u00e1 compartilhar momentos \u00edntimos, mesmo a milhares de quil\u00f4metros de dist\u00e2ncia, atrav\u00e9s do modo interativo do aplicativo gratuito de Adrien Lastic.<\/p>\n<p> Viva uma experi\u00eancia sexual incr\u00edvel multiplicada pelos dois brinquedos que comp\u00f5em o Inspiration e aproveite as m\u00faltiplas op\u00e7\u00f5es de brincadeiras que sua imagina\u00e7\u00e3o p\u00f5e em movimento.<\/p>\n<p> Voc\u00ea pode usar o sugador de clit\u00f3ris individualmente, em casal ou sozinho, pois seu tamanho ideal e formato ergon\u00f4mico permitem que ele seja adaptado inclusive durante o sexo, seja controlando-o com os bot\u00f5es do brinquedo ou remotamente do seu dispositivo m\u00f3vel com o App.<\/p>\n<p> Voc\u00ea tamb\u00e9m pode usar o ovo vibrat\u00f3rio sozinho, alterando o modo de vibra\u00e7\u00e3o no pr\u00f3prio bot\u00e3o ou remotamente, o que personalizar\u00e1 sua experi\u00eancia de acordo com seus desejos. Finalmente, voc\u00ea desfrutar\u00e1 da experi\u00eancia completa com estimula\u00e7\u00e3o dupla. Insira o ovo na vagina e aplique a ventosa no clit\u00f3ris&#8230; voc\u00ea vai se surpreender!<\/p>\n<div>\n<p> <u><strong>COMO USAR?<\/strong><\/u><\/p>\n<p> Usando sua intui\u00e7\u00e3o, voc\u00ea encontrar\u00e1 facilmente a melhor maneira de us\u00e1-lo. Sabemos que voc\u00ea ficar\u00e1 ansioso para experimentar, mas primeiro, certifique-se de carregar totalmente a bateria. Voc\u00ea ver\u00e1 que, depois de come\u00e7ar a usar o Inspiration, n\u00e3o vai querer parar.<\/p>\n<p> Combinando estimula\u00e7\u00e3o, intelig\u00eancia e um pouco de relaxamento, o Inspiration seduz suas duas zonas er\u00f3genas: o clit\u00f3ris e o ponto G. Para a melhor experi\u00eancia poss\u00edvel, recomendamos aplicar algumas gotas de lubrificante \u00e0 base de \u00e1gua nas zonas er\u00f3genas e em ambos os brinquedos.<\/p>\n<p> O ovo vibrat\u00f3rio e a ventosa podem ser ligados de forma padr\u00e3o, usando os bot\u00f5es dos pr\u00f3prios brinquedos. Voc\u00ea tamb\u00e9m pode control\u00e1-los atrav\u00e9s do aplicativo &#8220;Adlove&#8221;, especialmente desenvolvido para manipular brinquedos sexuais com fun\u00e7\u00f5es surpreendentemente variadas.<\/p>\n<p> Voc\u00ea encontrar\u00e1 diversos recursos que vai adorar. Do modo solo para desfrutar da sua sexualidade com privacidade, ao modo m\u00fasica para vibrar ao ritmo das suas m\u00fasicas favoritas, ao modo shake, onde voc\u00ea pode controlar a intensidade e a for\u00e7a da suc\u00e7\u00e3o e vibra\u00e7\u00e3o enquanto balan\u00e7a o celular, ou, finalmente, o modo interativo, onde voc\u00ea pode se conectar com seu parceiro ou amante onde quer que esteja e desfrutar do sexting em um n\u00edvel totalmente novo.<\/p>\n<p> E, por fim, que tal convidar seu parceiro a escolher modos de vibra\u00e7\u00e3o e suc\u00e7\u00e3o de outra cidade, pa\u00eds ou continente? Descubram juntos novas formas de estimula\u00e7\u00e3o e prazer sexual.<\/p>\n<\/p>\n<p> <u><strong>CARACTER\u00cdSTICAS<\/strong><\/u><\/p>\n<ul>\n<li> Dois brinquedos que podem ser usados separadamente ou simultaneamente: uma ventosa e um ovo vibrat\u00f3rio.<\/li>\n<li> Controle remoto com o aplicativo Adrienlastic para iOS e Android. Permite conex\u00e3o ilimitada de longa dist\u00e2ncia.<\/li>\n<li> Silicone premium super macio.<\/li>\n<li> Tecnologia DCS Sistema de cl\u00edmax duplo que atinge o cl\u00edmax por suc\u00e7\u00e3o e vibra\u00e7\u00f5es profundas.<\/li>\n<li> 9 intensidades de suc\u00e7\u00e3o e 9 intensidades de vibra\u00e7\u00e3o<\/li>\n<li> Resistente \u00e0 \u00e1gua.<\/li>\n<li> <u>Dimens\u00f5es<\/u> : Comprimento 10,2 \/ 18 cm \/\/ Di\u00e2metro 4,5 \/ 3,7 cm<\/li>\n<\/ul>\n<p> <u><strong>CONTE\u00daDO DA CAIXA<\/strong><\/u><\/p>\n<ul>\n<li> INSPIRA\u00c7\u00c3O<\/li>\n<li> Cabo USB<\/li>\n<li> bolsa de cetim<\/li>\n<li> Escova de limpeza<\/li>\n<li> Cart\u00e3o de garantia<\/li>\n<li> Manual de instru\u00e7\u00f5es<\/li>\n<\/ul>\n<\/div>\n","protected":false},"excerpt":{"rendered":"<p>ADRIEN LASTIC &#8211; SUCKER DE CLIT\u00d3RIS DE INSPIRA\u00c7\u00c3O + OVO VIBRAT\u00d3RIO VERMELHO &#8211; APLICATIVO GRATUITO<\/p>\n","protected":false},"featured_media":103362,"template":"","meta":{"_acf_changed":false},"product_brand":[],"product_cat":[17,61,64,76],"product_tag":[],"class_list":{"0":"post-45534","1":"product","2":"type-product","3":"status-publish","4":"has-post-thumbnail","6":"product_cat-brinquedos-de-bem-estar-sexual","7":"product_cat-para-elas","8":"product_cat-sugadores","9":"product_cat-vibradores","10":"yith_product_brand-adrien-lastic","12":"first","13":"instock","14":"taxable","15":"shipping-taxable","16":"purchasable","17":"product-type-simple"},"acf":[],"yoast_head":"<!-- This site is optimized with the Yoast SEO plugin v27.4 - https:\/\/yoast.com\/product\/yoast-seo-wordpress\/ -->\n<title>ADRIEN LASTIC - SUCKER DE CLIT\u00d3RIS DE INSPIRA\u00c7\u00c3O + OVO VIBRAT\u00d3RIO VERMELHO - APLICATIVO GRATUITO - Lovme<\/title>\n<meta name=\"robots\" content=\"index, follow, max-snippet:-1, max-image-preview:large, max-video-preview:-1\" \/>\n<link rel=\"canonical\" href=\"https:\/\/lovme.pt\/index.php\/produto\/adrien-lastic-inspiracao-ondas-estimulantes-do-clitoris-ovo-vibrante-vermelho-aplicativo-gratuito\/\" \/>\n<meta property=\"og:locale\" content=\"pt_PT\" \/>\n<meta property=\"og:type\" content=\"article\" \/>\n<meta property=\"og:title\" content=\"ADRIEN LASTIC - SUCKER DE CLIT\u00d3RIS DE INSPIRA\u00c7\u00c3O + OVO VIBRAT\u00d3RIO VERMELHO - APLICATIVO GRATUITO - Lovme\" \/>\n<meta property=\"og:description\" content=\"ADRIEN LASTIC - SUCKER DE CLIT\u00d3RIS DE INSPIRA\u00c7\u00c3O + OVO VIBRAT\u00d3RIO VERMELHO - APLICATIVO GRATUITO\" \/>\n<meta property=\"og:url\" content=\"https:\/\/lovme.pt\/index.php\/produto\/adrien-lastic-inspiracao-ondas-estimulantes-do-clitoris-ovo-vibrante-vermelho-aplicativo-gratuito\/\" \/>\n<meta property=\"og:site_name\" content=\"Lovme\" \/>\n<meta property=\"article:modified_time\" content=\"2026-03-31T21:54:32+00:00\" \/>\n<meta property=\"og:image\" content=\"https:\/\/erki24nd3ub.exactdn.com\/wp-content\/uploads\/dream\/img\/img_158624_5b9928a29c2310b9da702e1ed0fdb500_1.jpg?strip=all\" \/>\n\t<meta property=\"og:image:width\" content=\"800\" \/>\n\t<meta property=\"og:image:height\" content=\"800\" \/>\n\t<meta property=\"og:image:type\" content=\"image\/jpeg\" \/>\n<meta name=\"twitter:card\" content=\"summary_large_image\" \/>\n<meta name=\"twitter:label1\" content=\"Tempo estimado de leitura\" \/>\n\t<meta name=\"twitter:data1\" content=\"3 minutos\" \/>\n<script type=\"application\/ld+json\" class=\"yoast-schema-graph\">{\"@context\":\"https:\\\/\\\/schema.org\",\"@graph\":[{\"@type\":\"WebPage\",\"@id\":\"https:\\\/\\\/lovme.pt\\\/index.php\\\/produto\\\/adrien-lastic-inspiracao-ondas-estimulantes-do-clitoris-ovo-vibrante-vermelho-aplicativo-gratuito\\\/\",\"url\":\"https:\\\/\\\/lovme.pt\\\/index.php\\\/produto\\\/adrien-lastic-inspiracao-ondas-estimulantes-do-clitoris-ovo-vibrante-vermelho-aplicativo-gratuito\\\/\",\"name\":\"ADRIEN LASTIC - SUCKER DE CLIT\u00d3RIS DE INSPIRA\u00c7\u00c3O + OVO VIBRAT\u00d3RIO VERMELHO - APLICATIVO GRATUITO - Lovme\",\"isPartOf\":{\"@id\":\"https:\\\/\\\/lovme.pt\\\/#website\"},\"primaryImageOfPage\":{\"@id\":\"https:\\\/\\\/lovme.pt\\\/index.php\\\/produto\\\/adrien-lastic-inspiracao-ondas-estimulantes-do-clitoris-ovo-vibrante-vermelho-aplicativo-gratuito\\\/#primaryimage\"},\"image\":{\"@id\":\"https:\\\/\\\/lovme.pt\\\/index.php\\\/produto\\\/adrien-lastic-inspiracao-ondas-estimulantes-do-clitoris-ovo-vibrante-vermelho-aplicativo-gratuito\\\/#primaryimage\"},\"thumbnailUrl\":\"https:\\\/\\\/erki24nd3ub.exactdn.com\\\/wp-content\\\/uploads\\\/dream\\\/img\\\/img_158624_5b9928a29c2310b9da702e1ed0fdb500_1.jpg?strip=all\",\"datePublished\":\"2025-10-01T20:16:14+00:00\",\"dateModified\":\"2026-03-31T21:54:32+00:00\",\"breadcrumb\":{\"@id\":\"https:\\\/\\\/lovme.pt\\\/index.php\\\/produto\\\/adrien-lastic-inspiracao-ondas-estimulantes-do-clitoris-ovo-vibrante-vermelho-aplicativo-gratuito\\\/#breadcrumb\"},\"inLanguage\":\"pt-PT\",\"potentialAction\":[{\"@type\":\"ReadAction\",\"target\":[\"https:\\\/\\\/lovme.pt\\\/index.php\\\/produto\\\/adrien-lastic-inspiracao-ondas-estimulantes-do-clitoris-ovo-vibrante-vermelho-aplicativo-gratuito\\\/\"]}]},{\"@type\":\"ImageObject\",\"inLanguage\":\"pt-PT\",\"@id\":\"https:\\\/\\\/lovme.pt\\\/index.php\\\/produto\\\/adrien-lastic-inspiracao-ondas-estimulantes-do-clitoris-ovo-vibrante-vermelho-aplicativo-gratuito\\\/#primaryimage\",\"url\":\"https:\\\/\\\/erki24nd3ub.exactdn.com\\\/wp-content\\\/uploads\\\/dream\\\/img\\\/img_158624_5b9928a29c2310b9da702e1ed0fdb500_1.jpg?strip=all\",\"contentUrl\":\"https:\\\/\\\/erki24nd3ub.exactdn.com\\\/wp-content\\\/uploads\\\/dream\\\/img\\\/img_158624_5b9928a29c2310b9da702e1ed0fdb500_1.jpg?strip=all\",\"width\":800,\"height\":800},{\"@type\":\"BreadcrumbList\",\"@id\":\"https:\\\/\\\/lovme.pt\\\/index.php\\\/produto\\\/adrien-lastic-inspiracao-ondas-estimulantes-do-clitoris-ovo-vibrante-vermelho-aplicativo-gratuito\\\/#breadcrumb\",\"itemListElement\":[{\"@type\":\"ListItem\",\"position\":1,\"name\":\"In\u00edcio\",\"item\":\"https:\\\/\\\/lovme.pt\\\/\"},{\"@type\":\"ListItem\",\"position\":2,\"name\":\"Loja\",\"item\":\"https:\\\/\\\/lovme.pt\\\/index.php\\\/loja\\\/\"},{\"@type\":\"ListItem\",\"position\":3,\"name\":\"ADRIEN LASTIC &#8211; SUCKER DE CLIT\u00d3RIS DE INSPIRA\u00c7\u00c3O + OVO VIBRAT\u00d3RIO VERMELHO &#8211; APLICATIVO GRATUITO\"}]},{\"@type\":\"WebSite\",\"@id\":\"https:\\\/\\\/lovme.pt\\\/#website\",\"url\":\"https:\\\/\\\/lovme.pt\\\/\",\"name\":\"Lovme Loja Er\u00f3tica N\u00ba1 em Portugal\",\"description\":\"A melhor loja er\u00f3tica de Portugal.\",\"alternateName\":\"Loja Er\u00f3tica Lovme\",\"potentialAction\":[{\"@type\":\"SearchAction\",\"target\":{\"@type\":\"EntryPoint\",\"urlTemplate\":\"https:\\\/\\\/lovme.pt\\\/?s={search_term_string}\"},\"query-input\":{\"@type\":\"PropertyValueSpecification\",\"valueRequired\":true,\"valueName\":\"search_term_string\"}}],\"inLanguage\":\"pt-PT\"}]}<\/script>\n<!-- \/ Yoast SEO plugin. -->","yoast_head_json":{"title":"ADRIEN LASTIC - SUCKER DE CLIT\u00d3RIS DE INSPIRA\u00c7\u00c3O + OVO VIBRAT\u00d3RIO VERMELHO - APLICATIVO GRATUITO - Lovme","robots":{"index":"index","follow":"follow","max-snippet":"max-snippet:-1","max-image-preview":"max-image-preview:large","max-video-preview":"max-video-preview:-1"},"canonical":"https:\/\/lovme.pt\/index.php\/produto\/adrien-lastic-inspiracao-ondas-estimulantes-do-clitoris-ovo-vibrante-vermelho-aplicativo-gratuito\/","og_locale":"pt_PT","og_type":"article","og_title":"ADRIEN LASTIC - SUCKER DE CLIT\u00d3RIS DE INSPIRA\u00c7\u00c3O + OVO VIBRAT\u00d3RIO VERMELHO - APLICATIVO GRATUITO - Lovme","og_description":"ADRIEN LASTIC - SUCKER DE CLIT\u00d3RIS DE INSPIRA\u00c7\u00c3O + OVO VIBRAT\u00d3RIO VERMELHO - APLICATIVO GRATUITO","og_url":"https:\/\/lovme.pt\/index.php\/produto\/adrien-lastic-inspiracao-ondas-estimulantes-do-clitoris-ovo-vibrante-vermelho-aplicativo-gratuito\/","og_site_name":"Lovme","article_modified_time":"2026-03-31T21:54:32+00:00","og_image":[{"width":800,"height":800,"url":"https:\/\/erki24nd3ub.exactdn.com\/wp-content\/uploads\/dream\/img\/img_158624_5b9928a29c2310b9da702e1ed0fdb500_1.jpg?strip=all","type":"image\/jpeg"}],"twitter_card":"summary_large_image","twitter_misc":{"Tempo estimado de leitura":"3 minutos"},"schema":{"@context":"https:\/\/schema.org","@graph":[{"@type":"WebPage","@id":"https:\/\/lovme.pt\/index.php\/produto\/adrien-lastic-inspiracao-ondas-estimulantes-do-clitoris-ovo-vibrante-vermelho-aplicativo-gratuito\/","url":"https:\/\/lovme.pt\/index.php\/produto\/adrien-lastic-inspiracao-ondas-estimulantes-do-clitoris-ovo-vibrante-vermelho-aplicativo-gratuito\/","name":"ADRIEN LASTIC - SUCKER DE CLIT\u00d3RIS DE INSPIRA\u00c7\u00c3O + OVO VIBRAT\u00d3RIO VERMELHO - APLICATIVO GRATUITO - Lovme","isPartOf":{"@id":"https:\/\/lovme.pt\/#website"},"primaryImageOfPage":{"@id":"https:\/\/lovme.pt\/index.php\/produto\/adrien-lastic-inspiracao-ondas-estimulantes-do-clitoris-ovo-vibrante-vermelho-aplicativo-gratuito\/#primaryimage"},"image":{"@id":"https:\/\/lovme.pt\/index.php\/produto\/adrien-lastic-inspiracao-ondas-estimulantes-do-clitoris-ovo-vibrante-vermelho-aplicativo-gratuito\/#primaryimage"},"thumbnailUrl":"https:\/\/erki24nd3ub.exactdn.com\/wp-content\/uploads\/dream\/img\/img_158624_5b9928a29c2310b9da702e1ed0fdb500_1.jpg?strip=all","datePublished":"2025-10-01T20:16:14+00:00","dateModified":"2026-03-31T21:54:32+00:00","breadcrumb":{"@id":"https:\/\/lovme.pt\/index.php\/produto\/adrien-lastic-inspiracao-ondas-estimulantes-do-clitoris-ovo-vibrante-vermelho-aplicativo-gratuito\/#breadcrumb"},"inLanguage":"pt-PT","potentialAction":[{"@type":"ReadAction","target":["https:\/\/lovme.pt\/index.php\/produto\/adrien-lastic-inspiracao-ondas-estimulantes-do-clitoris-ovo-vibrante-vermelho-aplicativo-gratuito\/"]}]},{"@type":"ImageObject","inLanguage":"pt-PT","@id":"https:\/\/lovme.pt\/index.php\/produto\/adrien-lastic-inspiracao-ondas-estimulantes-do-clitoris-ovo-vibrante-vermelho-aplicativo-gratuito\/#primaryimage","url":"https:\/\/erki24nd3ub.exactdn.com\/wp-content\/uploads\/dream\/img\/img_158624_5b9928a29c2310b9da702e1ed0fdb500_1.jpg?strip=all","contentUrl":"https:\/\/erki24nd3ub.exactdn.com\/wp-content\/uploads\/dream\/img\/img_158624_5b9928a29c2310b9da702e1ed0fdb500_1.jpg?strip=all","width":800,"height":800},{"@type":"BreadcrumbList","@id":"https:\/\/lovme.pt\/index.php\/produto\/adrien-lastic-inspiracao-ondas-estimulantes-do-clitoris-ovo-vibrante-vermelho-aplicativo-gratuito\/#breadcrumb","itemListElement":[{"@type":"ListItem","position":1,"name":"In\u00edcio","item":"https:\/\/lovme.pt\/"},{"@type":"ListItem","position":2,"name":"Loja","item":"https:\/\/lovme.pt\/index.php\/loja\/"},{"@type":"ListItem","position":3,"name":"ADRIEN LASTIC &#8211; SUCKER DE CLIT\u00d3RIS DE INSPIRA\u00c7\u00c3O + OVO VIBRAT\u00d3RIO VERMELHO &#8211; APLICATIVO GRATUITO"}]},{"@type":"WebSite","@id":"https:\/\/lovme.pt\/#website","url":"https:\/\/lovme.pt\/","name":"Lovme Loja Er\u00f3tica N\u00ba1 em Portugal","description":"A melhor loja er\u00f3tica de Portugal.","alternateName":"Loja Er\u00f3tica Lovme","potentialAction":[{"@type":"SearchAction","target":{"@type":"EntryPoint","urlTemplate":"https:\/\/lovme.pt\/?s={search_term_string}"},"query-input":{"@type":"PropertyValueSpecification","valueRequired":true,"valueName":"search_term_string"}}],"inLanguage":"pt-PT"}]}},"_links":{"self":[{"href":"https:\/\/lovme.pt\/index.php\/wp-json\/wp\/v2\/product\/45534","targetHints":{"allow":["GET"]}}],"collection":[{"href":"https:\/\/lovme.pt\/index.php\/wp-json\/wp\/v2\/product"}],"about":[{"href":"https:\/\/lovme.pt\/index.php\/wp-json\/wp\/v2\/types\/product"}],"wp:featuredmedia":[{"embeddable":true,"href":"https:\/\/lovme.pt\/index.php\/wp-json\/wp\/v2\/media\/103362"}],"wp:attachment":[{"href":"https:\/\/lovme.pt\/index.php\/wp-json\/wp\/v2\/media?parent=45534"}],"wp:term":[{"taxonomy":"product_brand","embeddable":true,"href":"https:\/\/lovme.pt\/index.php\/wp-json\/wp\/v2\/product_brand?post=45534"},{"taxonomy":"product_cat","embeddable":true,"href":"https:\/\/lovme.pt\/index.php\/wp-json\/wp\/v2\/product_cat?post=45534"},{"taxonomy":"product_tag","embeddable":true,"href":"https:\/\/lovme.pt\/index.php\/wp-json\/wp\/v2\/product_tag?post=45534"}],"curies":[{"name":"wp","href":"https:\/\/api.w.org\/{rel}","templated":true}]}}