{"id":45526,"date":"2025-10-01T03:00:30","date_gmt":"2025-10-01T03:00:30","guid":{"rendered":"https:\/\/lovme.pt\/?post_type=product&p=45526"},"modified":"2026-02-19T20:22:09","modified_gmt":"2026-02-19T20:22:09","slug":"adrien-lastic-vibrador-twister-e-rotador-massager-coelho-preto","status":"publish","type":"product","link":"https:\/\/lovme.pt\/index.php\/produto\/adrien-lastic-vibrador-twister-e-rotador-massager-coelho-preto\/","title":{"rendered":"ADRIEN LASTIC &#8211; VIBRADOR TWISTER E ROTADOR MASSAGER COELHO PRETO"},"content":{"rendered":"<p><u><strong>DESCUBRA O TWISTER<\/strong><\/u><\/p>\n<p>Com tr\u00eas motores <strong>Twister<\/strong> voc\u00ea vai se deliciar. com uma experi\u00eancia vaginal 3D completa. Um motor controla as ondula\u00e7\u00f5es 3D com as quais voc\u00ea sentir\u00e1 maravilhosas rota\u00e7\u00f5es e sensa\u00e7\u00f5es. A segunda \u00e9 uma vibra\u00e7\u00e3o de coelho, com um coelho longo e flex\u00edvel as vibra\u00e7\u00f5es s\u00e3o especialmente concebidas para a estimula\u00e7\u00e3o do clit\u00f3ris. Por fim, existe a vibra\u00e7\u00e3o vaginal, uma vibra\u00e7\u00e3o que se espalha por todo o vibrador Twister e que vai fazer voc\u00ea se sentir desconfort\u00e1vel. vibrar como nunca antes.<\/p>\n<p>Pode-se dizer que \u00e9 um brinquedo silencioso, embora a rota\u00e7\u00e3o seja sempre um pouco mais alta, ao introduzir <strong>o Twister<\/strong> na vagina voc\u00ea ouvir\u00e1 apenas seus gemidos. <strong>Twister<\/strong> possui ponta macia, sedosa, fina e curva para estimular o ponto G. Al\u00e9m disso, \u00e9 submers\u00edvel gra\u00e7as ao silicone de qualidade com que \u00e9 feito. fabricado.<\/p>\n<p>Uma das vantagens do <strong>Twister<\/strong> e o que faz voc\u00ea se apaixonar s\u00e3o as fun\u00e7\u00f5es quase infinitas que ele possui. Possui vinte modos de vibra\u00e7\u00e3o, vinte modos de vibra\u00e7\u00e3o de coelho e vinte modos de rota\u00e7\u00e3o. Voc\u00ea pode imaginar? Com as possibilidades que o vibrador oferece voc\u00ea n\u00e3o poder\u00e1 parar.<\/p>\n<div>\n<p><u><strong>COMO US\u00c1-LO?<\/strong><\/u><\/p>\n<p>Combinando tr\u00eas tipos de estimula\u00e7\u00e3o vaginal, <strong>Twister<\/strong> oferece uma experi\u00eancia 3D, al\u00e9m de preparar o lubrificante \u00e0 base de \u00e1gua e aplic\u00e1-lo no brinquedo e na sua vagina.<\/p>\n<p>Para ligar o vibrador vaginal, pressione o bot\u00e3o Liga\/Desliga por 3 segundos e ele ligar\u00e1. um liderado. Nesse momento os tr\u00eas motores responder\u00e3o e voc\u00ea poder\u00e1 alterar o modo do vibrador vaginal pressionando o mesmo bot\u00e3o. Para ligar o vibrador coelho, pressione o bot\u00e3o que parece uma tulipa com um clique se o LED estiver aceso ele ser\u00e1 ativado. e a cada clique ele mudar\u00e1 de modo, para desligar o coelho pressione-o por tr\u00eas segundos.<\/p>\n<p>E a parte mais importante da experi\u00eancia vaginal 3D, para ligar a rota\u00e7\u00e3o, pressione o bot\u00e3o de rota\u00e7\u00e3o e a rota\u00e7\u00e3o come\u00e7ar\u00e1. Ele ir\u00e1 girar, com mais cliques voc\u00ea mudar\u00e1 de modo. Para desligar o motor rotativo, mantenha pressionado o mesmo bot\u00e3o por tr\u00eas segundos. Voc\u00ea est\u00e1 pronto para vibrar?<\/p>\n<p>\u00a0<\/p>\n<p><u><strong>CARACTER\u00cdSTICAS<\/strong><\/u><\/p>\n<ul>\n<li>3 motores que podem ser usados separadamente: rota\u00e7\u00e3o 3D, vibra\u00e7\u00e3o de coelho e vibra\u00e7\u00e3o vaginal.<\/li>\n<li>Combina\u00e7\u00f5es quase infinitas de modos de vibra\u00e7\u00e3o, 20 por motor, com tantas possibilidades que voc\u00ea n\u00e3o vai se cansar.<\/li>\n<li>Brinquedo que voc\u00ea pode desfrutar sem fazer barulho.<\/li>\n<li>F\u00e1cil de limpar gra\u00e7as ao seu material.<\/li>\n<li>40 modos de vibra\u00e7\u00e3o\/20 modos de rota\u00e7\u00e3o<\/li>\n<li><u>Dimens\u00f5es<\/u> : Comprimento 23 cm \/ Di\u00e2metro 4 cm<\/li>\n<\/ul>\n<p>\u00a0<\/p>\n<p><u><strong>CONTE\u00daDO DA CAIXA<\/strong><\/u><\/p>\n<ul>\n<li>TORTOR<\/li>\n<li>cabo USB<\/li>\n<li>Bolsa de cetim<\/li>\n<li>Escova de limpeza<\/li>\n<li>Cart\u00e3o de garantia<\/li>\n<li>Manual de instru\u00e7\u00f5es<\/li>\n<\/ul>\n<\/div>\n","protected":false},"excerpt":{"rendered":"<p>ADRIEN LASTIC &#8211; VIBRADOR TWISTER E ROTADOR MASSAGER COELHO PRETO<\/p>\n","protected":false},"featured_media":100772,"template":"","meta":{"_acf_changed":false},"product_brand":[],"product_cat":[17,61,76],"product_tag":[],"class_list":{"0":"post-45526","1":"product","2":"type-product","3":"status-publish","4":"has-post-thumbnail","6":"product_cat-brinquedos-de-bem-estar-sexual","7":"product_cat-para-elas","8":"product_cat-vibradores","9":"yith_product_brand-adrien-lastic","11":"first","12":"instock","13":"taxable","14":"shipping-taxable","15":"purchasable","16":"product-type-simple"},"acf":[],"yoast_head":"<!-- This site is optimized with the Yoast SEO plugin v27.4 - https:\/\/yoast.com\/product\/yoast-seo-wordpress\/ -->\n<title>ADRIEN LASTIC - VIBRADOR TWISTER E ROTADOR MASSAGER COELHO PRETO - Lovme<\/title>\n<meta name=\"robots\" content=\"index, follow, max-snippet:-1, max-image-preview:large, max-video-preview:-1\" \/>\n<link rel=\"canonical\" href=\"https:\/\/lovme.pt\/index.php\/produto\/adrien-lastic-vibrador-twister-e-rotador-massager-coelho-preto\/\" \/>\n<meta property=\"og:locale\" content=\"pt_PT\" \/>\n<meta property=\"og:type\" content=\"article\" \/>\n<meta property=\"og:title\" content=\"ADRIEN LASTIC - VIBRADOR TWISTER E ROTADOR MASSAGER COELHO PRETO - Lovme\" \/>\n<meta property=\"og:description\" content=\"ADRIEN LASTIC - VIBRADOR TWISTER E ROTADOR MASSAGER COELHO PRETO\" \/>\n<meta property=\"og:url\" content=\"https:\/\/lovme.pt\/index.php\/produto\/adrien-lastic-vibrador-twister-e-rotador-massager-coelho-preto\/\" \/>\n<meta property=\"og:site_name\" content=\"Lovme\" \/>\n<meta property=\"article:modified_time\" content=\"2026-02-19T20:22:09+00:00\" \/>\n<meta property=\"og:image\" content=\"https:\/\/erki24nd3ub.exactdn.com\/wp-content\/uploads\/dream\/img\/img_158383_ca7df684c1d05611b43686dbdda8d54c_1.jpg?strip=all\" \/>\n\t<meta property=\"og:image:width\" content=\"800\" \/>\n\t<meta property=\"og:image:height\" content=\"800\" \/>\n\t<meta property=\"og:image:type\" content=\"image\/jpeg\" \/>\n<meta name=\"twitter:card\" content=\"summary_large_image\" \/>\n<meta name=\"twitter:label1\" content=\"Tempo estimado de leitura\" \/>\n\t<meta name=\"twitter:data1\" content=\"2 minutos\" \/>\n<script type=\"application\/ld+json\" class=\"yoast-schema-graph\">{\"@context\":\"https:\\\/\\\/schema.org\",\"@graph\":[{\"@type\":\"WebPage\",\"@id\":\"https:\\\/\\\/lovme.pt\\\/index.php\\\/produto\\\/adrien-lastic-vibrador-twister-e-rotador-massager-coelho-preto\\\/\",\"url\":\"https:\\\/\\\/lovme.pt\\\/index.php\\\/produto\\\/adrien-lastic-vibrador-twister-e-rotador-massager-coelho-preto\\\/\",\"name\":\"ADRIEN LASTIC - VIBRADOR TWISTER E ROTADOR MASSAGER COELHO PRETO - Lovme\",\"isPartOf\":{\"@id\":\"https:\\\/\\\/lovme.pt\\\/#website\"},\"primaryImageOfPage\":{\"@id\":\"https:\\\/\\\/lovme.pt\\\/index.php\\\/produto\\\/adrien-lastic-vibrador-twister-e-rotador-massager-coelho-preto\\\/#primaryimage\"},\"image\":{\"@id\":\"https:\\\/\\\/lovme.pt\\\/index.php\\\/produto\\\/adrien-lastic-vibrador-twister-e-rotador-massager-coelho-preto\\\/#primaryimage\"},\"thumbnailUrl\":\"https:\\\/\\\/erki24nd3ub.exactdn.com\\\/wp-content\\\/uploads\\\/dream\\\/img\\\/img_158383_ca7df684c1d05611b43686dbdda8d54c_1.jpg?strip=all\",\"datePublished\":\"2025-10-01T03:00:30+00:00\",\"dateModified\":\"2026-02-19T20:22:09+00:00\",\"breadcrumb\":{\"@id\":\"https:\\\/\\\/lovme.pt\\\/index.php\\\/produto\\\/adrien-lastic-vibrador-twister-e-rotador-massager-coelho-preto\\\/#breadcrumb\"},\"inLanguage\":\"pt-PT\",\"potentialAction\":[{\"@type\":\"ReadAction\",\"target\":[\"https:\\\/\\\/lovme.pt\\\/index.php\\\/produto\\\/adrien-lastic-vibrador-twister-e-rotador-massager-coelho-preto\\\/\"]}]},{\"@type\":\"ImageObject\",\"inLanguage\":\"pt-PT\",\"@id\":\"https:\\\/\\\/lovme.pt\\\/index.php\\\/produto\\\/adrien-lastic-vibrador-twister-e-rotador-massager-coelho-preto\\\/#primaryimage\",\"url\":\"https:\\\/\\\/erki24nd3ub.exactdn.com\\\/wp-content\\\/uploads\\\/dream\\\/img\\\/img_158383_ca7df684c1d05611b43686dbdda8d54c_1.jpg?strip=all\",\"contentUrl\":\"https:\\\/\\\/erki24nd3ub.exactdn.com\\\/wp-content\\\/uploads\\\/dream\\\/img\\\/img_158383_ca7df684c1d05611b43686dbdda8d54c_1.jpg?strip=all\",\"width\":800,\"height\":800},{\"@type\":\"BreadcrumbList\",\"@id\":\"https:\\\/\\\/lovme.pt\\\/index.php\\\/produto\\\/adrien-lastic-vibrador-twister-e-rotador-massager-coelho-preto\\\/#breadcrumb\",\"itemListElement\":[{\"@type\":\"ListItem\",\"position\":1,\"name\":\"In\u00edcio\",\"item\":\"https:\\\/\\\/lovme.pt\\\/\"},{\"@type\":\"ListItem\",\"position\":2,\"name\":\"Loja\",\"item\":\"https:\\\/\\\/lovme.pt\\\/index.php\\\/loja\\\/\"},{\"@type\":\"ListItem\",\"position\":3,\"name\":\"ADRIEN LASTIC &#8211; VIBRADOR TWISTER E ROTADOR MASSAGER COELHO PRETO\"}]},{\"@type\":\"WebSite\",\"@id\":\"https:\\\/\\\/lovme.pt\\\/#website\",\"url\":\"https:\\\/\\\/lovme.pt\\\/\",\"name\":\"Lovme Loja Er\u00f3tica N\u00ba1 em Portugal\",\"description\":\"A melhor loja er\u00f3tica de Portugal.\",\"alternateName\":\"Loja Er\u00f3tica Lovme\",\"potentialAction\":[{\"@type\":\"SearchAction\",\"target\":{\"@type\":\"EntryPoint\",\"urlTemplate\":\"https:\\\/\\\/lovme.pt\\\/?s={search_term_string}\"},\"query-input\":{\"@type\":\"PropertyValueSpecification\",\"valueRequired\":true,\"valueName\":\"search_term_string\"}}],\"inLanguage\":\"pt-PT\"}]}<\/script>\n<!-- \/ Yoast SEO plugin. -->","yoast_head_json":{"title":"ADRIEN LASTIC - VIBRADOR TWISTER E ROTADOR MASSAGER COELHO PRETO - Lovme","robots":{"index":"index","follow":"follow","max-snippet":"max-snippet:-1","max-image-preview":"max-image-preview:large","max-video-preview":"max-video-preview:-1"},"canonical":"https:\/\/lovme.pt\/index.php\/produto\/adrien-lastic-vibrador-twister-e-rotador-massager-coelho-preto\/","og_locale":"pt_PT","og_type":"article","og_title":"ADRIEN LASTIC - VIBRADOR TWISTER E ROTADOR MASSAGER COELHO PRETO - Lovme","og_description":"ADRIEN LASTIC - VIBRADOR TWISTER E ROTADOR MASSAGER COELHO PRETO","og_url":"https:\/\/lovme.pt\/index.php\/produto\/adrien-lastic-vibrador-twister-e-rotador-massager-coelho-preto\/","og_site_name":"Lovme","article_modified_time":"2026-02-19T20:22:09+00:00","og_image":[{"width":800,"height":800,"url":"https:\/\/erki24nd3ub.exactdn.com\/wp-content\/uploads\/dream\/img\/img_158383_ca7df684c1d05611b43686dbdda8d54c_1.jpg?strip=all","type":"image\/jpeg"}],"twitter_card":"summary_large_image","twitter_misc":{"Tempo estimado de leitura":"2 minutos"},"schema":{"@context":"https:\/\/schema.org","@graph":[{"@type":"WebPage","@id":"https:\/\/lovme.pt\/index.php\/produto\/adrien-lastic-vibrador-twister-e-rotador-massager-coelho-preto\/","url":"https:\/\/lovme.pt\/index.php\/produto\/adrien-lastic-vibrador-twister-e-rotador-massager-coelho-preto\/","name":"ADRIEN LASTIC - VIBRADOR TWISTER E ROTADOR MASSAGER COELHO PRETO - Lovme","isPartOf":{"@id":"https:\/\/lovme.pt\/#website"},"primaryImageOfPage":{"@id":"https:\/\/lovme.pt\/index.php\/produto\/adrien-lastic-vibrador-twister-e-rotador-massager-coelho-preto\/#primaryimage"},"image":{"@id":"https:\/\/lovme.pt\/index.php\/produto\/adrien-lastic-vibrador-twister-e-rotador-massager-coelho-preto\/#primaryimage"},"thumbnailUrl":"https:\/\/erki24nd3ub.exactdn.com\/wp-content\/uploads\/dream\/img\/img_158383_ca7df684c1d05611b43686dbdda8d54c_1.jpg?strip=all","datePublished":"2025-10-01T03:00:30+00:00","dateModified":"2026-02-19T20:22:09+00:00","breadcrumb":{"@id":"https:\/\/lovme.pt\/index.php\/produto\/adrien-lastic-vibrador-twister-e-rotador-massager-coelho-preto\/#breadcrumb"},"inLanguage":"pt-PT","potentialAction":[{"@type":"ReadAction","target":["https:\/\/lovme.pt\/index.php\/produto\/adrien-lastic-vibrador-twister-e-rotador-massager-coelho-preto\/"]}]},{"@type":"ImageObject","inLanguage":"pt-PT","@id":"https:\/\/lovme.pt\/index.php\/produto\/adrien-lastic-vibrador-twister-e-rotador-massager-coelho-preto\/#primaryimage","url":"https:\/\/erki24nd3ub.exactdn.com\/wp-content\/uploads\/dream\/img\/img_158383_ca7df684c1d05611b43686dbdda8d54c_1.jpg?strip=all","contentUrl":"https:\/\/erki24nd3ub.exactdn.com\/wp-content\/uploads\/dream\/img\/img_158383_ca7df684c1d05611b43686dbdda8d54c_1.jpg?strip=all","width":800,"height":800},{"@type":"BreadcrumbList","@id":"https:\/\/lovme.pt\/index.php\/produto\/adrien-lastic-vibrador-twister-e-rotador-massager-coelho-preto\/#breadcrumb","itemListElement":[{"@type":"ListItem","position":1,"name":"In\u00edcio","item":"https:\/\/lovme.pt\/"},{"@type":"ListItem","position":2,"name":"Loja","item":"https:\/\/lovme.pt\/index.php\/loja\/"},{"@type":"ListItem","position":3,"name":"ADRIEN LASTIC &#8211; VIBRADOR TWISTER E ROTADOR MASSAGER COELHO PRETO"}]},{"@type":"WebSite","@id":"https:\/\/lovme.pt\/#website","url":"https:\/\/lovme.pt\/","name":"Lovme Loja Er\u00f3tica N\u00ba1 em Portugal","description":"A melhor loja er\u00f3tica de Portugal.","alternateName":"Loja Er\u00f3tica Lovme","potentialAction":[{"@type":"SearchAction","target":{"@type":"EntryPoint","urlTemplate":"https:\/\/lovme.pt\/?s={search_term_string}"},"query-input":{"@type":"PropertyValueSpecification","valueRequired":true,"valueName":"search_term_string"}}],"inLanguage":"pt-PT"}]}},"_links":{"self":[{"href":"https:\/\/lovme.pt\/index.php\/wp-json\/wp\/v2\/product\/45526","targetHints":{"allow":["GET"]}}],"collection":[{"href":"https:\/\/lovme.pt\/index.php\/wp-json\/wp\/v2\/product"}],"about":[{"href":"https:\/\/lovme.pt\/index.php\/wp-json\/wp\/v2\/types\/product"}],"wp:featuredmedia":[{"embeddable":true,"href":"https:\/\/lovme.pt\/index.php\/wp-json\/wp\/v2\/media\/100772"}],"wp:attachment":[{"href":"https:\/\/lovme.pt\/index.php\/wp-json\/wp\/v2\/media?parent=45526"}],"wp:term":[{"taxonomy":"product_brand","embeddable":true,"href":"https:\/\/lovme.pt\/index.php\/wp-json\/wp\/v2\/product_brand?post=45526"},{"taxonomy":"product_cat","embeddable":true,"href":"https:\/\/lovme.pt\/index.php\/wp-json\/wp\/v2\/product_cat?post=45526"},{"taxonomy":"product_tag","embeddable":true,"href":"https:\/\/lovme.pt\/index.php\/wp-json\/wp\/v2\/product_tag?post=45526"}],"curies":[{"name":"wp","href":"https:\/\/api.w.org\/{rel}","templated":true}]}}