{"id":45521,"date":"2025-10-01T02:14:16","date_gmt":"2025-10-01T02:14:16","guid":{"rendered":"https:\/\/lovme.pt\/?post_type=product&p=45521"},"modified":"2026-02-19T20:18:54","modified_gmt":"2026-02-19T20:18:54","slug":"pretty-love-plug-anal-inflvel-e-recarregvel","status":"publish","type":"product","link":"https:\/\/lovme.pt\/index.php\/produto\/pretty-love-plug-anal-inflvel-e-recarregvel\/","title":{"rendered":"PRETTY LOVE &#8211; PLUG ANAL INFLVEL E RECARREGVEL"},"content":{"rendered":"<p>Plug anal com formato perfeito para iniciantes e especialistas! Pode ser inflado com a pr\u00e1tica bomba de bola para ficar realmente volumoso e grosso, proporcionando uma impressionante sensa\u00e7\u00e3o de plenitude ou para treinar perfeitamente o \u00e2nus. O usu\u00e1rio se sentir\u00e1 realmente satisfeito quando este incr\u00edvel plug for inserido. As vibra\u00e7\u00f5es tamb\u00e9m adicionam um n\u00edvel extra de estimula\u00e7\u00e3o. A superf\u00edcie macia e aveludada ajuda-o a deslizar com muita facilidade, enquanto a rolha evita que entre demasiado. Liberar o ar tamb\u00e9m \u00e9 r\u00e1pido e f\u00e1cil. O plug tamb\u00e9m \u00e9 \u00e0 prova d\u00e1gua e por isso um \u00f3timo companheiro na banheira ou no chuveiro.<\/p>\n<p> O plug anal com fun\u00e7\u00e3o de infla\u00e7\u00e3o \u00e9 uma inova\u00e7\u00e3o emocionante no mundo dos brinquedos sexuais projetado para levar a experi\u00eancia anal a novos n\u00edveis de conforto e prazer. Este cativante brinquedo combina a suavidade do material e o formato ergon\u00f4mico com a possibilidade de ajuste personalizado atrav\u00e9s da infla\u00e7\u00e3o, oferecendo uma experi\u00eancia \u00fanica e satisfat\u00f3ria.<\/p>\n<p> Feito de silicone de alta qualidade, o plug anal apresenta uma textura macia e aveludada que d\u00e1 um toque indulgente \u00e0 pele. Seu design c\u00f4nico facilita a inser\u00e7\u00e3o gradual, permitindo que tanto iniciantes quanto usu\u00e1rios mais experientes desfrutem do prazer anal com conforto e seguran\u00e7a. A base ampla garante estabilidade e evita movimentos indesejados durante o uso, proporcionando tranquilidade e conforto.<\/p>\n<p> A caracter\u00edstica mais not\u00e1vel deste plug anal \u00e9 a sua fun\u00e7\u00e3o de infla\u00e7\u00e3o. Equipado com mecanismo interno facilmente controlado por dispositivo de infla\u00e7\u00e3o, o usu\u00e1rio pode ajustar o tamanho do plug ao seu ritmo e n\u00edvel de conforto. Esta funcionalidade n\u00e3o s\u00f3 permite uma inser\u00e7\u00e3o mais f\u00e1cil, como tamb\u00e9m oferece a possibilidade de experimentar diferentes n\u00edveis de plenitude e expans\u00e3o, adaptando a experi\u00eancia \u00e0s prefer\u00eancias individuais de cada utilizador.<\/p>\n<p> Este brinquedo tamb\u00e9m \u00e9 recarreg\u00e1vel atrav\u00e9s de um cabo USB, eliminando a necessidade de troca de baterias e sendo uma op\u00e7\u00e3o sustent\u00e1vel e conveniente. A resist\u00eancia \u00e0 \u00e1gua facilita a limpeza e amplia as possibilidades de explora\u00e7\u00e3o em ambientes aqu\u00e1ticos, como chuveiro ou banheira.<\/p>\n<\/p>\n<p> <u><strong>CARACTER\u00cdSTICAS:<\/strong><\/u><\/p>\n<ul>\n<li> Fun\u00e7\u00e3o: 10 fun\u00e7\u00f5es de vibra\u00e7\u00e3o e infla\u00e7\u00e3o<\/li>\n<li> \u00c0 prova d\u00e1gua: Sim<\/li>\n<li> Carregamento: USB recarreg\u00e1vel<\/li>\n<li> Material: Silicone<\/li>\n<li> Cor preta<\/li>\n<\/ul>\n","protected":false},"excerpt":{"rendered":"<p>PRETTY LOVE &#8211; PLUG ANAL INFLVEL E RECARREGVEL<\/p>\n","protected":false},"featured_media":95639,"template":"","meta":{"_acf_changed":false},"product_brand":[],"product_cat":[17,62,63],"product_tag":[],"class_list":{"0":"post-45521","1":"product","2":"type-product","3":"status-publish","4":"has-post-thumbnail","6":"product_cat-brinquedos-de-bem-estar-sexual","7":"product_cat-plugues-e-correntes-anais","8":"product_cat-sexo-anal","9":"yith_product_brand-pretty-love","10":"yith_product_brand-pretty-lovepretty-love-bottom","12":"first","13":"instock","14":"taxable","15":"shipping-taxable","16":"purchasable","17":"product-type-simple"},"acf":[],"yoast_head":"<!-- This site is optimized with the Yoast SEO plugin v27.4 - https:\/\/yoast.com\/product\/yoast-seo-wordpress\/ -->\n<title>PRETTY LOVE - PLUG ANAL INFLVEL E RECARREGVEL - Lovme<\/title>\n<meta name=\"robots\" content=\"index, follow, max-snippet:-1, max-image-preview:large, max-video-preview:-1\" \/>\n<link rel=\"canonical\" href=\"https:\/\/lovme.pt\/index.php\/produto\/pretty-love-plug-anal-inflvel-e-recarregvel\/\" \/>\n<meta property=\"og:locale\" content=\"pt_PT\" \/>\n<meta property=\"og:type\" content=\"article\" \/>\n<meta property=\"og:title\" content=\"PRETTY LOVE - PLUG ANAL INFLVEL E RECARREGVEL - Lovme\" \/>\n<meta property=\"og:description\" content=\"PRETTY LOVE - PLUG ANAL INFLVEL E RECARREGVEL\" \/>\n<meta property=\"og:url\" content=\"https:\/\/lovme.pt\/index.php\/produto\/pretty-love-plug-anal-inflvel-e-recarregvel\/\" \/>\n<meta property=\"og:site_name\" content=\"Lovme\" \/>\n<meta property=\"article:modified_time\" content=\"2026-02-19T20:18:54+00:00\" \/>\n<meta property=\"og:image\" content=\"https:\/\/erki24nd3ub.exactdn.com\/wp-content\/uploads\/dream\/img\/img_158343_efa6acd0890636933f062ec15606c027_1.jpg?strip=all\" \/>\n\t<meta property=\"og:image:width\" content=\"800\" \/>\n\t<meta property=\"og:image:height\" content=\"800\" \/>\n\t<meta property=\"og:image:type\" content=\"image\/jpeg\" \/>\n<meta name=\"twitter:card\" content=\"summary_large_image\" \/>\n<meta name=\"twitter:label1\" content=\"Tempo estimado de leitura\" \/>\n\t<meta name=\"twitter:data1\" content=\"2 minutos\" \/>\n<script type=\"application\/ld+json\" class=\"yoast-schema-graph\">{\"@context\":\"https:\\\/\\\/schema.org\",\"@graph\":[{\"@type\":\"WebPage\",\"@id\":\"https:\\\/\\\/lovme.pt\\\/index.php\\\/produto\\\/pretty-love-plug-anal-inflvel-e-recarregvel\\\/\",\"url\":\"https:\\\/\\\/lovme.pt\\\/index.php\\\/produto\\\/pretty-love-plug-anal-inflvel-e-recarregvel\\\/\",\"name\":\"PRETTY LOVE - PLUG ANAL INFLVEL E RECARREGVEL - Lovme\",\"isPartOf\":{\"@id\":\"https:\\\/\\\/lovme.pt\\\/#website\"},\"primaryImageOfPage\":{\"@id\":\"https:\\\/\\\/lovme.pt\\\/index.php\\\/produto\\\/pretty-love-plug-anal-inflvel-e-recarregvel\\\/#primaryimage\"},\"image\":{\"@id\":\"https:\\\/\\\/lovme.pt\\\/index.php\\\/produto\\\/pretty-love-plug-anal-inflvel-e-recarregvel\\\/#primaryimage\"},\"thumbnailUrl\":\"https:\\\/\\\/erki24nd3ub.exactdn.com\\\/wp-content\\\/uploads\\\/dream\\\/img\\\/img_158343_efa6acd0890636933f062ec15606c027_1.jpg?strip=all\",\"datePublished\":\"2025-10-01T02:14:16+00:00\",\"dateModified\":\"2026-02-19T20:18:54+00:00\",\"breadcrumb\":{\"@id\":\"https:\\\/\\\/lovme.pt\\\/index.php\\\/produto\\\/pretty-love-plug-anal-inflvel-e-recarregvel\\\/#breadcrumb\"},\"inLanguage\":\"pt-PT\",\"potentialAction\":[{\"@type\":\"ReadAction\",\"target\":[\"https:\\\/\\\/lovme.pt\\\/index.php\\\/produto\\\/pretty-love-plug-anal-inflvel-e-recarregvel\\\/\"]}]},{\"@type\":\"ImageObject\",\"inLanguage\":\"pt-PT\",\"@id\":\"https:\\\/\\\/lovme.pt\\\/index.php\\\/produto\\\/pretty-love-plug-anal-inflvel-e-recarregvel\\\/#primaryimage\",\"url\":\"https:\\\/\\\/erki24nd3ub.exactdn.com\\\/wp-content\\\/uploads\\\/dream\\\/img\\\/img_158343_efa6acd0890636933f062ec15606c027_1.jpg?strip=all\",\"contentUrl\":\"https:\\\/\\\/erki24nd3ub.exactdn.com\\\/wp-content\\\/uploads\\\/dream\\\/img\\\/img_158343_efa6acd0890636933f062ec15606c027_1.jpg?strip=all\",\"width\":800,\"height\":800},{\"@type\":\"BreadcrumbList\",\"@id\":\"https:\\\/\\\/lovme.pt\\\/index.php\\\/produto\\\/pretty-love-plug-anal-inflvel-e-recarregvel\\\/#breadcrumb\",\"itemListElement\":[{\"@type\":\"ListItem\",\"position\":1,\"name\":\"In\u00edcio\",\"item\":\"https:\\\/\\\/lovme.pt\\\/\"},{\"@type\":\"ListItem\",\"position\":2,\"name\":\"Loja\",\"item\":\"https:\\\/\\\/lovme.pt\\\/index.php\\\/loja\\\/\"},{\"@type\":\"ListItem\",\"position\":3,\"name\":\"PRETTY LOVE &#8211; PLUG ANAL INFLVEL E RECARREGVEL\"}]},{\"@type\":\"WebSite\",\"@id\":\"https:\\\/\\\/lovme.pt\\\/#website\",\"url\":\"https:\\\/\\\/lovme.pt\\\/\",\"name\":\"Lovme Loja Er\u00f3tica N\u00ba1 em Portugal\",\"description\":\"A melhor loja er\u00f3tica de Portugal.\",\"alternateName\":\"Loja Er\u00f3tica Lovme\",\"potentialAction\":[{\"@type\":\"SearchAction\",\"target\":{\"@type\":\"EntryPoint\",\"urlTemplate\":\"https:\\\/\\\/lovme.pt\\\/?s={search_term_string}\"},\"query-input\":{\"@type\":\"PropertyValueSpecification\",\"valueRequired\":true,\"valueName\":\"search_term_string\"}}],\"inLanguage\":\"pt-PT\"}]}<\/script>\n<!-- \/ Yoast SEO plugin. -->","yoast_head_json":{"title":"PRETTY LOVE - PLUG ANAL INFLVEL E RECARREGVEL - Lovme","robots":{"index":"index","follow":"follow","max-snippet":"max-snippet:-1","max-image-preview":"max-image-preview:large","max-video-preview":"max-video-preview:-1"},"canonical":"https:\/\/lovme.pt\/index.php\/produto\/pretty-love-plug-anal-inflvel-e-recarregvel\/","og_locale":"pt_PT","og_type":"article","og_title":"PRETTY LOVE - PLUG ANAL INFLVEL E RECARREGVEL - Lovme","og_description":"PRETTY LOVE - PLUG ANAL INFLVEL E RECARREGVEL","og_url":"https:\/\/lovme.pt\/index.php\/produto\/pretty-love-plug-anal-inflvel-e-recarregvel\/","og_site_name":"Lovme","article_modified_time":"2026-02-19T20:18:54+00:00","og_image":[{"width":800,"height":800,"url":"https:\/\/erki24nd3ub.exactdn.com\/wp-content\/uploads\/dream\/img\/img_158343_efa6acd0890636933f062ec15606c027_1.jpg?strip=all","type":"image\/jpeg"}],"twitter_card":"summary_large_image","twitter_misc":{"Tempo estimado de leitura":"2 minutos"},"schema":{"@context":"https:\/\/schema.org","@graph":[{"@type":"WebPage","@id":"https:\/\/lovme.pt\/index.php\/produto\/pretty-love-plug-anal-inflvel-e-recarregvel\/","url":"https:\/\/lovme.pt\/index.php\/produto\/pretty-love-plug-anal-inflvel-e-recarregvel\/","name":"PRETTY LOVE - PLUG ANAL INFLVEL E RECARREGVEL - Lovme","isPartOf":{"@id":"https:\/\/lovme.pt\/#website"},"primaryImageOfPage":{"@id":"https:\/\/lovme.pt\/index.php\/produto\/pretty-love-plug-anal-inflvel-e-recarregvel\/#primaryimage"},"image":{"@id":"https:\/\/lovme.pt\/index.php\/produto\/pretty-love-plug-anal-inflvel-e-recarregvel\/#primaryimage"},"thumbnailUrl":"https:\/\/erki24nd3ub.exactdn.com\/wp-content\/uploads\/dream\/img\/img_158343_efa6acd0890636933f062ec15606c027_1.jpg?strip=all","datePublished":"2025-10-01T02:14:16+00:00","dateModified":"2026-02-19T20:18:54+00:00","breadcrumb":{"@id":"https:\/\/lovme.pt\/index.php\/produto\/pretty-love-plug-anal-inflvel-e-recarregvel\/#breadcrumb"},"inLanguage":"pt-PT","potentialAction":[{"@type":"ReadAction","target":["https:\/\/lovme.pt\/index.php\/produto\/pretty-love-plug-anal-inflvel-e-recarregvel\/"]}]},{"@type":"ImageObject","inLanguage":"pt-PT","@id":"https:\/\/lovme.pt\/index.php\/produto\/pretty-love-plug-anal-inflvel-e-recarregvel\/#primaryimage","url":"https:\/\/erki24nd3ub.exactdn.com\/wp-content\/uploads\/dream\/img\/img_158343_efa6acd0890636933f062ec15606c027_1.jpg?strip=all","contentUrl":"https:\/\/erki24nd3ub.exactdn.com\/wp-content\/uploads\/dream\/img\/img_158343_efa6acd0890636933f062ec15606c027_1.jpg?strip=all","width":800,"height":800},{"@type":"BreadcrumbList","@id":"https:\/\/lovme.pt\/index.php\/produto\/pretty-love-plug-anal-inflvel-e-recarregvel\/#breadcrumb","itemListElement":[{"@type":"ListItem","position":1,"name":"In\u00edcio","item":"https:\/\/lovme.pt\/"},{"@type":"ListItem","position":2,"name":"Loja","item":"https:\/\/lovme.pt\/index.php\/loja\/"},{"@type":"ListItem","position":3,"name":"PRETTY LOVE &#8211; PLUG ANAL INFLVEL E RECARREGVEL"}]},{"@type":"WebSite","@id":"https:\/\/lovme.pt\/#website","url":"https:\/\/lovme.pt\/","name":"Lovme Loja Er\u00f3tica N\u00ba1 em Portugal","description":"A melhor loja er\u00f3tica de Portugal.","alternateName":"Loja Er\u00f3tica Lovme","potentialAction":[{"@type":"SearchAction","target":{"@type":"EntryPoint","urlTemplate":"https:\/\/lovme.pt\/?s={search_term_string}"},"query-input":{"@type":"PropertyValueSpecification","valueRequired":true,"valueName":"search_term_string"}}],"inLanguage":"pt-PT"}]}},"_links":{"self":[{"href":"https:\/\/lovme.pt\/index.php\/wp-json\/wp\/v2\/product\/45521","targetHints":{"allow":["GET"]}}],"collection":[{"href":"https:\/\/lovme.pt\/index.php\/wp-json\/wp\/v2\/product"}],"about":[{"href":"https:\/\/lovme.pt\/index.php\/wp-json\/wp\/v2\/types\/product"}],"wp:featuredmedia":[{"embeddable":true,"href":"https:\/\/lovme.pt\/index.php\/wp-json\/wp\/v2\/media\/95639"}],"wp:attachment":[{"href":"https:\/\/lovme.pt\/index.php\/wp-json\/wp\/v2\/media?parent=45521"}],"wp:term":[{"taxonomy":"product_brand","embeddable":true,"href":"https:\/\/lovme.pt\/index.php\/wp-json\/wp\/v2\/product_brand?post=45521"},{"taxonomy":"product_cat","embeddable":true,"href":"https:\/\/lovme.pt\/index.php\/wp-json\/wp\/v2\/product_cat?post=45521"},{"taxonomy":"product_tag","embeddable":true,"href":"https:\/\/lovme.pt\/index.php\/wp-json\/wp\/v2\/product_tag?post=45521"}],"curies":[{"name":"wp","href":"https:\/\/api.w.org\/{rel}","templated":true}]}}