{"id":45517,"date":"2025-09-30T20:46:15","date_gmt":"2025-09-30T20:46:15","guid":{"rendered":"https:\/\/lovme.pt\/?post_type=product&p=45517"},"modified":"2026-02-19T20:08:53","modified_gmt":"2026-02-19T20:08:53","slug":"pretty-love-vibrador-de-coelho-violeta-cerberus-youth","status":"publish","type":"product","link":"https:\/\/lovme.pt\/index.php\/produto\/pretty-love-vibrador-de-coelho-violeta-cerberus-youth\/","title":{"rendered":"PRETTY LOVE &#8211; VIBRADOR DE COELHO VIOLETA CERBERUS YOUTH"},"content":{"rendered":"<p>Este vibrador de silicone macio com vibrador de coelho de 30 fun\u00e7\u00f5es est\u00e1 incrivelmente equipado para lhe proporcionar um prazer intenso noite ap\u00f3s noite. O formato deste brinquedo elegante e moderno \u00e9 suave e curvo, com uma cabe\u00e7a grossa para alcan\u00e7ar o ponto G interno e uma estimula\u00e7\u00e3o clitoriana de coelho menor e curva para garantir orgasmos intensos. O vibrador tem 30 configura\u00e7\u00f5es de vibra\u00e7\u00e3o diferentes para proporcionar horas de jogo sem fim. Este brinquedo \u00e9 feito com silicone aveludado de alta qualidade que proporciona um toque lindo, sexy e sedoso para deixar voc\u00ea completamente satisfeita a noite toda.<\/p>\n<p> Um vibrador recarreg\u00e1vel com mais de 30 vibra\u00e7\u00f5es \u00e9 um brinquedo sexual sofisticado projetado especificamente para proporcionar uma experi\u00eancia de prazer intensa e personalizada. Feito com materiais seguros para o corpo, este brinquedo apresenta um design ergon\u00f4mico que se adapta perfeitamente \u00e0 anatomia para proporcionar uma estimula\u00e7\u00e3o precisa e confort\u00e1vel.<\/p>\n<p> A principal caracter\u00edstica deste estimulador \u00e9 a sua extensa variedade de mais de 30 modos de vibra\u00e7\u00e3o, permitindo aos utilizadores explorar uma vasta gama de sensa\u00e7\u00f5es e encontrar a intensidade e o padr\u00e3o que melhor se adaptam \u00e0s suas prefer\u00eancias individuais. De pulsa\u00e7\u00f5es suaves a vibra\u00e7\u00f5es poderosas, este brinquedo oferece versatilidade excepcional para personalizar a experi\u00eancia \u00edntima.<\/p>\n<p> A fun\u00e7\u00e3o de recarga integrada acrescenta conveni\u00eancia e sustentabilidade, eliminando a necessidade de baterias descart\u00e1veis. Equipado com sistema de carregamento por cabo USB, este estimulador \u00e9 facilmente recarregado, garantindo que esteja sempre pronto para satisfazer seus desejos sem interrup\u00e7\u00f5es. Al\u00e9m disso, a dura\u00e7\u00e3o da bateria geralmente \u00e9 longa o suficiente para sess\u00f5es prolongadas de prazer.<\/p>\n<p> O silicone de toque suave garante uma experi\u00eancia confort\u00e1vel durante a inser\u00e7\u00e3o, enquanto os controles intuitivos permitem alternar facilmente entre os diferentes modos de vibra\u00e7\u00e3o sem interrup\u00e7\u00f5es. Da mesma forma, a limpeza adequada ap\u00f3s cada utiliza\u00e7\u00e3o \u00e9 fundamental para manter a higiene do brinquedo e garantir sua durabilidade.<\/p>\n<\/p>\n<p> <b><u>CARACTER\u00cdSTICAS:<\/u><\/b><\/p>\n<ul>\n<li> Fun\u00e7\u00e3o: 30 fun\u00e7\u00f5es de vibra\u00e7\u00e3o + 30 configura\u00e7\u00f5es de lambida<\/li>\n<li> Carregamento: USB recarreg\u00e1vel<\/li>\n<li> Material: Silicone<\/li>\n<li> Cor: Violeta<\/li>\n<\/ul>\n","protected":false},"excerpt":{"rendered":"<p>PRETTY LOVE &#8211; VIBRADOR DE COELHO VIOLETA CERBERUS YOUTH<\/p>\n","protected":false},"featured_media":72469,"template":"","meta":{"_acf_changed":false},"product_brand":[],"product_cat":[17,61,76],"product_tag":[],"class_list":{"0":"post-45517","1":"product","2":"type-product","3":"status-publish","4":"has-post-thumbnail","6":"product_cat-brinquedos-de-bem-estar-sexual","7":"product_cat-para-elas","8":"product_cat-vibradores","9":"yith_product_brand-pretty-love","10":"yith_product_brand-pretty-lovepretty-love-youth","12":"first","13":"instock","14":"taxable","15":"shipping-taxable","16":"purchasable","17":"product-type-simple"},"acf":[],"yoast_head":"<!-- This site is optimized with the Yoast SEO plugin v27.4 - https:\/\/yoast.com\/product\/yoast-seo-wordpress\/ -->\n<title>PRETTY LOVE - VIBRADOR DE COELHO VIOLETA CERBERUS YOUTH - Lovme<\/title>\n<meta name=\"robots\" content=\"index, follow, max-snippet:-1, max-image-preview:large, max-video-preview:-1\" \/>\n<link rel=\"canonical\" href=\"https:\/\/lovme.pt\/index.php\/produto\/pretty-love-vibrador-de-coelho-violeta-cerberus-youth\/\" \/>\n<meta property=\"og:locale\" content=\"pt_PT\" \/>\n<meta property=\"og:type\" content=\"article\" \/>\n<meta property=\"og:title\" content=\"PRETTY LOVE - VIBRADOR DE COELHO VIOLETA CERBERUS YOUTH - Lovme\" \/>\n<meta property=\"og:description\" content=\"PRETTY LOVE - VIBRADOR DE COELHO VIOLETA CERBERUS YOUTH\" \/>\n<meta property=\"og:url\" content=\"https:\/\/lovme.pt\/index.php\/produto\/pretty-love-vibrador-de-coelho-violeta-cerberus-youth\/\" \/>\n<meta property=\"og:site_name\" content=\"Lovme\" \/>\n<meta property=\"article:modified_time\" content=\"2026-02-19T20:08:53+00:00\" \/>\n<meta property=\"og:image\" content=\"https:\/\/erki24nd3ub.exactdn.com\/wp-content\/uploads\/dream\/img\/img_158228_135091bab436bbba49de1f039be696a9_1.jpg?strip=all\" \/>\n\t<meta property=\"og:image:width\" content=\"800\" \/>\n\t<meta property=\"og:image:height\" content=\"800\" \/>\n\t<meta property=\"og:image:type\" content=\"image\/jpeg\" \/>\n<meta name=\"twitter:card\" content=\"summary_large_image\" \/>\n<meta name=\"twitter:label1\" content=\"Tempo estimado de leitura\" \/>\n\t<meta name=\"twitter:data1\" content=\"2 minutos\" \/>\n<script type=\"application\/ld+json\" class=\"yoast-schema-graph\">{\"@context\":\"https:\\\/\\\/schema.org\",\"@graph\":[{\"@type\":\"WebPage\",\"@id\":\"https:\\\/\\\/lovme.pt\\\/index.php\\\/produto\\\/pretty-love-vibrador-de-coelho-violeta-cerberus-youth\\\/\",\"url\":\"https:\\\/\\\/lovme.pt\\\/index.php\\\/produto\\\/pretty-love-vibrador-de-coelho-violeta-cerberus-youth\\\/\",\"name\":\"PRETTY LOVE - VIBRADOR DE COELHO VIOLETA CERBERUS YOUTH - Lovme\",\"isPartOf\":{\"@id\":\"https:\\\/\\\/lovme.pt\\\/#website\"},\"primaryImageOfPage\":{\"@id\":\"https:\\\/\\\/lovme.pt\\\/index.php\\\/produto\\\/pretty-love-vibrador-de-coelho-violeta-cerberus-youth\\\/#primaryimage\"},\"image\":{\"@id\":\"https:\\\/\\\/lovme.pt\\\/index.php\\\/produto\\\/pretty-love-vibrador-de-coelho-violeta-cerberus-youth\\\/#primaryimage\"},\"thumbnailUrl\":\"https:\\\/\\\/erki24nd3ub.exactdn.com\\\/wp-content\\\/uploads\\\/dream\\\/img\\\/img_158228_135091bab436bbba49de1f039be696a9_1.jpg?strip=all\",\"datePublished\":\"2025-09-30T20:46:15+00:00\",\"dateModified\":\"2026-02-19T20:08:53+00:00\",\"breadcrumb\":{\"@id\":\"https:\\\/\\\/lovme.pt\\\/index.php\\\/produto\\\/pretty-love-vibrador-de-coelho-violeta-cerberus-youth\\\/#breadcrumb\"},\"inLanguage\":\"pt-PT\",\"potentialAction\":[{\"@type\":\"ReadAction\",\"target\":[\"https:\\\/\\\/lovme.pt\\\/index.php\\\/produto\\\/pretty-love-vibrador-de-coelho-violeta-cerberus-youth\\\/\"]}]},{\"@type\":\"ImageObject\",\"inLanguage\":\"pt-PT\",\"@id\":\"https:\\\/\\\/lovme.pt\\\/index.php\\\/produto\\\/pretty-love-vibrador-de-coelho-violeta-cerberus-youth\\\/#primaryimage\",\"url\":\"https:\\\/\\\/erki24nd3ub.exactdn.com\\\/wp-content\\\/uploads\\\/dream\\\/img\\\/img_158228_135091bab436bbba49de1f039be696a9_1.jpg?strip=all\",\"contentUrl\":\"https:\\\/\\\/erki24nd3ub.exactdn.com\\\/wp-content\\\/uploads\\\/dream\\\/img\\\/img_158228_135091bab436bbba49de1f039be696a9_1.jpg?strip=all\",\"width\":800,\"height\":800},{\"@type\":\"BreadcrumbList\",\"@id\":\"https:\\\/\\\/lovme.pt\\\/index.php\\\/produto\\\/pretty-love-vibrador-de-coelho-violeta-cerberus-youth\\\/#breadcrumb\",\"itemListElement\":[{\"@type\":\"ListItem\",\"position\":1,\"name\":\"In\u00edcio\",\"item\":\"https:\\\/\\\/lovme.pt\\\/\"},{\"@type\":\"ListItem\",\"position\":2,\"name\":\"Loja\",\"item\":\"https:\\\/\\\/lovme.pt\\\/index.php\\\/loja\\\/\"},{\"@type\":\"ListItem\",\"position\":3,\"name\":\"PRETTY LOVE &#8211; VIBRADOR DE COELHO VIOLETA CERBERUS YOUTH\"}]},{\"@type\":\"WebSite\",\"@id\":\"https:\\\/\\\/lovme.pt\\\/#website\",\"url\":\"https:\\\/\\\/lovme.pt\\\/\",\"name\":\"Lovme Loja Er\u00f3tica N\u00ba1 em Portugal\",\"description\":\"A melhor loja er\u00f3tica de Portugal.\",\"alternateName\":\"Loja Er\u00f3tica Lovme\",\"potentialAction\":[{\"@type\":\"SearchAction\",\"target\":{\"@type\":\"EntryPoint\",\"urlTemplate\":\"https:\\\/\\\/lovme.pt\\\/?s={search_term_string}\"},\"query-input\":{\"@type\":\"PropertyValueSpecification\",\"valueRequired\":true,\"valueName\":\"search_term_string\"}}],\"inLanguage\":\"pt-PT\"}]}<\/script>\n<!-- \/ Yoast SEO plugin. -->","yoast_head_json":{"title":"PRETTY LOVE - VIBRADOR DE COELHO VIOLETA CERBERUS YOUTH - Lovme","robots":{"index":"index","follow":"follow","max-snippet":"max-snippet:-1","max-image-preview":"max-image-preview:large","max-video-preview":"max-video-preview:-1"},"canonical":"https:\/\/lovme.pt\/index.php\/produto\/pretty-love-vibrador-de-coelho-violeta-cerberus-youth\/","og_locale":"pt_PT","og_type":"article","og_title":"PRETTY LOVE - VIBRADOR DE COELHO VIOLETA CERBERUS YOUTH - Lovme","og_description":"PRETTY LOVE - VIBRADOR DE COELHO VIOLETA CERBERUS YOUTH","og_url":"https:\/\/lovme.pt\/index.php\/produto\/pretty-love-vibrador-de-coelho-violeta-cerberus-youth\/","og_site_name":"Lovme","article_modified_time":"2026-02-19T20:08:53+00:00","og_image":[{"width":800,"height":800,"url":"https:\/\/erki24nd3ub.exactdn.com\/wp-content\/uploads\/dream\/img\/img_158228_135091bab436bbba49de1f039be696a9_1.jpg?strip=all","type":"image\/jpeg"}],"twitter_card":"summary_large_image","twitter_misc":{"Tempo estimado de leitura":"2 minutos"},"schema":{"@context":"https:\/\/schema.org","@graph":[{"@type":"WebPage","@id":"https:\/\/lovme.pt\/index.php\/produto\/pretty-love-vibrador-de-coelho-violeta-cerberus-youth\/","url":"https:\/\/lovme.pt\/index.php\/produto\/pretty-love-vibrador-de-coelho-violeta-cerberus-youth\/","name":"PRETTY LOVE - VIBRADOR DE COELHO VIOLETA CERBERUS YOUTH - Lovme","isPartOf":{"@id":"https:\/\/lovme.pt\/#website"},"primaryImageOfPage":{"@id":"https:\/\/lovme.pt\/index.php\/produto\/pretty-love-vibrador-de-coelho-violeta-cerberus-youth\/#primaryimage"},"image":{"@id":"https:\/\/lovme.pt\/index.php\/produto\/pretty-love-vibrador-de-coelho-violeta-cerberus-youth\/#primaryimage"},"thumbnailUrl":"https:\/\/erki24nd3ub.exactdn.com\/wp-content\/uploads\/dream\/img\/img_158228_135091bab436bbba49de1f039be696a9_1.jpg?strip=all","datePublished":"2025-09-30T20:46:15+00:00","dateModified":"2026-02-19T20:08:53+00:00","breadcrumb":{"@id":"https:\/\/lovme.pt\/index.php\/produto\/pretty-love-vibrador-de-coelho-violeta-cerberus-youth\/#breadcrumb"},"inLanguage":"pt-PT","potentialAction":[{"@type":"ReadAction","target":["https:\/\/lovme.pt\/index.php\/produto\/pretty-love-vibrador-de-coelho-violeta-cerberus-youth\/"]}]},{"@type":"ImageObject","inLanguage":"pt-PT","@id":"https:\/\/lovme.pt\/index.php\/produto\/pretty-love-vibrador-de-coelho-violeta-cerberus-youth\/#primaryimage","url":"https:\/\/erki24nd3ub.exactdn.com\/wp-content\/uploads\/dream\/img\/img_158228_135091bab436bbba49de1f039be696a9_1.jpg?strip=all","contentUrl":"https:\/\/erki24nd3ub.exactdn.com\/wp-content\/uploads\/dream\/img\/img_158228_135091bab436bbba49de1f039be696a9_1.jpg?strip=all","width":800,"height":800},{"@type":"BreadcrumbList","@id":"https:\/\/lovme.pt\/index.php\/produto\/pretty-love-vibrador-de-coelho-violeta-cerberus-youth\/#breadcrumb","itemListElement":[{"@type":"ListItem","position":1,"name":"In\u00edcio","item":"https:\/\/lovme.pt\/"},{"@type":"ListItem","position":2,"name":"Loja","item":"https:\/\/lovme.pt\/index.php\/loja\/"},{"@type":"ListItem","position":3,"name":"PRETTY LOVE &#8211; VIBRADOR DE COELHO VIOLETA CERBERUS YOUTH"}]},{"@type":"WebSite","@id":"https:\/\/lovme.pt\/#website","url":"https:\/\/lovme.pt\/","name":"Lovme Loja Er\u00f3tica N\u00ba1 em Portugal","description":"A melhor loja er\u00f3tica de Portugal.","alternateName":"Loja Er\u00f3tica Lovme","potentialAction":[{"@type":"SearchAction","target":{"@type":"EntryPoint","urlTemplate":"https:\/\/lovme.pt\/?s={search_term_string}"},"query-input":{"@type":"PropertyValueSpecification","valueRequired":true,"valueName":"search_term_string"}}],"inLanguage":"pt-PT"}]}},"_links":{"self":[{"href":"https:\/\/lovme.pt\/index.php\/wp-json\/wp\/v2\/product\/45517","targetHints":{"allow":["GET"]}}],"collection":[{"href":"https:\/\/lovme.pt\/index.php\/wp-json\/wp\/v2\/product"}],"about":[{"href":"https:\/\/lovme.pt\/index.php\/wp-json\/wp\/v2\/types\/product"}],"wp:featuredmedia":[{"embeddable":true,"href":"https:\/\/lovme.pt\/index.php\/wp-json\/wp\/v2\/media\/72469"}],"wp:attachment":[{"href":"https:\/\/lovme.pt\/index.php\/wp-json\/wp\/v2\/media?parent=45517"}],"wp:term":[{"taxonomy":"product_brand","embeddable":true,"href":"https:\/\/lovme.pt\/index.php\/wp-json\/wp\/v2\/product_brand?post=45517"},{"taxonomy":"product_cat","embeddable":true,"href":"https:\/\/lovme.pt\/index.php\/wp-json\/wp\/v2\/product_cat?post=45517"},{"taxonomy":"product_tag","embeddable":true,"href":"https:\/\/lovme.pt\/index.php\/wp-json\/wp\/v2\/product_tag?post=45517"}],"curies":[{"name":"wp","href":"https:\/\/api.w.org\/{rel}","templated":true}]}}