{"id":45474,"date":"2025-09-30T10:12:16","date_gmt":"2025-09-30T10:12:16","guid":{"rendered":"https:\/\/lovme.pt\/?post_type=product&p=45474"},"modified":"2026-02-19T20:06:55","modified_gmt":"2026-02-19T20:06:55","slug":"pretty-love-listras-lisa-cupido-masturbador-ovo","status":"publish","type":"product","link":"https:\/\/lovme.pt\/index.php\/produto\/pretty-love-listras-lisa-cupido-masturbador-ovo\/","title":{"rendered":"PRETTY LOVE &#8211; LISTRAS LISA CUPIDO MASTURBADOR OVO"},"content":{"rendered":"<p>A manga inovadora est\u00e1 pronta para acariciar e massagear voc\u00ea at\u00e9 um cl\u00edmax poderoso. Esta s\u00e9rie vem com 3 designs de superf\u00edcie diferentes, 3 cores diferentes e 3 t\u00faneis individuais. Abra a embalagem discreta do CUPID Feito de material super el\u00e1stico sem ftalato para caber literalmente em qualquer tamanho de p\u00eanis, o CUPID X \u00e9 uma introdu\u00e7\u00e3o fant\u00e1stica aos brinquedos e ser\u00e1 apreciado pelos entusiastas. Basta lubrificar e inserir o seu p\u00e9nis no orif\u00edcio estreito na parte inferior do acariciador antes de esticar este revolucion\u00e1rio masturbador em todo o seu comprimento. Colete-os todos! A dupla face de cada CUPID X traz sensa\u00e7\u00f5es diferentes!<\/p>\n<p> <u><strong>Caracter\u00edsticas:<\/strong><\/u><\/p>\n<ul>\n<li> Compacto e f\u00e1cil de viajar<\/li>\n<li> \u00c0 prova d\u00e1gua para divers\u00e3o no chuveiro ou na banheira.<\/li>\n<li> TPR (termopl\u00e1stico)<\/li>\n<li> Estica para caber em p\u00eanis de quase qualquer tamanho e formato.<\/li>\n<\/ul>\n<p> A Pretty Love fabrica produtos com exigentes padr\u00f5es de qualidade, todos os seus produtos s\u00e3o projetados nos Estados Unidos e possuem garantia de 1 ano para defeitos t\u00e9cnicos.<\/p>\n","protected":false},"excerpt":{"rendered":"<p>PRETTY LOVE &#8211; LISTRAS LISA CUPIDO MASTURBADOR OVO<\/p>\n","protected":false},"featured_media":63987,"template":"","meta":{"_acf_changed":false},"product_brand":[],"product_cat":[17,60],"product_tag":[],"class_list":{"0":"post-45474","1":"product","2":"type-product","3":"status-publish","4":"has-post-thumbnail","6":"product_cat-brinquedos-de-bem-estar-sexual","7":"product_cat-para-eles","8":"yith_product_brand-pretty-love","9":"yith_product_brand-pretty-lovepretty-love-male","11":"first","12":"instock","13":"taxable","14":"shipping-taxable","15":"purchasable","16":"product-type-simple"},"acf":[],"yoast_head":"<!-- This site is optimized with the Yoast SEO plugin v27.4 - https:\/\/yoast.com\/product\/yoast-seo-wordpress\/ -->\n<title>PRETTY LOVE - LISTRAS LISA CUPIDO MASTURBADOR OVO - Lovme<\/title>\n<meta name=\"robots\" content=\"index, follow, max-snippet:-1, max-image-preview:large, max-video-preview:-1\" \/>\n<link rel=\"canonical\" href=\"https:\/\/lovme.pt\/index.php\/produto\/pretty-love-listras-lisa-cupido-masturbador-ovo\/\" \/>\n<meta property=\"og:locale\" content=\"pt_PT\" \/>\n<meta property=\"og:type\" content=\"article\" \/>\n<meta property=\"og:title\" content=\"PRETTY LOVE - LISTRAS LISA CUPIDO MASTURBADOR OVO - Lovme\" \/>\n<meta property=\"og:description\" content=\"PRETTY LOVE - LISTRAS LISA CUPIDO MASTURBADOR OVO\" \/>\n<meta property=\"og:url\" content=\"https:\/\/lovme.pt\/index.php\/produto\/pretty-love-listras-lisa-cupido-masturbador-ovo\/\" \/>\n<meta property=\"og:site_name\" content=\"Lovme\" \/>\n<meta property=\"article:modified_time\" content=\"2026-02-19T20:06:55+00:00\" \/>\n<meta property=\"og:image\" content=\"https:\/\/erki24nd3ub.exactdn.com\/wp-content\/uploads\/dream\/img\/img_157814_5f008eba0548faab1c0cc78b967bfb1c_1.jpg?strip=all\" \/>\n\t<meta property=\"og:image:width\" content=\"800\" \/>\n\t<meta property=\"og:image:height\" content=\"800\" \/>\n\t<meta property=\"og:image:type\" content=\"image\/jpeg\" \/>\n<meta name=\"twitter:card\" content=\"summary_large_image\" \/>\n<meta name=\"twitter:label1\" content=\"Tempo estimado de leitura\" \/>\n\t<meta name=\"twitter:data1\" content=\"1 minuto\" \/>\n<script type=\"application\/ld+json\" class=\"yoast-schema-graph\">{\"@context\":\"https:\\\/\\\/schema.org\",\"@graph\":[{\"@type\":\"WebPage\",\"@id\":\"https:\\\/\\\/lovme.pt\\\/index.php\\\/produto\\\/pretty-love-listras-lisa-cupido-masturbador-ovo\\\/\",\"url\":\"https:\\\/\\\/lovme.pt\\\/index.php\\\/produto\\\/pretty-love-listras-lisa-cupido-masturbador-ovo\\\/\",\"name\":\"PRETTY LOVE - LISTRAS LISA CUPIDO MASTURBADOR OVO - Lovme\",\"isPartOf\":{\"@id\":\"https:\\\/\\\/lovme.pt\\\/#website\"},\"primaryImageOfPage\":{\"@id\":\"https:\\\/\\\/lovme.pt\\\/index.php\\\/produto\\\/pretty-love-listras-lisa-cupido-masturbador-ovo\\\/#primaryimage\"},\"image\":{\"@id\":\"https:\\\/\\\/lovme.pt\\\/index.php\\\/produto\\\/pretty-love-listras-lisa-cupido-masturbador-ovo\\\/#primaryimage\"},\"thumbnailUrl\":\"https:\\\/\\\/erki24nd3ub.exactdn.com\\\/wp-content\\\/uploads\\\/dream\\\/img\\\/img_157814_5f008eba0548faab1c0cc78b967bfb1c_1.jpg?strip=all\",\"datePublished\":\"2025-09-30T10:12:16+00:00\",\"dateModified\":\"2026-02-19T20:06:55+00:00\",\"breadcrumb\":{\"@id\":\"https:\\\/\\\/lovme.pt\\\/index.php\\\/produto\\\/pretty-love-listras-lisa-cupido-masturbador-ovo\\\/#breadcrumb\"},\"inLanguage\":\"pt-PT\",\"potentialAction\":[{\"@type\":\"ReadAction\",\"target\":[\"https:\\\/\\\/lovme.pt\\\/index.php\\\/produto\\\/pretty-love-listras-lisa-cupido-masturbador-ovo\\\/\"]}]},{\"@type\":\"ImageObject\",\"inLanguage\":\"pt-PT\",\"@id\":\"https:\\\/\\\/lovme.pt\\\/index.php\\\/produto\\\/pretty-love-listras-lisa-cupido-masturbador-ovo\\\/#primaryimage\",\"url\":\"https:\\\/\\\/erki24nd3ub.exactdn.com\\\/wp-content\\\/uploads\\\/dream\\\/img\\\/img_157814_5f008eba0548faab1c0cc78b967bfb1c_1.jpg?strip=all\",\"contentUrl\":\"https:\\\/\\\/erki24nd3ub.exactdn.com\\\/wp-content\\\/uploads\\\/dream\\\/img\\\/img_157814_5f008eba0548faab1c0cc78b967bfb1c_1.jpg?strip=all\",\"width\":800,\"height\":800},{\"@type\":\"BreadcrumbList\",\"@id\":\"https:\\\/\\\/lovme.pt\\\/index.php\\\/produto\\\/pretty-love-listras-lisa-cupido-masturbador-ovo\\\/#breadcrumb\",\"itemListElement\":[{\"@type\":\"ListItem\",\"position\":1,\"name\":\"In\u00edcio\",\"item\":\"https:\\\/\\\/lovme.pt\\\/\"},{\"@type\":\"ListItem\",\"position\":2,\"name\":\"Loja\",\"item\":\"https:\\\/\\\/lovme.pt\\\/index.php\\\/loja\\\/\"},{\"@type\":\"ListItem\",\"position\":3,\"name\":\"PRETTY LOVE &#8211; LISTRAS LISA CUPIDO MASTURBADOR OVO\"}]},{\"@type\":\"WebSite\",\"@id\":\"https:\\\/\\\/lovme.pt\\\/#website\",\"url\":\"https:\\\/\\\/lovme.pt\\\/\",\"name\":\"Lovme Loja Er\u00f3tica N\u00ba1 em Portugal\",\"description\":\"A melhor loja er\u00f3tica de Portugal.\",\"alternateName\":\"Loja Er\u00f3tica Lovme\",\"potentialAction\":[{\"@type\":\"SearchAction\",\"target\":{\"@type\":\"EntryPoint\",\"urlTemplate\":\"https:\\\/\\\/lovme.pt\\\/?s={search_term_string}\"},\"query-input\":{\"@type\":\"PropertyValueSpecification\",\"valueRequired\":true,\"valueName\":\"search_term_string\"}}],\"inLanguage\":\"pt-PT\"}]}<\/script>\n<!-- \/ Yoast SEO plugin. -->","yoast_head_json":{"title":"PRETTY LOVE - LISTRAS LISA CUPIDO MASTURBADOR OVO - Lovme","robots":{"index":"index","follow":"follow","max-snippet":"max-snippet:-1","max-image-preview":"max-image-preview:large","max-video-preview":"max-video-preview:-1"},"canonical":"https:\/\/lovme.pt\/index.php\/produto\/pretty-love-listras-lisa-cupido-masturbador-ovo\/","og_locale":"pt_PT","og_type":"article","og_title":"PRETTY LOVE - LISTRAS LISA CUPIDO MASTURBADOR OVO - Lovme","og_description":"PRETTY LOVE - LISTRAS LISA CUPIDO MASTURBADOR OVO","og_url":"https:\/\/lovme.pt\/index.php\/produto\/pretty-love-listras-lisa-cupido-masturbador-ovo\/","og_site_name":"Lovme","article_modified_time":"2026-02-19T20:06:55+00:00","og_image":[{"width":800,"height":800,"url":"https:\/\/erki24nd3ub.exactdn.com\/wp-content\/uploads\/dream\/img\/img_157814_5f008eba0548faab1c0cc78b967bfb1c_1.jpg?strip=all","type":"image\/jpeg"}],"twitter_card":"summary_large_image","twitter_misc":{"Tempo estimado de leitura":"1 minuto"},"schema":{"@context":"https:\/\/schema.org","@graph":[{"@type":"WebPage","@id":"https:\/\/lovme.pt\/index.php\/produto\/pretty-love-listras-lisa-cupido-masturbador-ovo\/","url":"https:\/\/lovme.pt\/index.php\/produto\/pretty-love-listras-lisa-cupido-masturbador-ovo\/","name":"PRETTY LOVE - LISTRAS LISA CUPIDO MASTURBADOR OVO - Lovme","isPartOf":{"@id":"https:\/\/lovme.pt\/#website"},"primaryImageOfPage":{"@id":"https:\/\/lovme.pt\/index.php\/produto\/pretty-love-listras-lisa-cupido-masturbador-ovo\/#primaryimage"},"image":{"@id":"https:\/\/lovme.pt\/index.php\/produto\/pretty-love-listras-lisa-cupido-masturbador-ovo\/#primaryimage"},"thumbnailUrl":"https:\/\/erki24nd3ub.exactdn.com\/wp-content\/uploads\/dream\/img\/img_157814_5f008eba0548faab1c0cc78b967bfb1c_1.jpg?strip=all","datePublished":"2025-09-30T10:12:16+00:00","dateModified":"2026-02-19T20:06:55+00:00","breadcrumb":{"@id":"https:\/\/lovme.pt\/index.php\/produto\/pretty-love-listras-lisa-cupido-masturbador-ovo\/#breadcrumb"},"inLanguage":"pt-PT","potentialAction":[{"@type":"ReadAction","target":["https:\/\/lovme.pt\/index.php\/produto\/pretty-love-listras-lisa-cupido-masturbador-ovo\/"]}]},{"@type":"ImageObject","inLanguage":"pt-PT","@id":"https:\/\/lovme.pt\/index.php\/produto\/pretty-love-listras-lisa-cupido-masturbador-ovo\/#primaryimage","url":"https:\/\/erki24nd3ub.exactdn.com\/wp-content\/uploads\/dream\/img\/img_157814_5f008eba0548faab1c0cc78b967bfb1c_1.jpg?strip=all","contentUrl":"https:\/\/erki24nd3ub.exactdn.com\/wp-content\/uploads\/dream\/img\/img_157814_5f008eba0548faab1c0cc78b967bfb1c_1.jpg?strip=all","width":800,"height":800},{"@type":"BreadcrumbList","@id":"https:\/\/lovme.pt\/index.php\/produto\/pretty-love-listras-lisa-cupido-masturbador-ovo\/#breadcrumb","itemListElement":[{"@type":"ListItem","position":1,"name":"In\u00edcio","item":"https:\/\/lovme.pt\/"},{"@type":"ListItem","position":2,"name":"Loja","item":"https:\/\/lovme.pt\/index.php\/loja\/"},{"@type":"ListItem","position":3,"name":"PRETTY LOVE &#8211; LISTRAS LISA CUPIDO MASTURBADOR OVO"}]},{"@type":"WebSite","@id":"https:\/\/lovme.pt\/#website","url":"https:\/\/lovme.pt\/","name":"Lovme Loja Er\u00f3tica N\u00ba1 em Portugal","description":"A melhor loja er\u00f3tica de Portugal.","alternateName":"Loja Er\u00f3tica Lovme","potentialAction":[{"@type":"SearchAction","target":{"@type":"EntryPoint","urlTemplate":"https:\/\/lovme.pt\/?s={search_term_string}"},"query-input":{"@type":"PropertyValueSpecification","valueRequired":true,"valueName":"search_term_string"}}],"inLanguage":"pt-PT"}]}},"_links":{"self":[{"href":"https:\/\/lovme.pt\/index.php\/wp-json\/wp\/v2\/product\/45474","targetHints":{"allow":["GET"]}}],"collection":[{"href":"https:\/\/lovme.pt\/index.php\/wp-json\/wp\/v2\/product"}],"about":[{"href":"https:\/\/lovme.pt\/index.php\/wp-json\/wp\/v2\/types\/product"}],"wp:featuredmedia":[{"embeddable":true,"href":"https:\/\/lovme.pt\/index.php\/wp-json\/wp\/v2\/media\/63987"}],"wp:attachment":[{"href":"https:\/\/lovme.pt\/index.php\/wp-json\/wp\/v2\/media?parent=45474"}],"wp:term":[{"taxonomy":"product_brand","embeddable":true,"href":"https:\/\/lovme.pt\/index.php\/wp-json\/wp\/v2\/product_brand?post=45474"},{"taxonomy":"product_cat","embeddable":true,"href":"https:\/\/lovme.pt\/index.php\/wp-json\/wp\/v2\/product_cat?post=45474"},{"taxonomy":"product_tag","embeddable":true,"href":"https:\/\/lovme.pt\/index.php\/wp-json\/wp\/v2\/product_tag?post=45474"}],"curies":[{"name":"wp","href":"https:\/\/api.w.org\/{rel}","templated":true}]}}