{"id":45471,"date":"2025-09-30T10:12:13","date_gmt":"2025-09-30T10:12:13","guid":{"rendered":"https:\/\/lovme.pt\/?post_type=product&p=45471"},"modified":"2026-02-19T20:06:55","modified_gmt":"2026-02-19T20:06:55","slug":"pretty-love-anel-para-penis-marshall-com-plug-anal-vibratorio-com-controle-remoto","status":"publish","type":"product","link":"https:\/\/lovme.pt\/index.php\/produto\/pretty-love-anel-para-penis-marshall-com-plug-anal-vibratorio-com-controle-remoto\/","title":{"rendered":"PRETTY LOVE &#8211; ANEL PARA P\u00caNIS MARSHALL COM PLUG ANAL VIBRAT\u00d3RIO COM CONTROLE REMOTO"},"content":{"rendered":"<p>Este anel peniano com plug anal com controlo remoto \u00e9 uma combina\u00e7\u00e3o de anel peniano e plug anal vibrat\u00f3rio fixado em seguran\u00e7a.<\/p>\n<p>A tomada pode ser facilmente controlada utilizando o comando \u00e0 dist\u00e2ncia.<\/p>\n<p>Os an\u00e9is combinados seguram o p\u00e9nis e os test\u00edculos em seguran\u00e7a e podem promover eficazmente a ere\u00e7\u00e3o gra\u00e7as ao efeito de congest\u00e3o sangu\u00ednea.<\/p>\n<p>O plug anal vibrat\u00f3rio com o seu design de bola especial e 12 modos de vibra\u00e7\u00e3o diferentes pode proporcionar uma estimula\u00e7\u00e3o intensa na porta traseira.<\/p>\n<p>\u00c9 Coberto com silicone que possui uma textura de toque suave que se adapta perfeitamente \u00e0 pele.<\/p>\n<p>Fortalece o p\u00e9nis e d\u00e1 prazer ao seu backdoor ao mesmo tempo!<\/p>\n<p><u><strong>Recursos:<\/strong><\/u><\/p>\n<ul>\n<li>USB recarreg\u00e1vel<\/li>\n<li>Material de silicone<\/li>\n<li>Comando sem fios<\/li>\n<li>Doze fun\u00e7\u00f5es de vibra\u00e7\u00e3o<\/li>\n<\/ul>\n<p>Pode ser recarregado com o cabo USB inclu\u00eddo e o comando funciona com uma pilha AAA.<\/p>\n<p>A Pretty Love fabrica produtos com exigentes padr\u00f5es de qualidade, todos os seus produtos s\u00e3o concebidos nos Estados Unidos e t\u00eam uma garantia de 1 ano para defeitos t\u00e9cnicos<\/p>\n","protected":false},"excerpt":{"rendered":"<p>PRETTY LOVE &#8211; ANEL PARA P\u00caNIS MARSHALL COM PLUG ANAL VIBRAT\u00d3RIO COM CONTROLE REMOTO<\/p>\n","protected":false},"featured_media":63977,"template":"","meta":{"_acf_changed":false},"product_brand":[],"product_cat":[17,60,76],"product_tag":[],"class_list":{"0":"post-45471","1":"product","2":"type-product","3":"status-publish","4":"has-post-thumbnail","6":"product_cat-brinquedos-de-bem-estar-sexual","7":"product_cat-para-eles","8":"product_cat-vibradores","9":"yith_product_brand-pretty-love","10":"yith_product_brand-pretty-lovepretty-love-male","12":"first","13":"instock","14":"taxable","15":"shipping-taxable","16":"purchasable","17":"product-type-simple"},"acf":[],"yoast_head":"<!-- This site is optimized with the Yoast SEO plugin v27.4 - https:\/\/yoast.com\/product\/yoast-seo-wordpress\/ -->\n<title>PRETTY LOVE - ANEL PARA P\u00caNIS MARSHALL COM PLUG ANAL VIBRAT\u00d3RIO COM CONTROLE REMOTO - Lovme<\/title>\n<meta name=\"robots\" content=\"index, follow, max-snippet:-1, max-image-preview:large, max-video-preview:-1\" \/>\n<link rel=\"canonical\" href=\"https:\/\/lovme.pt\/index.php\/produto\/pretty-love-anel-para-penis-marshall-com-plug-anal-vibratorio-com-controle-remoto\/\" \/>\n<meta property=\"og:locale\" content=\"pt_PT\" \/>\n<meta property=\"og:type\" content=\"article\" \/>\n<meta property=\"og:title\" content=\"PRETTY LOVE - ANEL PARA P\u00caNIS MARSHALL COM PLUG ANAL VIBRAT\u00d3RIO COM CONTROLE REMOTO - Lovme\" \/>\n<meta property=\"og:description\" content=\"PRETTY LOVE - ANEL PARA P\u00caNIS MARSHALL COM PLUG ANAL VIBRAT\u00d3RIO COM CONTROLE REMOTO\" \/>\n<meta property=\"og:url\" content=\"https:\/\/lovme.pt\/index.php\/produto\/pretty-love-anel-para-penis-marshall-com-plug-anal-vibratorio-com-controle-remoto\/\" \/>\n<meta property=\"og:site_name\" content=\"Lovme\" \/>\n<meta property=\"article:modified_time\" content=\"2026-02-19T20:06:55+00:00\" \/>\n<meta property=\"og:image\" content=\"https:\/\/erki24nd3ub.exactdn.com\/wp-content\/uploads\/dream\/img\/img_157751_f20871b70c48652b7386df6d1e31074a_1.jpg?strip=all\" \/>\n\t<meta property=\"og:image:width\" content=\"800\" \/>\n\t<meta property=\"og:image:height\" content=\"800\" \/>\n\t<meta property=\"og:image:type\" content=\"image\/jpeg\" \/>\n<meta name=\"twitter:card\" content=\"summary_large_image\" \/>\n<meta name=\"twitter:label1\" content=\"Tempo estimado de leitura\" \/>\n\t<meta name=\"twitter:data1\" content=\"1 minuto\" \/>\n<script type=\"application\/ld+json\" class=\"yoast-schema-graph\">{\"@context\":\"https:\\\/\\\/schema.org\",\"@graph\":[{\"@type\":\"WebPage\",\"@id\":\"https:\\\/\\\/lovme.pt\\\/index.php\\\/produto\\\/pretty-love-anel-para-penis-marshall-com-plug-anal-vibratorio-com-controle-remoto\\\/\",\"url\":\"https:\\\/\\\/lovme.pt\\\/index.php\\\/produto\\\/pretty-love-anel-para-penis-marshall-com-plug-anal-vibratorio-com-controle-remoto\\\/\",\"name\":\"PRETTY LOVE - ANEL PARA P\u00caNIS MARSHALL COM PLUG ANAL VIBRAT\u00d3RIO COM CONTROLE REMOTO - Lovme\",\"isPartOf\":{\"@id\":\"https:\\\/\\\/lovme.pt\\\/#website\"},\"primaryImageOfPage\":{\"@id\":\"https:\\\/\\\/lovme.pt\\\/index.php\\\/produto\\\/pretty-love-anel-para-penis-marshall-com-plug-anal-vibratorio-com-controle-remoto\\\/#primaryimage\"},\"image\":{\"@id\":\"https:\\\/\\\/lovme.pt\\\/index.php\\\/produto\\\/pretty-love-anel-para-penis-marshall-com-plug-anal-vibratorio-com-controle-remoto\\\/#primaryimage\"},\"thumbnailUrl\":\"https:\\\/\\\/erki24nd3ub.exactdn.com\\\/wp-content\\\/uploads\\\/dream\\\/img\\\/img_157751_f20871b70c48652b7386df6d1e31074a_1.jpg?strip=all\",\"datePublished\":\"2025-09-30T10:12:13+00:00\",\"dateModified\":\"2026-02-19T20:06:55+00:00\",\"breadcrumb\":{\"@id\":\"https:\\\/\\\/lovme.pt\\\/index.php\\\/produto\\\/pretty-love-anel-para-penis-marshall-com-plug-anal-vibratorio-com-controle-remoto\\\/#breadcrumb\"},\"inLanguage\":\"pt-PT\",\"potentialAction\":[{\"@type\":\"ReadAction\",\"target\":[\"https:\\\/\\\/lovme.pt\\\/index.php\\\/produto\\\/pretty-love-anel-para-penis-marshall-com-plug-anal-vibratorio-com-controle-remoto\\\/\"]}]},{\"@type\":\"ImageObject\",\"inLanguage\":\"pt-PT\",\"@id\":\"https:\\\/\\\/lovme.pt\\\/index.php\\\/produto\\\/pretty-love-anel-para-penis-marshall-com-plug-anal-vibratorio-com-controle-remoto\\\/#primaryimage\",\"url\":\"https:\\\/\\\/erki24nd3ub.exactdn.com\\\/wp-content\\\/uploads\\\/dream\\\/img\\\/img_157751_f20871b70c48652b7386df6d1e31074a_1.jpg?strip=all\",\"contentUrl\":\"https:\\\/\\\/erki24nd3ub.exactdn.com\\\/wp-content\\\/uploads\\\/dream\\\/img\\\/img_157751_f20871b70c48652b7386df6d1e31074a_1.jpg?strip=all\",\"width\":800,\"height\":800},{\"@type\":\"BreadcrumbList\",\"@id\":\"https:\\\/\\\/lovme.pt\\\/index.php\\\/produto\\\/pretty-love-anel-para-penis-marshall-com-plug-anal-vibratorio-com-controle-remoto\\\/#breadcrumb\",\"itemListElement\":[{\"@type\":\"ListItem\",\"position\":1,\"name\":\"In\u00edcio\",\"item\":\"https:\\\/\\\/lovme.pt\\\/\"},{\"@type\":\"ListItem\",\"position\":2,\"name\":\"Loja\",\"item\":\"https:\\\/\\\/lovme.pt\\\/index.php\\\/loja\\\/\"},{\"@type\":\"ListItem\",\"position\":3,\"name\":\"PRETTY LOVE &#8211; ANEL PARA P\u00caNIS MARSHALL COM PLUG ANAL VIBRAT\u00d3RIO COM CONTROLE REMOTO\"}]},{\"@type\":\"WebSite\",\"@id\":\"https:\\\/\\\/lovme.pt\\\/#website\",\"url\":\"https:\\\/\\\/lovme.pt\\\/\",\"name\":\"Lovme Loja Er\u00f3tica N\u00ba1 em Portugal\",\"description\":\"A melhor loja er\u00f3tica de Portugal.\",\"alternateName\":\"Loja Er\u00f3tica Lovme\",\"potentialAction\":[{\"@type\":\"SearchAction\",\"target\":{\"@type\":\"EntryPoint\",\"urlTemplate\":\"https:\\\/\\\/lovme.pt\\\/?s={search_term_string}\"},\"query-input\":{\"@type\":\"PropertyValueSpecification\",\"valueRequired\":true,\"valueName\":\"search_term_string\"}}],\"inLanguage\":\"pt-PT\"}]}<\/script>\n<!-- \/ Yoast SEO plugin. -->","yoast_head_json":{"title":"PRETTY LOVE - ANEL PARA P\u00caNIS MARSHALL COM PLUG ANAL VIBRAT\u00d3RIO COM CONTROLE REMOTO - Lovme","robots":{"index":"index","follow":"follow","max-snippet":"max-snippet:-1","max-image-preview":"max-image-preview:large","max-video-preview":"max-video-preview:-1"},"canonical":"https:\/\/lovme.pt\/index.php\/produto\/pretty-love-anel-para-penis-marshall-com-plug-anal-vibratorio-com-controle-remoto\/","og_locale":"pt_PT","og_type":"article","og_title":"PRETTY LOVE - ANEL PARA P\u00caNIS MARSHALL COM PLUG ANAL VIBRAT\u00d3RIO COM CONTROLE REMOTO - Lovme","og_description":"PRETTY LOVE - ANEL PARA P\u00caNIS MARSHALL COM PLUG ANAL VIBRAT\u00d3RIO COM CONTROLE REMOTO","og_url":"https:\/\/lovme.pt\/index.php\/produto\/pretty-love-anel-para-penis-marshall-com-plug-anal-vibratorio-com-controle-remoto\/","og_site_name":"Lovme","article_modified_time":"2026-02-19T20:06:55+00:00","og_image":[{"width":800,"height":800,"url":"https:\/\/erki24nd3ub.exactdn.com\/wp-content\/uploads\/dream\/img\/img_157751_f20871b70c48652b7386df6d1e31074a_1.jpg?strip=all","type":"image\/jpeg"}],"twitter_card":"summary_large_image","twitter_misc":{"Tempo estimado de leitura":"1 minuto"},"schema":{"@context":"https:\/\/schema.org","@graph":[{"@type":"WebPage","@id":"https:\/\/lovme.pt\/index.php\/produto\/pretty-love-anel-para-penis-marshall-com-plug-anal-vibratorio-com-controle-remoto\/","url":"https:\/\/lovme.pt\/index.php\/produto\/pretty-love-anel-para-penis-marshall-com-plug-anal-vibratorio-com-controle-remoto\/","name":"PRETTY LOVE - ANEL PARA P\u00caNIS MARSHALL COM PLUG ANAL VIBRAT\u00d3RIO COM CONTROLE REMOTO - Lovme","isPartOf":{"@id":"https:\/\/lovme.pt\/#website"},"primaryImageOfPage":{"@id":"https:\/\/lovme.pt\/index.php\/produto\/pretty-love-anel-para-penis-marshall-com-plug-anal-vibratorio-com-controle-remoto\/#primaryimage"},"image":{"@id":"https:\/\/lovme.pt\/index.php\/produto\/pretty-love-anel-para-penis-marshall-com-plug-anal-vibratorio-com-controle-remoto\/#primaryimage"},"thumbnailUrl":"https:\/\/erki24nd3ub.exactdn.com\/wp-content\/uploads\/dream\/img\/img_157751_f20871b70c48652b7386df6d1e31074a_1.jpg?strip=all","datePublished":"2025-09-30T10:12:13+00:00","dateModified":"2026-02-19T20:06:55+00:00","breadcrumb":{"@id":"https:\/\/lovme.pt\/index.php\/produto\/pretty-love-anel-para-penis-marshall-com-plug-anal-vibratorio-com-controle-remoto\/#breadcrumb"},"inLanguage":"pt-PT","potentialAction":[{"@type":"ReadAction","target":["https:\/\/lovme.pt\/index.php\/produto\/pretty-love-anel-para-penis-marshall-com-plug-anal-vibratorio-com-controle-remoto\/"]}]},{"@type":"ImageObject","inLanguage":"pt-PT","@id":"https:\/\/lovme.pt\/index.php\/produto\/pretty-love-anel-para-penis-marshall-com-plug-anal-vibratorio-com-controle-remoto\/#primaryimage","url":"https:\/\/erki24nd3ub.exactdn.com\/wp-content\/uploads\/dream\/img\/img_157751_f20871b70c48652b7386df6d1e31074a_1.jpg?strip=all","contentUrl":"https:\/\/erki24nd3ub.exactdn.com\/wp-content\/uploads\/dream\/img\/img_157751_f20871b70c48652b7386df6d1e31074a_1.jpg?strip=all","width":800,"height":800},{"@type":"BreadcrumbList","@id":"https:\/\/lovme.pt\/index.php\/produto\/pretty-love-anel-para-penis-marshall-com-plug-anal-vibratorio-com-controle-remoto\/#breadcrumb","itemListElement":[{"@type":"ListItem","position":1,"name":"In\u00edcio","item":"https:\/\/lovme.pt\/"},{"@type":"ListItem","position":2,"name":"Loja","item":"https:\/\/lovme.pt\/index.php\/loja\/"},{"@type":"ListItem","position":3,"name":"PRETTY LOVE &#8211; ANEL PARA P\u00caNIS MARSHALL COM PLUG ANAL VIBRAT\u00d3RIO COM CONTROLE REMOTO"}]},{"@type":"WebSite","@id":"https:\/\/lovme.pt\/#website","url":"https:\/\/lovme.pt\/","name":"Lovme Loja Er\u00f3tica N\u00ba1 em Portugal","description":"A melhor loja er\u00f3tica de Portugal.","alternateName":"Loja Er\u00f3tica Lovme","potentialAction":[{"@type":"SearchAction","target":{"@type":"EntryPoint","urlTemplate":"https:\/\/lovme.pt\/?s={search_term_string}"},"query-input":{"@type":"PropertyValueSpecification","valueRequired":true,"valueName":"search_term_string"}}],"inLanguage":"pt-PT"}]}},"_links":{"self":[{"href":"https:\/\/lovme.pt\/index.php\/wp-json\/wp\/v2\/product\/45471","targetHints":{"allow":["GET"]}}],"collection":[{"href":"https:\/\/lovme.pt\/index.php\/wp-json\/wp\/v2\/product"}],"about":[{"href":"https:\/\/lovme.pt\/index.php\/wp-json\/wp\/v2\/types\/product"}],"wp:featuredmedia":[{"embeddable":true,"href":"https:\/\/lovme.pt\/index.php\/wp-json\/wp\/v2\/media\/63977"}],"wp:attachment":[{"href":"https:\/\/lovme.pt\/index.php\/wp-json\/wp\/v2\/media?parent=45471"}],"wp:term":[{"taxonomy":"product_brand","embeddable":true,"href":"https:\/\/lovme.pt\/index.php\/wp-json\/wp\/v2\/product_brand?post=45471"},{"taxonomy":"product_cat","embeddable":true,"href":"https:\/\/lovme.pt\/index.php\/wp-json\/wp\/v2\/product_cat?post=45471"},{"taxonomy":"product_tag","embeddable":true,"href":"https:\/\/lovme.pt\/index.php\/wp-json\/wp\/v2\/product_tag?post=45471"}],"curies":[{"name":"wp","href":"https:\/\/api.w.org\/{rel}","templated":true}]}}