{"id":45469,"date":"2025-09-30T09:54:33","date_gmt":"2025-09-30T09:54:33","guid":{"rendered":"https:\/\/lovme.pt\/?post_type=product&p=45469"},"modified":"2026-02-19T20:05:59","modified_gmt":"2026-02-19T20:05:59","slug":"pretty-love-ovo-vibratorio-rosa-fisher-controlado-por-aplicativo","status":"publish","type":"product","link":"https:\/\/lovme.pt\/index.php\/produto\/pretty-love-ovo-vibratorio-rosa-fisher-controlado-por-aplicativo\/","title":{"rendered":"PRETTY LOVE &#8211; OVO VIBRAT\u00d3RIO ROSA FISHER CONTROLADO POR APLICATIVO"},"content":{"rendered":"<p>Desfrute do prazer em qualquer lugar com este pequeno ovo vibrat\u00f3rio incrivelmente discreto controlado por aplicativo. Este ovo de formato oval \u00e9 ideal para preliminares e estimula\u00e7\u00e3o durante o dia. Leve sua vida amorosa para o pr\u00f3ximo n\u00edvel e use o telefone do seu parceiro para controlar o ovo.<\/p>\n<p>Coloque essa beleza er\u00f3tica em sua roupa \u00edntima, para que voc\u00ea possa receber um prazer espont\u00e2neo incr\u00edvel nas m\u00e3os de seu parceiro, n\u00e3o importa sua localiza\u00e7\u00e3o. Avan\u00e7ado com aplicativos gratuitos de controle de smartphone, os ovos s\u00e3o feitos de silicone e incluem 12 fun\u00e7\u00f5es de vibra\u00e7\u00e3o diferentes. \u00c9 algo que voc\u00ea definitivamente n\u00e3o quer perder.<\/p>\n","protected":false},"excerpt":{"rendered":"<p>PRETTY LOVE &#8211; OVO VIBRAT\u00d3RIO ROSA FISHER CONTROLADO POR APLICATIVO<\/p>\n","protected":false},"featured_media":59203,"template":"","meta":{"_acf_changed":false},"product_brand":[],"product_cat":[17,76],"product_tag":[],"class_list":{"0":"post-45469","1":"product","2":"type-product","3":"status-publish","4":"has-post-thumbnail","6":"product_cat-brinquedos-de-bem-estar-sexual","7":"product_cat-vibradores","8":"yith_product_brand-pretty-love","9":"yith_product_brand-pretty-lovepretty-love-smart","11":"first","12":"instock","13":"taxable","14":"shipping-taxable","15":"purchasable","16":"product-type-simple"},"acf":[],"yoast_head":"<!-- This site is optimized with the Yoast SEO plugin v27.4 - https:\/\/yoast.com\/product\/yoast-seo-wordpress\/ -->\n<title>PRETTY LOVE - OVO VIBRAT\u00d3RIO ROSA FISHER CONTROLADO POR APLICATIVO - Lovme<\/title>\n<meta name=\"robots\" content=\"index, follow, max-snippet:-1, max-image-preview:large, max-video-preview:-1\" \/>\n<link rel=\"canonical\" href=\"https:\/\/lovme.pt\/index.php\/produto\/pretty-love-ovo-vibratorio-rosa-fisher-controlado-por-aplicativo\/\" \/>\n<meta property=\"og:locale\" content=\"pt_PT\" \/>\n<meta property=\"og:type\" content=\"article\" \/>\n<meta property=\"og:title\" content=\"PRETTY LOVE - OVO VIBRAT\u00d3RIO ROSA FISHER CONTROLADO POR APLICATIVO - Lovme\" \/>\n<meta property=\"og:description\" content=\"PRETTY LOVE - OVO VIBRAT\u00d3RIO ROSA FISHER CONTROLADO POR APLICATIVO\" \/>\n<meta property=\"og:url\" content=\"https:\/\/lovme.pt\/index.php\/produto\/pretty-love-ovo-vibratorio-rosa-fisher-controlado-por-aplicativo\/\" \/>\n<meta property=\"og:site_name\" content=\"Lovme\" \/>\n<meta property=\"article:modified_time\" content=\"2026-02-19T20:05:59+00:00\" \/>\n<meta property=\"og:image\" content=\"https:\/\/erki24nd3ub.exactdn.com\/wp-content\/uploads\/dream\/img\/img_157791_6699c88c8e8491818c0abb26dc807376_1.jpg?strip=all\" \/>\n\t<meta property=\"og:image:width\" content=\"800\" \/>\n\t<meta property=\"og:image:height\" content=\"800\" \/>\n\t<meta property=\"og:image:type\" content=\"image\/jpeg\" \/>\n<meta name=\"twitter:card\" content=\"summary_large_image\" \/>\n<meta name=\"twitter:label1\" content=\"Tempo estimado de leitura\" \/>\n\t<meta name=\"twitter:data1\" content=\"1 minuto\" \/>\n<script type=\"application\/ld+json\" class=\"yoast-schema-graph\">{\"@context\":\"https:\\\/\\\/schema.org\",\"@graph\":[{\"@type\":\"WebPage\",\"@id\":\"https:\\\/\\\/lovme.pt\\\/index.php\\\/produto\\\/pretty-love-ovo-vibratorio-rosa-fisher-controlado-por-aplicativo\\\/\",\"url\":\"https:\\\/\\\/lovme.pt\\\/index.php\\\/produto\\\/pretty-love-ovo-vibratorio-rosa-fisher-controlado-por-aplicativo\\\/\",\"name\":\"PRETTY LOVE - OVO VIBRAT\u00d3RIO ROSA FISHER CONTROLADO POR APLICATIVO - Lovme\",\"isPartOf\":{\"@id\":\"https:\\\/\\\/lovme.pt\\\/#website\"},\"primaryImageOfPage\":{\"@id\":\"https:\\\/\\\/lovme.pt\\\/index.php\\\/produto\\\/pretty-love-ovo-vibratorio-rosa-fisher-controlado-por-aplicativo\\\/#primaryimage\"},\"image\":{\"@id\":\"https:\\\/\\\/lovme.pt\\\/index.php\\\/produto\\\/pretty-love-ovo-vibratorio-rosa-fisher-controlado-por-aplicativo\\\/#primaryimage\"},\"thumbnailUrl\":\"https:\\\/\\\/erki24nd3ub.exactdn.com\\\/wp-content\\\/uploads\\\/dream\\\/img\\\/img_157791_6699c88c8e8491818c0abb26dc807376_1.jpg?strip=all\",\"datePublished\":\"2025-09-30T09:54:33+00:00\",\"dateModified\":\"2026-02-19T20:05:59+00:00\",\"breadcrumb\":{\"@id\":\"https:\\\/\\\/lovme.pt\\\/index.php\\\/produto\\\/pretty-love-ovo-vibratorio-rosa-fisher-controlado-por-aplicativo\\\/#breadcrumb\"},\"inLanguage\":\"pt-PT\",\"potentialAction\":[{\"@type\":\"ReadAction\",\"target\":[\"https:\\\/\\\/lovme.pt\\\/index.php\\\/produto\\\/pretty-love-ovo-vibratorio-rosa-fisher-controlado-por-aplicativo\\\/\"]}]},{\"@type\":\"ImageObject\",\"inLanguage\":\"pt-PT\",\"@id\":\"https:\\\/\\\/lovme.pt\\\/index.php\\\/produto\\\/pretty-love-ovo-vibratorio-rosa-fisher-controlado-por-aplicativo\\\/#primaryimage\",\"url\":\"https:\\\/\\\/erki24nd3ub.exactdn.com\\\/wp-content\\\/uploads\\\/dream\\\/img\\\/img_157791_6699c88c8e8491818c0abb26dc807376_1.jpg?strip=all\",\"contentUrl\":\"https:\\\/\\\/erki24nd3ub.exactdn.com\\\/wp-content\\\/uploads\\\/dream\\\/img\\\/img_157791_6699c88c8e8491818c0abb26dc807376_1.jpg?strip=all\",\"width\":800,\"height\":800},{\"@type\":\"BreadcrumbList\",\"@id\":\"https:\\\/\\\/lovme.pt\\\/index.php\\\/produto\\\/pretty-love-ovo-vibratorio-rosa-fisher-controlado-por-aplicativo\\\/#breadcrumb\",\"itemListElement\":[{\"@type\":\"ListItem\",\"position\":1,\"name\":\"In\u00edcio\",\"item\":\"https:\\\/\\\/lovme.pt\\\/\"},{\"@type\":\"ListItem\",\"position\":2,\"name\":\"Loja\",\"item\":\"https:\\\/\\\/lovme.pt\\\/index.php\\\/loja\\\/\"},{\"@type\":\"ListItem\",\"position\":3,\"name\":\"PRETTY LOVE &#8211; OVO VIBRAT\u00d3RIO ROSA FISHER CONTROLADO POR APLICATIVO\"}]},{\"@type\":\"WebSite\",\"@id\":\"https:\\\/\\\/lovme.pt\\\/#website\",\"url\":\"https:\\\/\\\/lovme.pt\\\/\",\"name\":\"Lovme Loja Er\u00f3tica N\u00ba1 em Portugal\",\"description\":\"A melhor loja er\u00f3tica de Portugal.\",\"alternateName\":\"Loja Er\u00f3tica Lovme\",\"potentialAction\":[{\"@type\":\"SearchAction\",\"target\":{\"@type\":\"EntryPoint\",\"urlTemplate\":\"https:\\\/\\\/lovme.pt\\\/?s={search_term_string}\"},\"query-input\":{\"@type\":\"PropertyValueSpecification\",\"valueRequired\":true,\"valueName\":\"search_term_string\"}}],\"inLanguage\":\"pt-PT\"}]}<\/script>\n<!-- \/ Yoast SEO plugin. -->","yoast_head_json":{"title":"PRETTY LOVE - OVO VIBRAT\u00d3RIO ROSA FISHER CONTROLADO POR APLICATIVO - Lovme","robots":{"index":"index","follow":"follow","max-snippet":"max-snippet:-1","max-image-preview":"max-image-preview:large","max-video-preview":"max-video-preview:-1"},"canonical":"https:\/\/lovme.pt\/index.php\/produto\/pretty-love-ovo-vibratorio-rosa-fisher-controlado-por-aplicativo\/","og_locale":"pt_PT","og_type":"article","og_title":"PRETTY LOVE - OVO VIBRAT\u00d3RIO ROSA FISHER CONTROLADO POR APLICATIVO - Lovme","og_description":"PRETTY LOVE - OVO VIBRAT\u00d3RIO ROSA FISHER CONTROLADO POR APLICATIVO","og_url":"https:\/\/lovme.pt\/index.php\/produto\/pretty-love-ovo-vibratorio-rosa-fisher-controlado-por-aplicativo\/","og_site_name":"Lovme","article_modified_time":"2026-02-19T20:05:59+00:00","og_image":[{"width":800,"height":800,"url":"https:\/\/erki24nd3ub.exactdn.com\/wp-content\/uploads\/dream\/img\/img_157791_6699c88c8e8491818c0abb26dc807376_1.jpg?strip=all","type":"image\/jpeg"}],"twitter_card":"summary_large_image","twitter_misc":{"Tempo estimado de leitura":"1 minuto"},"schema":{"@context":"https:\/\/schema.org","@graph":[{"@type":"WebPage","@id":"https:\/\/lovme.pt\/index.php\/produto\/pretty-love-ovo-vibratorio-rosa-fisher-controlado-por-aplicativo\/","url":"https:\/\/lovme.pt\/index.php\/produto\/pretty-love-ovo-vibratorio-rosa-fisher-controlado-por-aplicativo\/","name":"PRETTY LOVE - OVO VIBRAT\u00d3RIO ROSA FISHER CONTROLADO POR APLICATIVO - Lovme","isPartOf":{"@id":"https:\/\/lovme.pt\/#website"},"primaryImageOfPage":{"@id":"https:\/\/lovme.pt\/index.php\/produto\/pretty-love-ovo-vibratorio-rosa-fisher-controlado-por-aplicativo\/#primaryimage"},"image":{"@id":"https:\/\/lovme.pt\/index.php\/produto\/pretty-love-ovo-vibratorio-rosa-fisher-controlado-por-aplicativo\/#primaryimage"},"thumbnailUrl":"https:\/\/erki24nd3ub.exactdn.com\/wp-content\/uploads\/dream\/img\/img_157791_6699c88c8e8491818c0abb26dc807376_1.jpg?strip=all","datePublished":"2025-09-30T09:54:33+00:00","dateModified":"2026-02-19T20:05:59+00:00","breadcrumb":{"@id":"https:\/\/lovme.pt\/index.php\/produto\/pretty-love-ovo-vibratorio-rosa-fisher-controlado-por-aplicativo\/#breadcrumb"},"inLanguage":"pt-PT","potentialAction":[{"@type":"ReadAction","target":["https:\/\/lovme.pt\/index.php\/produto\/pretty-love-ovo-vibratorio-rosa-fisher-controlado-por-aplicativo\/"]}]},{"@type":"ImageObject","inLanguage":"pt-PT","@id":"https:\/\/lovme.pt\/index.php\/produto\/pretty-love-ovo-vibratorio-rosa-fisher-controlado-por-aplicativo\/#primaryimage","url":"https:\/\/erki24nd3ub.exactdn.com\/wp-content\/uploads\/dream\/img\/img_157791_6699c88c8e8491818c0abb26dc807376_1.jpg?strip=all","contentUrl":"https:\/\/erki24nd3ub.exactdn.com\/wp-content\/uploads\/dream\/img\/img_157791_6699c88c8e8491818c0abb26dc807376_1.jpg?strip=all","width":800,"height":800},{"@type":"BreadcrumbList","@id":"https:\/\/lovme.pt\/index.php\/produto\/pretty-love-ovo-vibratorio-rosa-fisher-controlado-por-aplicativo\/#breadcrumb","itemListElement":[{"@type":"ListItem","position":1,"name":"In\u00edcio","item":"https:\/\/lovme.pt\/"},{"@type":"ListItem","position":2,"name":"Loja","item":"https:\/\/lovme.pt\/index.php\/loja\/"},{"@type":"ListItem","position":3,"name":"PRETTY LOVE &#8211; OVO VIBRAT\u00d3RIO ROSA FISHER CONTROLADO POR APLICATIVO"}]},{"@type":"WebSite","@id":"https:\/\/lovme.pt\/#website","url":"https:\/\/lovme.pt\/","name":"Lovme Loja Er\u00f3tica N\u00ba1 em Portugal","description":"A melhor loja er\u00f3tica de Portugal.","alternateName":"Loja Er\u00f3tica Lovme","potentialAction":[{"@type":"SearchAction","target":{"@type":"EntryPoint","urlTemplate":"https:\/\/lovme.pt\/?s={search_term_string}"},"query-input":{"@type":"PropertyValueSpecification","valueRequired":true,"valueName":"search_term_string"}}],"inLanguage":"pt-PT"}]}},"_links":{"self":[{"href":"https:\/\/lovme.pt\/index.php\/wp-json\/wp\/v2\/product\/45469","targetHints":{"allow":["GET"]}}],"collection":[{"href":"https:\/\/lovme.pt\/index.php\/wp-json\/wp\/v2\/product"}],"about":[{"href":"https:\/\/lovme.pt\/index.php\/wp-json\/wp\/v2\/types\/product"}],"wp:featuredmedia":[{"embeddable":true,"href":"https:\/\/lovme.pt\/index.php\/wp-json\/wp\/v2\/media\/59203"}],"wp:attachment":[{"href":"https:\/\/lovme.pt\/index.php\/wp-json\/wp\/v2\/media?parent=45469"}],"wp:term":[{"taxonomy":"product_brand","embeddable":true,"href":"https:\/\/lovme.pt\/index.php\/wp-json\/wp\/v2\/product_brand?post=45469"},{"taxonomy":"product_cat","embeddable":true,"href":"https:\/\/lovme.pt\/index.php\/wp-json\/wp\/v2\/product_cat?post=45469"},{"taxonomy":"product_tag","embeddable":true,"href":"https:\/\/lovme.pt\/index.php\/wp-json\/wp\/v2\/product_tag?post=45469"}],"curies":[{"name":"wp","href":"https:\/\/api.w.org\/{rel}","templated":true}]}}