{"id":45463,"date":"2025-09-30T09:39:40","date_gmt":"2025-09-30T09:39:40","guid":{"rendered":"https:\/\/lovme.pt\/?post_type=product&p=45463"},"modified":"2026-02-19T20:01:18","modified_gmt":"2026-02-19T20:01:18","slug":"satisfyer-air-pulse-vibrador-pro-2-classic-blossom","status":"publish","type":"product","link":"https:\/\/lovme.pt\/index.php\/produto\/satisfyer-air-pulse-vibrador-pro-2-classic-blossom\/","title":{"rendered":"SATISFYER &#8211; AIR PULSE VIBRADOR PRO 2 CLASSIC BLOSSOM"},"content":{"rendered":"<p>Apresentamos <strong>o Satisfyer Pro 2 Classic Blossom:<\/strong> A beleza da natureza encontra a inova\u00e7\u00e3o!<\/p>\n<p> Descubra o mais recente vibrador de ondas de press\u00e3o da Satisfyer, uma bela obra-prima pensada para fazer voc\u00ea florescer a cada car\u00edcia. Com o formato de uma delicada flor em plena flora\u00e7\u00e3o, n\u00e3o \u00e9 apenas um vibrador, \u00e9 uma ode \u00e0 eleg\u00e2ncia do design da natureza.<\/p>\n<p> Apresentando a tecnologia <strong>Satisfyer Air Pulse<\/strong> , que ajudou milh\u00f5es de pessoas em todo o mundo a atingir cl\u00edmax incompar\u00e1veis, este extraordin\u00e1rio produto de prazer ir\u00e1 estimular o seu clit\u00f3ris completamente sem contacto. E isso n\u00e3o \u00e9 tudo: a cabe\u00e7a Liquid Air inclu\u00edda cuida do clit\u00f3ris com a inovadora tecnologia <strong>Liquid Air<\/strong> da Satisfyer que cria uma sensa\u00e7\u00e3o semelhante \u00e0 de um jato pulsante de \u00e1gua.<\/p>\n<p> Escolha a sua favorita entre 11 intensidades de ondas de press\u00e3o, variando de suave a intensa. Satisfyer Pro 2 Classic Blossom est\u00e1 dispon\u00edvel Feito com silicone seguro para o corpo e tamb\u00e9m \u00e9 totalmente \u00e0 prova d\u00e1gua (IPX7) para que voc\u00ea tamb\u00e9m possa apreci\u00e1-lo no chuveiro ou na banheira. Mime-se com o Satisfyer Pro 2 Classic Blossom e descubra a beleza da inova\u00e7\u00e3o Satisfyer: esta flor est\u00e1 \u00e0 sua espera para a colher!<\/p>\n<\/p>\n<p> <strong><u>CARACTER\u00cdSTICAS:<\/u><\/strong><\/p>\n<ul>\n<li> Tecnologia de ar l\u00edquido.<\/li>\n<li> Silicone completo.<\/li>\n<li> \u00c0 prova d\u00e1gua (IPX7).<\/li>\n<li> Tamanho da viagem.<\/li>\n<\/ul>\n","protected":false},"excerpt":{"rendered":"<p>SATISFYER &#8211; AIR PULSE VIBRADOR PRO 2 CLASSIC BLOSSOM<\/p>\n","protected":false},"featured_media":55428,"template":"","meta":{"_acf_changed":false},"product_brand":[],"product_cat":[17,61,76],"product_tag":[],"class_list":{"0":"post-45463","1":"product","2":"type-product","3":"status-publish","4":"has-post-thumbnail","6":"product_cat-brinquedos-de-bem-estar-sexual","7":"product_cat-para-elas","8":"product_cat-vibradores","9":"yith_product_brand-satisfyer","10":"yith_product_brand-satisfyer-satisfyer-air-pulse","12":"first","13":"instock","14":"taxable","15":"shipping-taxable","16":"purchasable","17":"product-type-simple"},"acf":[],"yoast_head":"<!-- This site is optimized with the Yoast SEO plugin v27.4 - https:\/\/yoast.com\/product\/yoast-seo-wordpress\/ -->\n<title>SATISFYER - AIR PULSE VIBRADOR PRO 2 CLASSIC BLOSSOM - Lovme<\/title>\n<meta name=\"robots\" content=\"index, follow, max-snippet:-1, max-image-preview:large, max-video-preview:-1\" \/>\n<link rel=\"canonical\" href=\"https:\/\/lovme.pt\/index.php\/produto\/satisfyer-air-pulse-vibrador-pro-2-classic-blossom\/\" \/>\n<meta property=\"og:locale\" content=\"pt_PT\" \/>\n<meta property=\"og:type\" content=\"article\" \/>\n<meta property=\"og:title\" content=\"SATISFYER - AIR PULSE VIBRADOR PRO 2 CLASSIC BLOSSOM - Lovme\" \/>\n<meta property=\"og:description\" content=\"SATISFYER - AIR PULSE VIBRADOR PRO 2 CLASSIC BLOSSOM\" \/>\n<meta property=\"og:url\" content=\"https:\/\/lovme.pt\/index.php\/produto\/satisfyer-air-pulse-vibrador-pro-2-classic-blossom\/\" \/>\n<meta property=\"og:site_name\" content=\"Lovme\" \/>\n<meta property=\"article:modified_time\" content=\"2026-02-19T20:01:18+00:00\" \/>\n<meta property=\"og:image\" content=\"https:\/\/erki24nd3ub.exactdn.com\/wp-content\/uploads\/dream\/img\/img_157655_f8c9a5a431b9f1138b7cbd326c80cfe8_1.jpg?strip=all\" \/>\n\t<meta property=\"og:image:width\" content=\"800\" \/>\n\t<meta property=\"og:image:height\" content=\"800\" \/>\n\t<meta property=\"og:image:type\" content=\"image\/jpeg\" \/>\n<meta name=\"twitter:card\" content=\"summary_large_image\" \/>\n<meta name=\"twitter:label1\" content=\"Tempo estimado de leitura\" \/>\n\t<meta name=\"twitter:data1\" content=\"1 minuto\" \/>\n<script type=\"application\/ld+json\" class=\"yoast-schema-graph\">{\"@context\":\"https:\\\/\\\/schema.org\",\"@graph\":[{\"@type\":\"WebPage\",\"@id\":\"https:\\\/\\\/lovme.pt\\\/index.php\\\/produto\\\/satisfyer-air-pulse-vibrador-pro-2-classic-blossom\\\/\",\"url\":\"https:\\\/\\\/lovme.pt\\\/index.php\\\/produto\\\/satisfyer-air-pulse-vibrador-pro-2-classic-blossom\\\/\",\"name\":\"SATISFYER - AIR PULSE VIBRADOR PRO 2 CLASSIC BLOSSOM - Lovme\",\"isPartOf\":{\"@id\":\"https:\\\/\\\/lovme.pt\\\/#website\"},\"primaryImageOfPage\":{\"@id\":\"https:\\\/\\\/lovme.pt\\\/index.php\\\/produto\\\/satisfyer-air-pulse-vibrador-pro-2-classic-blossom\\\/#primaryimage\"},\"image\":{\"@id\":\"https:\\\/\\\/lovme.pt\\\/index.php\\\/produto\\\/satisfyer-air-pulse-vibrador-pro-2-classic-blossom\\\/#primaryimage\"},\"thumbnailUrl\":\"https:\\\/\\\/erki24nd3ub.exactdn.com\\\/wp-content\\\/uploads\\\/dream\\\/img\\\/img_157655_f8c9a5a431b9f1138b7cbd326c80cfe8_1.jpg?strip=all\",\"datePublished\":\"2025-09-30T09:39:40+00:00\",\"dateModified\":\"2026-02-19T20:01:18+00:00\",\"breadcrumb\":{\"@id\":\"https:\\\/\\\/lovme.pt\\\/index.php\\\/produto\\\/satisfyer-air-pulse-vibrador-pro-2-classic-blossom\\\/#breadcrumb\"},\"inLanguage\":\"pt-PT\",\"potentialAction\":[{\"@type\":\"ReadAction\",\"target\":[\"https:\\\/\\\/lovme.pt\\\/index.php\\\/produto\\\/satisfyer-air-pulse-vibrador-pro-2-classic-blossom\\\/\"]}]},{\"@type\":\"ImageObject\",\"inLanguage\":\"pt-PT\",\"@id\":\"https:\\\/\\\/lovme.pt\\\/index.php\\\/produto\\\/satisfyer-air-pulse-vibrador-pro-2-classic-blossom\\\/#primaryimage\",\"url\":\"https:\\\/\\\/erki24nd3ub.exactdn.com\\\/wp-content\\\/uploads\\\/dream\\\/img\\\/img_157655_f8c9a5a431b9f1138b7cbd326c80cfe8_1.jpg?strip=all\",\"contentUrl\":\"https:\\\/\\\/erki24nd3ub.exactdn.com\\\/wp-content\\\/uploads\\\/dream\\\/img\\\/img_157655_f8c9a5a431b9f1138b7cbd326c80cfe8_1.jpg?strip=all\",\"width\":800,\"height\":800},{\"@type\":\"BreadcrumbList\",\"@id\":\"https:\\\/\\\/lovme.pt\\\/index.php\\\/produto\\\/satisfyer-air-pulse-vibrador-pro-2-classic-blossom\\\/#breadcrumb\",\"itemListElement\":[{\"@type\":\"ListItem\",\"position\":1,\"name\":\"In\u00edcio\",\"item\":\"https:\\\/\\\/lovme.pt\\\/\"},{\"@type\":\"ListItem\",\"position\":2,\"name\":\"Loja\",\"item\":\"https:\\\/\\\/lovme.pt\\\/index.php\\\/loja\\\/\"},{\"@type\":\"ListItem\",\"position\":3,\"name\":\"SATISFYER &#8211; AIR PULSE VIBRADOR PRO 2 CLASSIC BLOSSOM\"}]},{\"@type\":\"WebSite\",\"@id\":\"https:\\\/\\\/lovme.pt\\\/#website\",\"url\":\"https:\\\/\\\/lovme.pt\\\/\",\"name\":\"Lovme Loja Er\u00f3tica N\u00ba1 em Portugal\",\"description\":\"A melhor loja er\u00f3tica de Portugal.\",\"alternateName\":\"Loja Er\u00f3tica Lovme\",\"potentialAction\":[{\"@type\":\"SearchAction\",\"target\":{\"@type\":\"EntryPoint\",\"urlTemplate\":\"https:\\\/\\\/lovme.pt\\\/?s={search_term_string}\"},\"query-input\":{\"@type\":\"PropertyValueSpecification\",\"valueRequired\":true,\"valueName\":\"search_term_string\"}}],\"inLanguage\":\"pt-PT\"}]}<\/script>\n<!-- \/ Yoast SEO plugin. -->","yoast_head_json":{"title":"SATISFYER - AIR PULSE VIBRADOR PRO 2 CLASSIC BLOSSOM - Lovme","robots":{"index":"index","follow":"follow","max-snippet":"max-snippet:-1","max-image-preview":"max-image-preview:large","max-video-preview":"max-video-preview:-1"},"canonical":"https:\/\/lovme.pt\/index.php\/produto\/satisfyer-air-pulse-vibrador-pro-2-classic-blossom\/","og_locale":"pt_PT","og_type":"article","og_title":"SATISFYER - AIR PULSE VIBRADOR PRO 2 CLASSIC BLOSSOM - Lovme","og_description":"SATISFYER - AIR PULSE VIBRADOR PRO 2 CLASSIC BLOSSOM","og_url":"https:\/\/lovme.pt\/index.php\/produto\/satisfyer-air-pulse-vibrador-pro-2-classic-blossom\/","og_site_name":"Lovme","article_modified_time":"2026-02-19T20:01:18+00:00","og_image":[{"width":800,"height":800,"url":"https:\/\/erki24nd3ub.exactdn.com\/wp-content\/uploads\/dream\/img\/img_157655_f8c9a5a431b9f1138b7cbd326c80cfe8_1.jpg?strip=all","type":"image\/jpeg"}],"twitter_card":"summary_large_image","twitter_misc":{"Tempo estimado de leitura":"1 minuto"},"schema":{"@context":"https:\/\/schema.org","@graph":[{"@type":"WebPage","@id":"https:\/\/lovme.pt\/index.php\/produto\/satisfyer-air-pulse-vibrador-pro-2-classic-blossom\/","url":"https:\/\/lovme.pt\/index.php\/produto\/satisfyer-air-pulse-vibrador-pro-2-classic-blossom\/","name":"SATISFYER - AIR PULSE VIBRADOR PRO 2 CLASSIC BLOSSOM - Lovme","isPartOf":{"@id":"https:\/\/lovme.pt\/#website"},"primaryImageOfPage":{"@id":"https:\/\/lovme.pt\/index.php\/produto\/satisfyer-air-pulse-vibrador-pro-2-classic-blossom\/#primaryimage"},"image":{"@id":"https:\/\/lovme.pt\/index.php\/produto\/satisfyer-air-pulse-vibrador-pro-2-classic-blossom\/#primaryimage"},"thumbnailUrl":"https:\/\/erki24nd3ub.exactdn.com\/wp-content\/uploads\/dream\/img\/img_157655_f8c9a5a431b9f1138b7cbd326c80cfe8_1.jpg?strip=all","datePublished":"2025-09-30T09:39:40+00:00","dateModified":"2026-02-19T20:01:18+00:00","breadcrumb":{"@id":"https:\/\/lovme.pt\/index.php\/produto\/satisfyer-air-pulse-vibrador-pro-2-classic-blossom\/#breadcrumb"},"inLanguage":"pt-PT","potentialAction":[{"@type":"ReadAction","target":["https:\/\/lovme.pt\/index.php\/produto\/satisfyer-air-pulse-vibrador-pro-2-classic-blossom\/"]}]},{"@type":"ImageObject","inLanguage":"pt-PT","@id":"https:\/\/lovme.pt\/index.php\/produto\/satisfyer-air-pulse-vibrador-pro-2-classic-blossom\/#primaryimage","url":"https:\/\/erki24nd3ub.exactdn.com\/wp-content\/uploads\/dream\/img\/img_157655_f8c9a5a431b9f1138b7cbd326c80cfe8_1.jpg?strip=all","contentUrl":"https:\/\/erki24nd3ub.exactdn.com\/wp-content\/uploads\/dream\/img\/img_157655_f8c9a5a431b9f1138b7cbd326c80cfe8_1.jpg?strip=all","width":800,"height":800},{"@type":"BreadcrumbList","@id":"https:\/\/lovme.pt\/index.php\/produto\/satisfyer-air-pulse-vibrador-pro-2-classic-blossom\/#breadcrumb","itemListElement":[{"@type":"ListItem","position":1,"name":"In\u00edcio","item":"https:\/\/lovme.pt\/"},{"@type":"ListItem","position":2,"name":"Loja","item":"https:\/\/lovme.pt\/index.php\/loja\/"},{"@type":"ListItem","position":3,"name":"SATISFYER &#8211; AIR PULSE VIBRADOR PRO 2 CLASSIC BLOSSOM"}]},{"@type":"WebSite","@id":"https:\/\/lovme.pt\/#website","url":"https:\/\/lovme.pt\/","name":"Lovme Loja Er\u00f3tica N\u00ba1 em Portugal","description":"A melhor loja er\u00f3tica de Portugal.","alternateName":"Loja Er\u00f3tica Lovme","potentialAction":[{"@type":"SearchAction","target":{"@type":"EntryPoint","urlTemplate":"https:\/\/lovme.pt\/?s={search_term_string}"},"query-input":{"@type":"PropertyValueSpecification","valueRequired":true,"valueName":"search_term_string"}}],"inLanguage":"pt-PT"}]}},"_links":{"self":[{"href":"https:\/\/lovme.pt\/index.php\/wp-json\/wp\/v2\/product\/45463","targetHints":{"allow":["GET"]}}],"collection":[{"href":"https:\/\/lovme.pt\/index.php\/wp-json\/wp\/v2\/product"}],"about":[{"href":"https:\/\/lovme.pt\/index.php\/wp-json\/wp\/v2\/types\/product"}],"wp:featuredmedia":[{"embeddable":true,"href":"https:\/\/lovme.pt\/index.php\/wp-json\/wp\/v2\/media\/55428"}],"wp:attachment":[{"href":"https:\/\/lovme.pt\/index.php\/wp-json\/wp\/v2\/media?parent=45463"}],"wp:term":[{"taxonomy":"product_brand","embeddable":true,"href":"https:\/\/lovme.pt\/index.php\/wp-json\/wp\/v2\/product_brand?post=45463"},{"taxonomy":"product_cat","embeddable":true,"href":"https:\/\/lovme.pt\/index.php\/wp-json\/wp\/v2\/product_cat?post=45463"},{"taxonomy":"product_tag","embeddable":true,"href":"https:\/\/lovme.pt\/index.php\/wp-json\/wp\/v2\/product_tag?post=45463"}],"curies":[{"name":"wp","href":"https:\/\/api.w.org\/{rel}","templated":true}]}}