{"id":45460,"date":"2025-10-01T02:56:03","date_gmt":"2025-10-01T02:56:03","guid":{"rendered":"https:\/\/lovme.pt\/?post_type=product&p=45460"},"modified":"2026-02-19T20:22:00","modified_gmt":"2026-02-19T20:22:00","slug":"fleshlight-boost-blow-md-flesh-mouth-masturbador-rp","status":"publish","type":"product","link":"https:\/\/lovme.pt\/index.php\/produto\/fleshlight-boost-blow-md-flesh-mouth-masturbador-rp\/","title":{"rendered":"FLESHLIGHT BOOST &#8211; BLOW MD FLESH MOUTH MASTURBADOR RP"},"content":{"rendered":"<p style=\"text-align: center;\"><img decoding=\"async\" alt=\"\" src=\"https:\/\/interno.dreamlove.es\/UserFiles\/images\/Boost-Blow-MD-WebAssets-ProductTexture%282%29.jpg\" style=\"width: 1000px; height: 231px;\" \/><\/p>\n<p>\u00a0<\/p>\n<p>Prepare-se para o HIT da sua vida. Experimente as sensa\u00e7\u00f5es tentadoras do sexo oral a qualquer momento que desejar com nosso novo brinquedo realista de sexo oral.<\/p>\n<p>Conforme voc\u00ea desliza sua vara pela l\u00edngua e na boca, os an\u00e9is flutuantes &#8220;Turbo Tech&#8221; do Boost d\u00e3o ao seu membro uma sensa\u00e7\u00e3o realista de engolir ao entrar. \u00c0 medida que envolve voc\u00ea, prepare-se para uma intensa experi\u00eancia de garganta profunda, pois seus v\u00e1rios grupos de cristas e grandes protuber\u00e2ncias alongadas massageiam sua ere\u00e7\u00e3o com perfei\u00e7\u00e3o.<\/p>\n<p>\u00a0<\/p>\n<p><strong>Fleshlight Boost<\/strong> leva tudo o que voc\u00ea adora nos produtos Fleshlight e leva para o pr\u00f3ximo n\u00edvel. A linha de masturbadores <strong>Boost<\/strong> apresenta mais recursos novos do que qualquer produto desde o original.<\/p>\n<p>Al\u00e9m das novas cores e tons de pele da caixa, os furos est\u00e3o mais detalhados e realistas do que nunca. Cada brinquedo tamb\u00e9m vem com nossa inovadora tampa de controle de suc\u00e7\u00e3o, permitindo aos usu\u00e1rios aumentar sua estanqueidade preferida. Se prepare; Estamos prestes a lev\u00e1-lo a um n\u00edvel totalmente novo de satisfa\u00e7\u00e3o sexual!<\/p>\n<ul>\n<li>Comprimento total: 24,75 cm \/\/ 9,75&#8243;<\/li>\n<li>Comprimento inser\u00edvel: 21,5 cm \/\/ 8,5&#8243;<\/li>\n<\/ul>\n<p>\u00a0<\/p>\n<p><u><strong>INCLUI:<\/strong><\/u><\/p>\n<ul>\n<li>Estojo Boost azul met\u00e1lico<\/li>\n<li>buraco de sopro<\/li>\n<li>textura de colis\u00e3o<\/li>\n<li>Tampa de controle de suc\u00e7\u00e3o<\/li>\n<li>Instru\u00e7\u00f5es de uso e cuidados.<\/li>\n<\/ul>\n","protected":false},"excerpt":{"rendered":"<p>FLESHLIGHT BOOST &#8211; BLOW MD FLESH MOUTH MASTURBADOR RP<\/p>\n","protected":false},"featured_media":100224,"template":"","meta":{"_acf_changed":false},"product_brand":[],"product_cat":[17,60],"product_tag":[],"class_list":{"0":"post-45460","1":"product","2":"type-product","3":"status-publish","4":"has-post-thumbnail","6":"product_cat-brinquedos-de-bem-estar-sexual","7":"product_cat-para-eles","8":"yith_product_brand-fleshlight","9":"yith_product_brand-fleshlightfleshlight-boost","11":"first","12":"instock","13":"taxable","14":"shipping-taxable","15":"purchasable","16":"product-type-simple"},"acf":[],"yoast_head":"<!-- This site is optimized with the Yoast SEO plugin v27.4 - https:\/\/yoast.com\/product\/yoast-seo-wordpress\/ -->\n<title>FLESHLIGHT BOOST - BLOW MD FLESH MOUTH MASTURBADOR RP - Lovme<\/title>\n<meta name=\"robots\" content=\"index, follow, max-snippet:-1, max-image-preview:large, max-video-preview:-1\" \/>\n<link rel=\"canonical\" href=\"https:\/\/lovme.pt\/index.php\/produto\/fleshlight-boost-blow-md-flesh-mouth-masturbador-rp\/\" \/>\n<meta property=\"og:locale\" content=\"pt_PT\" \/>\n<meta property=\"og:type\" content=\"article\" \/>\n<meta property=\"og:title\" content=\"FLESHLIGHT BOOST - BLOW MD FLESH MOUTH MASTURBADOR RP - Lovme\" \/>\n<meta property=\"og:description\" content=\"FLESHLIGHT BOOST - BLOW MD FLESH MOUTH MASTURBADOR RP\" \/>\n<meta property=\"og:url\" content=\"https:\/\/lovme.pt\/index.php\/produto\/fleshlight-boost-blow-md-flesh-mouth-masturbador-rp\/\" \/>\n<meta property=\"og:site_name\" content=\"Lovme\" \/>\n<meta property=\"article:modified_time\" content=\"2026-02-19T20:22:00+00:00\" \/>\n<meta property=\"og:image\" content=\"https:\/\/erki24nd3ub.exactdn.com\/wp-content\/uploads\/dream\/img\/img_157628_5ff8b036121d283278c4b6fab0aadd76_1.jpg?strip=all\" \/>\n\t<meta property=\"og:image:width\" content=\"800\" \/>\n\t<meta property=\"og:image:height\" content=\"800\" \/>\n\t<meta property=\"og:image:type\" content=\"image\/jpeg\" \/>\n<meta name=\"twitter:card\" content=\"summary_large_image\" \/>\n<meta name=\"twitter:label1\" content=\"Tempo estimado de leitura\" \/>\n\t<meta name=\"twitter:data1\" content=\"1 minuto\" \/>\n<script type=\"application\/ld+json\" class=\"yoast-schema-graph\">{\"@context\":\"https:\\\/\\\/schema.org\",\"@graph\":[{\"@type\":\"WebPage\",\"@id\":\"https:\\\/\\\/lovme.pt\\\/index.php\\\/produto\\\/fleshlight-boost-blow-md-flesh-mouth-masturbador-rp\\\/\",\"url\":\"https:\\\/\\\/lovme.pt\\\/index.php\\\/produto\\\/fleshlight-boost-blow-md-flesh-mouth-masturbador-rp\\\/\",\"name\":\"FLESHLIGHT BOOST - BLOW MD FLESH MOUTH MASTURBADOR RP - Lovme\",\"isPartOf\":{\"@id\":\"https:\\\/\\\/lovme.pt\\\/#website\"},\"primaryImageOfPage\":{\"@id\":\"https:\\\/\\\/lovme.pt\\\/index.php\\\/produto\\\/fleshlight-boost-blow-md-flesh-mouth-masturbador-rp\\\/#primaryimage\"},\"image\":{\"@id\":\"https:\\\/\\\/lovme.pt\\\/index.php\\\/produto\\\/fleshlight-boost-blow-md-flesh-mouth-masturbador-rp\\\/#primaryimage\"},\"thumbnailUrl\":\"https:\\\/\\\/erki24nd3ub.exactdn.com\\\/wp-content\\\/uploads\\\/dream\\\/img\\\/img_157628_5ff8b036121d283278c4b6fab0aadd76_1.jpg?strip=all\",\"datePublished\":\"2025-10-01T02:56:03+00:00\",\"dateModified\":\"2026-02-19T20:22:00+00:00\",\"breadcrumb\":{\"@id\":\"https:\\\/\\\/lovme.pt\\\/index.php\\\/produto\\\/fleshlight-boost-blow-md-flesh-mouth-masturbador-rp\\\/#breadcrumb\"},\"inLanguage\":\"pt-PT\",\"potentialAction\":[{\"@type\":\"ReadAction\",\"target\":[\"https:\\\/\\\/lovme.pt\\\/index.php\\\/produto\\\/fleshlight-boost-blow-md-flesh-mouth-masturbador-rp\\\/\"]}]},{\"@type\":\"ImageObject\",\"inLanguage\":\"pt-PT\",\"@id\":\"https:\\\/\\\/lovme.pt\\\/index.php\\\/produto\\\/fleshlight-boost-blow-md-flesh-mouth-masturbador-rp\\\/#primaryimage\",\"url\":\"https:\\\/\\\/erki24nd3ub.exactdn.com\\\/wp-content\\\/uploads\\\/dream\\\/img\\\/img_157628_5ff8b036121d283278c4b6fab0aadd76_1.jpg?strip=all\",\"contentUrl\":\"https:\\\/\\\/erki24nd3ub.exactdn.com\\\/wp-content\\\/uploads\\\/dream\\\/img\\\/img_157628_5ff8b036121d283278c4b6fab0aadd76_1.jpg?strip=all\",\"width\":800,\"height\":800},{\"@type\":\"BreadcrumbList\",\"@id\":\"https:\\\/\\\/lovme.pt\\\/index.php\\\/produto\\\/fleshlight-boost-blow-md-flesh-mouth-masturbador-rp\\\/#breadcrumb\",\"itemListElement\":[{\"@type\":\"ListItem\",\"position\":1,\"name\":\"In\u00edcio\",\"item\":\"https:\\\/\\\/lovme.pt\\\/\"},{\"@type\":\"ListItem\",\"position\":2,\"name\":\"Loja\",\"item\":\"https:\\\/\\\/lovme.pt\\\/index.php\\\/loja\\\/\"},{\"@type\":\"ListItem\",\"position\":3,\"name\":\"FLESHLIGHT BOOST &#8211; BLOW MD FLESH MOUTH MASTURBADOR RP\"}]},{\"@type\":\"WebSite\",\"@id\":\"https:\\\/\\\/lovme.pt\\\/#website\",\"url\":\"https:\\\/\\\/lovme.pt\\\/\",\"name\":\"Lovme Loja Er\u00f3tica N\u00ba1 em Portugal\",\"description\":\"A melhor loja er\u00f3tica de Portugal.\",\"alternateName\":\"Loja Er\u00f3tica Lovme\",\"potentialAction\":[{\"@type\":\"SearchAction\",\"target\":{\"@type\":\"EntryPoint\",\"urlTemplate\":\"https:\\\/\\\/lovme.pt\\\/?s={search_term_string}\"},\"query-input\":{\"@type\":\"PropertyValueSpecification\",\"valueRequired\":true,\"valueName\":\"search_term_string\"}}],\"inLanguage\":\"pt-PT\"}]}<\/script>\n<!-- \/ Yoast SEO plugin. -->","yoast_head_json":{"title":"FLESHLIGHT BOOST - BLOW MD FLESH MOUTH MASTURBADOR RP - Lovme","robots":{"index":"index","follow":"follow","max-snippet":"max-snippet:-1","max-image-preview":"max-image-preview:large","max-video-preview":"max-video-preview:-1"},"canonical":"https:\/\/lovme.pt\/index.php\/produto\/fleshlight-boost-blow-md-flesh-mouth-masturbador-rp\/","og_locale":"pt_PT","og_type":"article","og_title":"FLESHLIGHT BOOST - BLOW MD FLESH MOUTH MASTURBADOR RP - Lovme","og_description":"FLESHLIGHT BOOST - BLOW MD FLESH MOUTH MASTURBADOR RP","og_url":"https:\/\/lovme.pt\/index.php\/produto\/fleshlight-boost-blow-md-flesh-mouth-masturbador-rp\/","og_site_name":"Lovme","article_modified_time":"2026-02-19T20:22:00+00:00","og_image":[{"width":800,"height":800,"url":"https:\/\/erki24nd3ub.exactdn.com\/wp-content\/uploads\/dream\/img\/img_157628_5ff8b036121d283278c4b6fab0aadd76_1.jpg?strip=all","type":"image\/jpeg"}],"twitter_card":"summary_large_image","twitter_misc":{"Tempo estimado de leitura":"1 minuto"},"schema":{"@context":"https:\/\/schema.org","@graph":[{"@type":"WebPage","@id":"https:\/\/lovme.pt\/index.php\/produto\/fleshlight-boost-blow-md-flesh-mouth-masturbador-rp\/","url":"https:\/\/lovme.pt\/index.php\/produto\/fleshlight-boost-blow-md-flesh-mouth-masturbador-rp\/","name":"FLESHLIGHT BOOST - BLOW MD FLESH MOUTH MASTURBADOR RP - Lovme","isPartOf":{"@id":"https:\/\/lovme.pt\/#website"},"primaryImageOfPage":{"@id":"https:\/\/lovme.pt\/index.php\/produto\/fleshlight-boost-blow-md-flesh-mouth-masturbador-rp\/#primaryimage"},"image":{"@id":"https:\/\/lovme.pt\/index.php\/produto\/fleshlight-boost-blow-md-flesh-mouth-masturbador-rp\/#primaryimage"},"thumbnailUrl":"https:\/\/erki24nd3ub.exactdn.com\/wp-content\/uploads\/dream\/img\/img_157628_5ff8b036121d283278c4b6fab0aadd76_1.jpg?strip=all","datePublished":"2025-10-01T02:56:03+00:00","dateModified":"2026-02-19T20:22:00+00:00","breadcrumb":{"@id":"https:\/\/lovme.pt\/index.php\/produto\/fleshlight-boost-blow-md-flesh-mouth-masturbador-rp\/#breadcrumb"},"inLanguage":"pt-PT","potentialAction":[{"@type":"ReadAction","target":["https:\/\/lovme.pt\/index.php\/produto\/fleshlight-boost-blow-md-flesh-mouth-masturbador-rp\/"]}]},{"@type":"ImageObject","inLanguage":"pt-PT","@id":"https:\/\/lovme.pt\/index.php\/produto\/fleshlight-boost-blow-md-flesh-mouth-masturbador-rp\/#primaryimage","url":"https:\/\/erki24nd3ub.exactdn.com\/wp-content\/uploads\/dream\/img\/img_157628_5ff8b036121d283278c4b6fab0aadd76_1.jpg?strip=all","contentUrl":"https:\/\/erki24nd3ub.exactdn.com\/wp-content\/uploads\/dream\/img\/img_157628_5ff8b036121d283278c4b6fab0aadd76_1.jpg?strip=all","width":800,"height":800},{"@type":"BreadcrumbList","@id":"https:\/\/lovme.pt\/index.php\/produto\/fleshlight-boost-blow-md-flesh-mouth-masturbador-rp\/#breadcrumb","itemListElement":[{"@type":"ListItem","position":1,"name":"In\u00edcio","item":"https:\/\/lovme.pt\/"},{"@type":"ListItem","position":2,"name":"Loja","item":"https:\/\/lovme.pt\/index.php\/loja\/"},{"@type":"ListItem","position":3,"name":"FLESHLIGHT BOOST &#8211; BLOW MD FLESH MOUTH MASTURBADOR RP"}]},{"@type":"WebSite","@id":"https:\/\/lovme.pt\/#website","url":"https:\/\/lovme.pt\/","name":"Lovme Loja Er\u00f3tica N\u00ba1 em Portugal","description":"A melhor loja er\u00f3tica de Portugal.","alternateName":"Loja Er\u00f3tica Lovme","potentialAction":[{"@type":"SearchAction","target":{"@type":"EntryPoint","urlTemplate":"https:\/\/lovme.pt\/?s={search_term_string}"},"query-input":{"@type":"PropertyValueSpecification","valueRequired":true,"valueName":"search_term_string"}}],"inLanguage":"pt-PT"}]}},"_links":{"self":[{"href":"https:\/\/lovme.pt\/index.php\/wp-json\/wp\/v2\/product\/45460","targetHints":{"allow":["GET"]}}],"collection":[{"href":"https:\/\/lovme.pt\/index.php\/wp-json\/wp\/v2\/product"}],"about":[{"href":"https:\/\/lovme.pt\/index.php\/wp-json\/wp\/v2\/types\/product"}],"wp:featuredmedia":[{"embeddable":true,"href":"https:\/\/lovme.pt\/index.php\/wp-json\/wp\/v2\/media\/100224"}],"wp:attachment":[{"href":"https:\/\/lovme.pt\/index.php\/wp-json\/wp\/v2\/media?parent=45460"}],"wp:term":[{"taxonomy":"product_brand","embeddable":true,"href":"https:\/\/lovme.pt\/index.php\/wp-json\/wp\/v2\/product_brand?post=45460"},{"taxonomy":"product_cat","embeddable":true,"href":"https:\/\/lovme.pt\/index.php\/wp-json\/wp\/v2\/product_cat?post=45460"},{"taxonomy":"product_tag","embeddable":true,"href":"https:\/\/lovme.pt\/index.php\/wp-json\/wp\/v2\/product_tag?post=45460"}],"curies":[{"name":"wp","href":"https:\/\/api.w.org\/{rel}","templated":true}]}}