{"id":45434,"date":"2025-09-30T09:41:48","date_gmt":"2025-09-30T09:41:48","guid":{"rendered":"https:\/\/lovme.pt\/?post_type=product&p=45434"},"modified":"2026-02-19T20:02:45","modified_gmt":"2026-02-19T20:02:45","slug":"id-millenium-lubrificante-a-base-de-silicone-de-longa-duracao-250-ml","status":"publish","type":"product","link":"https:\/\/lovme.pt\/index.php\/produto\/id-millenium-lubrificante-a-base-de-silicone-de-longa-duracao-250-ml\/","title":{"rendered":"ID MILLENIUM &#8211; LUBRIFICANTE \u00c0 BASE DE SILICONE DE LONGA DURA\u00c7\u00c3O 250 ML"},"content":{"rendered":"<p>ID Millennium \u00e9 um lubrificante ultradur\u00e1vel Projetado com lubrificante \u00e0 base de silicone que lubrifica completamente com apenas algumas gotas. Este produto n\u00e3o deixa nenhum res\u00edduo pegajoso como outros lubrificantes.<br \/>Seu deslizamento \u00e9 forte e dur\u00e1vel, por isso manter\u00e1 esse deslizamento incr\u00edvel mesmo debaixo d\u00e1gua.<\/p>\n<p>\u00c9 seguro usar preservativo.<br \/>Millennium \u00e9 apropriado para sexo vaginal e tamb\u00e9m excelente para massagem.<\/p>\n<p>Ingredientes:<br \/>Ciclopentasiloxano, Dimeticona e Dimeticonol.<\/p>\n<p>A ID fabrica lubrificantes pessoais desde 1993 e \u00e9 especialista na \u00e1rea. Os lubrificantes de qualidade IDs s\u00e3o especialmente formulados para aumentar o prazer e o conforto pessoal para uma experi\u00eancia \u00edntima memor\u00e1vel. Quer sejam usados sozinhos ou com ou sem preservativos, os lubrificantes ID s\u00e3o projetados para reduzir o atrito. Ao usar preservativos, a lubrifica\u00e7\u00e3o adequada ajuda a prolongar a integridade do preservativo e a aumentar a estimula\u00e7\u00e3o geral.<\/p>\n","protected":false},"excerpt":{"rendered":"<p>ID MILLENIUM &#8211; LUBRIFICANTE \u00c0 BASE DE SILICONE DE LONGA DURA\u00c7\u00c3O 250 ML<\/p>\n","protected":false},"featured_media":55901,"template":"","meta":{"_acf_changed":false},"product_brand":[],"product_cat":[49,53],"product_tag":[],"class_list":{"0":"post-45434","1":"product","2":"type-product","3":"status-publish","4":"has-post-thumbnail","6":"product_cat-cosmeticos","7":"product_cat-lubrificantes-intimos","8":"yith_product_brand-id-lubricantes","9":"yith_product_brand-id-lubricantesid-millenium","11":"first","12":"instock","13":"taxable","14":"shipping-taxable","15":"purchasable","16":"product-type-simple"},"acf":[],"yoast_head":"<!-- This site is optimized with the Yoast SEO plugin v27.4 - https:\/\/yoast.com\/product\/yoast-seo-wordpress\/ -->\n<title>ID MILLENIUM - LUBRIFICANTE \u00c0 BASE DE SILICONE DE LONGA DURA\u00c7\u00c3O 250 ML - Lovme<\/title>\n<meta name=\"robots\" content=\"index, follow, max-snippet:-1, max-image-preview:large, max-video-preview:-1\" \/>\n<link rel=\"canonical\" href=\"https:\/\/lovme.pt\/index.php\/produto\/id-millenium-lubrificante-a-base-de-silicone-de-longa-duracao-250-ml\/\" \/>\n<meta property=\"og:locale\" content=\"pt_PT\" \/>\n<meta property=\"og:type\" content=\"article\" \/>\n<meta property=\"og:title\" content=\"ID MILLENIUM - LUBRIFICANTE \u00c0 BASE DE SILICONE DE LONGA DURA\u00c7\u00c3O 250 ML - Lovme\" \/>\n<meta property=\"og:description\" content=\"ID MILLENIUM - LUBRIFICANTE \u00c0 BASE DE SILICONE DE LONGA DURA\u00c7\u00c3O 250 ML\" \/>\n<meta property=\"og:url\" content=\"https:\/\/lovme.pt\/index.php\/produto\/id-millenium-lubrificante-a-base-de-silicone-de-longa-duracao-250-ml\/\" \/>\n<meta property=\"og:site_name\" content=\"Lovme\" \/>\n<meta property=\"article:modified_time\" content=\"2026-02-19T20:02:45+00:00\" \/>\n<meta property=\"og:image\" content=\"https:\/\/erki24nd3ub.exactdn.com\/wp-content\/uploads\/dream\/img\/img_157454_1056c22333b905c99958faf5e614b768_1.jpg?strip=all\" \/>\n\t<meta property=\"og:image:width\" content=\"800\" \/>\n\t<meta property=\"og:image:height\" content=\"800\" \/>\n\t<meta property=\"og:image:type\" content=\"image\/jpeg\" \/>\n<meta name=\"twitter:card\" content=\"summary_large_image\" \/>\n<meta name=\"twitter:label1\" content=\"Tempo estimado de leitura\" \/>\n\t<meta name=\"twitter:data1\" content=\"1 minuto\" \/>\n<script type=\"application\/ld+json\" class=\"yoast-schema-graph\">{\"@context\":\"https:\\\/\\\/schema.org\",\"@graph\":[{\"@type\":\"WebPage\",\"@id\":\"https:\\\/\\\/lovme.pt\\\/index.php\\\/produto\\\/id-millenium-lubrificante-a-base-de-silicone-de-longa-duracao-250-ml\\\/\",\"url\":\"https:\\\/\\\/lovme.pt\\\/index.php\\\/produto\\\/id-millenium-lubrificante-a-base-de-silicone-de-longa-duracao-250-ml\\\/\",\"name\":\"ID MILLENIUM - LUBRIFICANTE \u00c0 BASE DE SILICONE DE LONGA DURA\u00c7\u00c3O 250 ML - Lovme\",\"isPartOf\":{\"@id\":\"https:\\\/\\\/lovme.pt\\\/#website\"},\"primaryImageOfPage\":{\"@id\":\"https:\\\/\\\/lovme.pt\\\/index.php\\\/produto\\\/id-millenium-lubrificante-a-base-de-silicone-de-longa-duracao-250-ml\\\/#primaryimage\"},\"image\":{\"@id\":\"https:\\\/\\\/lovme.pt\\\/index.php\\\/produto\\\/id-millenium-lubrificante-a-base-de-silicone-de-longa-duracao-250-ml\\\/#primaryimage\"},\"thumbnailUrl\":\"https:\\\/\\\/erki24nd3ub.exactdn.com\\\/wp-content\\\/uploads\\\/dream\\\/img\\\/img_157454_1056c22333b905c99958faf5e614b768_1.jpg?strip=all\",\"datePublished\":\"2025-09-30T09:41:48+00:00\",\"dateModified\":\"2026-02-19T20:02:45+00:00\",\"breadcrumb\":{\"@id\":\"https:\\\/\\\/lovme.pt\\\/index.php\\\/produto\\\/id-millenium-lubrificante-a-base-de-silicone-de-longa-duracao-250-ml\\\/#breadcrumb\"},\"inLanguage\":\"pt-PT\",\"potentialAction\":[{\"@type\":\"ReadAction\",\"target\":[\"https:\\\/\\\/lovme.pt\\\/index.php\\\/produto\\\/id-millenium-lubrificante-a-base-de-silicone-de-longa-duracao-250-ml\\\/\"]}]},{\"@type\":\"ImageObject\",\"inLanguage\":\"pt-PT\",\"@id\":\"https:\\\/\\\/lovme.pt\\\/index.php\\\/produto\\\/id-millenium-lubrificante-a-base-de-silicone-de-longa-duracao-250-ml\\\/#primaryimage\",\"url\":\"https:\\\/\\\/erki24nd3ub.exactdn.com\\\/wp-content\\\/uploads\\\/dream\\\/img\\\/img_157454_1056c22333b905c99958faf5e614b768_1.jpg?strip=all\",\"contentUrl\":\"https:\\\/\\\/erki24nd3ub.exactdn.com\\\/wp-content\\\/uploads\\\/dream\\\/img\\\/img_157454_1056c22333b905c99958faf5e614b768_1.jpg?strip=all\",\"width\":800,\"height\":800},{\"@type\":\"BreadcrumbList\",\"@id\":\"https:\\\/\\\/lovme.pt\\\/index.php\\\/produto\\\/id-millenium-lubrificante-a-base-de-silicone-de-longa-duracao-250-ml\\\/#breadcrumb\",\"itemListElement\":[{\"@type\":\"ListItem\",\"position\":1,\"name\":\"In\u00edcio\",\"item\":\"https:\\\/\\\/lovme.pt\\\/\"},{\"@type\":\"ListItem\",\"position\":2,\"name\":\"Loja\",\"item\":\"https:\\\/\\\/lovme.pt\\\/index.php\\\/loja\\\/\"},{\"@type\":\"ListItem\",\"position\":3,\"name\":\"ID MILLENIUM &#8211; LUBRIFICANTE \u00c0 BASE DE SILICONE DE LONGA DURA\u00c7\u00c3O 250 ML\"}]},{\"@type\":\"WebSite\",\"@id\":\"https:\\\/\\\/lovme.pt\\\/#website\",\"url\":\"https:\\\/\\\/lovme.pt\\\/\",\"name\":\"Lovme Loja Er\u00f3tica N\u00ba1 em Portugal\",\"description\":\"A melhor loja er\u00f3tica de Portugal.\",\"alternateName\":\"Loja Er\u00f3tica Lovme\",\"potentialAction\":[{\"@type\":\"SearchAction\",\"target\":{\"@type\":\"EntryPoint\",\"urlTemplate\":\"https:\\\/\\\/lovme.pt\\\/?s={search_term_string}\"},\"query-input\":{\"@type\":\"PropertyValueSpecification\",\"valueRequired\":true,\"valueName\":\"search_term_string\"}}],\"inLanguage\":\"pt-PT\"}]}<\/script>\n<!-- \/ Yoast SEO plugin. -->","yoast_head_json":{"title":"ID MILLENIUM - LUBRIFICANTE \u00c0 BASE DE SILICONE DE LONGA DURA\u00c7\u00c3O 250 ML - Lovme","robots":{"index":"index","follow":"follow","max-snippet":"max-snippet:-1","max-image-preview":"max-image-preview:large","max-video-preview":"max-video-preview:-1"},"canonical":"https:\/\/lovme.pt\/index.php\/produto\/id-millenium-lubrificante-a-base-de-silicone-de-longa-duracao-250-ml\/","og_locale":"pt_PT","og_type":"article","og_title":"ID MILLENIUM - LUBRIFICANTE \u00c0 BASE DE SILICONE DE LONGA DURA\u00c7\u00c3O 250 ML - Lovme","og_description":"ID MILLENIUM - LUBRIFICANTE \u00c0 BASE DE SILICONE DE LONGA DURA\u00c7\u00c3O 250 ML","og_url":"https:\/\/lovme.pt\/index.php\/produto\/id-millenium-lubrificante-a-base-de-silicone-de-longa-duracao-250-ml\/","og_site_name":"Lovme","article_modified_time":"2026-02-19T20:02:45+00:00","og_image":[{"width":800,"height":800,"url":"https:\/\/erki24nd3ub.exactdn.com\/wp-content\/uploads\/dream\/img\/img_157454_1056c22333b905c99958faf5e614b768_1.jpg?strip=all","type":"image\/jpeg"}],"twitter_card":"summary_large_image","twitter_misc":{"Tempo estimado de leitura":"1 minuto"},"schema":{"@context":"https:\/\/schema.org","@graph":[{"@type":"WebPage","@id":"https:\/\/lovme.pt\/index.php\/produto\/id-millenium-lubrificante-a-base-de-silicone-de-longa-duracao-250-ml\/","url":"https:\/\/lovme.pt\/index.php\/produto\/id-millenium-lubrificante-a-base-de-silicone-de-longa-duracao-250-ml\/","name":"ID MILLENIUM - LUBRIFICANTE \u00c0 BASE DE SILICONE DE LONGA DURA\u00c7\u00c3O 250 ML - Lovme","isPartOf":{"@id":"https:\/\/lovme.pt\/#website"},"primaryImageOfPage":{"@id":"https:\/\/lovme.pt\/index.php\/produto\/id-millenium-lubrificante-a-base-de-silicone-de-longa-duracao-250-ml\/#primaryimage"},"image":{"@id":"https:\/\/lovme.pt\/index.php\/produto\/id-millenium-lubrificante-a-base-de-silicone-de-longa-duracao-250-ml\/#primaryimage"},"thumbnailUrl":"https:\/\/erki24nd3ub.exactdn.com\/wp-content\/uploads\/dream\/img\/img_157454_1056c22333b905c99958faf5e614b768_1.jpg?strip=all","datePublished":"2025-09-30T09:41:48+00:00","dateModified":"2026-02-19T20:02:45+00:00","breadcrumb":{"@id":"https:\/\/lovme.pt\/index.php\/produto\/id-millenium-lubrificante-a-base-de-silicone-de-longa-duracao-250-ml\/#breadcrumb"},"inLanguage":"pt-PT","potentialAction":[{"@type":"ReadAction","target":["https:\/\/lovme.pt\/index.php\/produto\/id-millenium-lubrificante-a-base-de-silicone-de-longa-duracao-250-ml\/"]}]},{"@type":"ImageObject","inLanguage":"pt-PT","@id":"https:\/\/lovme.pt\/index.php\/produto\/id-millenium-lubrificante-a-base-de-silicone-de-longa-duracao-250-ml\/#primaryimage","url":"https:\/\/erki24nd3ub.exactdn.com\/wp-content\/uploads\/dream\/img\/img_157454_1056c22333b905c99958faf5e614b768_1.jpg?strip=all","contentUrl":"https:\/\/erki24nd3ub.exactdn.com\/wp-content\/uploads\/dream\/img\/img_157454_1056c22333b905c99958faf5e614b768_1.jpg?strip=all","width":800,"height":800},{"@type":"BreadcrumbList","@id":"https:\/\/lovme.pt\/index.php\/produto\/id-millenium-lubrificante-a-base-de-silicone-de-longa-duracao-250-ml\/#breadcrumb","itemListElement":[{"@type":"ListItem","position":1,"name":"In\u00edcio","item":"https:\/\/lovme.pt\/"},{"@type":"ListItem","position":2,"name":"Loja","item":"https:\/\/lovme.pt\/index.php\/loja\/"},{"@type":"ListItem","position":3,"name":"ID MILLENIUM &#8211; LUBRIFICANTE \u00c0 BASE DE SILICONE DE LONGA DURA\u00c7\u00c3O 250 ML"}]},{"@type":"WebSite","@id":"https:\/\/lovme.pt\/#website","url":"https:\/\/lovme.pt\/","name":"Lovme Loja Er\u00f3tica N\u00ba1 em Portugal","description":"A melhor loja er\u00f3tica de Portugal.","alternateName":"Loja Er\u00f3tica Lovme","potentialAction":[{"@type":"SearchAction","target":{"@type":"EntryPoint","urlTemplate":"https:\/\/lovme.pt\/?s={search_term_string}"},"query-input":{"@type":"PropertyValueSpecification","valueRequired":true,"valueName":"search_term_string"}}],"inLanguage":"pt-PT"}]}},"_links":{"self":[{"href":"https:\/\/lovme.pt\/index.php\/wp-json\/wp\/v2\/product\/45434","targetHints":{"allow":["GET"]}}],"collection":[{"href":"https:\/\/lovme.pt\/index.php\/wp-json\/wp\/v2\/product"}],"about":[{"href":"https:\/\/lovme.pt\/index.php\/wp-json\/wp\/v2\/types\/product"}],"wp:featuredmedia":[{"embeddable":true,"href":"https:\/\/lovme.pt\/index.php\/wp-json\/wp\/v2\/media\/55901"}],"wp:attachment":[{"href":"https:\/\/lovme.pt\/index.php\/wp-json\/wp\/v2\/media?parent=45434"}],"wp:term":[{"taxonomy":"product_brand","embeddable":true,"href":"https:\/\/lovme.pt\/index.php\/wp-json\/wp\/v2\/product_brand?post=45434"},{"taxonomy":"product_cat","embeddable":true,"href":"https:\/\/lovme.pt\/index.php\/wp-json\/wp\/v2\/product_cat?post=45434"},{"taxonomy":"product_tag","embeddable":true,"href":"https:\/\/lovme.pt\/index.php\/wp-json\/wp\/v2\/product_tag?post=45434"}],"curies":[{"name":"wp","href":"https:\/\/api.w.org\/{rel}","templated":true}]}}