{"id":45381,"date":"2025-09-30T09:43:57","date_gmt":"2025-09-30T09:43:57","guid":{"rendered":"https:\/\/lovme.pt\/?post_type=product&p=45381"},"modified":"2026-02-19T20:03:44","modified_gmt":"2026-02-19T20:03:44","slug":"intimateline-luxuria-lubrificante-base-de-gua-bio-anal-100-ml","status":"publish","type":"product","link":"https:\/\/lovme.pt\/index.php\/produto\/intimateline-luxuria-lubrificante-base-de-gua-bio-anal-100-ml\/","title":{"rendered":"INTIMATELINE &#8211; LUXURIA LUBRIFICANTE BASE DE GUA BIO ANAL 100 ML"},"content":{"rendered":"<p><strong>Luxuria BIO Anal Lubricant<\/strong> \u00e9 um gel lubrificante \u00e0 base de \u00e1gua totalmente ecol\u00f3gico que utiliza extratos naturais para proporcionar hidrata\u00e7\u00e3o profunda \u00e0 \u00e1rea \u00edntima por longos per\u00edodos de tempo. rela\u00e7\u00f5es sexuais. Projetado para todos os tipos de rela\u00e7\u00f5es sexuais, o Lubrificante Luxuria BIO Aqua ajuda a prevenir irrita\u00e7\u00f5es e queimaduras em \u00e1reas sujeitas a estresse prolongado, mantendo uma lubrifica\u00e7\u00e3o elevada e duradoura.<\/p>\n<p>\u00a0<\/p>\n<p><u><strong>CARACTER\u00cdSTICAS:<\/strong><\/u><\/p>\n<ul>\n<li><u>Modo de usar<\/u> : Aplicar a quantidade desejada nas \u00e1reas \u00edntimas afetadas e massagear.<\/li>\n<li>Uso externo.<\/li>\n<li>Compat\u00edvel com l\u00e1tex.<\/li>\n<li>Testado dermatologicamente.<\/li>\n<li><u>Advert\u00eancias<\/u> : N\u00e3o use em pele ferida ou irritada.<\/li>\n<\/ul>\n","protected":false},"excerpt":{"rendered":"<p>INTIMATELINE &#8211; LUXURIA LUBRIFICANTE BASE DE GUA BIO ANAL 100 ML<\/p>\n","protected":false},"featured_media":56323,"template":"","meta":{"_acf_changed":false},"product_brand":[],"product_cat":[49,53],"product_tag":[],"class_list":{"0":"post-45381","1":"product","2":"type-product","3":"status-publish","4":"has-post-thumbnail","6":"product_cat-cosmeticos","7":"product_cat-lubrificantes-intimos","8":"yith_product_brand-intimateline","9":"yith_product_brand-intimatelineintimateline-luxuria","11":"first","12":"instock","13":"taxable","14":"shipping-taxable","15":"purchasable","16":"product-type-simple"},"acf":[],"yoast_head":"<!-- This site is optimized with the Yoast SEO plugin v27.4 - https:\/\/yoast.com\/product\/yoast-seo-wordpress\/ -->\n<title>INTIMATELINE - LUXURIA LUBRIFICANTE BASE DE GUA BIO ANAL 100 ML - Lovme<\/title>\n<meta name=\"robots\" content=\"index, follow, max-snippet:-1, max-image-preview:large, max-video-preview:-1\" \/>\n<link rel=\"canonical\" href=\"https:\/\/lovme.pt\/index.php\/produto\/intimateline-luxuria-lubrificante-base-de-gua-bio-anal-100-ml\/\" \/>\n<meta property=\"og:locale\" content=\"pt_PT\" \/>\n<meta property=\"og:type\" content=\"article\" \/>\n<meta property=\"og:title\" content=\"INTIMATELINE - LUXURIA LUBRIFICANTE BASE DE GUA BIO ANAL 100 ML - Lovme\" \/>\n<meta property=\"og:description\" content=\"INTIMATELINE - LUXURIA LUBRIFICANTE BASE DE GUA BIO ANAL 100 ML\" \/>\n<meta property=\"og:url\" content=\"https:\/\/lovme.pt\/index.php\/produto\/intimateline-luxuria-lubrificante-base-de-gua-bio-anal-100-ml\/\" \/>\n<meta property=\"og:site_name\" content=\"Lovme\" \/>\n<meta property=\"article:modified_time\" content=\"2026-02-19T20:03:44+00:00\" \/>\n<meta property=\"og:image\" content=\"https:\/\/erki24nd3ub.exactdn.com\/wp-content\/uploads\/dream\/img\/img_157173_6000787dd6b213e35d6bfac78768a8f7_1.jpg?strip=all\" \/>\n\t<meta property=\"og:image:width\" content=\"800\" \/>\n\t<meta property=\"og:image:height\" content=\"800\" \/>\n\t<meta property=\"og:image:type\" content=\"image\/jpeg\" \/>\n<meta name=\"twitter:card\" content=\"summary_large_image\" \/>\n<meta name=\"twitter:label1\" content=\"Tempo estimado de leitura\" \/>\n\t<meta name=\"twitter:data1\" content=\"1 minuto\" \/>\n<script type=\"application\/ld+json\" class=\"yoast-schema-graph\">{\"@context\":\"https:\\\/\\\/schema.org\",\"@graph\":[{\"@type\":\"WebPage\",\"@id\":\"https:\\\/\\\/lovme.pt\\\/index.php\\\/produto\\\/intimateline-luxuria-lubrificante-base-de-gua-bio-anal-100-ml\\\/\",\"url\":\"https:\\\/\\\/lovme.pt\\\/index.php\\\/produto\\\/intimateline-luxuria-lubrificante-base-de-gua-bio-anal-100-ml\\\/\",\"name\":\"INTIMATELINE - LUXURIA LUBRIFICANTE BASE DE GUA BIO ANAL 100 ML - Lovme\",\"isPartOf\":{\"@id\":\"https:\\\/\\\/lovme.pt\\\/#website\"},\"primaryImageOfPage\":{\"@id\":\"https:\\\/\\\/lovme.pt\\\/index.php\\\/produto\\\/intimateline-luxuria-lubrificante-base-de-gua-bio-anal-100-ml\\\/#primaryimage\"},\"image\":{\"@id\":\"https:\\\/\\\/lovme.pt\\\/index.php\\\/produto\\\/intimateline-luxuria-lubrificante-base-de-gua-bio-anal-100-ml\\\/#primaryimage\"},\"thumbnailUrl\":\"https:\\\/\\\/erki24nd3ub.exactdn.com\\\/wp-content\\\/uploads\\\/dream\\\/img\\\/img_157173_6000787dd6b213e35d6bfac78768a8f7_1.jpg?strip=all\",\"datePublished\":\"2025-09-30T09:43:57+00:00\",\"dateModified\":\"2026-02-19T20:03:44+00:00\",\"breadcrumb\":{\"@id\":\"https:\\\/\\\/lovme.pt\\\/index.php\\\/produto\\\/intimateline-luxuria-lubrificante-base-de-gua-bio-anal-100-ml\\\/#breadcrumb\"},\"inLanguage\":\"pt-PT\",\"potentialAction\":[{\"@type\":\"ReadAction\",\"target\":[\"https:\\\/\\\/lovme.pt\\\/index.php\\\/produto\\\/intimateline-luxuria-lubrificante-base-de-gua-bio-anal-100-ml\\\/\"]}]},{\"@type\":\"ImageObject\",\"inLanguage\":\"pt-PT\",\"@id\":\"https:\\\/\\\/lovme.pt\\\/index.php\\\/produto\\\/intimateline-luxuria-lubrificante-base-de-gua-bio-anal-100-ml\\\/#primaryimage\",\"url\":\"https:\\\/\\\/erki24nd3ub.exactdn.com\\\/wp-content\\\/uploads\\\/dream\\\/img\\\/img_157173_6000787dd6b213e35d6bfac78768a8f7_1.jpg?strip=all\",\"contentUrl\":\"https:\\\/\\\/erki24nd3ub.exactdn.com\\\/wp-content\\\/uploads\\\/dream\\\/img\\\/img_157173_6000787dd6b213e35d6bfac78768a8f7_1.jpg?strip=all\",\"width\":800,\"height\":800},{\"@type\":\"BreadcrumbList\",\"@id\":\"https:\\\/\\\/lovme.pt\\\/index.php\\\/produto\\\/intimateline-luxuria-lubrificante-base-de-gua-bio-anal-100-ml\\\/#breadcrumb\",\"itemListElement\":[{\"@type\":\"ListItem\",\"position\":1,\"name\":\"In\u00edcio\",\"item\":\"https:\\\/\\\/lovme.pt\\\/\"},{\"@type\":\"ListItem\",\"position\":2,\"name\":\"Loja\",\"item\":\"https:\\\/\\\/lovme.pt\\\/index.php\\\/loja\\\/\"},{\"@type\":\"ListItem\",\"position\":3,\"name\":\"INTIMATELINE &#8211; LUXURIA LUBRIFICANTE BASE DE GUA BIO ANAL 100 ML\"}]},{\"@type\":\"WebSite\",\"@id\":\"https:\\\/\\\/lovme.pt\\\/#website\",\"url\":\"https:\\\/\\\/lovme.pt\\\/\",\"name\":\"Lovme Loja Er\u00f3tica N\u00ba1 em Portugal\",\"description\":\"A melhor loja er\u00f3tica de Portugal.\",\"alternateName\":\"Loja Er\u00f3tica Lovme\",\"potentialAction\":[{\"@type\":\"SearchAction\",\"target\":{\"@type\":\"EntryPoint\",\"urlTemplate\":\"https:\\\/\\\/lovme.pt\\\/?s={search_term_string}\"},\"query-input\":{\"@type\":\"PropertyValueSpecification\",\"valueRequired\":true,\"valueName\":\"search_term_string\"}}],\"inLanguage\":\"pt-PT\"}]}<\/script>\n<!-- \/ Yoast SEO plugin. -->","yoast_head_json":{"title":"INTIMATELINE - LUXURIA LUBRIFICANTE BASE DE GUA BIO ANAL 100 ML - Lovme","robots":{"index":"index","follow":"follow","max-snippet":"max-snippet:-1","max-image-preview":"max-image-preview:large","max-video-preview":"max-video-preview:-1"},"canonical":"https:\/\/lovme.pt\/index.php\/produto\/intimateline-luxuria-lubrificante-base-de-gua-bio-anal-100-ml\/","og_locale":"pt_PT","og_type":"article","og_title":"INTIMATELINE - LUXURIA LUBRIFICANTE BASE DE GUA BIO ANAL 100 ML - Lovme","og_description":"INTIMATELINE - LUXURIA LUBRIFICANTE BASE DE GUA BIO ANAL 100 ML","og_url":"https:\/\/lovme.pt\/index.php\/produto\/intimateline-luxuria-lubrificante-base-de-gua-bio-anal-100-ml\/","og_site_name":"Lovme","article_modified_time":"2026-02-19T20:03:44+00:00","og_image":[{"width":800,"height":800,"url":"https:\/\/erki24nd3ub.exactdn.com\/wp-content\/uploads\/dream\/img\/img_157173_6000787dd6b213e35d6bfac78768a8f7_1.jpg?strip=all","type":"image\/jpeg"}],"twitter_card":"summary_large_image","twitter_misc":{"Tempo estimado de leitura":"1 minuto"},"schema":{"@context":"https:\/\/schema.org","@graph":[{"@type":"WebPage","@id":"https:\/\/lovme.pt\/index.php\/produto\/intimateline-luxuria-lubrificante-base-de-gua-bio-anal-100-ml\/","url":"https:\/\/lovme.pt\/index.php\/produto\/intimateline-luxuria-lubrificante-base-de-gua-bio-anal-100-ml\/","name":"INTIMATELINE - LUXURIA LUBRIFICANTE BASE DE GUA BIO ANAL 100 ML - Lovme","isPartOf":{"@id":"https:\/\/lovme.pt\/#website"},"primaryImageOfPage":{"@id":"https:\/\/lovme.pt\/index.php\/produto\/intimateline-luxuria-lubrificante-base-de-gua-bio-anal-100-ml\/#primaryimage"},"image":{"@id":"https:\/\/lovme.pt\/index.php\/produto\/intimateline-luxuria-lubrificante-base-de-gua-bio-anal-100-ml\/#primaryimage"},"thumbnailUrl":"https:\/\/erki24nd3ub.exactdn.com\/wp-content\/uploads\/dream\/img\/img_157173_6000787dd6b213e35d6bfac78768a8f7_1.jpg?strip=all","datePublished":"2025-09-30T09:43:57+00:00","dateModified":"2026-02-19T20:03:44+00:00","breadcrumb":{"@id":"https:\/\/lovme.pt\/index.php\/produto\/intimateline-luxuria-lubrificante-base-de-gua-bio-anal-100-ml\/#breadcrumb"},"inLanguage":"pt-PT","potentialAction":[{"@type":"ReadAction","target":["https:\/\/lovme.pt\/index.php\/produto\/intimateline-luxuria-lubrificante-base-de-gua-bio-anal-100-ml\/"]}]},{"@type":"ImageObject","inLanguage":"pt-PT","@id":"https:\/\/lovme.pt\/index.php\/produto\/intimateline-luxuria-lubrificante-base-de-gua-bio-anal-100-ml\/#primaryimage","url":"https:\/\/erki24nd3ub.exactdn.com\/wp-content\/uploads\/dream\/img\/img_157173_6000787dd6b213e35d6bfac78768a8f7_1.jpg?strip=all","contentUrl":"https:\/\/erki24nd3ub.exactdn.com\/wp-content\/uploads\/dream\/img\/img_157173_6000787dd6b213e35d6bfac78768a8f7_1.jpg?strip=all","width":800,"height":800},{"@type":"BreadcrumbList","@id":"https:\/\/lovme.pt\/index.php\/produto\/intimateline-luxuria-lubrificante-base-de-gua-bio-anal-100-ml\/#breadcrumb","itemListElement":[{"@type":"ListItem","position":1,"name":"In\u00edcio","item":"https:\/\/lovme.pt\/"},{"@type":"ListItem","position":2,"name":"Loja","item":"https:\/\/lovme.pt\/index.php\/loja\/"},{"@type":"ListItem","position":3,"name":"INTIMATELINE &#8211; LUXURIA LUBRIFICANTE BASE DE GUA BIO ANAL 100 ML"}]},{"@type":"WebSite","@id":"https:\/\/lovme.pt\/#website","url":"https:\/\/lovme.pt\/","name":"Lovme Loja Er\u00f3tica N\u00ba1 em Portugal","description":"A melhor loja er\u00f3tica de Portugal.","alternateName":"Loja Er\u00f3tica Lovme","potentialAction":[{"@type":"SearchAction","target":{"@type":"EntryPoint","urlTemplate":"https:\/\/lovme.pt\/?s={search_term_string}"},"query-input":{"@type":"PropertyValueSpecification","valueRequired":true,"valueName":"search_term_string"}}],"inLanguage":"pt-PT"}]}},"_links":{"self":[{"href":"https:\/\/lovme.pt\/index.php\/wp-json\/wp\/v2\/product\/45381","targetHints":{"allow":["GET"]}}],"collection":[{"href":"https:\/\/lovme.pt\/index.php\/wp-json\/wp\/v2\/product"}],"about":[{"href":"https:\/\/lovme.pt\/index.php\/wp-json\/wp\/v2\/types\/product"}],"wp:featuredmedia":[{"embeddable":true,"href":"https:\/\/lovme.pt\/index.php\/wp-json\/wp\/v2\/media\/56323"}],"wp:attachment":[{"href":"https:\/\/lovme.pt\/index.php\/wp-json\/wp\/v2\/media?parent=45381"}],"wp:term":[{"taxonomy":"product_brand","embeddable":true,"href":"https:\/\/lovme.pt\/index.php\/wp-json\/wp\/v2\/product_brand?post=45381"},{"taxonomy":"product_cat","embeddable":true,"href":"https:\/\/lovme.pt\/index.php\/wp-json\/wp\/v2\/product_cat?post=45381"},{"taxonomy":"product_tag","embeddable":true,"href":"https:\/\/lovme.pt\/index.php\/wp-json\/wp\/v2\/product_tag?post=45381"}],"curies":[{"name":"wp","href":"https:\/\/api.w.org\/{rel}","templated":true}]}}