{"id":45368,"date":"2025-09-30T09:41:24","date_gmt":"2025-09-30T09:41:24","guid":{"rendered":"https:\/\/lovme.pt\/?post_type=product&p=45368"},"modified":"2026-02-19T20:01:40","modified_gmt":"2026-02-19T20:01:40","slug":"intimateline-intymate-lubrificante-a-base-de-agua-hilauronico-pure-100-ml","status":"publish","type":"product","link":"https:\/\/lovme.pt\/index.php\/produto\/intimateline-intymate-lubrificante-a-base-de-agua-hilauronico-pure-100-ml\/","title":{"rendered":"INTIMATELINE INTYMATE &#8211; LUBRIFICANTE \u00c0 BASE DE \u00c1GUA HILAURONICO PURE 100 ML"},"content":{"rendered":"<p><strong>Intymate Puro Hyaluronic<\/strong> \u00e9 um lubrificante \u00e0 base de \u00e1gua com \u00e1cido hialur\u00f4nico ultrafluido e ultramacio, ideal para melhorar a lubrifica\u00e7\u00e3o durante as rela\u00e7\u00f5es \u00edntimas. \u00c0 base de \u00e1cido hialur\u00f4nico, oferece hidrata\u00e7\u00e3o intensa e protege \u00e1reas sens\u00edveis contra irrita\u00e7\u00f5es e microtraumas.<\/p>\n<p>\u00a0<\/p>\n<p><u><strong>CARACTER\u00cdSTICAS:<\/strong><\/u><\/p>\n<ul>\n<li><u>Modo de usar<\/u> : Aplicar a quantidade desejada nas \u00e1reas \u00edntimas.<\/li>\n<li>Uso externo.<\/li>\n<li>Compat\u00edvel com l\u00e1tex.<\/li>\n<li>Testado dermatologicamente.<\/li>\n<li><u>Advert\u00eancias<\/u> : N\u00e3o use em pele ferida ou irritada.<\/li>\n<\/ul>\n<p>\u00a0<\/p>\n<p>Lubrificantes \u00e0 base de \u00e1gua s\u00e3o produtos desenvolvidos para reduzir o atrito e melhorar o conforto durante a atividade sexual ou para outros fins relacionados \u00e0 lubrifica\u00e7\u00e3o. Eles s\u00e3o conhecidos por sua seguran\u00e7a e versatilidade. S\u00e3o ideais para a maioria das pessoas, pois raramente causam irrita\u00e7\u00e3o ou rea\u00e7\u00f5es al\u00e9rgicas. Isso os torna uma escolha popular para pessoas com pele sens\u00edvel ou propensa a alergias.<\/p>\n<p>Esses lubrificantes s\u00e3o compat\u00edveis com uma ampla variedade de brinquedos sexuais, preservativos de l\u00e1tex e produtos de sa\u00fade sexual. Podem ser usados em combina\u00e7\u00e3o com qualquer material, tornando-os adequados para quase todas as situa\u00e7\u00f5es sexuais.<\/p>\n","protected":false},"excerpt":{"rendered":"<p>INTIMATELINE INTYMATE &#8211; LUBRIFICANTE \u00c0 BASE DE \u00c1GUA HILAURONICO PURE 100 ML<\/p>\n","protected":false},"featured_media":55800,"template":"","meta":{"_acf_changed":false},"product_brand":[],"product_cat":[49,53],"product_tag":[],"class_list":{"0":"post-45368","1":"product","2":"type-product","3":"status-publish","4":"has-post-thumbnail","6":"product_cat-cosmeticos","7":"product_cat-lubrificantes-intimos","8":"yith_product_brand-intimateline","9":"yith_product_brand-intimatelineintimateline-intymate","11":"first","12":"instock","13":"taxable","14":"shipping-taxable","15":"purchasable","16":"product-type-simple"},"acf":[],"yoast_head":"<!-- This site is optimized with the Yoast SEO plugin v27.4 - https:\/\/yoast.com\/product\/yoast-seo-wordpress\/ -->\n<title>INTIMATELINE INTYMATE - LUBRIFICANTE \u00c0 BASE DE \u00c1GUA HILAURONICO PURE 100 ML - Lovme<\/title>\n<meta name=\"robots\" content=\"index, follow, max-snippet:-1, max-image-preview:large, max-video-preview:-1\" \/>\n<link rel=\"canonical\" href=\"https:\/\/lovme.pt\/index.php\/produto\/intimateline-intymate-lubrificante-a-base-de-agua-hilauronico-pure-100-ml\/\" \/>\n<meta property=\"og:locale\" content=\"pt_PT\" \/>\n<meta property=\"og:type\" content=\"article\" \/>\n<meta property=\"og:title\" content=\"INTIMATELINE INTYMATE - LUBRIFICANTE \u00c0 BASE DE \u00c1GUA HILAURONICO PURE 100 ML - Lovme\" \/>\n<meta property=\"og:description\" content=\"INTIMATELINE INTYMATE - LUBRIFICANTE \u00c0 BASE DE \u00c1GUA HILAURONICO PURE 100 ML\" \/>\n<meta property=\"og:url\" content=\"https:\/\/lovme.pt\/index.php\/produto\/intimateline-intymate-lubrificante-a-base-de-agua-hilauronico-pure-100-ml\/\" \/>\n<meta property=\"og:site_name\" content=\"Lovme\" \/>\n<meta property=\"article:modified_time\" content=\"2026-02-19T20:01:40+00:00\" \/>\n<meta property=\"og:image\" content=\"https:\/\/erki24nd3ub.exactdn.com\/wp-content\/uploads\/dream\/img\/img_157160_d1c1cffddcb90e473c6fc168ce26621e_1.jpg?strip=all\" \/>\n\t<meta property=\"og:image:width\" content=\"800\" \/>\n\t<meta property=\"og:image:height\" content=\"800\" \/>\n\t<meta property=\"og:image:type\" content=\"image\/jpeg\" \/>\n<meta name=\"twitter:card\" content=\"summary_large_image\" \/>\n<meta name=\"twitter:label1\" content=\"Tempo estimado de leitura\" \/>\n\t<meta name=\"twitter:data1\" content=\"1 minuto\" \/>\n<script type=\"application\/ld+json\" class=\"yoast-schema-graph\">{\"@context\":\"https:\\\/\\\/schema.org\",\"@graph\":[{\"@type\":\"WebPage\",\"@id\":\"https:\\\/\\\/lovme.pt\\\/index.php\\\/produto\\\/intimateline-intymate-lubrificante-a-base-de-agua-hilauronico-pure-100-ml\\\/\",\"url\":\"https:\\\/\\\/lovme.pt\\\/index.php\\\/produto\\\/intimateline-intymate-lubrificante-a-base-de-agua-hilauronico-pure-100-ml\\\/\",\"name\":\"INTIMATELINE INTYMATE - LUBRIFICANTE \u00c0 BASE DE \u00c1GUA HILAURONICO PURE 100 ML - Lovme\",\"isPartOf\":{\"@id\":\"https:\\\/\\\/lovme.pt\\\/#website\"},\"primaryImageOfPage\":{\"@id\":\"https:\\\/\\\/lovme.pt\\\/index.php\\\/produto\\\/intimateline-intymate-lubrificante-a-base-de-agua-hilauronico-pure-100-ml\\\/#primaryimage\"},\"image\":{\"@id\":\"https:\\\/\\\/lovme.pt\\\/index.php\\\/produto\\\/intimateline-intymate-lubrificante-a-base-de-agua-hilauronico-pure-100-ml\\\/#primaryimage\"},\"thumbnailUrl\":\"https:\\\/\\\/erki24nd3ub.exactdn.com\\\/wp-content\\\/uploads\\\/dream\\\/img\\\/img_157160_d1c1cffddcb90e473c6fc168ce26621e_1.jpg?strip=all\",\"datePublished\":\"2025-09-30T09:41:24+00:00\",\"dateModified\":\"2026-02-19T20:01:40+00:00\",\"breadcrumb\":{\"@id\":\"https:\\\/\\\/lovme.pt\\\/index.php\\\/produto\\\/intimateline-intymate-lubrificante-a-base-de-agua-hilauronico-pure-100-ml\\\/#breadcrumb\"},\"inLanguage\":\"pt-PT\",\"potentialAction\":[{\"@type\":\"ReadAction\",\"target\":[\"https:\\\/\\\/lovme.pt\\\/index.php\\\/produto\\\/intimateline-intymate-lubrificante-a-base-de-agua-hilauronico-pure-100-ml\\\/\"]}]},{\"@type\":\"ImageObject\",\"inLanguage\":\"pt-PT\",\"@id\":\"https:\\\/\\\/lovme.pt\\\/index.php\\\/produto\\\/intimateline-intymate-lubrificante-a-base-de-agua-hilauronico-pure-100-ml\\\/#primaryimage\",\"url\":\"https:\\\/\\\/erki24nd3ub.exactdn.com\\\/wp-content\\\/uploads\\\/dream\\\/img\\\/img_157160_d1c1cffddcb90e473c6fc168ce26621e_1.jpg?strip=all\",\"contentUrl\":\"https:\\\/\\\/erki24nd3ub.exactdn.com\\\/wp-content\\\/uploads\\\/dream\\\/img\\\/img_157160_d1c1cffddcb90e473c6fc168ce26621e_1.jpg?strip=all\",\"width\":800,\"height\":800},{\"@type\":\"BreadcrumbList\",\"@id\":\"https:\\\/\\\/lovme.pt\\\/index.php\\\/produto\\\/intimateline-intymate-lubrificante-a-base-de-agua-hilauronico-pure-100-ml\\\/#breadcrumb\",\"itemListElement\":[{\"@type\":\"ListItem\",\"position\":1,\"name\":\"In\u00edcio\",\"item\":\"https:\\\/\\\/lovme.pt\\\/\"},{\"@type\":\"ListItem\",\"position\":2,\"name\":\"Loja\",\"item\":\"https:\\\/\\\/lovme.pt\\\/index.php\\\/loja\\\/\"},{\"@type\":\"ListItem\",\"position\":3,\"name\":\"INTIMATELINE INTYMATE &#8211; LUBRIFICANTE \u00c0 BASE DE \u00c1GUA HILAURONICO PURE 100 ML\"}]},{\"@type\":\"WebSite\",\"@id\":\"https:\\\/\\\/lovme.pt\\\/#website\",\"url\":\"https:\\\/\\\/lovme.pt\\\/\",\"name\":\"Lovme Loja Er\u00f3tica N\u00ba1 em Portugal\",\"description\":\"A melhor loja er\u00f3tica de Portugal.\",\"alternateName\":\"Loja Er\u00f3tica Lovme\",\"potentialAction\":[{\"@type\":\"SearchAction\",\"target\":{\"@type\":\"EntryPoint\",\"urlTemplate\":\"https:\\\/\\\/lovme.pt\\\/?s={search_term_string}\"},\"query-input\":{\"@type\":\"PropertyValueSpecification\",\"valueRequired\":true,\"valueName\":\"search_term_string\"}}],\"inLanguage\":\"pt-PT\"}]}<\/script>\n<!-- \/ Yoast SEO plugin. -->","yoast_head_json":{"title":"INTIMATELINE INTYMATE - LUBRIFICANTE \u00c0 BASE DE \u00c1GUA HILAURONICO PURE 100 ML - Lovme","robots":{"index":"index","follow":"follow","max-snippet":"max-snippet:-1","max-image-preview":"max-image-preview:large","max-video-preview":"max-video-preview:-1"},"canonical":"https:\/\/lovme.pt\/index.php\/produto\/intimateline-intymate-lubrificante-a-base-de-agua-hilauronico-pure-100-ml\/","og_locale":"pt_PT","og_type":"article","og_title":"INTIMATELINE INTYMATE - LUBRIFICANTE \u00c0 BASE DE \u00c1GUA HILAURONICO PURE 100 ML - Lovme","og_description":"INTIMATELINE INTYMATE - LUBRIFICANTE \u00c0 BASE DE \u00c1GUA HILAURONICO PURE 100 ML","og_url":"https:\/\/lovme.pt\/index.php\/produto\/intimateline-intymate-lubrificante-a-base-de-agua-hilauronico-pure-100-ml\/","og_site_name":"Lovme","article_modified_time":"2026-02-19T20:01:40+00:00","og_image":[{"width":800,"height":800,"url":"https:\/\/erki24nd3ub.exactdn.com\/wp-content\/uploads\/dream\/img\/img_157160_d1c1cffddcb90e473c6fc168ce26621e_1.jpg?strip=all","type":"image\/jpeg"}],"twitter_card":"summary_large_image","twitter_misc":{"Tempo estimado de leitura":"1 minuto"},"schema":{"@context":"https:\/\/schema.org","@graph":[{"@type":"WebPage","@id":"https:\/\/lovme.pt\/index.php\/produto\/intimateline-intymate-lubrificante-a-base-de-agua-hilauronico-pure-100-ml\/","url":"https:\/\/lovme.pt\/index.php\/produto\/intimateline-intymate-lubrificante-a-base-de-agua-hilauronico-pure-100-ml\/","name":"INTIMATELINE INTYMATE - LUBRIFICANTE \u00c0 BASE DE \u00c1GUA HILAURONICO PURE 100 ML - Lovme","isPartOf":{"@id":"https:\/\/lovme.pt\/#website"},"primaryImageOfPage":{"@id":"https:\/\/lovme.pt\/index.php\/produto\/intimateline-intymate-lubrificante-a-base-de-agua-hilauronico-pure-100-ml\/#primaryimage"},"image":{"@id":"https:\/\/lovme.pt\/index.php\/produto\/intimateline-intymate-lubrificante-a-base-de-agua-hilauronico-pure-100-ml\/#primaryimage"},"thumbnailUrl":"https:\/\/erki24nd3ub.exactdn.com\/wp-content\/uploads\/dream\/img\/img_157160_d1c1cffddcb90e473c6fc168ce26621e_1.jpg?strip=all","datePublished":"2025-09-30T09:41:24+00:00","dateModified":"2026-02-19T20:01:40+00:00","breadcrumb":{"@id":"https:\/\/lovme.pt\/index.php\/produto\/intimateline-intymate-lubrificante-a-base-de-agua-hilauronico-pure-100-ml\/#breadcrumb"},"inLanguage":"pt-PT","potentialAction":[{"@type":"ReadAction","target":["https:\/\/lovme.pt\/index.php\/produto\/intimateline-intymate-lubrificante-a-base-de-agua-hilauronico-pure-100-ml\/"]}]},{"@type":"ImageObject","inLanguage":"pt-PT","@id":"https:\/\/lovme.pt\/index.php\/produto\/intimateline-intymate-lubrificante-a-base-de-agua-hilauronico-pure-100-ml\/#primaryimage","url":"https:\/\/erki24nd3ub.exactdn.com\/wp-content\/uploads\/dream\/img\/img_157160_d1c1cffddcb90e473c6fc168ce26621e_1.jpg?strip=all","contentUrl":"https:\/\/erki24nd3ub.exactdn.com\/wp-content\/uploads\/dream\/img\/img_157160_d1c1cffddcb90e473c6fc168ce26621e_1.jpg?strip=all","width":800,"height":800},{"@type":"BreadcrumbList","@id":"https:\/\/lovme.pt\/index.php\/produto\/intimateline-intymate-lubrificante-a-base-de-agua-hilauronico-pure-100-ml\/#breadcrumb","itemListElement":[{"@type":"ListItem","position":1,"name":"In\u00edcio","item":"https:\/\/lovme.pt\/"},{"@type":"ListItem","position":2,"name":"Loja","item":"https:\/\/lovme.pt\/index.php\/loja\/"},{"@type":"ListItem","position":3,"name":"INTIMATELINE INTYMATE &#8211; LUBRIFICANTE \u00c0 BASE DE \u00c1GUA HILAURONICO PURE 100 ML"}]},{"@type":"WebSite","@id":"https:\/\/lovme.pt\/#website","url":"https:\/\/lovme.pt\/","name":"Lovme Loja Er\u00f3tica N\u00ba1 em Portugal","description":"A melhor loja er\u00f3tica de Portugal.","alternateName":"Loja Er\u00f3tica Lovme","potentialAction":[{"@type":"SearchAction","target":{"@type":"EntryPoint","urlTemplate":"https:\/\/lovme.pt\/?s={search_term_string}"},"query-input":{"@type":"PropertyValueSpecification","valueRequired":true,"valueName":"search_term_string"}}],"inLanguage":"pt-PT"}]}},"_links":{"self":[{"href":"https:\/\/lovme.pt\/index.php\/wp-json\/wp\/v2\/product\/45368","targetHints":{"allow":["GET"]}}],"collection":[{"href":"https:\/\/lovme.pt\/index.php\/wp-json\/wp\/v2\/product"}],"about":[{"href":"https:\/\/lovme.pt\/index.php\/wp-json\/wp\/v2\/types\/product"}],"wp:featuredmedia":[{"embeddable":true,"href":"https:\/\/lovme.pt\/index.php\/wp-json\/wp\/v2\/media\/55800"}],"wp:attachment":[{"href":"https:\/\/lovme.pt\/index.php\/wp-json\/wp\/v2\/media?parent=45368"}],"wp:term":[{"taxonomy":"product_brand","embeddable":true,"href":"https:\/\/lovme.pt\/index.php\/wp-json\/wp\/v2\/product_brand?post=45368"},{"taxonomy":"product_cat","embeddable":true,"href":"https:\/\/lovme.pt\/index.php\/wp-json\/wp\/v2\/product_cat?post=45368"},{"taxonomy":"product_tag","embeddable":true,"href":"https:\/\/lovme.pt\/index.php\/wp-json\/wp\/v2\/product_tag?post=45368"}],"curies":[{"name":"wp","href":"https:\/\/api.w.org\/{rel}","templated":true}]}}