{"id":45352,"date":"2025-09-30T22:16:30","date_gmt":"2025-09-30T22:16:30","guid":{"rendered":"https:\/\/lovme.pt\/?post_type=product&#038;p=45352"},"modified":"2026-02-19T20:23:20","modified_gmt":"2026-02-19T20:23:20","slug":"macho-mx25nn-jock-preto-s","status":"publish","type":"product","link":"https:\/\/lovme.pt\/index.php\/produto\/macho-mx25nn-jock-preto-s\/","title":{"rendered":"MACHO &#8211; MX25NN JOCK NEGRO S"},"content":{"rendered":"<p>A jockstrap preta <strong>MX25NN JOCK<\/strong> semitransparente com tecido el\u00e1stico \u00e9 uma pe\u00e7a \u00edntima projetada para dar suporte e adicionar um toque de sensualidade e estilo \u00e0 roupa \u00edntima de qualquer pessoa. A escolha do preto acrescenta um toque de eleg\u00e2ncia, real\u00e7ando a figura masculina e conferindo um ar de sofistica\u00e7\u00e3o \u00e0 pe\u00e7a.<\/p>\n<\/p>\n<p> A transpar\u00eancia desta jockstrap acrescenta um elemento de mist\u00e9rio e sedu\u00e7\u00e3o, permitindo um vislumbre subtil da pele por baixo do tecido, tornando-a ideal para momentos \u00edntimos ou para se sentir mais confiante e atraente durante todo o dia.<\/p>\n<p> O tecido el\u00e1stico utilizado na constru\u00e7\u00e3o deste jockstrap garante um ajuste confort\u00e1vel e seguro, adaptando-se ao formato do corpo sem restri\u00e7\u00f5es. A elasticidade do tecido permite um ajuste personalizado que n\u00e3o s\u00f3 oferece suporte frontal, mas tamb\u00e9m real\u00e7a as caracter\u00edsticas naturais do usu\u00e1rio, o que pode aumentar a confian\u00e7a e a atratividade pessoal.<\/p>\n<p> O aspecto frontal deste suporte atl\u00e9tico foi especialmente projetado para reunir e destacar a \u00e1rea de uma forma muito lisonjeira. Isto n\u00e3o s\u00f3 proporciona suporte anat\u00f4mico, mas tamb\u00e9m acrescenta um toque est\u00e9tico atraente que pode aumentar a autoestima e a sensa\u00e7\u00e3o de bem-estar.<\/p>\n<\/p>\n<p> Resumindo, este jockstrap preto semitransparente com tecido el\u00e1stico \u00e9 uma pe\u00e7a \u00edntima que combina o pr\u00e1tico com o provocante. O seu design, juntamente com o tecido el\u00e1stico e a aten\u00e7\u00e3o aos detalhes na zona frontal, fazem desta pe\u00e7a uma escolha excitante tanto para o conforto do dia a dia como para ocasi\u00f5es especiais. Esteja voc\u00ea usando para impressionar algu\u00e9m ou para se sentir confiante e sexy consigo mesmo, este suporte atl\u00e9tico oferece o equil\u00edbrio perfeito entre estilo e fun\u00e7\u00e3o no mundo da roupa \u00edntima.<\/p>\n","protected":false},"excerpt":{"rendered":"<p>MACHO &#8211; MX25NN JOCK PRETO S<\/p>\n","protected":false},"featured_media":76239,"template":"","meta":{"_acf_changed":false},"product_brand":[],"product_cat":[47,67],"product_tag":[],"class_list":{"0":"post-45352","1":"product","2":"type-product","3":"status-publish","4":"has-post-thumbnail","6":"product_cat-lingerie","7":"product_cat-lingerie-masculina","8":"yith_product_brand-macho-underwear","10":"first","11":"instock","12":"taxable","13":"shipping-taxable","14":"purchasable","15":"product-type-variable","16":"has-default-attributes"},"acf":[],"yoast_head":"<!-- This site is optimized with the Yoast SEO plugin v27.4 - https:\/\/yoast.com\/product\/yoast-seo-wordpress\/ -->\n<title>MACHO - MX25NN JOCK NEGRO S - Lovme<\/title>\n<meta name=\"robots\" content=\"index, follow, max-snippet:-1, max-image-preview:large, max-video-preview:-1\" \/>\n<link rel=\"canonical\" href=\"https:\/\/lovme.pt\/index.php\/produto\/macho-mx25nn-jock-preto-s\/\" \/>\n<meta property=\"og:locale\" content=\"pt_PT\" \/>\n<meta property=\"og:type\" content=\"article\" \/>\n<meta property=\"og:title\" content=\"MACHO - MX25NN JOCK NEGRO S - Lovme\" \/>\n<meta property=\"og:description\" content=\"MACHO - MX25NN JOCK PRETO S\" \/>\n<meta property=\"og:url\" content=\"https:\/\/lovme.pt\/index.php\/produto\/macho-mx25nn-jock-preto-s\/\" \/>\n<meta property=\"og:site_name\" content=\"Lovme\" \/>\n<meta property=\"article:modified_time\" content=\"2026-02-19T20:23:20+00:00\" \/>\n<meta property=\"og:image\" content=\"https:\/\/erki24nd3ub.exactdn.com\/wp-content\/uploads\/dream\/img\/img_157082_e74dc5b073e9ef2f03172a1e41db8c0c_1.jpg?strip=all\" \/>\n\t<meta property=\"og:image:width\" content=\"800\" \/>\n\t<meta property=\"og:image:height\" content=\"800\" \/>\n\t<meta property=\"og:image:type\" content=\"image\/jpeg\" \/>\n<meta name=\"twitter:card\" content=\"summary_large_image\" \/>\n<meta name=\"twitter:label1\" content=\"Tempo estimado de leitura\" \/>\n\t<meta name=\"twitter:data1\" content=\"2 minutos\" \/>\n<script type=\"application\/ld+json\" class=\"yoast-schema-graph\">{\"@context\":\"https:\\\/\\\/schema.org\",\"@graph\":[{\"@type\":\"WebPage\",\"@id\":\"https:\\\/\\\/lovme.pt\\\/index.php\\\/produto\\\/macho-mx25nn-jock-preto-s\\\/\",\"url\":\"https:\\\/\\\/lovme.pt\\\/index.php\\\/produto\\\/macho-mx25nn-jock-preto-s\\\/\",\"name\":\"MACHO - MX25NN JOCK NEGRO S - Lovme\",\"isPartOf\":{\"@id\":\"https:\\\/\\\/lovme.pt\\\/#website\"},\"primaryImageOfPage\":{\"@id\":\"https:\\\/\\\/lovme.pt\\\/index.php\\\/produto\\\/macho-mx25nn-jock-preto-s\\\/#primaryimage\"},\"image\":{\"@id\":\"https:\\\/\\\/lovme.pt\\\/index.php\\\/produto\\\/macho-mx25nn-jock-preto-s\\\/#primaryimage\"},\"thumbnailUrl\":\"https:\\\/\\\/erki24nd3ub.exactdn.com\\\/wp-content\\\/uploads\\\/dream\\\/img\\\/img_157082_e74dc5b073e9ef2f03172a1e41db8c0c_1.jpg?strip=all\",\"datePublished\":\"2025-09-30T22:16:30+00:00\",\"dateModified\":\"2026-02-19T20:23:20+00:00\",\"breadcrumb\":{\"@id\":\"https:\\\/\\\/lovme.pt\\\/index.php\\\/produto\\\/macho-mx25nn-jock-preto-s\\\/#breadcrumb\"},\"inLanguage\":\"pt-PT\",\"potentialAction\":[{\"@type\":\"ReadAction\",\"target\":[\"https:\\\/\\\/lovme.pt\\\/index.php\\\/produto\\\/macho-mx25nn-jock-preto-s\\\/\"]}]},{\"@type\":\"ImageObject\",\"inLanguage\":\"pt-PT\",\"@id\":\"https:\\\/\\\/lovme.pt\\\/index.php\\\/produto\\\/macho-mx25nn-jock-preto-s\\\/#primaryimage\",\"url\":\"https:\\\/\\\/erki24nd3ub.exactdn.com\\\/wp-content\\\/uploads\\\/dream\\\/img\\\/img_157082_e74dc5b073e9ef2f03172a1e41db8c0c_1.jpg?strip=all\",\"contentUrl\":\"https:\\\/\\\/erki24nd3ub.exactdn.com\\\/wp-content\\\/uploads\\\/dream\\\/img\\\/img_157082_e74dc5b073e9ef2f03172a1e41db8c0c_1.jpg?strip=all\",\"width\":800,\"height\":800},{\"@type\":\"BreadcrumbList\",\"@id\":\"https:\\\/\\\/lovme.pt\\\/index.php\\\/produto\\\/macho-mx25nn-jock-preto-s\\\/#breadcrumb\",\"itemListElement\":[{\"@type\":\"ListItem\",\"position\":1,\"name\":\"In\u00edcio\",\"item\":\"https:\\\/\\\/lovme.pt\\\/\"},{\"@type\":\"ListItem\",\"position\":2,\"name\":\"Loja\",\"item\":\"https:\\\/\\\/lovme.pt\\\/index.php\\\/loja\\\/\"},{\"@type\":\"ListItem\",\"position\":3,\"name\":\"MACHO &#8211; MX25NN JOCK NEGRO S\"}]},{\"@type\":\"WebSite\",\"@id\":\"https:\\\/\\\/lovme.pt\\\/#website\",\"url\":\"https:\\\/\\\/lovme.pt\\\/\",\"name\":\"Lovme Loja Er\u00f3tica N\u00ba1 em Portugal\",\"description\":\"A melhor loja er\u00f3tica de Portugal.\",\"alternateName\":\"Loja Er\u00f3tica Lovme\",\"potentialAction\":[{\"@type\":\"SearchAction\",\"target\":{\"@type\":\"EntryPoint\",\"urlTemplate\":\"https:\\\/\\\/lovme.pt\\\/?s={search_term_string}\"},\"query-input\":{\"@type\":\"PropertyValueSpecification\",\"valueRequired\":true,\"valueName\":\"search_term_string\"}}],\"inLanguage\":\"pt-PT\"}]}<\/script>\n<!-- \/ Yoast SEO plugin. -->","yoast_head_json":{"title":"MACHO - MX25NN JOCK NEGRO S - Lovme","robots":{"index":"index","follow":"follow","max-snippet":"max-snippet:-1","max-image-preview":"max-image-preview:large","max-video-preview":"max-video-preview:-1"},"canonical":"https:\/\/lovme.pt\/index.php\/produto\/macho-mx25nn-jock-preto-s\/","og_locale":"pt_PT","og_type":"article","og_title":"MACHO - MX25NN JOCK NEGRO S - Lovme","og_description":"MACHO - MX25NN JOCK PRETO S","og_url":"https:\/\/lovme.pt\/index.php\/produto\/macho-mx25nn-jock-preto-s\/","og_site_name":"Lovme","article_modified_time":"2026-02-19T20:23:20+00:00","og_image":[{"width":800,"height":800,"url":"https:\/\/erki24nd3ub.exactdn.com\/wp-content\/uploads\/dream\/img\/img_157082_e74dc5b073e9ef2f03172a1e41db8c0c_1.jpg?strip=all","type":"image\/jpeg"}],"twitter_card":"summary_large_image","twitter_misc":{"Tempo estimado de leitura":"2 minutos"},"schema":{"@context":"https:\/\/schema.org","@graph":[{"@type":"WebPage","@id":"https:\/\/lovme.pt\/index.php\/produto\/macho-mx25nn-jock-preto-s\/","url":"https:\/\/lovme.pt\/index.php\/produto\/macho-mx25nn-jock-preto-s\/","name":"MACHO - MX25NN JOCK NEGRO S - Lovme","isPartOf":{"@id":"https:\/\/lovme.pt\/#website"},"primaryImageOfPage":{"@id":"https:\/\/lovme.pt\/index.php\/produto\/macho-mx25nn-jock-preto-s\/#primaryimage"},"image":{"@id":"https:\/\/lovme.pt\/index.php\/produto\/macho-mx25nn-jock-preto-s\/#primaryimage"},"thumbnailUrl":"https:\/\/erki24nd3ub.exactdn.com\/wp-content\/uploads\/dream\/img\/img_157082_e74dc5b073e9ef2f03172a1e41db8c0c_1.jpg?strip=all","datePublished":"2025-09-30T22:16:30+00:00","dateModified":"2026-02-19T20:23:20+00:00","breadcrumb":{"@id":"https:\/\/lovme.pt\/index.php\/produto\/macho-mx25nn-jock-preto-s\/#breadcrumb"},"inLanguage":"pt-PT","potentialAction":[{"@type":"ReadAction","target":["https:\/\/lovme.pt\/index.php\/produto\/macho-mx25nn-jock-preto-s\/"]}]},{"@type":"ImageObject","inLanguage":"pt-PT","@id":"https:\/\/lovme.pt\/index.php\/produto\/macho-mx25nn-jock-preto-s\/#primaryimage","url":"https:\/\/erki24nd3ub.exactdn.com\/wp-content\/uploads\/dream\/img\/img_157082_e74dc5b073e9ef2f03172a1e41db8c0c_1.jpg?strip=all","contentUrl":"https:\/\/erki24nd3ub.exactdn.com\/wp-content\/uploads\/dream\/img\/img_157082_e74dc5b073e9ef2f03172a1e41db8c0c_1.jpg?strip=all","width":800,"height":800},{"@type":"BreadcrumbList","@id":"https:\/\/lovme.pt\/index.php\/produto\/macho-mx25nn-jock-preto-s\/#breadcrumb","itemListElement":[{"@type":"ListItem","position":1,"name":"In\u00edcio","item":"https:\/\/lovme.pt\/"},{"@type":"ListItem","position":2,"name":"Loja","item":"https:\/\/lovme.pt\/index.php\/loja\/"},{"@type":"ListItem","position":3,"name":"MACHO &#8211; MX25NN JOCK NEGRO S"}]},{"@type":"WebSite","@id":"https:\/\/lovme.pt\/#website","url":"https:\/\/lovme.pt\/","name":"Lovme Loja Er\u00f3tica N\u00ba1 em Portugal","description":"A melhor loja er\u00f3tica de Portugal.","alternateName":"Loja Er\u00f3tica Lovme","potentialAction":[{"@type":"SearchAction","target":{"@type":"EntryPoint","urlTemplate":"https:\/\/lovme.pt\/?s={search_term_string}"},"query-input":{"@type":"PropertyValueSpecification","valueRequired":true,"valueName":"search_term_string"}}],"inLanguage":"pt-PT"}]}},"_links":{"self":[{"href":"https:\/\/lovme.pt\/index.php\/wp-json\/wp\/v2\/product\/45352","targetHints":{"allow":["GET"]}}],"collection":[{"href":"https:\/\/lovme.pt\/index.php\/wp-json\/wp\/v2\/product"}],"about":[{"href":"https:\/\/lovme.pt\/index.php\/wp-json\/wp\/v2\/types\/product"}],"wp:featuredmedia":[{"embeddable":true,"href":"https:\/\/lovme.pt\/index.php\/wp-json\/wp\/v2\/media\/76239"}],"wp:attachment":[{"href":"https:\/\/lovme.pt\/index.php\/wp-json\/wp\/v2\/media?parent=45352"}],"wp:term":[{"taxonomy":"product_brand","embeddable":true,"href":"https:\/\/lovme.pt\/index.php\/wp-json\/wp\/v2\/product_brand?post=45352"},{"taxonomy":"product_cat","embeddable":true,"href":"https:\/\/lovme.pt\/index.php\/wp-json\/wp\/v2\/product_cat?post=45352"},{"taxonomy":"product_tag","embeddable":true,"href":"https:\/\/lovme.pt\/index.php\/wp-json\/wp\/v2\/product_tag?post=45352"}],"curies":[{"name":"wp","href":"https:\/\/api.w.org\/{rel}","templated":true}]}}