{"id":45346,"date":"2025-10-01T02:51:09","date_gmt":"2025-10-01T02:51:09","guid":{"rendered":"https:\/\/lovme.pt\/?post_type=product&p=45346"},"modified":"2026-02-19T20:21:50","modified_gmt":"2026-02-19T20:21:50","slug":"moq-50-black-hole-anal-repair-relaxante-a-base-de-agua-com-hialuron-100-ml","status":"publish","type":"product","link":"https:\/\/lovme.pt\/index.php\/produto\/moq-50-black-hole-anal-repair-relaxante-a-base-de-agua-com-hialuron-100-ml\/","title":{"rendered":"MOQ 50 &#8211; BLACK HOLE ANAL REPAIR RELAXANTE \u00c0 BASE DE \u00c1GUA COM HIALURON 100 ML"},"content":{"rendered":"<p>CAIXA 50 UNIDADES!<\/p>\n<p>\u00a0<\/p>\n<p><strong>Black Hole<\/strong> , sem d\u00favida a melhor op\u00e7\u00e3o dilatadora e relaxante, est\u00e1 aqui. Especialmente desenvolvido para a pr\u00e1tica do sexo anal, sendo o lubrificante dilatador por excel\u00eancia. \u00c9 um lubrificante anal de alt\u00edssima qualidade, recomendado tanto para quem deseja come\u00e7ar a praticar sexo anal quanto para usu\u00e1rios experientes. Muitos casais t\u00eam curiosidade, mas muitos n\u00e3o se atrevem a experiment\u00e1-lo&#8230; A ideia de que pode causar dor muitas vezes faz com que seja deixado de lado por medo da pr\u00e1tica, sendo uma das mais prazerosas.<\/p>\n<p><u>Caracter\u00edsticas:<\/u><\/p>\n<ul>\n<li>Alto poder relaxante e dilatador<\/li>\n<li>Lubrificante \u00e0 base de \u00e1gua<\/li>\n<li>Especial para dilata\u00e7\u00f5es fortes (ex.: Fisting)<\/li>\n<li>Compat\u00edvel com preservativos<\/li>\n<li>Incolor, inodoro e ins\u00edpido<\/li>\n<li>N\u00e3o gorduroso<\/li>\n<li>Formato: 100 ml<\/li>\n<\/ul>\n<p>Black Hole Anal Repair com Hialuron <strong><u>REPARA, PROTEGE E TEXTURIZA<\/u> .<\/strong> Este produto foi desenvolvido especialmente para o prazer anal. Devido ao seu leve efeito anest\u00e9sico, o esf\u00edncter relaxa eficazmente, garantindo uma penetra\u00e7\u00e3o indolor sem perda de sensibilidade. Basta massagear suavemente o \u00e2nus, deixar agir por um breve per\u00edodo e come\u00e7ar sua relaxante aventura anal.<\/p>\n<p><em>* <u>\u00c1cido hialur\u00f4nico<\/u><\/em><u> <\/u>\u00e9 um ingrediente amplamente utilizado em produtos para cuidados com a pele e sa\u00fade em geral, devido \u00e0s suas propriedades ben\u00e9ficas.<\/p>\n<ol>\n<li><u><em><strong>Hidrata\u00e7\u00e3o profunda:<\/strong><\/em><\/u> O \u00e1cido hialur\u00f4nico \u00e9 conhecido por sua capacidade de reter grandes quantidades de \u00e1gua na pele, o que ajuda a mant\u00ea-la hidratada e com apar\u00eancia fresca e saud\u00e1vel.<\/li>\n<li><strong><em><u>Antirrugas:<\/u><\/em><\/strong> Ao aumentar a hidrata\u00e7\u00e3o da pele, o \u00e1cido hialur\u00f4nico pode ajudar a reduzir o aparecimento de rugas e linhas finas, tornando-se um ingrediente popular em produtos antienvelhecimento.<\/li>\n<li><u><em><strong>Textura leve:<\/strong><\/em><\/u> produtos que cont\u00eam \u00e1cido hialur\u00f4nico geralmente t\u00eam uma textura leve e n\u00e3o oleosa, o que os torna adequados para diferentes tipos de pele, incluindo pele sens\u00edvel e oleosa.<\/li>\n<li><u><em><strong>Aplica\u00e7\u00e3o vers\u00e1til:<\/strong><\/em><\/u> o \u00e1cido hialur\u00f4nico \u00e9 encontrado em uma variedade de produtos, como s\u00e9runs, cremes, g\u00e9is e m\u00e1scaras faciais, permitindo que os usu\u00e1rios escolham a f\u00f3rmula que melhor atende \u00e0s suas necessidades.<\/li>\n<li><u><em><strong>Compatibilidade com outros ingredientes:<\/strong><\/em><\/u> O \u00e1cido hialur\u00f4nico \u00e9 compat\u00edvel com outros ingredientes comuns em produtos para cuidados com a pele, como vitamina C, niacinamida e antioxidantes, tornando-o vers\u00e1til e adequado para uso em rotinas personalizadas de cuidados com a pele.<\/li>\n<li><u><em><strong>Elasticidade melhorada:<\/strong><\/em><\/u> al\u00e9m de hidratar, o \u00e1cido hialur\u00f4nico pode melhorar a elasticidade da pele, ajudando-a a parecer mais firme e tonificada.<\/li>\n<li><u><em><strong>Irrita\u00e7\u00e3o reduzida:<\/strong><\/em><\/u> \u00e9 suave para a pele e pode ajudar a reduzir a irrita\u00e7\u00e3o e a vermelhid\u00e3o, o que o torna adequado para pessoas com pele sens\u00edvel.<\/li>\n<li><u><em><strong>Efeitos a longo prazo:<\/strong><\/em><\/u> O uso regular de produtos com \u00e1cido hialur\u00f4nico pode proporcionar benef\u00edcios a longo prazo \u00e0 sa\u00fade e \u00e0 apar\u00eancia da pele, ajudando a mant\u00ea-la macia, hidratada e rejuvenescida.<\/li>\n<li><u><em><strong>Seguran\u00e7a:<\/strong><\/em><\/u> O \u00e1cido hialur\u00f4nico \u00e9 um ingrediente seguro para a maioria das pessoas e geralmente n\u00e3o causa efeitos colaterais graves quando aplicado corretamente.<\/li>\n<\/ol>\n<p>A composi\u00e7\u00e3o especial do lubrificante, isenta de gordura, \u00e9 sol\u00favel em \u00e1gua e, portanto, pode ser facilmente lavada com \u00e1gua, sem corantes e sem deixar vest\u00edgios, mesmo em momentos de paix\u00e3o. Com uma consist\u00eancia macia e sedosa que proporciona uma sensa\u00e7\u00e3o agrad\u00e1vel \u00e0 pele e com cobertura ideal, o Realax Black Hole Anal \u00e9 ideal para uma rela\u00e7\u00e3o sexual satisfat\u00f3ria e sem preocupa\u00e7\u00f5es. Qualidade fabricada na Europa!<\/p>\n<p><strong>RELAXAMENTO ANAL DE BURACO NEGRO<\/strong><\/p>\n<p>Fabricamos com base na experi\u00eancia e na import\u00e2ncia de experimentar coisas novas e expandir seus horizontes sexuais. O eterno tabu do sexo anal agora \u00e9 socialmente aceit\u00e1vel e praticado normalmente por milh\u00f5es de pessoas. Este lubrificante levemente anest\u00e9sico foi desenvolvido para facilitar o in\u00edcio da rela\u00e7\u00e3o sexual anal.<\/p>\n<p><iframe loading=\"lazy\" allow=\"autoplay; fullscreen; picture-in-picture\" allowfullscreen=\"\" frameborder=\"0\" height=\"400\" scrolling=\"no\" src=\"https:\/\/player.vimeo.com\/video\/966523531?autoplay=1\" width=\"600\"><\/iframe><\/p>\n","protected":false},"excerpt":{"rendered":"<p>EMBALAGEM DISPON\u00cdVEL EM: \/es\/en\/fr\/de\/pt\/it\/ro\/el\/ru\/hu\/<\/p>\n","protected":false},"featured_media":99436,"template":"","meta":{"_acf_changed":false},"product_brand":[],"product_cat":[49,53],"product_tag":[],"class_list":{"0":"post-45346","1":"product","2":"type-product","3":"status-publish","4":"has-post-thumbnail","6":"product_cat-cosmeticos","7":"product_cat-lubrificantes-intimos","8":"yith_product_brand-black-hole","10":"first","11":"instock","12":"taxable","13":"shipping-taxable","14":"purchasable","15":"product-type-simple"},"acf":[],"yoast_head":"<!-- This site is optimized with the Yoast SEO plugin v27.4 - https:\/\/yoast.com\/product\/yoast-seo-wordpress\/ -->\n<title>MOQ 50 - BLACK HOLE ANAL REPAIR RELAXANTE \u00c0 BASE DE \u00c1GUA COM HIALURON 100 ML - Lovme<\/title>\n<meta name=\"robots\" content=\"index, follow, max-snippet:-1, max-image-preview:large, max-video-preview:-1\" \/>\n<link rel=\"canonical\" href=\"https:\/\/lovme.pt\/index.php\/produto\/moq-50-black-hole-anal-repair-relaxante-a-base-de-agua-com-hialuron-100-ml\/\" \/>\n<meta property=\"og:locale\" content=\"pt_PT\" \/>\n<meta property=\"og:type\" content=\"article\" \/>\n<meta property=\"og:title\" content=\"MOQ 50 - BLACK HOLE ANAL REPAIR RELAXANTE \u00c0 BASE DE \u00c1GUA COM HIALURON 100 ML - Lovme\" \/>\n<meta property=\"og:description\" content=\"EMBALAGEM DISPON\u00cdVEL EM: \/es\/en\/fr\/de\/pt\/it\/ro\/el\/ru\/hu\/\" \/>\n<meta property=\"og:url\" content=\"https:\/\/lovme.pt\/index.php\/produto\/moq-50-black-hole-anal-repair-relaxante-a-base-de-agua-com-hialuron-100-ml\/\" \/>\n<meta property=\"og:site_name\" content=\"Lovme\" \/>\n<meta property=\"article:modified_time\" content=\"2026-02-19T20:21:50+00:00\" \/>\n<meta property=\"og:image\" content=\"https:\/\/erki24nd3ub.exactdn.com\/wp-content\/uploads\/dream\/img\/img_157066_3fa4bd85742e0fdb69f13245be9ff736_1.png?strip=all\" \/>\n\t<meta property=\"og:image:width\" content=\"800\" \/>\n\t<meta property=\"og:image:height\" content=\"800\" \/>\n\t<meta property=\"og:image:type\" content=\"image\/png\" \/>\n<meta name=\"twitter:card\" content=\"summary_large_image\" \/>\n<meta name=\"twitter:label1\" content=\"Tempo estimado de leitura\" \/>\n\t<meta name=\"twitter:data1\" content=\"3 minutos\" \/>\n<script type=\"application\/ld+json\" class=\"yoast-schema-graph\">{\"@context\":\"https:\\\/\\\/schema.org\",\"@graph\":[{\"@type\":\"WebPage\",\"@id\":\"https:\\\/\\\/lovme.pt\\\/index.php\\\/produto\\\/moq-50-black-hole-anal-repair-relaxante-a-base-de-agua-com-hialuron-100-ml\\\/\",\"url\":\"https:\\\/\\\/lovme.pt\\\/index.php\\\/produto\\\/moq-50-black-hole-anal-repair-relaxante-a-base-de-agua-com-hialuron-100-ml\\\/\",\"name\":\"MOQ 50 - BLACK HOLE ANAL REPAIR RELAXANTE \u00c0 BASE DE \u00c1GUA COM HIALURON 100 ML - Lovme\",\"isPartOf\":{\"@id\":\"https:\\\/\\\/lovme.pt\\\/#website\"},\"primaryImageOfPage\":{\"@id\":\"https:\\\/\\\/lovme.pt\\\/index.php\\\/produto\\\/moq-50-black-hole-anal-repair-relaxante-a-base-de-agua-com-hialuron-100-ml\\\/#primaryimage\"},\"image\":{\"@id\":\"https:\\\/\\\/lovme.pt\\\/index.php\\\/produto\\\/moq-50-black-hole-anal-repair-relaxante-a-base-de-agua-com-hialuron-100-ml\\\/#primaryimage\"},\"thumbnailUrl\":\"https:\\\/\\\/erki24nd3ub.exactdn.com\\\/wp-content\\\/uploads\\\/dream\\\/img\\\/img_157066_3fa4bd85742e0fdb69f13245be9ff736_1.png?strip=all\",\"datePublished\":\"2025-10-01T02:51:09+00:00\",\"dateModified\":\"2026-02-19T20:21:50+00:00\",\"breadcrumb\":{\"@id\":\"https:\\\/\\\/lovme.pt\\\/index.php\\\/produto\\\/moq-50-black-hole-anal-repair-relaxante-a-base-de-agua-com-hialuron-100-ml\\\/#breadcrumb\"},\"inLanguage\":\"pt-PT\",\"potentialAction\":[{\"@type\":\"ReadAction\",\"target\":[\"https:\\\/\\\/lovme.pt\\\/index.php\\\/produto\\\/moq-50-black-hole-anal-repair-relaxante-a-base-de-agua-com-hialuron-100-ml\\\/\"]}]},{\"@type\":\"ImageObject\",\"inLanguage\":\"pt-PT\",\"@id\":\"https:\\\/\\\/lovme.pt\\\/index.php\\\/produto\\\/moq-50-black-hole-anal-repair-relaxante-a-base-de-agua-com-hialuron-100-ml\\\/#primaryimage\",\"url\":\"https:\\\/\\\/erki24nd3ub.exactdn.com\\\/wp-content\\\/uploads\\\/dream\\\/img\\\/img_157066_3fa4bd85742e0fdb69f13245be9ff736_1.png?strip=all\",\"contentUrl\":\"https:\\\/\\\/erki24nd3ub.exactdn.com\\\/wp-content\\\/uploads\\\/dream\\\/img\\\/img_157066_3fa4bd85742e0fdb69f13245be9ff736_1.png?strip=all\",\"width\":800,\"height\":800},{\"@type\":\"BreadcrumbList\",\"@id\":\"https:\\\/\\\/lovme.pt\\\/index.php\\\/produto\\\/moq-50-black-hole-anal-repair-relaxante-a-base-de-agua-com-hialuron-100-ml\\\/#breadcrumb\",\"itemListElement\":[{\"@type\":\"ListItem\",\"position\":1,\"name\":\"In\u00edcio\",\"item\":\"https:\\\/\\\/lovme.pt\\\/\"},{\"@type\":\"ListItem\",\"position\":2,\"name\":\"Loja\",\"item\":\"https:\\\/\\\/lovme.pt\\\/index.php\\\/loja\\\/\"},{\"@type\":\"ListItem\",\"position\":3,\"name\":\"MOQ 50 &#8211; BLACK HOLE ANAL REPAIR RELAXANTE \u00c0 BASE DE \u00c1GUA COM HIALURON 100 ML\"}]},{\"@type\":\"WebSite\",\"@id\":\"https:\\\/\\\/lovme.pt\\\/#website\",\"url\":\"https:\\\/\\\/lovme.pt\\\/\",\"name\":\"Lovme Loja Er\u00f3tica N\u00ba1 em Portugal\",\"description\":\"A melhor loja er\u00f3tica de Portugal.\",\"alternateName\":\"Loja Er\u00f3tica Lovme\",\"potentialAction\":[{\"@type\":\"SearchAction\",\"target\":{\"@type\":\"EntryPoint\",\"urlTemplate\":\"https:\\\/\\\/lovme.pt\\\/?s={search_term_string}\"},\"query-input\":{\"@type\":\"PropertyValueSpecification\",\"valueRequired\":true,\"valueName\":\"search_term_string\"}}],\"inLanguage\":\"pt-PT\"}]}<\/script>\n<!-- \/ Yoast SEO plugin. -->","yoast_head_json":{"title":"MOQ 50 - BLACK HOLE ANAL REPAIR RELAXANTE \u00c0 BASE DE \u00c1GUA COM HIALURON 100 ML - Lovme","robots":{"index":"index","follow":"follow","max-snippet":"max-snippet:-1","max-image-preview":"max-image-preview:large","max-video-preview":"max-video-preview:-1"},"canonical":"https:\/\/lovme.pt\/index.php\/produto\/moq-50-black-hole-anal-repair-relaxante-a-base-de-agua-com-hialuron-100-ml\/","og_locale":"pt_PT","og_type":"article","og_title":"MOQ 50 - BLACK HOLE ANAL REPAIR RELAXANTE \u00c0 BASE DE \u00c1GUA COM HIALURON 100 ML - Lovme","og_description":"EMBALAGEM DISPON\u00cdVEL EM: \/es\/en\/fr\/de\/pt\/it\/ro\/el\/ru\/hu\/","og_url":"https:\/\/lovme.pt\/index.php\/produto\/moq-50-black-hole-anal-repair-relaxante-a-base-de-agua-com-hialuron-100-ml\/","og_site_name":"Lovme","article_modified_time":"2026-02-19T20:21:50+00:00","og_image":[{"width":800,"height":800,"url":"https:\/\/erki24nd3ub.exactdn.com\/wp-content\/uploads\/dream\/img\/img_157066_3fa4bd85742e0fdb69f13245be9ff736_1.png?strip=all","type":"image\/png"}],"twitter_card":"summary_large_image","twitter_misc":{"Tempo estimado de leitura":"3 minutos"},"schema":{"@context":"https:\/\/schema.org","@graph":[{"@type":"WebPage","@id":"https:\/\/lovme.pt\/index.php\/produto\/moq-50-black-hole-anal-repair-relaxante-a-base-de-agua-com-hialuron-100-ml\/","url":"https:\/\/lovme.pt\/index.php\/produto\/moq-50-black-hole-anal-repair-relaxante-a-base-de-agua-com-hialuron-100-ml\/","name":"MOQ 50 - BLACK HOLE ANAL REPAIR RELAXANTE \u00c0 BASE DE \u00c1GUA COM HIALURON 100 ML - Lovme","isPartOf":{"@id":"https:\/\/lovme.pt\/#website"},"primaryImageOfPage":{"@id":"https:\/\/lovme.pt\/index.php\/produto\/moq-50-black-hole-anal-repair-relaxante-a-base-de-agua-com-hialuron-100-ml\/#primaryimage"},"image":{"@id":"https:\/\/lovme.pt\/index.php\/produto\/moq-50-black-hole-anal-repair-relaxante-a-base-de-agua-com-hialuron-100-ml\/#primaryimage"},"thumbnailUrl":"https:\/\/erki24nd3ub.exactdn.com\/wp-content\/uploads\/dream\/img\/img_157066_3fa4bd85742e0fdb69f13245be9ff736_1.png?strip=all","datePublished":"2025-10-01T02:51:09+00:00","dateModified":"2026-02-19T20:21:50+00:00","breadcrumb":{"@id":"https:\/\/lovme.pt\/index.php\/produto\/moq-50-black-hole-anal-repair-relaxante-a-base-de-agua-com-hialuron-100-ml\/#breadcrumb"},"inLanguage":"pt-PT","potentialAction":[{"@type":"ReadAction","target":["https:\/\/lovme.pt\/index.php\/produto\/moq-50-black-hole-anal-repair-relaxante-a-base-de-agua-com-hialuron-100-ml\/"]}]},{"@type":"ImageObject","inLanguage":"pt-PT","@id":"https:\/\/lovme.pt\/index.php\/produto\/moq-50-black-hole-anal-repair-relaxante-a-base-de-agua-com-hialuron-100-ml\/#primaryimage","url":"https:\/\/erki24nd3ub.exactdn.com\/wp-content\/uploads\/dream\/img\/img_157066_3fa4bd85742e0fdb69f13245be9ff736_1.png?strip=all","contentUrl":"https:\/\/erki24nd3ub.exactdn.com\/wp-content\/uploads\/dream\/img\/img_157066_3fa4bd85742e0fdb69f13245be9ff736_1.png?strip=all","width":800,"height":800},{"@type":"BreadcrumbList","@id":"https:\/\/lovme.pt\/index.php\/produto\/moq-50-black-hole-anal-repair-relaxante-a-base-de-agua-com-hialuron-100-ml\/#breadcrumb","itemListElement":[{"@type":"ListItem","position":1,"name":"In\u00edcio","item":"https:\/\/lovme.pt\/"},{"@type":"ListItem","position":2,"name":"Loja","item":"https:\/\/lovme.pt\/index.php\/loja\/"},{"@type":"ListItem","position":3,"name":"MOQ 50 &#8211; BLACK HOLE ANAL REPAIR RELAXANTE \u00c0 BASE DE \u00c1GUA COM HIALURON 100 ML"}]},{"@type":"WebSite","@id":"https:\/\/lovme.pt\/#website","url":"https:\/\/lovme.pt\/","name":"Lovme Loja Er\u00f3tica N\u00ba1 em Portugal","description":"A melhor loja er\u00f3tica de Portugal.","alternateName":"Loja Er\u00f3tica Lovme","potentialAction":[{"@type":"SearchAction","target":{"@type":"EntryPoint","urlTemplate":"https:\/\/lovme.pt\/?s={search_term_string}"},"query-input":{"@type":"PropertyValueSpecification","valueRequired":true,"valueName":"search_term_string"}}],"inLanguage":"pt-PT"}]}},"_links":{"self":[{"href":"https:\/\/lovme.pt\/index.php\/wp-json\/wp\/v2\/product\/45346","targetHints":{"allow":["GET"]}}],"collection":[{"href":"https:\/\/lovme.pt\/index.php\/wp-json\/wp\/v2\/product"}],"about":[{"href":"https:\/\/lovme.pt\/index.php\/wp-json\/wp\/v2\/types\/product"}],"wp:featuredmedia":[{"embeddable":true,"href":"https:\/\/lovme.pt\/index.php\/wp-json\/wp\/v2\/media\/99436"}],"wp:attachment":[{"href":"https:\/\/lovme.pt\/index.php\/wp-json\/wp\/v2\/media?parent=45346"}],"wp:term":[{"taxonomy":"product_brand","embeddable":true,"href":"https:\/\/lovme.pt\/index.php\/wp-json\/wp\/v2\/product_brand?post=45346"},{"taxonomy":"product_cat","embeddable":true,"href":"https:\/\/lovme.pt\/index.php\/wp-json\/wp\/v2\/product_cat?post=45346"},{"taxonomy":"product_tag","embeddable":true,"href":"https:\/\/lovme.pt\/index.php\/wp-json\/wp\/v2\/product_tag?post=45346"}],"curies":[{"name":"wp","href":"https:\/\/api.w.org\/{rel}","templated":true}]}}